{"id":105836,"date":"2026-04-04T13:54:45","date_gmt":"2026-04-04T11:54:45","guid":{"rendered":"https:\/\/dodo-inflatables.com\/dodo-relaunch?product=zestaw-startowy-maly-huawei-2-hp"},"modified":"2026-04-04T13:54:45","modified_gmt":"2026-04-04T11:54:45","slug":"zestaw-startowy-maly-huawei-2-hp","status":"publish","type":"product","link":"https:\/\/dodo-inflatables.com\/pl\/produkt\/zestaw-startowy-maly-huawei-2-hp\/","title":{"rendered":"Zestaw startowy ma\u0142y &#8211; Huawei 2 HP"},"content":{"rendered":"<h2>Zestaw startowy ma\u0142y &#8211; Huawei \u2013 Wszystko, czego potrzebujesz do idealnego startu z dmuchanym zamkiem!<\/h2>\n<p>&nbsp;<br \/>\nKupi\u0142e\u015b dmuchany zamek i chcesz od razu zacz\u0105\u0107? Wtedy nasz Zestaw startowy ma\u0142y &#8211; Huawei jest dok\u0142adnie tym, czego potrzebujesz! Zawiera wszystkie niezb\u0119dne akcesoria potrzebne do bezpiecznej i sprawnej obs\u0142ugi dmuchanego zamku \u2013 a jako dodatkowy bonus deflator jest do\u0142\u0105czony bezp\u0142atnie!<br \/>\n<em><strong>Ten zestaw zawiera:<\/strong><\/em><br \/>\n\u2705 <strong>Dmuchawa Huawei (2 HP) &#8211; <\/strong><br \/>\nSilna i niezawodna dmuchawa jest sercem ka\u017cdego dmuchanego zamku. Dmuchawa Huawei 2 HP zapewnia szybkie i r\u00f3wnomierne nadmuchiwanie, dzi\u0119ki czemu dmuchany zamek jest gotowy do u\u017cycia w mgnieniu oka. Dzia\u0142a wydajnie, jest zbudowana na d\u0142ugo i doskonale odpowiada wymaganiom nadmuchiwanych zamk\u00f3w.<br \/>\n\u2705 <strong>\u015aledzie do bezpiecznego zakotwiczenia &#8211; <\/strong><br \/>\nAby utrzyma\u0107 dmuchany zamek stabilny i bezpiecznie na miejscu, w zestawie znajduj\u0105 si\u0119 wysokiej jako\u015bci \u015bledzie. Pomagaj\u0105 zapewni\u0107, \u017ce nadmuchiwana konstrukcja pozostaje mocno ustawiona, nawet podczas intensywnego u\u017cytkowania i energicznego skakania, a tak\u017ce zapewniaj\u0105 dodatkowe bezpiecze\u0144stwo przy lekkich warunkach wietrznych. \u0141atwe w u\u017cyciu, maksymalne bezpiecze\u0144stwo!<br \/>\n\u2705 <strong>Podk\u0142adowa plandeka (5 x 6 m) \u2013 Ochrona dla dmuchanego zamku &#8211; <\/strong><br \/>\nDobra podk\u0142adowa plandeka jest niezb\u0119dna do ochrony dmuchanego zamku przed brudem, ma\u0142ymi kamieniami i nier\u00f3wnymi powierzchniami. Do\u0142\u0105czona podk\u0142adowa plandeka 5 x 6 m zapewnia trwa\u0142\u0105 warstw\u0119 ochronn\u0105 i pomaga przed\u0142u\u017cy\u0107 \u017cywotno\u015b\u0107 nadmuchiwanej konstrukcji.<br \/>\n\ud83d\udca8 <strong>Do\u0142\u0105czone bezp\u0142atnie: Deflator \u2013 do szybszego pakowania! &#8211; <\/strong><br \/>\nGdy zabawa dobiegnie ko\u0144ca, dmuchany zamek musi zosta\u0107 spuszczony i spakowany \u2013 i w\u0142a\u015bnie tutaj wkracza deflator! To praktyczne akcesorium pomaga usun\u0105\u0107 powietrze znacznie szybciej, dzi\u0119ki czemu pakowanie jest szybkie i \u0142atwe.<br \/>\n<strong>Dlaczego wybra\u0107 ten zestaw startowy?<\/strong><br \/>\n\u2714 <em>Doskonale dobrane akcesoria<\/em> \u2013 Wszystko, czego potrzebujesz do rozpocz\u0119cia w jednym praktycznym zestawie.<br \/>\n\u2714 <em>Szybka instalacja i bezpieczna obs\u0142uga<\/em> \u2013 Dzi\u0119ki wydajnej dmuchawie i solidnym \u015bledziom.<br \/>\n\u2714 <em>D\u0142u\u017csza \u017cywotno\u015b\u0107 dmuchanego zamku<\/em> \u2013 Z ochronn\u0105 podk\u0142adow\u0105 plandek\u0105.<br \/>\n\u2714 <em>\u0141atwiejsze pakowanie<\/em> \u2013 Bezp\u0142atny deflator oszcz\u0119dza czas i wysi\u0142ek!<br \/>\nZ Zestawem startowym ma\u0142ym &#8211; Huawei jeste\u015b w pe\u0142ni wyposa\u017cony i gotowy do natychmiastowego startu.<\/p>\n","protected":false},"excerpt":{"rendered":"<p>\u2714 <em>Doskonale dobrane akcesoria<\/em> \u2013 Wszystko, czego potrzebujesz do rozpocz\u0119cia w jednym praktycznym zestawie.<br \/>\n\u2714 <em>Szybka instalacja i bezpieczna obs\u0142uga<\/em> \u2013 Dzi\u0119ki wydajnej dmuchawie i solidnym \u015bledziom.<br \/>\n\u2714 <em>D\u0142u\u017csza \u017cywotno\u015b\u0107 dmuchanego zamku<\/em> \u2013 Z ochronn\u0105 podk\u0142adow\u0105 plandek\u0105.<br \/>\n\u2714 <em>\u0141atwiejsze pakowanie<\/em> \u2013 Bezp\u0142atny deflator oszcz\u0119dza czas i wysi\u0142ek!<\/p>\n","protected":false},"featured_media":105652,"comment_status":"open","ping_status":"closed","template":"","meta":{"_acf_changed":false,"_uag_custom_page_level_css":"","site-sidebar-layout":"default","site-content-layout":"boxed-container","ast-site-content-layout":"normal-width-container","site-content-style":"boxed","site-sidebar-style":"default","ast-global-header-display":"","ast-banner-title-visibility":"","ast-main-header-display":"","ast-hfb-above-header-display":"","ast-hfb-below-header-display":"","ast-hfb-mobile-header-display":"","site-post-title":"disabled","ast-breadcrumbs-content":"","ast-featured-img":"","footer-sml-layout":"","ast-disable-related-posts":"","theme-transparent-header-meta":"default","adv-header-id-meta":"","stick-header-meta":"default","header-above-stick-meta":"","header-main-stick-meta":"","header-below-stick-meta":"","astra-migrate-meta-layouts":"default","ast-page-background-enabled":"default","ast-page-background-meta":{"desktop":{"background-color":"var(--ast-global-color-4)","background-image":"","background-repeat":"repeat","background-position":"center center","background-size":"auto","background-attachment":"scroll","background-type":"","background-media":"","overlay-type":"","overlay-color":"","overlay-opacity":"","overlay-gradient":""},"tablet":{"background-color":"","background-image":"","background-repeat":"repeat","background-position":"center center","background-size":"auto","background-attachment":"scroll","background-type":"","background-media":"","overlay-type":"","overlay-color":"","overlay-opacity":"","overlay-gradient":""},"mobile":{"background-color":"","background-image":"","background-repeat":"repeat","background-position":"center center","background-size":"auto","background-attachment":"scroll","background-type":"","background-media":"","overlay-type":"","overlay-color":"","overlay-opacity":"","overlay-gradient":""}},"ast-content-background-meta":{"desktop":{"background-color":"var(--ast-global-color-5)","background-image":"","background-repeat":"repeat","background-position":"center center","background-size":"auto","background-attachment":"scroll","background-type":"","background-media":"","overlay-type":"","overlay-color":"","overlay-opacity":"","overlay-gradient":""},"tablet":{"background-color":"var(--ast-global-color-5)","background-image":"","background-repeat":"repeat","background-position":"center center","background-size":"auto","background-attachment":"scroll","background-type":"","background-media":"","overlay-type":"","overlay-color":"","overlay-opacity":"","overlay-gradient":""},"mobile":{"background-color":"var(--ast-global-color-5)","background-image":"","background-repeat":"repeat","background-position":"center center","background-size":"auto","background-attachment":"scroll","background-type":"","background-media":"","overlay-type":"","overlay-color":"","overlay-opacity":"","overlay-gradient":""}}},"product_brand":[],"product_cat":[827],"product_tag":[],"class_list":{"0":"post-105836","1":"product","2":"type-product","3":"status-publish","4":"has-post-thumbnail","6":"product_cat-akcesoria","7":"product_shipping_class-zubehor-pl","8":"desktop-align-center","9":"tablet-align-center","10":"mobile-align-center","11":"ast-product-gallery-layout-horizontal","12":"ast-product-gallery-with-no-image","13":"ast-product-tabs-layout-horizontal","15":"first","16":"instock","17":"sale","18":"taxable","19":"shipping-taxable","20":"purchasable","21":"product-type-simple"},"acf":[],"yoast_head":"<!-- This site is optimized with the Yoast SEO plugin v27.5 - https:\/\/yoast.com\/product\/yoast-seo-wordpress\/ -->\n<title>Zestaw startowy ma\u0142y - Huawei 2 HP do dmuchanych zamk\u00f3w | Dodo Inflatables<\/title>\n<meta name=\"description\" content=\"Zestaw startowy ma\u0142y - Huawei 2 HP \u2013 dmuchawa, \u015bledzie, podk\u0142adowa plandeka 5 x 6 m i bezp\u0142atny deflator. Wszystko, czego potrzebujesz do idealnego startu z dmuchanym zamkiem.\" \/>\n<meta name=\"robots\" content=\"index, follow, max-snippet:-1, max-image-preview:large, max-video-preview:-1\" \/>\n<link rel=\"canonical\" href=\"https:\/\/dodo-inflatables.com\/pl\/produkt\/zestaw-startowy-maly-huawei-2-hp\/\" \/>\n<meta name=\"twitter:label1\" content=\"Szacowany czas czytania\" \/>\n\t<meta name=\"twitter:data1\" content=\"2 minuty\" \/>\n<script type=\"application\/ld+json\" class=\"yoast-schema-graph\">{\"@context\":\"https:\\\/\\\/schema.org\",\"@graph\":[{\"@type\":\"WebPage\",\"@id\":\"https:\\\/\\\/dodo-inflatables.com\\\/pl\\\/produkt\\\/zestaw-startowy-maly-huawei-2-hp\\\/\",\"url\":\"https:\\\/\\\/dodo-inflatables.com\\\/pl\\\/produkt\\\/zestaw-startowy-maly-huawei-2-hp\\\/\",\"name\":\"Zestaw startowy ma\u0142y - Huawei 2 HP do dmuchanych zamk\u00f3w | Dodo Inflatables\",\"isPartOf\":{\"@id\":\"https:\\\/\\\/dodo-inflatables.com\\\/pl\\\/#website\"},\"primaryImageOfPage\":{\"@id\":\"https:\\\/\\\/dodo-inflatables.com\\\/pl\\\/produkt\\\/zestaw-startowy-maly-huawei-2-hp\\\/#primaryimage\"},\"image\":{\"@id\":\"https:\\\/\\\/dodo-inflatables.com\\\/pl\\\/produkt\\\/zestaw-startowy-maly-huawei-2-hp\\\/#primaryimage\"},\"thumbnailUrl\":\"https:\\\/\\\/dodo-inflatables.com\\\/wp-content\\\/uploads\\\/2026\\\/04\\\/starterset_transparent.png\",\"datePublished\":\"2026-04-04T11:54:45+00:00\",\"description\":\"Zestaw startowy ma\u0142y - Huawei 2 HP \u2013 dmuchawa, \u015bledzie, podk\u0142adowa plandeka 5 x 6 m i bezp\u0142atny deflator. Wszystko, czego potrzebujesz do idealnego startu z dmuchanym zamkiem.\",\"breadcrumb\":{\"@id\":\"https:\\\/\\\/dodo-inflatables.com\\\/pl\\\/produkt\\\/zestaw-startowy-maly-huawei-2-hp\\\/#breadcrumb\"},\"inLanguage\":\"pl-PL\",\"potentialAction\":[{\"@type\":\"ReadAction\",\"target\":[\"https:\\\/\\\/dodo-inflatables.com\\\/pl\\\/produkt\\\/zestaw-startowy-maly-huawei-2-hp\\\/\"]}]},{\"@type\":\"ImageObject\",\"inLanguage\":\"pl-PL\",\"@id\":\"https:\\\/\\\/dodo-inflatables.com\\\/pl\\\/produkt\\\/zestaw-startowy-maly-huawei-2-hp\\\/#primaryimage\",\"url\":\"https:\\\/\\\/dodo-inflatables.com\\\/wp-content\\\/uploads\\\/2026\\\/04\\\/starterset_transparent.png\",\"contentUrl\":\"https:\\\/\\\/dodo-inflatables.com\\\/wp-content\\\/uploads\\\/2026\\\/04\\\/starterset_transparent.png\",\"width\":1000,\"height\":1000,\"caption\":\"Zestaw startowy ma\u0142y - Huawei 2 HP do dmuchanych zamk\u00f3w | Dodo Inflatables\"},{\"@type\":\"BreadcrumbList\",\"@id\":\"https:\\\/\\\/dodo-inflatables.com\\\/pl\\\/produkt\\\/zestaw-startowy-maly-huawei-2-hp\\\/#breadcrumb\",\"itemListElement\":[{\"@type\":\"ListItem\",\"position\":1,\"name\":\"Strona g\u0142\u00f3wna\",\"item\":\"https:\\\/\\\/dodo-inflatables.com\\\/pl\\\/\"},{\"@type\":\"ListItem\",\"position\":2,\"name\":\"Sklep\",\"item\":\"https:\\\/\\\/dodo-inflatables.com\\\/pl\\\/sklep\\\/\"},{\"@type\":\"ListItem\",\"position\":3,\"name\":\"Zestaw startowy ma\u0142y &#8211; Huawei 2 HP\"}]},{\"@type\":\"WebSite\",\"@id\":\"https:\\\/\\\/dodo-inflatables.com\\\/pl\\\/#website\",\"url\":\"https:\\\/\\\/dodo-inflatables.com\\\/pl\\\/\",\"name\":\"dodo-inflatables.com\",\"description\":\"Kup dmuchane zamki i atrakcje w naszym sklepie.\",\"potentialAction\":[{\"@type\":\"SearchAction\",\"target\":{\"@type\":\"EntryPoint\",\"urlTemplate\":\"https:\\\/\\\/dodo-inflatables.com\\\/pl\\\/?s={search_term_string}\"},\"query-input\":{\"@type\":\"PropertyValueSpecification\",\"valueRequired\":true,\"valueName\":\"search_term_string\"}}],\"inLanguage\":\"pl-PL\"}]}<\/script>\n<!-- \/ Yoast SEO plugin. -->","yoast_head_json":{"title":"Zestaw startowy ma\u0142y - Huawei 2 HP do dmuchanych zamk\u00f3w | Dodo Inflatables","description":"Zestaw startowy ma\u0142y - Huawei 2 HP \u2013 dmuchawa, \u015bledzie, podk\u0142adowa plandeka 5 x 6 m i bezp\u0142atny deflator. Wszystko, czego potrzebujesz do idealnego startu z dmuchanym zamkiem.","robots":{"index":"index","follow":"follow","max-snippet":"max-snippet:-1","max-image-preview":"max-image-preview:large","max-video-preview":"max-video-preview:-1"},"canonical":"https:\/\/dodo-inflatables.com\/pl\/produkt\/zestaw-startowy-maly-huawei-2-hp\/","twitter_misc":{"Szacowany czas czytania":"2 minuty"},"schema":{"@context":"https:\/\/schema.org","@graph":[{"@type":"WebPage","@id":"https:\/\/dodo-inflatables.com\/pl\/produkt\/zestaw-startowy-maly-huawei-2-hp\/","url":"https:\/\/dodo-inflatables.com\/pl\/produkt\/zestaw-startowy-maly-huawei-2-hp\/","name":"Zestaw startowy ma\u0142y - Huawei 2 HP do dmuchanych zamk\u00f3w | Dodo Inflatables","isPartOf":{"@id":"https:\/\/dodo-inflatables.com\/pl\/#website"},"primaryImageOfPage":{"@id":"https:\/\/dodo-inflatables.com\/pl\/produkt\/zestaw-startowy-maly-huawei-2-hp\/#primaryimage"},"image":{"@id":"https:\/\/dodo-inflatables.com\/pl\/produkt\/zestaw-startowy-maly-huawei-2-hp\/#primaryimage"},"thumbnailUrl":"https:\/\/dodo-inflatables.com\/wp-content\/uploads\/2026\/04\/starterset_transparent.png","datePublished":"2026-04-04T11:54:45+00:00","description":"Zestaw startowy ma\u0142y - Huawei 2 HP \u2013 dmuchawa, \u015bledzie, podk\u0142adowa plandeka 5 x 6 m i bezp\u0142atny deflator. Wszystko, czego potrzebujesz do idealnego startu z dmuchanym zamkiem.","breadcrumb":{"@id":"https:\/\/dodo-inflatables.com\/pl\/produkt\/zestaw-startowy-maly-huawei-2-hp\/#breadcrumb"},"inLanguage":"pl-PL","potentialAction":[{"@type":"ReadAction","target":["https:\/\/dodo-inflatables.com\/pl\/produkt\/zestaw-startowy-maly-huawei-2-hp\/"]}]},{"@type":"ImageObject","inLanguage":"pl-PL","@id":"https:\/\/dodo-inflatables.com\/pl\/produkt\/zestaw-startowy-maly-huawei-2-hp\/#primaryimage","url":"https:\/\/dodo-inflatables.com\/wp-content\/uploads\/2026\/04\/starterset_transparent.png","contentUrl":"https:\/\/dodo-inflatables.com\/wp-content\/uploads\/2026\/04\/starterset_transparent.png","width":1000,"height":1000,"caption":"Zestaw startowy ma\u0142y - Huawei 2 HP do dmuchanych zamk\u00f3w | Dodo Inflatables"},{"@type":"BreadcrumbList","@id":"https:\/\/dodo-inflatables.com\/pl\/produkt\/zestaw-startowy-maly-huawei-2-hp\/#breadcrumb","itemListElement":[{"@type":"ListItem","position":1,"name":"Strona g\u0142\u00f3wna","item":"https:\/\/dodo-inflatables.com\/pl\/"},{"@type":"ListItem","position":2,"name":"Sklep","item":"https:\/\/dodo-inflatables.com\/pl\/sklep\/"},{"@type":"ListItem","position":3,"name":"Zestaw startowy ma\u0142y &#8211; Huawei 2 HP"}]},{"@type":"WebSite","@id":"https:\/\/dodo-inflatables.com\/pl\/#website","url":"https:\/\/dodo-inflatables.com\/pl\/","name":"dodo-inflatables.com","description":"Kup dmuchane zamki i atrakcje w naszym sklepie.","potentialAction":[{"@type":"SearchAction","target":{"@type":"EntryPoint","urlTemplate":"https:\/\/dodo-inflatables.com\/pl\/?s={search_term_string}"},"query-input":{"@type":"PropertyValueSpecification","valueRequired":true,"valueName":"search_term_string"}}],"inLanguage":"pl-PL"}]}},"uagb_featured_image_src":{"full":["https:\/\/dodo-inflatables.com\/wp-content\/uploads\/2026\/04\/starterset_transparent.png",1000,1000,false],"thumbnail":["https:\/\/dodo-inflatables.com\/wp-content\/uploads\/2026\/04\/starterset_transparent-150x150.png",150,150,true],"medium":["https:\/\/dodo-inflatables.com\/wp-content\/uploads\/2026\/04\/starterset_transparent-300x300.png",300,300,true],"medium_large":["https:\/\/dodo-inflatables.com\/wp-content\/uploads\/2026\/04\/starterset_transparent-768x768.png",768,768,true],"large":["https:\/\/dodo-inflatables.com\/wp-content\/uploads\/2026\/04\/starterset_transparent.png",1000,1000,false],"1536x1536":["https:\/\/dodo-inflatables.com\/wp-content\/uploads\/2026\/04\/starterset_transparent.png",1000,1000,false],"2048x2048":["https:\/\/dodo-inflatables.com\/wp-content\/uploads\/2026\/04\/starterset_transparent.png",1000,1000,false],"woocommerce_thumbnail":["https:\/\/dodo-inflatables.com\/wp-content\/uploads\/2026\/04\/starterset_transparent-900x900.png",900,900,true],"woocommerce_single":["https:\/\/dodo-inflatables.com\/wp-content\/uploads\/2026\/04\/starterset_transparent-900x900.png",900,900,true],"woocommerce_gallery_thumbnail":["https:\/\/dodo-inflatables.com\/wp-content\/uploads\/2026\/04\/starterset_transparent-100x100.png",100,100,true]},"uagb_author_info":{"display_name":"Andreas","author_link":"https:\/\/dodo-inflatables.com\/pl\/author\/"},"uagb_comment_info":0,"uagb_excerpt":"\u2714 Doskonale dobrane akcesoria \u2013 Wszystko, czego potrzebujesz do rozpocz\u0119cia w jednym praktycznym zestawie. \u2714 Szybka instalacja i bezpieczna obs\u0142uga \u2013 Dzi\u0119ki wydajnej dmuchawie i solidnym \u015bledziom. \u2714 D\u0142u\u017csza \u017cywotno\u015b\u0107 dmuchanego zamku \u2013 Z ochronn\u0105 podk\u0142adow\u0105 plandek\u0105. \u2714 \u0141atwiejsze pakowanie \u2013 Bezp\u0142atny deflator oszcz\u0119dza czas i wysi\u0142ek!","_links":{"self":[{"href":"https:\/\/dodo-inflatables.com\/pl\/wp-json\/wp\/v2\/product\/105836","targetHints":{"allow":["GET"]}}],"collection":[{"href":"https:\/\/dodo-inflatables.com\/pl\/wp-json\/wp\/v2\/product"}],"about":[{"href":"https:\/\/dodo-inflatables.com\/pl\/wp-json\/wp\/v2\/types\/product"}],"replies":[{"embeddable":true,"href":"https:\/\/dodo-inflatables.com\/pl\/wp-json\/wp\/v2\/comments?post=105836"}],"wp:featuredmedia":[{"embeddable":true,"href":"https:\/\/dodo-inflatables.com\/pl\/wp-json\/wp\/v2\/media\/105652"}],"wp:attachment":[{"href":"https:\/\/dodo-inflatables.com\/pl\/wp-json\/wp\/v2\/media?parent=105836"}],"wp:term":[{"taxonomy":"product_brand","embeddable":true,"href":"https:\/\/dodo-inflatables.com\/pl\/wp-json\/wp\/v2\/product_brand?post=105836"},{"taxonomy":"product_cat","embeddable":true,"href":"https:\/\/dodo-inflatables.com\/pl\/wp-json\/wp\/v2\/product_cat?post=105836"},{"taxonomy":"product_tag","embeddable":true,"href":"https:\/\/dodo-inflatables.com\/pl\/wp-json\/wp\/v2\/product_tag?post=105836"}],"curies":[{"name":"wp","href":"https:\/\/api.w.org\/{rel}","templated":true}]}}