{"id":105925,"date":"2026-04-04T13:54:45","date_gmt":"2026-04-04T11:54:45","guid":{"rendered":"https:\/\/dodo-inflatables.com\/dodo-relaunch?product=tlumik-oslona-dmuchawy-do-dmuchaw-dmuchanych-zamkow"},"modified":"2026-04-04T13:54:45","modified_gmt":"2026-04-04T11:54:45","slug":"tlumik-oslona-dmuchawy-do-dmuchaw-dmuchanych-zamkow","status":"publish","type":"product","link":"https:\/\/dodo-inflatables.com\/pl\/produkt\/tlumik-oslona-dmuchawy-do-dmuchaw-dmuchanych-zamkow\/","title":{"rendered":"T\u0142umik \/ os\u0142ona dmuchawy do dmuchaw dmuchanych zamk\u00f3w"},"content":{"rendered":"<h1>Kup t\u0142umik \/ os\u0142on\u0119 dmuchawy do dmuchaw dmuchanych zamk\u00f3w<\/h1>\n<p>Os\u0142ona dmuchawy Huawei to praktyczne rozwi\u0105zanie do redukcji ha\u0142asu i bezpiecznego os\u0142aniania dmuchaw dmuchanych zamk\u00f3w. Zosta\u0142a specjalnie opracowana do profesjonalnego u\u017cytku i spe\u0142nia wymagania DIN EN 14960-1:2019.<br \/>\nOpr\u00f3cz redukcji ha\u0142asu operacyjnego, os\u0142ona dmuchawy przede wszystkim zapewnia wyra\u017ane oddzielenie strefy zabaw od strefy technicznej, zwi\u0119kszaj\u0105c tym samym bezpiecze\u0144stwo w instalacjach w \u015brodowiskach publicznych i komercyjnych.<br \/>\n<strong>Wi\u0119ksze bezpiecze\u0144stwo podczas pracy:<\/strong><br \/>\nOs\u0142ona dmuchawy fizycznie ogranicza bezpo\u015bredni dost\u0119p do dmuchawy. Ruchome cz\u0119\u015bci s\u0105 chronione i niedost\u0119pne dla dzieci, co jest wa\u017cnym czynnikiem podczas kontroli bezpiecze\u0144stwa i sprawdzania zgodno\u015bci.<br \/>\n<strong>Redukcja ha\u0142asu:<\/strong><br \/>\nDzi\u0119ki wy\u015bcie\u0142anej, zamkni\u0119tej konstrukcji ha\u0142as operacyjny dmuchawy jest zauwa\u017calnie zmniejszony. Idealna do u\u017cytku w dzielnicach mieszkalnych, centrach miast lub innych \u015brodowiskach wra\u017cliwych na ha\u0142as.<br \/>\n<strong>Zgodno\u015b\u0107 z EN 14960:<\/strong><br \/>\nOs\u0142ona dmuchawy spe\u0142nia kluczowe wymagania europejskiej normy EN 14960-1:2019, w tym: utrzymanie dmuchaw niedost\u0119pnych dla dzieci, ochron\u0119 ruchomych cz\u0119\u015bci i zapewnienie wyra\u017anego oddzielenia strefy zabaw od strefy technicznej.<br \/>\n<strong>Solidna i odporna na warunki atmosferyczne:<\/strong><br \/>\nOs\u0142ona jest ognioodporna i wodoodporna i jest przeznaczona do intensywnego profesjonalnego u\u017cytku. Zapewnia r\u00f3wnie\u017c dodatkow\u0105 ochron\u0119 dmuchawy przed wp\u0142ywami zewn\u0119trznymi.<br \/>\n<strong>\u0141atwa instalacja:<\/strong><br \/>\nOs\u0142on\u0119 dmuchawy mo\u017cna szybko za\u0142o\u017cy\u0107 i zdj\u0105\u0107. U\u0142atwia to konserwacj\u0119, kontrole wizualne i inspekcje.<\/p>\n<h3>Szczeg\u00f3\u0142y t\u0142umika \/ os\u0142ony dmuchawy<\/h3>\n<ul>\n<li class=\"p1\">Wymiary (D \u00d7 Sz \u00d7 W): ok. 50 \u00d7 63 \u00d7 54 cm<\/li>\n<li class=\"p1\">Waga: ok. 2,4 kg<\/li>\n<li class=\"p1\">Wymiary w opakowaniu: ok. 50 \u00d7 100 \u00d7 15 cm<\/li>\n<\/ul>\n","protected":false},"excerpt":{"rendered":"<ul>\n<li class=\"p1\">Wymiary (D \u00d7 Sz \u00d7 W): ok. 50 \u00d7 63 \u00d7 54 cm<\/li>\n<li class=\"p1\">Waga: ok. 2,4 kg<\/li>\n<li class=\"p1\">Wymiary w opakowaniu: ok. 50 \u00d7 100 \u00d7 15 cm<\/li>\n<\/ul>\n","protected":false},"featured_media":105920,"comment_status":"open","ping_status":"closed","template":"","meta":{"_acf_changed":false,"_uag_custom_page_level_css":"","site-sidebar-layout":"default","site-content-layout":"boxed-container","ast-site-content-layout":"normal-width-container","site-content-style":"boxed","site-sidebar-style":"default","ast-global-header-display":"","ast-banner-title-visibility":"","ast-main-header-display":"","ast-hfb-above-header-display":"","ast-hfb-below-header-display":"","ast-hfb-mobile-header-display":"","site-post-title":"disabled","ast-breadcrumbs-content":"","ast-featured-img":"","footer-sml-layout":"","ast-disable-related-posts":"","theme-transparent-header-meta":"default","adv-header-id-meta":"","stick-header-meta":"default","header-above-stick-meta":"","header-main-stick-meta":"","header-below-stick-meta":"","astra-migrate-meta-layouts":"default","ast-page-background-enabled":"default","ast-page-background-meta":{"desktop":{"background-color":"var(--ast-global-color-4)","background-image":"","background-repeat":"repeat","background-position":"center center","background-size":"auto","background-attachment":"scroll","background-type":"","background-media":"","overlay-type":"","overlay-color":"","overlay-opacity":"","overlay-gradient":""},"tablet":{"background-color":"","background-image":"","background-repeat":"repeat","background-position":"center center","background-size":"auto","background-attachment":"scroll","background-type":"","background-media":"","overlay-type":"","overlay-color":"","overlay-opacity":"","overlay-gradient":""},"mobile":{"background-color":"","background-image":"","background-repeat":"repeat","background-position":"center center","background-size":"auto","background-attachment":"scroll","background-type":"","background-media":"","overlay-type":"","overlay-color":"","overlay-opacity":"","overlay-gradient":""}},"ast-content-background-meta":{"desktop":{"background-color":"var(--ast-global-color-5)","background-image":"","background-repeat":"repeat","background-position":"center center","background-size":"auto","background-attachment":"scroll","background-type":"","background-media":"","overlay-type":"","overlay-color":"","overlay-opacity":"","overlay-gradient":""},"tablet":{"background-color":"var(--ast-global-color-5)","background-image":"","background-repeat":"repeat","background-position":"center center","background-size":"auto","background-attachment":"scroll","background-type":"","background-media":"","overlay-type":"","overlay-color":"","overlay-opacity":"","overlay-gradient":""},"mobile":{"background-color":"var(--ast-global-color-5)","background-image":"","background-repeat":"repeat","background-position":"center center","background-size":"auto","background-attachment":"scroll","background-type":"","background-media":"","overlay-type":"","overlay-color":"","overlay-opacity":"","overlay-gradient":""}}},"product_brand":[],"product_cat":[827],"product_tag":[],"class_list":{"0":"post-105925","1":"product","2":"type-product","3":"status-publish","4":"has-post-thumbnail","6":"product_cat-akcesoria","7":"product_shipping_class-zubehor-pl","8":"desktop-align-center","9":"tablet-align-center","10":"mobile-align-center","11":"ast-product-gallery-layout-horizontal","12":"ast-product-tabs-layout-horizontal","14":"first","15":"instock","16":"taxable","17":"shipping-taxable","18":"purchasable","19":"product-type-simple"},"acf":[],"yoast_head":"<!-- This site is optimized with the Yoast SEO plugin v27.5 - https:\/\/yoast.com\/product\/yoast-seo-wordpress\/ -->\n<title>T\u0142umik \/ os\u0142ona dmuchawy do dmuchaw dmuchanych zamk\u00f3w | Dodo Inflatables<\/title>\n<meta name=\"description\" content=\"T\u0142umik \/ os\u0142ona dmuchawy do dmuchaw dmuchanych zamk\u00f3w \u2013 zgodna z EN 14960-1:2019, ognioodporna i wodoodporna, redukuje ha\u0142as. Wymiary ok. 50 \u00d7 63 \u00d7 54 cm, waga ok. 2,4 kg.\" \/>\n<meta name=\"robots\" content=\"index, follow, max-snippet:-1, max-image-preview:large, max-video-preview:-1\" \/>\n<link rel=\"canonical\" href=\"https:\/\/dodo-inflatables.com\/pl\/produkt\/tlumik-oslona-dmuchawy-do-dmuchaw-dmuchanych-zamkow\/\" \/>\n<meta name=\"twitter:label1\" content=\"Szacowany czas czytania\" \/>\n\t<meta name=\"twitter:data1\" content=\"1 minuta\" \/>\n<script type=\"application\/ld+json\" class=\"yoast-schema-graph\">{\"@context\":\"https:\\\/\\\/schema.org\",\"@graph\":[{\"@type\":\"WebPage\",\"@id\":\"https:\\\/\\\/dodo-inflatables.com\\\/pl\\\/produkt\\\/tlumik-oslona-dmuchawy-do-dmuchaw-dmuchanych-zamkow\\\/\",\"url\":\"https:\\\/\\\/dodo-inflatables.com\\\/pl\\\/produkt\\\/tlumik-oslona-dmuchawy-do-dmuchaw-dmuchanych-zamkow\\\/\",\"name\":\"T\u0142umik \\\/ os\u0142ona dmuchawy do dmuchaw dmuchanych zamk\u00f3w | Dodo Inflatables\",\"isPartOf\":{\"@id\":\"https:\\\/\\\/dodo-inflatables.com\\\/pl\\\/#website\"},\"primaryImageOfPage\":{\"@id\":\"https:\\\/\\\/dodo-inflatables.com\\\/pl\\\/produkt\\\/tlumik-oslona-dmuchawy-do-dmuchaw-dmuchanych-zamkow\\\/#primaryimage\"},\"image\":{\"@id\":\"https:\\\/\\\/dodo-inflatables.com\\\/pl\\\/produkt\\\/tlumik-oslona-dmuchawy-do-dmuchaw-dmuchanych-zamkow\\\/#primaryimage\"},\"thumbnailUrl\":\"https:\\\/\\\/dodo-inflatables.com\\\/wp-content\\\/uploads\\\/2026\\\/04\\\/Huawei-Schalldaemper-Blower-Cover-Huepfburgen-Geblaese-1.jpg\",\"datePublished\":\"2026-04-04T11:54:45+00:00\",\"description\":\"T\u0142umik \\\/ os\u0142ona dmuchawy do dmuchaw dmuchanych zamk\u00f3w \u2013 zgodna z EN 14960-1:2019, ognioodporna i wodoodporna, redukuje ha\u0142as. Wymiary ok. 50 \u00d7 63 \u00d7 54 cm, waga ok. 2,4 kg.\",\"breadcrumb\":{\"@id\":\"https:\\\/\\\/dodo-inflatables.com\\\/pl\\\/produkt\\\/tlumik-oslona-dmuchawy-do-dmuchaw-dmuchanych-zamkow\\\/#breadcrumb\"},\"inLanguage\":\"pl-PL\",\"potentialAction\":[{\"@type\":\"ReadAction\",\"target\":[\"https:\\\/\\\/dodo-inflatables.com\\\/pl\\\/produkt\\\/tlumik-oslona-dmuchawy-do-dmuchaw-dmuchanych-zamkow\\\/\"]}]},{\"@type\":\"ImageObject\",\"inLanguage\":\"pl-PL\",\"@id\":\"https:\\\/\\\/dodo-inflatables.com\\\/pl\\\/produkt\\\/tlumik-oslona-dmuchawy-do-dmuchaw-dmuchanych-zamkow\\\/#primaryimage\",\"url\":\"https:\\\/\\\/dodo-inflatables.com\\\/wp-content\\\/uploads\\\/2026\\\/04\\\/Huawei-Schalldaemper-Blower-Cover-Huepfburgen-Geblaese-1.jpg\",\"contentUrl\":\"https:\\\/\\\/dodo-inflatables.com\\\/wp-content\\\/uploads\\\/2026\\\/04\\\/Huawei-Schalldaemper-Blower-Cover-Huepfburgen-Geblaese-1.jpg\",\"width\":700,\"height\":700,\"caption\":\"T\u0142umik \\\/ os\u0142ona dmuchawy do dmuchaw dmuchanych zamk\u00f3w | Dodo Inflatables\"},{\"@type\":\"BreadcrumbList\",\"@id\":\"https:\\\/\\\/dodo-inflatables.com\\\/pl\\\/produkt\\\/tlumik-oslona-dmuchawy-do-dmuchaw-dmuchanych-zamkow\\\/#breadcrumb\",\"itemListElement\":[{\"@type\":\"ListItem\",\"position\":1,\"name\":\"Strona g\u0142\u00f3wna\",\"item\":\"https:\\\/\\\/dodo-inflatables.com\\\/pl\\\/\"},{\"@type\":\"ListItem\",\"position\":2,\"name\":\"Sklep\",\"item\":\"https:\\\/\\\/dodo-inflatables.com\\\/pl\\\/sklep\\\/\"},{\"@type\":\"ListItem\",\"position\":3,\"name\":\"T\u0142umik \\\/ os\u0142ona dmuchawy do dmuchaw dmuchanych zamk\u00f3w\"}]},{\"@type\":\"WebSite\",\"@id\":\"https:\\\/\\\/dodo-inflatables.com\\\/pl\\\/#website\",\"url\":\"https:\\\/\\\/dodo-inflatables.com\\\/pl\\\/\",\"name\":\"dodo-inflatables.com\",\"description\":\"Kup dmuchane zamki i atrakcje w naszym sklepie.\",\"potentialAction\":[{\"@type\":\"SearchAction\",\"target\":{\"@type\":\"EntryPoint\",\"urlTemplate\":\"https:\\\/\\\/dodo-inflatables.com\\\/pl\\\/?s={search_term_string}\"},\"query-input\":{\"@type\":\"PropertyValueSpecification\",\"valueRequired\":true,\"valueName\":\"search_term_string\"}}],\"inLanguage\":\"pl-PL\"}]}<\/script>\n<!-- \/ Yoast SEO plugin. -->","yoast_head_json":{"title":"T\u0142umik \/ os\u0142ona dmuchawy do dmuchaw dmuchanych zamk\u00f3w | Dodo Inflatables","description":"T\u0142umik \/ os\u0142ona dmuchawy do dmuchaw dmuchanych zamk\u00f3w \u2013 zgodna z EN 14960-1:2019, ognioodporna i wodoodporna, redukuje ha\u0142as. Wymiary ok. 50 \u00d7 63 \u00d7 54 cm, waga ok. 2,4 kg.","robots":{"index":"index","follow":"follow","max-snippet":"max-snippet:-1","max-image-preview":"max-image-preview:large","max-video-preview":"max-video-preview:-1"},"canonical":"https:\/\/dodo-inflatables.com\/pl\/produkt\/tlumik-oslona-dmuchawy-do-dmuchaw-dmuchanych-zamkow\/","twitter_misc":{"Szacowany czas czytania":"1 minuta"},"schema":{"@context":"https:\/\/schema.org","@graph":[{"@type":"WebPage","@id":"https:\/\/dodo-inflatables.com\/pl\/produkt\/tlumik-oslona-dmuchawy-do-dmuchaw-dmuchanych-zamkow\/","url":"https:\/\/dodo-inflatables.com\/pl\/produkt\/tlumik-oslona-dmuchawy-do-dmuchaw-dmuchanych-zamkow\/","name":"T\u0142umik \/ os\u0142ona dmuchawy do dmuchaw dmuchanych zamk\u00f3w | Dodo Inflatables","isPartOf":{"@id":"https:\/\/dodo-inflatables.com\/pl\/#website"},"primaryImageOfPage":{"@id":"https:\/\/dodo-inflatables.com\/pl\/produkt\/tlumik-oslona-dmuchawy-do-dmuchaw-dmuchanych-zamkow\/#primaryimage"},"image":{"@id":"https:\/\/dodo-inflatables.com\/pl\/produkt\/tlumik-oslona-dmuchawy-do-dmuchaw-dmuchanych-zamkow\/#primaryimage"},"thumbnailUrl":"https:\/\/dodo-inflatables.com\/wp-content\/uploads\/2026\/04\/Huawei-Schalldaemper-Blower-Cover-Huepfburgen-Geblaese-1.jpg","datePublished":"2026-04-04T11:54:45+00:00","description":"T\u0142umik \/ os\u0142ona dmuchawy do dmuchaw dmuchanych zamk\u00f3w \u2013 zgodna z EN 14960-1:2019, ognioodporna i wodoodporna, redukuje ha\u0142as. Wymiary ok. 50 \u00d7 63 \u00d7 54 cm, waga ok. 2,4 kg.","breadcrumb":{"@id":"https:\/\/dodo-inflatables.com\/pl\/produkt\/tlumik-oslona-dmuchawy-do-dmuchaw-dmuchanych-zamkow\/#breadcrumb"},"inLanguage":"pl-PL","potentialAction":[{"@type":"ReadAction","target":["https:\/\/dodo-inflatables.com\/pl\/produkt\/tlumik-oslona-dmuchawy-do-dmuchaw-dmuchanych-zamkow\/"]}]},{"@type":"ImageObject","inLanguage":"pl-PL","@id":"https:\/\/dodo-inflatables.com\/pl\/produkt\/tlumik-oslona-dmuchawy-do-dmuchaw-dmuchanych-zamkow\/#primaryimage","url":"https:\/\/dodo-inflatables.com\/wp-content\/uploads\/2026\/04\/Huawei-Schalldaemper-Blower-Cover-Huepfburgen-Geblaese-1.jpg","contentUrl":"https:\/\/dodo-inflatables.com\/wp-content\/uploads\/2026\/04\/Huawei-Schalldaemper-Blower-Cover-Huepfburgen-Geblaese-1.jpg","width":700,"height":700,"caption":"T\u0142umik \/ os\u0142ona dmuchawy do dmuchaw dmuchanych zamk\u00f3w | Dodo Inflatables"},{"@type":"BreadcrumbList","@id":"https:\/\/dodo-inflatables.com\/pl\/produkt\/tlumik-oslona-dmuchawy-do-dmuchaw-dmuchanych-zamkow\/#breadcrumb","itemListElement":[{"@type":"ListItem","position":1,"name":"Strona g\u0142\u00f3wna","item":"https:\/\/dodo-inflatables.com\/pl\/"},{"@type":"ListItem","position":2,"name":"Sklep","item":"https:\/\/dodo-inflatables.com\/pl\/sklep\/"},{"@type":"ListItem","position":3,"name":"T\u0142umik \/ os\u0142ona dmuchawy do dmuchaw dmuchanych zamk\u00f3w"}]},{"@type":"WebSite","@id":"https:\/\/dodo-inflatables.com\/pl\/#website","url":"https:\/\/dodo-inflatables.com\/pl\/","name":"dodo-inflatables.com","description":"Kup dmuchane zamki i atrakcje w naszym sklepie.","potentialAction":[{"@type":"SearchAction","target":{"@type":"EntryPoint","urlTemplate":"https:\/\/dodo-inflatables.com\/pl\/?s={search_term_string}"},"query-input":{"@type":"PropertyValueSpecification","valueRequired":true,"valueName":"search_term_string"}}],"inLanguage":"pl-PL"}]}},"uagb_featured_image_src":{"full":["https:\/\/dodo-inflatables.com\/wp-content\/uploads\/2026\/04\/Huawei-Schalldaemper-Blower-Cover-Huepfburgen-Geblaese-1.jpg",700,700,false],"thumbnail":["https:\/\/dodo-inflatables.com\/wp-content\/uploads\/2026\/04\/Huawei-Schalldaemper-Blower-Cover-Huepfburgen-Geblaese-1-150x150.jpg",150,150,true],"medium":["https:\/\/dodo-inflatables.com\/wp-content\/uploads\/2026\/04\/Huawei-Schalldaemper-Blower-Cover-Huepfburgen-Geblaese-1-300x300.jpg",300,300,true],"medium_large":["https:\/\/dodo-inflatables.com\/wp-content\/uploads\/2026\/04\/Huawei-Schalldaemper-Blower-Cover-Huepfburgen-Geblaese-1.jpg",700,700,false],"large":["https:\/\/dodo-inflatables.com\/wp-content\/uploads\/2026\/04\/Huawei-Schalldaemper-Blower-Cover-Huepfburgen-Geblaese-1.jpg",700,700,false],"1536x1536":["https:\/\/dodo-inflatables.com\/wp-content\/uploads\/2026\/04\/Huawei-Schalldaemper-Blower-Cover-Huepfburgen-Geblaese-1.jpg",700,700,false],"2048x2048":["https:\/\/dodo-inflatables.com\/wp-content\/uploads\/2026\/04\/Huawei-Schalldaemper-Blower-Cover-Huepfburgen-Geblaese-1.jpg",700,700,false],"woocommerce_thumbnail":["https:\/\/dodo-inflatables.com\/wp-content\/uploads\/2026\/04\/Huawei-Schalldaemper-Blower-Cover-Huepfburgen-Geblaese-1.jpg",700,700,false],"woocommerce_single":["https:\/\/dodo-inflatables.com\/wp-content\/uploads\/2026\/04\/Huawei-Schalldaemper-Blower-Cover-Huepfburgen-Geblaese-1.jpg",700,700,false],"woocommerce_gallery_thumbnail":["https:\/\/dodo-inflatables.com\/wp-content\/uploads\/2026\/04\/Huawei-Schalldaemper-Blower-Cover-Huepfburgen-Geblaese-1-100x100.jpg",100,100,true]},"uagb_author_info":{"display_name":"Andreas","author_link":"https:\/\/dodo-inflatables.com\/pl\/author\/"},"uagb_comment_info":0,"uagb_excerpt":"Wymiary (D \u00d7 Sz \u00d7 W): ok. 50 \u00d7 63 \u00d7 54 cm Waga: ok. 2,4 kg Wymiary w opakowaniu: ok. 50 \u00d7 100 \u00d7 15 cm","_links":{"self":[{"href":"https:\/\/dodo-inflatables.com\/pl\/wp-json\/wp\/v2\/product\/105925","targetHints":{"allow":["GET"]}}],"collection":[{"href":"https:\/\/dodo-inflatables.com\/pl\/wp-json\/wp\/v2\/product"}],"about":[{"href":"https:\/\/dodo-inflatables.com\/pl\/wp-json\/wp\/v2\/types\/product"}],"replies":[{"embeddable":true,"href":"https:\/\/dodo-inflatables.com\/pl\/wp-json\/wp\/v2\/comments?post=105925"}],"wp:featuredmedia":[{"embeddable":true,"href":"https:\/\/dodo-inflatables.com\/pl\/wp-json\/wp\/v2\/media\/105920"}],"wp:attachment":[{"href":"https:\/\/dodo-inflatables.com\/pl\/wp-json\/wp\/v2\/media?parent=105925"}],"wp:term":[{"taxonomy":"product_brand","embeddable":true,"href":"https:\/\/dodo-inflatables.com\/pl\/wp-json\/wp\/v2\/product_brand?post=105925"},{"taxonomy":"product_cat","embeddable":true,"href":"https:\/\/dodo-inflatables.com\/pl\/wp-json\/wp\/v2\/product_cat?post=105925"},{"taxonomy":"product_tag","embeddable":true,"href":"https:\/\/dodo-inflatables.com\/pl\/wp-json\/wp\/v2\/product_tag?post=105925"}],"curies":[{"name":"wp","href":"https:\/\/api.w.org\/{rel}","templated":true}]}}