{"id":11322,"date":"2017-01-06T20:54:55","date_gmt":"2017-01-06T19:54:55","guid":{"rendered":"https:\/\/dodo-inflatables.com\/product\/bilard-pilkarski\/"},"modified":"2024-06-01T17:18:46","modified_gmt":"2024-06-01T15:18:46","slug":"bilard-pilkarski","status":"publish","type":"product","link":"https:\/\/dodo-inflatables.com\/pl\/produkt\/bilard-pilkarski\/","title":{"rendered":"Bilard pi\u0142karski"},"content":{"rendered":"<h3>Kup nadmuchiwany st\u00f3\u0142 bilardowy<\/h3>\n<p>Zwyk\u0142a pi\u0142ka no\u017cna jest dla ciebie zbyt nudna? \u017baden problem! Dzi\u0119ki naszym bilardom pi\u0142karskim lub snookerowym mo\u017cesz urozmaici\u0107 gr\u0119. Bilard pi\u0142karski lub poolball \/ bilard pi\u0142karski \u0142\u0105czy w sobie zabaw\u0119 obu gier i zapewnia rozrywk\u0119 dla widz\u00f3w i innych graczy. Gra odbywa si\u0119 zgodnie ze zwyk\u0142ymi zasadami gry w bilard, ale kijem bilardowym jest w\u0142asna stopa. Pe\u0142ne i po\u0142\u00f3wki bil o wygl\u0105dzie bil bilardowych musz\u0105 zosta\u0107 wbite do do\u0142k\u00f3w przy u\u017cyciu bia\u0142ej bili. Pierwszy gracz, kt\u00f3ry wbije swoje bile oraz czarn\u0105 \u00f3semk\u0119, zostaje zwyci\u0119zc\u0105 gry. Wymaga to jednak du\u017cej dok\u0142adno\u015bci, dobrego wyczucia pi\u0142ki i wyrafinowanej strategii. W gr\u0119 mo\u017cna gra\u0107 w parach lub zespo\u0142owo. W gr\u0119 najlepiej gra\u0107 na murawie pi\u0142karskiej lub innej p\u0142askiej powierzchni. Pi\u0142karski bilard to zawsze odpowiednia atrakcja! Ogromne boisko przyci\u0105gnie go\u015bci z daleka i zapewni najlepsz\u0105 rozrywk\u0119 zar\u00f3wno graczom, jak i widzom.<\/p>\n<p>&nbsp;<\/p>\n<h4>Szczeg\u00f3\u0142y nadmuchiwanego sto\u0142u bilardowego<\/h4>\n<ul>\n<li>Wymiary (d\u0142. x szer. x wys.): 8,00 m x 4,00 m x 0,75 m *.<\/li>\n<li>Waga: ok. 60 kg *<\/li>\n<li>Rozmiar opakowania: 100 x 70 x 70 cm *.<\/li>\n<li>Czas monta\u017cu: 10 minut<\/li>\n<li>Materia\u0142: 0,55 mm PVC<\/li>\n<li>Zamek b\u0142yskawiczny z os\u0142on\u0105 na rzep, wzmocnione naro\u017cniki<\/li>\n<\/ul>\n<p>&nbsp;<\/p>\n<p>Zakres dostawy obejmuje obramowanie bilardowe do pi\u0142ki no\u017cnej<\/p>\n<p>W zestawie nie ma dmuchawy, plandeki, kul bilardowych i tr\u00f3jk\u0105ta bilardowego. Mo\u017cna je znale\u017a\u0107 w kategorii akcesori\u00f3w.<\/p>\n<p>Nadmuchiwany bilard pi\u0142karski to produkt wysokiej jako\u015bci, kt\u00f3ry jest produkowany zgodnie ze \u015bcis\u0142ymi wytycznymi zgodnie z norm\u0105 EN 14960. Wszystkie nasze dmuchane zamki i nadmuchiwane atrakcje to profesjonalne modu\u0142y, kt\u00f3re nadaj\u0105 si\u0119 do profesjonalnego wynajmu i u\u017cytku w parkach rozrywki, krytych placach zabaw itp.<\/p>\n<p>&nbsp;<\/p>\n<p><strong>Wa\u017cne uwagi dotycz\u0105ce obs\u0142ugi<\/strong><\/p>\n<p>Wentylator (brak w zestawie) musi dzia\u0142a\u0107 nieprzerwanie podczas u\u017cytkowania.<br \/>\nNiewielki wyciek powietrza przez otwory w szwach jest normalny.<\/p>\n<p>* Waga i wymiary s\u0105 przybli\u017cone i mog\u0105 si\u0119 nieznacznie r\u00f3\u017cni\u0107.<\/p>\n","protected":false},"excerpt":{"rendered":"<p><i class=\"fa fa-arrows-alt\"><\/i>  Wymiary (d\u0142. x szer. x wys.): 8,00 m x 4,00 m x 0,75 m *.<br \/>\n<i class=\"fa fa-plus\"><\/i>  Opcjonalnie dost\u0119pne s\u0105 pi\u0142ki w kszta\u0142cie kuli bilardowej<br \/>\n<i class=\"fa fa-check\"><\/i>  Modu\u0142 profesjonalny &#8211; odpowiedni do u\u017cytku komercyjnego i prywatnego<\/p>\n<p><i class=\"fa fa-square\"><\/i>  PVC (0,55 mm \/ 621,3 g\/m kw.) i rzepy<br \/>\n<i class=\"fa fa-align-justify\"><\/i>  2 &#8211; 4-krotne zszycie (w zale\u017cno\u015bci od obci\u0105\u017cenia)<br \/>\n<i class=\"fa fa-fire\"><\/i>  Ognioodporno\u015b\u0107<\/p>\n<p>&nbsp;<\/p>\n","protected":false},"featured_media":10742,"comment_status":"open","ping_status":"closed","template":"","meta":{"_acf_changed":false,"_uag_custom_page_level_css":"","site-sidebar-layout":"default","site-content-layout":"boxed-container","ast-site-content-layout":"normal-width-container","site-content-style":"boxed","site-sidebar-style":"boxed","ast-global-header-display":"","ast-banner-title-visibility":"","ast-main-header-display":"","ast-hfb-above-header-display":"","ast-hfb-below-header-display":"","ast-hfb-mobile-header-display":"","site-post-title":"disabled","ast-breadcrumbs-content":"","ast-featured-img":"","footer-sml-layout":"","ast-disable-related-posts":"","theme-transparent-header-meta":"default","adv-header-id-meta":"","stick-header-meta":"default","header-above-stick-meta":"","header-main-stick-meta":"","header-below-stick-meta":"","astra-migrate-meta-layouts":"default","ast-page-background-enabled":"default","ast-page-background-meta":{"desktop":{"background-color":"var(--ast-global-color-4)","background-image":"","background-repeat":"repeat","background-position":"center center","background-size":"auto","background-attachment":"scroll","background-type":"","background-media":"","overlay-type":"","overlay-color":"","overlay-opacity":"","overlay-gradient":""},"tablet":{"background-color":"","background-image":"","background-repeat":"repeat","background-position":"center center","background-size":"auto","background-attachment":"scroll","background-type":"","background-media":"","overlay-type":"","overlay-color":"","overlay-opacity":"","overlay-gradient":""},"mobile":{"background-color":"","background-image":"","background-repeat":"repeat","background-position":"center center","background-size":"auto","background-attachment":"scroll","background-type":"","background-media":"","overlay-type":"","overlay-color":"","overlay-opacity":"","overlay-gradient":""}},"ast-content-background-meta":{"desktop":{"background-color":"var(--ast-global-color-5)","background-image":"","background-repeat":"repeat","background-position":"center center","background-size":"auto","background-attachment":"scroll","background-type":"","background-media":"","overlay-type":"","overlay-color":"","overlay-opacity":"","overlay-gradient":""},"tablet":{"background-color":"var(--ast-global-color-5)","background-image":"","background-repeat":"repeat","background-position":"center center","background-size":"auto","background-attachment":"scroll","background-type":"","background-media":"","overlay-type":"","overlay-color":"","overlay-opacity":"","overlay-gradient":""},"mobile":{"background-color":"var(--ast-global-color-5)","background-image":"","background-repeat":"repeat","background-position":"center center","background-size":"auto","background-attachment":"scroll","background-type":"","background-media":"","overlay-type":"","overlay-color":"","overlay-opacity":"","overlay-gradient":""}}},"product_brand":[],"product_cat":[820],"product_tag":[],"class_list":{"0":"post-11322","1":"product","2":"type-product","3":"status-publish","4":"has-post-thumbnail","6":"product_cat-atrakcje","7":"product_shipping_class-spedition-hupfburg","8":"desktop-align-center","9":"tablet-align-center","10":"mobile-align-center","11":"ast-product-gallery-layout-horizontal","12":"ast-product-tabs-layout-horizontal","14":"first","15":"instock","16":"taxable","17":"shipping-taxable","18":"purchasable","19":"product-type-simple"},"acf":[],"yoast_head":"<!-- This site is optimized with the Yoast SEO plugin v27.3 - https:\/\/yoast.com\/product\/yoast-seo-wordpress\/ -->\n<title>Aufblasbares Fu\u00dfball Billard kaufen | H\u00fcpfburg-g\u00fcnstig-kaufen.de<\/title>\n<meta name=\"description\" content=\"Kup nadmuchiwany basen pi\u0142karski i bilard pi\u0142karski na dodo-inflatables.com! | Uczciwe ceny | Zawsze w magazynie | Szybka wysy\u0142ka!\" \/>\n<meta name=\"robots\" content=\"index, follow, max-snippet:-1, max-image-preview:large, max-video-preview:-1\" \/>\n<link rel=\"canonical\" href=\"https:\/\/dodo-inflatables.com\/pl\/produkt\/bilard-pilkarski\/\" \/>\n<meta name=\"twitter:label1\" content=\"Szacowany czas czytania\" \/>\n\t<meta name=\"twitter:data1\" content=\"2 minuty\" \/>\n<script type=\"application\/ld+json\" class=\"yoast-schema-graph\">{\"@context\":\"https:\\\/\\\/schema.org\",\"@graph\":[{\"@type\":\"WebPage\",\"@id\":\"https:\\\/\\\/dodo-inflatables.com\\\/pl\\\/produkt\\\/bilard-pilkarski\\\/\",\"url\":\"https:\\\/\\\/dodo-inflatables.com\\\/pl\\\/produkt\\\/bilard-pilkarski\\\/\",\"name\":\"Aufblasbares Fu\u00dfball Billard kaufen | H\u00fcpfburg-g\u00fcnstig-kaufen.de\",\"isPartOf\":{\"@id\":\"https:\\\/\\\/dodo-inflatables.com\\\/pl\\\/#website\"},\"primaryImageOfPage\":{\"@id\":\"https:\\\/\\\/dodo-inflatables.com\\\/pl\\\/produkt\\\/bilard-pilkarski\\\/#primaryimage\"},\"image\":{\"@id\":\"https:\\\/\\\/dodo-inflatables.com\\\/pl\\\/produkt\\\/bilard-pilkarski\\\/#primaryimage\"},\"thumbnailUrl\":\"https:\\\/\\\/dodo-inflatables.com\\\/wp-content\\\/uploads\\\/2017\\\/01\\\/snooker-football-fussball-billard-kaufen-4.png\",\"datePublished\":\"2017-01-06T19:54:55+00:00\",\"dateModified\":\"2024-06-01T15:18:46+00:00\",\"description\":\"Kup nadmuchiwany basen pi\u0142karski i bilard pi\u0142karski na dodo-inflatables.com! | Uczciwe ceny | Zawsze w magazynie | Szybka wysy\u0142ka!\",\"breadcrumb\":{\"@id\":\"https:\\\/\\\/dodo-inflatables.com\\\/pl\\\/produkt\\\/bilard-pilkarski\\\/#breadcrumb\"},\"inLanguage\":\"pl-PL\",\"potentialAction\":[{\"@type\":\"ReadAction\",\"target\":[\"https:\\\/\\\/dodo-inflatables.com\\\/pl\\\/produkt\\\/bilard-pilkarski\\\/\"]}]},{\"@type\":\"ImageObject\",\"inLanguage\":\"pl-PL\",\"@id\":\"https:\\\/\\\/dodo-inflatables.com\\\/pl\\\/produkt\\\/bilard-pilkarski\\\/#primaryimage\",\"url\":\"https:\\\/\\\/dodo-inflatables.com\\\/wp-content\\\/uploads\\\/2017\\\/01\\\/snooker-football-fussball-billard-kaufen-4.png\",\"contentUrl\":\"https:\\\/\\\/dodo-inflatables.com\\\/wp-content\\\/uploads\\\/2017\\\/01\\\/snooker-football-fussball-billard-kaufen-4.png\",\"width\":500,\"height\":500},{\"@type\":\"BreadcrumbList\",\"@id\":\"https:\\\/\\\/dodo-inflatables.com\\\/pl\\\/produkt\\\/bilard-pilkarski\\\/#breadcrumb\",\"itemListElement\":[{\"@type\":\"ListItem\",\"position\":1,\"name\":\"Strona g\u0142\u00f3wna\",\"item\":\"https:\\\/\\\/dodo-inflatables.com\\\/pl\\\/\"},{\"@type\":\"ListItem\",\"position\":2,\"name\":\"Sklep\",\"item\":\"https:\\\/\\\/dodo-inflatables.com\\\/pl\\\/sklep\\\/\"},{\"@type\":\"ListItem\",\"position\":3,\"name\":\"Bilard pi\u0142karski\"}]},{\"@type\":\"WebSite\",\"@id\":\"https:\\\/\\\/dodo-inflatables.com\\\/pl\\\/#website\",\"url\":\"https:\\\/\\\/dodo-inflatables.com\\\/pl\\\/\",\"name\":\"dodo-inflatables.com\",\"description\":\"Kup dmuchane zamki i atrakcje w naszym sklepie.\",\"publisher\":{\"@id\":\"https:\\\/\\\/dodo-inflatables.com\\\/pl\\\/#organization\"},\"potentialAction\":[{\"@type\":\"SearchAction\",\"target\":{\"@type\":\"EntryPoint\",\"urlTemplate\":\"https:\\\/\\\/dodo-inflatables.com\\\/pl\\\/?s={search_term_string}\"},\"query-input\":{\"@type\":\"PropertyValueSpecification\",\"valueRequired\":true,\"valueName\":\"search_term_string\"}}],\"inLanguage\":\"pl-PL\"},{\"@type\":\"Organization\",\"@id\":\"https:\\\/\\\/dodo-inflatables.com\\\/pl\\\/#organization\",\"name\":\"dodo-inflatables.com\",\"url\":\"https:\\\/\\\/dodo-inflatables.com\\\/pl\\\/\",\"logo\":{\"@type\":\"ImageObject\",\"inLanguage\":\"pl-PL\",\"@id\":\"https:\\\/\\\/dodo-inflatables.com\\\/pl\\\/#\\\/schema\\\/logo\\\/image\\\/\",\"url\":\"https:\\\/\\\/dodo-inflatables.com\\\/wp-content\\\/uploads\\\/2023\\\/04\\\/cropped-cropped-cropped-Dodo-Logo.png\",\"contentUrl\":\"https:\\\/\\\/dodo-inflatables.com\\\/wp-content\\\/uploads\\\/2023\\\/04\\\/cropped-cropped-cropped-Dodo-Logo.png\",\"width\":2996,\"height\":1545,\"caption\":\"dodo-inflatables.com\"},\"image\":{\"@id\":\"https:\\\/\\\/dodo-inflatables.com\\\/pl\\\/#\\\/schema\\\/logo\\\/image\\\/\"}}]}<\/script>\n<!-- \/ Yoast SEO plugin. -->","yoast_head_json":{"title":"Aufblasbares Fu\u00dfball Billard kaufen | H\u00fcpfburg-g\u00fcnstig-kaufen.de","description":"Kup nadmuchiwany basen pi\u0142karski i bilard pi\u0142karski na dodo-inflatables.com! | Uczciwe ceny | Zawsze w magazynie | Szybka wysy\u0142ka!","robots":{"index":"index","follow":"follow","max-snippet":"max-snippet:-1","max-image-preview":"max-image-preview:large","max-video-preview":"max-video-preview:-1"},"canonical":"https:\/\/dodo-inflatables.com\/pl\/produkt\/bilard-pilkarski\/","twitter_misc":{"Szacowany czas czytania":"2 minuty"},"schema":{"@context":"https:\/\/schema.org","@graph":[{"@type":"WebPage","@id":"https:\/\/dodo-inflatables.com\/pl\/produkt\/bilard-pilkarski\/","url":"https:\/\/dodo-inflatables.com\/pl\/produkt\/bilard-pilkarski\/","name":"Aufblasbares Fu\u00dfball Billard kaufen | H\u00fcpfburg-g\u00fcnstig-kaufen.de","isPartOf":{"@id":"https:\/\/dodo-inflatables.com\/pl\/#website"},"primaryImageOfPage":{"@id":"https:\/\/dodo-inflatables.com\/pl\/produkt\/bilard-pilkarski\/#primaryimage"},"image":{"@id":"https:\/\/dodo-inflatables.com\/pl\/produkt\/bilard-pilkarski\/#primaryimage"},"thumbnailUrl":"https:\/\/dodo-inflatables.com\/wp-content\/uploads\/2017\/01\/snooker-football-fussball-billard-kaufen-4.png","datePublished":"2017-01-06T19:54:55+00:00","dateModified":"2024-06-01T15:18:46+00:00","description":"Kup nadmuchiwany basen pi\u0142karski i bilard pi\u0142karski na dodo-inflatables.com! | Uczciwe ceny | Zawsze w magazynie | Szybka wysy\u0142ka!","breadcrumb":{"@id":"https:\/\/dodo-inflatables.com\/pl\/produkt\/bilard-pilkarski\/#breadcrumb"},"inLanguage":"pl-PL","potentialAction":[{"@type":"ReadAction","target":["https:\/\/dodo-inflatables.com\/pl\/produkt\/bilard-pilkarski\/"]}]},{"@type":"ImageObject","inLanguage":"pl-PL","@id":"https:\/\/dodo-inflatables.com\/pl\/produkt\/bilard-pilkarski\/#primaryimage","url":"https:\/\/dodo-inflatables.com\/wp-content\/uploads\/2017\/01\/snooker-football-fussball-billard-kaufen-4.png","contentUrl":"https:\/\/dodo-inflatables.com\/wp-content\/uploads\/2017\/01\/snooker-football-fussball-billard-kaufen-4.png","width":500,"height":500},{"@type":"BreadcrumbList","@id":"https:\/\/dodo-inflatables.com\/pl\/produkt\/bilard-pilkarski\/#breadcrumb","itemListElement":[{"@type":"ListItem","position":1,"name":"Strona g\u0142\u00f3wna","item":"https:\/\/dodo-inflatables.com\/pl\/"},{"@type":"ListItem","position":2,"name":"Sklep","item":"https:\/\/dodo-inflatables.com\/pl\/sklep\/"},{"@type":"ListItem","position":3,"name":"Bilard pi\u0142karski"}]},{"@type":"WebSite","@id":"https:\/\/dodo-inflatables.com\/pl\/#website","url":"https:\/\/dodo-inflatables.com\/pl\/","name":"dodo-inflatables.com","description":"Kup dmuchane zamki i atrakcje w naszym sklepie.","publisher":{"@id":"https:\/\/dodo-inflatables.com\/pl\/#organization"},"potentialAction":[{"@type":"SearchAction","target":{"@type":"EntryPoint","urlTemplate":"https:\/\/dodo-inflatables.com\/pl\/?s={search_term_string}"},"query-input":{"@type":"PropertyValueSpecification","valueRequired":true,"valueName":"search_term_string"}}],"inLanguage":"pl-PL"},{"@type":"Organization","@id":"https:\/\/dodo-inflatables.com\/pl\/#organization","name":"dodo-inflatables.com","url":"https:\/\/dodo-inflatables.com\/pl\/","logo":{"@type":"ImageObject","inLanguage":"pl-PL","@id":"https:\/\/dodo-inflatables.com\/pl\/#\/schema\/logo\/image\/","url":"https:\/\/dodo-inflatables.com\/wp-content\/uploads\/2023\/04\/cropped-cropped-cropped-Dodo-Logo.png","contentUrl":"https:\/\/dodo-inflatables.com\/wp-content\/uploads\/2023\/04\/cropped-cropped-cropped-Dodo-Logo.png","width":2996,"height":1545,"caption":"dodo-inflatables.com"},"image":{"@id":"https:\/\/dodo-inflatables.com\/pl\/#\/schema\/logo\/image\/"}}]}},"uagb_featured_image_src":{"full":["https:\/\/dodo-inflatables.com\/wp-content\/uploads\/2017\/01\/snooker-football-fussball-billard-kaufen-4.png",500,500,false],"thumbnail":["https:\/\/dodo-inflatables.com\/wp-content\/uploads\/2017\/01\/snooker-football-fussball-billard-kaufen-4-150x150.png",150,150,true],"medium":["https:\/\/dodo-inflatables.com\/wp-content\/uploads\/2017\/01\/snooker-football-fussball-billard-kaufen-4-300x300.png",300,300,true],"medium_large":["https:\/\/dodo-inflatables.com\/wp-content\/uploads\/2017\/01\/snooker-football-fussball-billard-kaufen-4.png",500,500,false],"large":["https:\/\/dodo-inflatables.com\/wp-content\/uploads\/2017\/01\/snooker-football-fussball-billard-kaufen-4.png",500,500,false],"1536x1536":["https:\/\/dodo-inflatables.com\/wp-content\/uploads\/2017\/01\/snooker-football-fussball-billard-kaufen-4.png",500,500,false],"2048x2048":["https:\/\/dodo-inflatables.com\/wp-content\/uploads\/2017\/01\/snooker-football-fussball-billard-kaufen-4.png",500,500,false],"woocommerce_thumbnail":["https:\/\/dodo-inflatables.com\/wp-content\/uploads\/2017\/01\/snooker-football-fussball-billard-kaufen-4.png",500,500,false],"woocommerce_single":["https:\/\/dodo-inflatables.com\/wp-content\/uploads\/2017\/01\/snooker-football-fussball-billard-kaufen-4.png",500,500,false],"woocommerce_gallery_thumbnail":["https:\/\/dodo-inflatables.com\/wp-content\/uploads\/2017\/01\/snooker-football-fussball-billard-kaufen-4-100x100.png",100,100,true]},"uagb_author_info":{"display_name":"Andreas","author_link":"https:\/\/dodo-inflatables.com\/pl\/author\/"},"uagb_comment_info":0,"uagb_excerpt":"Wymiary (d\u0142. x szer. x wys.): 8,00 m x 4,00 m x 0,75 m *. Opcjonalnie dost\u0119pne s\u0105 pi\u0142ki w kszta\u0142cie kuli bilardowej Modu\u0142 profesjonalny - odpowiedni do u\u017cytku komercyjnego i prywatnego PVC (0,55 mm \/ 621,3 g\/m kw.) i rzepy 2 - 4-krotne zszycie (w zale\u017cno\u015bci od obci\u0105\u017cenia) Ognioodporno\u015b\u0107 &nbsp;","_links":{"self":[{"href":"https:\/\/dodo-inflatables.com\/pl\/wp-json\/wp\/v2\/product\/11322","targetHints":{"allow":["GET"]}}],"collection":[{"href":"https:\/\/dodo-inflatables.com\/pl\/wp-json\/wp\/v2\/product"}],"about":[{"href":"https:\/\/dodo-inflatables.com\/pl\/wp-json\/wp\/v2\/types\/product"}],"replies":[{"embeddable":true,"href":"https:\/\/dodo-inflatables.com\/pl\/wp-json\/wp\/v2\/comments?post=11322"}],"wp:featuredmedia":[{"embeddable":true,"href":"https:\/\/dodo-inflatables.com\/pl\/wp-json\/wp\/v2\/media\/10742"}],"wp:attachment":[{"href":"https:\/\/dodo-inflatables.com\/pl\/wp-json\/wp\/v2\/media?parent=11322"}],"wp:term":[{"taxonomy":"product_brand","embeddable":true,"href":"https:\/\/dodo-inflatables.com\/pl\/wp-json\/wp\/v2\/product_brand?post=11322"},{"taxonomy":"product_cat","embeddable":true,"href":"https:\/\/dodo-inflatables.com\/pl\/wp-json\/wp\/v2\/product_cat?post=11322"},{"taxonomy":"product_tag","embeddable":true,"href":"https:\/\/dodo-inflatables.com\/pl\/wp-json\/wp\/v2\/product_tag?post=11322"}],"curies":[{"name":"wp","href":"https:\/\/api.w.org\/{rel}","templated":true}]}}