{"id":11324,"date":"2017-01-06T20:48:21","date_gmt":"2017-01-06T19:48:21","guid":{"rendered":"https:\/\/dodo-inflatables.com\/product\/worek-z-piaskiem-do-obciazania\/"},"modified":"2026-04-23T08:25:39","modified_gmt":"2026-04-23T06:25:39","slug":"worek-z-piaskiem-do-obciazania","status":"publish","type":"product","link":"https:\/\/dodo-inflatables.com\/pl\/produkt\/worek-z-piaskiem-do-obciazania\/","title":{"rendered":"Worki z piaskiem do balastowania dmuchanych zamk\u00f3w"},"content":{"rendered":"<h2 class=\"p1\">Kup worki z piaskiem do balastowania dmuchanych zamk\u00f3w<\/h2>\n<p class=\"p1\">Nasze worki z piaskiem s\u0105 elastycznym i sprawdzonym rozwi\u0105zaniem do balastowania dmuchanych zamk\u00f3w i nadmuchiwanych modu\u0142\u00f3w eventowych \u2013 szczeg\u00f3lnie wtedy, gdy ze wzgl\u0119du na nawierzchni\u0119 nie mo\u017cna u\u017cywa\u0107 \u015bledzi, na przyk\u0142ad na asfalcie, betonie lub wewn\u0105trz budynk\u00f3w.<br \/>\nW zale\u017cno\u015bci od potrzeb worki mo\u017cna nape\u0142ni\u0107 piaskiem lub podobnym materia\u0142em sypkim, a nast\u0119pnie bezpiecznie przymocowa\u0107 do dmuchanego zamku za pomoc\u0105 zintegrowanych D-pier\u015bcieni. Umo\u017cliwia to szybkie, indywidualne i dostosowane do konkretnego miejsca ustawienia balastowanie dmuchanych zamk\u00f3w.<br \/>\n\ud83d\udc49\ud83c\udffc <i>Osi\u0105galna waga zale\u017cy od u\u017cytego materia\u0142u wype\u0142niaj\u0105cego i poziomu wype\u0142nienia i wynosi zazwyczaj oko\u0142o 25\u201330 kg.<\/i><\/p>\n<p class=\"p3\"><b>Elastyczne wype\u0142nienie: <\/b>Worki z piaskiem mo\u017cna nape\u0142nia\u0107 z wyprzedzeniem lub bezpo\u015brednio na miejscu. Pozwala to dostosowa\u0107 wag\u0119 w zale\u017cno\u015bci od lokalizacji, warunk\u00f3w pogodowych i wielko\u015bci nadmuchiwanej konstrukcji.<\/p>\n<p class=\"p3\"><b>Konfigurowalne balastowanie: <\/b>W przeciwie\u0144stwie do work\u00f3w z wod\u0105, ci\u0119\u017car work\u00f3w z piaskiem mo\u017cna dowolnie dobiera\u0107. Dzi\u0119ki temu s\u0105 szczeg\u00f3lnie odpowiednie do zastosowa\u0144, gdzie standardowy balast nie jest bezwzgl\u0119dnie wymagany lub gdzie wag\u0119 nale\u017cy dostosowa\u0107 indywidualnie.<\/p>\n<p class=\"p3\"><b>\u0141atwe mocowanie: <\/b>Solidne D-pier\u015bcienie umo\u017cliwiaj\u0105 bezpieczne mocowanie work\u00f3w z piaskiem do punkt\u00f3w kotwiczenia dmuchanego zamku za pomoc\u0105 pask\u00f3w lub lin.<\/p>\n<p class=\"p3\"><b>Solidne i trwa\u0142e: <\/b>Wytrzyma\u0142y materia\u0142 jest przeznaczony do regularnego u\u017cytku w firmach eventowych i wynajmuj\u0105cych i dobrze znosi cz\u0119ste nape\u0142nianie i transport.<\/p>\n<p>&nbsp;<br \/>\n<strong>Szczeg\u00f3\u0142y work\u00f3w z piaskiem<\/strong><\/p>\n<ul>\n<li>Wymiary (D x S): ok. 50 cm x 50 cm<\/li>\n<li class=\"p1\">Mocowanie: solidne D-pier\u015bcienie<\/li>\n<li class=\"p1\">Wype\u0142nienie: piasek lub podobny materia\u0142 sypki<\/li>\n<\/ul>\n<p>&nbsp;<br \/>\nInfo: Cena za jeden worek z piaskiem.<\/p>\n","protected":false},"excerpt":{"rendered":"<ul>\n<li>Wymiary (D x S): ok. 50 cm x 50 cm<\/li>\n<li class=\"p1\">Mocowanie: solidne D-pier\u015bcienie<\/li>\n<li class=\"p1\">Wype\u0142nienie: piasek lub podobny materia\u0142 sypki<\/li>\n<\/ul>\n","protected":false},"featured_media":10670,"comment_status":"open","ping_status":"closed","template":"","meta":{"_acf_changed":false,"_uag_custom_page_level_css":"","site-sidebar-layout":"default","site-content-layout":"boxed-container","ast-site-content-layout":"normal-width-container","site-content-style":"boxed","site-sidebar-style":"boxed","ast-global-header-display":"","ast-banner-title-visibility":"","ast-main-header-display":"","ast-hfb-above-header-display":"","ast-hfb-below-header-display":"","ast-hfb-mobile-header-display":"","site-post-title":"disabled","ast-breadcrumbs-content":"","ast-featured-img":"","footer-sml-layout":"","ast-disable-related-posts":"","theme-transparent-header-meta":"default","adv-header-id-meta":"","stick-header-meta":"default","header-above-stick-meta":"","header-main-stick-meta":"","header-below-stick-meta":"","astra-migrate-meta-layouts":"default","ast-page-background-enabled":"default","ast-page-background-meta":{"desktop":{"background-color":"var(--ast-global-color-4)","background-image":"","background-repeat":"repeat","background-position":"center center","background-size":"auto","background-attachment":"scroll","background-type":"","background-media":"","overlay-type":"","overlay-color":"","overlay-opacity":"","overlay-gradient":""},"tablet":{"background-color":"","background-image":"","background-repeat":"repeat","background-position":"center center","background-size":"auto","background-attachment":"scroll","background-type":"","background-media":"","overlay-type":"","overlay-color":"","overlay-opacity":"","overlay-gradient":""},"mobile":{"background-color":"","background-image":"","background-repeat":"repeat","background-position":"center center","background-size":"auto","background-attachment":"scroll","background-type":"","background-media":"","overlay-type":"","overlay-color":"","overlay-opacity":"","overlay-gradient":""}},"ast-content-background-meta":{"desktop":{"background-color":"var(--ast-global-color-5)","background-image":"","background-repeat":"repeat","background-position":"center center","background-size":"auto","background-attachment":"scroll","background-type":"","background-media":"","overlay-type":"","overlay-color":"","overlay-opacity":"","overlay-gradient":""},"tablet":{"background-color":"var(--ast-global-color-5)","background-image":"","background-repeat":"repeat","background-position":"center center","background-size":"auto","background-attachment":"scroll","background-type":"","background-media":"","overlay-type":"","overlay-color":"","overlay-opacity":"","overlay-gradient":""},"mobile":{"background-color":"var(--ast-global-color-5)","background-image":"","background-repeat":"repeat","background-position":"center center","background-size":"auto","background-attachment":"scroll","background-type":"","background-media":"","overlay-type":"","overlay-color":"","overlay-opacity":"","overlay-gradient":""}}},"product_brand":[],"product_cat":[827],"product_tag":[],"class_list":{"0":"post-11324","1":"product","2":"type-product","3":"status-publish","4":"has-post-thumbnail","6":"product_cat-akcesoria","7":"product_shipping_class-zubehor-pl","8":"desktop-align-center","9":"tablet-align-center","10":"mobile-align-center","11":"ast-product-gallery-layout-horizontal","12":"ast-product-gallery-with-no-image","13":"ast-product-tabs-layout-horizontal","15":"first","16":"instock","17":"taxable","18":"shipping-taxable","19":"purchasable","20":"product-type-simple"},"acf":[],"yoast_head":"<!-- This site is optimized with the Yoast SEO plugin v27.5 - https:\/\/yoast.com\/product\/yoast-seo-wordpress\/ -->\n<title>Kup worki z piaskiem do obci\u0105\u017cania ponton\u00f3w | Dodo-Inflatables.com<\/title>\n<meta name=\"description\" content=\"Kup praktyczne worki z piaskiem do obci\u0105\u017cania ponton\u00f3w bezpo\u015brednio online na Dodo-Inflatables.com | Du\u017cy wyb\u00f3r w magazynie | Certyfikat zgodno\u015bci z EN14960 |\" \/>\n<meta name=\"robots\" content=\"index, follow, max-snippet:-1, max-image-preview:large, max-video-preview:-1\" \/>\n<link rel=\"canonical\" href=\"https:\/\/dodo-inflatables.com\/pl\/produkt\/worek-z-piaskiem-do-obciazania\/\" \/>\n<meta name=\"twitter:label1\" content=\"Szacowany czas czytania\" \/>\n\t<meta name=\"twitter:data1\" content=\"1 minuta\" \/>\n<script type=\"application\/ld+json\" class=\"yoast-schema-graph\">{\"@context\":\"https:\\\/\\\/schema.org\",\"@graph\":[{\"@type\":\"WebPage\",\"@id\":\"https:\\\/\\\/dodo-inflatables.com\\\/pl\\\/produkt\\\/worek-z-piaskiem-do-obciazania\\\/\",\"url\":\"https:\\\/\\\/dodo-inflatables.com\\\/pl\\\/produkt\\\/worek-z-piaskiem-do-obciazania\\\/\",\"name\":\"Kup worki z piaskiem do obci\u0105\u017cania ponton\u00f3w | Dodo-Inflatables.com\",\"isPartOf\":{\"@id\":\"https:\\\/\\\/dodo-inflatables.com\\\/pl\\\/#website\"},\"primaryImageOfPage\":{\"@id\":\"https:\\\/\\\/dodo-inflatables.com\\\/pl\\\/produkt\\\/worek-z-piaskiem-do-obciazania\\\/#primaryimage\"},\"image\":{\"@id\":\"https:\\\/\\\/dodo-inflatables.com\\\/pl\\\/produkt\\\/worek-z-piaskiem-do-obciazania\\\/#primaryimage\"},\"thumbnailUrl\":\"https:\\\/\\\/dodo-inflatables.com\\\/wp-content\\\/uploads\\\/2017\\\/01\\\/sandsack-beschwerung-hupfburg-kaufen.png\",\"datePublished\":\"2017-01-06T19:48:21+00:00\",\"dateModified\":\"2026-04-23T06:25:39+00:00\",\"description\":\"Kup praktyczne worki z piaskiem do obci\u0105\u017cania ponton\u00f3w bezpo\u015brednio online na Dodo-Inflatables.com | Du\u017cy wyb\u00f3r w magazynie | Certyfikat zgodno\u015bci z EN14960 |\",\"breadcrumb\":{\"@id\":\"https:\\\/\\\/dodo-inflatables.com\\\/pl\\\/produkt\\\/worek-z-piaskiem-do-obciazania\\\/#breadcrumb\"},\"inLanguage\":\"pl-PL\",\"potentialAction\":[{\"@type\":\"ReadAction\",\"target\":[\"https:\\\/\\\/dodo-inflatables.com\\\/pl\\\/produkt\\\/worek-z-piaskiem-do-obciazania\\\/\"]}]},{\"@type\":\"ImageObject\",\"inLanguage\":\"pl-PL\",\"@id\":\"https:\\\/\\\/dodo-inflatables.com\\\/pl\\\/produkt\\\/worek-z-piaskiem-do-obciazania\\\/#primaryimage\",\"url\":\"https:\\\/\\\/dodo-inflatables.com\\\/wp-content\\\/uploads\\\/2017\\\/01\\\/sandsack-beschwerung-hupfburg-kaufen.png\",\"contentUrl\":\"https:\\\/\\\/dodo-inflatables.com\\\/wp-content\\\/uploads\\\/2017\\\/01\\\/sandsack-beschwerung-hupfburg-kaufen.png\",\"width\":600,\"height\":500},{\"@type\":\"BreadcrumbList\",\"@id\":\"https:\\\/\\\/dodo-inflatables.com\\\/pl\\\/produkt\\\/worek-z-piaskiem-do-obciazania\\\/#breadcrumb\",\"itemListElement\":[{\"@type\":\"ListItem\",\"position\":1,\"name\":\"Strona g\u0142\u00f3wna\",\"item\":\"https:\\\/\\\/dodo-inflatables.com\\\/pl\\\/\"},{\"@type\":\"ListItem\",\"position\":2,\"name\":\"Sklep\",\"item\":\"https:\\\/\\\/dodo-inflatables.com\\\/pl\\\/sklep\\\/\"},{\"@type\":\"ListItem\",\"position\":3,\"name\":\"Worek z piaskiem do obci\u0105\u017cania\"}]},{\"@type\":\"WebSite\",\"@id\":\"https:\\\/\\\/dodo-inflatables.com\\\/pl\\\/#website\",\"url\":\"https:\\\/\\\/dodo-inflatables.com\\\/pl\\\/\",\"name\":\"dodo-inflatables.com\",\"description\":\"Kup dmuchane zamki i atrakcje w naszym sklepie.\",\"potentialAction\":[{\"@type\":\"SearchAction\",\"target\":{\"@type\":\"EntryPoint\",\"urlTemplate\":\"https:\\\/\\\/dodo-inflatables.com\\\/pl\\\/?s={search_term_string}\"},\"query-input\":{\"@type\":\"PropertyValueSpecification\",\"valueRequired\":true,\"valueName\":\"search_term_string\"}}],\"inLanguage\":\"pl-PL\"}]}<\/script>\n<!-- \/ Yoast SEO plugin. -->","yoast_head_json":{"title":"Kup worki z piaskiem do obci\u0105\u017cania ponton\u00f3w | Dodo-Inflatables.com","description":"Kup praktyczne worki z piaskiem do obci\u0105\u017cania ponton\u00f3w bezpo\u015brednio online na Dodo-Inflatables.com | Du\u017cy wyb\u00f3r w magazynie | Certyfikat zgodno\u015bci z EN14960 |","robots":{"index":"index","follow":"follow","max-snippet":"max-snippet:-1","max-image-preview":"max-image-preview:large","max-video-preview":"max-video-preview:-1"},"canonical":"https:\/\/dodo-inflatables.com\/pl\/produkt\/worek-z-piaskiem-do-obciazania\/","twitter_misc":{"Szacowany czas czytania":"1 minuta"},"schema":{"@context":"https:\/\/schema.org","@graph":[{"@type":"WebPage","@id":"https:\/\/dodo-inflatables.com\/pl\/produkt\/worek-z-piaskiem-do-obciazania\/","url":"https:\/\/dodo-inflatables.com\/pl\/produkt\/worek-z-piaskiem-do-obciazania\/","name":"Kup worki z piaskiem do obci\u0105\u017cania ponton\u00f3w | Dodo-Inflatables.com","isPartOf":{"@id":"https:\/\/dodo-inflatables.com\/pl\/#website"},"primaryImageOfPage":{"@id":"https:\/\/dodo-inflatables.com\/pl\/produkt\/worek-z-piaskiem-do-obciazania\/#primaryimage"},"image":{"@id":"https:\/\/dodo-inflatables.com\/pl\/produkt\/worek-z-piaskiem-do-obciazania\/#primaryimage"},"thumbnailUrl":"https:\/\/dodo-inflatables.com\/wp-content\/uploads\/2017\/01\/sandsack-beschwerung-hupfburg-kaufen.png","datePublished":"2017-01-06T19:48:21+00:00","dateModified":"2026-04-23T06:25:39+00:00","description":"Kup praktyczne worki z piaskiem do obci\u0105\u017cania ponton\u00f3w bezpo\u015brednio online na Dodo-Inflatables.com | Du\u017cy wyb\u00f3r w magazynie | Certyfikat zgodno\u015bci z EN14960 |","breadcrumb":{"@id":"https:\/\/dodo-inflatables.com\/pl\/produkt\/worek-z-piaskiem-do-obciazania\/#breadcrumb"},"inLanguage":"pl-PL","potentialAction":[{"@type":"ReadAction","target":["https:\/\/dodo-inflatables.com\/pl\/produkt\/worek-z-piaskiem-do-obciazania\/"]}]},{"@type":"ImageObject","inLanguage":"pl-PL","@id":"https:\/\/dodo-inflatables.com\/pl\/produkt\/worek-z-piaskiem-do-obciazania\/#primaryimage","url":"https:\/\/dodo-inflatables.com\/wp-content\/uploads\/2017\/01\/sandsack-beschwerung-hupfburg-kaufen.png","contentUrl":"https:\/\/dodo-inflatables.com\/wp-content\/uploads\/2017\/01\/sandsack-beschwerung-hupfburg-kaufen.png","width":600,"height":500},{"@type":"BreadcrumbList","@id":"https:\/\/dodo-inflatables.com\/pl\/produkt\/worek-z-piaskiem-do-obciazania\/#breadcrumb","itemListElement":[{"@type":"ListItem","position":1,"name":"Strona g\u0142\u00f3wna","item":"https:\/\/dodo-inflatables.com\/pl\/"},{"@type":"ListItem","position":2,"name":"Sklep","item":"https:\/\/dodo-inflatables.com\/pl\/sklep\/"},{"@type":"ListItem","position":3,"name":"Worek z piaskiem do obci\u0105\u017cania"}]},{"@type":"WebSite","@id":"https:\/\/dodo-inflatables.com\/pl\/#website","url":"https:\/\/dodo-inflatables.com\/pl\/","name":"dodo-inflatables.com","description":"Kup dmuchane zamki i atrakcje w naszym sklepie.","potentialAction":[{"@type":"SearchAction","target":{"@type":"EntryPoint","urlTemplate":"https:\/\/dodo-inflatables.com\/pl\/?s={search_term_string}"},"query-input":{"@type":"PropertyValueSpecification","valueRequired":true,"valueName":"search_term_string"}}],"inLanguage":"pl-PL"}]}},"uagb_featured_image_src":{"full":["https:\/\/dodo-inflatables.com\/wp-content\/uploads\/2017\/01\/sandsack-beschwerung-hupfburg-kaufen.png",600,500,false],"thumbnail":["https:\/\/dodo-inflatables.com\/wp-content\/uploads\/2017\/01\/sandsack-beschwerung-hupfburg-kaufen-150x150.png",150,150,true],"medium":["https:\/\/dodo-inflatables.com\/wp-content\/uploads\/2017\/01\/sandsack-beschwerung-hupfburg-kaufen-300x250.png",300,250,true],"medium_large":["https:\/\/dodo-inflatables.com\/wp-content\/uploads\/2017\/01\/sandsack-beschwerung-hupfburg-kaufen.png",600,500,false],"large":["https:\/\/dodo-inflatables.com\/wp-content\/uploads\/2017\/01\/sandsack-beschwerung-hupfburg-kaufen.png",600,500,false],"1536x1536":["https:\/\/dodo-inflatables.com\/wp-content\/uploads\/2017\/01\/sandsack-beschwerung-hupfburg-kaufen.png",600,500,false],"2048x2048":["https:\/\/dodo-inflatables.com\/wp-content\/uploads\/2017\/01\/sandsack-beschwerung-hupfburg-kaufen.png",600,500,false],"woocommerce_thumbnail":["https:\/\/dodo-inflatables.com\/wp-content\/uploads\/2017\/01\/sandsack-beschwerung-hupfburg-kaufen.png",600,500,false],"woocommerce_single":["https:\/\/dodo-inflatables.com\/wp-content\/uploads\/2017\/01\/sandsack-beschwerung-hupfburg-kaufen.png",600,500,false],"woocommerce_gallery_thumbnail":["https:\/\/dodo-inflatables.com\/wp-content\/uploads\/2017\/01\/sandsack-beschwerung-hupfburg-kaufen-100x100.png",100,100,true]},"uagb_author_info":{"display_name":"Andreas","author_link":"https:\/\/dodo-inflatables.com\/pl\/author\/"},"uagb_comment_info":0,"uagb_excerpt":"Wymiary (D x S): ok. 50 cm x 50 cm Mocowanie: solidne D-pier\u015bcienie Wype\u0142nienie: piasek lub podobny materia\u0142 sypki","_links":{"self":[{"href":"https:\/\/dodo-inflatables.com\/pl\/wp-json\/wp\/v2\/product\/11324","targetHints":{"allow":["GET"]}}],"collection":[{"href":"https:\/\/dodo-inflatables.com\/pl\/wp-json\/wp\/v2\/product"}],"about":[{"href":"https:\/\/dodo-inflatables.com\/pl\/wp-json\/wp\/v2\/types\/product"}],"replies":[{"embeddable":true,"href":"https:\/\/dodo-inflatables.com\/pl\/wp-json\/wp\/v2\/comments?post=11324"}],"wp:featuredmedia":[{"embeddable":true,"href":"https:\/\/dodo-inflatables.com\/pl\/wp-json\/wp\/v2\/media\/10670"}],"wp:attachment":[{"href":"https:\/\/dodo-inflatables.com\/pl\/wp-json\/wp\/v2\/media?parent=11324"}],"wp:term":[{"taxonomy":"product_brand","embeddable":true,"href":"https:\/\/dodo-inflatables.com\/pl\/wp-json\/wp\/v2\/product_brand?post=11324"},{"taxonomy":"product_cat","embeddable":true,"href":"https:\/\/dodo-inflatables.com\/pl\/wp-json\/wp\/v2\/product_cat?post=11324"},{"taxonomy":"product_tag","embeddable":true,"href":"https:\/\/dodo-inflatables.com\/pl\/wp-json\/wp\/v2\/product_tag?post=11324"}],"curies":[{"name":"wp","href":"https:\/\/api.w.org\/{rel}","templated":true}]}}