{"id":11537,"date":"2020-04-15T10:33:18","date_gmt":"2020-04-15T08:33:18","guid":{"rendered":"https:\/\/dodo-inflatables.com\/product\/arkusz-uziemienia-5-x-6-metrow-bialy\/"},"modified":"2026-04-25T18:45:03","modified_gmt":"2026-04-25T16:45:03","slug":"arkusz-uziemienia-5-x-6-metrow-bialy","status":"publish","type":"product","link":"https:\/\/dodo-inflatables.com\/pl\/produkt\/arkusz-uziemienia-5-x-6-metrow-bialy\/","title":{"rendered":"Bia\u0142a podk\u0142adowa plandeka 5 x 6 m"},"content":{"rendered":"<h2>Kup bia\u0142\u0105 podk\u0142adow\u0105 plandek\u0119 do dmuchanych zamk\u00f3w<\/h2>\n<p>U\u017cywanie odpowiedniej podk\u0142adowej plandeki to jeden z najlepszych sposob\u00f3w na przed\u0142u\u017cenie \u017cywotno\u015bci dmuchanego zamku.<br \/>\nNiezale\u017cnie od tego, czy dmuchany zamek jest ustawiony na trawie, asfalcie, nawierzchni czy wewn\u0105trz, podk\u0142adowa plandeka niezawodnie chroni sp\u00f3d nadmuchiwanej konstrukcji przed \u015bcieraniem, wilgoci\u0105 i uszkodzeniami.<br \/>\n<strong>Niezawodna ochrona:<\/strong><br \/>\nPodk\u0142adowa plandeka zapobiega bezpo\u015bredniemu kontaktowi mi\u0119dzy dmuchanym zamkiem a powierzchni\u0105 poni\u017cej, pomagaj\u0105c chroni\u0107 go przed ostrymi kraw\u0119dziami, kamieniami, brudem i wilgoci\u0105.<br \/>\n<strong>Wszechstronne zastosowanie:<\/strong><br \/>\nOdpowiednia dla dmuchanych zamk\u00f3w i innych nadmuchiwanych modu\u0142\u00f3w eventowych, zar\u00f3wno do u\u017cytku prywatnego, jak i dla profesjonalnych firm wynajmuj\u0105cych.<br \/>\n<strong>Bezpieczne pozycjonowanie:<\/strong><br \/>\nDzi\u0119ki oczkom mocuj\u0105cym rozmieszczonym wok\u00f3\u0142 ca\u0142ej plandeki mo\u017cna j\u0105 w razie potrzeby przymocowa\u0107, a ona pozostaje bezpiecznie na miejscu nawet gdy dmuchany zamek porusza si\u0119 podczas u\u017cytkowania.<br \/>\n<strong>Solidna i trwa\u0142a:<\/strong><br \/>\nWytrzyma\u0142y materia\u0142 PE jest wodoodporny, odporny na warunki atmosferyczne i rozdarcia, co czyni go idealnym do regularnego u\u017cytku wewn\u0105trz i na zewn\u0105trz.<br \/>\n<strong>Szczeg\u00f3\u0142y podk\u0142adowej plandeki<\/strong><\/p>\n<ul>\n<li style=\"list-style-type: none;\">\n<ul>\n<li>Wymiary (D x S): ok. 5,00 m x 6,00 m<\/li>\n<\/ul>\n<\/li>\n<\/ul>\n<ul>\n<li>Oczka mocuj\u0105ce w odst\u0119pach ok. 50 cm<\/li>\n<li>PE 260 g\/m\u00b2<\/li>\n<li>Wodoodporna, odporna na warunki atmosferyczne i rozdarcia<\/li>\n<\/ul>\n","protected":false},"excerpt":{"rendered":"<ul>\n<li>Wymiary (D x S): ok. 5,00 m x 6,00 m<\/li>\n<li>Oczka mocuj\u0105ce w odst\u0119pach ok. 50 cm<\/li>\n<li>PE 260 g\/m\u00b2<\/li>\n<li>Wodoodporna, odporna na warunki atmosferyczne i rozdarcia<\/li>\n<\/ul>\n","protected":false},"featured_media":10253,"comment_status":"open","ping_status":"closed","template":"","meta":{"_acf_changed":false,"_uag_custom_page_level_css":"","site-sidebar-layout":"default","site-content-layout":"boxed-container","ast-site-content-layout":"normal-width-container","site-content-style":"boxed","site-sidebar-style":"boxed","ast-global-header-display":"","ast-banner-title-visibility":"","ast-main-header-display":"","ast-hfb-above-header-display":"","ast-hfb-below-header-display":"","ast-hfb-mobile-header-display":"","site-post-title":"disabled","ast-breadcrumbs-content":"","ast-featured-img":"","footer-sml-layout":"","ast-disable-related-posts":"","theme-transparent-header-meta":"default","adv-header-id-meta":"","stick-header-meta":"default","header-above-stick-meta":"","header-main-stick-meta":"","header-below-stick-meta":"","astra-migrate-meta-layouts":"default","ast-page-background-enabled":"default","ast-page-background-meta":{"desktop":{"background-color":"var(--ast-global-color-4)","background-image":"","background-repeat":"repeat","background-position":"center center","background-size":"auto","background-attachment":"scroll","background-type":"","background-media":"","overlay-type":"","overlay-color":"","overlay-opacity":"","overlay-gradient":""},"tablet":{"background-color":"","background-image":"","background-repeat":"repeat","background-position":"center center","background-size":"auto","background-attachment":"scroll","background-type":"","background-media":"","overlay-type":"","overlay-color":"","overlay-opacity":"","overlay-gradient":""},"mobile":{"background-color":"","background-image":"","background-repeat":"repeat","background-position":"center center","background-size":"auto","background-attachment":"scroll","background-type":"","background-media":"","overlay-type":"","overlay-color":"","overlay-opacity":"","overlay-gradient":""}},"ast-content-background-meta":{"desktop":{"background-color":"var(--ast-global-color-5)","background-image":"","background-repeat":"repeat","background-position":"center center","background-size":"auto","background-attachment":"scroll","background-type":"","background-media":"","overlay-type":"","overlay-color":"","overlay-opacity":"","overlay-gradient":""},"tablet":{"background-color":"var(--ast-global-color-5)","background-image":"","background-repeat":"repeat","background-position":"center center","background-size":"auto","background-attachment":"scroll","background-type":"","background-media":"","overlay-type":"","overlay-color":"","overlay-opacity":"","overlay-gradient":""},"mobile":{"background-color":"var(--ast-global-color-5)","background-image":"","background-repeat":"repeat","background-position":"center center","background-size":"auto","background-attachment":"scroll","background-type":"","background-media":"","overlay-type":"","overlay-color":"","overlay-opacity":"","overlay-gradient":""}}},"product_brand":[],"product_cat":[827],"product_tag":[],"class_list":{"0":"post-11537","1":"product","2":"type-product","3":"status-publish","4":"has-post-thumbnail","6":"product_cat-akcesoria","7":"product_shipping_class-zubehor-pl","8":"desktop-align-center","9":"tablet-align-center","10":"mobile-align-center","11":"ast-product-gallery-layout-horizontal","12":"ast-product-gallery-with-no-image","13":"ast-product-tabs-layout-horizontal","15":"first","16":"instock","17":"taxable","18":"shipping-taxable","19":"purchasable","20":"product-type-simple"},"acf":[],"yoast_head":"<!-- This site is optimized with the Yoast SEO plugin v27.5 - https:\/\/yoast.com\/product\/yoast-seo-wordpress\/ -->\n<title>Kupowanie prze\u015bcierade\u0142 do ponton\u00f3w | Dodo-Inflatables.com<\/title>\n<meta name=\"description\" content=\"Kupuj pasuj\u0105ce akcesoria, takie jak stabilne prze\u015bcierad\u0142a do ponton\u00f3w, bezpo\u015brednio online na Dodo-Inflatables.com | Certyfikowane zgodnie z EN14960 | Szybka dostawa!\" \/>\n<meta name=\"robots\" content=\"index, follow, max-snippet:-1, max-image-preview:large, max-video-preview:-1\" \/>\n<link rel=\"canonical\" href=\"https:\/\/dodo-inflatables.com\/pl\/produkt\/arkusz-uziemienia-5-x-6-metrow-bialy\/\" \/>\n<meta name=\"twitter:label1\" content=\"Szacowany czas czytania\" \/>\n\t<meta name=\"twitter:data1\" content=\"1 minuta\" \/>\n<script type=\"application\/ld+json\" class=\"yoast-schema-graph\">{\"@context\":\"https:\\\/\\\/schema.org\",\"@graph\":[{\"@type\":\"WebPage\",\"@id\":\"https:\\\/\\\/dodo-inflatables.com\\\/pl\\\/produkt\\\/arkusz-uziemienia-5-x-6-metrow-bialy\\\/\",\"url\":\"https:\\\/\\\/dodo-inflatables.com\\\/pl\\\/produkt\\\/arkusz-uziemienia-5-x-6-metrow-bialy\\\/\",\"name\":\"Kupowanie prze\u015bcierade\u0142 do ponton\u00f3w | Dodo-Inflatables.com\",\"isPartOf\":{\"@id\":\"https:\\\/\\\/dodo-inflatables.com\\\/pl\\\/#website\"},\"primaryImageOfPage\":{\"@id\":\"https:\\\/\\\/dodo-inflatables.com\\\/pl\\\/produkt\\\/arkusz-uziemienia-5-x-6-metrow-bialy\\\/#primaryimage\"},\"image\":{\"@id\":\"https:\\\/\\\/dodo-inflatables.com\\\/pl\\\/produkt\\\/arkusz-uziemienia-5-x-6-metrow-bialy\\\/#primaryimage\"},\"thumbnailUrl\":\"https:\\\/\\\/dodo-inflatables.com\\\/wp-content\\\/uploads\\\/2020\\\/04\\\/unterlegplane-weis-kaufen.jpg\",\"datePublished\":\"2020-04-15T08:33:18+00:00\",\"dateModified\":\"2026-04-25T16:45:03+00:00\",\"description\":\"Kupuj pasuj\u0105ce akcesoria, takie jak stabilne prze\u015bcierad\u0142a do ponton\u00f3w, bezpo\u015brednio online na Dodo-Inflatables.com | Certyfikowane zgodnie z EN14960 | Szybka dostawa!\",\"breadcrumb\":{\"@id\":\"https:\\\/\\\/dodo-inflatables.com\\\/pl\\\/produkt\\\/arkusz-uziemienia-5-x-6-metrow-bialy\\\/#breadcrumb\"},\"inLanguage\":\"pl-PL\",\"potentialAction\":[{\"@type\":\"ReadAction\",\"target\":[\"https:\\\/\\\/dodo-inflatables.com\\\/pl\\\/produkt\\\/arkusz-uziemienia-5-x-6-metrow-bialy\\\/\"]}]},{\"@type\":\"ImageObject\",\"inLanguage\":\"pl-PL\",\"@id\":\"https:\\\/\\\/dodo-inflatables.com\\\/pl\\\/produkt\\\/arkusz-uziemienia-5-x-6-metrow-bialy\\\/#primaryimage\",\"url\":\"https:\\\/\\\/dodo-inflatables.com\\\/wp-content\\\/uploads\\\/2020\\\/04\\\/unterlegplane-weis-kaufen.jpg\",\"contentUrl\":\"https:\\\/\\\/dodo-inflatables.com\\\/wp-content\\\/uploads\\\/2020\\\/04\\\/unterlegplane-weis-kaufen.jpg\",\"width\":500,\"height\":500,\"caption\":\"Bia\u0142a podk\u0142adowa plandeka 5 x 6 m do dmuchanych zamk\u00f3w | Dodo Inflatables\"},{\"@type\":\"BreadcrumbList\",\"@id\":\"https:\\\/\\\/dodo-inflatables.com\\\/pl\\\/produkt\\\/arkusz-uziemienia-5-x-6-metrow-bialy\\\/#breadcrumb\",\"itemListElement\":[{\"@type\":\"ListItem\",\"position\":1,\"name\":\"Strona g\u0142\u00f3wna\",\"item\":\"https:\\\/\\\/dodo-inflatables.com\\\/pl\\\/\"},{\"@type\":\"ListItem\",\"position\":2,\"name\":\"Sklep\",\"item\":\"https:\\\/\\\/dodo-inflatables.com\\\/pl\\\/sklep\\\/\"},{\"@type\":\"ListItem\",\"position\":3,\"name\":\"Arkusz uziemienia 5 x 6 metr\u00f3w &#8211; bia\u0142y\"}]},{\"@type\":\"WebSite\",\"@id\":\"https:\\\/\\\/dodo-inflatables.com\\\/pl\\\/#website\",\"url\":\"https:\\\/\\\/dodo-inflatables.com\\\/pl\\\/\",\"name\":\"dodo-inflatables.com\",\"description\":\"Kup dmuchane zamki i atrakcje w naszym sklepie.\",\"potentialAction\":[{\"@type\":\"SearchAction\",\"target\":{\"@type\":\"EntryPoint\",\"urlTemplate\":\"https:\\\/\\\/dodo-inflatables.com\\\/pl\\\/?s={search_term_string}\"},\"query-input\":{\"@type\":\"PropertyValueSpecification\",\"valueRequired\":true,\"valueName\":\"search_term_string\"}}],\"inLanguage\":\"pl-PL\"}]}<\/script>\n<!-- \/ Yoast SEO plugin. -->","yoast_head_json":{"title":"Kupowanie prze\u015bcierade\u0142 do ponton\u00f3w | Dodo-Inflatables.com","description":"Kupuj pasuj\u0105ce akcesoria, takie jak stabilne prze\u015bcierad\u0142a do ponton\u00f3w, bezpo\u015brednio online na Dodo-Inflatables.com | Certyfikowane zgodnie z EN14960 | Szybka dostawa!","robots":{"index":"index","follow":"follow","max-snippet":"max-snippet:-1","max-image-preview":"max-image-preview:large","max-video-preview":"max-video-preview:-1"},"canonical":"https:\/\/dodo-inflatables.com\/pl\/produkt\/arkusz-uziemienia-5-x-6-metrow-bialy\/","twitter_misc":{"Szacowany czas czytania":"1 minuta"},"schema":{"@context":"https:\/\/schema.org","@graph":[{"@type":"WebPage","@id":"https:\/\/dodo-inflatables.com\/pl\/produkt\/arkusz-uziemienia-5-x-6-metrow-bialy\/","url":"https:\/\/dodo-inflatables.com\/pl\/produkt\/arkusz-uziemienia-5-x-6-metrow-bialy\/","name":"Kupowanie prze\u015bcierade\u0142 do ponton\u00f3w | Dodo-Inflatables.com","isPartOf":{"@id":"https:\/\/dodo-inflatables.com\/pl\/#website"},"primaryImageOfPage":{"@id":"https:\/\/dodo-inflatables.com\/pl\/produkt\/arkusz-uziemienia-5-x-6-metrow-bialy\/#primaryimage"},"image":{"@id":"https:\/\/dodo-inflatables.com\/pl\/produkt\/arkusz-uziemienia-5-x-6-metrow-bialy\/#primaryimage"},"thumbnailUrl":"https:\/\/dodo-inflatables.com\/wp-content\/uploads\/2020\/04\/unterlegplane-weis-kaufen.jpg","datePublished":"2020-04-15T08:33:18+00:00","dateModified":"2026-04-25T16:45:03+00:00","description":"Kupuj pasuj\u0105ce akcesoria, takie jak stabilne prze\u015bcierad\u0142a do ponton\u00f3w, bezpo\u015brednio online na Dodo-Inflatables.com | Certyfikowane zgodnie z EN14960 | Szybka dostawa!","breadcrumb":{"@id":"https:\/\/dodo-inflatables.com\/pl\/produkt\/arkusz-uziemienia-5-x-6-metrow-bialy\/#breadcrumb"},"inLanguage":"pl-PL","potentialAction":[{"@type":"ReadAction","target":["https:\/\/dodo-inflatables.com\/pl\/produkt\/arkusz-uziemienia-5-x-6-metrow-bialy\/"]}]},{"@type":"ImageObject","inLanguage":"pl-PL","@id":"https:\/\/dodo-inflatables.com\/pl\/produkt\/arkusz-uziemienia-5-x-6-metrow-bialy\/#primaryimage","url":"https:\/\/dodo-inflatables.com\/wp-content\/uploads\/2020\/04\/unterlegplane-weis-kaufen.jpg","contentUrl":"https:\/\/dodo-inflatables.com\/wp-content\/uploads\/2020\/04\/unterlegplane-weis-kaufen.jpg","width":500,"height":500,"caption":"Bia\u0142a podk\u0142adowa plandeka 5 x 6 m do dmuchanych zamk\u00f3w | Dodo Inflatables"},{"@type":"BreadcrumbList","@id":"https:\/\/dodo-inflatables.com\/pl\/produkt\/arkusz-uziemienia-5-x-6-metrow-bialy\/#breadcrumb","itemListElement":[{"@type":"ListItem","position":1,"name":"Strona g\u0142\u00f3wna","item":"https:\/\/dodo-inflatables.com\/pl\/"},{"@type":"ListItem","position":2,"name":"Sklep","item":"https:\/\/dodo-inflatables.com\/pl\/sklep\/"},{"@type":"ListItem","position":3,"name":"Arkusz uziemienia 5 x 6 metr\u00f3w &#8211; bia\u0142y"}]},{"@type":"WebSite","@id":"https:\/\/dodo-inflatables.com\/pl\/#website","url":"https:\/\/dodo-inflatables.com\/pl\/","name":"dodo-inflatables.com","description":"Kup dmuchane zamki i atrakcje w naszym sklepie.","potentialAction":[{"@type":"SearchAction","target":{"@type":"EntryPoint","urlTemplate":"https:\/\/dodo-inflatables.com\/pl\/?s={search_term_string}"},"query-input":{"@type":"PropertyValueSpecification","valueRequired":true,"valueName":"search_term_string"}}],"inLanguage":"pl-PL"}]}},"uagb_featured_image_src":{"full":["https:\/\/dodo-inflatables.com\/wp-content\/uploads\/2020\/04\/unterlegplane-weis-kaufen.jpg",500,500,false],"thumbnail":["https:\/\/dodo-inflatables.com\/wp-content\/uploads\/2020\/04\/unterlegplane-weis-kaufen-150x150.jpg",150,150,true],"medium":["https:\/\/dodo-inflatables.com\/wp-content\/uploads\/2020\/04\/unterlegplane-weis-kaufen-300x300.jpg",300,300,true],"medium_large":["https:\/\/dodo-inflatables.com\/wp-content\/uploads\/2020\/04\/unterlegplane-weis-kaufen.jpg",500,500,false],"large":["https:\/\/dodo-inflatables.com\/wp-content\/uploads\/2020\/04\/unterlegplane-weis-kaufen.jpg",500,500,false],"1536x1536":["https:\/\/dodo-inflatables.com\/wp-content\/uploads\/2020\/04\/unterlegplane-weis-kaufen.jpg",500,500,false],"2048x2048":["https:\/\/dodo-inflatables.com\/wp-content\/uploads\/2020\/04\/unterlegplane-weis-kaufen.jpg",500,500,false],"woocommerce_thumbnail":["https:\/\/dodo-inflatables.com\/wp-content\/uploads\/2020\/04\/unterlegplane-weis-kaufen.jpg",500,500,false],"woocommerce_single":["https:\/\/dodo-inflatables.com\/wp-content\/uploads\/2020\/04\/unterlegplane-weis-kaufen.jpg",500,500,false],"woocommerce_gallery_thumbnail":["https:\/\/dodo-inflatables.com\/wp-content\/uploads\/2020\/04\/unterlegplane-weis-kaufen-100x100.jpg",100,100,true]},"uagb_author_info":{"display_name":"Andreas","author_link":"https:\/\/dodo-inflatables.com\/pl\/author\/"},"uagb_comment_info":0,"uagb_excerpt":"Wymiary (D x S): ok. 5,00 m x 6,00 m Oczka mocuj\u0105ce w odst\u0119pach ok. 50 cm PE 260 g\/m\u00b2 Wodoodporna, odporna na warunki atmosferyczne i rozdarcia","_links":{"self":[{"href":"https:\/\/dodo-inflatables.com\/pl\/wp-json\/wp\/v2\/product\/11537","targetHints":{"allow":["GET"]}}],"collection":[{"href":"https:\/\/dodo-inflatables.com\/pl\/wp-json\/wp\/v2\/product"}],"about":[{"href":"https:\/\/dodo-inflatables.com\/pl\/wp-json\/wp\/v2\/types\/product"}],"replies":[{"embeddable":true,"href":"https:\/\/dodo-inflatables.com\/pl\/wp-json\/wp\/v2\/comments?post=11537"}],"wp:featuredmedia":[{"embeddable":true,"href":"https:\/\/dodo-inflatables.com\/pl\/wp-json\/wp\/v2\/media\/10253"}],"wp:attachment":[{"href":"https:\/\/dodo-inflatables.com\/pl\/wp-json\/wp\/v2\/media?parent=11537"}],"wp:term":[{"taxonomy":"product_brand","embeddable":true,"href":"https:\/\/dodo-inflatables.com\/pl\/wp-json\/wp\/v2\/product_brand?post=11537"},{"taxonomy":"product_cat","embeddable":true,"href":"https:\/\/dodo-inflatables.com\/pl\/wp-json\/wp\/v2\/product_cat?post=11537"},{"taxonomy":"product_tag","embeddable":true,"href":"https:\/\/dodo-inflatables.com\/pl\/wp-json\/wp\/v2\/product_tag?post=11537"}],"curies":[{"name":"wp","href":"https:\/\/api.w.org\/{rel}","templated":true}]}}