{"id":11663,"date":"2022-07-21T09:25:16","date_gmt":"2022-07-21T07:25:16","guid":{"rendered":"https:\/\/dodo-inflatables.com\/product\/dmuchany-zamek-zjezdzalnia-niebezpieczenstwo\/"},"modified":"2026-02-05T20:27:17","modified_gmt":"2026-02-05T19:27:17","slug":"dmuchany-zamek-zjezdzalnia-niebezpieczenstwo","status":"publish","type":"product","link":"https:\/\/dodo-inflatables.com\/pl\/produkt\/dmuchany-zamek-zjezdzalnia-niebezpieczenstwo\/","title":{"rendered":"Dmuchany zamek zje\u017cd\u017calnia \u201cNiebezpiecze\u0144stwo\u201d"},"content":{"rendered":"<h2>Kup Dmuchany zamek zje\u017cd\u017calnia \u201cNiebezpiecze\u0144stwo\u201d<\/h2>\n<p>Nasza dmuchana zje\u017cd\u017calnia \u201cNiebezpiecze\u0144stwo\u201d gwarantuje ekscytuj\u0105c\u0105 i pe\u0142n\u0105 emocji zabaw\u0119 dla wszystkich ma\u0142ych poszukiwaczy przyg\u00f3d. Wyrazisty design i nazwa \u201cNiebezpiecze\u0144stwo\u201d wzbudzaj\u0105 ciekawo\u015b\u0107 i ekscytacj\u0119 w\u015br\u00f3d dzieci. Du\u017ca zje\u017cd\u017calnia oferuje emocjonuj\u0105ce zjazdy, zapewniaj\u0105c dzieciom niezapomniane chwile. G\u00f3rna cz\u0119\u015b\u0107 zje\u017cd\u017calni jest wyposa\u017cona w siatk\u0119 bezpiecze\u0144stwa, kt\u00f3ra gwarantuje maksymalne bezpiecze\u0144stwo podczas zabawy.<\/p>\n<p>Dmuchany zamek zje\u017cd\u017calnia \u201cNiebezpiecze\u0144stwo\u201d dostarczany jest w odpowiednim worku transportowym i mo\u017cna go \u0142atwo roz\u0142o\u017cy\u0107 w oko\u0142o 10 minut. W zestawie znajduj\u0105 si\u0119: dmuchany zamek, worek transportowy oraz zestaw naprawczy. Prosimy pami\u0119ta\u0107, \u017ce <a href=\"https:\/\/dodo-inflatables.com\/pl\/produkt\/dmuchawa-huawei-reh-1-5e-15ps\/\">dmuchawa<\/a> oraz <a href=\"https:\/\/dodo-inflatables.com\/pl\/produkt\/arkusz-uziemienia-5-x-6-metrow\/\">mata podk\u0142adowa<\/a> nie s\u0105 zawarte w zestawie; mo\u017cna je znale\u017a\u0107 w naszej kategorii <a href=\"https:\/\/dodo-inflatables.com\/pl\/kategoria-produktu\/akcesoria\/\">Akcesoria<\/a>. Obie oferowane dmuchawy (<a href=\"https:\/\/dodo-inflatables.com\/pl\/produkt\/dmuchawa-huawei-reh-1-5e-15ps\/\">Huawei<\/a> i <a href=\"https:\/\/dodo-inflatables.com\/pl\/produkt\/dmuchawa-gibbons-fp5005-15ps\/\">Gibbons<\/a>) s\u0105 odpowiednie do tego zamku.<\/p>\n<p>Wykonany z wytrzyma\u0142ej plandeki PVC (0,55 mm \/ 621,3 g\/m\u00b2) i certyfikowany zgodnie z norm\u0105 DIN EN 14960, Dmuchany zamek zje\u017cd\u017calnia \u201cNiebezpiecze\u0144stwo\u201d jest produktem wysokiej jako\u015bci, spe\u0142niaj\u0105cym najwy\u017csze standardy bezpiecze\u0144stwa.<\/p>\n<p>Prosimy u\u017cywa\u0107 zamku wy\u0142\u0105cznie na odpowiednich matach podk\u0142adowych, aby chroni\u0107 go przed ostrymi przedmiotami na pod\u0142o\u017cu i przed \u015bcieraniem. Zalecamy rozstawienie zamku na trawniku i przymocowanie go za pomoc\u0105 <a href=\"https:\/\/dodo-inflatables.com\/pl\/produkt\/kolki-uziemiajace-do-mocowania-nadmuchiwanego\/\">ko\u0142k\u00f3w<\/a>, aby zapewni\u0107 maksymalne bezpiecze\u0144stwo. Po ka\u017cdym u\u017cyciu zamek powinien by\u0107 ponownie suchy i odpowiednio zapakowany, aby chroni\u0107 go przed wp\u0142ywami zewn\u0119trznymi i uszkodzeniami podczas transportu.<\/p>\n<p>\u26a0\ufe0f Do dzia\u0142ania zamku potrzebna jest tylko <strong>jedna dmuchawa<\/strong>. Drugi w\u0105\u017c powietrzny jest jedynie alternatyw\u0105 \u2013 na przyk\u0142ad, gdy na miejscu s\u0105 problemy z przestrzeni\u0105 i inne po\u0142\u0105czenie jest bardziej korzystne \u2013 lub mo\u017ce by\u0107 u\u017cywany podczas demonta\u017cu, aby szybciej wypu\u015bci\u0107 powietrze.<\/p>\n<div class=\"product-description\">\n<div class=\"yellow-box\">\n<h2>Szczeg\u00f3\u0142y dotycz\u0105ce Dmuchany zamek zje\u017cd\u017calnia \u201cNiebezpiecze\u0144stwo\u201d<\/h2>\n<div class=\"info-container\">\n<div class=\"info-group\">\n<div class=\"info-column\">\n<h3>Wymiary i u\u017cytkownicy<\/h3>\n<ul>\n<li><strong>Wymiary<\/strong>: 7,00 m x 4,00 m x 5,40 m * (d\u0142. x szer. x wys.)<\/li>\n<li><strong>Powierzchnia do skakania<\/strong>: &#8211; (d\u0142. x szer.)<\/li>\n<li><strong>Wysoko\u015b\u0107 zje\u017cd\u017calni<\/strong>: 2,30 m + 50 cm wysoko\u015bci od pod\u0142o\u017ca *<\/li>\n<li>Odpowiedni dla ok. <strong>10 dzieci<\/strong> (w zale\u017cno\u015bci od wieku i wzrostu)<\/li>\n<li><strong>Maksymalny wzrost<\/strong> u\u017cytkownik\u00f3w: 1,50 m<\/li>\n<\/ul>\n<\/div>\n<div class=\"info-column\">\n<h3>Monta\u017c i demonta\u017c<\/h3>\n<ul>\n<li><strong>Wymiary opakowania<\/strong>: Wysoko\u015b\u0107 130 cm, \u015brednica 120 cm<\/li>\n<li><strong>Waga<\/strong>: ok. 145 kg<\/li>\n<li><strong>Czas monta\u017cu<\/strong>: 10\u201320 minut<\/li>\n<li><strong>Wymagana dmuchawa<\/strong>: <span style=\"color: #ffffff;\"><a style=\"color: #ffffff;\" href=\"https:\/\/dodo-inflatables.com\/pl\/produkt\/dmuchawa-huawei-reh-2e-2ps\/\">1 x Huawei REH-2E \u2013 2 PS<\/a><\/span><\/li>\n<li><strong>Wymagana przestrze\u0144<\/strong>: 12,30 x 7,60 m (d\u0142. x szer.) (zgodnie z DIN EN14960) <span class=\"tooltip\"><em><span style=\"color: #ffffff;\">Co to znaczy?<\/span><\/em><span class=\"tooltiptext\">Zgodnie z norm\u0105 DIN wok\u00f3\u0142 zamku dmuchanego powinno by\u0107 1,80 m wolnej przestrzeni oraz 3,50 m przed otwart\u0105 stron\u0105. Ma to na celu bezpiecze\u0144stwo, a realizacja zale\u017cy od w\u0142asnego uznania.<\/span><\/span><\/li>\n<\/ul>\n<\/div>\n<div class=\"info-column\">\n<h3>W\u0142a\u015bciwo\u015bci<\/h3>\n<ul>\n<li><strong>Certyfikat zgodno\u015bci<\/strong> z norm\u0105 EN 14960<\/li>\n<li>Materia\u0142: PVC (0,55 mm \/ 621,3 g\/m\u00b2)<\/li>\n<li>Szycie: 2\u20134-krotne<\/li>\n<li>Trudnopalny<\/li>\n<li>Powierzchnia do skakania z paskiem ochronnym, zamek b\u0142yskawiczny z os\u0142on\u0105 na rzep, wzmocnione naro\u017cniki<\/li>\n<\/ul>\n<\/div>\n<\/div>\n<div class=\"info-group\">\n<div class=\"info-column\">\n<h3>Zawarto\u015b\u0107 zestawu<\/h3>\n<ul class=\"check-list\">\n<li>Obszerny przewodnik z informacjami dotycz\u0105cymi bezpiecze\u0144stwa, instrukcjami monta\u017cu i demonta\u017cu oraz wskaz\u00f3wkami dotycz\u0105cymi wynajmu<\/li>\n<li>Odpowiedni worek transportowy<\/li>\n<li>Zestaw naprawczy<\/li>\n<\/ul>\n<\/div>\n<div class=\"info-column\">\n<h3>Nie zawiera<\/h3>\n<ul class=\"cross-list\">\n<li><a style=\"color: #ffffff;\" href=\"https:\/\/dodo-inflatables.com\/pl\/produkt\/dmuchawa-huawei-reh-1-5e-15ps\/\">Dmuchawy<\/a><\/li>\n<li><a style=\"color: #ffffff;\" href=\"https:\/\/dodo-inflatables.com\/pl\/produkt\/arkusz-uziemienia-5-x-6-metrow\/\">Maty podk\u0142adowej<\/a><\/li>\n<li><a style=\"color: #ffffff;\" href=\"https:\/\/dodo-inflatables.com\/pl\/produkt\/kolki-uziemiajace-do-mocowania-nadmuchiwanego\/\">Ko\u0142k\u00f3w<\/a><\/li>\n<li><a style=\"color: #ffffff;\" href=\"https:\/\/dodo-inflatables.com\/pl\/produkt\/maty-chroniace-przed-upadkiem-240-x-120-x-5-cm\/\">Mat ochronnych<\/a><\/li>\n<li>Innych akcesori\u00f3w<\/li>\n<\/ul>\n<\/div>\n<div class=\"info-column\"><\/div>\n<\/div>\n<\/div>\n<\/div>\n<\/div>\n<h3>Wa\u017cne informacje dotycz\u0105ce u\u017cytkowania<\/h3>\n<p>Dmuchany zamek zje\u017cd\u017calnia \u201cNiebezpiecze\u0144stwo\u201d to profesjonalny modu\u0142, kt\u00f3ry zosta\u0142 wykonany i przetestowany zgodnie z rygorystycznymi wytycznymi normy DIN EN 14960, co oznacza, \u017ce jest bezpieczny i niezawodny. Dzi\u0119ki Dmuchany zamek zje\u017cd\u017calnia \u201cNiebezpiecze\u0144stwo\u201d jest idealny do profesjonalnego wynajmu. Prosimy pami\u0119ta\u0107, \u017ce na zamku mog\u0105 bawi\u0107 si\u0119 tylko dzieci \u2013 doro\u015bli nie s\u0105 dozwoleni!<\/p>\n<p>Prosimy r\u00f3wnie\u017c pami\u0119ta\u0107, \u017ce dmuchawa (nie zawarta w zestawie) musi dzia\u0142a\u0107 ci\u0105gle podczas u\u017cytkowania, a niewielki wyciek powietrza przez otwory jest konieczny, aby zamek nie p\u0119k\u0142.<\/p>\n<p>Zdob\u0105d\u017a teraz Dmuchany zamek zje\u017cd\u017calnia \u201cNiebezpiecze\u0144stwo\u201d i prze\u017cyj niezapomniane chwile pe\u0142ne zabawy i przyg\u00f3d!<\/p>\n<p>&nbsp;<\/p>\n<div class=\"green-box\"><img decoding=\"async\" src=\"https:\/\/dodo-inflatables.com\/wp-content\/uploads\/2025\/04\/PL-1.png\" alt=\"Leitfaden\" \/><\/p>\n<div class=\"text-container\">\n<h3>Po zakupie otrzymasz 23-stronicowy przewodnik, kt\u00f3ry zawiera:<\/h3>\n<ul>\n<li>Wytyczne bezpiecze\u0144stwa dotycz\u0105ce monta\u017cu, demonta\u017cu i u\u017cytkowania dmuchanego zamku<\/li>\n<li>Certyfikat DIN EN 14960 i indywidualny numer seryjny<\/li>\n<li>Szczeg\u00f3\u0142owa instrukcja monta\u017cu i demonta\u017cu<\/li>\n<li>Wskaz\u00f3wki dotycz\u0105ce inspekcji i konserwacji<\/li>\n<li>Zalecenia dotycz\u0105ce u\u017cytkowania przy wynajmie<\/li>\n<\/ul>\n<\/div>\n<\/div>\n","protected":false},"excerpt":{"rendered":"<h4>[gzd_product_delivery_time]<\/h4>\n<div class=\"delivery-info\">\n<p>Je\u015bli zam\u00f3wienie i p\u0142atno\u015b\u0107 zostan\u0105 otrzymane <b>do godziny 11:00<\/b>,<br \/>\nprodukt zostanie wys\u0142any tego samego dnia!<\/p>\n<p><i class=\"fas fa-shipping-fast\"><\/i> \u00a0\u00a0Czas dostawy: ok. 2 \u2013 8 dni roboczych (Wysy\u0142ka z Niemiec)<br \/>\n<i class=\"fas fa-expand-arrows-alt\"><\/i> \u00a0\u00a0\u00a0Wymiary: 7,00 m x 4,00 m x 5,40 m * (D \u00d7 S \u00d7 W)<br \/>\n<i class=\"fas fa-users\"><\/i> \u00a0\u00a0Odpowiedni dla ok. 10 dzieci (w zale\u017cno\u015bci od wieku i wzrostu)<br \/>\n<i class=\"fas fa-award\"><\/i> \u00a0\u00a0\u00a0Certyfikat zgodny z norm\u0105 DIN EN 14960<br \/>\n<i class=\"fas fa-book\"><\/i> \u00a0\u00a0\u00a0Instrukcja z certyfikatem i numerem seryjnym<\/p>\n<\/div>\n","protected":false},"featured_media":59051,"comment_status":"open","ping_status":"closed","template":"","meta":{"_acf_changed":false,"_uag_custom_page_level_css":"","site-sidebar-layout":"default","site-content-layout":"boxed-container","ast-site-content-layout":"normal-width-container","site-content-style":"boxed","site-sidebar-style":"boxed","ast-global-header-display":"","ast-banner-title-visibility":"","ast-main-header-display":"","ast-hfb-above-header-display":"","ast-hfb-below-header-display":"","ast-hfb-mobile-header-display":"","site-post-title":"disabled","ast-breadcrumbs-content":"","ast-featured-img":"","footer-sml-layout":"","ast-disable-related-posts":"","theme-transparent-header-meta":"default","adv-header-id-meta":"","stick-header-meta":"default","header-above-stick-meta":"","header-main-stick-meta":"","header-below-stick-meta":"","astra-migrate-meta-layouts":"set","ast-page-background-enabled":"default","ast-page-background-meta":{"desktop":{"background-color":"var(--ast-global-color-4)","background-image":"","background-repeat":"repeat","background-position":"center center","background-size":"auto","background-attachment":"scroll","background-type":"","background-media":"","overlay-type":"","overlay-color":"","overlay-opacity":"","overlay-gradient":""},"tablet":{"background-color":"","background-image":"","background-repeat":"repeat","background-position":"center center","background-size":"auto","background-attachment":"scroll","background-type":"","background-media":"","overlay-type":"","overlay-color":"","overlay-opacity":"","overlay-gradient":""},"mobile":{"background-color":"","background-image":"","background-repeat":"repeat","background-position":"center center","background-size":"auto","background-attachment":"scroll","background-type":"","background-media":"","overlay-type":"","overlay-color":"","overlay-opacity":"","overlay-gradient":""}},"ast-content-background-meta":{"desktop":{"background-color":"var(--ast-global-color-5)","background-image":"","background-repeat":"repeat","background-position":"center center","background-size":"auto","background-attachment":"scroll","background-type":"","background-media":"","overlay-type":"","overlay-color":"","overlay-opacity":"","overlay-gradient":""},"tablet":{"background-color":"var(--ast-global-color-5)","background-image":"","background-repeat":"repeat","background-position":"center center","background-size":"auto","background-attachment":"scroll","background-type":"","background-media":"","overlay-type":"","overlay-color":"","overlay-opacity":"","overlay-gradient":""},"mobile":{"background-color":"var(--ast-global-color-5)","background-image":"","background-repeat":"repeat","background-position":"center center","background-size":"auto","background-attachment":"scroll","background-type":"","background-media":"","overlay-type":"","overlay-color":"","overlay-opacity":"","overlay-gradient":""}}},"product_brand":[],"product_cat":[776,777],"product_tag":[783],"class_list":{"0":"post-11663","1":"product","2":"type-product","3":"status-publish","4":"has-post-thumbnail","6":"product_cat-zamki-bouncy","7":"product_cat-slajdy","8":"product_tag-z-suwakiem","9":"product_shipping_class-spedition-hupfburg","10":"pa_gtin-0645117542496-pl","11":"pa_height-510-m-550-m-pl-2","12":"pa_height-of-the-slide-210-m-250-m-pl","13":"pa_length-660-m-700-m-pl","14":"pa_type-of-bouncy-castle-slide-pl-2","15":"pa_width-360-m-400-m-pl-2","16":"desktop-align-center","17":"tablet-align-center","18":"mobile-align-center","19":"ast-product-gallery-layout-horizontal","20":"ast-product-tabs-layout-horizontal","22":"first","23":"instock","24":"taxable","25":"shipping-taxable","26":"purchasable","27":"product-type-simple"},"acf":[],"yoast_head":"<!-- This site is optimized with the Yoast SEO plugin v27.3 - https:\/\/yoast.com\/product\/yoast-seo-wordpress\/ -->\n<title>Kupi\u0107 Dmuchany zamek zje\u017cd\u017calnia \u201cNiebezpiecze\u0144stwo\u201d<\/title>\n<meta name=\"description\" content=\"Kup Dmuchany zamek zje\u017cd\u017calnia \u201cNiebezpiecze\u0144stwo\u201d do u\u017cytku prywatnego i komercyjnego w Polsce. Certyfikat T\u00dcV, zgodno\u015b\u0107 z EN 14960, szybka dostawa.\" \/>\n<meta name=\"robots\" content=\"index, follow, max-snippet:-1, max-image-preview:large, max-video-preview:-1\" \/>\n<link rel=\"canonical\" href=\"https:\/\/dodo-inflatables.com\/pl\/produkt\/dmuchany-zamek-zjezdzalnia-niebezpieczenstwo\/\" \/>\n<meta name=\"twitter:label1\" content=\"Szacowany czas czytania\" \/>\n\t<meta name=\"twitter:data1\" content=\"3 minuty\" \/>\n<script type=\"application\/ld+json\" class=\"yoast-schema-graph\">{\"@context\":\"https:\\\/\\\/schema.org\",\"@graph\":[{\"@type\":\"WebPage\",\"@id\":\"https:\\\/\\\/dodo-inflatables.com\\\/pl\\\/produkt\\\/dmuchany-zamek-zjezdzalnia-niebezpieczenstwo\\\/\",\"url\":\"https:\\\/\\\/dodo-inflatables.com\\\/pl\\\/produkt\\\/dmuchany-zamek-zjezdzalnia-niebezpieczenstwo\\\/\",\"name\":\"Kupi\u0107 Dmuchany zamek zje\u017cd\u017calnia \u201cNiebezpiecze\u0144stwo\u201d\",\"isPartOf\":{\"@id\":\"https:\\\/\\\/dodo-inflatables.com\\\/pl\\\/#website\"},\"primaryImageOfPage\":{\"@id\":\"https:\\\/\\\/dodo-inflatables.com\\\/pl\\\/produkt\\\/dmuchany-zamek-zjezdzalnia-niebezpieczenstwo\\\/#primaryimage\"},\"image\":{\"@id\":\"https:\\\/\\\/dodo-inflatables.com\\\/pl\\\/produkt\\\/dmuchany-zamek-zjezdzalnia-niebezpieczenstwo\\\/#primaryimage\"},\"thumbnailUrl\":\"https:\\\/\\\/dodo-inflatables.com\\\/wp-content\\\/uploads\\\/2022\\\/07\\\/buy-Bouncy-Castle-Slide-Danger-13.jpg\",\"datePublished\":\"2022-07-21T07:25:16+00:00\",\"dateModified\":\"2026-02-05T19:27:17+00:00\",\"description\":\"Kup Dmuchany zamek zje\u017cd\u017calnia \u201cNiebezpiecze\u0144stwo\u201d do u\u017cytku prywatnego i komercyjnego w Polsce. Certyfikat T\u00dcV, zgodno\u015b\u0107 z EN 14960, szybka dostawa.\",\"breadcrumb\":{\"@id\":\"https:\\\/\\\/dodo-inflatables.com\\\/pl\\\/produkt\\\/dmuchany-zamek-zjezdzalnia-niebezpieczenstwo\\\/#breadcrumb\"},\"inLanguage\":\"pl-PL\",\"potentialAction\":[{\"@type\":\"ReadAction\",\"target\":[\"https:\\\/\\\/dodo-inflatables.com\\\/pl\\\/produkt\\\/dmuchany-zamek-zjezdzalnia-niebezpieczenstwo\\\/\"]}]},{\"@type\":\"ImageObject\",\"inLanguage\":\"pl-PL\",\"@id\":\"https:\\\/\\\/dodo-inflatables.com\\\/pl\\\/produkt\\\/dmuchany-zamek-zjezdzalnia-niebezpieczenstwo\\\/#primaryimage\",\"url\":\"https:\\\/\\\/dodo-inflatables.com\\\/wp-content\\\/uploads\\\/2022\\\/07\\\/buy-Bouncy-Castle-Slide-Danger-13.jpg\",\"contentUrl\":\"https:\\\/\\\/dodo-inflatables.com\\\/wp-content\\\/uploads\\\/2022\\\/07\\\/buy-Bouncy-Castle-Slide-Danger-13.jpg\",\"width\":1000,\"height\":1000},{\"@type\":\"BreadcrumbList\",\"@id\":\"https:\\\/\\\/dodo-inflatables.com\\\/pl\\\/produkt\\\/dmuchany-zamek-zjezdzalnia-niebezpieczenstwo\\\/#breadcrumb\",\"itemListElement\":[{\"@type\":\"ListItem\",\"position\":1,\"name\":\"Strona g\u0142\u00f3wna\",\"item\":\"https:\\\/\\\/dodo-inflatables.com\\\/pl\\\/\"},{\"@type\":\"ListItem\",\"position\":2,\"name\":\"Sklep\",\"item\":\"https:\\\/\\\/dodo-inflatables.com\\\/pl\\\/sklep\\\/\"},{\"@type\":\"ListItem\",\"position\":3,\"name\":\"Dmuchany zamek zje\u017cd\u017calnia \u201cNiebezpiecze\u0144stwo\u201d\"}]},{\"@type\":\"WebSite\",\"@id\":\"https:\\\/\\\/dodo-inflatables.com\\\/pl\\\/#website\",\"url\":\"https:\\\/\\\/dodo-inflatables.com\\\/pl\\\/\",\"name\":\"dodo-inflatables.com\",\"description\":\"Kup dmuchane zamki i atrakcje w naszym sklepie.\",\"publisher\":{\"@id\":\"https:\\\/\\\/dodo-inflatables.com\\\/pl\\\/#organization\"},\"potentialAction\":[{\"@type\":\"SearchAction\",\"target\":{\"@type\":\"EntryPoint\",\"urlTemplate\":\"https:\\\/\\\/dodo-inflatables.com\\\/pl\\\/?s={search_term_string}\"},\"query-input\":{\"@type\":\"PropertyValueSpecification\",\"valueRequired\":true,\"valueName\":\"search_term_string\"}}],\"inLanguage\":\"pl-PL\"},{\"@type\":\"Organization\",\"@id\":\"https:\\\/\\\/dodo-inflatables.com\\\/pl\\\/#organization\",\"name\":\"dodo-inflatables.com\",\"url\":\"https:\\\/\\\/dodo-inflatables.com\\\/pl\\\/\",\"logo\":{\"@type\":\"ImageObject\",\"inLanguage\":\"pl-PL\",\"@id\":\"https:\\\/\\\/dodo-inflatables.com\\\/pl\\\/#\\\/schema\\\/logo\\\/image\\\/\",\"url\":\"https:\\\/\\\/dodo-inflatables.com\\\/wp-content\\\/uploads\\\/2023\\\/04\\\/cropped-cropped-cropped-Dodo-Logo.png\",\"contentUrl\":\"https:\\\/\\\/dodo-inflatables.com\\\/wp-content\\\/uploads\\\/2023\\\/04\\\/cropped-cropped-cropped-Dodo-Logo.png\",\"width\":2996,\"height\":1545,\"caption\":\"dodo-inflatables.com\"},\"image\":{\"@id\":\"https:\\\/\\\/dodo-inflatables.com\\\/pl\\\/#\\\/schema\\\/logo\\\/image\\\/\"}}]}<\/script>\n<!-- \/ Yoast SEO plugin. -->","yoast_head_json":{"title":"Kupi\u0107 Dmuchany zamek zje\u017cd\u017calnia \u201cNiebezpiecze\u0144stwo\u201d","description":"Kup Dmuchany zamek zje\u017cd\u017calnia \u201cNiebezpiecze\u0144stwo\u201d do u\u017cytku prywatnego i komercyjnego w Polsce. Certyfikat T\u00dcV, zgodno\u015b\u0107 z EN 14960, szybka dostawa.","robots":{"index":"index","follow":"follow","max-snippet":"max-snippet:-1","max-image-preview":"max-image-preview:large","max-video-preview":"max-video-preview:-1"},"canonical":"https:\/\/dodo-inflatables.com\/pl\/produkt\/dmuchany-zamek-zjezdzalnia-niebezpieczenstwo\/","twitter_misc":{"Szacowany czas czytania":"3 minuty"},"schema":{"@context":"https:\/\/schema.org","@graph":[{"@type":"WebPage","@id":"https:\/\/dodo-inflatables.com\/pl\/produkt\/dmuchany-zamek-zjezdzalnia-niebezpieczenstwo\/","url":"https:\/\/dodo-inflatables.com\/pl\/produkt\/dmuchany-zamek-zjezdzalnia-niebezpieczenstwo\/","name":"Kupi\u0107 Dmuchany zamek zje\u017cd\u017calnia \u201cNiebezpiecze\u0144stwo\u201d","isPartOf":{"@id":"https:\/\/dodo-inflatables.com\/pl\/#website"},"primaryImageOfPage":{"@id":"https:\/\/dodo-inflatables.com\/pl\/produkt\/dmuchany-zamek-zjezdzalnia-niebezpieczenstwo\/#primaryimage"},"image":{"@id":"https:\/\/dodo-inflatables.com\/pl\/produkt\/dmuchany-zamek-zjezdzalnia-niebezpieczenstwo\/#primaryimage"},"thumbnailUrl":"https:\/\/dodo-inflatables.com\/wp-content\/uploads\/2022\/07\/buy-Bouncy-Castle-Slide-Danger-13.jpg","datePublished":"2022-07-21T07:25:16+00:00","dateModified":"2026-02-05T19:27:17+00:00","description":"Kup Dmuchany zamek zje\u017cd\u017calnia \u201cNiebezpiecze\u0144stwo\u201d do u\u017cytku prywatnego i komercyjnego w Polsce. Certyfikat T\u00dcV, zgodno\u015b\u0107 z EN 14960, szybka dostawa.","breadcrumb":{"@id":"https:\/\/dodo-inflatables.com\/pl\/produkt\/dmuchany-zamek-zjezdzalnia-niebezpieczenstwo\/#breadcrumb"},"inLanguage":"pl-PL","potentialAction":[{"@type":"ReadAction","target":["https:\/\/dodo-inflatables.com\/pl\/produkt\/dmuchany-zamek-zjezdzalnia-niebezpieczenstwo\/"]}]},{"@type":"ImageObject","inLanguage":"pl-PL","@id":"https:\/\/dodo-inflatables.com\/pl\/produkt\/dmuchany-zamek-zjezdzalnia-niebezpieczenstwo\/#primaryimage","url":"https:\/\/dodo-inflatables.com\/wp-content\/uploads\/2022\/07\/buy-Bouncy-Castle-Slide-Danger-13.jpg","contentUrl":"https:\/\/dodo-inflatables.com\/wp-content\/uploads\/2022\/07\/buy-Bouncy-Castle-Slide-Danger-13.jpg","width":1000,"height":1000},{"@type":"BreadcrumbList","@id":"https:\/\/dodo-inflatables.com\/pl\/produkt\/dmuchany-zamek-zjezdzalnia-niebezpieczenstwo\/#breadcrumb","itemListElement":[{"@type":"ListItem","position":1,"name":"Strona g\u0142\u00f3wna","item":"https:\/\/dodo-inflatables.com\/pl\/"},{"@type":"ListItem","position":2,"name":"Sklep","item":"https:\/\/dodo-inflatables.com\/pl\/sklep\/"},{"@type":"ListItem","position":3,"name":"Dmuchany zamek zje\u017cd\u017calnia \u201cNiebezpiecze\u0144stwo\u201d"}]},{"@type":"WebSite","@id":"https:\/\/dodo-inflatables.com\/pl\/#website","url":"https:\/\/dodo-inflatables.com\/pl\/","name":"dodo-inflatables.com","description":"Kup dmuchane zamki i atrakcje w naszym sklepie.","publisher":{"@id":"https:\/\/dodo-inflatables.com\/pl\/#organization"},"potentialAction":[{"@type":"SearchAction","target":{"@type":"EntryPoint","urlTemplate":"https:\/\/dodo-inflatables.com\/pl\/?s={search_term_string}"},"query-input":{"@type":"PropertyValueSpecification","valueRequired":true,"valueName":"search_term_string"}}],"inLanguage":"pl-PL"},{"@type":"Organization","@id":"https:\/\/dodo-inflatables.com\/pl\/#organization","name":"dodo-inflatables.com","url":"https:\/\/dodo-inflatables.com\/pl\/","logo":{"@type":"ImageObject","inLanguage":"pl-PL","@id":"https:\/\/dodo-inflatables.com\/pl\/#\/schema\/logo\/image\/","url":"https:\/\/dodo-inflatables.com\/wp-content\/uploads\/2023\/04\/cropped-cropped-cropped-Dodo-Logo.png","contentUrl":"https:\/\/dodo-inflatables.com\/wp-content\/uploads\/2023\/04\/cropped-cropped-cropped-Dodo-Logo.png","width":2996,"height":1545,"caption":"dodo-inflatables.com"},"image":{"@id":"https:\/\/dodo-inflatables.com\/pl\/#\/schema\/logo\/image\/"}}]}},"uagb_featured_image_src":{"full":["https:\/\/dodo-inflatables.com\/wp-content\/uploads\/2022\/07\/buy-Bouncy-Castle-Slide-Danger-13.jpg",1000,1000,false],"thumbnail":["https:\/\/dodo-inflatables.com\/wp-content\/uploads\/2022\/07\/buy-Bouncy-Castle-Slide-Danger-13-150x150.jpg",150,150,true],"medium":["https:\/\/dodo-inflatables.com\/wp-content\/uploads\/2022\/07\/buy-Bouncy-Castle-Slide-Danger-13-300x300.jpg",300,300,true],"medium_large":["https:\/\/dodo-inflatables.com\/wp-content\/uploads\/2022\/07\/buy-Bouncy-Castle-Slide-Danger-13-768x768.jpg",768,768,true],"large":["https:\/\/dodo-inflatables.com\/wp-content\/uploads\/2022\/07\/buy-Bouncy-Castle-Slide-Danger-13.jpg",1000,1000,false],"1536x1536":["https:\/\/dodo-inflatables.com\/wp-content\/uploads\/2022\/07\/buy-Bouncy-Castle-Slide-Danger-13.jpg",1000,1000,false],"2048x2048":["https:\/\/dodo-inflatables.com\/wp-content\/uploads\/2022\/07\/buy-Bouncy-Castle-Slide-Danger-13.jpg",1000,1000,false],"woocommerce_thumbnail":["https:\/\/dodo-inflatables.com\/wp-content\/uploads\/2022\/07\/buy-Bouncy-Castle-Slide-Danger-13-900x900.jpg",900,900,true],"woocommerce_single":["https:\/\/dodo-inflatables.com\/wp-content\/uploads\/2022\/07\/buy-Bouncy-Castle-Slide-Danger-13-900x900.jpg",900,900,true],"woocommerce_gallery_thumbnail":["https:\/\/dodo-inflatables.com\/wp-content\/uploads\/2022\/07\/buy-Bouncy-Castle-Slide-Danger-13-100x100.jpg",100,100,true]},"uagb_author_info":{"display_name":"Andreas","author_link":"https:\/\/dodo-inflatables.com\/pl\/author\/"},"uagb_comment_info":0,"uagb_excerpt":"[gzd_product_delivery_time] Je\u015bli zam\u00f3wienie i p\u0142atno\u015b\u0107 zostan\u0105 otrzymane do godziny 11:00, produkt zostanie wys\u0142any tego samego dnia! \u00a0\u00a0Czas dostawy: ok. 2 \u2013 8 dni roboczych (Wysy\u0142ka z Niemiec) \u00a0\u00a0\u00a0Wymiary: 7,00 m x 4,00 m x 5,40 m * (D \u00d7 S \u00d7 W) \u00a0\u00a0Odpowiedni dla ok. 10 dzieci (w zale\u017cno\u015bci od wieku i wzrostu) \u00a0\u00a0\u00a0Certyfikat zgodny&hellip;","_links":{"self":[{"href":"https:\/\/dodo-inflatables.com\/pl\/wp-json\/wp\/v2\/product\/11663","targetHints":{"allow":["GET"]}}],"collection":[{"href":"https:\/\/dodo-inflatables.com\/pl\/wp-json\/wp\/v2\/product"}],"about":[{"href":"https:\/\/dodo-inflatables.com\/pl\/wp-json\/wp\/v2\/types\/product"}],"replies":[{"embeddable":true,"href":"https:\/\/dodo-inflatables.com\/pl\/wp-json\/wp\/v2\/comments?post=11663"}],"wp:featuredmedia":[{"embeddable":true,"href":"https:\/\/dodo-inflatables.com\/pl\/wp-json\/wp\/v2\/media\/59051"}],"wp:attachment":[{"href":"https:\/\/dodo-inflatables.com\/pl\/wp-json\/wp\/v2\/media?parent=11663"}],"wp:term":[{"taxonomy":"product_brand","embeddable":true,"href":"https:\/\/dodo-inflatables.com\/pl\/wp-json\/wp\/v2\/product_brand?post=11663"},{"taxonomy":"product_cat","embeddable":true,"href":"https:\/\/dodo-inflatables.com\/pl\/wp-json\/wp\/v2\/product_cat?post=11663"},{"taxonomy":"product_tag","embeddable":true,"href":"https:\/\/dodo-inflatables.com\/pl\/wp-json\/wp\/v2\/product_tag?post=11663"}],"curies":[{"name":"wp","href":"https:\/\/api.w.org\/{rel}","templated":true}]}}