{"id":11712,"date":"2021-01-18T12:17:14","date_gmt":"2021-01-18T11:17:14","guid":{"rendered":"https:\/\/dodo-inflatables.com\/product\/nadmuchiwana-chata-alpejska\/"},"modified":"2024-06-01T17:22:55","modified_gmt":"2024-06-01T15:22:55","slug":"nadmuchiwana-chata-alpejska","status":"publish","type":"product","link":"https:\/\/dodo-inflatables.com\/pl\/produkt\/nadmuchiwana-chata-alpejska\/","title":{"rendered":"Nadmuchiwana chata alpejska"},"content":{"rendered":"<h1>Kup nadmuchiwan\u0105 chat\u0119 alpejsk\u0105 &#8211; namiot na specjalne okazje<\/h1>\n<p>Tutaj mamy bardzo specjalny nadmuchiwany namiot w stylu drewnianej g\u00f3rskiej chaty. Ta nadmuchiwana drewniana chatka jest idealna na imprezy i dzia\u0142ania promocyjne. Nadmuchiwany namiot jest stale zasilany powietrzem za pomoc\u0105 dmuchawy, dzi\u0119ki czemu jest bardzo stabilny. Oczywi\u015bcie nadmuchiwany namiot ma kilka oczek, aby jak najlepiej zabezpieczy\u0107 go przed wiatrem. Szczeg\u00f3\u0142y chaty alpejskiej s\u0105 bardzo dobrze przemy\u015blane, na przyk\u0142ad drzwi mo\u017cna otwiera\u0107 i zamyka\u0107 za pomoc\u0105 zamka b\u0142yskawicznego. Gonty dachowe wygl\u0105daj\u0105 bajecznie realistycznie, a okna maj\u0105 zdejmowane moskitiery na relaksuj\u0105ce wieczory w chacie. Chata ma r\u00f3wnie\u017c 2 oczka w g\u00f3rnej cz\u0119\u015bci szczytu, kt\u00f3re idealnie nadaj\u0105 si\u0119 do przymocowania banera z \u017c\u0105danym napisem, logo lub wzorem. Prawdziwa wielofunkcyjna chata o wielu zastosowaniach! Niezale\u017cnie od tego, czy jest to namiot barowy, bar eventowy, namiot promocyjny, czy po prostu przyci\u0105ga wzrok, ta nadmuchiwana g\u00f3rska chata z pewno\u015bci\u0105 zwr\u00f3ci na siebie uwag\u0119.<\/p>\n<p>Czy chcia\u0142by\u015b mie\u0107 chat\u0119 w innych wymiarach lub w innym wzorze, na przyk\u0142ad jako irlandzki pub? Nie ma problemu, z przyjemno\u015bci\u0105 zaoferujemy wszystkie opcje.<\/p>\n<p>Zalecamy u\u017cywanie nadmuchiwanej chaty alpejskiej wy\u0142\u0105cznie na odpowiednich plandekach podk\u0142adowych. Mo\u017cna je r\u00f3wnie\u017c znale\u017a\u0107 w naszej kategorii akcesori\u00f3w. Generalnie zalecamy ustawienie nadmuchiwanej chaty imprezowej na trawniku. Nasze ko\u0142ki rozporowe s\u0105 r\u00f3wnie\u017c idealne do mocowania.<\/p>\n<p>Nadmuchiwana drewniana chata jest dostarczana w odpowiedniej torbie transportowej. Aby chroni\u0107 nadmuchiwan\u0105 chat\u0119 przed wp\u0142ywami zewn\u0119trznymi i uszkodzeniami transportowymi, nale\u017cy j\u0105 odpowiednio przepakowa\u0107 po ka\u017cdym u\u017cyciu. Jako firma wynajmuj\u0105ca, powiniene\u015b r\u00f3wnie\u017c wymaga\u0107 od klienta odpowiedniego przepakowania nadmuchiwanej chaty.<\/p>\n<h3>Szczeg\u00f3\u0142y nadmuchiwanej chaty alpejskiej<\/h3>\n<ul>\n<li>Wymiary (d\u0142. x szer. x wys.): 6,00 m x 4,00 m x 6,20 m *.<\/li>\n<li>Waga: ok. 80 kg *<\/li>\n<li>Rozmiar opakowania: 80 x 80 x 110 cm *.<\/li>\n<li>Czas monta\u017cu: 10 minut<\/li>\n<li>Materia\u0142: PVC (0,55 mm \/ 621,3 g\/m kw.)<\/li>\n<li>2 &#8211; 4 szwy (w zale\u017cno\u015bci od zastosowania)<\/li>\n<li>Ognioodporno\u015b\u0107<\/li>\n<li>Certyfikat zatwierdzenia zgodnie z norm\u0105 EN 14960<\/li>\n<li>Zamek b\u0142yskawiczny z os\u0142on\u0105 na rzep, wzmocnione naro\u017cniki<\/li>\n<\/ul>\n<p>Zakres dostawy obejmuje: nadmuchiwan\u0105 chatk\u0119 alpejsk\u0105, torb\u0119 transportow\u0105 i zestaw naprawczy.<\/p>\n<p>Dmuchawa i klosz nie s\u0105 do\u0142\u0105czone do zestawu. Mo\u017cna je znale\u017a\u0107 w kategorii akcesori\u00f3w.<\/p>\n<p>Nadmuchiwana chata alpejska to produkt wysokiej jako\u015bci, kt\u00f3ry jest produkowany zgodnie ze \u015bcis\u0142ymi wytycznymi zgodnie z norm\u0105 EN 14960. Wszystkie nasze dmuchane zamki i nadmuchiwane atrakcje to profesjonalne modu\u0142y, kt\u00f3re nadaj\u0105 si\u0119 do profesjonalnego wynajmu i wykorzystania w parkach rozrywki, krytych placach zabaw itp.<\/p>\n<p>Wa\u017cne instrukcje obs\u0142ugi<\/p>\n<p>Dmuchawa (brak w zestawie) musi dzia\u0142a\u0107 nieprzerwanie podczas u\u017cytkowania.<br \/>\nNiewielki wyciek powietrza przez otwory w szwach jest normalny.<\/p>\n<p>* Waga i wymiary s\u0105 przybli\u017cone i mog\u0105 si\u0119 nieznacznie r\u00f3\u017cni\u0107.<\/p>\n","protected":false},"excerpt":{"rendered":"<p><i class=\"fa fa-arrows-alt\"><\/i>  Wymiary (d\u0142. x szer. x wys.): 6,00 m x 4,00 m x 6,20 m *.<br \/>\n<i class=\"fa fa-check\"><\/i>  Modu\u0142 profesjonalny &#8211; odpowiedni do u\u017cytku komercyjnego i prywatnego<\/p>\n<p><i class=\"fa fa-square\"><\/i>  PVC (0,55 mm \/ 621,3 g\/m kw.)<br \/>\n<i class=\"fa fa-align-justify\"><\/i>  2 &#8211; 4-krotne zszycie (w zale\u017cno\u015bci od obci\u0105\u017cenia)<br \/>\n<i class=\"fa fa-fire\"><\/i>  Ognioodporno\u015b\u0107<\/p>\n","protected":false},"featured_media":10712,"comment_status":"open","ping_status":"closed","template":"","meta":{"_acf_changed":false,"_uag_custom_page_level_css":"","site-sidebar-layout":"default","site-content-layout":"boxed-container","ast-site-content-layout":"normal-width-container","site-content-style":"boxed","site-sidebar-style":"boxed","ast-global-header-display":"","ast-banner-title-visibility":"","ast-main-header-display":"","ast-hfb-above-header-display":"","ast-hfb-below-header-display":"","ast-hfb-mobile-header-display":"","site-post-title":"disabled","ast-breadcrumbs-content":"","ast-featured-img":"","footer-sml-layout":"","ast-disable-related-posts":"","theme-transparent-header-meta":"default","adv-header-id-meta":"","stick-header-meta":"default","header-above-stick-meta":"","header-main-stick-meta":"","header-below-stick-meta":"","astra-migrate-meta-layouts":"default","ast-page-background-enabled":"default","ast-page-background-meta":{"desktop":{"background-color":"var(--ast-global-color-4)","background-image":"","background-repeat":"repeat","background-position":"center center","background-size":"auto","background-attachment":"scroll","background-type":"","background-media":"","overlay-type":"","overlay-color":"","overlay-opacity":"","overlay-gradient":""},"tablet":{"background-color":"","background-image":"","background-repeat":"repeat","background-position":"center center","background-size":"auto","background-attachment":"scroll","background-type":"","background-media":"","overlay-type":"","overlay-color":"","overlay-opacity":"","overlay-gradient":""},"mobile":{"background-color":"","background-image":"","background-repeat":"repeat","background-position":"center center","background-size":"auto","background-attachment":"scroll","background-type":"","background-media":"","overlay-type":"","overlay-color":"","overlay-opacity":"","overlay-gradient":""}},"ast-content-background-meta":{"desktop":{"background-color":"var(--ast-global-color-5)","background-image":"","background-repeat":"repeat","background-position":"center center","background-size":"auto","background-attachment":"scroll","background-type":"","background-media":"","overlay-type":"","overlay-color":"","overlay-opacity":"","overlay-gradient":""},"tablet":{"background-color":"var(--ast-global-color-5)","background-image":"","background-repeat":"repeat","background-position":"center center","background-size":"auto","background-attachment":"scroll","background-type":"","background-media":"","overlay-type":"","overlay-color":"","overlay-opacity":"","overlay-gradient":""},"mobile":{"background-color":"var(--ast-global-color-5)","background-image":"","background-repeat":"repeat","background-position":"center center","background-size":"auto","background-attachment":"scroll","background-type":"","background-media":"","overlay-type":"","overlay-color":"","overlay-opacity":"","overlay-gradient":""}}},"product_brand":[],"product_cat":[820],"product_tag":[],"class_list":{"0":"post-11712","1":"product","2":"type-product","3":"status-publish","4":"has-post-thumbnail","6":"product_cat-atrakcje","7":"product_shipping_class-spedition-hupfburg","8":"pa_gtin-0669145336636-pl","9":"desktop-align-center","10":"tablet-align-center","11":"mobile-align-center","12":"ast-product-gallery-layout-horizontal","13":"ast-product-tabs-layout-horizontal","15":"first","16":"onbackorder","17":"taxable","18":"shipping-taxable","19":"purchasable","20":"product-type-simple"},"acf":[],"yoast_head":"<!-- This site is optimized with the Yoast SEO plugin v27.6 - https:\/\/yoast.com\/product\/yoast-seo-wordpress\/ -->\n<title>Kup nadmuchiwan\u0105 chat\u0119 alpejsk\u0105 i drewnian\u0105 chat\u0119 | Dodo-Inflatables.com<\/title>\n<meta name=\"description\" content=\"Kup nasz\u0105 nadmuchiwan\u0105 drewnian\u0105 chat\u0119 jako namiot imprezowy bezpo\u015brednio online na Dodo-Inflatables.com | Wiele modeli w magazynie | Szybka wysy\u0142ka | Najlepsza jako\u015b\u0107\" \/>\n<meta name=\"robots\" content=\"index, follow, max-snippet:-1, max-image-preview:large, max-video-preview:-1\" \/>\n<link rel=\"canonical\" href=\"https:\/\/dodo-inflatables.com\/pl\/produkt\/nadmuchiwana-chata-alpejska\/\" \/>\n<meta name=\"twitter:label1\" content=\"Szacowany czas czytania\" \/>\n\t<meta name=\"twitter:data1\" content=\"2 minuty\" \/>\n<script type=\"application\/ld+json\" class=\"yoast-schema-graph\">{\"@context\":\"https:\\\/\\\/schema.org\",\"@graph\":[{\"@type\":\"WebPage\",\"@id\":\"https:\\\/\\\/dodo-inflatables.com\\\/pl\\\/produkt\\\/nadmuchiwana-chata-alpejska\\\/\",\"url\":\"https:\\\/\\\/dodo-inflatables.com\\\/pl\\\/produkt\\\/nadmuchiwana-chata-alpejska\\\/\",\"name\":\"Kup nadmuchiwan\u0105 chat\u0119 alpejsk\u0105 i drewnian\u0105 chat\u0119 | Dodo-Inflatables.com\",\"isPartOf\":{\"@id\":\"https:\\\/\\\/dodo-inflatables.com\\\/pl\\\/#website\"},\"primaryImageOfPage\":{\"@id\":\"https:\\\/\\\/dodo-inflatables.com\\\/pl\\\/produkt\\\/nadmuchiwana-chata-alpejska\\\/#primaryimage\"},\"image\":{\"@id\":\"https:\\\/\\\/dodo-inflatables.com\\\/pl\\\/produkt\\\/nadmuchiwana-chata-alpejska\\\/#primaryimage\"},\"thumbnailUrl\":\"https:\\\/\\\/dodo-inflatables.com\\\/wp-content\\\/uploads\\\/2021\\\/01\\\/Aufblasbare-Almhuette-Partyzelt-kaufen_0006_Ebene-3.jpg\",\"datePublished\":\"2021-01-18T11:17:14+00:00\",\"dateModified\":\"2024-06-01T15:22:55+00:00\",\"description\":\"Kup nasz\u0105 nadmuchiwan\u0105 drewnian\u0105 chat\u0119 jako namiot imprezowy bezpo\u015brednio online na Dodo-Inflatables.com | Wiele modeli w magazynie | Szybka wysy\u0142ka | Najlepsza jako\u015b\u0107\",\"breadcrumb\":{\"@id\":\"https:\\\/\\\/dodo-inflatables.com\\\/pl\\\/produkt\\\/nadmuchiwana-chata-alpejska\\\/#breadcrumb\"},\"inLanguage\":\"pl-PL\",\"potentialAction\":[{\"@type\":\"ReadAction\",\"target\":[\"https:\\\/\\\/dodo-inflatables.com\\\/pl\\\/produkt\\\/nadmuchiwana-chata-alpejska\\\/\"]}]},{\"@type\":\"ImageObject\",\"inLanguage\":\"pl-PL\",\"@id\":\"https:\\\/\\\/dodo-inflatables.com\\\/pl\\\/produkt\\\/nadmuchiwana-chata-alpejska\\\/#primaryimage\",\"url\":\"https:\\\/\\\/dodo-inflatables.com\\\/wp-content\\\/uploads\\\/2021\\\/01\\\/Aufblasbare-Almhuette-Partyzelt-kaufen_0006_Ebene-3.jpg\",\"contentUrl\":\"https:\\\/\\\/dodo-inflatables.com\\\/wp-content\\\/uploads\\\/2021\\\/01\\\/Aufblasbare-Almhuette-Partyzelt-kaufen_0006_Ebene-3.jpg\",\"width\":500,\"height\":500},{\"@type\":\"BreadcrumbList\",\"@id\":\"https:\\\/\\\/dodo-inflatables.com\\\/pl\\\/produkt\\\/nadmuchiwana-chata-alpejska\\\/#breadcrumb\",\"itemListElement\":[{\"@type\":\"ListItem\",\"position\":1,\"name\":\"Strona g\u0142\u00f3wna\",\"item\":\"https:\\\/\\\/dodo-inflatables.com\\\/pl\\\/\"},{\"@type\":\"ListItem\",\"position\":2,\"name\":\"Sklep\",\"item\":\"https:\\\/\\\/dodo-inflatables.com\\\/pl\\\/sklep\\\/\"},{\"@type\":\"ListItem\",\"position\":3,\"name\":\"Nadmuchiwana chata alpejska\"}]},{\"@type\":\"WebSite\",\"@id\":\"https:\\\/\\\/dodo-inflatables.com\\\/pl\\\/#website\",\"url\":\"https:\\\/\\\/dodo-inflatables.com\\\/pl\\\/\",\"name\":\"dodo-inflatables.com\",\"description\":\"Kup dmuchane zamki i atrakcje w naszym sklepie.\",\"potentialAction\":[{\"@type\":\"SearchAction\",\"target\":{\"@type\":\"EntryPoint\",\"urlTemplate\":\"https:\\\/\\\/dodo-inflatables.com\\\/pl\\\/?s={search_term_string}\"},\"query-input\":{\"@type\":\"PropertyValueSpecification\",\"valueRequired\":true,\"valueName\":\"search_term_string\"}}],\"inLanguage\":\"pl-PL\"}]}<\/script>\n<!-- \/ Yoast SEO plugin. -->","yoast_head_json":{"title":"Kup nadmuchiwan\u0105 chat\u0119 alpejsk\u0105 i drewnian\u0105 chat\u0119 | Dodo-Inflatables.com","description":"Kup nasz\u0105 nadmuchiwan\u0105 drewnian\u0105 chat\u0119 jako namiot imprezowy bezpo\u015brednio online na Dodo-Inflatables.com | Wiele modeli w magazynie | Szybka wysy\u0142ka | Najlepsza jako\u015b\u0107","robots":{"index":"index","follow":"follow","max-snippet":"max-snippet:-1","max-image-preview":"max-image-preview:large","max-video-preview":"max-video-preview:-1"},"canonical":"https:\/\/dodo-inflatables.com\/pl\/produkt\/nadmuchiwana-chata-alpejska\/","twitter_misc":{"Szacowany czas czytania":"2 minuty"},"schema":{"@context":"https:\/\/schema.org","@graph":[{"@type":"WebPage","@id":"https:\/\/dodo-inflatables.com\/pl\/produkt\/nadmuchiwana-chata-alpejska\/","url":"https:\/\/dodo-inflatables.com\/pl\/produkt\/nadmuchiwana-chata-alpejska\/","name":"Kup nadmuchiwan\u0105 chat\u0119 alpejsk\u0105 i drewnian\u0105 chat\u0119 | Dodo-Inflatables.com","isPartOf":{"@id":"https:\/\/dodo-inflatables.com\/pl\/#website"},"primaryImageOfPage":{"@id":"https:\/\/dodo-inflatables.com\/pl\/produkt\/nadmuchiwana-chata-alpejska\/#primaryimage"},"image":{"@id":"https:\/\/dodo-inflatables.com\/pl\/produkt\/nadmuchiwana-chata-alpejska\/#primaryimage"},"thumbnailUrl":"https:\/\/dodo-inflatables.com\/wp-content\/uploads\/2021\/01\/Aufblasbare-Almhuette-Partyzelt-kaufen_0006_Ebene-3.jpg","datePublished":"2021-01-18T11:17:14+00:00","dateModified":"2024-06-01T15:22:55+00:00","description":"Kup nasz\u0105 nadmuchiwan\u0105 drewnian\u0105 chat\u0119 jako namiot imprezowy bezpo\u015brednio online na Dodo-Inflatables.com | Wiele modeli w magazynie | Szybka wysy\u0142ka | Najlepsza jako\u015b\u0107","breadcrumb":{"@id":"https:\/\/dodo-inflatables.com\/pl\/produkt\/nadmuchiwana-chata-alpejska\/#breadcrumb"},"inLanguage":"pl-PL","potentialAction":[{"@type":"ReadAction","target":["https:\/\/dodo-inflatables.com\/pl\/produkt\/nadmuchiwana-chata-alpejska\/"]}]},{"@type":"ImageObject","inLanguage":"pl-PL","@id":"https:\/\/dodo-inflatables.com\/pl\/produkt\/nadmuchiwana-chata-alpejska\/#primaryimage","url":"https:\/\/dodo-inflatables.com\/wp-content\/uploads\/2021\/01\/Aufblasbare-Almhuette-Partyzelt-kaufen_0006_Ebene-3.jpg","contentUrl":"https:\/\/dodo-inflatables.com\/wp-content\/uploads\/2021\/01\/Aufblasbare-Almhuette-Partyzelt-kaufen_0006_Ebene-3.jpg","width":500,"height":500},{"@type":"BreadcrumbList","@id":"https:\/\/dodo-inflatables.com\/pl\/produkt\/nadmuchiwana-chata-alpejska\/#breadcrumb","itemListElement":[{"@type":"ListItem","position":1,"name":"Strona g\u0142\u00f3wna","item":"https:\/\/dodo-inflatables.com\/pl\/"},{"@type":"ListItem","position":2,"name":"Sklep","item":"https:\/\/dodo-inflatables.com\/pl\/sklep\/"},{"@type":"ListItem","position":3,"name":"Nadmuchiwana chata alpejska"}]},{"@type":"WebSite","@id":"https:\/\/dodo-inflatables.com\/pl\/#website","url":"https:\/\/dodo-inflatables.com\/pl\/","name":"dodo-inflatables.com","description":"Kup dmuchane zamki i atrakcje w naszym sklepie.","potentialAction":[{"@type":"SearchAction","target":{"@type":"EntryPoint","urlTemplate":"https:\/\/dodo-inflatables.com\/pl\/?s={search_term_string}"},"query-input":{"@type":"PropertyValueSpecification","valueRequired":true,"valueName":"search_term_string"}}],"inLanguage":"pl-PL"}]}},"uagb_featured_image_src":{"full":["https:\/\/dodo-inflatables.com\/wp-content\/uploads\/2021\/01\/Aufblasbare-Almhuette-Partyzelt-kaufen_0006_Ebene-3.jpg",500,500,false],"thumbnail":["https:\/\/dodo-inflatables.com\/wp-content\/uploads\/2021\/01\/Aufblasbare-Almhuette-Partyzelt-kaufen_0006_Ebene-3-150x150.jpg",150,150,true],"medium":["https:\/\/dodo-inflatables.com\/wp-content\/uploads\/2021\/01\/Aufblasbare-Almhuette-Partyzelt-kaufen_0006_Ebene-3-300x300.jpg",300,300,true],"medium_large":["https:\/\/dodo-inflatables.com\/wp-content\/uploads\/2021\/01\/Aufblasbare-Almhuette-Partyzelt-kaufen_0006_Ebene-3.jpg",500,500,false],"large":["https:\/\/dodo-inflatables.com\/wp-content\/uploads\/2021\/01\/Aufblasbare-Almhuette-Partyzelt-kaufen_0006_Ebene-3.jpg",500,500,false],"1536x1536":["https:\/\/dodo-inflatables.com\/wp-content\/uploads\/2021\/01\/Aufblasbare-Almhuette-Partyzelt-kaufen_0006_Ebene-3.jpg",500,500,false],"2048x2048":["https:\/\/dodo-inflatables.com\/wp-content\/uploads\/2021\/01\/Aufblasbare-Almhuette-Partyzelt-kaufen_0006_Ebene-3.jpg",500,500,false],"woocommerce_thumbnail":["https:\/\/dodo-inflatables.com\/wp-content\/uploads\/2021\/01\/Aufblasbare-Almhuette-Partyzelt-kaufen_0006_Ebene-3.jpg",500,500,false],"woocommerce_single":["https:\/\/dodo-inflatables.com\/wp-content\/uploads\/2021\/01\/Aufblasbare-Almhuette-Partyzelt-kaufen_0006_Ebene-3.jpg",500,500,false],"woocommerce_gallery_thumbnail":["https:\/\/dodo-inflatables.com\/wp-content\/uploads\/2021\/01\/Aufblasbare-Almhuette-Partyzelt-kaufen_0006_Ebene-3-100x100.jpg",100,100,true]},"uagb_author_info":{"display_name":"Andreas","author_link":"https:\/\/dodo-inflatables.com\/pl\/author\/"},"uagb_comment_info":0,"uagb_excerpt":"Wymiary (d\u0142. x szer. x wys.): 6,00 m x 4,00 m x 6,20 m *. Modu\u0142 profesjonalny - odpowiedni do u\u017cytku komercyjnego i prywatnego PVC (0,55 mm \/ 621,3 g\/m kw.) 2 - 4-krotne zszycie (w zale\u017cno\u015bci od obci\u0105\u017cenia) Ognioodporno\u015b\u0107","_links":{"self":[{"href":"https:\/\/dodo-inflatables.com\/pl\/wp-json\/wp\/v2\/product\/11712","targetHints":{"allow":["GET"]}}],"collection":[{"href":"https:\/\/dodo-inflatables.com\/pl\/wp-json\/wp\/v2\/product"}],"about":[{"href":"https:\/\/dodo-inflatables.com\/pl\/wp-json\/wp\/v2\/types\/product"}],"replies":[{"embeddable":true,"href":"https:\/\/dodo-inflatables.com\/pl\/wp-json\/wp\/v2\/comments?post=11712"}],"wp:featuredmedia":[{"embeddable":true,"href":"https:\/\/dodo-inflatables.com\/pl\/wp-json\/wp\/v2\/media\/10712"}],"wp:attachment":[{"href":"https:\/\/dodo-inflatables.com\/pl\/wp-json\/wp\/v2\/media?parent=11712"}],"wp:term":[{"taxonomy":"product_brand","embeddable":true,"href":"https:\/\/dodo-inflatables.com\/pl\/wp-json\/wp\/v2\/product_brand?post=11712"},{"taxonomy":"product_cat","embeddable":true,"href":"https:\/\/dodo-inflatables.com\/pl\/wp-json\/wp\/v2\/product_cat?post=11712"},{"taxonomy":"product_tag","embeddable":true,"href":"https:\/\/dodo-inflatables.com\/pl\/wp-json\/wp\/v2\/product_tag?post=11712"}],"curies":[{"name":"wp","href":"https:\/\/api.w.org\/{rel}","templated":true}]}}