{"id":11715,"date":"2021-04-14T14:59:50","date_gmt":"2021-04-14T12:59:50","guid":{"rendered":"https:\/\/dodo-inflatables.com\/product\/srodek-dezynfekujacy-do-dmuchanych-zamkow\/"},"modified":"2026-04-23T19:38:33","modified_gmt":"2026-04-23T17:38:33","slug":"srodek-dezynfekujacy-do-dmuchanych-zamkow","status":"publish","type":"product","link":"https:\/\/dodo-inflatables.com\/pl\/produkt\/srodek-dezynfekujacy-do-dmuchanych-zamkow\/","title":{"rendered":"\u015arodek dezynfekcyjny do dmuchanych zamk\u00f3w (12 x 500 ml)"},"content":{"rendered":"<h1>Kup \u015brodek dezynfekcyjny do dmuchanych zamk\u00f3w<\/h1>\n<p class=\"p1\">Nasz \u015brodek dezynfekcyjny nadaje si\u0119 do higienicznego czyszczenia dmuchanych zamk\u00f3w i innego nadmuchiwanego sprz\u0119tu do zabawy.<br \/>\nDzi\u0119ki aktywnym sk\u0142adnikom jest skuteczny przeciwko szczepom bakteryjnym oraz <span class=\"s1\"><b>wirusom otoczkowym (w tym SARS-CoV-2)<\/b><\/span> i zosta\u0142 specjalnie opracowany do wra\u017cliwych powierzchni.<\/p>\n<p class=\"p3\"><b>Delikatny dla materia\u0142\u00f3w i bezalkoholowy:<br \/>\n<\/b>Ten \u015brodek dezynfekcyjny nie zawiera alkoholu i dlatego jest bezpieczny w u\u017cyciu na powierzchniach dmuchanych zamk\u00f3w, zje\u017cd\u017calni i nadmuchiwanych modu\u0142\u00f3w eventowych.<br \/>\nNie jest korozyjny i jest biodegradowalny.<\/p>\n<p class=\"p3\"><b>Gotowy do u\u017cycia i przyjazny dla u\u017cytkownika:<br \/>\n<\/b>\u015arodek dezynfekcyjny jest dostarczany ju\u017c wymieszany i mo\u017ce by\u0107 u\u017cywany natychmiast.<br \/>\nPraktyczna butelka z atomizerem umo\u017cliwia \u0142atwe i r\u00f3wnomierne nak\u0142adanie.<\/p>\n<p class=\"p3\"><b>Odpowiedni dla firm wynajmuj\u0105cych i operator\u00f3w:<br \/>\n<\/b>Szczeg\u00f3lnie w u\u017cytku komercyjnym ten \u015brodek dezynfekcyjny zapewnia dodatkow\u0105 higien\u0119 mi\u0119dzy wynajmami i pomaga zapewni\u0107, \u017ce dmuchane zamki s\u0105 przekazywane kolejnemu klientowi czyste i dobrze utrzymane.<\/p>\n<p>&nbsp;<\/p>\n<h3><strong>Zastosowanie<\/strong><\/h3>\n<ol>\n<li>\n<p class=\"p1\">Przed u\u017cyciem usu\u0144 gruby brud z wn\u0119trza i wok\u00f3\u0142 dmuchanego zamku.<\/p>\n<\/li>\n<li>\n<p class=\"p1\">Spryskaj obszar do dezynfekcji lub na\u0142\u00f3\u017c r\u00f3wnomiernie g\u0105bk\u0105 lub \u015bciereczk\u0105, a\u017c powierzchnia b\u0119dzie ca\u0142kowicie pokryta.<\/p>\n<\/li>\n<li>\n<p class=\"p1\">Pozostaw na chwil\u0119 do dzia\u0142ania, a nast\u0119pnie delikatnie przetrzyj czyst\u0105 \u015bciereczk\u0105 (nie wyciera\u0107 do sucha).<\/p>\n<\/li>\n<li>\n<p class=\"p1\">Po ok. <span class=\"s1\"><b>15 minutach czasu kontaktu<\/b><\/span> osi\u0105gana jest pe\u0142na skuteczno\u015b\u0107.<\/p>\n<\/li>\n<\/ol>\n<h4><b>Substancja czynna i zatwierdzenie<\/b><\/h4>\n<p class=\"p3\">Substancja czynna: 100 g nierozcie\u0144czonego produktu zawiera nast\u0119puj\u0105c\u0105 biob\u00f3jcz\u0105 substancj\u0119 czynn\u0105:<br \/>\n<b>Chlorki benzylowe-C12-16-alkilodimetylo<\/b><\/p>\n<p class=\"p3\">Zatwierdzenie: Zgodny z europejsk\u0105 dyrektyw\u0105 w sprawie produkt\u00f3w biob\u00f3jczych<br \/>\nNumer rejestracyjny BAuA: <span class=\"s2\"><b>N-31951<\/b><\/span><\/p>\n<p>&nbsp;<\/p>\n<h4><b>Testy i normy<\/b><\/h4>\n<p class=\"p3\">Testowany zgodnie z m.in.: AMS 1550B, Boeing D6-17487, D6-7127, specyfikacje Airbus i McDonnell Douglas, ASTM F 487, specyfikacja LH, Boeing BSS 7434 (w trakcie testowania), AMS 1452C (w trakcie testowania), testowany zgodnie z wytycznymi DGHM<\/p>\n<p><strong>\u015arodki dezynfekcyjne stosowa\u0107 ostro\u017cnie. Przed u\u017cyciem zawsze przeczytaj etykiet\u0119 i informacje o produkcie.<\/strong><\/p>\n","protected":false},"excerpt":{"rendered":"<ul>\n<li>\u015arodek dezynfekcyjny do dmuchanych zamk\u00f3w<\/li>\n<li>12 x 500 ml butelek<\/li>\n<li>Wst\u0119pnie wymieszany i gotowy do u\u017cycia<\/li>\n<li>1 litr = 11,66 \u20ac<\/li>\n<\/ul>\n","protected":false},"featured_media":10247,"comment_status":"open","ping_status":"closed","template":"","meta":{"_acf_changed":false,"_uag_custom_page_level_css":"","site-sidebar-layout":"default","site-content-layout":"boxed-container","ast-site-content-layout":"normal-width-container","site-content-style":"boxed","site-sidebar-style":"boxed","ast-global-header-display":"","ast-banner-title-visibility":"","ast-main-header-display":"","ast-hfb-above-header-display":"","ast-hfb-below-header-display":"","ast-hfb-mobile-header-display":"","site-post-title":"disabled","ast-breadcrumbs-content":"","ast-featured-img":"","footer-sml-layout":"","ast-disable-related-posts":"","theme-transparent-header-meta":"default","adv-header-id-meta":"","stick-header-meta":"default","header-above-stick-meta":"","header-main-stick-meta":"","header-below-stick-meta":"","astra-migrate-meta-layouts":"default","ast-page-background-enabled":"default","ast-page-background-meta":{"desktop":{"background-color":"var(--ast-global-color-4)","background-image":"","background-repeat":"repeat","background-position":"center center","background-size":"auto","background-attachment":"scroll","background-type":"","background-media":"","overlay-type":"","overlay-color":"","overlay-opacity":"","overlay-gradient":""},"tablet":{"background-color":"","background-image":"","background-repeat":"repeat","background-position":"center center","background-size":"auto","background-attachment":"scroll","background-type":"","background-media":"","overlay-type":"","overlay-color":"","overlay-opacity":"","overlay-gradient":""},"mobile":{"background-color":"","background-image":"","background-repeat":"repeat","background-position":"center center","background-size":"auto","background-attachment":"scroll","background-type":"","background-media":"","overlay-type":"","overlay-color":"","overlay-opacity":"","overlay-gradient":""}},"ast-content-background-meta":{"desktop":{"background-color":"var(--ast-global-color-5)","background-image":"","background-repeat":"repeat","background-position":"center center","background-size":"auto","background-attachment":"scroll","background-type":"","background-media":"","overlay-type":"","overlay-color":"","overlay-opacity":"","overlay-gradient":""},"tablet":{"background-color":"var(--ast-global-color-5)","background-image":"","background-repeat":"repeat","background-position":"center center","background-size":"auto","background-attachment":"scroll","background-type":"","background-media":"","overlay-type":"","overlay-color":"","overlay-opacity":"","overlay-gradient":""},"mobile":{"background-color":"var(--ast-global-color-5)","background-image":"","background-repeat":"repeat","background-position":"center center","background-size":"auto","background-attachment":"scroll","background-type":"","background-media":"","overlay-type":"","overlay-color":"","overlay-opacity":"","overlay-gradient":""}}},"product_brand":[],"product_cat":[827],"product_tag":[],"class_list":{"0":"post-11715","1":"product","2":"type-product","3":"status-publish","4":"has-post-thumbnail","6":"product_cat-akcesoria","7":"product_shipping_class-zubehor-pl","8":"desktop-align-center","9":"tablet-align-center","10":"mobile-align-center","11":"ast-product-gallery-layout-horizontal","12":"ast-product-gallery-with-no-image","13":"ast-product-tabs-layout-horizontal","15":"first","16":"instock","17":"taxable","18":"shipping-taxable","19":"purchasable","20":"product-type-simple"},"acf":[],"yoast_head":"<!-- This site is optimized with the Yoast SEO plugin v27.5 - https:\/\/yoast.com\/product\/yoast-seo-wordpress\/ -->\n<title>\u015arodek do dezynfekcji dmuchanych zamk\u00f3w | Dodo-Inflatables.com<\/title>\n<meta name=\"description\" content=\"Kup \u015brodek dezynfekuj\u0105cy do czyszczenia dmucha\u0144c\u00f3w na Dodo-Inflatables.com | Du\u017cy wyb\u00f3r w magazynie | Certyfikat EN14960 | Szybka dostawa!\" \/>\n<meta name=\"robots\" content=\"index, follow, max-snippet:-1, max-image-preview:large, max-video-preview:-1\" \/>\n<link rel=\"canonical\" href=\"https:\/\/dodo-inflatables.com\/pl\/produkt\/srodek-dezynfekujacy-do-dmuchanych-zamkow\/\" \/>\n<meta name=\"twitter:label1\" content=\"Szacowany czas czytania\" \/>\n\t<meta name=\"twitter:data1\" content=\"2 minuty\" \/>\n<script type=\"application\/ld+json\" class=\"yoast-schema-graph\">{\"@context\":\"https:\\\/\\\/schema.org\",\"@graph\":[{\"@type\":\"WebPage\",\"@id\":\"https:\\\/\\\/dodo-inflatables.com\\\/pl\\\/produkt\\\/srodek-dezynfekujacy-do-dmuchanych-zamkow\\\/\",\"url\":\"https:\\\/\\\/dodo-inflatables.com\\\/pl\\\/produkt\\\/srodek-dezynfekujacy-do-dmuchanych-zamkow\\\/\",\"name\":\"\u015arodek do dezynfekcji dmuchanych zamk\u00f3w | Dodo-Inflatables.com\",\"isPartOf\":{\"@id\":\"https:\\\/\\\/dodo-inflatables.com\\\/pl\\\/#website\"},\"primaryImageOfPage\":{\"@id\":\"https:\\\/\\\/dodo-inflatables.com\\\/pl\\\/produkt\\\/srodek-dezynfekujacy-do-dmuchanych-zamkow\\\/#primaryimage\"},\"image\":{\"@id\":\"https:\\\/\\\/dodo-inflatables.com\\\/pl\\\/produkt\\\/srodek-dezynfekujacy-do-dmuchanych-zamkow\\\/#primaryimage\"},\"thumbnailUrl\":\"https:\\\/\\\/dodo-inflatables.com\\\/wp-content\\\/uploads\\\/2021\\\/04\\\/huepfburg-desinfektionsmittel-kaufen.png\",\"datePublished\":\"2021-04-14T12:59:50+00:00\",\"dateModified\":\"2026-04-23T17:38:33+00:00\",\"description\":\"Kup \u015brodek dezynfekuj\u0105cy do czyszczenia dmucha\u0144c\u00f3w na Dodo-Inflatables.com | Du\u017cy wyb\u00f3r w magazynie | Certyfikat EN14960 | Szybka dostawa!\",\"breadcrumb\":{\"@id\":\"https:\\\/\\\/dodo-inflatables.com\\\/pl\\\/produkt\\\/srodek-dezynfekujacy-do-dmuchanych-zamkow\\\/#breadcrumb\"},\"inLanguage\":\"pl-PL\",\"potentialAction\":[{\"@type\":\"ReadAction\",\"target\":[\"https:\\\/\\\/dodo-inflatables.com\\\/pl\\\/produkt\\\/srodek-dezynfekujacy-do-dmuchanych-zamkow\\\/\"]}]},{\"@type\":\"ImageObject\",\"inLanguage\":\"pl-PL\",\"@id\":\"https:\\\/\\\/dodo-inflatables.com\\\/pl\\\/produkt\\\/srodek-dezynfekujacy-do-dmuchanych-zamkow\\\/#primaryimage\",\"url\":\"https:\\\/\\\/dodo-inflatables.com\\\/wp-content\\\/uploads\\\/2021\\\/04\\\/huepfburg-desinfektionsmittel-kaufen.png\",\"contentUrl\":\"https:\\\/\\\/dodo-inflatables.com\\\/wp-content\\\/uploads\\\/2021\\\/04\\\/huepfburg-desinfektionsmittel-kaufen.png\",\"width\":500,\"height\":500,\"caption\":\"\u015arodek dezynfekcyjny do dmuchanych zamk\u00f3w (12 x 500 ml) | Dodo Inflatables\"},{\"@type\":\"BreadcrumbList\",\"@id\":\"https:\\\/\\\/dodo-inflatables.com\\\/pl\\\/produkt\\\/srodek-dezynfekujacy-do-dmuchanych-zamkow\\\/#breadcrumb\",\"itemListElement\":[{\"@type\":\"ListItem\",\"position\":1,\"name\":\"Strona g\u0142\u00f3wna\",\"item\":\"https:\\\/\\\/dodo-inflatables.com\\\/pl\\\/\"},{\"@type\":\"ListItem\",\"position\":2,\"name\":\"Sklep\",\"item\":\"https:\\\/\\\/dodo-inflatables.com\\\/pl\\\/sklep\\\/\"},{\"@type\":\"ListItem\",\"position\":3,\"name\":\"\u015arodek dezynfekuj\u0105cy do dmuchanych zamk\u00f3w\"}]},{\"@type\":\"WebSite\",\"@id\":\"https:\\\/\\\/dodo-inflatables.com\\\/pl\\\/#website\",\"url\":\"https:\\\/\\\/dodo-inflatables.com\\\/pl\\\/\",\"name\":\"dodo-inflatables.com\",\"description\":\"Kup dmuchane zamki i atrakcje w naszym sklepie.\",\"potentialAction\":[{\"@type\":\"SearchAction\",\"target\":{\"@type\":\"EntryPoint\",\"urlTemplate\":\"https:\\\/\\\/dodo-inflatables.com\\\/pl\\\/?s={search_term_string}\"},\"query-input\":{\"@type\":\"PropertyValueSpecification\",\"valueRequired\":true,\"valueName\":\"search_term_string\"}}],\"inLanguage\":\"pl-PL\"}]}<\/script>\n<!-- \/ Yoast SEO plugin. -->","yoast_head_json":{"title":"\u015arodek do dezynfekcji dmuchanych zamk\u00f3w | Dodo-Inflatables.com","description":"Kup \u015brodek dezynfekuj\u0105cy do czyszczenia dmucha\u0144c\u00f3w na Dodo-Inflatables.com | Du\u017cy wyb\u00f3r w magazynie | Certyfikat EN14960 | Szybka dostawa!","robots":{"index":"index","follow":"follow","max-snippet":"max-snippet:-1","max-image-preview":"max-image-preview:large","max-video-preview":"max-video-preview:-1"},"canonical":"https:\/\/dodo-inflatables.com\/pl\/produkt\/srodek-dezynfekujacy-do-dmuchanych-zamkow\/","twitter_misc":{"Szacowany czas czytania":"2 minuty"},"schema":{"@context":"https:\/\/schema.org","@graph":[{"@type":"WebPage","@id":"https:\/\/dodo-inflatables.com\/pl\/produkt\/srodek-dezynfekujacy-do-dmuchanych-zamkow\/","url":"https:\/\/dodo-inflatables.com\/pl\/produkt\/srodek-dezynfekujacy-do-dmuchanych-zamkow\/","name":"\u015arodek do dezynfekcji dmuchanych zamk\u00f3w | Dodo-Inflatables.com","isPartOf":{"@id":"https:\/\/dodo-inflatables.com\/pl\/#website"},"primaryImageOfPage":{"@id":"https:\/\/dodo-inflatables.com\/pl\/produkt\/srodek-dezynfekujacy-do-dmuchanych-zamkow\/#primaryimage"},"image":{"@id":"https:\/\/dodo-inflatables.com\/pl\/produkt\/srodek-dezynfekujacy-do-dmuchanych-zamkow\/#primaryimage"},"thumbnailUrl":"https:\/\/dodo-inflatables.com\/wp-content\/uploads\/2021\/04\/huepfburg-desinfektionsmittel-kaufen.png","datePublished":"2021-04-14T12:59:50+00:00","dateModified":"2026-04-23T17:38:33+00:00","description":"Kup \u015brodek dezynfekuj\u0105cy do czyszczenia dmucha\u0144c\u00f3w na Dodo-Inflatables.com | Du\u017cy wyb\u00f3r w magazynie | Certyfikat EN14960 | Szybka dostawa!","breadcrumb":{"@id":"https:\/\/dodo-inflatables.com\/pl\/produkt\/srodek-dezynfekujacy-do-dmuchanych-zamkow\/#breadcrumb"},"inLanguage":"pl-PL","potentialAction":[{"@type":"ReadAction","target":["https:\/\/dodo-inflatables.com\/pl\/produkt\/srodek-dezynfekujacy-do-dmuchanych-zamkow\/"]}]},{"@type":"ImageObject","inLanguage":"pl-PL","@id":"https:\/\/dodo-inflatables.com\/pl\/produkt\/srodek-dezynfekujacy-do-dmuchanych-zamkow\/#primaryimage","url":"https:\/\/dodo-inflatables.com\/wp-content\/uploads\/2021\/04\/huepfburg-desinfektionsmittel-kaufen.png","contentUrl":"https:\/\/dodo-inflatables.com\/wp-content\/uploads\/2021\/04\/huepfburg-desinfektionsmittel-kaufen.png","width":500,"height":500,"caption":"\u015arodek dezynfekcyjny do dmuchanych zamk\u00f3w (12 x 500 ml) | Dodo Inflatables"},{"@type":"BreadcrumbList","@id":"https:\/\/dodo-inflatables.com\/pl\/produkt\/srodek-dezynfekujacy-do-dmuchanych-zamkow\/#breadcrumb","itemListElement":[{"@type":"ListItem","position":1,"name":"Strona g\u0142\u00f3wna","item":"https:\/\/dodo-inflatables.com\/pl\/"},{"@type":"ListItem","position":2,"name":"Sklep","item":"https:\/\/dodo-inflatables.com\/pl\/sklep\/"},{"@type":"ListItem","position":3,"name":"\u015arodek dezynfekuj\u0105cy do dmuchanych zamk\u00f3w"}]},{"@type":"WebSite","@id":"https:\/\/dodo-inflatables.com\/pl\/#website","url":"https:\/\/dodo-inflatables.com\/pl\/","name":"dodo-inflatables.com","description":"Kup dmuchane zamki i atrakcje w naszym sklepie.","potentialAction":[{"@type":"SearchAction","target":{"@type":"EntryPoint","urlTemplate":"https:\/\/dodo-inflatables.com\/pl\/?s={search_term_string}"},"query-input":{"@type":"PropertyValueSpecification","valueRequired":true,"valueName":"search_term_string"}}],"inLanguage":"pl-PL"}]}},"uagb_featured_image_src":{"full":["https:\/\/dodo-inflatables.com\/wp-content\/uploads\/2021\/04\/huepfburg-desinfektionsmittel-kaufen.png",500,500,false],"thumbnail":["https:\/\/dodo-inflatables.com\/wp-content\/uploads\/2021\/04\/huepfburg-desinfektionsmittel-kaufen-150x150.png",150,150,true],"medium":["https:\/\/dodo-inflatables.com\/wp-content\/uploads\/2021\/04\/huepfburg-desinfektionsmittel-kaufen-300x300.png",300,300,true],"medium_large":["https:\/\/dodo-inflatables.com\/wp-content\/uploads\/2021\/04\/huepfburg-desinfektionsmittel-kaufen.png",500,500,false],"large":["https:\/\/dodo-inflatables.com\/wp-content\/uploads\/2021\/04\/huepfburg-desinfektionsmittel-kaufen.png",500,500,false],"1536x1536":["https:\/\/dodo-inflatables.com\/wp-content\/uploads\/2021\/04\/huepfburg-desinfektionsmittel-kaufen.png",500,500,false],"2048x2048":["https:\/\/dodo-inflatables.com\/wp-content\/uploads\/2021\/04\/huepfburg-desinfektionsmittel-kaufen.png",500,500,false],"woocommerce_thumbnail":["https:\/\/dodo-inflatables.com\/wp-content\/uploads\/2021\/04\/huepfburg-desinfektionsmittel-kaufen.png",500,500,false],"woocommerce_single":["https:\/\/dodo-inflatables.com\/wp-content\/uploads\/2021\/04\/huepfburg-desinfektionsmittel-kaufen.png",500,500,false],"woocommerce_gallery_thumbnail":["https:\/\/dodo-inflatables.com\/wp-content\/uploads\/2021\/04\/huepfburg-desinfektionsmittel-kaufen-100x100.png",100,100,true]},"uagb_author_info":{"display_name":"Andreas","author_link":"https:\/\/dodo-inflatables.com\/pl\/author\/"},"uagb_comment_info":0,"uagb_excerpt":"\u015arodek dezynfekcyjny do dmuchanych zamk\u00f3w 12 x 500 ml butelek Wst\u0119pnie wymieszany i gotowy do u\u017cycia 1 litr = 11,66 \u20ac","_links":{"self":[{"href":"https:\/\/dodo-inflatables.com\/pl\/wp-json\/wp\/v2\/product\/11715","targetHints":{"allow":["GET"]}}],"collection":[{"href":"https:\/\/dodo-inflatables.com\/pl\/wp-json\/wp\/v2\/product"}],"about":[{"href":"https:\/\/dodo-inflatables.com\/pl\/wp-json\/wp\/v2\/types\/product"}],"replies":[{"embeddable":true,"href":"https:\/\/dodo-inflatables.com\/pl\/wp-json\/wp\/v2\/comments?post=11715"}],"wp:featuredmedia":[{"embeddable":true,"href":"https:\/\/dodo-inflatables.com\/pl\/wp-json\/wp\/v2\/media\/10247"}],"wp:attachment":[{"href":"https:\/\/dodo-inflatables.com\/pl\/wp-json\/wp\/v2\/media?parent=11715"}],"wp:term":[{"taxonomy":"product_brand","embeddable":true,"href":"https:\/\/dodo-inflatables.com\/pl\/wp-json\/wp\/v2\/product_brand?post=11715"},{"taxonomy":"product_cat","embeddable":true,"href":"https:\/\/dodo-inflatables.com\/pl\/wp-json\/wp\/v2\/product_cat?post=11715"},{"taxonomy":"product_tag","embeddable":true,"href":"https:\/\/dodo-inflatables.com\/pl\/wp-json\/wp\/v2\/product_tag?post=11715"}],"curies":[{"name":"wp","href":"https:\/\/api.w.org\/{rel}","templated":true}]}}