{"id":15936,"date":"2024-06-10T15:48:06","date_gmt":"2024-06-10T13:48:06","guid":{"rendered":"https:\/\/dodo-inflatables.com\/?post_type=product&#038;p=15936"},"modified":"2024-06-10T15:54:32","modified_gmt":"2024-06-10T13:54:32","slug":"maty-chroniace-przed-upadkiem-240-x-120-x-5-cm-copy","status":"publish","type":"product","link":"https:\/\/dodo-inflatables.com\/pl\/produkt\/maty-chroniace-przed-upadkiem-240-x-120-x-5-cm-copy\/","title":{"rendered":"T\u0142umik do nadmuchiwanej dmuchawy"},"content":{"rendered":"<h2>Kup t\u0142umik do nadmuchiwanej dmuchawy<\/h2>\n<p>Mamy przyjemno\u015b\u0107 zaprezentowa\u0107 nasz najnowszy produkt: t\u0142umik do dmuchaw. Je\u015bli posiadasz lub wynajmujesz dmuchany zamek, prawdopodobnie wiesz, \u017ce poziom ha\u0142asu dmuchawy mo\u017ce by\u0107 czasami irytuj\u0105cy. Ten innowacyjny t\u0142umik zosta\u0142 opracowany w Niemczech, aby rozwi\u0105za\u0107 ten problem.<\/p>\n<p>Nasz t\u0142umik do dmuchaw redukuje ha\u0142as o imponuj\u0105ce 5 dB. Mo\u017ce si\u0119 to wydawa\u0107 niewielk\u0105 liczb\u0105, ale s\u0142yszalna r\u00f3\u017cnica jest ogromna! Dzi\u0119ki naszemu t\u0142umikowi mo\u017cesz cieszy\u0107 si\u0119 zabaw\u0105 z dmucha\u0144c\u00f3w i nadmuchiwanych atrakcji bez obawy o nadmierny ha\u0142as. Twoi klienci i s\u0105siedzi b\u0119d\u0105 Ci wdzi\u0119czni!<\/p>\n<p>T\u0142umik zosta\u0142 specjalnie zaprojektowany do dmuchaw nadmuchiwanych i idealnie pasuje do naszych dmuchaw Huawei i Gibbons. Instalacja jest prosta i nieskomplikowana. Wystarczy przytrzyma\u0107 t\u0142umik przy dmuchawie, aby zosta\u0142 zassany i mo\u017cna by\u0142o cieszy\u0107 si\u0119 cichsz\u0105 prac\u0105. T\u0142umik nie wp\u0142ywa na wydajno\u015b\u0107 dmuchawy i zapewnia wydajny dop\u0142yw powietrza do nadmuchiwanego materia\u0142u. T\u0142umik mo\u017cna r\u00f3wnie\u017c przymocowa\u0107 do dmuchawy za pomoc\u0105 do\u0142\u0105czonego gumowego paska.<\/p>\n<p>T\u0142umik do dmucha\u0144c\u00f3w jest przeznaczony nie tylko dla operator\u00f3w komercyjnych, ale tak\u017ce dla os\u00f3b prywatnych, kt\u00f3re chc\u0105 ustawi\u0107 sw\u00f3j dmuchany zamek w domu. Ciesz si\u0119 cisz\u0105 i spokojem w ogrodzie, podczas gdy dzieci bawi\u0105 si\u0119 beztrosko.<\/p>\n<p>Przekonaj si\u0119 sam dzi\u0119ki poni\u017cszym filmom i baw si\u0119 dobrze podczas spokojniejszej przygody na dmuchanym zamku!<\/p>\n<p><a href=\"https:\/\/youtube.com\/shorts\/GT6E5sDd6xI\">Test Schalld\u00e4mpfer w Huawei Gebl\u00e4se<\/a><br \/>\n<a href=\"https:\/\/youtube.com\/shorts\/UastjvwxdU4\">Test Schlld\u00e4mpfer w Gibbons Gebl\u00e4se<\/a><\/p>\n<p>(Dmuchawa nie wchodzi w sk\u0142ad zestawu).<\/p>\n","protected":false},"excerpt":{"rendered":"<ul>\n<li>T\u0142umik do nadmuchiwanej dmuchawy<\/li>\n<\/ul>\n","protected":false},"featured_media":55251,"comment_status":"open","ping_status":"closed","template":"","meta":{"_acf_changed":false,"_uag_custom_page_level_css":"","site-sidebar-layout":"default","site-content-layout":"boxed-container","ast-site-content-layout":"normal-width-container","site-content-style":"boxed","site-sidebar-style":"boxed","ast-global-header-display":"","ast-banner-title-visibility":"","ast-main-header-display":"","ast-hfb-above-header-display":"","ast-hfb-below-header-display":"","ast-hfb-mobile-header-display":"","site-post-title":"disabled","ast-breadcrumbs-content":"","ast-featured-img":"","footer-sml-layout":"","ast-disable-related-posts":"","theme-transparent-header-meta":"default","adv-header-id-meta":"","stick-header-meta":"default","header-above-stick-meta":"","header-main-stick-meta":"","header-below-stick-meta":"","astra-migrate-meta-layouts":"set","ast-page-background-enabled":"default","ast-page-background-meta":{"desktop":{"background-color":"var(--ast-global-color-4)","background-image":"","background-repeat":"repeat","background-position":"center center","background-size":"auto","background-attachment":"scroll","background-type":"","background-media":"","overlay-type":"","overlay-color":"","overlay-opacity":"","overlay-gradient":""},"tablet":{"background-color":"","background-image":"","background-repeat":"repeat","background-position":"center center","background-size":"auto","background-attachment":"scroll","background-type":"","background-media":"","overlay-type":"","overlay-color":"","overlay-opacity":"","overlay-gradient":""},"mobile":{"background-color":"","background-image":"","background-repeat":"repeat","background-position":"center center","background-size":"auto","background-attachment":"scroll","background-type":"","background-media":"","overlay-type":"","overlay-color":"","overlay-opacity":"","overlay-gradient":""}},"ast-content-background-meta":{"desktop":{"background-color":"var(--ast-global-color-5)","background-image":"","background-repeat":"repeat","background-position":"center center","background-size":"auto","background-attachment":"scroll","background-type":"","background-media":"","overlay-type":"","overlay-color":"","overlay-opacity":"","overlay-gradient":""},"tablet":{"background-color":"var(--ast-global-color-5)","background-image":"","background-repeat":"repeat","background-position":"center center","background-size":"auto","background-attachment":"scroll","background-type":"","background-media":"","overlay-type":"","overlay-color":"","overlay-opacity":"","overlay-gradient":""},"mobile":{"background-color":"var(--ast-global-color-5)","background-image":"","background-repeat":"repeat","background-position":"center center","background-size":"auto","background-attachment":"scroll","background-type":"","background-media":"","overlay-type":"","overlay-color":"","overlay-opacity":"","overlay-gradient":""}}},"product_brand":[],"product_cat":[827],"product_tag":[],"class_list":{"0":"post-15936","1":"product","2":"type-product","3":"status-publish","4":"has-post-thumbnail","6":"product_cat-akcesoria","7":"product_shipping_class-zubehor-pl","8":"desktop-align-center","9":"tablet-align-center","10":"mobile-align-center","11":"ast-product-gallery-layout-horizontal","12":"ast-product-tabs-layout-horizontal","14":"first","15":"instock","16":"taxable","17":"shipping-taxable","18":"purchasable","19":"product-type-simple"},"acf":[],"yoast_head":"<!-- This site is optimized with the Yoast SEO plugin v27.4 - https:\/\/yoast.com\/product\/yoast-seo-wordpress\/ -->\n<title>Kup ochron\u0119 przed ha\u0142asem dla dmuchanych zamk\u00f3w | Dodo-Inflatables.com<\/title>\n<meta name=\"description\" content=\"Zakup ochrony przed ha\u0142asem do dmuchanych zamk\u00f3w na Dodo-Inflatables.com | Certyfikat EN14960 | Szybka dostawa!\" \/>\n<meta name=\"robots\" content=\"index, follow, max-snippet:-1, max-image-preview:large, max-video-preview:-1\" \/>\n<link rel=\"canonical\" href=\"https:\/\/dodo-inflatables.com\/pl\/produkt\/maty-chroniace-przed-upadkiem-240-x-120-x-5-cm-copy\/\" \/>\n<meta name=\"twitter:label1\" content=\"Szacowany czas czytania\" \/>\n\t<meta name=\"twitter:data1\" content=\"1 minuta\" \/>\n<script type=\"application\/ld+json\" class=\"yoast-schema-graph\">{\"@context\":\"https:\\\/\\\/schema.org\",\"@graph\":[{\"@type\":\"WebPage\",\"@id\":\"https:\\\/\\\/dodo-inflatables.com\\\/pl\\\/produkt\\\/maty-chroniace-przed-upadkiem-240-x-120-x-5-cm-copy\\\/\",\"url\":\"https:\\\/\\\/dodo-inflatables.com\\\/pl\\\/produkt\\\/maty-chroniace-przed-upadkiem-240-x-120-x-5-cm-copy\\\/\",\"name\":\"Kup ochron\u0119 przed ha\u0142asem dla dmuchanych zamk\u00f3w | Dodo-Inflatables.com\",\"isPartOf\":{\"@id\":\"https:\\\/\\\/dodo-inflatables.com\\\/pl\\\/#website\"},\"primaryImageOfPage\":{\"@id\":\"https:\\\/\\\/dodo-inflatables.com\\\/pl\\\/produkt\\\/maty-chroniace-przed-upadkiem-240-x-120-x-5-cm-copy\\\/#primaryimage\"},\"image\":{\"@id\":\"https:\\\/\\\/dodo-inflatables.com\\\/pl\\\/produkt\\\/maty-chroniace-przed-upadkiem-240-x-120-x-5-cm-copy\\\/#primaryimage\"},\"thumbnailUrl\":\"https:\\\/\\\/dodo-inflatables.com\\\/wp-content\\\/uploads\\\/2024\\\/06\\\/buy-bouncy-castle-blower-noise-protection-silencer-4-Kopie.jpg\",\"datePublished\":\"2024-06-10T13:48:06+00:00\",\"dateModified\":\"2024-06-10T13:54:32+00:00\",\"description\":\"Zakup ochrony przed ha\u0142asem do dmuchanych zamk\u00f3w na Dodo-Inflatables.com | Certyfikat EN14960 | Szybka dostawa!\",\"breadcrumb\":{\"@id\":\"https:\\\/\\\/dodo-inflatables.com\\\/pl\\\/produkt\\\/maty-chroniace-przed-upadkiem-240-x-120-x-5-cm-copy\\\/#breadcrumb\"},\"inLanguage\":\"pl-PL\",\"potentialAction\":[{\"@type\":\"ReadAction\",\"target\":[\"https:\\\/\\\/dodo-inflatables.com\\\/pl\\\/produkt\\\/maty-chroniace-przed-upadkiem-240-x-120-x-5-cm-copy\\\/\"]}]},{\"@type\":\"ImageObject\",\"inLanguage\":\"pl-PL\",\"@id\":\"https:\\\/\\\/dodo-inflatables.com\\\/pl\\\/produkt\\\/maty-chroniace-przed-upadkiem-240-x-120-x-5-cm-copy\\\/#primaryimage\",\"url\":\"https:\\\/\\\/dodo-inflatables.com\\\/wp-content\\\/uploads\\\/2024\\\/06\\\/buy-bouncy-castle-blower-noise-protection-silencer-4-Kopie.jpg\",\"contentUrl\":\"https:\\\/\\\/dodo-inflatables.com\\\/wp-content\\\/uploads\\\/2024\\\/06\\\/buy-bouncy-castle-blower-noise-protection-silencer-4-Kopie.jpg\",\"width\":1000,\"height\":1000},{\"@type\":\"BreadcrumbList\",\"@id\":\"https:\\\/\\\/dodo-inflatables.com\\\/pl\\\/produkt\\\/maty-chroniace-przed-upadkiem-240-x-120-x-5-cm-copy\\\/#breadcrumb\",\"itemListElement\":[{\"@type\":\"ListItem\",\"position\":1,\"name\":\"Strona g\u0142\u00f3wna\",\"item\":\"https:\\\/\\\/dodo-inflatables.com\\\/pl\\\/\"},{\"@type\":\"ListItem\",\"position\":2,\"name\":\"Sklep\",\"item\":\"https:\\\/\\\/dodo-inflatables.com\\\/pl\\\/sklep\\\/\"},{\"@type\":\"ListItem\",\"position\":3,\"name\":\"T\u0142umik do nadmuchiwanej dmuchawy\"}]},{\"@type\":\"WebSite\",\"@id\":\"https:\\\/\\\/dodo-inflatables.com\\\/pl\\\/#website\",\"url\":\"https:\\\/\\\/dodo-inflatables.com\\\/pl\\\/\",\"name\":\"dodo-inflatables.com\",\"description\":\"Kup dmuchane zamki i atrakcje w naszym sklepie.\",\"publisher\":{\"@id\":\"https:\\\/\\\/dodo-inflatables.com\\\/pl\\\/#organization\"},\"potentialAction\":[{\"@type\":\"SearchAction\",\"target\":{\"@type\":\"EntryPoint\",\"urlTemplate\":\"https:\\\/\\\/dodo-inflatables.com\\\/pl\\\/?s={search_term_string}\"},\"query-input\":{\"@type\":\"PropertyValueSpecification\",\"valueRequired\":true,\"valueName\":\"search_term_string\"}}],\"inLanguage\":\"pl-PL\"},{\"@type\":\"Organization\",\"@id\":\"https:\\\/\\\/dodo-inflatables.com\\\/pl\\\/#organization\",\"name\":\"dodo-inflatables.com\",\"url\":\"https:\\\/\\\/dodo-inflatables.com\\\/pl\\\/\",\"logo\":{\"@type\":\"ImageObject\",\"inLanguage\":\"pl-PL\",\"@id\":\"https:\\\/\\\/dodo-inflatables.com\\\/pl\\\/#\\\/schema\\\/logo\\\/image\\\/\",\"url\":\"https:\\\/\\\/dodo-inflatables.com\\\/wp-content\\\/uploads\\\/2023\\\/04\\\/cropped-cropped-cropped-Dodo-Logo.png\",\"contentUrl\":\"https:\\\/\\\/dodo-inflatables.com\\\/wp-content\\\/uploads\\\/2023\\\/04\\\/cropped-cropped-cropped-Dodo-Logo.png\",\"width\":2996,\"height\":1545,\"caption\":\"dodo-inflatables.com\"},\"image\":{\"@id\":\"https:\\\/\\\/dodo-inflatables.com\\\/pl\\\/#\\\/schema\\\/logo\\\/image\\\/\"}}]}<\/script>\n<!-- \/ Yoast SEO plugin. -->","yoast_head_json":{"title":"Kup ochron\u0119 przed ha\u0142asem dla dmuchanych zamk\u00f3w | Dodo-Inflatables.com","description":"Zakup ochrony przed ha\u0142asem do dmuchanych zamk\u00f3w na Dodo-Inflatables.com | Certyfikat EN14960 | Szybka dostawa!","robots":{"index":"index","follow":"follow","max-snippet":"max-snippet:-1","max-image-preview":"max-image-preview:large","max-video-preview":"max-video-preview:-1"},"canonical":"https:\/\/dodo-inflatables.com\/pl\/produkt\/maty-chroniace-przed-upadkiem-240-x-120-x-5-cm-copy\/","twitter_misc":{"Szacowany czas czytania":"1 minuta"},"schema":{"@context":"https:\/\/schema.org","@graph":[{"@type":"WebPage","@id":"https:\/\/dodo-inflatables.com\/pl\/produkt\/maty-chroniace-przed-upadkiem-240-x-120-x-5-cm-copy\/","url":"https:\/\/dodo-inflatables.com\/pl\/produkt\/maty-chroniace-przed-upadkiem-240-x-120-x-5-cm-copy\/","name":"Kup ochron\u0119 przed ha\u0142asem dla dmuchanych zamk\u00f3w | Dodo-Inflatables.com","isPartOf":{"@id":"https:\/\/dodo-inflatables.com\/pl\/#website"},"primaryImageOfPage":{"@id":"https:\/\/dodo-inflatables.com\/pl\/produkt\/maty-chroniace-przed-upadkiem-240-x-120-x-5-cm-copy\/#primaryimage"},"image":{"@id":"https:\/\/dodo-inflatables.com\/pl\/produkt\/maty-chroniace-przed-upadkiem-240-x-120-x-5-cm-copy\/#primaryimage"},"thumbnailUrl":"https:\/\/dodo-inflatables.com\/wp-content\/uploads\/2024\/06\/buy-bouncy-castle-blower-noise-protection-silencer-4-Kopie.jpg","datePublished":"2024-06-10T13:48:06+00:00","dateModified":"2024-06-10T13:54:32+00:00","description":"Zakup ochrony przed ha\u0142asem do dmuchanych zamk\u00f3w na Dodo-Inflatables.com | Certyfikat EN14960 | Szybka dostawa!","breadcrumb":{"@id":"https:\/\/dodo-inflatables.com\/pl\/produkt\/maty-chroniace-przed-upadkiem-240-x-120-x-5-cm-copy\/#breadcrumb"},"inLanguage":"pl-PL","potentialAction":[{"@type":"ReadAction","target":["https:\/\/dodo-inflatables.com\/pl\/produkt\/maty-chroniace-przed-upadkiem-240-x-120-x-5-cm-copy\/"]}]},{"@type":"ImageObject","inLanguage":"pl-PL","@id":"https:\/\/dodo-inflatables.com\/pl\/produkt\/maty-chroniace-przed-upadkiem-240-x-120-x-5-cm-copy\/#primaryimage","url":"https:\/\/dodo-inflatables.com\/wp-content\/uploads\/2024\/06\/buy-bouncy-castle-blower-noise-protection-silencer-4-Kopie.jpg","contentUrl":"https:\/\/dodo-inflatables.com\/wp-content\/uploads\/2024\/06\/buy-bouncy-castle-blower-noise-protection-silencer-4-Kopie.jpg","width":1000,"height":1000},{"@type":"BreadcrumbList","@id":"https:\/\/dodo-inflatables.com\/pl\/produkt\/maty-chroniace-przed-upadkiem-240-x-120-x-5-cm-copy\/#breadcrumb","itemListElement":[{"@type":"ListItem","position":1,"name":"Strona g\u0142\u00f3wna","item":"https:\/\/dodo-inflatables.com\/pl\/"},{"@type":"ListItem","position":2,"name":"Sklep","item":"https:\/\/dodo-inflatables.com\/pl\/sklep\/"},{"@type":"ListItem","position":3,"name":"T\u0142umik do nadmuchiwanej dmuchawy"}]},{"@type":"WebSite","@id":"https:\/\/dodo-inflatables.com\/pl\/#website","url":"https:\/\/dodo-inflatables.com\/pl\/","name":"dodo-inflatables.com","description":"Kup dmuchane zamki i atrakcje w naszym sklepie.","publisher":{"@id":"https:\/\/dodo-inflatables.com\/pl\/#organization"},"potentialAction":[{"@type":"SearchAction","target":{"@type":"EntryPoint","urlTemplate":"https:\/\/dodo-inflatables.com\/pl\/?s={search_term_string}"},"query-input":{"@type":"PropertyValueSpecification","valueRequired":true,"valueName":"search_term_string"}}],"inLanguage":"pl-PL"},{"@type":"Organization","@id":"https:\/\/dodo-inflatables.com\/pl\/#organization","name":"dodo-inflatables.com","url":"https:\/\/dodo-inflatables.com\/pl\/","logo":{"@type":"ImageObject","inLanguage":"pl-PL","@id":"https:\/\/dodo-inflatables.com\/pl\/#\/schema\/logo\/image\/","url":"https:\/\/dodo-inflatables.com\/wp-content\/uploads\/2023\/04\/cropped-cropped-cropped-Dodo-Logo.png","contentUrl":"https:\/\/dodo-inflatables.com\/wp-content\/uploads\/2023\/04\/cropped-cropped-cropped-Dodo-Logo.png","width":2996,"height":1545,"caption":"dodo-inflatables.com"},"image":{"@id":"https:\/\/dodo-inflatables.com\/pl\/#\/schema\/logo\/image\/"}}]}},"uagb_featured_image_src":{"full":["https:\/\/dodo-inflatables.com\/wp-content\/uploads\/2024\/06\/buy-bouncy-castle-blower-noise-protection-silencer-4-Kopie.jpg",1000,1000,false],"thumbnail":["https:\/\/dodo-inflatables.com\/wp-content\/uploads\/2024\/06\/buy-bouncy-castle-blower-noise-protection-silencer-4-Kopie-150x150.jpg",150,150,true],"medium":["https:\/\/dodo-inflatables.com\/wp-content\/uploads\/2024\/06\/buy-bouncy-castle-blower-noise-protection-silencer-4-Kopie-300x300.jpg",300,300,true],"medium_large":["https:\/\/dodo-inflatables.com\/wp-content\/uploads\/2024\/06\/buy-bouncy-castle-blower-noise-protection-silencer-4-Kopie-768x768.jpg",768,768,true],"large":["https:\/\/dodo-inflatables.com\/wp-content\/uploads\/2024\/06\/buy-bouncy-castle-blower-noise-protection-silencer-4-Kopie.jpg",1000,1000,false],"1536x1536":["https:\/\/dodo-inflatables.com\/wp-content\/uploads\/2024\/06\/buy-bouncy-castle-blower-noise-protection-silencer-4-Kopie.jpg",1000,1000,false],"2048x2048":["https:\/\/dodo-inflatables.com\/wp-content\/uploads\/2024\/06\/buy-bouncy-castle-blower-noise-protection-silencer-4-Kopie.jpg",1000,1000,false],"woocommerce_thumbnail":["https:\/\/dodo-inflatables.com\/wp-content\/uploads\/2024\/06\/buy-bouncy-castle-blower-noise-protection-silencer-4-Kopie-900x900.jpg",900,900,true],"woocommerce_single":["https:\/\/dodo-inflatables.com\/wp-content\/uploads\/2024\/06\/buy-bouncy-castle-blower-noise-protection-silencer-4-Kopie-900x900.jpg",900,900,true],"woocommerce_gallery_thumbnail":["https:\/\/dodo-inflatables.com\/wp-content\/uploads\/2024\/06\/buy-bouncy-castle-blower-noise-protection-silencer-4-Kopie-100x100.jpg",100,100,true]},"uagb_author_info":{"display_name":"Andreas","author_link":"https:\/\/dodo-inflatables.com\/pl\/author\/"},"uagb_comment_info":0,"uagb_excerpt":"T\u0142umik do nadmuchiwanej dmuchawy","_links":{"self":[{"href":"https:\/\/dodo-inflatables.com\/pl\/wp-json\/wp\/v2\/product\/15936","targetHints":{"allow":["GET"]}}],"collection":[{"href":"https:\/\/dodo-inflatables.com\/pl\/wp-json\/wp\/v2\/product"}],"about":[{"href":"https:\/\/dodo-inflatables.com\/pl\/wp-json\/wp\/v2\/types\/product"}],"replies":[{"embeddable":true,"href":"https:\/\/dodo-inflatables.com\/pl\/wp-json\/wp\/v2\/comments?post=15936"}],"wp:featuredmedia":[{"embeddable":true,"href":"https:\/\/dodo-inflatables.com\/pl\/wp-json\/wp\/v2\/media\/55251"}],"wp:attachment":[{"href":"https:\/\/dodo-inflatables.com\/pl\/wp-json\/wp\/v2\/media?parent=15936"}],"wp:term":[{"taxonomy":"product_brand","embeddable":true,"href":"https:\/\/dodo-inflatables.com\/pl\/wp-json\/wp\/v2\/product_brand?post=15936"},{"taxonomy":"product_cat","embeddable":true,"href":"https:\/\/dodo-inflatables.com\/pl\/wp-json\/wp\/v2\/product_cat?post=15936"},{"taxonomy":"product_tag","embeddable":true,"href":"https:\/\/dodo-inflatables.com\/pl\/wp-json\/wp\/v2\/product_tag?post=15936"}],"curies":[{"name":"wp","href":"https:\/\/api.w.org\/{rel}","templated":true}]}}