{"id":16130,"date":"2024-07-10T13:01:33","date_gmt":"2024-07-10T11:01:33","guid":{"rendered":"https:\/\/dodo-inflatables.com\/?post_type=product&#038;p=16130"},"modified":"2026-04-25T18:23:19","modified_gmt":"2026-04-25T16:23:19","slug":"tlumik-do-nadmuchiwanej-dmuchawy-copy","status":"publish","type":"product","link":"https:\/\/dodo-inflatables.com\/pl\/produkt\/tlumik-do-nadmuchiwanej-dmuchawy-copy\/","title":{"rendered":"Torby transportowe do dmuchanych zamk\u00f3w XS"},"content":{"rendered":"<h2>Kup torby transportowe do dmuchanych zamk\u00f3w<\/h2>\n<p>Nasze torby transportowe do dmuchanych zamk\u00f3w s\u0105 idealnym rozwi\u0105zaniem dla firm wynajmuj\u0105cych lub klient\u00f3w z kilkoma dmuchanymi zamkami w magazynie.<br \/>\n<strong>Praktyczne uchwyty<\/strong>: Uchwyty umo\u017cliwiaj\u0105 \u0142atw\u0105 obs\u0142ug\u0119 toreb i u\u0142atwiaj\u0105 przemieszczanie nadmuchiwanych konstrukcji. Nale\u017cy pami\u0119ta\u0107, \u017ce w zale\u017cno\u015bci od wagi nadmuchiwanej konstrukcji, uchwyty nie zawsze mog\u0105 utrzyma\u0107 pe\u0142ny ci\u0119\u017car i dlatego nale\u017cy ich u\u017cywa\u0107 ostro\u017cnie, aby unikn\u0105\u0107 ich urwania.<br \/>\n<strong>Bezpieczne mo\u017cliwo\u015bci mocowania<\/strong>: Torby transportowe mo\u017cna bezpiecznie zawi\u0105za\u0107 na g\u00f3rze p\u0119tlami, aby nadmuchiwana konstrukcja pozosta\u0142a chroniona i dobrze zapakowana podczas transportu. Zapobiega to przypadkowemu otwarciu i zapewnia, \u017ce nadmuchiwana konstrukcja pozostaje czysta i schludna.<br \/>\n<strong>Ochrona przed uszkodzeniami transportowymi<\/strong>: Nasze torby transportowe s\u0105 specjalnie zaprojektowane do ochrony nadmuchiwanych konstrukcji przed uszkodzeniami transportowymi. Wytrzyma\u0142y materia\u0142 chroni nadmuchiwane konstrukcje przed brudem, kurzem i wp\u0142ywami mechanicznymi, aby zawsze dociera\u0142y do miejsca przeznaczenia w idealnym stanie.<br \/>\nNasze torby transportowe do nadmuchiwanych konstrukcji oferuj\u0105 idealn\u0105 kombinacj\u0119 funkcjonalno\u015bci i wygody. Znacznie u\u0142atwiaj\u0105 transport nadmuchiwanych konstrukcji i zapewniaj\u0105, \u017ce nadmuchiwane konstrukcje zawsze pozostaj\u0105 w doskona\u0142ym stanie.<\/p>\n<h3>Szczeg\u00f3\u0142y torby transportowej rozmiar XS<\/h3>\n<ul>\n<li>Materia\u0142: PVC (0,55 mm \/ 621,3 g\/m\u00b2)<\/li>\n<li>\u015arednica 80 cm<\/li>\n<li>Wysoko\u015b\u0107 100 cm<\/li>\n<li>Mieszane kolory<\/li>\n<\/ul>\n<p><strong>Ka\u017cda nadmuchiwana konstrukcja jest dostarczana w torbie transportowej, nie ma potrzeby zamawiania dodatkowej torby.<\/strong><\/p>\n","protected":false},"excerpt":{"rendered":"<ul>\n<li>Torba transportowa rozmiar XS (\u015brednica 80 cm, wysoko\u015b\u0107 100 cm)<\/li>\n<li>Materia\u0142: PVC (0,55 mm \/ 621,3 g\/m\u00b2)<\/li>\n<li>Mieszane kolory<\/li>\n<\/ul>\n","protected":false},"featured_media":55175,"comment_status":"open","ping_status":"closed","template":"","meta":{"_acf_changed":false,"_uag_custom_page_level_css":"","site-sidebar-layout":"default","site-content-layout":"boxed-container","ast-site-content-layout":"normal-width-container","site-content-style":"boxed","site-sidebar-style":"boxed","ast-global-header-display":"","ast-banner-title-visibility":"","ast-main-header-display":"","ast-hfb-above-header-display":"","ast-hfb-below-header-display":"","ast-hfb-mobile-header-display":"","site-post-title":"disabled","ast-breadcrumbs-content":"","ast-featured-img":"","footer-sml-layout":"","ast-disable-related-posts":"","theme-transparent-header-meta":"default","adv-header-id-meta":"","stick-header-meta":"default","header-above-stick-meta":"","header-main-stick-meta":"","header-below-stick-meta":"","astra-migrate-meta-layouts":"set","ast-page-background-enabled":"default","ast-page-background-meta":{"desktop":{"background-color":"var(--ast-global-color-4)","background-image":"","background-repeat":"repeat","background-position":"center center","background-size":"auto","background-attachment":"scroll","background-type":"","background-media":"","overlay-type":"","overlay-color":"","overlay-opacity":"","overlay-gradient":""},"tablet":{"background-color":"","background-image":"","background-repeat":"repeat","background-position":"center center","background-size":"auto","background-attachment":"scroll","background-type":"","background-media":"","overlay-type":"","overlay-color":"","overlay-opacity":"","overlay-gradient":""},"mobile":{"background-color":"","background-image":"","background-repeat":"repeat","background-position":"center center","background-size":"auto","background-attachment":"scroll","background-type":"","background-media":"","overlay-type":"","overlay-color":"","overlay-opacity":"","overlay-gradient":""}},"ast-content-background-meta":{"desktop":{"background-color":"var(--ast-global-color-5)","background-image":"","background-repeat":"repeat","background-position":"center center","background-size":"auto","background-attachment":"scroll","background-type":"","background-media":"","overlay-type":"","overlay-color":"","overlay-opacity":"","overlay-gradient":""},"tablet":{"background-color":"var(--ast-global-color-5)","background-image":"","background-repeat":"repeat","background-position":"center center","background-size":"auto","background-attachment":"scroll","background-type":"","background-media":"","overlay-type":"","overlay-color":"","overlay-opacity":"","overlay-gradient":""},"mobile":{"background-color":"var(--ast-global-color-5)","background-image":"","background-repeat":"repeat","background-position":"center center","background-size":"auto","background-attachment":"scroll","background-type":"","background-media":"","overlay-type":"","overlay-color":"","overlay-opacity":"","overlay-gradient":""}}},"product_brand":[],"product_cat":[827],"product_tag":[],"class_list":{"0":"post-16130","1":"product","2":"type-product","3":"status-publish","4":"has-post-thumbnail","6":"product_cat-akcesoria","7":"product_shipping_class-zubehor-pl","8":"pa_gtin-0654170861734-pl","9":"desktop-align-center","10":"tablet-align-center","11":"mobile-align-center","12":"ast-product-gallery-layout-horizontal","13":"ast-product-gallery-with-no-image","14":"ast-product-tabs-layout-horizontal","16":"first","17":"instock","18":"taxable","19":"shipping-taxable","20":"purchasable","21":"product-type-simple"},"acf":[],"yoast_head":"<!-- This site is optimized with the Yoast SEO plugin v27.5 - https:\/\/yoast.com\/product\/yoast-seo-wordpress\/ -->\n<title>Kup nadmuchiwane worki transportowe | Dodo-Inflatables.com<\/title>\n<meta name=\"description\" content=\"Kup torby transportowe do dmucha\u0144c\u00f3w i zamk\u00f3w do skakania na Dodo-Inflatables.com | Certyfikowane zgodnie z EN14960 | Szybka dostawa!\" \/>\n<meta name=\"robots\" content=\"index, follow, max-snippet:-1, max-image-preview:large, max-video-preview:-1\" \/>\n<link rel=\"canonical\" href=\"https:\/\/dodo-inflatables.com\/pl\/produkt\/tlumik-do-nadmuchiwanej-dmuchawy-copy\/\" \/>\n<meta name=\"twitter:label1\" content=\"Szacowany czas czytania\" \/>\n\t<meta name=\"twitter:data1\" content=\"1 minuta\" \/>\n<script type=\"application\/ld+json\" class=\"yoast-schema-graph\">{\"@context\":\"https:\\\/\\\/schema.org\",\"@graph\":[{\"@type\":\"WebPage\",\"@id\":\"https:\\\/\\\/dodo-inflatables.com\\\/pl\\\/produkt\\\/tlumik-do-nadmuchiwanej-dmuchawy-copy\\\/\",\"url\":\"https:\\\/\\\/dodo-inflatables.com\\\/pl\\\/produkt\\\/tlumik-do-nadmuchiwanej-dmuchawy-copy\\\/\",\"name\":\"Kup nadmuchiwane worki transportowe | Dodo-Inflatables.com\",\"isPartOf\":{\"@id\":\"https:\\\/\\\/dodo-inflatables.com\\\/pl\\\/#website\"},\"primaryImageOfPage\":{\"@id\":\"https:\\\/\\\/dodo-inflatables.com\\\/pl\\\/produkt\\\/tlumik-do-nadmuchiwanej-dmuchawy-copy\\\/#primaryimage\"},\"image\":{\"@id\":\"https:\\\/\\\/dodo-inflatables.com\\\/pl\\\/produkt\\\/tlumik-do-nadmuchiwanej-dmuchawy-copy\\\/#primaryimage\"},\"thumbnailUrl\":\"https:\\\/\\\/dodo-inflatables.com\\\/wp-content\\\/uploads\\\/2024\\\/07\\\/XS-Bouncy-castle-Transport-bag.jpg\",\"datePublished\":\"2024-07-10T11:01:33+00:00\",\"dateModified\":\"2026-04-25T16:23:19+00:00\",\"description\":\"Kup torby transportowe do dmucha\u0144c\u00f3w i zamk\u00f3w do skakania na Dodo-Inflatables.com | Certyfikowane zgodnie z EN14960 | Szybka dostawa!\",\"breadcrumb\":{\"@id\":\"https:\\\/\\\/dodo-inflatables.com\\\/pl\\\/produkt\\\/tlumik-do-nadmuchiwanej-dmuchawy-copy\\\/#breadcrumb\"},\"inLanguage\":\"pl-PL\",\"potentialAction\":[{\"@type\":\"ReadAction\",\"target\":[\"https:\\\/\\\/dodo-inflatables.com\\\/pl\\\/produkt\\\/tlumik-do-nadmuchiwanej-dmuchawy-copy\\\/\"]}]},{\"@type\":\"ImageObject\",\"inLanguage\":\"pl-PL\",\"@id\":\"https:\\\/\\\/dodo-inflatables.com\\\/pl\\\/produkt\\\/tlumik-do-nadmuchiwanej-dmuchawy-copy\\\/#primaryimage\",\"url\":\"https:\\\/\\\/dodo-inflatables.com\\\/wp-content\\\/uploads\\\/2024\\\/07\\\/XS-Bouncy-castle-Transport-bag.jpg\",\"contentUrl\":\"https:\\\/\\\/dodo-inflatables.com\\\/wp-content\\\/uploads\\\/2024\\\/07\\\/XS-Bouncy-castle-Transport-bag.jpg\",\"width\":1000,\"height\":1000,\"caption\":\"Torby transportowe do dmuchanych zamk\u00f3w XS | Dodo Inflatables\"},{\"@type\":\"BreadcrumbList\",\"@id\":\"https:\\\/\\\/dodo-inflatables.com\\\/pl\\\/produkt\\\/tlumik-do-nadmuchiwanej-dmuchawy-copy\\\/#breadcrumb\",\"itemListElement\":[{\"@type\":\"ListItem\",\"position\":1,\"name\":\"Strona g\u0142\u00f3wna\",\"item\":\"https:\\\/\\\/dodo-inflatables.com\\\/pl\\\/\"},{\"@type\":\"ListItem\",\"position\":2,\"name\":\"Sklep\",\"item\":\"https:\\\/\\\/dodo-inflatables.com\\\/pl\\\/sklep\\\/\"},{\"@type\":\"ListItem\",\"position\":3,\"name\":\"Torba transportowa na zamek XS\"}]},{\"@type\":\"WebSite\",\"@id\":\"https:\\\/\\\/dodo-inflatables.com\\\/pl\\\/#website\",\"url\":\"https:\\\/\\\/dodo-inflatables.com\\\/pl\\\/\",\"name\":\"dodo-inflatables.com\",\"description\":\"Kup dmuchane zamki i atrakcje w naszym sklepie.\",\"potentialAction\":[{\"@type\":\"SearchAction\",\"target\":{\"@type\":\"EntryPoint\",\"urlTemplate\":\"https:\\\/\\\/dodo-inflatables.com\\\/pl\\\/?s={search_term_string}\"},\"query-input\":{\"@type\":\"PropertyValueSpecification\",\"valueRequired\":true,\"valueName\":\"search_term_string\"}}],\"inLanguage\":\"pl-PL\"}]}<\/script>\n<!-- \/ Yoast SEO plugin. -->","yoast_head_json":{"title":"Kup nadmuchiwane worki transportowe | Dodo-Inflatables.com","description":"Kup torby transportowe do dmucha\u0144c\u00f3w i zamk\u00f3w do skakania na Dodo-Inflatables.com | Certyfikowane zgodnie z EN14960 | Szybka dostawa!","robots":{"index":"index","follow":"follow","max-snippet":"max-snippet:-1","max-image-preview":"max-image-preview:large","max-video-preview":"max-video-preview:-1"},"canonical":"https:\/\/dodo-inflatables.com\/pl\/produkt\/tlumik-do-nadmuchiwanej-dmuchawy-copy\/","twitter_misc":{"Szacowany czas czytania":"1 minuta"},"schema":{"@context":"https:\/\/schema.org","@graph":[{"@type":"WebPage","@id":"https:\/\/dodo-inflatables.com\/pl\/produkt\/tlumik-do-nadmuchiwanej-dmuchawy-copy\/","url":"https:\/\/dodo-inflatables.com\/pl\/produkt\/tlumik-do-nadmuchiwanej-dmuchawy-copy\/","name":"Kup nadmuchiwane worki transportowe | Dodo-Inflatables.com","isPartOf":{"@id":"https:\/\/dodo-inflatables.com\/pl\/#website"},"primaryImageOfPage":{"@id":"https:\/\/dodo-inflatables.com\/pl\/produkt\/tlumik-do-nadmuchiwanej-dmuchawy-copy\/#primaryimage"},"image":{"@id":"https:\/\/dodo-inflatables.com\/pl\/produkt\/tlumik-do-nadmuchiwanej-dmuchawy-copy\/#primaryimage"},"thumbnailUrl":"https:\/\/dodo-inflatables.com\/wp-content\/uploads\/2024\/07\/XS-Bouncy-castle-Transport-bag.jpg","datePublished":"2024-07-10T11:01:33+00:00","dateModified":"2026-04-25T16:23:19+00:00","description":"Kup torby transportowe do dmucha\u0144c\u00f3w i zamk\u00f3w do skakania na Dodo-Inflatables.com | Certyfikowane zgodnie z EN14960 | Szybka dostawa!","breadcrumb":{"@id":"https:\/\/dodo-inflatables.com\/pl\/produkt\/tlumik-do-nadmuchiwanej-dmuchawy-copy\/#breadcrumb"},"inLanguage":"pl-PL","potentialAction":[{"@type":"ReadAction","target":["https:\/\/dodo-inflatables.com\/pl\/produkt\/tlumik-do-nadmuchiwanej-dmuchawy-copy\/"]}]},{"@type":"ImageObject","inLanguage":"pl-PL","@id":"https:\/\/dodo-inflatables.com\/pl\/produkt\/tlumik-do-nadmuchiwanej-dmuchawy-copy\/#primaryimage","url":"https:\/\/dodo-inflatables.com\/wp-content\/uploads\/2024\/07\/XS-Bouncy-castle-Transport-bag.jpg","contentUrl":"https:\/\/dodo-inflatables.com\/wp-content\/uploads\/2024\/07\/XS-Bouncy-castle-Transport-bag.jpg","width":1000,"height":1000,"caption":"Torby transportowe do dmuchanych zamk\u00f3w XS | Dodo Inflatables"},{"@type":"BreadcrumbList","@id":"https:\/\/dodo-inflatables.com\/pl\/produkt\/tlumik-do-nadmuchiwanej-dmuchawy-copy\/#breadcrumb","itemListElement":[{"@type":"ListItem","position":1,"name":"Strona g\u0142\u00f3wna","item":"https:\/\/dodo-inflatables.com\/pl\/"},{"@type":"ListItem","position":2,"name":"Sklep","item":"https:\/\/dodo-inflatables.com\/pl\/sklep\/"},{"@type":"ListItem","position":3,"name":"Torba transportowa na zamek XS"}]},{"@type":"WebSite","@id":"https:\/\/dodo-inflatables.com\/pl\/#website","url":"https:\/\/dodo-inflatables.com\/pl\/","name":"dodo-inflatables.com","description":"Kup dmuchane zamki i atrakcje w naszym sklepie.","potentialAction":[{"@type":"SearchAction","target":{"@type":"EntryPoint","urlTemplate":"https:\/\/dodo-inflatables.com\/pl\/?s={search_term_string}"},"query-input":{"@type":"PropertyValueSpecification","valueRequired":true,"valueName":"search_term_string"}}],"inLanguage":"pl-PL"}]}},"uagb_featured_image_src":{"full":["https:\/\/dodo-inflatables.com\/wp-content\/uploads\/2024\/07\/XS-Bouncy-castle-Transport-bag.jpg",1000,1000,false],"thumbnail":["https:\/\/dodo-inflatables.com\/wp-content\/uploads\/2024\/07\/XS-Bouncy-castle-Transport-bag-150x150.jpg",150,150,true],"medium":["https:\/\/dodo-inflatables.com\/wp-content\/uploads\/2024\/07\/XS-Bouncy-castle-Transport-bag-300x300.jpg",300,300,true],"medium_large":["https:\/\/dodo-inflatables.com\/wp-content\/uploads\/2024\/07\/XS-Bouncy-castle-Transport-bag-768x768.jpg",768,768,true],"large":["https:\/\/dodo-inflatables.com\/wp-content\/uploads\/2024\/07\/XS-Bouncy-castle-Transport-bag.jpg",1000,1000,false],"1536x1536":["https:\/\/dodo-inflatables.com\/wp-content\/uploads\/2024\/07\/XS-Bouncy-castle-Transport-bag.jpg",1000,1000,false],"2048x2048":["https:\/\/dodo-inflatables.com\/wp-content\/uploads\/2024\/07\/XS-Bouncy-castle-Transport-bag.jpg",1000,1000,false],"woocommerce_thumbnail":["https:\/\/dodo-inflatables.com\/wp-content\/uploads\/2024\/07\/XS-Bouncy-castle-Transport-bag-900x900.jpg",900,900,true],"woocommerce_single":["https:\/\/dodo-inflatables.com\/wp-content\/uploads\/2024\/07\/XS-Bouncy-castle-Transport-bag-900x900.jpg",900,900,true],"woocommerce_gallery_thumbnail":["https:\/\/dodo-inflatables.com\/wp-content\/uploads\/2024\/07\/XS-Bouncy-castle-Transport-bag-100x100.jpg",100,100,true]},"uagb_author_info":{"display_name":"Andreas","author_link":"https:\/\/dodo-inflatables.com\/pl\/author\/"},"uagb_comment_info":0,"uagb_excerpt":"Torba transportowa rozmiar XS (\u015brednica 80 cm, wysoko\u015b\u0107 100 cm) Materia\u0142: PVC (0,55 mm \/ 621,3 g\/m\u00b2) Mieszane kolory","_links":{"self":[{"href":"https:\/\/dodo-inflatables.com\/pl\/wp-json\/wp\/v2\/product\/16130","targetHints":{"allow":["GET"]}}],"collection":[{"href":"https:\/\/dodo-inflatables.com\/pl\/wp-json\/wp\/v2\/product"}],"about":[{"href":"https:\/\/dodo-inflatables.com\/pl\/wp-json\/wp\/v2\/types\/product"}],"replies":[{"embeddable":true,"href":"https:\/\/dodo-inflatables.com\/pl\/wp-json\/wp\/v2\/comments?post=16130"}],"wp:featuredmedia":[{"embeddable":true,"href":"https:\/\/dodo-inflatables.com\/pl\/wp-json\/wp\/v2\/media\/55175"}],"wp:attachment":[{"href":"https:\/\/dodo-inflatables.com\/pl\/wp-json\/wp\/v2\/media?parent=16130"}],"wp:term":[{"taxonomy":"product_brand","embeddable":true,"href":"https:\/\/dodo-inflatables.com\/pl\/wp-json\/wp\/v2\/product_brand?post=16130"},{"taxonomy":"product_cat","embeddable":true,"href":"https:\/\/dodo-inflatables.com\/pl\/wp-json\/wp\/v2\/product_cat?post=16130"},{"taxonomy":"product_tag","embeddable":true,"href":"https:\/\/dodo-inflatables.com\/pl\/wp-json\/wp\/v2\/product_tag?post=16130"}],"curies":[{"name":"wp","href":"https:\/\/api.w.org\/{rel}","templated":true}]}}