{"id":16572,"date":"2024-03-05T15:12:26","date_gmt":"2024-03-05T14:12:26","guid":{"rendered":"https:\/\/dodo-inflatables.com\/compra-de-cestos-e-hupfburgen-em-osterreich\/"},"modified":"2024-07-17T14:55:22","modified_gmt":"2024-07-17T12:55:22","slug":"compra-de-cestos-e-hupfburgen-em-osterreich","status":"publish","type":"page","link":"https:\/\/dodo-inflatables.com\/pt-pt\/compra-de-cestos-e-hupfburgen-em-osterreich\/","title":{"rendered":"Compra de cestos e h\u00fcpfburgen em \u00d6sterreich"},"content":{"rendered":"\n<h2 class=\"wp-block-heading has-text-align-center\"><strong>Compra de cestos e h\u00fcpfburgen em \u00d6sterreich<\/strong><\/h2>\n\n<figure class=\"wp-block-image aligncenter size-large\"><a href=\"https:\/\/dodo-inflatables.com\/wp-content\/uploads\/2022\/01\/seperator-kleiner.png\"><img loading=\"lazy\" decoding=\"async\" width=\"1024\" height=\"102\" src=\"https:\/\/dodo-inflatables.com\/wp-content\/uploads\/2022\/01\/seperator-kleiner-1024x102.png\" alt=\"\" class=\"wp-image-4026\" srcset=\"https:\/\/dodo-inflatables.com\/wp-content\/uploads\/2022\/01\/seperator-kleiner-1024x102.png 1024w, https:\/\/dodo-inflatables.com\/wp-content\/uploads\/2022\/01\/seperator-kleiner-900x90.png 900w, https:\/\/dodo-inflatables.com\/wp-content\/uploads\/2022\/01\/seperator-kleiner-300x30.png 300w, https:\/\/dodo-inflatables.com\/wp-content\/uploads\/2022\/01\/seperator-kleiner-768x77.png 768w, https:\/\/dodo-inflatables.com\/wp-content\/uploads\/2022\/01\/seperator-kleiner-1536x154.png 1536w, https:\/\/dodo-inflatables.com\/wp-content\/uploads\/2022\/01\/seperator-kleiner-340x34.png 340w, https:\/\/dodo-inflatables.com\/wp-content\/uploads\/2022\/01\/seperator-kleiner.png 2000w\" sizes=\"auto, (max-width: 1024px) 100vw, 1024px\" \/><\/a><\/figure>\n\n<h3 class=\"wp-block-heading has-text-align-center\">Bem-vindo \u00e0 Dodo-Inflatables.com &#8211; a nossa loja online de insufl\u00e1veis na Europa!<\/h3>\n\n<p style=\"font-size:17px\">Experimenta a nossa vasta gama de H\u00fcpfburgen, <a href=\"https:\/\/dodo-inflatables.com\/product-category\/bouncy-castles\/\">Luftburgen<\/a> e <a href=\"https:\/\/dodo-inflatables.com\/product-category\/slides\/\">Rutschen<\/a> de alta qualidade, que se tornam um extra a cada refei\u00e7\u00e3o. Se queres um grande H\u00fcpfburg para um evento de empresa, um pequeno H\u00fcpfschloss para um Kindergeburtstag ou um H\u00fcpfburg com Rutsche para uma festa de ver\u00e3o &#8211; connosco encontras a garantia do Passende!<\/p>\n\n<p style=\"font-size:17px\">O nosso sortido inclui n\u00e3o s\u00f3 uma grande variedade de hamb\u00fargueres, mas tamb\u00e9m uma vasta gama de <a href=\"https:\/\/dodo-inflatables.com\/product-category\/accessories\/\">acess\u00f3rios<\/a>, tais como <a href=\"https:\/\/dodo-inflatables.com\/pt-pt\/produto\/soprador-gibbons-fp5005-15ps\/\" data-type=\"product\" data-id=\"81\">gib\u00f5es<\/a> e <a href=\"https:\/\/dodo-inflatables.com\/pt-pt\/produto\/ventilador-huawei-reh-1-5e-1-5ps\/\" data-type=\"product\" data-id=\"2724\">Huawei<\/a> Gebl\u00e4se f\u00fcr H\u00fcpfburgen.<\/p>\n\n<p style=\"font-size:17px\">O pre\u00e7o da compra de um H\u00fcpfburg e de outros produtos de banho para a <strong>\u00c1ustria \u00e9 de 167,99<\/strong> euros. Um pacote com um tubo de pl\u00e1stico custa 18,99 \u20ac. Se o H\u00fcpfburg estiver no Lager, ser\u00e1 imediatamente transferido para ti ap\u00f3s o pagamento da taxa. A entrega em Portugal demora cerca de<strong> 2 a 4 dias<\/strong>. Podes fazer um auto-atendimento no nosso Lager em Munique, Alemanha.<\/p>\n\n<p style=\"font-size:17px\">Todos os nossos H\u00fcpfburgen cumprem as rigorosas normas de seguran\u00e7a da norma <strong>DIN EN 14960 <\/strong>e s\u00e3o concebidos para uso privado e p\u00fablico. Ao venderes o teu H\u00fcpfburg, recebes um relat\u00f3rio detalhado e o certificado de seguran\u00e7a para o teu novo H\u00fcpfburg.<\/p>\n\n<p style=\"font-size:17px\">Liberta\u00e7\u00e3o de res\u00edduos para empresas! Se fores um empres\u00e1rio, d\u00e1 o teu n\u00famero de identifica\u00e7\u00e3o de utilizador no Kasse, para que o possas adquirir gratuitamente.<\/p>\n\n<p style=\"font-size:17px\">Quer seja como pessoa privada que deseja um H\u00fcpfburg para a sua pr\u00f3xima festa de fam\u00edlia, quer seja como um fornecedor de servi\u00e7os, que deseja melhorar o seu produto &#8211; os nossos H\u00fcpfburgen s\u00e3o para todos os gostos. A maior parte dos nossos clientes em toda a Europa s\u00e3o utilizadores de p\u00f3rticos, que procuram os nossos produtos para eventos de todos os tamanhos.<\/p>\n\n<p style=\"font-size:17px\">Desejamos-te muito sucesso nas compras na nossa loja online e se tiveres alguma quest\u00e3o a colocar em <a href=\"mailto:contact@dodo-inflatables.com\">contact@dodo-inflatables.com<\/a> para a tua consulta ou se quiseres ir \u00e0 nossa loja online em Portugal: <a href=\"https:\/\/huepfburg-guenstig-kaufen.at\/\">huepfburg-guenstig-kaufen.at!<\/a><\/p>\n\n<div style=\"height:100px\" aria-hidden=\"true\" class=\"wp-block-spacer\"><\/div>\n","protected":false},"excerpt":{"rendered":"<p>Compra de cestos e h\u00fcpfburgen em \u00d6sterreich Bem-vindo \u00e0 Dodo-Inflatables.com &#8211; a nossa loja online de insufl\u00e1veis na Europa! Experimenta a nossa vasta gama de H\u00fcpfburgen, Luftburgen e Rutschen de alta qualidade, que se tornam um extra a cada refei\u00e7\u00e3o. Se queres um grande H\u00fcpfburg para um evento de empresa, um pequeno H\u00fcpfschloss para um [&hellip;]<\/p>\n","protected":false},"author":1,"featured_media":0,"parent":0,"menu_order":0,"comment_status":"closed","ping_status":"closed","template":"","meta":{"_acf_changed":false,"_uag_custom_page_level_css":"","site-sidebar-layout":"default","site-content-layout":"","ast-site-content-layout":"normal-width-container","site-content-style":"boxed","site-sidebar-style":"default","ast-global-header-display":"","ast-banner-title-visibility":"","ast-main-header-display":"","ast-hfb-above-header-display":"","ast-hfb-below-header-display":"","ast-hfb-mobile-header-display":"","site-post-title":"","ast-breadcrumbs-content":"","ast-featured-img":"","footer-sml-layout":"","ast-disable-related-posts":"","theme-transparent-header-meta":"","adv-header-id-meta":"4069","stick-header-meta":"","header-above-stick-meta":"","header-main-stick-meta":"","header-below-stick-meta":"","astra-migrate-meta-layouts":"default","ast-page-background-enabled":"default","ast-page-background-meta":{"desktop":{"background-color":"var(--ast-global-color-4)","background-image":"","background-repeat":"repeat","background-position":"center center","background-size":"auto","background-attachment":"scroll","background-type":"","background-media":"","overlay-type":"","overlay-color":"","overlay-opacity":"","overlay-gradient":""},"tablet":{"background-color":"","background-image":"","background-repeat":"repeat","background-position":"center center","background-size":"auto","background-attachment":"scroll","background-type":"","background-media":"","overlay-type":"","overlay-color":"","overlay-opacity":"","overlay-gradient":""},"mobile":{"background-color":"","background-image":"","background-repeat":"repeat","background-position":"center center","background-size":"auto","background-attachment":"scroll","background-type":"","background-media":"","overlay-type":"","overlay-color":"","overlay-opacity":"","overlay-gradient":""}},"ast-content-background-meta":{"desktop":{"background-color":"var(--ast-global-color-5)","background-image":"","background-repeat":"repeat","background-position":"center center","background-size":"auto","background-attachment":"scroll","background-type":"","background-media":"","overlay-type":"","overlay-color":"","overlay-opacity":"","overlay-gradient":""},"tablet":{"background-color":"var(--ast-global-color-5)","background-image":"","background-repeat":"repeat","background-position":"center center","background-size":"auto","background-attachment":"scroll","background-type":"","background-media":"","overlay-type":"","overlay-color":"","overlay-opacity":"","overlay-gradient":""},"mobile":{"background-color":"var(--ast-global-color-5)","background-image":"","background-repeat":"repeat","background-position":"center center","background-size":"auto","background-attachment":"scroll","background-type":"","background-media":"","overlay-type":"","overlay-color":"","overlay-opacity":"","overlay-gradient":""}},"footnotes":""},"class_list":["post-16572","page","type-page","status-publish","hentry"],"acf":[],"yoast_head":"<!-- This site is optimized with the Yoast SEO plugin v27.3 - https:\/\/yoast.com\/product\/yoast-seo-wordpress\/ -->\n<title>Compra de cestos e h\u00fcpfburgen em \u00d6sterreich - dodo-inflatables.com<\/title>\n<meta name=\"robots\" content=\"index, follow, max-snippet:-1, max-image-preview:large, max-video-preview:-1\" \/>\n<link rel=\"canonical\" href=\"https:\/\/dodo-inflatables.com\/pt-pt\/compra-de-cestos-e-hupfburgen-em-osterreich\/\" \/>\n<meta name=\"twitter:label1\" content=\"Tempo estimado de leitura\" \/>\n\t<meta name=\"twitter:data1\" content=\"2 minutos\" \/>\n<script type=\"application\/ld+json\" class=\"yoast-schema-graph\">{\"@context\":\"https:\\\/\\\/schema.org\",\"@graph\":[{\"@type\":\"WebPage\",\"@id\":\"https:\\\/\\\/dodo-inflatables.com\\\/pt-pt\\\/compra-de-cestos-e-hupfburgen-em-osterreich\\\/\",\"url\":\"https:\\\/\\\/dodo-inflatables.com\\\/pt-pt\\\/compra-de-cestos-e-hupfburgen-em-osterreich\\\/\",\"name\":\"Compra de cestos e h\u00fcpfburgen em \u00d6sterreich - dodo-inflatables.com\",\"isPartOf\":{\"@id\":\"https:\\\/\\\/dodo-inflatables.com\\\/pt-pt\\\/#website\"},\"primaryImageOfPage\":{\"@id\":\"https:\\\/\\\/dodo-inflatables.com\\\/pt-pt\\\/compra-de-cestos-e-hupfburgen-em-osterreich\\\/#primaryimage\"},\"image\":{\"@id\":\"https:\\\/\\\/dodo-inflatables.com\\\/pt-pt\\\/compra-de-cestos-e-hupfburgen-em-osterreich\\\/#primaryimage\"},\"thumbnailUrl\":\"https:\\\/\\\/dodo-inflatables.com\\\/wp-content\\\/uploads\\\/2022\\\/01\\\/seperator-kleiner-1024x102.png\",\"datePublished\":\"2024-03-05T14:12:26+00:00\",\"dateModified\":\"2024-07-17T12:55:22+00:00\",\"breadcrumb\":{\"@id\":\"https:\\\/\\\/dodo-inflatables.com\\\/pt-pt\\\/compra-de-cestos-e-hupfburgen-em-osterreich\\\/#breadcrumb\"},\"inLanguage\":\"pt-PT\",\"potentialAction\":[{\"@type\":\"ReadAction\",\"target\":[\"https:\\\/\\\/dodo-inflatables.com\\\/pt-pt\\\/compra-de-cestos-e-hupfburgen-em-osterreich\\\/\"]}]},{\"@type\":\"ImageObject\",\"inLanguage\":\"pt-PT\",\"@id\":\"https:\\\/\\\/dodo-inflatables.com\\\/pt-pt\\\/compra-de-cestos-e-hupfburgen-em-osterreich\\\/#primaryimage\",\"url\":\"https:\\\/\\\/dodo-inflatables.com\\\/wp-content\\\/uploads\\\/2022\\\/01\\\/seperator-kleiner-1024x102.png\",\"contentUrl\":\"https:\\\/\\\/dodo-inflatables.com\\\/wp-content\\\/uploads\\\/2022\\\/01\\\/seperator-kleiner-1024x102.png\"},{\"@type\":\"BreadcrumbList\",\"@id\":\"https:\\\/\\\/dodo-inflatables.com\\\/pt-pt\\\/compra-de-cestos-e-hupfburgen-em-osterreich\\\/#breadcrumb\",\"itemListElement\":[{\"@type\":\"ListItem\",\"position\":1,\"name\":\"In\u00edcio\",\"item\":\"https:\\\/\\\/dodo-inflatables.com\\\/pt-pt\\\/\"},{\"@type\":\"ListItem\",\"position\":2,\"name\":\"Compra de cestos e h\u00fcpfburgen em \u00d6sterreich\"}]},{\"@type\":\"WebSite\",\"@id\":\"https:\\\/\\\/dodo-inflatables.com\\\/pt-pt\\\/#website\",\"url\":\"https:\\\/\\\/dodo-inflatables.com\\\/pt-pt\\\/\",\"name\":\"dodo-inflatables.com\",\"description\":\"Compre castelos insufl\u00e1veis \u200b\u200be atra\u00e7\u00f5es na nossa loja.\",\"publisher\":{\"@id\":\"https:\\\/\\\/dodo-inflatables.com\\\/pt-pt\\\/#organization\"},\"potentialAction\":[{\"@type\":\"SearchAction\",\"target\":{\"@type\":\"EntryPoint\",\"urlTemplate\":\"https:\\\/\\\/dodo-inflatables.com\\\/pt-pt\\\/?s={search_term_string}\"},\"query-input\":{\"@type\":\"PropertyValueSpecification\",\"valueRequired\":true,\"valueName\":\"search_term_string\"}}],\"inLanguage\":\"pt-PT\"},{\"@type\":\"Organization\",\"@id\":\"https:\\\/\\\/dodo-inflatables.com\\\/pt-pt\\\/#organization\",\"name\":\"dodo-inflatables.com\",\"url\":\"https:\\\/\\\/dodo-inflatables.com\\\/pt-pt\\\/\",\"logo\":{\"@type\":\"ImageObject\",\"inLanguage\":\"pt-PT\",\"@id\":\"https:\\\/\\\/dodo-inflatables.com\\\/pt-pt\\\/#\\\/schema\\\/logo\\\/image\\\/\",\"url\":\"https:\\\/\\\/dodo-inflatables.com\\\/wp-content\\\/uploads\\\/2023\\\/04\\\/cropped-cropped-cropped-Dodo-Logo.png\",\"contentUrl\":\"https:\\\/\\\/dodo-inflatables.com\\\/wp-content\\\/uploads\\\/2023\\\/04\\\/cropped-cropped-cropped-Dodo-Logo.png\",\"width\":2996,\"height\":1545,\"caption\":\"dodo-inflatables.com\"},\"image\":{\"@id\":\"https:\\\/\\\/dodo-inflatables.com\\\/pt-pt\\\/#\\\/schema\\\/logo\\\/image\\\/\"}}]}<\/script>\n<!-- \/ Yoast SEO plugin. -->","yoast_head_json":{"title":"Compra de cestos e h\u00fcpfburgen em \u00d6sterreich - dodo-inflatables.com","robots":{"index":"index","follow":"follow","max-snippet":"max-snippet:-1","max-image-preview":"max-image-preview:large","max-video-preview":"max-video-preview:-1"},"canonical":"https:\/\/dodo-inflatables.com\/pt-pt\/compra-de-cestos-e-hupfburgen-em-osterreich\/","twitter_misc":{"Tempo estimado de leitura":"2 minutos"},"schema":{"@context":"https:\/\/schema.org","@graph":[{"@type":"WebPage","@id":"https:\/\/dodo-inflatables.com\/pt-pt\/compra-de-cestos-e-hupfburgen-em-osterreich\/","url":"https:\/\/dodo-inflatables.com\/pt-pt\/compra-de-cestos-e-hupfburgen-em-osterreich\/","name":"Compra de cestos e h\u00fcpfburgen em \u00d6sterreich - dodo-inflatables.com","isPartOf":{"@id":"https:\/\/dodo-inflatables.com\/pt-pt\/#website"},"primaryImageOfPage":{"@id":"https:\/\/dodo-inflatables.com\/pt-pt\/compra-de-cestos-e-hupfburgen-em-osterreich\/#primaryimage"},"image":{"@id":"https:\/\/dodo-inflatables.com\/pt-pt\/compra-de-cestos-e-hupfburgen-em-osterreich\/#primaryimage"},"thumbnailUrl":"https:\/\/dodo-inflatables.com\/wp-content\/uploads\/2022\/01\/seperator-kleiner-1024x102.png","datePublished":"2024-03-05T14:12:26+00:00","dateModified":"2024-07-17T12:55:22+00:00","breadcrumb":{"@id":"https:\/\/dodo-inflatables.com\/pt-pt\/compra-de-cestos-e-hupfburgen-em-osterreich\/#breadcrumb"},"inLanguage":"pt-PT","potentialAction":[{"@type":"ReadAction","target":["https:\/\/dodo-inflatables.com\/pt-pt\/compra-de-cestos-e-hupfburgen-em-osterreich\/"]}]},{"@type":"ImageObject","inLanguage":"pt-PT","@id":"https:\/\/dodo-inflatables.com\/pt-pt\/compra-de-cestos-e-hupfburgen-em-osterreich\/#primaryimage","url":"https:\/\/dodo-inflatables.com\/wp-content\/uploads\/2022\/01\/seperator-kleiner-1024x102.png","contentUrl":"https:\/\/dodo-inflatables.com\/wp-content\/uploads\/2022\/01\/seperator-kleiner-1024x102.png"},{"@type":"BreadcrumbList","@id":"https:\/\/dodo-inflatables.com\/pt-pt\/compra-de-cestos-e-hupfburgen-em-osterreich\/#breadcrumb","itemListElement":[{"@type":"ListItem","position":1,"name":"In\u00edcio","item":"https:\/\/dodo-inflatables.com\/pt-pt\/"},{"@type":"ListItem","position":2,"name":"Compra de cestos e h\u00fcpfburgen em \u00d6sterreich"}]},{"@type":"WebSite","@id":"https:\/\/dodo-inflatables.com\/pt-pt\/#website","url":"https:\/\/dodo-inflatables.com\/pt-pt\/","name":"dodo-inflatables.com","description":"Compre castelos insufl\u00e1veis \u200b\u200be atra\u00e7\u00f5es na nossa loja.","publisher":{"@id":"https:\/\/dodo-inflatables.com\/pt-pt\/#organization"},"potentialAction":[{"@type":"SearchAction","target":{"@type":"EntryPoint","urlTemplate":"https:\/\/dodo-inflatables.com\/pt-pt\/?s={search_term_string}"},"query-input":{"@type":"PropertyValueSpecification","valueRequired":true,"valueName":"search_term_string"}}],"inLanguage":"pt-PT"},{"@type":"Organization","@id":"https:\/\/dodo-inflatables.com\/pt-pt\/#organization","name":"dodo-inflatables.com","url":"https:\/\/dodo-inflatables.com\/pt-pt\/","logo":{"@type":"ImageObject","inLanguage":"pt-PT","@id":"https:\/\/dodo-inflatables.com\/pt-pt\/#\/schema\/logo\/image\/","url":"https:\/\/dodo-inflatables.com\/wp-content\/uploads\/2023\/04\/cropped-cropped-cropped-Dodo-Logo.png","contentUrl":"https:\/\/dodo-inflatables.com\/wp-content\/uploads\/2023\/04\/cropped-cropped-cropped-Dodo-Logo.png","width":2996,"height":1545,"caption":"dodo-inflatables.com"},"image":{"@id":"https:\/\/dodo-inflatables.com\/pt-pt\/#\/schema\/logo\/image\/"}}]}},"uagb_featured_image_src":{"full":false,"thumbnail":false,"medium":false,"medium_large":false,"large":false,"1536x1536":false,"2048x2048":false,"woocommerce_thumbnail":false,"woocommerce_single":false,"woocommerce_gallery_thumbnail":false},"uagb_author_info":{"display_name":"Andreas","author_link":"https:\/\/dodo-inflatables.com\/pt-pt\/author\/andreas\/"},"uagb_comment_info":0,"uagb_excerpt":"Compra de cestos e h\u00fcpfburgen em \u00d6sterreich Bem-vindo \u00e0 Dodo-Inflatables.com &#8211; a nossa loja online de insufl\u00e1veis na Europa! Experimenta a nossa vasta gama de H\u00fcpfburgen, Luftburgen e Rutschen de alta qualidade, que se tornam um extra a cada refei\u00e7\u00e3o. Se queres um grande H\u00fcpfburg para um evento de empresa, um pequeno H\u00fcpfschloss para um&hellip;","_links":{"self":[{"href":"https:\/\/dodo-inflatables.com\/pt-pt\/wp-json\/wp\/v2\/pages\/16572","targetHints":{"allow":["GET"]}}],"collection":[{"href":"https:\/\/dodo-inflatables.com\/pt-pt\/wp-json\/wp\/v2\/pages"}],"about":[{"href":"https:\/\/dodo-inflatables.com\/pt-pt\/wp-json\/wp\/v2\/types\/page"}],"author":[{"embeddable":true,"href":"https:\/\/dodo-inflatables.com\/pt-pt\/wp-json\/wp\/v2\/users\/1"}],"replies":[{"embeddable":true,"href":"https:\/\/dodo-inflatables.com\/pt-pt\/wp-json\/wp\/v2\/comments?post=16572"}],"version-history":[{"count":2,"href":"https:\/\/dodo-inflatables.com\/pt-pt\/wp-json\/wp\/v2\/pages\/16572\/revisions"}],"predecessor-version":[{"id":16574,"href":"https:\/\/dodo-inflatables.com\/pt-pt\/wp-json\/wp\/v2\/pages\/16572\/revisions\/16574"}],"wp:attachment":[{"href":"https:\/\/dodo-inflatables.com\/pt-pt\/wp-json\/wp\/v2\/media?parent=16572"}],"curies":[{"name":"wp","href":"https:\/\/api.w.org\/{rel}","templated":true}]}}