{"id":16619,"date":"2024-03-04T17:48:53","date_gmt":"2024-03-04T16:48:53","guid":{"rendered":"https:\/\/dodo-inflatables.com\/compra-um-carrinho-de-compras-ou-um-carregador-de-lupulo-em-portugal\/"},"modified":"2024-07-17T14:55:29","modified_gmt":"2024-07-17T12:55:29","slug":"compra-um-carrinho-de-compras-ou-um-carregador-de-lupulo-em-portugal","status":"publish","type":"page","link":"https:\/\/dodo-inflatables.com\/pt-pt\/compra-um-carrinho-de-compras-ou-um-carregador-de-lupulo-em-portugal\/","title":{"rendered":"Compra um carrinho de compras ou um carregador de l\u00fapulo em Portugal"},"content":{"rendered":"\n<div style=\"height:53px\" aria-hidden=\"true\" class=\"wp-block-spacer\"><\/div>\n\n<h2 class=\"wp-block-heading has-text-align-center\"><strong>Compra um carrinho de compras ou um carregador de l\u00fapulo em Portugal<\/strong><\/h2>\n\n<figure class=\"wp-block-image aligncenter size-large\"><a href=\"https:\/\/dodo-inflatables.com\/wp-content\/uploads\/2022\/01\/seperator-kleiner.png\"><img fetchpriority=\"high\" decoding=\"async\" width=\"1024\" height=\"102\" src=\"https:\/\/dodo-inflatables.com\/wp-content\/uploads\/2022\/01\/seperator-kleiner-1024x102.png\" alt=\"\" class=\"wp-image-4026\" srcset=\"https:\/\/dodo-inflatables.com\/wp-content\/uploads\/2022\/01\/seperator-kleiner-1024x102.png 1024w, https:\/\/dodo-inflatables.com\/wp-content\/uploads\/2022\/01\/seperator-kleiner-900x90.png 900w, https:\/\/dodo-inflatables.com\/wp-content\/uploads\/2022\/01\/seperator-kleiner-300x30.png 300w, https:\/\/dodo-inflatables.com\/wp-content\/uploads\/2022\/01\/seperator-kleiner-768x77.png 768w, https:\/\/dodo-inflatables.com\/wp-content\/uploads\/2022\/01\/seperator-kleiner-1536x154.png 1536w, https:\/\/dodo-inflatables.com\/wp-content\/uploads\/2022\/01\/seperator-kleiner-340x34.png 340w, https:\/\/dodo-inflatables.com\/wp-content\/uploads\/2022\/01\/seperator-kleiner.png 2000w\" sizes=\"(max-width: 1024px) 100vw, 1024px\" \/><\/a><\/figure>\n\n<h3 class=\"wp-block-heading has-text-align-center\">Bem-vindo ao Dodo-Inflatables.com &#8211; a tua loja online para os f\u00e3s de bolachas na Europa!<\/h3>\n\n<p style=\"font-size:17px\">Dyk ner i v\u00e5rt omfattande urval av h\u00f6gkvalitativa uppbl\u00e5sbara saker, <a href=\"https:\/\/dodo-inflatables.com\/product-category\/bouncy-castles\/\">uppbl\u00e5sbara slott<\/a> och <a href=\"https:\/\/dodo-inflatables.com\/product-category\/slides\/\">rutschbanor<\/a> som kommer att l\u00e4gga till det lilla extra till alla tillf\u00e4llen. Se quiseres ir atr\u00e1s de um bom carrinho de compras para um evento de f\u00e9rias, de um carrinho de compras mais leve para um barnkalas ou de um carrinho de compras com rutschkana para um festival de ver\u00e3o &#8211; podes tentar encontrar a melhor maneira de passar por aqui!<\/p>\n\n<p style=\"font-size:17px\">I v\u00e5rt sortiment finns inte bara en m\u00e4ngd olika hoppborgar, utan \u00e4ven ett brett utbud av tillbeh\u00f6r, bland annat <a href=\"https:\/\/dodo-inflatables.com\/pt-pt\/produto\/soprador-gibbons-fp5005-15ps\/\" data-type=\"product\" data-id=\"81\">Gibbons <\/a>och <a href=\"https:\/\/dodo-inflatables.com\/pt-pt\/produto\/ventilador-huawei-reh-1-5e-1-5ps\/\" data-type=\"product\" data-id=\"2724\">Huawei-bl\u00e5sare<\/a> till hoppborgar.<\/p>\n\n<p style=\"font-size:17px\">O pre\u00e7o de um carrinho de m\u00e3o com um dep\u00f3sito em <strong>Sverige \u00e9 de 248,00 \u20ac<\/strong>. O pacote com a barra de ferramentas custa 29,00 \u20ac. Se o l\u00fapulo for colocado no lager, escolhe-o at\u00e9 o cavar diretamente depois de o ter colocado na mesa. A alavancagem at\u00e9 \u00e0 Sverige \u00e9 de cerca de <strong>4 &#8211; 6 arbetsdagar<\/strong>. \u00c9 muito importante que encontres um pouco de l\u00fapulo na tua loja em Munique, na Tail\u00e2ndia.<\/p>\n\n<p style=\"font-size:17px\">Todas as ferramentas de trabalho cumprem as normas de seguran\u00e7a mais rigorosas da norma <strong>DIN EN 14960<\/strong> e s\u00e3o adequadas para o transporte privado e seguro. Podes obter um guia detalhado e um certificado de notas para a tua nova empresa, se esta for a primeira.<\/p>\n\n<p style=\"font-size:17px\">Fazes uma pausa para a festa! Se te quiseres inscrever como titular de um cart\u00e3o de cr\u00e9dito, deves indicar o n\u00famero de registo da tua m\u00e3e para obteres um cart\u00e3o de cr\u00e9dito.<\/p>\n\n<p style=\"font-size:17px\">Se fores uma pessoa privada que se vai embora depois de uma festa de fam\u00edlia ou se fores um membro da comunidade que vai fazer a sua pr\u00f3pria festa, passa a ser um porto de abrigo para todos. Faktum \u00e4r att de flesta av v\u00e5ra kunder i Europa \u00e4r uthyrare av hoppborgar som uppskattar v\u00e5ra produkter f\u00f6r evenemang i alla storlekar.<\/p>\n\n<p style=\"font-size:17px\">Esperamos que gostes de surfar na tua loja online e que te sintas bem com eventuais problemas em <a href=\"mailto:contact@dodo-inflatables.com\">contact@dodo-inflatables.com!<\/a><\/p>\n\n<div style=\"height:100px\" aria-hidden=\"true\" class=\"wp-block-spacer\"><\/div>\n","protected":false},"excerpt":{"rendered":"<p>Compra um carrinho de compras ou um carregador de l\u00fapulo em Portugal Bem-vindo ao Dodo-Inflatables.com &#8211; a tua loja online para os f\u00e3s de bolachas na Europa! Dyk ner i v\u00e5rt omfattande urval av h\u00f6gkvalitativa uppbl\u00e5sbara saker, uppbl\u00e5sbara slott och rutschbanor som kommer att l\u00e4gga till det lilla extra till alla tillf\u00e4llen. Se quiseres ir [&hellip;]<\/p>\n","protected":false},"author":1,"featured_media":0,"parent":0,"menu_order":0,"comment_status":"closed","ping_status":"closed","template":"","meta":{"_acf_changed":false,"_uag_custom_page_level_css":"","site-sidebar-layout":"default","site-content-layout":"","ast-site-content-layout":"normal-width-container","site-content-style":"default","site-sidebar-style":"default","ast-global-header-display":"","ast-banner-title-visibility":"","ast-main-header-display":"","ast-hfb-above-header-display":"","ast-hfb-below-header-display":"","ast-hfb-mobile-header-display":"","site-post-title":"","ast-breadcrumbs-content":"","ast-featured-img":"","footer-sml-layout":"","ast-disable-related-posts":"","theme-transparent-header-meta":"","adv-header-id-meta":"4069","stick-header-meta":"","header-above-stick-meta":"","header-main-stick-meta":"","header-below-stick-meta":"","astra-migrate-meta-layouts":"default","ast-page-background-enabled":"default","ast-page-background-meta":{"desktop":{"background-color":"var(--ast-global-color-4)","background-image":"","background-repeat":"repeat","background-position":"center center","background-size":"auto","background-attachment":"scroll","background-type":"","background-media":"","overlay-type":"","overlay-color":"","overlay-opacity":"","overlay-gradient":""},"tablet":{"background-color":"","background-image":"","background-repeat":"repeat","background-position":"center center","background-size":"auto","background-attachment":"scroll","background-type":"","background-media":"","overlay-type":"","overlay-color":"","overlay-opacity":"","overlay-gradient":""},"mobile":{"background-color":"","background-image":"","background-repeat":"repeat","background-position":"center center","background-size":"auto","background-attachment":"scroll","background-type":"","background-media":"","overlay-type":"","overlay-color":"","overlay-opacity":"","overlay-gradient":""}},"ast-content-background-meta":{"desktop":{"background-color":"var(--ast-global-color-5)","background-image":"","background-repeat":"repeat","background-position":"center center","background-size":"auto","background-attachment":"scroll","background-type":"","background-media":"","overlay-type":"","overlay-color":"","overlay-opacity":"","overlay-gradient":""},"tablet":{"background-color":"var(--ast-global-color-5)","background-image":"","background-repeat":"repeat","background-position":"center center","background-size":"auto","background-attachment":"scroll","background-type":"","background-media":"","overlay-type":"","overlay-color":"","overlay-opacity":"","overlay-gradient":""},"mobile":{"background-color":"var(--ast-global-color-5)","background-image":"","background-repeat":"repeat","background-position":"center center","background-size":"auto","background-attachment":"scroll","background-type":"","background-media":"","overlay-type":"","overlay-color":"","overlay-opacity":"","overlay-gradient":""}},"footnotes":""},"class_list":["post-16619","page","type-page","status-publish","hentry"],"acf":[],"yoast_head":"<!-- This site is optimized with the Yoast SEO plugin v27.5 - https:\/\/yoast.com\/product\/yoast-seo-wordpress\/ -->\n<title>Compra um carrinho de compras ou um carregador de l\u00fapulo em Portugal - dodo-inflatables.com<\/title>\n<meta name=\"robots\" content=\"index, follow, max-snippet:-1, max-image-preview:large, max-video-preview:-1\" \/>\n<link rel=\"canonical\" href=\"https:\/\/dodo-inflatables.com\/pt-pt\/compra-um-carrinho-de-compras-ou-um-carregador-de-lupulo-em-portugal\/\" \/>\n<meta name=\"twitter:label1\" content=\"Tempo estimado de leitura\" \/>\n\t<meta name=\"twitter:data1\" content=\"2 minutos\" \/>\n<script type=\"application\/ld+json\" class=\"yoast-schema-graph\">{\"@context\":\"https:\\\/\\\/schema.org\",\"@graph\":[{\"@type\":\"WebPage\",\"@id\":\"https:\\\/\\\/dodo-inflatables.com\\\/pt-pt\\\/compra-um-carrinho-de-compras-ou-um-carregador-de-lupulo-em-portugal\\\/\",\"url\":\"https:\\\/\\\/dodo-inflatables.com\\\/pt-pt\\\/compra-um-carrinho-de-compras-ou-um-carregador-de-lupulo-em-portugal\\\/\",\"name\":\"Compra um carrinho de compras ou um carregador de l\u00fapulo em Portugal - dodo-inflatables.com\",\"isPartOf\":{\"@id\":\"https:\\\/\\\/dodo-inflatables.com\\\/pt-pt\\\/#website\"},\"primaryImageOfPage\":{\"@id\":\"https:\\\/\\\/dodo-inflatables.com\\\/pt-pt\\\/compra-um-carrinho-de-compras-ou-um-carregador-de-lupulo-em-portugal\\\/#primaryimage\"},\"image\":{\"@id\":\"https:\\\/\\\/dodo-inflatables.com\\\/pt-pt\\\/compra-um-carrinho-de-compras-ou-um-carregador-de-lupulo-em-portugal\\\/#primaryimage\"},\"thumbnailUrl\":\"https:\\\/\\\/dodo-inflatables.com\\\/wp-content\\\/uploads\\\/2022\\\/01\\\/seperator-kleiner-1024x102.png\",\"datePublished\":\"2024-03-04T16:48:53+00:00\",\"dateModified\":\"2024-07-17T12:55:29+00:00\",\"breadcrumb\":{\"@id\":\"https:\\\/\\\/dodo-inflatables.com\\\/pt-pt\\\/compra-um-carrinho-de-compras-ou-um-carregador-de-lupulo-em-portugal\\\/#breadcrumb\"},\"inLanguage\":\"pt-PT\",\"potentialAction\":[{\"@type\":\"ReadAction\",\"target\":[\"https:\\\/\\\/dodo-inflatables.com\\\/pt-pt\\\/compra-um-carrinho-de-compras-ou-um-carregador-de-lupulo-em-portugal\\\/\"]}]},{\"@type\":\"ImageObject\",\"inLanguage\":\"pt-PT\",\"@id\":\"https:\\\/\\\/dodo-inflatables.com\\\/pt-pt\\\/compra-um-carrinho-de-compras-ou-um-carregador-de-lupulo-em-portugal\\\/#primaryimage\",\"url\":\"https:\\\/\\\/dodo-inflatables.com\\\/wp-content\\\/uploads\\\/2022\\\/01\\\/seperator-kleiner-1024x102.png\",\"contentUrl\":\"https:\\\/\\\/dodo-inflatables.com\\\/wp-content\\\/uploads\\\/2022\\\/01\\\/seperator-kleiner-1024x102.png\"},{\"@type\":\"BreadcrumbList\",\"@id\":\"https:\\\/\\\/dodo-inflatables.com\\\/pt-pt\\\/compra-um-carrinho-de-compras-ou-um-carregador-de-lupulo-em-portugal\\\/#breadcrumb\",\"itemListElement\":[{\"@type\":\"ListItem\",\"position\":1,\"name\":\"In\u00edcio\",\"item\":\"https:\\\/\\\/dodo-inflatables.com\\\/pt-pt\\\/\"},{\"@type\":\"ListItem\",\"position\":2,\"name\":\"Compra um carrinho de compras ou um carregador de l\u00fapulo em Portugal\"}]},{\"@type\":\"WebSite\",\"@id\":\"https:\\\/\\\/dodo-inflatables.com\\\/pt-pt\\\/#website\",\"url\":\"https:\\\/\\\/dodo-inflatables.com\\\/pt-pt\\\/\",\"name\":\"dodo-inflatables.com\",\"description\":\"Compre castelos insufl\u00e1veis \u200b\u200be atra\u00e7\u00f5es na nossa loja.\",\"potentialAction\":[{\"@type\":\"SearchAction\",\"target\":{\"@type\":\"EntryPoint\",\"urlTemplate\":\"https:\\\/\\\/dodo-inflatables.com\\\/pt-pt\\\/?s={search_term_string}\"},\"query-input\":{\"@type\":\"PropertyValueSpecification\",\"valueRequired\":true,\"valueName\":\"search_term_string\"}}],\"inLanguage\":\"pt-PT\"}]}<\/script>\n<!-- \/ Yoast SEO plugin. -->","yoast_head_json":{"title":"Compra um carrinho de compras ou um carregador de l\u00fapulo em Portugal - dodo-inflatables.com","robots":{"index":"index","follow":"follow","max-snippet":"max-snippet:-1","max-image-preview":"max-image-preview:large","max-video-preview":"max-video-preview:-1"},"canonical":"https:\/\/dodo-inflatables.com\/pt-pt\/compra-um-carrinho-de-compras-ou-um-carregador-de-lupulo-em-portugal\/","twitter_misc":{"Tempo estimado de leitura":"2 minutos"},"schema":{"@context":"https:\/\/schema.org","@graph":[{"@type":"WebPage","@id":"https:\/\/dodo-inflatables.com\/pt-pt\/compra-um-carrinho-de-compras-ou-um-carregador-de-lupulo-em-portugal\/","url":"https:\/\/dodo-inflatables.com\/pt-pt\/compra-um-carrinho-de-compras-ou-um-carregador-de-lupulo-em-portugal\/","name":"Compra um carrinho de compras ou um carregador de l\u00fapulo em Portugal - dodo-inflatables.com","isPartOf":{"@id":"https:\/\/dodo-inflatables.com\/pt-pt\/#website"},"primaryImageOfPage":{"@id":"https:\/\/dodo-inflatables.com\/pt-pt\/compra-um-carrinho-de-compras-ou-um-carregador-de-lupulo-em-portugal\/#primaryimage"},"image":{"@id":"https:\/\/dodo-inflatables.com\/pt-pt\/compra-um-carrinho-de-compras-ou-um-carregador-de-lupulo-em-portugal\/#primaryimage"},"thumbnailUrl":"https:\/\/dodo-inflatables.com\/wp-content\/uploads\/2022\/01\/seperator-kleiner-1024x102.png","datePublished":"2024-03-04T16:48:53+00:00","dateModified":"2024-07-17T12:55:29+00:00","breadcrumb":{"@id":"https:\/\/dodo-inflatables.com\/pt-pt\/compra-um-carrinho-de-compras-ou-um-carregador-de-lupulo-em-portugal\/#breadcrumb"},"inLanguage":"pt-PT","potentialAction":[{"@type":"ReadAction","target":["https:\/\/dodo-inflatables.com\/pt-pt\/compra-um-carrinho-de-compras-ou-um-carregador-de-lupulo-em-portugal\/"]}]},{"@type":"ImageObject","inLanguage":"pt-PT","@id":"https:\/\/dodo-inflatables.com\/pt-pt\/compra-um-carrinho-de-compras-ou-um-carregador-de-lupulo-em-portugal\/#primaryimage","url":"https:\/\/dodo-inflatables.com\/wp-content\/uploads\/2022\/01\/seperator-kleiner-1024x102.png","contentUrl":"https:\/\/dodo-inflatables.com\/wp-content\/uploads\/2022\/01\/seperator-kleiner-1024x102.png"},{"@type":"BreadcrumbList","@id":"https:\/\/dodo-inflatables.com\/pt-pt\/compra-um-carrinho-de-compras-ou-um-carregador-de-lupulo-em-portugal\/#breadcrumb","itemListElement":[{"@type":"ListItem","position":1,"name":"In\u00edcio","item":"https:\/\/dodo-inflatables.com\/pt-pt\/"},{"@type":"ListItem","position":2,"name":"Compra um carrinho de compras ou um carregador de l\u00fapulo em Portugal"}]},{"@type":"WebSite","@id":"https:\/\/dodo-inflatables.com\/pt-pt\/#website","url":"https:\/\/dodo-inflatables.com\/pt-pt\/","name":"dodo-inflatables.com","description":"Compre castelos insufl\u00e1veis \u200b\u200be atra\u00e7\u00f5es na nossa loja.","potentialAction":[{"@type":"SearchAction","target":{"@type":"EntryPoint","urlTemplate":"https:\/\/dodo-inflatables.com\/pt-pt\/?s={search_term_string}"},"query-input":{"@type":"PropertyValueSpecification","valueRequired":true,"valueName":"search_term_string"}}],"inLanguage":"pt-PT"}]}},"uagb_featured_image_src":{"full":false,"thumbnail":false,"medium":false,"medium_large":false,"large":false,"1536x1536":false,"2048x2048":false,"woocommerce_thumbnail":false,"woocommerce_single":false,"woocommerce_gallery_thumbnail":false},"uagb_author_info":{"display_name":"Andreas","author_link":"https:\/\/dodo-inflatables.com\/pt-pt\/author\/andreas\/"},"uagb_comment_info":0,"uagb_excerpt":"Compra um carrinho de compras ou um carregador de l\u00fapulo em Portugal Bem-vindo ao Dodo-Inflatables.com &#8211; a tua loja online para os f\u00e3s de bolachas na Europa! Dyk ner i v\u00e5rt omfattande urval av h\u00f6gkvalitativa uppbl\u00e5sbara saker, uppbl\u00e5sbara slott och rutschbanor som kommer att l\u00e4gga till det lilla extra till alla tillf\u00e4llen. Se quiseres ir&hellip;","_links":{"self":[{"href":"https:\/\/dodo-inflatables.com\/pt-pt\/wp-json\/wp\/v2\/pages\/16619","targetHints":{"allow":["GET"]}}],"collection":[{"href":"https:\/\/dodo-inflatables.com\/pt-pt\/wp-json\/wp\/v2\/pages"}],"about":[{"href":"https:\/\/dodo-inflatables.com\/pt-pt\/wp-json\/wp\/v2\/types\/page"}],"author":[{"embeddable":true,"href":"https:\/\/dodo-inflatables.com\/pt-pt\/wp-json\/wp\/v2\/users\/1"}],"replies":[{"embeddable":true,"href":"https:\/\/dodo-inflatables.com\/pt-pt\/wp-json\/wp\/v2\/comments?post=16619"}],"version-history":[{"count":2,"href":"https:\/\/dodo-inflatables.com\/pt-pt\/wp-json\/wp\/v2\/pages\/16619\/revisions"}],"predecessor-version":[{"id":16622,"href":"https:\/\/dodo-inflatables.com\/pt-pt\/wp-json\/wp\/v2\/pages\/16619\/revisions\/16622"}],"wp:attachment":[{"href":"https:\/\/dodo-inflatables.com\/pt-pt\/wp-json\/wp\/v2\/media?parent=16619"}],"curies":[{"name":"wp","href":"https:\/\/api.w.org\/{rel}","templated":true}]}}