{"id":16666,"date":"2024-03-04T17:37:09","date_gmt":"2024-03-04T16:37:09","guid":{"rendered":"https:\/\/dodo-inflatables.com\/encontra-os-tobogas-e-os-castelos-de-golfe-na-suica\/"},"modified":"2024-07-17T14:55:42","modified_gmt":"2024-07-17T12:55:42","slug":"encontra-os-tobogas-e-os-castelos-de-golfe-na-suica","status":"publish","type":"page","link":"https:\/\/dodo-inflatables.com\/pt-pt\/encontra-os-tobogas-e-os-castelos-de-golfe-na-suica\/","title":{"rendered":"Encontra os tobog\u00e3s e os castelos de golfe na Su\u00ed\u00e7a"},"content":{"rendered":"\n<h2 class=\"wp-block-heading has-text-align-center\"><strong>Encontra os tobog\u00e3s e os castelos de golfe na Su\u00ed\u00e7a<\/strong><\/h2>\n\n<figure class=\"wp-block-image aligncenter size-large\"><a href=\"https:\/\/dodo-inflatables.com\/wp-content\/uploads\/2022\/01\/seperator-kleiner.png\"><img loading=\"lazy\" decoding=\"async\" width=\"1024\" height=\"102\" src=\"https:\/\/dodo-inflatables.com\/wp-content\/uploads\/2022\/01\/seperator-kleiner-1024x102.png\" alt=\"\" class=\"wp-image-4026\" srcset=\"https:\/\/dodo-inflatables.com\/wp-content\/uploads\/2022\/01\/seperator-kleiner-1024x102.png 1024w, https:\/\/dodo-inflatables.com\/wp-content\/uploads\/2022\/01\/seperator-kleiner-900x90.png 900w, https:\/\/dodo-inflatables.com\/wp-content\/uploads\/2022\/01\/seperator-kleiner-300x30.png 300w, https:\/\/dodo-inflatables.com\/wp-content\/uploads\/2022\/01\/seperator-kleiner-768x77.png 768w, https:\/\/dodo-inflatables.com\/wp-content\/uploads\/2022\/01\/seperator-kleiner-1536x154.png 1536w, https:\/\/dodo-inflatables.com\/wp-content\/uploads\/2022\/01\/seperator-kleiner-340x34.png 340w, https:\/\/dodo-inflatables.com\/wp-content\/uploads\/2022\/01\/seperator-kleiner.png 2000w\" sizes=\"auto, (max-width: 1024px) 100vw, 1024px\" \/><\/a><\/figure>\n\n<h3 class=\"wp-block-heading has-text-align-center\">Bienvenue chez Dodo-Inflatables.com &#8211; a nossa loja online de estruturas gonflables na Europa!<\/h3>\n\n<p style=\"font-size:17px\">Coloca-te na nossa vasta sele\u00e7\u00e3o de estruturas voadoras, de <a href=\"https:\/\/dodo-inflatables.com\/product-category\/bouncy-castles\/\">castelos voadores<\/a> e de <a href=\"https:\/\/dodo-inflatables.com\/product-category\/slides\/\">tobog\u00e3s<\/a> de alta qualidade que dar\u00e3o a cada evento um pequeno plus. Se desejas uma grande estrutura gonfl\u00e1vel para uma festa de empresa, uma pequena estrutura gonfl\u00e1vel para um anivers\u00e1rio de crian\u00e7a ou uma estrutura gonfl\u00e1vel com tobog\u00e3 para uma festa de fim de ano, encontrar\u00e1s com certeza o que \u00e9 preciso fazer connosco!<\/p>\n\n<p style=\"font-size:17px\">O nosso sortido inclui n\u00e3o s\u00f3 uma grande variedade de estruturas gonflables, mas tamb\u00e9m um vasto leque de<a href=\"https:\/\/dodo-inflatables.com\/product-category\/accessories\/\">acess\u00f3rios<\/a>, como os souffleurs <a href=\"https:\/\/dodo-inflatables.com\/pt-pt\/produto\/soprador-gibbons-fp5005-15ps\/\" data-type=\"product\" data-id=\"81\">Gibbons<\/a> e <a href=\"https:\/\/dodo-inflatables.com\/pt-pt\/produto\/ventilador-huawei-reh-1-5e-1-5ps\/\" data-type=\"product\" data-id=\"2724\">Huawei<\/a> para estruturas gonflables.<\/p>\n\n<p style=\"font-size:17px\">O envio de uma estrutura gonfl\u00e1vel e dos seus acess\u00f3rios para a <strong>Su\u00ed\u00e7a custa 464,00 euros<\/strong>. Se a estrutura gonfl\u00e1vel estiver em stock, ser-te-\u00e1 enviada imediatamente ap\u00f3s a rece\u00e7\u00e3o do teu pagamento. A entrega na Su\u00ed\u00e7a dura cerca de <strong>4 a 6 horas <\/strong>, sem problemas. \u00c9 poss\u00edvel efetuar um servi\u00e7o de cuidados de sa\u00fade no nosso centro em Munique, na Alemanha.<\/p>\n\n<p style=\"font-size:17px\">Todas as nossas estruturas gonfl\u00e1veis respondem \u00e0s normas de seguran\u00e7a rigorosas da norma <strong>DIN EN 14960<\/strong> e est\u00e3o adaptadas a uma utiliza\u00e7\u00e3o privada e profissional. Ap\u00f3s o envio da estrutura gonfl\u00e1vel, recebes um guia detalhado e o certificado correspondente \u00e0 tua nova estrutura gonfl\u00e1vel.<\/p>\n\n<p style=\"font-size:17px\">Se fores cliente de um pa\u00eds n\u00e3o membro da UE, podes comprar-nos sem pagar a TVA. Os pre\u00e7os indicados na loja online incluem, entre outros, o TVA alem\u00e3o (19%), que ser\u00e1 posteriormente reduzido. Lors de l&#8217;envoi en Suisse, tu es consid\u00e9r\u00e9 comme un &#8220;importateur&#8221;. A TVA su\u00ed\u00e7a para a importa\u00e7\u00e3o e as taxas de douane te ser\u00e3o facturadas. As nossas despesas de envio para a Su\u00ed\u00e7a incluem o pre\u00e7o do transporte, o dep\u00f3sito e a instala\u00e7\u00e3o do DAA.<\/p>\n\n<p style=\"font-size:17px\">Se \u00e9s um particular \u00e0 procura de uma estrutura gonfl\u00e1vel para a tua pr\u00f3xima festa de fam\u00edlia ou se \u00e9s um profissional que deseja aumentar a sua oferta, as nossas estruturas gonfl\u00e1veis adaptam-se a todos. De facto, a maior parte dos nossos clientes em toda a Europa s\u00e3o utilizadores de estruturas de gonflables que utilizam os nossos produtos para eventos de todos os tipos.<\/p>\n\n<p style=\"font-size:17px\">Temos muito gosto em visitar a nossa boutique online e estamos \u00e0 tua disposi\u00e7\u00e3o para qualquer pergunta para o endere\u00e7o <a href=\"mailto:contact@dodo-inflatables.com\">contact@dodo-inflatables.com<\/a>!<\/p>\n\n<div style=\"height:100px\" aria-hidden=\"true\" class=\"wp-block-spacer\"><\/div>\n","protected":false},"excerpt":{"rendered":"<p>Encontra os tobog\u00e3s e os castelos de golfe na Su\u00ed\u00e7a Bienvenue chez Dodo-Inflatables.com &#8211; a nossa loja online de estruturas gonflables na Europa! Coloca-te na nossa vasta sele\u00e7\u00e3o de estruturas voadoras, de castelos voadores e de tobog\u00e3s de alta qualidade que dar\u00e3o a cada evento um pequeno plus. Se desejas uma grande estrutura gonfl\u00e1vel para [&hellip;]<\/p>\n","protected":false},"author":1,"featured_media":0,"parent":0,"menu_order":0,"comment_status":"closed","ping_status":"closed","template":"","meta":{"_acf_changed":false,"_uag_custom_page_level_css":"","site-sidebar-layout":"default","site-content-layout":"","ast-site-content-layout":"normal-width-container","site-content-style":"boxed","site-sidebar-style":"default","ast-global-header-display":"","ast-banner-title-visibility":"","ast-main-header-display":"","ast-hfb-above-header-display":"","ast-hfb-below-header-display":"","ast-hfb-mobile-header-display":"","site-post-title":"","ast-breadcrumbs-content":"","ast-featured-img":"","footer-sml-layout":"","ast-disable-related-posts":"","theme-transparent-header-meta":"","adv-header-id-meta":"4069","stick-header-meta":"","header-above-stick-meta":"","header-main-stick-meta":"","header-below-stick-meta":"","astra-migrate-meta-layouts":"default","ast-page-background-enabled":"default","ast-page-background-meta":{"desktop":{"background-color":"var(--ast-global-color-4)","background-image":"","background-repeat":"repeat","background-position":"center center","background-size":"auto","background-attachment":"scroll","background-type":"","background-media":"","overlay-type":"","overlay-color":"","overlay-opacity":"","overlay-gradient":""},"tablet":{"background-color":"","background-image":"","background-repeat":"repeat","background-position":"center center","background-size":"auto","background-attachment":"scroll","background-type":"","background-media":"","overlay-type":"","overlay-color":"","overlay-opacity":"","overlay-gradient":""},"mobile":{"background-color":"","background-image":"","background-repeat":"repeat","background-position":"center center","background-size":"auto","background-attachment":"scroll","background-type":"","background-media":"","overlay-type":"","overlay-color":"","overlay-opacity":"","overlay-gradient":""}},"ast-content-background-meta":{"desktop":{"background-color":"var(--ast-global-color-5)","background-image":"","background-repeat":"repeat","background-position":"center center","background-size":"auto","background-attachment":"scroll","background-type":"","background-media":"","overlay-type":"","overlay-color":"","overlay-opacity":"","overlay-gradient":""},"tablet":{"background-color":"var(--ast-global-color-5)","background-image":"","background-repeat":"repeat","background-position":"center center","background-size":"auto","background-attachment":"scroll","background-type":"","background-media":"","overlay-type":"","overlay-color":"","overlay-opacity":"","overlay-gradient":""},"mobile":{"background-color":"var(--ast-global-color-5)","background-image":"","background-repeat":"repeat","background-position":"center center","background-size":"auto","background-attachment":"scroll","background-type":"","background-media":"","overlay-type":"","overlay-color":"","overlay-opacity":"","overlay-gradient":""}},"footnotes":""},"class_list":["post-16666","page","type-page","status-publish","hentry"],"acf":[],"yoast_head":"<!-- This site is optimized with the Yoast SEO plugin v27.3 - https:\/\/yoast.com\/product\/yoast-seo-wordpress\/ -->\n<title>Encontra os tobog\u00e3s e os castelos de golfe na Su\u00ed\u00e7a - dodo-inflatables.com<\/title>\n<meta name=\"robots\" content=\"index, follow, max-snippet:-1, max-image-preview:large, max-video-preview:-1\" \/>\n<link rel=\"canonical\" href=\"https:\/\/dodo-inflatables.com\/pt-pt\/encontra-os-tobogas-e-os-castelos-de-golfe-na-suica\/\" \/>\n<meta name=\"twitter:label1\" content=\"Tempo estimado de leitura\" \/>\n\t<meta name=\"twitter:data1\" content=\"2 minutos\" \/>\n<script type=\"application\/ld+json\" class=\"yoast-schema-graph\">{\"@context\":\"https:\\\/\\\/schema.org\",\"@graph\":[{\"@type\":\"WebPage\",\"@id\":\"https:\\\/\\\/dodo-inflatables.com\\\/pt-pt\\\/encontra-os-tobogas-e-os-castelos-de-golfe-na-suica\\\/\",\"url\":\"https:\\\/\\\/dodo-inflatables.com\\\/pt-pt\\\/encontra-os-tobogas-e-os-castelos-de-golfe-na-suica\\\/\",\"name\":\"Encontra os tobog\u00e3s e os castelos de golfe na Su\u00ed\u00e7a - dodo-inflatables.com\",\"isPartOf\":{\"@id\":\"https:\\\/\\\/dodo-inflatables.com\\\/pt-pt\\\/#website\"},\"primaryImageOfPage\":{\"@id\":\"https:\\\/\\\/dodo-inflatables.com\\\/pt-pt\\\/encontra-os-tobogas-e-os-castelos-de-golfe-na-suica\\\/#primaryimage\"},\"image\":{\"@id\":\"https:\\\/\\\/dodo-inflatables.com\\\/pt-pt\\\/encontra-os-tobogas-e-os-castelos-de-golfe-na-suica\\\/#primaryimage\"},\"thumbnailUrl\":\"https:\\\/\\\/dodo-inflatables.com\\\/wp-content\\\/uploads\\\/2022\\\/01\\\/seperator-kleiner-1024x102.png\",\"datePublished\":\"2024-03-04T16:37:09+00:00\",\"dateModified\":\"2024-07-17T12:55:42+00:00\",\"breadcrumb\":{\"@id\":\"https:\\\/\\\/dodo-inflatables.com\\\/pt-pt\\\/encontra-os-tobogas-e-os-castelos-de-golfe-na-suica\\\/#breadcrumb\"},\"inLanguage\":\"pt-PT\",\"potentialAction\":[{\"@type\":\"ReadAction\",\"target\":[\"https:\\\/\\\/dodo-inflatables.com\\\/pt-pt\\\/encontra-os-tobogas-e-os-castelos-de-golfe-na-suica\\\/\"]}]},{\"@type\":\"ImageObject\",\"inLanguage\":\"pt-PT\",\"@id\":\"https:\\\/\\\/dodo-inflatables.com\\\/pt-pt\\\/encontra-os-tobogas-e-os-castelos-de-golfe-na-suica\\\/#primaryimage\",\"url\":\"https:\\\/\\\/dodo-inflatables.com\\\/wp-content\\\/uploads\\\/2022\\\/01\\\/seperator-kleiner-1024x102.png\",\"contentUrl\":\"https:\\\/\\\/dodo-inflatables.com\\\/wp-content\\\/uploads\\\/2022\\\/01\\\/seperator-kleiner-1024x102.png\"},{\"@type\":\"BreadcrumbList\",\"@id\":\"https:\\\/\\\/dodo-inflatables.com\\\/pt-pt\\\/encontra-os-tobogas-e-os-castelos-de-golfe-na-suica\\\/#breadcrumb\",\"itemListElement\":[{\"@type\":\"ListItem\",\"position\":1,\"name\":\"In\u00edcio\",\"item\":\"https:\\\/\\\/dodo-inflatables.com\\\/pt-pt\\\/\"},{\"@type\":\"ListItem\",\"position\":2,\"name\":\"Encontra os tobog\u00e3s e os castelos de golfe na Su\u00ed\u00e7a\"}]},{\"@type\":\"WebSite\",\"@id\":\"https:\\\/\\\/dodo-inflatables.com\\\/pt-pt\\\/#website\",\"url\":\"https:\\\/\\\/dodo-inflatables.com\\\/pt-pt\\\/\",\"name\":\"dodo-inflatables.com\",\"description\":\"Compre castelos insufl\u00e1veis \u200b\u200be atra\u00e7\u00f5es na nossa loja.\",\"publisher\":{\"@id\":\"https:\\\/\\\/dodo-inflatables.com\\\/pt-pt\\\/#organization\"},\"potentialAction\":[{\"@type\":\"SearchAction\",\"target\":{\"@type\":\"EntryPoint\",\"urlTemplate\":\"https:\\\/\\\/dodo-inflatables.com\\\/pt-pt\\\/?s={search_term_string}\"},\"query-input\":{\"@type\":\"PropertyValueSpecification\",\"valueRequired\":true,\"valueName\":\"search_term_string\"}}],\"inLanguage\":\"pt-PT\"},{\"@type\":\"Organization\",\"@id\":\"https:\\\/\\\/dodo-inflatables.com\\\/pt-pt\\\/#organization\",\"name\":\"dodo-inflatables.com\",\"url\":\"https:\\\/\\\/dodo-inflatables.com\\\/pt-pt\\\/\",\"logo\":{\"@type\":\"ImageObject\",\"inLanguage\":\"pt-PT\",\"@id\":\"https:\\\/\\\/dodo-inflatables.com\\\/pt-pt\\\/#\\\/schema\\\/logo\\\/image\\\/\",\"url\":\"https:\\\/\\\/dodo-inflatables.com\\\/wp-content\\\/uploads\\\/2023\\\/04\\\/cropped-cropped-cropped-Dodo-Logo.png\",\"contentUrl\":\"https:\\\/\\\/dodo-inflatables.com\\\/wp-content\\\/uploads\\\/2023\\\/04\\\/cropped-cropped-cropped-Dodo-Logo.png\",\"width\":2996,\"height\":1545,\"caption\":\"dodo-inflatables.com\"},\"image\":{\"@id\":\"https:\\\/\\\/dodo-inflatables.com\\\/pt-pt\\\/#\\\/schema\\\/logo\\\/image\\\/\"}}]}<\/script>\n<!-- \/ Yoast SEO plugin. -->","yoast_head_json":{"title":"Encontra os tobog\u00e3s e os castelos de golfe na Su\u00ed\u00e7a - dodo-inflatables.com","robots":{"index":"index","follow":"follow","max-snippet":"max-snippet:-1","max-image-preview":"max-image-preview:large","max-video-preview":"max-video-preview:-1"},"canonical":"https:\/\/dodo-inflatables.com\/pt-pt\/encontra-os-tobogas-e-os-castelos-de-golfe-na-suica\/","twitter_misc":{"Tempo estimado de leitura":"2 minutos"},"schema":{"@context":"https:\/\/schema.org","@graph":[{"@type":"WebPage","@id":"https:\/\/dodo-inflatables.com\/pt-pt\/encontra-os-tobogas-e-os-castelos-de-golfe-na-suica\/","url":"https:\/\/dodo-inflatables.com\/pt-pt\/encontra-os-tobogas-e-os-castelos-de-golfe-na-suica\/","name":"Encontra os tobog\u00e3s e os castelos de golfe na Su\u00ed\u00e7a - dodo-inflatables.com","isPartOf":{"@id":"https:\/\/dodo-inflatables.com\/pt-pt\/#website"},"primaryImageOfPage":{"@id":"https:\/\/dodo-inflatables.com\/pt-pt\/encontra-os-tobogas-e-os-castelos-de-golfe-na-suica\/#primaryimage"},"image":{"@id":"https:\/\/dodo-inflatables.com\/pt-pt\/encontra-os-tobogas-e-os-castelos-de-golfe-na-suica\/#primaryimage"},"thumbnailUrl":"https:\/\/dodo-inflatables.com\/wp-content\/uploads\/2022\/01\/seperator-kleiner-1024x102.png","datePublished":"2024-03-04T16:37:09+00:00","dateModified":"2024-07-17T12:55:42+00:00","breadcrumb":{"@id":"https:\/\/dodo-inflatables.com\/pt-pt\/encontra-os-tobogas-e-os-castelos-de-golfe-na-suica\/#breadcrumb"},"inLanguage":"pt-PT","potentialAction":[{"@type":"ReadAction","target":["https:\/\/dodo-inflatables.com\/pt-pt\/encontra-os-tobogas-e-os-castelos-de-golfe-na-suica\/"]}]},{"@type":"ImageObject","inLanguage":"pt-PT","@id":"https:\/\/dodo-inflatables.com\/pt-pt\/encontra-os-tobogas-e-os-castelos-de-golfe-na-suica\/#primaryimage","url":"https:\/\/dodo-inflatables.com\/wp-content\/uploads\/2022\/01\/seperator-kleiner-1024x102.png","contentUrl":"https:\/\/dodo-inflatables.com\/wp-content\/uploads\/2022\/01\/seperator-kleiner-1024x102.png"},{"@type":"BreadcrumbList","@id":"https:\/\/dodo-inflatables.com\/pt-pt\/encontra-os-tobogas-e-os-castelos-de-golfe-na-suica\/#breadcrumb","itemListElement":[{"@type":"ListItem","position":1,"name":"In\u00edcio","item":"https:\/\/dodo-inflatables.com\/pt-pt\/"},{"@type":"ListItem","position":2,"name":"Encontra os tobog\u00e3s e os castelos de golfe na Su\u00ed\u00e7a"}]},{"@type":"WebSite","@id":"https:\/\/dodo-inflatables.com\/pt-pt\/#website","url":"https:\/\/dodo-inflatables.com\/pt-pt\/","name":"dodo-inflatables.com","description":"Compre castelos insufl\u00e1veis \u200b\u200be atra\u00e7\u00f5es na nossa loja.","publisher":{"@id":"https:\/\/dodo-inflatables.com\/pt-pt\/#organization"},"potentialAction":[{"@type":"SearchAction","target":{"@type":"EntryPoint","urlTemplate":"https:\/\/dodo-inflatables.com\/pt-pt\/?s={search_term_string}"},"query-input":{"@type":"PropertyValueSpecification","valueRequired":true,"valueName":"search_term_string"}}],"inLanguage":"pt-PT"},{"@type":"Organization","@id":"https:\/\/dodo-inflatables.com\/pt-pt\/#organization","name":"dodo-inflatables.com","url":"https:\/\/dodo-inflatables.com\/pt-pt\/","logo":{"@type":"ImageObject","inLanguage":"pt-PT","@id":"https:\/\/dodo-inflatables.com\/pt-pt\/#\/schema\/logo\/image\/","url":"https:\/\/dodo-inflatables.com\/wp-content\/uploads\/2023\/04\/cropped-cropped-cropped-Dodo-Logo.png","contentUrl":"https:\/\/dodo-inflatables.com\/wp-content\/uploads\/2023\/04\/cropped-cropped-cropped-Dodo-Logo.png","width":2996,"height":1545,"caption":"dodo-inflatables.com"},"image":{"@id":"https:\/\/dodo-inflatables.com\/pt-pt\/#\/schema\/logo\/image\/"}}]}},"uagb_featured_image_src":{"full":false,"thumbnail":false,"medium":false,"medium_large":false,"large":false,"1536x1536":false,"2048x2048":false,"woocommerce_thumbnail":false,"woocommerce_single":false,"woocommerce_gallery_thumbnail":false},"uagb_author_info":{"display_name":"Andreas","author_link":"https:\/\/dodo-inflatables.com\/pt-pt\/author\/andreas\/"},"uagb_comment_info":0,"uagb_excerpt":"Encontra os tobog\u00e3s e os castelos de golfe na Su\u00ed\u00e7a Bienvenue chez Dodo-Inflatables.com &#8211; a nossa loja online de estruturas gonflables na Europa! Coloca-te na nossa vasta sele\u00e7\u00e3o de estruturas voadoras, de castelos voadores e de tobog\u00e3s de alta qualidade que dar\u00e3o a cada evento um pequeno plus. Se desejas uma grande estrutura gonfl\u00e1vel para&hellip;","_links":{"self":[{"href":"https:\/\/dodo-inflatables.com\/pt-pt\/wp-json\/wp\/v2\/pages\/16666","targetHints":{"allow":["GET"]}}],"collection":[{"href":"https:\/\/dodo-inflatables.com\/pt-pt\/wp-json\/wp\/v2\/pages"}],"about":[{"href":"https:\/\/dodo-inflatables.com\/pt-pt\/wp-json\/wp\/v2\/types\/page"}],"author":[{"embeddable":true,"href":"https:\/\/dodo-inflatables.com\/pt-pt\/wp-json\/wp\/v2\/users\/1"}],"replies":[{"embeddable":true,"href":"https:\/\/dodo-inflatables.com\/pt-pt\/wp-json\/wp\/v2\/comments?post=16666"}],"version-history":[{"count":2,"href":"https:\/\/dodo-inflatables.com\/pt-pt\/wp-json\/wp\/v2\/pages\/16666\/revisions"}],"predecessor-version":[{"id":16670,"href":"https:\/\/dodo-inflatables.com\/pt-pt\/wp-json\/wp\/v2\/pages\/16666\/revisions\/16670"}],"wp:attachment":[{"href":"https:\/\/dodo-inflatables.com\/pt-pt\/wp-json\/wp\/v2\/media?parent=16666"}],"curies":[{"name":"wp","href":"https:\/\/api.w.org\/{rel}","templated":true}]}}