{"id":16714,"date":"2024-03-01T20:02:30","date_gmt":"2024-03-01T19:02:30","guid":{"rendered":"https:\/\/dodo-inflatables.com\/compra-escorregas-insuflaveis-e-castelos-insuflaveis-em-portugal\/"},"modified":"2026-04-29T15:15:19","modified_gmt":"2026-04-29T13:15:19","slug":"comprar-castelos-insuflaveis-e-escorregas-insuflaveis-em-portugal","status":"publish","type":"page","link":"https:\/\/dodo-inflatables.com\/pt-pt\/comprar-castelos-insuflaveis-e-escorregas-insuflaveis-em-portugal\/","title":{"rendered":"Comprar castelos insufl\u00e1veis e escorregas insufl\u00e1veis em Portugal"},"content":{"rendered":"\n<h2 class=\"wp-block-heading has-text-align-center\">Comprar castelos insufl\u00e1veis e escorregas insufl\u00e1veis em Portugal<\/h2>\n\n<figure class=\"wp-block-image aligncenter size-large\"><a href=\"https:\/\/dodo-inflatables.com\/wp-content\/uploads\/2022\/01\/seperator-kleiner.png\"><img fetchpriority=\"high\" decoding=\"async\" width=\"1024\" height=\"102\" src=\"https:\/\/dodo-inflatables.com\/wp-content\/uploads\/2022\/01\/seperator-kleiner-1024x102.png\" alt=\"\" class=\"wp-image-4026\" srcset=\"https:\/\/dodo-inflatables.com\/wp-content\/uploads\/2022\/01\/seperator-kleiner-1024x102.png 1024w, https:\/\/dodo-inflatables.com\/wp-content\/uploads\/2022\/01\/seperator-kleiner-900x90.png 900w, https:\/\/dodo-inflatables.com\/wp-content\/uploads\/2022\/01\/seperator-kleiner-300x30.png 300w, https:\/\/dodo-inflatables.com\/wp-content\/uploads\/2022\/01\/seperator-kleiner-768x77.png 768w, https:\/\/dodo-inflatables.com\/wp-content\/uploads\/2022\/01\/seperator-kleiner-1536x154.png 1536w, https:\/\/dodo-inflatables.com\/wp-content\/uploads\/2022\/01\/seperator-kleiner-340x34.png 340w, https:\/\/dodo-inflatables.com\/wp-content\/uploads\/2022\/01\/seperator-kleiner.png 2000w\" sizes=\"(max-width: 1024px) 100vw, 1024px\" \/><\/a><\/figure>\n\n<h3 class=\"wp-block-heading has-text-align-center\">Bem-vindo a Dodo-Inflatables.com &#8211; a nossa loja online de insufl\u00e1veis na Europa!<\/h3>\n\n<div style=\"height:45px\" aria-hidden=\"true\" class=\"wp-block-spacer\"><\/div>\n\n<p style=\"font-size:17px\">Mergulha na nossa vasta sele\u00e7\u00e3o de almofadas insufl\u00e1veis, <a href=\"https:\/\/dodo-inflatables.com\/product-category\/bouncy-castles\/\" data-type=\"link\" data-id=\"https:\/\/dodo-inflatables.com\/product-category\/bouncy-castles\/\">castelos insufl\u00e1veis<\/a> e <a href=\"https:\/\/dodo-inflatables.com\/product-category\/slides\/\" data-type=\"link\" data-id=\"https:\/\/dodo-inflatables.com\/product-category\/slides\/\">escorregas<\/a> de alta qualidade que dar\u00e3o um toque especial a qualquer ocasi\u00e3o. Quer procures um insufl\u00e1vel grande para um evento empresarial, um insufl\u00e1vel pequeno para uma festa de anivers\u00e1rio de crian\u00e7as ou um insufl\u00e1vel com escorrega para uma festa de ver\u00e3o &#8211; \u00e9 garantido que encontrar\u00e1s algo adequado aqui!<\/p>\n\n<p style=\"font-size:17px\">A nossa gama n\u00e3o inclui apenas uma variedade de insufl\u00e1veis, mas tamb\u00e9m uma vasta gama de <a href=\"https:\/\/dodo-inflatables.com\/product-category\/accessories\/\" data-type=\"link\" data-id=\"https:\/\/dodo-inflatables.com\/product-category\/accessories\/\">acess\u00f3rios<\/a>, incluindo <a href=\"https:\/\/dodo-inflatables.com\/pt-pt\/produto\/soprador-gibbons-fp5005-15ps\/\" data-type=\"product\" data-id=\"81\">Gibbons<\/a> e sopradores <a href=\"https:\/\/dodo-inflatables.com\/pt-pt\/produto\/ventilador-huawei-reh-1-5e-1-5ps\/\" data-type=\"product\" data-id=\"2724\">Huawei<\/a> para insufl\u00e1veis.<\/p>\n\n<p style=\"font-size:17px\">O envio de um castelo insufl\u00e1vel e acess\u00f3rios <strong>para Inglaterra custa 339,00 euros<\/strong>. Se s\u00f3 precisares de acess\u00f3rios, o envio de uma encomenda custa 29,00 euros.<\/p>\n\n<p style=\"font-size:17px\">Se o insufl\u00e1vel estiver em stock, ser-te-\u00e1 enviado imediatamente ap\u00f3s a rece\u00e7\u00e3o do pagamento. A entrega no Reino Unido demora cerca de <strong>4 a 6 dias \u00fateis<\/strong>. \u00c9 poss\u00edvel efetuar a auto-recolha no nosso armaz\u00e9m em <strong>Munique, Alemanha<\/strong>.<\/p>\n\n<p style=\"font-size:17px\">Todas as nossas almofadas insufl\u00e1veis cumprem as rigorosas normas de seguran\u00e7a da norma <strong>DIN EN 14960 <\/strong>e s\u00e3o adequadas para uso privado e comercial. Receber\u00e1s um <strong>guia detalhado <\/strong>e<strong> o certificado correspondente <\/strong>para o teu novo insufl\u00e1vel assim que este for enviado.<\/p>\n\n<p style=\"font-size:17px\">Como cliente de um pa\u00eds n\u00e3o pertencente \u00e0 UE, podes comprar connosco <strong>sem IVA<\/strong>. Os pre\u00e7os indicados na loja online incluem inicialmente o IVA alem\u00e3o (19%), que ser\u00e1 depois deduzido. Ao enviar para o Reino Unido, \u00e9s considerado o &#8220;importador&#8221;. Por conseguinte, ser-te-\u00e3o cobrados os custos do imposto sobre as vendas e dos direitos de importa\u00e7\u00e3o. Os nossos custos de envio para o Reino Unido incluem o pre\u00e7o do frete, o desalfandegamento e a prepara\u00e7\u00e3o do ABD.<\/p>\n\n<p style=\"font-size:17px\">Quer seja um utilizador privado \u00e0 procura de um insufl\u00e1vel para a sua pr\u00f3xima festa familiar ou uma empresa de aluguer comercial \u00e0 procura de expandir a sua gama, os nossos insufl\u00e1veis s\u00e3o adequados para todos. De facto, a maioria dos nossos clientes em toda a Europa s\u00e3o empresas de aluguer de castelos insufl\u00e1veis que valorizam os nossos produtos para eventos de todas as dimens\u00f5es.<\/p>\n\n<p style=\"font-size:17px\">Esperamos que gostes de navegar na nossa loja online e teremos todo o gosto em responder a quaisquer perguntas que possas ter em <a href=\"mailto:contact@dodo-inflatables.com\">contact@dodo-inflatables.com!<\/a><\/p>\n\n<div style=\"height:45px\" aria-hidden=\"true\" class=\"wp-block-spacer\"><\/div>\n","protected":false},"excerpt":{"rendered":"<p>Comprar castelos insufl\u00e1veis e escorregas insufl\u00e1veis em Portugal Bem-vindo a Dodo-Inflatables.com &#8211; a nossa loja online de insufl\u00e1veis na Europa! Mergulha na nossa vasta sele\u00e7\u00e3o de almofadas insufl\u00e1veis, castelos insufl\u00e1veis e escorregas de alta qualidade que dar\u00e3o um toque especial a qualquer ocasi\u00e3o. Quer procures um insufl\u00e1vel grande para um evento empresarial, um insufl\u00e1vel pequeno [&hellip;]<\/p>\n","protected":false},"author":1,"featured_media":0,"parent":0,"menu_order":0,"comment_status":"closed","ping_status":"closed","template":"","meta":{"_acf_changed":false,"_uag_custom_page_level_css":"","site-sidebar-layout":"default","site-content-layout":"","ast-site-content-layout":"default","site-content-style":"boxed","site-sidebar-style":"default","ast-global-header-display":"","ast-banner-title-visibility":"","ast-main-header-display":"","ast-hfb-above-header-display":"","ast-hfb-below-header-display":"","ast-hfb-mobile-header-display":"","site-post-title":"","ast-breadcrumbs-content":"","ast-featured-img":"","footer-sml-layout":"","ast-disable-related-posts":"","theme-transparent-header-meta":"","adv-header-id-meta":"4069","stick-header-meta":"","header-above-stick-meta":"","header-main-stick-meta":"","header-below-stick-meta":"","astra-migrate-meta-layouts":"default","ast-page-background-enabled":"default","ast-page-background-meta":{"desktop":{"background-color":"var(--ast-global-color-4)","background-image":"","background-repeat":"repeat","background-position":"center center","background-size":"auto","background-attachment":"scroll","background-type":"","background-media":"","overlay-type":"","overlay-color":"","overlay-opacity":"","overlay-gradient":""},"tablet":{"background-color":"","background-image":"","background-repeat":"repeat","background-position":"center center","background-size":"auto","background-attachment":"scroll","background-type":"","background-media":"","overlay-type":"","overlay-color":"","overlay-opacity":"","overlay-gradient":""},"mobile":{"background-color":"","background-image":"","background-repeat":"repeat","background-position":"center center","background-size":"auto","background-attachment":"scroll","background-type":"","background-media":"","overlay-type":"","overlay-color":"","overlay-opacity":"","overlay-gradient":""}},"ast-content-background-meta":{"desktop":{"background-color":"var(--ast-global-color-5)","background-image":"","background-repeat":"repeat","background-position":"center center","background-size":"auto","background-attachment":"scroll","background-type":"","background-media":"","overlay-type":"","overlay-color":"","overlay-opacity":"","overlay-gradient":""},"tablet":{"background-color":"var(--ast-global-color-5)","background-image":"","background-repeat":"repeat","background-position":"center center","background-size":"auto","background-attachment":"scroll","background-type":"","background-media":"","overlay-type":"","overlay-color":"","overlay-opacity":"","overlay-gradient":""},"mobile":{"background-color":"var(--ast-global-color-5)","background-image":"","background-repeat":"repeat","background-position":"center center","background-size":"auto","background-attachment":"scroll","background-type":"","background-media":"","overlay-type":"","overlay-color":"","overlay-opacity":"","overlay-gradient":""}},"footnotes":""},"class_list":["post-16714","page","type-page","status-publish","hentry"],"acf":[],"yoast_head":"<!-- This site is optimized with the Yoast SEO plugin v27.5 - https:\/\/yoast.com\/product\/yoast-seo-wordpress\/ -->\n<title>Comprar castelos insufl\u00e1veis e escorregas insufl\u00e1veis em Portugal - dodo-inflatables.com<\/title>\n<meta name=\"robots\" content=\"index, follow, max-snippet:-1, max-image-preview:large, max-video-preview:-1\" \/>\n<link rel=\"canonical\" href=\"https:\/\/dodo-inflatables.com\/pt-pt\/comprar-castelos-insuflaveis-e-escorregas-insuflaveis-em-portugal\/\" \/>\n<meta name=\"twitter:label1\" content=\"Tempo estimado de leitura\" \/>\n\t<meta name=\"twitter:data1\" content=\"2 minutos\" \/>\n<script type=\"application\/ld+json\" class=\"yoast-schema-graph\">{\"@context\":\"https:\\\/\\\/schema.org\",\"@graph\":[{\"@type\":\"WebPage\",\"@id\":\"https:\\\/\\\/dodo-inflatables.com\\\/pt-pt\\\/comprar-castelos-insuflaveis-e-escorregas-insuflaveis-em-portugal\\\/\",\"url\":\"https:\\\/\\\/dodo-inflatables.com\\\/pt-pt\\\/comprar-castelos-insuflaveis-e-escorregas-insuflaveis-em-portugal\\\/\",\"name\":\"Comprar castelos insufl\u00e1veis e escorregas insufl\u00e1veis em Portugal - dodo-inflatables.com\",\"isPartOf\":{\"@id\":\"https:\\\/\\\/dodo-inflatables.com\\\/pt-pt\\\/#website\"},\"primaryImageOfPage\":{\"@id\":\"https:\\\/\\\/dodo-inflatables.com\\\/pt-pt\\\/comprar-castelos-insuflaveis-e-escorregas-insuflaveis-em-portugal\\\/#primaryimage\"},\"image\":{\"@id\":\"https:\\\/\\\/dodo-inflatables.com\\\/pt-pt\\\/comprar-castelos-insuflaveis-e-escorregas-insuflaveis-em-portugal\\\/#primaryimage\"},\"thumbnailUrl\":\"https:\\\/\\\/dodo-inflatables.com\\\/wp-content\\\/uploads\\\/2022\\\/01\\\/seperator-kleiner-1024x102.png\",\"datePublished\":\"2024-03-01T19:02:30+00:00\",\"dateModified\":\"2026-04-29T13:15:19+00:00\",\"breadcrumb\":{\"@id\":\"https:\\\/\\\/dodo-inflatables.com\\\/pt-pt\\\/comprar-castelos-insuflaveis-e-escorregas-insuflaveis-em-portugal\\\/#breadcrumb\"},\"inLanguage\":\"pt-PT\",\"potentialAction\":[{\"@type\":\"ReadAction\",\"target\":[\"https:\\\/\\\/dodo-inflatables.com\\\/pt-pt\\\/comprar-castelos-insuflaveis-e-escorregas-insuflaveis-em-portugal\\\/\"]}]},{\"@type\":\"ImageObject\",\"inLanguage\":\"pt-PT\",\"@id\":\"https:\\\/\\\/dodo-inflatables.com\\\/pt-pt\\\/comprar-castelos-insuflaveis-e-escorregas-insuflaveis-em-portugal\\\/#primaryimage\",\"url\":\"https:\\\/\\\/dodo-inflatables.com\\\/wp-content\\\/uploads\\\/2022\\\/01\\\/seperator-kleiner-1024x102.png\",\"contentUrl\":\"https:\\\/\\\/dodo-inflatables.com\\\/wp-content\\\/uploads\\\/2022\\\/01\\\/seperator-kleiner-1024x102.png\"},{\"@type\":\"BreadcrumbList\",\"@id\":\"https:\\\/\\\/dodo-inflatables.com\\\/pt-pt\\\/comprar-castelos-insuflaveis-e-escorregas-insuflaveis-em-portugal\\\/#breadcrumb\",\"itemListElement\":[{\"@type\":\"ListItem\",\"position\":1,\"name\":\"In\u00edcio\",\"item\":\"https:\\\/\\\/dodo-inflatables.com\\\/pt-pt\\\/\"},{\"@type\":\"ListItem\",\"position\":2,\"name\":\"Comprar castelos insufl\u00e1veis e escorregas insufl\u00e1veis em Portugal\"}]},{\"@type\":\"WebSite\",\"@id\":\"https:\\\/\\\/dodo-inflatables.com\\\/pt-pt\\\/#website\",\"url\":\"https:\\\/\\\/dodo-inflatables.com\\\/pt-pt\\\/\",\"name\":\"dodo-inflatables.com\",\"description\":\"Compre castelos insufl\u00e1veis \u200b\u200be atra\u00e7\u00f5es na nossa loja.\",\"potentialAction\":[{\"@type\":\"SearchAction\",\"target\":{\"@type\":\"EntryPoint\",\"urlTemplate\":\"https:\\\/\\\/dodo-inflatables.com\\\/pt-pt\\\/?s={search_term_string}\"},\"query-input\":{\"@type\":\"PropertyValueSpecification\",\"valueRequired\":true,\"valueName\":\"search_term_string\"}}],\"inLanguage\":\"pt-PT\"}]}<\/script>\n<!-- \/ Yoast SEO plugin. -->","yoast_head_json":{"title":"Comprar castelos insufl\u00e1veis e escorregas insufl\u00e1veis em Portugal - dodo-inflatables.com","robots":{"index":"index","follow":"follow","max-snippet":"max-snippet:-1","max-image-preview":"max-image-preview:large","max-video-preview":"max-video-preview:-1"},"canonical":"https:\/\/dodo-inflatables.com\/pt-pt\/comprar-castelos-insuflaveis-e-escorregas-insuflaveis-em-portugal\/","twitter_misc":{"Tempo estimado de leitura":"2 minutos"},"schema":{"@context":"https:\/\/schema.org","@graph":[{"@type":"WebPage","@id":"https:\/\/dodo-inflatables.com\/pt-pt\/comprar-castelos-insuflaveis-e-escorregas-insuflaveis-em-portugal\/","url":"https:\/\/dodo-inflatables.com\/pt-pt\/comprar-castelos-insuflaveis-e-escorregas-insuflaveis-em-portugal\/","name":"Comprar castelos insufl\u00e1veis e escorregas insufl\u00e1veis em Portugal - dodo-inflatables.com","isPartOf":{"@id":"https:\/\/dodo-inflatables.com\/pt-pt\/#website"},"primaryImageOfPage":{"@id":"https:\/\/dodo-inflatables.com\/pt-pt\/comprar-castelos-insuflaveis-e-escorregas-insuflaveis-em-portugal\/#primaryimage"},"image":{"@id":"https:\/\/dodo-inflatables.com\/pt-pt\/comprar-castelos-insuflaveis-e-escorregas-insuflaveis-em-portugal\/#primaryimage"},"thumbnailUrl":"https:\/\/dodo-inflatables.com\/wp-content\/uploads\/2022\/01\/seperator-kleiner-1024x102.png","datePublished":"2024-03-01T19:02:30+00:00","dateModified":"2026-04-29T13:15:19+00:00","breadcrumb":{"@id":"https:\/\/dodo-inflatables.com\/pt-pt\/comprar-castelos-insuflaveis-e-escorregas-insuflaveis-em-portugal\/#breadcrumb"},"inLanguage":"pt-PT","potentialAction":[{"@type":"ReadAction","target":["https:\/\/dodo-inflatables.com\/pt-pt\/comprar-castelos-insuflaveis-e-escorregas-insuflaveis-em-portugal\/"]}]},{"@type":"ImageObject","inLanguage":"pt-PT","@id":"https:\/\/dodo-inflatables.com\/pt-pt\/comprar-castelos-insuflaveis-e-escorregas-insuflaveis-em-portugal\/#primaryimage","url":"https:\/\/dodo-inflatables.com\/wp-content\/uploads\/2022\/01\/seperator-kleiner-1024x102.png","contentUrl":"https:\/\/dodo-inflatables.com\/wp-content\/uploads\/2022\/01\/seperator-kleiner-1024x102.png"},{"@type":"BreadcrumbList","@id":"https:\/\/dodo-inflatables.com\/pt-pt\/comprar-castelos-insuflaveis-e-escorregas-insuflaveis-em-portugal\/#breadcrumb","itemListElement":[{"@type":"ListItem","position":1,"name":"In\u00edcio","item":"https:\/\/dodo-inflatables.com\/pt-pt\/"},{"@type":"ListItem","position":2,"name":"Comprar castelos insufl\u00e1veis e escorregas insufl\u00e1veis em Portugal"}]},{"@type":"WebSite","@id":"https:\/\/dodo-inflatables.com\/pt-pt\/#website","url":"https:\/\/dodo-inflatables.com\/pt-pt\/","name":"dodo-inflatables.com","description":"Compre castelos insufl\u00e1veis \u200b\u200be atra\u00e7\u00f5es na nossa loja.","potentialAction":[{"@type":"SearchAction","target":{"@type":"EntryPoint","urlTemplate":"https:\/\/dodo-inflatables.com\/pt-pt\/?s={search_term_string}"},"query-input":{"@type":"PropertyValueSpecification","valueRequired":true,"valueName":"search_term_string"}}],"inLanguage":"pt-PT"}]}},"uagb_featured_image_src":{"full":false,"thumbnail":false,"medium":false,"medium_large":false,"large":false,"1536x1536":false,"2048x2048":false,"woocommerce_thumbnail":false,"woocommerce_single":false,"woocommerce_gallery_thumbnail":false},"uagb_author_info":{"display_name":"Andreas","author_link":"https:\/\/dodo-inflatables.com\/pt-pt\/author\/andreas\/"},"uagb_comment_info":0,"uagb_excerpt":"Comprar castelos insufl\u00e1veis e escorregas insufl\u00e1veis em Portugal Bem-vindo a Dodo-Inflatables.com &#8211; a nossa loja online de insufl\u00e1veis na Europa! Mergulha na nossa vasta sele\u00e7\u00e3o de almofadas insufl\u00e1veis, castelos insufl\u00e1veis e escorregas de alta qualidade que dar\u00e3o um toque especial a qualquer ocasi\u00e3o. Quer procures um insufl\u00e1vel grande para um evento empresarial, um insufl\u00e1vel pequeno&hellip;","_links":{"self":[{"href":"https:\/\/dodo-inflatables.com\/pt-pt\/wp-json\/wp\/v2\/pages\/16714","targetHints":{"allow":["GET"]}}],"collection":[{"href":"https:\/\/dodo-inflatables.com\/pt-pt\/wp-json\/wp\/v2\/pages"}],"about":[{"href":"https:\/\/dodo-inflatables.com\/pt-pt\/wp-json\/wp\/v2\/types\/page"}],"author":[{"embeddable":true,"href":"https:\/\/dodo-inflatables.com\/pt-pt\/wp-json\/wp\/v2\/users\/1"}],"replies":[{"embeddable":true,"href":"https:\/\/dodo-inflatables.com\/pt-pt\/wp-json\/wp\/v2\/comments?post=16714"}],"version-history":[{"count":4,"href":"https:\/\/dodo-inflatables.com\/pt-pt\/wp-json\/wp\/v2\/pages\/16714\/revisions"}],"predecessor-version":[{"id":107642,"href":"https:\/\/dodo-inflatables.com\/pt-pt\/wp-json\/wp\/v2\/pages\/16714\/revisions\/107642"}],"wp:attachment":[{"href":"https:\/\/dodo-inflatables.com\/pt-pt\/wp-json\/wp\/v2\/media?parent=16714"}],"curies":[{"name":"wp","href":"https:\/\/api.w.org\/{rel}","templated":true}]}}