{"id":16824,"date":"2020-06-22T13:56:27","date_gmt":"2020-06-22T11:56:27","guid":{"rendered":"https:\/\/dodo-inflatables.com\/teste\/"},"modified":"2024-07-17T14:56:22","modified_gmt":"2024-07-17T12:56:22","slug":"teste","status":"publish","type":"page","link":"https:\/\/dodo-inflatables.com\/pt-pt\/teste\/","title":{"rendered":"Teste"},"content":{"rendered":"\n<h2 class=\"has-text-align-center wp-block-heading\">Op\u00e7\u00f5es de pagamento<\/h2>\n\n<div style=\"height:22px\" aria-hidden=\"true\" class=\"wp-block-spacer\"><\/div>\n<p><strong><img loading=\"lazy\" decoding=\"async\" class=\"wp-image-2355 alignleft\" src=\"https:\/\/dodo-inflatables.com\/wp-content\/uploads\/2020\/06\/text-ueberweisung-300x214.png\" alt=\"\" width=\"100\" height=\"71\">Verifica\u00e7\u00e3o<\/strong><br \/>\u00dcberweise direckt an unsere Bankverbindung. Utiliza o n\u00famero de encomenda como crit\u00e9rio de utiliza\u00e7\u00e3o. A tua encomenda s\u00f3 ser\u00e1 enviada ap\u00f3s o envio da encomenda para a nossa conta banc\u00e1ria. Se quiseres fazer o teu pedido de forma r\u00e1pida, envia-nos o pedido de pagamento por correio eletr\u00f3nico, ent\u00e3o podemos resolver todo o processo.<\/p>\n<p><strong>TIPP<\/strong>: Faz o teu pedido por \u00dcberweisung e recebe um conjunto de Erdn\u00e4gel&nbsp;<strong>GRATIS<\/strong>&nbsp;dazu! (ab einem Bestellwert von 1.000\u20ac)<br \/>Einfach in der Bestellnotiz vermerken, dass du ein Set Erdn\u00e4gel dazu m\u00f6chtest.<\/p>\n\n<div style=\"height:20px\" aria-hidden=\"true\" class=\"wp-block-spacer\"><\/div>\n\n<hr class=\"wp-block-separator\"\/>\n\n<div style=\"height:20px\" aria-hidden=\"true\" class=\"wp-block-spacer\"><\/div>\n<p><strong><img loading=\"lazy\" decoding=\"async\" class=\"wp-image-2354 alignleft\" src=\"https:\/\/dodo-inflatables.com\/wp-content\/uploads\/2020\/06\/paypal-300x214.png\" alt=\"\" width=\"100\" height=\"71\">PayPal<br \/><\/strong>Faz a compra do teu produto por PayPal (Lastschrift oder Kreditkarte).<\/p>\n\n<div style=\"height:20px\" aria-hidden=\"true\" class=\"wp-block-spacer\"><\/div>\n\n<hr class=\"wp-block-separator\"\/>\n\n<div style=\"height:20px\" aria-hidden=\"true\" class=\"wp-block-spacer\"><\/div>\n<p>Em colabora\u00e7\u00e3o com&nbsp;<a class=\"link-item link-secondary\" href=\"http:\/\/www.klarna.de\/\"><span class=\"link-content\">Klarna Bank AB (publ)<\/span><\/a>, Sveav\u00e4gen 46, 111 34 Stockholm, Schweden, bieten wir die folgenden Zahlungsoptionen an. O pagamento \u00e9 efectuado atrav\u00e9s da Klarna:<\/p>\n<p><strong><img loading=\"lazy\" decoding=\"async\" class=\"wp-image-2349 alignleft\" src=\"https:\/\/dodo-inflatables.com\/wp-content\/uploads\/2020\/06\/klarna-rechnung-300x214.png\" alt=\"\" width=\"100\" height=\"71\">Rechnung<\/strong> <br \/>O prazo de entrega \u00e9 de 14 dias ap\u00f3s a entrega do produto. Encontra os documentos de registo <a class=\"link-item link-secondary\" href=\"https:\/\/cdn.klarna.com\/1.0\/shared\/content\/legal\/terms\/EID\/de_de\/invoice?fee%3D0\"><span class=\"link-content\">aqui<\/span><\/a>.<\/p>\n\n<div style=\"height:20px\" aria-hidden=\"true\" class=\"wp-block-spacer\"><\/div>\n\n<hr class=\"wp-block-separator\"\/>\n\n<div style=\"height:20px\" aria-hidden=\"true\" class=\"wp-block-spacer\"><\/div>\n<p><strong><img loading=\"lazy\" decoding=\"async\" class=\"wp-image-2348 alignleft\" src=\"https:\/\/dodo-inflatables.com\/wp-content\/uploads\/2020\/06\/klarna-ratenkauf-300x214.png\" alt=\"\" width=\"100\" height=\"71\">Ratenkauf<\/strong> <br \/>Com o Finanzierungsservice von Klarna podes comprar o teu produto de forma flex\u00edvel em taxas mensais de no m\u00ednimo 1\/24 da taxa de juro (no m\u00ednimo 6,95 EUR) ou de acordo com as condi\u00e7\u00f5es gerais indicadas no Kasse. A liquida\u00e7\u00e3o da taxa \u00e9 obrigat\u00f3ria at\u00e9 ao fim do m\u00eas, ap\u00f3s a apresenta\u00e7\u00e3o de um relat\u00f3rio mensal da Klarna. Encontra mais informa\u00e7\u00f5es sobre a avalia\u00e7\u00e3o e, nomeadamente, sobre os regulamentos gerais e as informa\u00e7\u00f5es normalizadas europeias relativas ao Verbraucherkredite <a class=\"link-item link-secondary\" href=\"https:\/\/cdn.klarna.com\/1.0\/shared\/content\/legal\/terms\/EID\/de_de\/account\"><span class=\"link-content\">aqui<\/span><\/a>.<\/p>\n\n<div style=\"height:20px\" aria-hidden=\"true\" class=\"wp-block-spacer\"><\/div>\n\n<hr class=\"wp-block-separator\"\/>\n\n<div style=\"height:20px\" aria-hidden=\"true\" class=\"wp-block-spacer\"><\/div>\n<p><strong><img loading=\"lazy\" decoding=\"async\" class=\"wp-image-2350 alignleft\" src=\"https:\/\/dodo-inflatables.com\/wp-content\/uploads\/2020\/06\/klarna-sofort-300x214.png\" alt=\"\" width=\"100\" height=\"71\">Verifica\u00e7\u00e3o de disponibilidade<\/strong> <br \/>A devolu\u00e7\u00e3o do teu cart\u00e3o de cr\u00e9dito \u00e9 efectuada imediatamente ap\u00f3s a entrega da encomenda.<\/p>\n\n<div style=\"height:20px\" aria-hidden=\"true\" class=\"wp-block-spacer\"><\/div>\n\n<hr class=\"wp-block-separator\"\/>\n\n<div style=\"height:20px\" aria-hidden=\"true\" class=\"wp-block-spacer\"><\/div>\n<p><strong><img loading=\"lazy\" decoding=\"async\" class=\"wp-image-2352 alignleft\" src=\"https:\/\/dodo-inflatables.com\/wp-content\/uploads\/2020\/06\/maestro-300x214.png\" alt=\"\" width=\"100\" height=\"71\">Carta de apresenta\u00e7\u00e3o<\/strong><br \/>A compra \u00e9 efectuada ap\u00f3s a entrega do produto. O ponto de partida ser\u00e1 enviado por e-mail. Para mais informa\u00e7\u00f5es, encontra <a class=\"link-item link-secondary\" href=\"https:\/\/cdn.klarna.com\/1.0\/shared\/content\/legal\/terms\/0\/de_de\/direct_debit-read_more\"><span class=\"link-content\">aqui<\/span><\/a>.<\/p>\n\n<div style=\"height:20px\" aria-hidden=\"true\" class=\"wp-block-spacer\"><\/div>\n\n<hr class=\"wp-block-separator\"\/>\n\n<div style=\"height:20px\" aria-hidden=\"true\" class=\"wp-block-spacer\"><\/div>\n<p><strong><img loading=\"lazy\" decoding=\"async\" class=\"wp-image-2353 alignleft\" src=\"https:\/\/dodo-inflatables.com\/wp-content\/uploads\/2020\/06\/mastercard-300x214.png\" alt=\"\" width=\"100\" height=\"71\"><img loading=\"lazy\" decoding=\"async\" class=\"wp-image-2356 alignleft\" src=\"https:\/\/dodo-inflatables.com\/wp-content\/uploads\/2020\/06\/visa-300x214.png\" alt=\"\" width=\"100\" height=\"71\">Cart\u00e3o de cr\u00e9dito<\/strong> (Visa\/Mastercard)  <br \/>Verf\u00fcgbar in Deutschland. A compra \u00e9 efectuada ap\u00f3s a entrega da mercadoria ou dos bilhetes \/ verifica\u00e7\u00e3o dos servi\u00e7os ou no seguimento de uma encomenda, de acordo com os prazos de comunica\u00e7\u00e3o.<\/p>\n\n<div style=\"height:20px\" aria-hidden=\"true\" class=\"wp-block-spacer\"><\/div>\n\n<div style=\"height:20px\" aria-hidden=\"true\" class=\"wp-block-spacer\"><\/div>\n<p>A utiliza\u00e7\u00e3o de Zahlungsarten Rechnung, Ratenkauf e Lastschrift permite uma bonifica\u00e7\u00e3o positiva. Encontra outras informa\u00e7\u00f5es e recomenda\u00e7\u00f5es de nutri\u00e7\u00e3o da Klarnas <a class=\"link-item link-secondary\" href=\"https:\/\/cdn.klarna.com\/1.0\/shared\/content\/legal\/terms\/0\/de_de\/user\"><span class=\"link-content\">aqui<\/span><\/a>. Podes encontrar todas as informa\u00e7\u00f5es gerais sobre a Klarna <a class=\"link-item link-secondary\" href=\"http:\/\/www.klarna.de\/\"><span class=\"link-content\">aqui<\/span><\/a>. Os seus dados pessoais devem ser transmitidos pela Klarna em conformidade com as regras de prote\u00e7\u00e3o de dados em vigor e de acordo com as indica\u00e7\u00f5es da <a class=\"link-item link-secondary\" href=\"https:\/\/cdn.klarna.com\/1.0\/shared\/content\/legal\/terms\/0\/de_de\/privacy\"><span class=\"link-content\">regras de prote\u00e7\u00e3o de dados da Klarnas<\/span><\/a> e que n\u00e3o te esque\u00e7as de incluir os dados nas condi\u00e7\u00f5es de prote\u00e7\u00e3o de dados da Klarnas.<\/p>\n","protected":false},"excerpt":{"rendered":"<p>Op\u00e7\u00f5es de pagamento Verifica\u00e7\u00e3o\u00dcberweise direckt an unsere Bankverbindung. Utiliza o n\u00famero de encomenda como crit\u00e9rio de utiliza\u00e7\u00e3o. A tua encomenda s\u00f3 ser\u00e1 enviada ap\u00f3s o envio da encomenda para a nossa conta banc\u00e1ria. Se quiseres fazer o teu pedido de forma r\u00e1pida, envia-nos o pedido de pagamento por correio eletr\u00f3nico, ent\u00e3o podemos resolver todo o [&hellip;]<\/p>\n","protected":false},"author":1,"featured_media":0,"parent":0,"menu_order":0,"comment_status":"closed","ping_status":"closed","template":"","meta":{"_acf_changed":false,"_uag_custom_page_level_css":"","site-sidebar-layout":"default","site-content-layout":"","ast-site-content-layout":"default","site-content-style":"default","site-sidebar-style":"default","ast-global-header-display":"","ast-banner-title-visibility":"","ast-main-header-display":"","ast-hfb-above-header-display":"","ast-hfb-below-header-display":"","ast-hfb-mobile-header-display":"","site-post-title":"","ast-breadcrumbs-content":"","ast-featured-img":"","footer-sml-layout":"","ast-disable-related-posts":"","theme-transparent-header-meta":"","adv-header-id-meta":"","stick-header-meta":"","header-above-stick-meta":"","header-main-stick-meta":"","header-below-stick-meta":"","astra-migrate-meta-layouts":"default","ast-page-background-enabled":"default","ast-page-background-meta":{"desktop":{"background-color":"var(--ast-global-color-4)","background-image":"","background-repeat":"repeat","background-position":"center center","background-size":"auto","background-attachment":"scroll","background-type":"","background-media":"","overlay-type":"","overlay-color":"","overlay-opacity":"","overlay-gradient":""},"tablet":{"background-color":"","background-image":"","background-repeat":"repeat","background-position":"center center","background-size":"auto","background-attachment":"scroll","background-type":"","background-media":"","overlay-type":"","overlay-color":"","overlay-opacity":"","overlay-gradient":""},"mobile":{"background-color":"","background-image":"","background-repeat":"repeat","background-position":"center center","background-size":"auto","background-attachment":"scroll","background-type":"","background-media":"","overlay-type":"","overlay-color":"","overlay-opacity":"","overlay-gradient":""}},"ast-content-background-meta":{"desktop":{"background-color":"var(--ast-global-color-5)","background-image":"","background-repeat":"repeat","background-position":"center center","background-size":"auto","background-attachment":"scroll","background-type":"","background-media":"","overlay-type":"","overlay-color":"","overlay-opacity":"","overlay-gradient":""},"tablet":{"background-color":"var(--ast-global-color-5)","background-image":"","background-repeat":"repeat","background-position":"center center","background-size":"auto","background-attachment":"scroll","background-type":"","background-media":"","overlay-type":"","overlay-color":"","overlay-opacity":"","overlay-gradient":""},"mobile":{"background-color":"var(--ast-global-color-5)","background-image":"","background-repeat":"repeat","background-position":"center center","background-size":"auto","background-attachment":"scroll","background-type":"","background-media":"","overlay-type":"","overlay-color":"","overlay-opacity":"","overlay-gradient":""}},"footnotes":""},"class_list":["post-16824","page","type-page","status-publish","hentry"],"acf":[],"yoast_head":"<!-- This site is optimized with the Yoast SEO plugin v27.4 - https:\/\/yoast.com\/product\/yoast-seo-wordpress\/ -->\n<title>Teste - dodo-inflatables.com<\/title>\n<meta name=\"robots\" content=\"index, follow, max-snippet:-1, max-image-preview:large, max-video-preview:-1\" \/>\n<link rel=\"canonical\" href=\"https:\/\/dodo-inflatables.com\/pt-pt\/teste\/\" \/>\n<meta name=\"twitter:label1\" content=\"Tempo estimado de leitura\" \/>\n\t<meta name=\"twitter:data1\" content=\"2 minutos\" \/>\n<script type=\"application\/ld+json\" class=\"yoast-schema-graph\">{\"@context\":\"https:\\\/\\\/schema.org\",\"@graph\":[{\"@type\":\"WebPage\",\"@id\":\"https:\\\/\\\/dodo-inflatables.com\\\/pt-pt\\\/teste\\\/\",\"url\":\"https:\\\/\\\/dodo-inflatables.com\\\/pt-pt\\\/teste\\\/\",\"name\":\"Teste - dodo-inflatables.com\",\"isPartOf\":{\"@id\":\"https:\\\/\\\/dodo-inflatables.com\\\/pt-pt\\\/#website\"},\"primaryImageOfPage\":{\"@id\":\"https:\\\/\\\/dodo-inflatables.com\\\/pt-pt\\\/teste\\\/#primaryimage\"},\"image\":{\"@id\":\"https:\\\/\\\/dodo-inflatables.com\\\/pt-pt\\\/teste\\\/#primaryimage\"},\"thumbnailUrl\":\"https:\\\/\\\/dodo-inflatables.com\\\/wp-content\\\/uploads\\\/2020\\\/06\\\/text-ueberweisung-300x214.png\",\"datePublished\":\"2020-06-22T11:56:27+00:00\",\"dateModified\":\"2024-07-17T12:56:22+00:00\",\"breadcrumb\":{\"@id\":\"https:\\\/\\\/dodo-inflatables.com\\\/pt-pt\\\/teste\\\/#breadcrumb\"},\"inLanguage\":\"pt-PT\",\"potentialAction\":[{\"@type\":\"ReadAction\",\"target\":[\"https:\\\/\\\/dodo-inflatables.com\\\/pt-pt\\\/teste\\\/\"]}]},{\"@type\":\"ImageObject\",\"inLanguage\":\"pt-PT\",\"@id\":\"https:\\\/\\\/dodo-inflatables.com\\\/pt-pt\\\/teste\\\/#primaryimage\",\"url\":\"https:\\\/\\\/dodo-inflatables.com\\\/wp-content\\\/uploads\\\/2020\\\/06\\\/text-ueberweisung-300x214.png\",\"contentUrl\":\"https:\\\/\\\/dodo-inflatables.com\\\/wp-content\\\/uploads\\\/2020\\\/06\\\/text-ueberweisung-300x214.png\"},{\"@type\":\"BreadcrumbList\",\"@id\":\"https:\\\/\\\/dodo-inflatables.com\\\/pt-pt\\\/teste\\\/#breadcrumb\",\"itemListElement\":[{\"@type\":\"ListItem\",\"position\":1,\"name\":\"In\u00edcio\",\"item\":\"https:\\\/\\\/dodo-inflatables.com\\\/pt-pt\\\/\"},{\"@type\":\"ListItem\",\"position\":2,\"name\":\"Teste\"}]},{\"@type\":\"WebSite\",\"@id\":\"https:\\\/\\\/dodo-inflatables.com\\\/pt-pt\\\/#website\",\"url\":\"https:\\\/\\\/dodo-inflatables.com\\\/pt-pt\\\/\",\"name\":\"dodo-inflatables.com\",\"description\":\"Compre castelos insufl\u00e1veis \u200b\u200be atra\u00e7\u00f5es na nossa loja.\",\"publisher\":{\"@id\":\"https:\\\/\\\/dodo-inflatables.com\\\/pt-pt\\\/#organization\"},\"potentialAction\":[{\"@type\":\"SearchAction\",\"target\":{\"@type\":\"EntryPoint\",\"urlTemplate\":\"https:\\\/\\\/dodo-inflatables.com\\\/pt-pt\\\/?s={search_term_string}\"},\"query-input\":{\"@type\":\"PropertyValueSpecification\",\"valueRequired\":true,\"valueName\":\"search_term_string\"}}],\"inLanguage\":\"pt-PT\"},{\"@type\":\"Organization\",\"@id\":\"https:\\\/\\\/dodo-inflatables.com\\\/pt-pt\\\/#organization\",\"name\":\"dodo-inflatables.com\",\"url\":\"https:\\\/\\\/dodo-inflatables.com\\\/pt-pt\\\/\",\"logo\":{\"@type\":\"ImageObject\",\"inLanguage\":\"pt-PT\",\"@id\":\"https:\\\/\\\/dodo-inflatables.com\\\/pt-pt\\\/#\\\/schema\\\/logo\\\/image\\\/\",\"url\":\"https:\\\/\\\/dodo-inflatables.com\\\/wp-content\\\/uploads\\\/2023\\\/04\\\/cropped-cropped-cropped-Dodo-Logo.png\",\"contentUrl\":\"https:\\\/\\\/dodo-inflatables.com\\\/wp-content\\\/uploads\\\/2023\\\/04\\\/cropped-cropped-cropped-Dodo-Logo.png\",\"width\":2996,\"height\":1545,\"caption\":\"dodo-inflatables.com\"},\"image\":{\"@id\":\"https:\\\/\\\/dodo-inflatables.com\\\/pt-pt\\\/#\\\/schema\\\/logo\\\/image\\\/\"}}]}<\/script>\n<!-- \/ Yoast SEO plugin. -->","yoast_head_json":{"title":"Teste - dodo-inflatables.com","robots":{"index":"index","follow":"follow","max-snippet":"max-snippet:-1","max-image-preview":"max-image-preview:large","max-video-preview":"max-video-preview:-1"},"canonical":"https:\/\/dodo-inflatables.com\/pt-pt\/teste\/","twitter_misc":{"Tempo estimado de leitura":"2 minutos"},"schema":{"@context":"https:\/\/schema.org","@graph":[{"@type":"WebPage","@id":"https:\/\/dodo-inflatables.com\/pt-pt\/teste\/","url":"https:\/\/dodo-inflatables.com\/pt-pt\/teste\/","name":"Teste - dodo-inflatables.com","isPartOf":{"@id":"https:\/\/dodo-inflatables.com\/pt-pt\/#website"},"primaryImageOfPage":{"@id":"https:\/\/dodo-inflatables.com\/pt-pt\/teste\/#primaryimage"},"image":{"@id":"https:\/\/dodo-inflatables.com\/pt-pt\/teste\/#primaryimage"},"thumbnailUrl":"https:\/\/dodo-inflatables.com\/wp-content\/uploads\/2020\/06\/text-ueberweisung-300x214.png","datePublished":"2020-06-22T11:56:27+00:00","dateModified":"2024-07-17T12:56:22+00:00","breadcrumb":{"@id":"https:\/\/dodo-inflatables.com\/pt-pt\/teste\/#breadcrumb"},"inLanguage":"pt-PT","potentialAction":[{"@type":"ReadAction","target":["https:\/\/dodo-inflatables.com\/pt-pt\/teste\/"]}]},{"@type":"ImageObject","inLanguage":"pt-PT","@id":"https:\/\/dodo-inflatables.com\/pt-pt\/teste\/#primaryimage","url":"https:\/\/dodo-inflatables.com\/wp-content\/uploads\/2020\/06\/text-ueberweisung-300x214.png","contentUrl":"https:\/\/dodo-inflatables.com\/wp-content\/uploads\/2020\/06\/text-ueberweisung-300x214.png"},{"@type":"BreadcrumbList","@id":"https:\/\/dodo-inflatables.com\/pt-pt\/teste\/#breadcrumb","itemListElement":[{"@type":"ListItem","position":1,"name":"In\u00edcio","item":"https:\/\/dodo-inflatables.com\/pt-pt\/"},{"@type":"ListItem","position":2,"name":"Teste"}]},{"@type":"WebSite","@id":"https:\/\/dodo-inflatables.com\/pt-pt\/#website","url":"https:\/\/dodo-inflatables.com\/pt-pt\/","name":"dodo-inflatables.com","description":"Compre castelos insufl\u00e1veis \u200b\u200be atra\u00e7\u00f5es na nossa loja.","publisher":{"@id":"https:\/\/dodo-inflatables.com\/pt-pt\/#organization"},"potentialAction":[{"@type":"SearchAction","target":{"@type":"EntryPoint","urlTemplate":"https:\/\/dodo-inflatables.com\/pt-pt\/?s={search_term_string}"},"query-input":{"@type":"PropertyValueSpecification","valueRequired":true,"valueName":"search_term_string"}}],"inLanguage":"pt-PT"},{"@type":"Organization","@id":"https:\/\/dodo-inflatables.com\/pt-pt\/#organization","name":"dodo-inflatables.com","url":"https:\/\/dodo-inflatables.com\/pt-pt\/","logo":{"@type":"ImageObject","inLanguage":"pt-PT","@id":"https:\/\/dodo-inflatables.com\/pt-pt\/#\/schema\/logo\/image\/","url":"https:\/\/dodo-inflatables.com\/wp-content\/uploads\/2023\/04\/cropped-cropped-cropped-Dodo-Logo.png","contentUrl":"https:\/\/dodo-inflatables.com\/wp-content\/uploads\/2023\/04\/cropped-cropped-cropped-Dodo-Logo.png","width":2996,"height":1545,"caption":"dodo-inflatables.com"},"image":{"@id":"https:\/\/dodo-inflatables.com\/pt-pt\/#\/schema\/logo\/image\/"}}]}},"uagb_featured_image_src":{"full":false,"thumbnail":false,"medium":false,"medium_large":false,"large":false,"1536x1536":false,"2048x2048":false,"woocommerce_thumbnail":false,"woocommerce_single":false,"woocommerce_gallery_thumbnail":false},"uagb_author_info":{"display_name":"Andreas","author_link":"https:\/\/dodo-inflatables.com\/pt-pt\/author\/andreas\/"},"uagb_comment_info":0,"uagb_excerpt":"Op\u00e7\u00f5es de pagamento Verifica\u00e7\u00e3o\u00dcberweise direckt an unsere Bankverbindung. Utiliza o n\u00famero de encomenda como crit\u00e9rio de utiliza\u00e7\u00e3o. A tua encomenda s\u00f3 ser\u00e1 enviada ap\u00f3s o envio da encomenda para a nossa conta banc\u00e1ria. Se quiseres fazer o teu pedido de forma r\u00e1pida, envia-nos o pedido de pagamento por correio eletr\u00f3nico, ent\u00e3o podemos resolver todo o&hellip;","_links":{"self":[{"href":"https:\/\/dodo-inflatables.com\/pt-pt\/wp-json\/wp\/v2\/pages\/16824","targetHints":{"allow":["GET"]}}],"collection":[{"href":"https:\/\/dodo-inflatables.com\/pt-pt\/wp-json\/wp\/v2\/pages"}],"about":[{"href":"https:\/\/dodo-inflatables.com\/pt-pt\/wp-json\/wp\/v2\/types\/page"}],"author":[{"embeddable":true,"href":"https:\/\/dodo-inflatables.com\/pt-pt\/wp-json\/wp\/v2\/users\/1"}],"replies":[{"embeddable":true,"href":"https:\/\/dodo-inflatables.com\/pt-pt\/wp-json\/wp\/v2\/comments?post=16824"}],"version-history":[{"count":2,"href":"https:\/\/dodo-inflatables.com\/pt-pt\/wp-json\/wp\/v2\/pages\/16824\/revisions"}],"predecessor-version":[{"id":16826,"href":"https:\/\/dodo-inflatables.com\/pt-pt\/wp-json\/wp\/v2\/pages\/16824\/revisions\/16826"}],"wp:attachment":[{"href":"https:\/\/dodo-inflatables.com\/pt-pt\/wp-json\/wp\/v2\/media?parent=16824"}],"curies":[{"name":"wp","href":"https:\/\/api.w.org\/{rel}","templated":true}]}}