{"id":16845,"date":"2020-04-22T12:16:39","date_gmt":"2020-04-22T10:16:39","guid":{"rendered":"https:\/\/dodo-inflatables.com\/dostawa-do-polski\/"},"modified":"2024-07-17T14:56:32","modified_gmt":"2024-07-17T12:56:32","slug":"dostawa-do-polski","status":"publish","type":"page","link":"https:\/\/dodo-inflatables.com\/pt-pt\/dostawa-do-polski\/","title":{"rendered":"Dostawa do Polski"},"content":{"rendered":"\n<h2 class=\"wp-block-heading\" id=\"dostawa-do-polski\">Dostawa do Polski<\/h2>\n\n<p>Z przyjemno\u015bci\u0105 dostarczamy po\u017c\u0105dany dmuchany zamek do Polski.<\/p>\n\n<p>Jako osoba prywatna zostanie naliczony niemiecki podatek VAT. Mo\u017cesz regularnie realizowa\u0107 zam\u00f3wienie za po\u015brednictwem sklepu internetowego.<\/p>\n\n<p>Zamawia\u0107 jako firma i mie\u0107 wa\u017cny numer podatku od sprzeda\u017cy (VAT)? Nast\u0119pnie mo\u017cemy sprzeda\u0107 ci towary wolne od podatku. N\u00e3o te esque\u00e7as de enviar um e-mail.<\/p>\n","protected":false},"excerpt":{"rendered":"<p>Dostawa do Polski Z przyjemno\u015bci\u0105 dostarczamy po\u017c\u0105dany dmuchany zamek do Polski. Jako osoba prywatna zostanie naliczony niemiecki podatek VAT. Mo\u017cesz regularnie realizowa\u0107 zam\u00f3wienie za po\u015brednictwem sklepu internetowego. Zamawia\u0107 jako firma i mie\u0107 wa\u017cny numer podatku od sprzeda\u017cy (VAT)? Nast\u0119pnie mo\u017cemy sprzeda\u0107 ci towary wolne od podatku. N\u00e3o te esque\u00e7as de enviar um e-mail.<\/p>\n","protected":false},"author":1,"featured_media":0,"parent":0,"menu_order":0,"comment_status":"closed","ping_status":"closed","template":"","meta":{"_acf_changed":false,"_uag_custom_page_level_css":"","site-sidebar-layout":"default","site-content-layout":"content-boxed-container","ast-site-content-layout":"default","site-content-style":"default","site-sidebar-style":"default","ast-global-header-display":"","ast-banner-title-visibility":"","ast-main-header-display":"","ast-hfb-above-header-display":"","ast-hfb-below-header-display":"","ast-hfb-mobile-header-display":"","site-post-title":"disabled","ast-breadcrumbs-content":"disabled","ast-featured-img":"disabled","footer-sml-layout":"","ast-disable-related-posts":"","theme-transparent-header-meta":"","adv-header-id-meta":"4069","stick-header-meta":"","header-above-stick-meta":"","header-main-stick-meta":"","header-below-stick-meta":"","astra-migrate-meta-layouts":"default","ast-page-background-enabled":"default","ast-page-background-meta":{"desktop":{"background-color":"var(--ast-global-color-4)","background-image":"","background-repeat":"repeat","background-position":"center center","background-size":"auto","background-attachment":"scroll","background-type":"","background-media":"","overlay-type":"","overlay-color":"","overlay-opacity":"","overlay-gradient":""},"tablet":{"background-color":"","background-image":"","background-repeat":"repeat","background-position":"center center","background-size":"auto","background-attachment":"scroll","background-type":"","background-media":"","overlay-type":"","overlay-color":"","overlay-opacity":"","overlay-gradient":""},"mobile":{"background-color":"","background-image":"","background-repeat":"repeat","background-position":"center center","background-size":"auto","background-attachment":"scroll","background-type":"","background-media":"","overlay-type":"","overlay-color":"","overlay-opacity":"","overlay-gradient":""}},"ast-content-background-meta":{"desktop":{"background-color":"var(--ast-global-color-5)","background-image":"","background-repeat":"repeat","background-position":"center center","background-size":"auto","background-attachment":"scroll","background-type":"","background-media":"","overlay-type":"","overlay-color":"","overlay-opacity":"","overlay-gradient":""},"tablet":{"background-color":"var(--ast-global-color-5)","background-image":"","background-repeat":"repeat","background-position":"center center","background-size":"auto","background-attachment":"scroll","background-type":"","background-media":"","overlay-type":"","overlay-color":"","overlay-opacity":"","overlay-gradient":""},"mobile":{"background-color":"var(--ast-global-color-5)","background-image":"","background-repeat":"repeat","background-position":"center center","background-size":"auto","background-attachment":"scroll","background-type":"","background-media":"","overlay-type":"","overlay-color":"","overlay-opacity":"","overlay-gradient":""}},"footnotes":""},"class_list":["post-16845","page","type-page","status-publish","hentry"],"acf":[],"yoast_head":"<!-- This site is optimized with the Yoast SEO plugin v27.4 - https:\/\/yoast.com\/product\/yoast-seo-wordpress\/ -->\n<title>Como \u00e9 que podes fazer isso?<\/title>\n<meta name=\"description\" content=\"Z nami znajdziesz du\u017cy wyb\u00f3r wysokiej jako\u015bci ponton\u00f3w w \u015bwietnych wzorach! \u2713 Dostawa mo\u017cliwa w ca\u0142ej Europie! N\u00e3o te preocupes!\" \/>\n<meta name=\"robots\" content=\"index, follow, max-snippet:-1, max-image-preview:large, max-video-preview:-1\" \/>\n<link rel=\"canonical\" href=\"https:\/\/dodo-inflatables.com\/pt-pt\/dostawa-do-polski\/\" \/>\n<script type=\"application\/ld+json\" class=\"yoast-schema-graph\">{\"@context\":\"https:\\\/\\\/schema.org\",\"@graph\":[{\"@type\":\"WebPage\",\"@id\":\"https:\\\/\\\/dodo-inflatables.com\\\/pt-pt\\\/dostawa-do-polski\\\/\",\"url\":\"https:\\\/\\\/dodo-inflatables.com\\\/pt-pt\\\/dostawa-do-polski\\\/\",\"name\":\"Como \u00e9 que podes fazer isso?\",\"isPartOf\":{\"@id\":\"https:\\\/\\\/dodo-inflatables.com\\\/pt-pt\\\/#website\"},\"datePublished\":\"2020-04-22T10:16:39+00:00\",\"dateModified\":\"2024-07-17T12:56:32+00:00\",\"description\":\"Z nami znajdziesz du\u017cy wyb\u00f3r wysokiej jako\u015bci ponton\u00f3w w \u015bwietnych wzorach! \u2713 Dostawa mo\u017cliwa w ca\u0142ej Europie! N\u00e3o te preocupes!\",\"breadcrumb\":{\"@id\":\"https:\\\/\\\/dodo-inflatables.com\\\/pt-pt\\\/dostawa-do-polski\\\/#breadcrumb\"},\"inLanguage\":\"pt-PT\",\"potentialAction\":[{\"@type\":\"ReadAction\",\"target\":[\"https:\\\/\\\/dodo-inflatables.com\\\/pt-pt\\\/dostawa-do-polski\\\/\"]}]},{\"@type\":\"BreadcrumbList\",\"@id\":\"https:\\\/\\\/dodo-inflatables.com\\\/pt-pt\\\/dostawa-do-polski\\\/#breadcrumb\",\"itemListElement\":[{\"@type\":\"ListItem\",\"position\":1,\"name\":\"In\u00edcio\",\"item\":\"https:\\\/\\\/dodo-inflatables.com\\\/pt-pt\\\/\"},{\"@type\":\"ListItem\",\"position\":2,\"name\":\"Dostawa do Polski\"}]},{\"@type\":\"WebSite\",\"@id\":\"https:\\\/\\\/dodo-inflatables.com\\\/pt-pt\\\/#website\",\"url\":\"https:\\\/\\\/dodo-inflatables.com\\\/pt-pt\\\/\",\"name\":\"dodo-inflatables.com\",\"description\":\"Compre castelos insufl\u00e1veis \u200b\u200be atra\u00e7\u00f5es na nossa loja.\",\"publisher\":{\"@id\":\"https:\\\/\\\/dodo-inflatables.com\\\/pt-pt\\\/#organization\"},\"potentialAction\":[{\"@type\":\"SearchAction\",\"target\":{\"@type\":\"EntryPoint\",\"urlTemplate\":\"https:\\\/\\\/dodo-inflatables.com\\\/pt-pt\\\/?s={search_term_string}\"},\"query-input\":{\"@type\":\"PropertyValueSpecification\",\"valueRequired\":true,\"valueName\":\"search_term_string\"}}],\"inLanguage\":\"pt-PT\"},{\"@type\":\"Organization\",\"@id\":\"https:\\\/\\\/dodo-inflatables.com\\\/pt-pt\\\/#organization\",\"name\":\"dodo-inflatables.com\",\"url\":\"https:\\\/\\\/dodo-inflatables.com\\\/pt-pt\\\/\",\"logo\":{\"@type\":\"ImageObject\",\"inLanguage\":\"pt-PT\",\"@id\":\"https:\\\/\\\/dodo-inflatables.com\\\/pt-pt\\\/#\\\/schema\\\/logo\\\/image\\\/\",\"url\":\"https:\\\/\\\/dodo-inflatables.com\\\/wp-content\\\/uploads\\\/2023\\\/04\\\/cropped-cropped-cropped-Dodo-Logo.png\",\"contentUrl\":\"https:\\\/\\\/dodo-inflatables.com\\\/wp-content\\\/uploads\\\/2023\\\/04\\\/cropped-cropped-cropped-Dodo-Logo.png\",\"width\":2996,\"height\":1545,\"caption\":\"dodo-inflatables.com\"},\"image\":{\"@id\":\"https:\\\/\\\/dodo-inflatables.com\\\/pt-pt\\\/#\\\/schema\\\/logo\\\/image\\\/\"}}]}<\/script>\n<!-- \/ Yoast SEO plugin. -->","yoast_head_json":{"title":"Como \u00e9 que podes fazer isso?","description":"Z nami znajdziesz du\u017cy wyb\u00f3r wysokiej jako\u015bci ponton\u00f3w w \u015bwietnych wzorach! \u2713 Dostawa mo\u017cliwa w ca\u0142ej Europie! N\u00e3o te preocupes!","robots":{"index":"index","follow":"follow","max-snippet":"max-snippet:-1","max-image-preview":"max-image-preview:large","max-video-preview":"max-video-preview:-1"},"canonical":"https:\/\/dodo-inflatables.com\/pt-pt\/dostawa-do-polski\/","schema":{"@context":"https:\/\/schema.org","@graph":[{"@type":"WebPage","@id":"https:\/\/dodo-inflatables.com\/pt-pt\/dostawa-do-polski\/","url":"https:\/\/dodo-inflatables.com\/pt-pt\/dostawa-do-polski\/","name":"Como \u00e9 que podes fazer isso?","isPartOf":{"@id":"https:\/\/dodo-inflatables.com\/pt-pt\/#website"},"datePublished":"2020-04-22T10:16:39+00:00","dateModified":"2024-07-17T12:56:32+00:00","description":"Z nami znajdziesz du\u017cy wyb\u00f3r wysokiej jako\u015bci ponton\u00f3w w \u015bwietnych wzorach! \u2713 Dostawa mo\u017cliwa w ca\u0142ej Europie! N\u00e3o te preocupes!","breadcrumb":{"@id":"https:\/\/dodo-inflatables.com\/pt-pt\/dostawa-do-polski\/#breadcrumb"},"inLanguage":"pt-PT","potentialAction":[{"@type":"ReadAction","target":["https:\/\/dodo-inflatables.com\/pt-pt\/dostawa-do-polski\/"]}]},{"@type":"BreadcrumbList","@id":"https:\/\/dodo-inflatables.com\/pt-pt\/dostawa-do-polski\/#breadcrumb","itemListElement":[{"@type":"ListItem","position":1,"name":"In\u00edcio","item":"https:\/\/dodo-inflatables.com\/pt-pt\/"},{"@type":"ListItem","position":2,"name":"Dostawa do Polski"}]},{"@type":"WebSite","@id":"https:\/\/dodo-inflatables.com\/pt-pt\/#website","url":"https:\/\/dodo-inflatables.com\/pt-pt\/","name":"dodo-inflatables.com","description":"Compre castelos insufl\u00e1veis \u200b\u200be atra\u00e7\u00f5es na nossa loja.","publisher":{"@id":"https:\/\/dodo-inflatables.com\/pt-pt\/#organization"},"potentialAction":[{"@type":"SearchAction","target":{"@type":"EntryPoint","urlTemplate":"https:\/\/dodo-inflatables.com\/pt-pt\/?s={search_term_string}"},"query-input":{"@type":"PropertyValueSpecification","valueRequired":true,"valueName":"search_term_string"}}],"inLanguage":"pt-PT"},{"@type":"Organization","@id":"https:\/\/dodo-inflatables.com\/pt-pt\/#organization","name":"dodo-inflatables.com","url":"https:\/\/dodo-inflatables.com\/pt-pt\/","logo":{"@type":"ImageObject","inLanguage":"pt-PT","@id":"https:\/\/dodo-inflatables.com\/pt-pt\/#\/schema\/logo\/image\/","url":"https:\/\/dodo-inflatables.com\/wp-content\/uploads\/2023\/04\/cropped-cropped-cropped-Dodo-Logo.png","contentUrl":"https:\/\/dodo-inflatables.com\/wp-content\/uploads\/2023\/04\/cropped-cropped-cropped-Dodo-Logo.png","width":2996,"height":1545,"caption":"dodo-inflatables.com"},"image":{"@id":"https:\/\/dodo-inflatables.com\/pt-pt\/#\/schema\/logo\/image\/"}}]}},"uagb_featured_image_src":{"full":false,"thumbnail":false,"medium":false,"medium_large":false,"large":false,"1536x1536":false,"2048x2048":false,"woocommerce_thumbnail":false,"woocommerce_single":false,"woocommerce_gallery_thumbnail":false},"uagb_author_info":{"display_name":"Andreas","author_link":"https:\/\/dodo-inflatables.com\/pt-pt\/author\/andreas\/"},"uagb_comment_info":0,"uagb_excerpt":"Dostawa do Polski Z przyjemno\u015bci\u0105 dostarczamy po\u017c\u0105dany dmuchany zamek do Polski. Jako osoba prywatna zostanie naliczony niemiecki podatek VAT. Mo\u017cesz regularnie realizowa\u0107 zam\u00f3wienie za po\u015brednictwem sklepu internetowego. Zamawia\u0107 jako firma i mie\u0107 wa\u017cny numer podatku od sprzeda\u017cy (VAT)? Nast\u0119pnie mo\u017cemy sprzeda\u0107 ci towary wolne od podatku. N\u00e3o te esque\u00e7as de enviar um e-mail.","_links":{"self":[{"href":"https:\/\/dodo-inflatables.com\/pt-pt\/wp-json\/wp\/v2\/pages\/16845","targetHints":{"allow":["GET"]}}],"collection":[{"href":"https:\/\/dodo-inflatables.com\/pt-pt\/wp-json\/wp\/v2\/pages"}],"about":[{"href":"https:\/\/dodo-inflatables.com\/pt-pt\/wp-json\/wp\/v2\/types\/page"}],"author":[{"embeddable":true,"href":"https:\/\/dodo-inflatables.com\/pt-pt\/wp-json\/wp\/v2\/users\/1"}],"replies":[{"embeddable":true,"href":"https:\/\/dodo-inflatables.com\/pt-pt\/wp-json\/wp\/v2\/comments?post=16845"}],"version-history":[{"count":2,"href":"https:\/\/dodo-inflatables.com\/pt-pt\/wp-json\/wp\/v2\/pages\/16845\/revisions"}],"predecessor-version":[{"id":16848,"href":"https:\/\/dodo-inflatables.com\/pt-pt\/wp-json\/wp\/v2\/pages\/16845\/revisions\/16848"}],"wp:attachment":[{"href":"https:\/\/dodo-inflatables.com\/pt-pt\/wp-json\/wp\/v2\/media?parent=16845"}],"curies":[{"name":"wp","href":"https:\/\/api.w.org\/{rel}","templated":true}]}}