{"id":16894,"date":"2020-04-22T12:14:18","date_gmt":"2020-04-22T10:14:18","guid":{"rendered":"https:\/\/dodo-inflatables.com\/luta-em-letzebuerg\/"},"modified":"2024-07-17T14:56:38","modified_gmt":"2024-07-17T12:56:38","slug":"luta-em-letzebuerg","status":"publish","type":"page","link":"https:\/\/dodo-inflatables.com\/pt-pt\/luta-em-letzebuerg\/","title":{"rendered":"Luta em L\u00ebtzebuerg"},"content":{"rendered":"\n<h2 class=\"wp-block-heading\" id=\"liwwerung-zu-letzebuerg\">Luta em L\u00ebtzebuerg<\/h2>\n\n<p>Mir si frou, dat gew\u00ebnschte Bounebuerg zu L\u00ebtzebuerg ze liwweren.<\/p>\n\n<p>Als Privatpersoun w\u00e4ert Dir d\u00e4itsch TVA reproch\u00e9iert ginn. N\u00e3o podes vender regularmente na loja online.<\/p>\n\n<p>Tens um n\u00famero de identifica\u00e7\u00e3o v\u00e1lido (TVA)? N\u00e3o me digas que eu n\u00e3o sei o que fazer. Para isso, envia o teu pedido de compra por e-mail.<\/p>\n","protected":false},"excerpt":{"rendered":"<p>Luta em L\u00ebtzebuerg Mir si frou, dat gew\u00ebnschte Bounebuerg zu L\u00ebtzebuerg ze liwweren. Als Privatpersoun w\u00e4ert Dir d\u00e4itsch TVA reproch\u00e9iert ginn. N\u00e3o podes vender regularmente na loja online. Tens um n\u00famero de identifica\u00e7\u00e3o v\u00e1lido (TVA)? N\u00e3o me digas que eu n\u00e3o sei o que fazer. Para isso, envia o teu pedido de compra por e-mail.<\/p>\n","protected":false},"author":1,"featured_media":0,"parent":0,"menu_order":0,"comment_status":"closed","ping_status":"closed","template":"","meta":{"_acf_changed":false,"_uag_custom_page_level_css":"","site-sidebar-layout":"default","site-content-layout":"content-boxed-container","ast-site-content-layout":"default","site-content-style":"default","site-sidebar-style":"default","ast-global-header-display":"","ast-banner-title-visibility":"","ast-main-header-display":"","ast-hfb-above-header-display":"","ast-hfb-below-header-display":"","ast-hfb-mobile-header-display":"","site-post-title":"disabled","ast-breadcrumbs-content":"disabled","ast-featured-img":"disabled","footer-sml-layout":"","ast-disable-related-posts":"","theme-transparent-header-meta":"","adv-header-id-meta":"4069","stick-header-meta":"","header-above-stick-meta":"","header-main-stick-meta":"","header-below-stick-meta":"","astra-migrate-meta-layouts":"default","ast-page-background-enabled":"default","ast-page-background-meta":{"desktop":{"background-color":"var(--ast-global-color-4)","background-image":"","background-repeat":"repeat","background-position":"center center","background-size":"auto","background-attachment":"scroll","background-type":"","background-media":"","overlay-type":"","overlay-color":"","overlay-opacity":"","overlay-gradient":""},"tablet":{"background-color":"","background-image":"","background-repeat":"repeat","background-position":"center center","background-size":"auto","background-attachment":"scroll","background-type":"","background-media":"","overlay-type":"","overlay-color":"","overlay-opacity":"","overlay-gradient":""},"mobile":{"background-color":"","background-image":"","background-repeat":"repeat","background-position":"center center","background-size":"auto","background-attachment":"scroll","background-type":"","background-media":"","overlay-type":"","overlay-color":"","overlay-opacity":"","overlay-gradient":""}},"ast-content-background-meta":{"desktop":{"background-color":"var(--ast-global-color-5)","background-image":"","background-repeat":"repeat","background-position":"center center","background-size":"auto","background-attachment":"scroll","background-type":"","background-media":"","overlay-type":"","overlay-color":"","overlay-opacity":"","overlay-gradient":""},"tablet":{"background-color":"var(--ast-global-color-5)","background-image":"","background-repeat":"repeat","background-position":"center center","background-size":"auto","background-attachment":"scroll","background-type":"","background-media":"","overlay-type":"","overlay-color":"","overlay-opacity":"","overlay-gradient":""},"mobile":{"background-color":"var(--ast-global-color-5)","background-image":"","background-repeat":"repeat","background-position":"center center","background-size":"auto","background-attachment":"scroll","background-type":"","background-media":"","overlay-type":"","overlay-color":"","overlay-opacity":"","overlay-gradient":""}},"footnotes":""},"class_list":["post-16894","page","type-page","status-publish","hentry"],"acf":[],"yoast_head":"<!-- This site is optimized with the Yoast SEO plugin v27.5 - https:\/\/yoast.com\/product\/yoast-seo-wordpress\/ -->\n<title>Kaaft Bouneschlass | Liwwerung zu L\u00ebtzebuerg<\/title>\n<meta name=\"description\" content=\"O teu grupo de amigos \u00e9 muito bom e tem um design fant\u00e1stico! N\u00e3o te esque\u00e7as de que a tua vida \u00e9 muito importante para toda a Europa! Vers\u00f5es r\u00e1pidas!\" \/>\n<meta name=\"robots\" content=\"index, follow, max-snippet:-1, max-image-preview:large, max-video-preview:-1\" \/>\n<link rel=\"canonical\" href=\"https:\/\/dodo-inflatables.com\/pt-pt\/luta-em-letzebuerg\/\" \/>\n<script type=\"application\/ld+json\" class=\"yoast-schema-graph\">{\"@context\":\"https:\\\/\\\/schema.org\",\"@graph\":[{\"@type\":\"WebPage\",\"@id\":\"https:\\\/\\\/dodo-inflatables.com\\\/pt-pt\\\/luta-em-letzebuerg\\\/\",\"url\":\"https:\\\/\\\/dodo-inflatables.com\\\/pt-pt\\\/luta-em-letzebuerg\\\/\",\"name\":\"Kaaft Bouneschlass | Liwwerung zu L\u00ebtzebuerg\",\"isPartOf\":{\"@id\":\"https:\\\/\\\/dodo-inflatables.com\\\/pt-pt\\\/#website\"},\"datePublished\":\"2020-04-22T10:14:18+00:00\",\"dateModified\":\"2024-07-17T12:56:38+00:00\",\"description\":\"O teu grupo de amigos \u00e9 muito bom e tem um design fant\u00e1stico! N\u00e3o te esque\u00e7as de que a tua vida \u00e9 muito importante para toda a Europa! Vers\u00f5es r\u00e1pidas!\",\"breadcrumb\":{\"@id\":\"https:\\\/\\\/dodo-inflatables.com\\\/pt-pt\\\/luta-em-letzebuerg\\\/#breadcrumb\"},\"inLanguage\":\"pt-PT\",\"potentialAction\":[{\"@type\":\"ReadAction\",\"target\":[\"https:\\\/\\\/dodo-inflatables.com\\\/pt-pt\\\/luta-em-letzebuerg\\\/\"]}]},{\"@type\":\"BreadcrumbList\",\"@id\":\"https:\\\/\\\/dodo-inflatables.com\\\/pt-pt\\\/luta-em-letzebuerg\\\/#breadcrumb\",\"itemListElement\":[{\"@type\":\"ListItem\",\"position\":1,\"name\":\"In\u00edcio\",\"item\":\"https:\\\/\\\/dodo-inflatables.com\\\/pt-pt\\\/\"},{\"@type\":\"ListItem\",\"position\":2,\"name\":\"Luta em L\u00ebtzebuerg\"}]},{\"@type\":\"WebSite\",\"@id\":\"https:\\\/\\\/dodo-inflatables.com\\\/pt-pt\\\/#website\",\"url\":\"https:\\\/\\\/dodo-inflatables.com\\\/pt-pt\\\/\",\"name\":\"dodo-inflatables.com\",\"description\":\"Compre castelos insufl\u00e1veis \u200b\u200be atra\u00e7\u00f5es na nossa loja.\",\"potentialAction\":[{\"@type\":\"SearchAction\",\"target\":{\"@type\":\"EntryPoint\",\"urlTemplate\":\"https:\\\/\\\/dodo-inflatables.com\\\/pt-pt\\\/?s={search_term_string}\"},\"query-input\":{\"@type\":\"PropertyValueSpecification\",\"valueRequired\":true,\"valueName\":\"search_term_string\"}}],\"inLanguage\":\"pt-PT\"}]}<\/script>\n<!-- \/ Yoast SEO plugin. -->","yoast_head_json":{"title":"Kaaft Bouneschlass | Liwwerung zu L\u00ebtzebuerg","description":"O teu grupo de amigos \u00e9 muito bom e tem um design fant\u00e1stico! N\u00e3o te esque\u00e7as de que a tua vida \u00e9 muito importante para toda a Europa! Vers\u00f5es r\u00e1pidas!","robots":{"index":"index","follow":"follow","max-snippet":"max-snippet:-1","max-image-preview":"max-image-preview:large","max-video-preview":"max-video-preview:-1"},"canonical":"https:\/\/dodo-inflatables.com\/pt-pt\/luta-em-letzebuerg\/","schema":{"@context":"https:\/\/schema.org","@graph":[{"@type":"WebPage","@id":"https:\/\/dodo-inflatables.com\/pt-pt\/luta-em-letzebuerg\/","url":"https:\/\/dodo-inflatables.com\/pt-pt\/luta-em-letzebuerg\/","name":"Kaaft Bouneschlass | Liwwerung zu L\u00ebtzebuerg","isPartOf":{"@id":"https:\/\/dodo-inflatables.com\/pt-pt\/#website"},"datePublished":"2020-04-22T10:14:18+00:00","dateModified":"2024-07-17T12:56:38+00:00","description":"O teu grupo de amigos \u00e9 muito bom e tem um design fant\u00e1stico! N\u00e3o te esque\u00e7as de que a tua vida \u00e9 muito importante para toda a Europa! Vers\u00f5es r\u00e1pidas!","breadcrumb":{"@id":"https:\/\/dodo-inflatables.com\/pt-pt\/luta-em-letzebuerg\/#breadcrumb"},"inLanguage":"pt-PT","potentialAction":[{"@type":"ReadAction","target":["https:\/\/dodo-inflatables.com\/pt-pt\/luta-em-letzebuerg\/"]}]},{"@type":"BreadcrumbList","@id":"https:\/\/dodo-inflatables.com\/pt-pt\/luta-em-letzebuerg\/#breadcrumb","itemListElement":[{"@type":"ListItem","position":1,"name":"In\u00edcio","item":"https:\/\/dodo-inflatables.com\/pt-pt\/"},{"@type":"ListItem","position":2,"name":"Luta em L\u00ebtzebuerg"}]},{"@type":"WebSite","@id":"https:\/\/dodo-inflatables.com\/pt-pt\/#website","url":"https:\/\/dodo-inflatables.com\/pt-pt\/","name":"dodo-inflatables.com","description":"Compre castelos insufl\u00e1veis \u200b\u200be atra\u00e7\u00f5es na nossa loja.","potentialAction":[{"@type":"SearchAction","target":{"@type":"EntryPoint","urlTemplate":"https:\/\/dodo-inflatables.com\/pt-pt\/?s={search_term_string}"},"query-input":{"@type":"PropertyValueSpecification","valueRequired":true,"valueName":"search_term_string"}}],"inLanguage":"pt-PT"}]}},"uagb_featured_image_src":{"full":false,"thumbnail":false,"medium":false,"medium_large":false,"large":false,"1536x1536":false,"2048x2048":false,"woocommerce_thumbnail":false,"woocommerce_single":false,"woocommerce_gallery_thumbnail":false},"uagb_author_info":{"display_name":"Andreas","author_link":"https:\/\/dodo-inflatables.com\/pt-pt\/author\/andreas\/"},"uagb_comment_info":0,"uagb_excerpt":"Luta em L\u00ebtzebuerg Mir si frou, dat gew\u00ebnschte Bounebuerg zu L\u00ebtzebuerg ze liwweren. Als Privatpersoun w\u00e4ert Dir d\u00e4itsch TVA reproch\u00e9iert ginn. N\u00e3o podes vender regularmente na loja online. Tens um n\u00famero de identifica\u00e7\u00e3o v\u00e1lido (TVA)? N\u00e3o me digas que eu n\u00e3o sei o que fazer. Para isso, envia o teu pedido de compra por e-mail.","_links":{"self":[{"href":"https:\/\/dodo-inflatables.com\/pt-pt\/wp-json\/wp\/v2\/pages\/16894","targetHints":{"allow":["GET"]}}],"collection":[{"href":"https:\/\/dodo-inflatables.com\/pt-pt\/wp-json\/wp\/v2\/pages"}],"about":[{"href":"https:\/\/dodo-inflatables.com\/pt-pt\/wp-json\/wp\/v2\/types\/page"}],"author":[{"embeddable":true,"href":"https:\/\/dodo-inflatables.com\/pt-pt\/wp-json\/wp\/v2\/users\/1"}],"replies":[{"embeddable":true,"href":"https:\/\/dodo-inflatables.com\/pt-pt\/wp-json\/wp\/v2\/comments?post=16894"}],"version-history":[{"count":2,"href":"https:\/\/dodo-inflatables.com\/pt-pt\/wp-json\/wp\/v2\/pages\/16894\/revisions"}],"predecessor-version":[{"id":16898,"href":"https:\/\/dodo-inflatables.com\/pt-pt\/wp-json\/wp\/v2\/pages\/16894\/revisions\/16898"}],"wp:attachment":[{"href":"https:\/\/dodo-inflatables.com\/pt-pt\/wp-json\/wp\/v2\/media?parent=16894"}],"curies":[{"name":"wp","href":"https:\/\/api.w.org\/{rel}","templated":true}]}}