{"id":17022,"date":"2020-03-27T11:11:24","date_gmt":"2020-03-27T10:11:24","guid":{"rendered":"https:\/\/dodo-inflatables.com\/entrega-na-suica\/"},"modified":"2024-07-17T14:57:06","modified_gmt":"2024-07-17T12:57:06","slug":"entrega-na-suica","status":"publish","type":"page","link":"https:\/\/dodo-inflatables.com\/pt-pt\/entrega-na-suica\/","title":{"rendered":"Entrega na Su\u00ed\u00e7a"},"content":{"rendered":"\n<h3 class=\"wp-block-heading\" id=\"fur-unsere-schweizer-kunden\">Para os nossos clientes su\u00ed\u00e7os<\/h3>\n\n<p>Como cliente de um pa\u00eds n\u00e3o pertencente \u00e0 UE, podes comprar connosco sem IVA. Os pre\u00e7os indicados na loja online incluem inicialmente o IVA alem\u00e3o (19%), que ser\u00e1 depois deduzido.<\/p>\n\n<p><br\/><\/p>\n\n<p>No caso de expedi\u00e7\u00e3o para a Su\u00ed\u00e7a, \u00e9s considerado o &#8220;importador&#8221;. Por conseguinte, ser-te-\u00e3o cobrados os custos do imposto de importa\u00e7\u00e3o su\u00ed\u00e7o e dos direitos de importa\u00e7\u00e3o.<br\/>Os nossos custos de envio para a Su\u00ed\u00e7a incluem o pre\u00e7o do frete, o desalfandegamento e a prepara\u00e7\u00e3o da ABD.<\/p>\n","protected":false},"excerpt":{"rendered":"<p>Para os nossos clientes su\u00ed\u00e7os Como cliente de um pa\u00eds n\u00e3o pertencente \u00e0 UE, podes comprar connosco sem IVA. Os pre\u00e7os indicados na loja online incluem inicialmente o IVA alem\u00e3o (19%), que ser\u00e1 depois deduzido. No caso de expedi\u00e7\u00e3o para a Su\u00ed\u00e7a, \u00e9s considerado o &#8220;importador&#8221;. Por conseguinte, ser-te-\u00e3o cobrados os custos do imposto de [&hellip;]<\/p>\n","protected":false},"author":1,"featured_media":0,"parent":0,"menu_order":0,"comment_status":"closed","ping_status":"closed","template":"","meta":{"_acf_changed":false,"_uag_custom_page_level_css":"","site-sidebar-layout":"default","site-content-layout":"content-boxed-container","ast-site-content-layout":"normal-width-container","site-content-style":"boxed","site-sidebar-style":"unboxed","ast-global-header-display":"","ast-banner-title-visibility":"","ast-main-header-display":"","ast-hfb-above-header-display":"","ast-hfb-below-header-display":"","ast-hfb-mobile-header-display":"","site-post-title":"disabled","ast-breadcrumbs-content":"disabled","ast-featured-img":"disabled","footer-sml-layout":"","ast-disable-related-posts":"","theme-transparent-header-meta":"","adv-header-id-meta":"4069","stick-header-meta":"","header-above-stick-meta":"","header-main-stick-meta":"","header-below-stick-meta":"","astra-migrate-meta-layouts":"default","ast-page-background-enabled":"default","ast-page-background-meta":{"desktop":{"background-color":"var(--ast-global-color-4)","background-image":"","background-repeat":"repeat","background-position":"center center","background-size":"auto","background-attachment":"scroll","background-type":"","background-media":"","overlay-type":"","overlay-color":"","overlay-opacity":"","overlay-gradient":""},"tablet":{"background-color":"","background-image":"","background-repeat":"repeat","background-position":"center center","background-size":"auto","background-attachment":"scroll","background-type":"","background-media":"","overlay-type":"","overlay-color":"","overlay-opacity":"","overlay-gradient":""},"mobile":{"background-color":"","background-image":"","background-repeat":"repeat","background-position":"center center","background-size":"auto","background-attachment":"scroll","background-type":"","background-media":"","overlay-type":"","overlay-color":"","overlay-opacity":"","overlay-gradient":""}},"ast-content-background-meta":{"desktop":{"background-color":"var(--ast-global-color-5)","background-image":"","background-repeat":"repeat","background-position":"center center","background-size":"auto","background-attachment":"scroll","background-type":"","background-media":"","overlay-type":"","overlay-color":"","overlay-opacity":"","overlay-gradient":""},"tablet":{"background-color":"var(--ast-global-color-5)","background-image":"","background-repeat":"repeat","background-position":"center center","background-size":"auto","background-attachment":"scroll","background-type":"","background-media":"","overlay-type":"","overlay-color":"","overlay-opacity":"","overlay-gradient":""},"mobile":{"background-color":"var(--ast-global-color-5)","background-image":"","background-repeat":"repeat","background-position":"center center","background-size":"auto","background-attachment":"scroll","background-type":"","background-media":"","overlay-type":"","overlay-color":"","overlay-opacity":"","overlay-gradient":""}},"footnotes":""},"class_list":["post-17022","page","type-page","status-publish","hentry"],"acf":[],"yoast_head":"<!-- This site is optimized with the Yoast SEO plugin v27.4 - https:\/\/yoast.com\/product\/yoast-seo-wordpress\/ -->\n<title>Entrega r\u00e1pida e segura de castelos insufl\u00e1veis na Su\u00ed\u00e7a | Dodo Inflatables<\/title>\n<meta name=\"description\" content=\"Explora os nossos castelos insufl\u00e1veis certificados pela norma DIN EN 14960. Desfruta de uma entrega r\u00e1pida e segura na Su\u00ed\u00e7a e da nossa vasta sele\u00e7\u00e3o em stock.\" \/>\n<meta name=\"robots\" content=\"index, follow, max-snippet:-1, max-image-preview:large, max-video-preview:-1\" \/>\n<link rel=\"canonical\" href=\"https:\/\/dodo-inflatables.com\/pt-pt\/entrega-na-suica\/\" \/>\n<script type=\"application\/ld+json\" class=\"yoast-schema-graph\">{\"@context\":\"https:\\\/\\\/schema.org\",\"@graph\":[{\"@type\":\"WebPage\",\"@id\":\"https:\\\/\\\/dodo-inflatables.com\\\/pt-pt\\\/entrega-na-suica\\\/\",\"url\":\"https:\\\/\\\/dodo-inflatables.com\\\/pt-pt\\\/entrega-na-suica\\\/\",\"name\":\"Entrega r\u00e1pida e segura de castelos insufl\u00e1veis na Su\u00ed\u00e7a | Dodo Inflatables\",\"isPartOf\":{\"@id\":\"https:\\\/\\\/dodo-inflatables.com\\\/pt-pt\\\/#website\"},\"datePublished\":\"2020-03-27T10:11:24+00:00\",\"dateModified\":\"2024-07-17T12:57:06+00:00\",\"description\":\"Explora os nossos castelos insufl\u00e1veis certificados pela norma DIN EN 14960. Desfruta de uma entrega r\u00e1pida e segura na Su\u00ed\u00e7a e da nossa vasta sele\u00e7\u00e3o em stock.\",\"breadcrumb\":{\"@id\":\"https:\\\/\\\/dodo-inflatables.com\\\/pt-pt\\\/entrega-na-suica\\\/#breadcrumb\"},\"inLanguage\":\"pt-PT\",\"potentialAction\":[{\"@type\":\"ReadAction\",\"target\":[\"https:\\\/\\\/dodo-inflatables.com\\\/pt-pt\\\/entrega-na-suica\\\/\"]}]},{\"@type\":\"BreadcrumbList\",\"@id\":\"https:\\\/\\\/dodo-inflatables.com\\\/pt-pt\\\/entrega-na-suica\\\/#breadcrumb\",\"itemListElement\":[{\"@type\":\"ListItem\",\"position\":1,\"name\":\"In\u00edcio\",\"item\":\"https:\\\/\\\/dodo-inflatables.com\\\/pt-pt\\\/\"},{\"@type\":\"ListItem\",\"position\":2,\"name\":\"Entrega na Su\u00ed\u00e7a\"}]},{\"@type\":\"WebSite\",\"@id\":\"https:\\\/\\\/dodo-inflatables.com\\\/pt-pt\\\/#website\",\"url\":\"https:\\\/\\\/dodo-inflatables.com\\\/pt-pt\\\/\",\"name\":\"dodo-inflatables.com\",\"description\":\"Compre castelos insufl\u00e1veis \u200b\u200be atra\u00e7\u00f5es na nossa loja.\",\"publisher\":{\"@id\":\"https:\\\/\\\/dodo-inflatables.com\\\/pt-pt\\\/#organization\"},\"potentialAction\":[{\"@type\":\"SearchAction\",\"target\":{\"@type\":\"EntryPoint\",\"urlTemplate\":\"https:\\\/\\\/dodo-inflatables.com\\\/pt-pt\\\/?s={search_term_string}\"},\"query-input\":{\"@type\":\"PropertyValueSpecification\",\"valueRequired\":true,\"valueName\":\"search_term_string\"}}],\"inLanguage\":\"pt-PT\"},{\"@type\":\"Organization\",\"@id\":\"https:\\\/\\\/dodo-inflatables.com\\\/pt-pt\\\/#organization\",\"name\":\"dodo-inflatables.com\",\"url\":\"https:\\\/\\\/dodo-inflatables.com\\\/pt-pt\\\/\",\"logo\":{\"@type\":\"ImageObject\",\"inLanguage\":\"pt-PT\",\"@id\":\"https:\\\/\\\/dodo-inflatables.com\\\/pt-pt\\\/#\\\/schema\\\/logo\\\/image\\\/\",\"url\":\"https:\\\/\\\/dodo-inflatables.com\\\/wp-content\\\/uploads\\\/2023\\\/04\\\/cropped-cropped-cropped-Dodo-Logo.png\",\"contentUrl\":\"https:\\\/\\\/dodo-inflatables.com\\\/wp-content\\\/uploads\\\/2023\\\/04\\\/cropped-cropped-cropped-Dodo-Logo.png\",\"width\":2996,\"height\":1545,\"caption\":\"dodo-inflatables.com\"},\"image\":{\"@id\":\"https:\\\/\\\/dodo-inflatables.com\\\/pt-pt\\\/#\\\/schema\\\/logo\\\/image\\\/\"}}]}<\/script>\n<!-- \/ Yoast SEO plugin. -->","yoast_head_json":{"title":"Entrega r\u00e1pida e segura de castelos insufl\u00e1veis na Su\u00ed\u00e7a | Dodo Inflatables","description":"Explora os nossos castelos insufl\u00e1veis certificados pela norma DIN EN 14960. Desfruta de uma entrega r\u00e1pida e segura na Su\u00ed\u00e7a e da nossa vasta sele\u00e7\u00e3o em stock.","robots":{"index":"index","follow":"follow","max-snippet":"max-snippet:-1","max-image-preview":"max-image-preview:large","max-video-preview":"max-video-preview:-1"},"canonical":"https:\/\/dodo-inflatables.com\/pt-pt\/entrega-na-suica\/","schema":{"@context":"https:\/\/schema.org","@graph":[{"@type":"WebPage","@id":"https:\/\/dodo-inflatables.com\/pt-pt\/entrega-na-suica\/","url":"https:\/\/dodo-inflatables.com\/pt-pt\/entrega-na-suica\/","name":"Entrega r\u00e1pida e segura de castelos insufl\u00e1veis na Su\u00ed\u00e7a | Dodo Inflatables","isPartOf":{"@id":"https:\/\/dodo-inflatables.com\/pt-pt\/#website"},"datePublished":"2020-03-27T10:11:24+00:00","dateModified":"2024-07-17T12:57:06+00:00","description":"Explora os nossos castelos insufl\u00e1veis certificados pela norma DIN EN 14960. Desfruta de uma entrega r\u00e1pida e segura na Su\u00ed\u00e7a e da nossa vasta sele\u00e7\u00e3o em stock.","breadcrumb":{"@id":"https:\/\/dodo-inflatables.com\/pt-pt\/entrega-na-suica\/#breadcrumb"},"inLanguage":"pt-PT","potentialAction":[{"@type":"ReadAction","target":["https:\/\/dodo-inflatables.com\/pt-pt\/entrega-na-suica\/"]}]},{"@type":"BreadcrumbList","@id":"https:\/\/dodo-inflatables.com\/pt-pt\/entrega-na-suica\/#breadcrumb","itemListElement":[{"@type":"ListItem","position":1,"name":"In\u00edcio","item":"https:\/\/dodo-inflatables.com\/pt-pt\/"},{"@type":"ListItem","position":2,"name":"Entrega na Su\u00ed\u00e7a"}]},{"@type":"WebSite","@id":"https:\/\/dodo-inflatables.com\/pt-pt\/#website","url":"https:\/\/dodo-inflatables.com\/pt-pt\/","name":"dodo-inflatables.com","description":"Compre castelos insufl\u00e1veis \u200b\u200be atra\u00e7\u00f5es na nossa loja.","publisher":{"@id":"https:\/\/dodo-inflatables.com\/pt-pt\/#organization"},"potentialAction":[{"@type":"SearchAction","target":{"@type":"EntryPoint","urlTemplate":"https:\/\/dodo-inflatables.com\/pt-pt\/?s={search_term_string}"},"query-input":{"@type":"PropertyValueSpecification","valueRequired":true,"valueName":"search_term_string"}}],"inLanguage":"pt-PT"},{"@type":"Organization","@id":"https:\/\/dodo-inflatables.com\/pt-pt\/#organization","name":"dodo-inflatables.com","url":"https:\/\/dodo-inflatables.com\/pt-pt\/","logo":{"@type":"ImageObject","inLanguage":"pt-PT","@id":"https:\/\/dodo-inflatables.com\/pt-pt\/#\/schema\/logo\/image\/","url":"https:\/\/dodo-inflatables.com\/wp-content\/uploads\/2023\/04\/cropped-cropped-cropped-Dodo-Logo.png","contentUrl":"https:\/\/dodo-inflatables.com\/wp-content\/uploads\/2023\/04\/cropped-cropped-cropped-Dodo-Logo.png","width":2996,"height":1545,"caption":"dodo-inflatables.com"},"image":{"@id":"https:\/\/dodo-inflatables.com\/pt-pt\/#\/schema\/logo\/image\/"}}]}},"uagb_featured_image_src":{"full":false,"thumbnail":false,"medium":false,"medium_large":false,"large":false,"1536x1536":false,"2048x2048":false,"woocommerce_thumbnail":false,"woocommerce_single":false,"woocommerce_gallery_thumbnail":false},"uagb_author_info":{"display_name":"Andreas","author_link":"https:\/\/dodo-inflatables.com\/pt-pt\/author\/andreas\/"},"uagb_comment_info":0,"uagb_excerpt":"Para os nossos clientes su\u00ed\u00e7os Como cliente de um pa\u00eds n\u00e3o pertencente \u00e0 UE, podes comprar connosco sem IVA. Os pre\u00e7os indicados na loja online incluem inicialmente o IVA alem\u00e3o (19%), que ser\u00e1 depois deduzido. No caso de expedi\u00e7\u00e3o para a Su\u00ed\u00e7a, \u00e9s considerado o &#8220;importador&#8221;. Por conseguinte, ser-te-\u00e3o cobrados os custos do imposto de&hellip;","_links":{"self":[{"href":"https:\/\/dodo-inflatables.com\/pt-pt\/wp-json\/wp\/v2\/pages\/17022","targetHints":{"allow":["GET"]}}],"collection":[{"href":"https:\/\/dodo-inflatables.com\/pt-pt\/wp-json\/wp\/v2\/pages"}],"about":[{"href":"https:\/\/dodo-inflatables.com\/pt-pt\/wp-json\/wp\/v2\/types\/page"}],"author":[{"embeddable":true,"href":"https:\/\/dodo-inflatables.com\/pt-pt\/wp-json\/wp\/v2\/users\/1"}],"replies":[{"embeddable":true,"href":"https:\/\/dodo-inflatables.com\/pt-pt\/wp-json\/wp\/v2\/comments?post=17022"}],"version-history":[{"count":2,"href":"https:\/\/dodo-inflatables.com\/pt-pt\/wp-json\/wp\/v2\/pages\/17022\/revisions"}],"predecessor-version":[{"id":17024,"href":"https:\/\/dodo-inflatables.com\/pt-pt\/wp-json\/wp\/v2\/pages\/17022\/revisions\/17024"}],"wp:attachment":[{"href":"https:\/\/dodo-inflatables.com\/pt-pt\/wp-json\/wp\/v2\/media?parent=17022"}],"curies":[{"name":"wp","href":"https:\/\/api.w.org\/{rel}","templated":true}]}}