{"id":17151,"date":"2024-03-07T18:38:16","date_gmt":"2024-03-07T17:38:16","guid":{"rendered":"https:\/\/dodo-inflatables.com\/a-tua-filha-esta-a-ser-tratada-com-fritura-e-a-tua-filha-esta-a-ser-tratada-com-fritura-e-a-tua-filha-esta-a-ser-tratada-com-fritura\/"},"modified":"2024-07-17T15:08:36","modified_gmt":"2024-07-17T13:08:36","slug":"a-tua-filha-esta-a-ser-tratada-com-fritura-e-a-tua-filha-esta-a-ser-tratada-com-fritura-e-a-tua-filha-esta-a-ser-tratada-com-fritura","status":"publish","type":"page","link":"https:\/\/dodo-inflatables.com\/pt-pt\/a-tua-filha-esta-a-ser-tratada-com-fritura-e-a-tua-filha-esta-a-ser-tratada-com-fritura-e-a-tua-filha-esta-a-ser-tratada-com-fritura\/","title":{"rendered":"A tua filha est\u00e1 a ser tratada com fritura e a tua filha est\u00e1 a ser tratada com fritura e a tua filha est\u00e1 a ser tratada com fritura"},"content":{"rendered":"\n<h2 class=\"wp-block-heading has-text-align-center\">A tua filha est\u00e1 a ser tratada com fritura e a tua filha est\u00e1 a ser tratada com fritura e a tua filha est\u00e1 a ser tratada com fritura<\/h2>\n\n<figure class=\"wp-block-image aligncenter size-large\"><a href=\"https:\/\/dodo-inflatables.com\/wp-content\/uploads\/2022\/01\/seperator-kleiner.png\"><img fetchpriority=\"high\" decoding=\"async\" width=\"1024\" height=\"102\" src=\"https:\/\/dodo-inflatables.com\/wp-content\/uploads\/2022\/01\/seperator-kleiner-1024x102.png\" alt=\"\" class=\"wp-image-4026\" srcset=\"https:\/\/dodo-inflatables.com\/wp-content\/uploads\/2022\/01\/seperator-kleiner-1024x102.png 1024w, https:\/\/dodo-inflatables.com\/wp-content\/uploads\/2022\/01\/seperator-kleiner-900x90.png 900w, https:\/\/dodo-inflatables.com\/wp-content\/uploads\/2022\/01\/seperator-kleiner-300x30.png 300w, https:\/\/dodo-inflatables.com\/wp-content\/uploads\/2022\/01\/seperator-kleiner-768x77.png 768w, https:\/\/dodo-inflatables.com\/wp-content\/uploads\/2022\/01\/seperator-kleiner-1536x154.png 1536w, https:\/\/dodo-inflatables.com\/wp-content\/uploads\/2022\/01\/seperator-kleiner-340x34.png 340w, https:\/\/dodo-inflatables.com\/wp-content\/uploads\/2022\/01\/seperator-kleiner.png 2000w\" sizes=\"(max-width: 1024px) 100vw, 1024px\" \/><\/a><\/figure>\n\n<h2 class=\"wp-block-heading has-text-align-center\">Procura por produtos do Dodo-Inflatables.com &#8211; produtos online para a ind\u00fastria autom\u00f3vel em Portugal!<\/h2>\n\n<p style=\"font-size:17px\">Zhyt veten n\u00eb p\u00ebrzgjedhjen ton\u00eb t\u00eb gjer\u00eb t\u00eb k\u00ebshtjellave me cil\u00ebsi t\u00eb lart\u00eb, k\u00ebshtjellave me fryrje dhe rr\u00ebshqit\u00ebse q\u00eb shtojn\u00eb at\u00eb pak di\u00e7ka shtes\u00eb n\u00eb \u00e7do rast. N\u00ebse jeni duke k\u00ebrkuar p\u00ebr nj\u00eb k\u00ebshtjell\u00eb t\u00eb madhe k\u00ebrcyese p\u00ebr nj\u00eb ngjarje kompanie, nj\u00eb k\u00ebshtjell\u00eb t\u00eb vog\u00ebl p\u00ebr dit\u00eblindjen e f\u00ebmij\u00ebve ose nj\u00eb k\u00ebshtjell\u00eb me rr\u00ebshqitje p\u00ebr nj\u00eb fest\u00eb verore &#8211; me siguri do t\u00eb gjeni at\u00eb q\u00eb k\u00ebrkoni me ne!<\/p>\n\n<p style=\"font-size:17px\">Gama jon\u00eb p\u00ebrfshin jo vet\u00ebm nj\u00eb shum\u00ebllojshm\u00ebri k\u00ebshtjellash k\u00ebrcyese, por edhe nj\u00eb gam\u00eb t\u00eb gjer\u00eb aksesor\u00ebsh, duke p\u00ebrfshir\u00eb gibbons dhe ventilator\u00eb Huawei p\u00ebr k\u00ebshtjellat k\u00ebrcyese.<\/p>\n\n<p style=\"font-size:17px\">Transporti i nj\u00eb k\u00ebshtjelle bouncy dhe aksesor\u00ebve p\u00ebrkat\u00ebs n\u00eb <strong>Shqip\u00ebri kushton 287,00 <\/strong>\u20ac. N\u00e3o te esque\u00e7as de que o pacote de produtos para o cabelo \u00e9 de 38,00 euros. N\u00ebse k\u00ebshtjella k\u00ebrcyese \u00ebsht\u00eb n\u00eb magazin\u00eb, ajo do t&#8217;ju d\u00ebrgohet menj\u00ebher\u00eb pasi t\u00eb merret pagesa. Dor\u00ebzimi n\u00eb Shqip\u00ebri zgjat p\u00ebraf\u00ebrsisht <strong>4 &#8211; 6 dit\u00eb pune.<\/strong> Marrja \u00ebsht\u00eb e mundur nga magazina jon\u00eb n\u00eb Mynih, Gjermani.<\/p>\n\n<p style=\"font-size:17px\">T\u00eb gjitha k\u00ebshtjellat tona k\u00ebrcyese plot\u00ebsojn\u00eb standardet strikte t\u00eb siguris\u00eb t\u00eb <strong>DIN EN 14960 <\/strong>dhe jan\u00eb t\u00eb p\u00ebrshtatshme p\u00ebr p\u00ebrdorim privat dhe komercial. Pasi t\u00eb jet\u00eb d\u00ebrguar k\u00ebshtjella k\u00ebrcyese, do t\u00eb merrni udh\u00ebzime t\u00eb holl\u00ebsishme dhe certifikat\u00ebn p\u00ebrkat\u00ebse p\u00ebr k\u00ebshtjell\u00ebn tuaj t\u00eb re t\u00eb k\u00ebrcimit.<br\/>Faz uma visita \u00e0 TVSH para acompanhar-te! N\u00ebse jeni duke bler\u00eb si biznes, jepni numrin tuaj t\u00eb TVSH-s\u00eb n\u00eb ark\u00eb p\u00ebr t\u00eb bler\u00eb pa taksa.<br\/>Pavar\u00ebsisht n\u00ebse jeni nj\u00eb individ privat q\u00eb k\u00ebrkon nj\u00eb k\u00ebshtjell\u00eb k\u00ebrcyese p\u00ebr fest\u00ebn e radh\u00ebs familjare, apo jeni nj\u00eb pronar komercial q\u00eb d\u00ebshiron t\u00eb zgjeroj\u00eb ofert\u00ebn tuaj &#8211; k\u00ebshtjellat tona k\u00ebrcyese jan\u00eb t\u00eb p\u00ebrshtatshme p\u00ebr t\u00eb gjith\u00eb. N\u00eb fakt, shumica e klient\u00ebve tan\u00eb anemban\u00eb Evrop\u00ebs jan\u00eb kompani t\u00eb marrjes me qira t\u00eb k\u00ebshtjellave q\u00eb i vler\u00ebsojn\u00eb produktet tona p\u00ebr ngjarje t\u00eb t\u00eb gjitha madh\u00ebsive.<\/p>\n\n<p style=\"font-size:17px\">Descreve o que \u00e9 que os teus colegas de trabalho est\u00e3o a fazer em linha e o que \u00e9 que eles est\u00e3o a fazer para te ajudarem a encontrar um lugar para ti em <a href=\"mailto:contact@dodo-inflatables.com\">contact@dodo-inflatables.com!<\/a><\/p>\n\n<div style=\"height:100px\" aria-hidden=\"true\" class=\"wp-block-spacer\"><\/div>\n","protected":false},"excerpt":{"rendered":"<p>A tua filha est\u00e1 a ser tratada com fritura e a tua filha est\u00e1 a ser tratada com fritura e a tua filha est\u00e1 a ser tratada com fritura Procura por produtos do Dodo-Inflatables.com &#8211; produtos online para a ind\u00fastria autom\u00f3vel em Portugal! Zhyt veten n\u00eb p\u00ebrzgjedhjen ton\u00eb t\u00eb gjer\u00eb t\u00eb k\u00ebshtjellave me cil\u00ebsi t\u00eb [&hellip;]<\/p>\n","protected":false},"author":1,"featured_media":0,"parent":0,"menu_order":0,"comment_status":"closed","ping_status":"closed","template":"","meta":{"_acf_changed":false,"_uag_custom_page_level_css":"","site-sidebar-layout":"default","site-content-layout":"","ast-site-content-layout":"normal-width-container","site-content-style":"boxed","site-sidebar-style":"default","ast-global-header-display":"","ast-banner-title-visibility":"","ast-main-header-display":"","ast-hfb-above-header-display":"","ast-hfb-below-header-display":"","ast-hfb-mobile-header-display":"","site-post-title":"","ast-breadcrumbs-content":"","ast-featured-img":"","footer-sml-layout":"","ast-disable-related-posts":"","theme-transparent-header-meta":"","adv-header-id-meta":"4069","stick-header-meta":"","header-above-stick-meta":"","header-main-stick-meta":"","header-below-stick-meta":"","astra-migrate-meta-layouts":"default","ast-page-background-enabled":"default","ast-page-background-meta":{"desktop":{"background-color":"var(--ast-global-color-4)","background-image":"","background-repeat":"repeat","background-position":"center center","background-size":"auto","background-attachment":"scroll","background-type":"","background-media":"","overlay-type":"","overlay-color":"","overlay-opacity":"","overlay-gradient":""},"tablet":{"background-color":"","background-image":"","background-repeat":"repeat","background-position":"center center","background-size":"auto","background-attachment":"scroll","background-type":"","background-media":"","overlay-type":"","overlay-color":"","overlay-opacity":"","overlay-gradient":""},"mobile":{"background-color":"","background-image":"","background-repeat":"repeat","background-position":"center center","background-size":"auto","background-attachment":"scroll","background-type":"","background-media":"","overlay-type":"","overlay-color":"","overlay-opacity":"","overlay-gradient":""}},"ast-content-background-meta":{"desktop":{"background-color":"var(--ast-global-color-5)","background-image":"","background-repeat":"repeat","background-position":"center center","background-size":"auto","background-attachment":"scroll","background-type":"","background-media":"","overlay-type":"","overlay-color":"","overlay-opacity":"","overlay-gradient":""},"tablet":{"background-color":"var(--ast-global-color-5)","background-image":"","background-repeat":"repeat","background-position":"center center","background-size":"auto","background-attachment":"scroll","background-type":"","background-media":"","overlay-type":"","overlay-color":"","overlay-opacity":"","overlay-gradient":""},"mobile":{"background-color":"var(--ast-global-color-5)","background-image":"","background-repeat":"repeat","background-position":"center center","background-size":"auto","background-attachment":"scroll","background-type":"","background-media":"","overlay-type":"","overlay-color":"","overlay-opacity":"","overlay-gradient":""}},"footnotes":""},"class_list":["post-17151","page","type-page","status-publish","hentry"],"acf":[],"yoast_head":"<!-- This site is optimized with the Yoast SEO plugin v27.5 - https:\/\/yoast.com\/product\/yoast-seo-wordpress\/ -->\n<title>A tua filha est\u00e1 a ser tratada com fritura e a tua filha est\u00e1 a ser tratada com fritura e a tua filha est\u00e1 a ser tratada com fritura - dodo-inflatables.com<\/title>\n<meta name=\"robots\" content=\"index, follow, max-snippet:-1, max-image-preview:large, max-video-preview:-1\" \/>\n<link rel=\"canonical\" href=\"https:\/\/dodo-inflatables.com\/pt-pt\/a-tua-filha-esta-a-ser-tratada-com-fritura-e-a-tua-filha-esta-a-ser-tratada-com-fritura-e-a-tua-filha-esta-a-ser-tratada-com-fritura\/\" \/>\n<meta name=\"twitter:label1\" content=\"Tempo estimado de leitura\" \/>\n\t<meta name=\"twitter:data1\" content=\"2 minutos\" \/>\n<script type=\"application\/ld+json\" class=\"yoast-schema-graph\">{\"@context\":\"https:\\\/\\\/schema.org\",\"@graph\":[{\"@type\":\"WebPage\",\"@id\":\"https:\\\/\\\/dodo-inflatables.com\\\/pt-pt\\\/a-tua-filha-esta-a-ser-tratada-com-fritura-e-a-tua-filha-esta-a-ser-tratada-com-fritura-e-a-tua-filha-esta-a-ser-tratada-com-fritura\\\/\",\"url\":\"https:\\\/\\\/dodo-inflatables.com\\\/pt-pt\\\/a-tua-filha-esta-a-ser-tratada-com-fritura-e-a-tua-filha-esta-a-ser-tratada-com-fritura-e-a-tua-filha-esta-a-ser-tratada-com-fritura\\\/\",\"name\":\"A tua filha est\u00e1 a ser tratada com fritura e a tua filha est\u00e1 a ser tratada com fritura e a tua filha est\u00e1 a ser tratada com fritura - dodo-inflatables.com\",\"isPartOf\":{\"@id\":\"https:\\\/\\\/dodo-inflatables.com\\\/pt-pt\\\/#website\"},\"primaryImageOfPage\":{\"@id\":\"https:\\\/\\\/dodo-inflatables.com\\\/pt-pt\\\/a-tua-filha-esta-a-ser-tratada-com-fritura-e-a-tua-filha-esta-a-ser-tratada-com-fritura-e-a-tua-filha-esta-a-ser-tratada-com-fritura\\\/#primaryimage\"},\"image\":{\"@id\":\"https:\\\/\\\/dodo-inflatables.com\\\/pt-pt\\\/a-tua-filha-esta-a-ser-tratada-com-fritura-e-a-tua-filha-esta-a-ser-tratada-com-fritura-e-a-tua-filha-esta-a-ser-tratada-com-fritura\\\/#primaryimage\"},\"thumbnailUrl\":\"https:\\\/\\\/dodo-inflatables.com\\\/wp-content\\\/uploads\\\/2022\\\/01\\\/seperator-kleiner-1024x102.png\",\"datePublished\":\"2024-03-07T17:38:16+00:00\",\"dateModified\":\"2024-07-17T13:08:36+00:00\",\"breadcrumb\":{\"@id\":\"https:\\\/\\\/dodo-inflatables.com\\\/pt-pt\\\/a-tua-filha-esta-a-ser-tratada-com-fritura-e-a-tua-filha-esta-a-ser-tratada-com-fritura-e-a-tua-filha-esta-a-ser-tratada-com-fritura\\\/#breadcrumb\"},\"inLanguage\":\"pt-PT\",\"potentialAction\":[{\"@type\":\"ReadAction\",\"target\":[\"https:\\\/\\\/dodo-inflatables.com\\\/pt-pt\\\/a-tua-filha-esta-a-ser-tratada-com-fritura-e-a-tua-filha-esta-a-ser-tratada-com-fritura-e-a-tua-filha-esta-a-ser-tratada-com-fritura\\\/\"]}]},{\"@type\":\"ImageObject\",\"inLanguage\":\"pt-PT\",\"@id\":\"https:\\\/\\\/dodo-inflatables.com\\\/pt-pt\\\/a-tua-filha-esta-a-ser-tratada-com-fritura-e-a-tua-filha-esta-a-ser-tratada-com-fritura-e-a-tua-filha-esta-a-ser-tratada-com-fritura\\\/#primaryimage\",\"url\":\"https:\\\/\\\/dodo-inflatables.com\\\/wp-content\\\/uploads\\\/2022\\\/01\\\/seperator-kleiner-1024x102.png\",\"contentUrl\":\"https:\\\/\\\/dodo-inflatables.com\\\/wp-content\\\/uploads\\\/2022\\\/01\\\/seperator-kleiner-1024x102.png\"},{\"@type\":\"BreadcrumbList\",\"@id\":\"https:\\\/\\\/dodo-inflatables.com\\\/pt-pt\\\/a-tua-filha-esta-a-ser-tratada-com-fritura-e-a-tua-filha-esta-a-ser-tratada-com-fritura-e-a-tua-filha-esta-a-ser-tratada-com-fritura\\\/#breadcrumb\",\"itemListElement\":[{\"@type\":\"ListItem\",\"position\":1,\"name\":\"In\u00edcio\",\"item\":\"https:\\\/\\\/dodo-inflatables.com\\\/pt-pt\\\/\"},{\"@type\":\"ListItem\",\"position\":2,\"name\":\"A tua filha est\u00e1 a ser tratada com fritura e a tua filha est\u00e1 a ser tratada com fritura e a tua filha est\u00e1 a ser tratada com fritura\"}]},{\"@type\":\"WebSite\",\"@id\":\"https:\\\/\\\/dodo-inflatables.com\\\/pt-pt\\\/#website\",\"url\":\"https:\\\/\\\/dodo-inflatables.com\\\/pt-pt\\\/\",\"name\":\"dodo-inflatables.com\",\"description\":\"Compre castelos insufl\u00e1veis \u200b\u200be atra\u00e7\u00f5es na nossa loja.\",\"potentialAction\":[{\"@type\":\"SearchAction\",\"target\":{\"@type\":\"EntryPoint\",\"urlTemplate\":\"https:\\\/\\\/dodo-inflatables.com\\\/pt-pt\\\/?s={search_term_string}\"},\"query-input\":{\"@type\":\"PropertyValueSpecification\",\"valueRequired\":true,\"valueName\":\"search_term_string\"}}],\"inLanguage\":\"pt-PT\"}]}<\/script>\n<!-- \/ Yoast SEO plugin. -->","yoast_head_json":{"title":"A tua filha est\u00e1 a ser tratada com fritura e a tua filha est\u00e1 a ser tratada com fritura e a tua filha est\u00e1 a ser tratada com fritura - dodo-inflatables.com","robots":{"index":"index","follow":"follow","max-snippet":"max-snippet:-1","max-image-preview":"max-image-preview:large","max-video-preview":"max-video-preview:-1"},"canonical":"https:\/\/dodo-inflatables.com\/pt-pt\/a-tua-filha-esta-a-ser-tratada-com-fritura-e-a-tua-filha-esta-a-ser-tratada-com-fritura-e-a-tua-filha-esta-a-ser-tratada-com-fritura\/","twitter_misc":{"Tempo estimado de leitura":"2 minutos"},"schema":{"@context":"https:\/\/schema.org","@graph":[{"@type":"WebPage","@id":"https:\/\/dodo-inflatables.com\/pt-pt\/a-tua-filha-esta-a-ser-tratada-com-fritura-e-a-tua-filha-esta-a-ser-tratada-com-fritura-e-a-tua-filha-esta-a-ser-tratada-com-fritura\/","url":"https:\/\/dodo-inflatables.com\/pt-pt\/a-tua-filha-esta-a-ser-tratada-com-fritura-e-a-tua-filha-esta-a-ser-tratada-com-fritura-e-a-tua-filha-esta-a-ser-tratada-com-fritura\/","name":"A tua filha est\u00e1 a ser tratada com fritura e a tua filha est\u00e1 a ser tratada com fritura e a tua filha est\u00e1 a ser tratada com fritura - dodo-inflatables.com","isPartOf":{"@id":"https:\/\/dodo-inflatables.com\/pt-pt\/#website"},"primaryImageOfPage":{"@id":"https:\/\/dodo-inflatables.com\/pt-pt\/a-tua-filha-esta-a-ser-tratada-com-fritura-e-a-tua-filha-esta-a-ser-tratada-com-fritura-e-a-tua-filha-esta-a-ser-tratada-com-fritura\/#primaryimage"},"image":{"@id":"https:\/\/dodo-inflatables.com\/pt-pt\/a-tua-filha-esta-a-ser-tratada-com-fritura-e-a-tua-filha-esta-a-ser-tratada-com-fritura-e-a-tua-filha-esta-a-ser-tratada-com-fritura\/#primaryimage"},"thumbnailUrl":"https:\/\/dodo-inflatables.com\/wp-content\/uploads\/2022\/01\/seperator-kleiner-1024x102.png","datePublished":"2024-03-07T17:38:16+00:00","dateModified":"2024-07-17T13:08:36+00:00","breadcrumb":{"@id":"https:\/\/dodo-inflatables.com\/pt-pt\/a-tua-filha-esta-a-ser-tratada-com-fritura-e-a-tua-filha-esta-a-ser-tratada-com-fritura-e-a-tua-filha-esta-a-ser-tratada-com-fritura\/#breadcrumb"},"inLanguage":"pt-PT","potentialAction":[{"@type":"ReadAction","target":["https:\/\/dodo-inflatables.com\/pt-pt\/a-tua-filha-esta-a-ser-tratada-com-fritura-e-a-tua-filha-esta-a-ser-tratada-com-fritura-e-a-tua-filha-esta-a-ser-tratada-com-fritura\/"]}]},{"@type":"ImageObject","inLanguage":"pt-PT","@id":"https:\/\/dodo-inflatables.com\/pt-pt\/a-tua-filha-esta-a-ser-tratada-com-fritura-e-a-tua-filha-esta-a-ser-tratada-com-fritura-e-a-tua-filha-esta-a-ser-tratada-com-fritura\/#primaryimage","url":"https:\/\/dodo-inflatables.com\/wp-content\/uploads\/2022\/01\/seperator-kleiner-1024x102.png","contentUrl":"https:\/\/dodo-inflatables.com\/wp-content\/uploads\/2022\/01\/seperator-kleiner-1024x102.png"},{"@type":"BreadcrumbList","@id":"https:\/\/dodo-inflatables.com\/pt-pt\/a-tua-filha-esta-a-ser-tratada-com-fritura-e-a-tua-filha-esta-a-ser-tratada-com-fritura-e-a-tua-filha-esta-a-ser-tratada-com-fritura\/#breadcrumb","itemListElement":[{"@type":"ListItem","position":1,"name":"In\u00edcio","item":"https:\/\/dodo-inflatables.com\/pt-pt\/"},{"@type":"ListItem","position":2,"name":"A tua filha est\u00e1 a ser tratada com fritura e a tua filha est\u00e1 a ser tratada com fritura e a tua filha est\u00e1 a ser tratada com fritura"}]},{"@type":"WebSite","@id":"https:\/\/dodo-inflatables.com\/pt-pt\/#website","url":"https:\/\/dodo-inflatables.com\/pt-pt\/","name":"dodo-inflatables.com","description":"Compre castelos insufl\u00e1veis \u200b\u200be atra\u00e7\u00f5es na nossa loja.","potentialAction":[{"@type":"SearchAction","target":{"@type":"EntryPoint","urlTemplate":"https:\/\/dodo-inflatables.com\/pt-pt\/?s={search_term_string}"},"query-input":{"@type":"PropertyValueSpecification","valueRequired":true,"valueName":"search_term_string"}}],"inLanguage":"pt-PT"}]}},"uagb_featured_image_src":{"full":false,"thumbnail":false,"medium":false,"medium_large":false,"large":false,"1536x1536":false,"2048x2048":false,"woocommerce_thumbnail":false,"woocommerce_single":false,"woocommerce_gallery_thumbnail":false},"uagb_author_info":{"display_name":"Andreas","author_link":"https:\/\/dodo-inflatables.com\/pt-pt\/author\/andreas\/"},"uagb_comment_info":0,"uagb_excerpt":"A tua filha est\u00e1 a ser tratada com fritura e a tua filha est\u00e1 a ser tratada com fritura e a tua filha est\u00e1 a ser tratada com fritura Procura por produtos do Dodo-Inflatables.com &#8211; produtos online para a ind\u00fastria autom\u00f3vel em Portugal! Zhyt veten n\u00eb p\u00ebrzgjedhjen ton\u00eb t\u00eb gjer\u00eb t\u00eb k\u00ebshtjellave me cil\u00ebsi t\u00eb&hellip;","_links":{"self":[{"href":"https:\/\/dodo-inflatables.com\/pt-pt\/wp-json\/wp\/v2\/pages\/17151","targetHints":{"allow":["GET"]}}],"collection":[{"href":"https:\/\/dodo-inflatables.com\/pt-pt\/wp-json\/wp\/v2\/pages"}],"about":[{"href":"https:\/\/dodo-inflatables.com\/pt-pt\/wp-json\/wp\/v2\/types\/page"}],"author":[{"embeddable":true,"href":"https:\/\/dodo-inflatables.com\/pt-pt\/wp-json\/wp\/v2\/users\/1"}],"replies":[{"embeddable":true,"href":"https:\/\/dodo-inflatables.com\/pt-pt\/wp-json\/wp\/v2\/comments?post=17151"}],"version-history":[{"count":2,"href":"https:\/\/dodo-inflatables.com\/pt-pt\/wp-json\/wp\/v2\/pages\/17151\/revisions"}],"predecessor-version":[{"id":17153,"href":"https:\/\/dodo-inflatables.com\/pt-pt\/wp-json\/wp\/v2\/pages\/17151\/revisions\/17153"}],"wp:attachment":[{"href":"https:\/\/dodo-inflatables.com\/pt-pt\/wp-json\/wp\/v2\/media?parent=17151"}],"curies":[{"name":"wp","href":"https:\/\/api.w.org\/{rel}","templated":true}]}}