{"id":17244,"date":"2024-03-07T18:22:00","date_gmt":"2024-03-07T17:22:00","guid":{"rendered":"https:\/\/dodo-inflatables.com\/kaaft-opbloosbar-rutschen-a-sprangschlasser-zu-letzebuerg\/"},"modified":"2024-07-17T15:08:56","modified_gmt":"2024-07-17T13:08:56","slug":"kaaft-opbloosbar-rutschen-a-sprangschlasser-zu-letzebuerg","status":"publish","type":"page","link":"https:\/\/dodo-inflatables.com\/pt-pt\/kaaft-opbloosbar-rutschen-a-sprangschlasser-zu-letzebuerg\/","title":{"rendered":"Kaaft opbloosbar Rutschen a Sprangschl\u00e4sser zu L\u00ebtzebuerg"},"content":{"rendered":"\n<h2 class=\"wp-block-heading has-text-align-center\">Kaaft opbloosbar Rutschen a Sprangschl\u00e4sser zu L\u00ebtzebuerg<\/h2>\n\n<figure class=\"wp-block-image aligncenter size-large\"><a href=\"https:\/\/dodo-inflatables.com\/wp-content\/uploads\/2022\/01\/seperator-kleiner.png\"><img fetchpriority=\"high\" decoding=\"async\" width=\"1024\" height=\"102\" src=\"https:\/\/dodo-inflatables.com\/wp-content\/uploads\/2022\/01\/seperator-kleiner-1024x102.png\" alt=\"\" class=\"wp-image-4026\" srcset=\"https:\/\/dodo-inflatables.com\/wp-content\/uploads\/2022\/01\/seperator-kleiner-1024x102.png 1024w, https:\/\/dodo-inflatables.com\/wp-content\/uploads\/2022\/01\/seperator-kleiner-900x90.png 900w, https:\/\/dodo-inflatables.com\/wp-content\/uploads\/2022\/01\/seperator-kleiner-300x30.png 300w, https:\/\/dodo-inflatables.com\/wp-content\/uploads\/2022\/01\/seperator-kleiner-768x77.png 768w, https:\/\/dodo-inflatables.com\/wp-content\/uploads\/2022\/01\/seperator-kleiner-1536x154.png 1536w, https:\/\/dodo-inflatables.com\/wp-content\/uploads\/2022\/01\/seperator-kleiner-340x34.png 340w, https:\/\/dodo-inflatables.com\/wp-content\/uploads\/2022\/01\/seperator-kleiner.png 2000w\" sizes=\"(max-width: 1024px) 100vw, 1024px\" \/><\/a><\/figure>\n\n<h3 class=\"wp-block-heading has-text-align-center\">Entra em Dodo-Inflatables.com &#8211; a tua loja online para os insufl\u00e1veis na Europa!<\/h3>\n\n<p style=\"font-size:17px\">Taucht Iech an eiser \u00ebmfangr\u00e4icher Auswiel u qualitativ <a href=\"https:\/\/dodo-inflatables.com\/product-category\/bouncy-castles\/\">h\u00e9ichw\u00e4erteg Sprangschl\u00e4sser,<\/a> Schl\u00e4sser Schl\u00e4sser a <a href=\"https:\/\/dodo-inflatables.com\/product-category\/slides\/\">Rutschen<\/a>, d\u00e9i dat klengt Extra zu all Occasioun add\u00e9ieren. Egal ob Dir sicht e grousst Sprangbuerg fir e Firmenevenement, e klengt Sprangbuerg fir e Kannergebuertsdag oder e Sprangschlass mat Rutsch fir e Summerfest &#8211; Dir fannt garant\u00e9iert bei eis wat Dir sicht!<\/p>\n\n<p style=\"font-size:17px\">Esta sele\u00e7\u00e3o inclui uma paleta de cores para os <a href=\"https:\/\/dodo-inflatables.com\/product-category\/accessories\/\">acess\u00f3rios,<\/a> <a href=\"https:\/\/dodo-inflatables.com\/pt-pt\/produto\/soprador-gibbons-fp5005-15ps\/\" data-type=\"product\" data-id=\"81\">uma<\/a> paleta de cores para os <a href=\"https:\/\/dodo-inflatables.com\/pt-pt\/produto\/ventilador-huawei-reh-1-5e-1-5ps\/\" data-type=\"product\" data-id=\"2724\">sopradores <\/a>e uma paleta de <a href=\"https:\/\/dodo-inflatables.com\/product-category\/accessories\/\">acess\u00f3rios<\/a> para os sopradores.<\/p>\n\n<p style=\"font-size:17px\">D&#8217;Versch\u00e9cken vun engem Sprangschlass an d\u00e9i entspriechend Accessoiren op <strong>L\u00ebtzebuerg kascht 198,00<\/strong> \u20ac. E Pak mat Sprangschlass Accessoiren kascht \u20ac 19,00. Wann d&#8217;Sprangschlass op Lager ass, g\u00ebtt et Iech direkt no der Bezuelung gesch\u00e9ckt. A tua viagem a L\u00ebtzebuerg tem lugar <strong>entre<\/strong> os dias <strong>4 e 6 de abril.<\/strong> Ofhuelen ass m\u00e9iglech aus eisem Lager zu M\u00fcnchen, D\u00e4itschland.<\/p>\n\n<p style=\"font-size:17px\">Todos os aparelhos de prote\u00e7\u00e3o contra inc\u00eandios est\u00e3o em conformidade com a norma <strong>DIN EN 14960 <\/strong>e s\u00e3o de uso privado e n\u00e3o comercial. Se o c\u00f3digo de barras for diferente, escreve as instru\u00e7\u00f5es detalhadas no certificado correspondente e n\u00e3o o c\u00f3digo de barras.<br\/>TVA-Befreiung fir Betriber! Quando te sentires em risco, d\u00e1-me o teu n\u00famero de TVA no teu escrit\u00f3rio.<br\/>Egal ob Dir Privatpersoune sidd op der Sich no engem Sprangschlass fir dat n\u00e4chst Familljefest, oder Dir sidd e kommerziellen Proprietaire deen \u00c4r Offer ausbaue w\u00ebllt &#8211; eis Sprangschl\u00e4sser passen fir jiddereen. Os clientes de toda a Europa t\u00eam de se preocupar com a localiza\u00e7\u00e3o dos seus produtos em todos os pa\u00edses.<\/p>\n\n<p style=\"font-size:17px\">Eu espero que tu possas ter uma loja online genu\u00edna e que possas surfar e ver o que se passa, se quiseres ter o teu pr\u00f3prio site <a href=\"mailto:contact@dodo-inflatables.com\">contact@dodo-inflatables.com!<\/a><\/p>\n\n<div style=\"height:100px\" aria-hidden=\"true\" class=\"wp-block-spacer\"><\/div>\n","protected":false},"excerpt":{"rendered":"<p>Kaaft opbloosbar Rutschen a Sprangschl\u00e4sser zu L\u00ebtzebuerg Entra em Dodo-Inflatables.com &#8211; a tua loja online para os insufl\u00e1veis na Europa! Taucht Iech an eiser \u00ebmfangr\u00e4icher Auswiel u qualitativ h\u00e9ichw\u00e4erteg Sprangschl\u00e4sser, Schl\u00e4sser Schl\u00e4sser a Rutschen, d\u00e9i dat klengt Extra zu all Occasioun add\u00e9ieren. Egal ob Dir sicht e grousst Sprangbuerg fir e Firmenevenement, e klengt Sprangbuerg [&hellip;]<\/p>\n","protected":false},"author":1,"featured_media":0,"parent":0,"menu_order":0,"comment_status":"closed","ping_status":"closed","template":"","meta":{"_acf_changed":false,"_uag_custom_page_level_css":"","site-sidebar-layout":"default","site-content-layout":"","ast-site-content-layout":"normal-width-container","site-content-style":"boxed","site-sidebar-style":"default","ast-global-header-display":"","ast-banner-title-visibility":"","ast-main-header-display":"","ast-hfb-above-header-display":"","ast-hfb-below-header-display":"","ast-hfb-mobile-header-display":"","site-post-title":"","ast-breadcrumbs-content":"","ast-featured-img":"","footer-sml-layout":"","ast-disable-related-posts":"","theme-transparent-header-meta":"","adv-header-id-meta":"4069","stick-header-meta":"","header-above-stick-meta":"","header-main-stick-meta":"","header-below-stick-meta":"","astra-migrate-meta-layouts":"default","ast-page-background-enabled":"default","ast-page-background-meta":{"desktop":{"background-color":"var(--ast-global-color-4)","background-image":"","background-repeat":"repeat","background-position":"center center","background-size":"auto","background-attachment":"scroll","background-type":"","background-media":"","overlay-type":"","overlay-color":"","overlay-opacity":"","overlay-gradient":""},"tablet":{"background-color":"","background-image":"","background-repeat":"repeat","background-position":"center center","background-size":"auto","background-attachment":"scroll","background-type":"","background-media":"","overlay-type":"","overlay-color":"","overlay-opacity":"","overlay-gradient":""},"mobile":{"background-color":"","background-image":"","background-repeat":"repeat","background-position":"center center","background-size":"auto","background-attachment":"scroll","background-type":"","background-media":"","overlay-type":"","overlay-color":"","overlay-opacity":"","overlay-gradient":""}},"ast-content-background-meta":{"desktop":{"background-color":"var(--ast-global-color-5)","background-image":"","background-repeat":"repeat","background-position":"center center","background-size":"auto","background-attachment":"scroll","background-type":"","background-media":"","overlay-type":"","overlay-color":"","overlay-opacity":"","overlay-gradient":""},"tablet":{"background-color":"var(--ast-global-color-5)","background-image":"","background-repeat":"repeat","background-position":"center center","background-size":"auto","background-attachment":"scroll","background-type":"","background-media":"","overlay-type":"","overlay-color":"","overlay-opacity":"","overlay-gradient":""},"mobile":{"background-color":"var(--ast-global-color-5)","background-image":"","background-repeat":"repeat","background-position":"center center","background-size":"auto","background-attachment":"scroll","background-type":"","background-media":"","overlay-type":"","overlay-color":"","overlay-opacity":"","overlay-gradient":""}},"footnotes":""},"class_list":["post-17244","page","type-page","status-publish","hentry"],"acf":[],"yoast_head":"<!-- This site is optimized with the Yoast SEO plugin v27.5 - https:\/\/yoast.com\/product\/yoast-seo-wordpress\/ -->\n<title>Kaaft opbloosbar Rutschen a Sprangschl\u00e4sser zu L\u00ebtzebuerg - dodo-inflatables.com<\/title>\n<meta name=\"robots\" content=\"index, follow, max-snippet:-1, max-image-preview:large, max-video-preview:-1\" \/>\n<link rel=\"canonical\" href=\"https:\/\/dodo-inflatables.com\/pt-pt\/kaaft-opbloosbar-rutschen-a-sprangschlasser-zu-letzebuerg\/\" \/>\n<meta name=\"twitter:label1\" content=\"Tempo estimado de leitura\" \/>\n\t<meta name=\"twitter:data1\" content=\"2 minutos\" \/>\n<script type=\"application\/ld+json\" class=\"yoast-schema-graph\">{\"@context\":\"https:\\\/\\\/schema.org\",\"@graph\":[{\"@type\":\"WebPage\",\"@id\":\"https:\\\/\\\/dodo-inflatables.com\\\/pt-pt\\\/kaaft-opbloosbar-rutschen-a-sprangschlasser-zu-letzebuerg\\\/\",\"url\":\"https:\\\/\\\/dodo-inflatables.com\\\/pt-pt\\\/kaaft-opbloosbar-rutschen-a-sprangschlasser-zu-letzebuerg\\\/\",\"name\":\"Kaaft opbloosbar Rutschen a Sprangschl\u00e4sser zu L\u00ebtzebuerg - dodo-inflatables.com\",\"isPartOf\":{\"@id\":\"https:\\\/\\\/dodo-inflatables.com\\\/pt-pt\\\/#website\"},\"primaryImageOfPage\":{\"@id\":\"https:\\\/\\\/dodo-inflatables.com\\\/pt-pt\\\/kaaft-opbloosbar-rutschen-a-sprangschlasser-zu-letzebuerg\\\/#primaryimage\"},\"image\":{\"@id\":\"https:\\\/\\\/dodo-inflatables.com\\\/pt-pt\\\/kaaft-opbloosbar-rutschen-a-sprangschlasser-zu-letzebuerg\\\/#primaryimage\"},\"thumbnailUrl\":\"https:\\\/\\\/dodo-inflatables.com\\\/wp-content\\\/uploads\\\/2022\\\/01\\\/seperator-kleiner-1024x102.png\",\"datePublished\":\"2024-03-07T17:22:00+00:00\",\"dateModified\":\"2024-07-17T13:08:56+00:00\",\"breadcrumb\":{\"@id\":\"https:\\\/\\\/dodo-inflatables.com\\\/pt-pt\\\/kaaft-opbloosbar-rutschen-a-sprangschlasser-zu-letzebuerg\\\/#breadcrumb\"},\"inLanguage\":\"pt-PT\",\"potentialAction\":[{\"@type\":\"ReadAction\",\"target\":[\"https:\\\/\\\/dodo-inflatables.com\\\/pt-pt\\\/kaaft-opbloosbar-rutschen-a-sprangschlasser-zu-letzebuerg\\\/\"]}]},{\"@type\":\"ImageObject\",\"inLanguage\":\"pt-PT\",\"@id\":\"https:\\\/\\\/dodo-inflatables.com\\\/pt-pt\\\/kaaft-opbloosbar-rutschen-a-sprangschlasser-zu-letzebuerg\\\/#primaryimage\",\"url\":\"https:\\\/\\\/dodo-inflatables.com\\\/wp-content\\\/uploads\\\/2022\\\/01\\\/seperator-kleiner-1024x102.png\",\"contentUrl\":\"https:\\\/\\\/dodo-inflatables.com\\\/wp-content\\\/uploads\\\/2022\\\/01\\\/seperator-kleiner-1024x102.png\"},{\"@type\":\"BreadcrumbList\",\"@id\":\"https:\\\/\\\/dodo-inflatables.com\\\/pt-pt\\\/kaaft-opbloosbar-rutschen-a-sprangschlasser-zu-letzebuerg\\\/#breadcrumb\",\"itemListElement\":[{\"@type\":\"ListItem\",\"position\":1,\"name\":\"In\u00edcio\",\"item\":\"https:\\\/\\\/dodo-inflatables.com\\\/pt-pt\\\/\"},{\"@type\":\"ListItem\",\"position\":2,\"name\":\"Kaaft opbloosbar Rutschen a Sprangschl\u00e4sser zu L\u00ebtzebuerg\"}]},{\"@type\":\"WebSite\",\"@id\":\"https:\\\/\\\/dodo-inflatables.com\\\/pt-pt\\\/#website\",\"url\":\"https:\\\/\\\/dodo-inflatables.com\\\/pt-pt\\\/\",\"name\":\"dodo-inflatables.com\",\"description\":\"Compre castelos insufl\u00e1veis \u200b\u200be atra\u00e7\u00f5es na nossa loja.\",\"potentialAction\":[{\"@type\":\"SearchAction\",\"target\":{\"@type\":\"EntryPoint\",\"urlTemplate\":\"https:\\\/\\\/dodo-inflatables.com\\\/pt-pt\\\/?s={search_term_string}\"},\"query-input\":{\"@type\":\"PropertyValueSpecification\",\"valueRequired\":true,\"valueName\":\"search_term_string\"}}],\"inLanguage\":\"pt-PT\"}]}<\/script>\n<!-- \/ Yoast SEO plugin. -->","yoast_head_json":{"title":"Kaaft opbloosbar Rutschen a Sprangschl\u00e4sser zu L\u00ebtzebuerg - dodo-inflatables.com","robots":{"index":"index","follow":"follow","max-snippet":"max-snippet:-1","max-image-preview":"max-image-preview:large","max-video-preview":"max-video-preview:-1"},"canonical":"https:\/\/dodo-inflatables.com\/pt-pt\/kaaft-opbloosbar-rutschen-a-sprangschlasser-zu-letzebuerg\/","twitter_misc":{"Tempo estimado de leitura":"2 minutos"},"schema":{"@context":"https:\/\/schema.org","@graph":[{"@type":"WebPage","@id":"https:\/\/dodo-inflatables.com\/pt-pt\/kaaft-opbloosbar-rutschen-a-sprangschlasser-zu-letzebuerg\/","url":"https:\/\/dodo-inflatables.com\/pt-pt\/kaaft-opbloosbar-rutschen-a-sprangschlasser-zu-letzebuerg\/","name":"Kaaft opbloosbar Rutschen a Sprangschl\u00e4sser zu L\u00ebtzebuerg - dodo-inflatables.com","isPartOf":{"@id":"https:\/\/dodo-inflatables.com\/pt-pt\/#website"},"primaryImageOfPage":{"@id":"https:\/\/dodo-inflatables.com\/pt-pt\/kaaft-opbloosbar-rutschen-a-sprangschlasser-zu-letzebuerg\/#primaryimage"},"image":{"@id":"https:\/\/dodo-inflatables.com\/pt-pt\/kaaft-opbloosbar-rutschen-a-sprangschlasser-zu-letzebuerg\/#primaryimage"},"thumbnailUrl":"https:\/\/dodo-inflatables.com\/wp-content\/uploads\/2022\/01\/seperator-kleiner-1024x102.png","datePublished":"2024-03-07T17:22:00+00:00","dateModified":"2024-07-17T13:08:56+00:00","breadcrumb":{"@id":"https:\/\/dodo-inflatables.com\/pt-pt\/kaaft-opbloosbar-rutschen-a-sprangschlasser-zu-letzebuerg\/#breadcrumb"},"inLanguage":"pt-PT","potentialAction":[{"@type":"ReadAction","target":["https:\/\/dodo-inflatables.com\/pt-pt\/kaaft-opbloosbar-rutschen-a-sprangschlasser-zu-letzebuerg\/"]}]},{"@type":"ImageObject","inLanguage":"pt-PT","@id":"https:\/\/dodo-inflatables.com\/pt-pt\/kaaft-opbloosbar-rutschen-a-sprangschlasser-zu-letzebuerg\/#primaryimage","url":"https:\/\/dodo-inflatables.com\/wp-content\/uploads\/2022\/01\/seperator-kleiner-1024x102.png","contentUrl":"https:\/\/dodo-inflatables.com\/wp-content\/uploads\/2022\/01\/seperator-kleiner-1024x102.png"},{"@type":"BreadcrumbList","@id":"https:\/\/dodo-inflatables.com\/pt-pt\/kaaft-opbloosbar-rutschen-a-sprangschlasser-zu-letzebuerg\/#breadcrumb","itemListElement":[{"@type":"ListItem","position":1,"name":"In\u00edcio","item":"https:\/\/dodo-inflatables.com\/pt-pt\/"},{"@type":"ListItem","position":2,"name":"Kaaft opbloosbar Rutschen a Sprangschl\u00e4sser zu L\u00ebtzebuerg"}]},{"@type":"WebSite","@id":"https:\/\/dodo-inflatables.com\/pt-pt\/#website","url":"https:\/\/dodo-inflatables.com\/pt-pt\/","name":"dodo-inflatables.com","description":"Compre castelos insufl\u00e1veis \u200b\u200be atra\u00e7\u00f5es na nossa loja.","potentialAction":[{"@type":"SearchAction","target":{"@type":"EntryPoint","urlTemplate":"https:\/\/dodo-inflatables.com\/pt-pt\/?s={search_term_string}"},"query-input":{"@type":"PropertyValueSpecification","valueRequired":true,"valueName":"search_term_string"}}],"inLanguage":"pt-PT"}]}},"uagb_featured_image_src":{"full":false,"thumbnail":false,"medium":false,"medium_large":false,"large":false,"1536x1536":false,"2048x2048":false,"woocommerce_thumbnail":false,"woocommerce_single":false,"woocommerce_gallery_thumbnail":false},"uagb_author_info":{"display_name":"Andreas","author_link":"https:\/\/dodo-inflatables.com\/pt-pt\/author\/andreas\/"},"uagb_comment_info":0,"uagb_excerpt":"Kaaft opbloosbar Rutschen a Sprangschl\u00e4sser zu L\u00ebtzebuerg Entra em Dodo-Inflatables.com &#8211; a tua loja online para os insufl\u00e1veis na Europa! Taucht Iech an eiser \u00ebmfangr\u00e4icher Auswiel u qualitativ h\u00e9ichw\u00e4erteg Sprangschl\u00e4sser, Schl\u00e4sser Schl\u00e4sser a Rutschen, d\u00e9i dat klengt Extra zu all Occasioun add\u00e9ieren. Egal ob Dir sicht e grousst Sprangbuerg fir e Firmenevenement, e klengt Sprangbuerg&hellip;","_links":{"self":[{"href":"https:\/\/dodo-inflatables.com\/pt-pt\/wp-json\/wp\/v2\/pages\/17244","targetHints":{"allow":["GET"]}}],"collection":[{"href":"https:\/\/dodo-inflatables.com\/pt-pt\/wp-json\/wp\/v2\/pages"}],"about":[{"href":"https:\/\/dodo-inflatables.com\/pt-pt\/wp-json\/wp\/v2\/types\/page"}],"author":[{"embeddable":true,"href":"https:\/\/dodo-inflatables.com\/pt-pt\/wp-json\/wp\/v2\/users\/1"}],"replies":[{"embeddable":true,"href":"https:\/\/dodo-inflatables.com\/pt-pt\/wp-json\/wp\/v2\/comments?post=17244"}],"version-history":[{"count":2,"href":"https:\/\/dodo-inflatables.com\/pt-pt\/wp-json\/wp\/v2\/pages\/17244\/revisions"}],"predecessor-version":[{"id":17248,"href":"https:\/\/dodo-inflatables.com\/pt-pt\/wp-json\/wp\/v2\/pages\/17244\/revisions\/17248"}],"wp:attachment":[{"href":"https:\/\/dodo-inflatables.com\/pt-pt\/wp-json\/wp\/v2\/media?parent=17244"}],"curies":[{"name":"wp","href":"https:\/\/api.w.org\/{rel}","templated":true}]}}