{"id":17421,"date":"2024-03-05T16:37:16","date_gmt":"2024-03-05T15:37:16","guid":{"rendered":"https:\/\/dodo-inflatables.com\/a-tua-empresa-esta-a-trabalhar-em-portugal\/"},"modified":"2024-07-17T15:09:41","modified_gmt":"2024-07-17T13:09:41","slug":"a-tua-empresa-esta-a-trabalhar-em-portugal","status":"publish","type":"page","link":"https:\/\/dodo-inflatables.com\/pt-pt\/a-tua-empresa-esta-a-trabalhar-em-portugal\/","title":{"rendered":"A tua empresa est\u00e1 a trabalhar em Portugal"},"content":{"rendered":"\n<h2 class=\"wp-block-heading has-text-align-center\">A tua empresa est\u00e1 a trabalhar em Portugal<\/h2>\n\n<figure class=\"wp-block-image aligncenter size-large\"><a href=\"https:\/\/dodo-inflatables.com\/wp-content\/uploads\/2022\/01\/seperator-kleiner.png\"><img fetchpriority=\"high\" decoding=\"async\" width=\"1024\" height=\"102\" src=\"https:\/\/dodo-inflatables.com\/wp-content\/uploads\/2022\/01\/seperator-kleiner-1024x102.png\" alt=\"\" class=\"wp-image-4026\" srcset=\"https:\/\/dodo-inflatables.com\/wp-content\/uploads\/2022\/01\/seperator-kleiner-1024x102.png 1024w, https:\/\/dodo-inflatables.com\/wp-content\/uploads\/2022\/01\/seperator-kleiner-900x90.png 900w, https:\/\/dodo-inflatables.com\/wp-content\/uploads\/2022\/01\/seperator-kleiner-300x30.png 300w, https:\/\/dodo-inflatables.com\/wp-content\/uploads\/2022\/01\/seperator-kleiner-768x77.png 768w, https:\/\/dodo-inflatables.com\/wp-content\/uploads\/2022\/01\/seperator-kleiner-1536x154.png 1536w, https:\/\/dodo-inflatables.com\/wp-content\/uploads\/2022\/01\/seperator-kleiner-340x34.png 340w, https:\/\/dodo-inflatables.com\/wp-content\/uploads\/2022\/01\/seperator-kleiner.png 2000w\" sizes=\"(max-width: 1024px) 100vw, 1024px\" \/><\/a><\/figure>\n\n<h3 class=\"wp-block-heading has-text-align-center\">Tervetuloa Dodo-Inflatables.comiin &#8211; puhallettavien liukum\u00e4kien verkkokauppaan Euroopassa!<\/h3>\n\n<p style=\"font-size:17px\">Tutustu laajaan valikoimaamme laadukkaita puhallettavia laitteita, puhallettavia linnoja ja liukum\u00e4ki\u00e4, jotka tuovat pienen lis\u00e4n mihin tahansa tilaisuuteen. Etsitp\u00e4 sitten suurta puhallettavaa yritystapahtumaan, pient\u00e4 puhallettavaa linnaa lasten syntym\u00e4p\u00e4iv\u00e4juhliin tai pomppulinnaa liukum\u00e4ell\u00e4 kes\u00e4juhliin &#8211; l\u00f6yd\u00e4t t\u00e4\u00e4lt\u00e4 taatusti jotain sopivaa!<\/p>\n\n<p style=\"font-size:17px\">Valikoimaamme kuuluu paitsi erilaisia pomppulinnoja, my\u00f6s laaja valikoima lis\u00e4varusteita, kuten Gibbonit ja Huawei-puhaltimet pomppulinnoille.<\/p>\n\n<p style=\"font-size:17px\">O teu nome \u00e9 Pomppulinnan ja tarvikkeiden toimitus <strong>Suomeen maksaa 307,00 \u20ac<\/strong>. Compra um bilhete de avi\u00e3o de 28,00 \u20ac. Como a linha de pesca \u00e9 muito variada, podes ficar com ela sem a necessidade de te preocupares com a sa\u00fade. Toimitus Suomeen kest\u00e4\u00e4 n.  <strong>4-6 pessoas.<\/strong>  Pomppulinna on mahdollista noutaa itse varastostamme M\u00fcnchenist\u00e4, Saksasta.<\/p>\n\n<p style=\"font-size:17px\">A norma<strong> DIN EN 14960<\/strong> \u00e9 uma norma que abrange todas as \u00e1reas de aplica\u00e7\u00e3o e que \u00e9 aplic\u00e1vel a todos os tipos de produtos. Se o teu pa\u00eds \u00e9 um dos mais ricos do mundo, ent\u00e3o tens de te esfor\u00e7ar para que o teu pa\u00eds seja um dos mais ricos do mundo.<\/p>\n\n<p style=\"font-size:17px\">ALV-vapautus yrityksille! Jos ostat yrityksen\u00e4, sy\u00f6t\u00e4 kassalla alv-tunnisteesi, jotta voit tehd\u00e4 verovapaita ostoksia.<\/p>\n\n<p style=\"font-size:17px\">Olitpa sitten yksityishenkil\u00f6, joka etsii pomppulinnaa seuraaviin perhejuhliinsa, tai kaupallinen vuokraamo, joka haluaa laajentaa valikoimaansa, pomppulinnamme sopivat kaikille. Itse asiassa suurin osa asiakkaistamme kaikkialla Euroopassa on pomppulinnan vuokrausyrityksi\u00e4, jotka arvostavat tuotteitamme kaikenkokoisiin tapahtumiin.<\/p>\n\n<p style=\"font-size:17px\">Toivomme, ett\u00e4 nautit verkkokauppamme selaamisesta, ja vastaamme mielell\u00e4mme kaikkiin kysymyksiisi osoitteessa <a href=\"mailto:contact@dodo-inflatables.com\">contact@dodo-inflatables.com!<\/a><\/p>\n\n<div style=\"height:100px\" aria-hidden=\"true\" class=\"wp-block-spacer\"><\/div>\n","protected":false},"excerpt":{"rendered":"<p>A tua empresa est\u00e1 a trabalhar em Portugal Tervetuloa Dodo-Inflatables.comiin &#8211; puhallettavien liukum\u00e4kien verkkokauppaan Euroopassa! Tutustu laajaan valikoimaamme laadukkaita puhallettavia laitteita, puhallettavia linnoja ja liukum\u00e4ki\u00e4, jotka tuovat pienen lis\u00e4n mihin tahansa tilaisuuteen. Etsitp\u00e4 sitten suurta puhallettavaa yritystapahtumaan, pient\u00e4 puhallettavaa linnaa lasten syntym\u00e4p\u00e4iv\u00e4juhliin tai pomppulinnaa liukum\u00e4ell\u00e4 kes\u00e4juhliin &#8211; l\u00f6yd\u00e4t t\u00e4\u00e4lt\u00e4 taatusti jotain sopivaa! Valikoimaamme kuuluu paitsi [&hellip;]<\/p>\n","protected":false},"author":1,"featured_media":0,"parent":0,"menu_order":0,"comment_status":"closed","ping_status":"closed","template":"","meta":{"_acf_changed":false,"_uag_custom_page_level_css":"","site-sidebar-layout":"default","site-content-layout":"","ast-site-content-layout":"normal-width-container","site-content-style":"boxed","site-sidebar-style":"default","ast-global-header-display":"","ast-banner-title-visibility":"","ast-main-header-display":"","ast-hfb-above-header-display":"","ast-hfb-below-header-display":"","ast-hfb-mobile-header-display":"","site-post-title":"","ast-breadcrumbs-content":"","ast-featured-img":"","footer-sml-layout":"","ast-disable-related-posts":"","theme-transparent-header-meta":"","adv-header-id-meta":"4069","stick-header-meta":"","header-above-stick-meta":"","header-main-stick-meta":"","header-below-stick-meta":"","astra-migrate-meta-layouts":"default","ast-page-background-enabled":"default","ast-page-background-meta":{"desktop":{"background-color":"var(--ast-global-color-4)","background-image":"","background-repeat":"repeat","background-position":"center center","background-size":"auto","background-attachment":"scroll","background-type":"","background-media":"","overlay-type":"","overlay-color":"","overlay-opacity":"","overlay-gradient":""},"tablet":{"background-color":"","background-image":"","background-repeat":"repeat","background-position":"center center","background-size":"auto","background-attachment":"scroll","background-type":"","background-media":"","overlay-type":"","overlay-color":"","overlay-opacity":"","overlay-gradient":""},"mobile":{"background-color":"","background-image":"","background-repeat":"repeat","background-position":"center center","background-size":"auto","background-attachment":"scroll","background-type":"","background-media":"","overlay-type":"","overlay-color":"","overlay-opacity":"","overlay-gradient":""}},"ast-content-background-meta":{"desktop":{"background-color":"var(--ast-global-color-5)","background-image":"","background-repeat":"repeat","background-position":"center center","background-size":"auto","background-attachment":"scroll","background-type":"","background-media":"","overlay-type":"","overlay-color":"","overlay-opacity":"","overlay-gradient":""},"tablet":{"background-color":"var(--ast-global-color-5)","background-image":"","background-repeat":"repeat","background-position":"center center","background-size":"auto","background-attachment":"scroll","background-type":"","background-media":"","overlay-type":"","overlay-color":"","overlay-opacity":"","overlay-gradient":""},"mobile":{"background-color":"var(--ast-global-color-5)","background-image":"","background-repeat":"repeat","background-position":"center center","background-size":"auto","background-attachment":"scroll","background-type":"","background-media":"","overlay-type":"","overlay-color":"","overlay-opacity":"","overlay-gradient":""}},"footnotes":""},"class_list":["post-17421","page","type-page","status-publish","hentry"],"acf":[],"yoast_head":"<!-- This site is optimized with the Yoast SEO plugin v27.5 - https:\/\/yoast.com\/product\/yoast-seo-wordpress\/ -->\n<title>A tua empresa est\u00e1 a trabalhar em Portugal - dodo-inflatables.com<\/title>\n<meta name=\"robots\" content=\"index, follow, max-snippet:-1, max-image-preview:large, max-video-preview:-1\" \/>\n<link rel=\"canonical\" href=\"https:\/\/dodo-inflatables.com\/pt-pt\/a-tua-empresa-esta-a-trabalhar-em-portugal\/\" \/>\n<meta name=\"twitter:label1\" content=\"Tempo estimado de leitura\" \/>\n\t<meta name=\"twitter:data1\" content=\"1 minuto\" \/>\n<script type=\"application\/ld+json\" class=\"yoast-schema-graph\">{\"@context\":\"https:\\\/\\\/schema.org\",\"@graph\":[{\"@type\":\"WebPage\",\"@id\":\"https:\\\/\\\/dodo-inflatables.com\\\/pt-pt\\\/a-tua-empresa-esta-a-trabalhar-em-portugal\\\/\",\"url\":\"https:\\\/\\\/dodo-inflatables.com\\\/pt-pt\\\/a-tua-empresa-esta-a-trabalhar-em-portugal\\\/\",\"name\":\"A tua empresa est\u00e1 a trabalhar em Portugal - dodo-inflatables.com\",\"isPartOf\":{\"@id\":\"https:\\\/\\\/dodo-inflatables.com\\\/pt-pt\\\/#website\"},\"primaryImageOfPage\":{\"@id\":\"https:\\\/\\\/dodo-inflatables.com\\\/pt-pt\\\/a-tua-empresa-esta-a-trabalhar-em-portugal\\\/#primaryimage\"},\"image\":{\"@id\":\"https:\\\/\\\/dodo-inflatables.com\\\/pt-pt\\\/a-tua-empresa-esta-a-trabalhar-em-portugal\\\/#primaryimage\"},\"thumbnailUrl\":\"https:\\\/\\\/dodo-inflatables.com\\\/wp-content\\\/uploads\\\/2022\\\/01\\\/seperator-kleiner-1024x102.png\",\"datePublished\":\"2024-03-05T15:37:16+00:00\",\"dateModified\":\"2024-07-17T13:09:41+00:00\",\"breadcrumb\":{\"@id\":\"https:\\\/\\\/dodo-inflatables.com\\\/pt-pt\\\/a-tua-empresa-esta-a-trabalhar-em-portugal\\\/#breadcrumb\"},\"inLanguage\":\"pt-PT\",\"potentialAction\":[{\"@type\":\"ReadAction\",\"target\":[\"https:\\\/\\\/dodo-inflatables.com\\\/pt-pt\\\/a-tua-empresa-esta-a-trabalhar-em-portugal\\\/\"]}]},{\"@type\":\"ImageObject\",\"inLanguage\":\"pt-PT\",\"@id\":\"https:\\\/\\\/dodo-inflatables.com\\\/pt-pt\\\/a-tua-empresa-esta-a-trabalhar-em-portugal\\\/#primaryimage\",\"url\":\"https:\\\/\\\/dodo-inflatables.com\\\/wp-content\\\/uploads\\\/2022\\\/01\\\/seperator-kleiner-1024x102.png\",\"contentUrl\":\"https:\\\/\\\/dodo-inflatables.com\\\/wp-content\\\/uploads\\\/2022\\\/01\\\/seperator-kleiner-1024x102.png\"},{\"@type\":\"BreadcrumbList\",\"@id\":\"https:\\\/\\\/dodo-inflatables.com\\\/pt-pt\\\/a-tua-empresa-esta-a-trabalhar-em-portugal\\\/#breadcrumb\",\"itemListElement\":[{\"@type\":\"ListItem\",\"position\":1,\"name\":\"In\u00edcio\",\"item\":\"https:\\\/\\\/dodo-inflatables.com\\\/pt-pt\\\/\"},{\"@type\":\"ListItem\",\"position\":2,\"name\":\"A tua empresa est\u00e1 a trabalhar em Portugal\"}]},{\"@type\":\"WebSite\",\"@id\":\"https:\\\/\\\/dodo-inflatables.com\\\/pt-pt\\\/#website\",\"url\":\"https:\\\/\\\/dodo-inflatables.com\\\/pt-pt\\\/\",\"name\":\"dodo-inflatables.com\",\"description\":\"Compre castelos insufl\u00e1veis \u200b\u200be atra\u00e7\u00f5es na nossa loja.\",\"potentialAction\":[{\"@type\":\"SearchAction\",\"target\":{\"@type\":\"EntryPoint\",\"urlTemplate\":\"https:\\\/\\\/dodo-inflatables.com\\\/pt-pt\\\/?s={search_term_string}\"},\"query-input\":{\"@type\":\"PropertyValueSpecification\",\"valueRequired\":true,\"valueName\":\"search_term_string\"}}],\"inLanguage\":\"pt-PT\"}]}<\/script>\n<!-- \/ Yoast SEO plugin. -->","yoast_head_json":{"title":"A tua empresa est\u00e1 a trabalhar em Portugal - dodo-inflatables.com","robots":{"index":"index","follow":"follow","max-snippet":"max-snippet:-1","max-image-preview":"max-image-preview:large","max-video-preview":"max-video-preview:-1"},"canonical":"https:\/\/dodo-inflatables.com\/pt-pt\/a-tua-empresa-esta-a-trabalhar-em-portugal\/","twitter_misc":{"Tempo estimado de leitura":"1 minuto"},"schema":{"@context":"https:\/\/schema.org","@graph":[{"@type":"WebPage","@id":"https:\/\/dodo-inflatables.com\/pt-pt\/a-tua-empresa-esta-a-trabalhar-em-portugal\/","url":"https:\/\/dodo-inflatables.com\/pt-pt\/a-tua-empresa-esta-a-trabalhar-em-portugal\/","name":"A tua empresa est\u00e1 a trabalhar em Portugal - dodo-inflatables.com","isPartOf":{"@id":"https:\/\/dodo-inflatables.com\/pt-pt\/#website"},"primaryImageOfPage":{"@id":"https:\/\/dodo-inflatables.com\/pt-pt\/a-tua-empresa-esta-a-trabalhar-em-portugal\/#primaryimage"},"image":{"@id":"https:\/\/dodo-inflatables.com\/pt-pt\/a-tua-empresa-esta-a-trabalhar-em-portugal\/#primaryimage"},"thumbnailUrl":"https:\/\/dodo-inflatables.com\/wp-content\/uploads\/2022\/01\/seperator-kleiner-1024x102.png","datePublished":"2024-03-05T15:37:16+00:00","dateModified":"2024-07-17T13:09:41+00:00","breadcrumb":{"@id":"https:\/\/dodo-inflatables.com\/pt-pt\/a-tua-empresa-esta-a-trabalhar-em-portugal\/#breadcrumb"},"inLanguage":"pt-PT","potentialAction":[{"@type":"ReadAction","target":["https:\/\/dodo-inflatables.com\/pt-pt\/a-tua-empresa-esta-a-trabalhar-em-portugal\/"]}]},{"@type":"ImageObject","inLanguage":"pt-PT","@id":"https:\/\/dodo-inflatables.com\/pt-pt\/a-tua-empresa-esta-a-trabalhar-em-portugal\/#primaryimage","url":"https:\/\/dodo-inflatables.com\/wp-content\/uploads\/2022\/01\/seperator-kleiner-1024x102.png","contentUrl":"https:\/\/dodo-inflatables.com\/wp-content\/uploads\/2022\/01\/seperator-kleiner-1024x102.png"},{"@type":"BreadcrumbList","@id":"https:\/\/dodo-inflatables.com\/pt-pt\/a-tua-empresa-esta-a-trabalhar-em-portugal\/#breadcrumb","itemListElement":[{"@type":"ListItem","position":1,"name":"In\u00edcio","item":"https:\/\/dodo-inflatables.com\/pt-pt\/"},{"@type":"ListItem","position":2,"name":"A tua empresa est\u00e1 a trabalhar em Portugal"}]},{"@type":"WebSite","@id":"https:\/\/dodo-inflatables.com\/pt-pt\/#website","url":"https:\/\/dodo-inflatables.com\/pt-pt\/","name":"dodo-inflatables.com","description":"Compre castelos insufl\u00e1veis \u200b\u200be atra\u00e7\u00f5es na nossa loja.","potentialAction":[{"@type":"SearchAction","target":{"@type":"EntryPoint","urlTemplate":"https:\/\/dodo-inflatables.com\/pt-pt\/?s={search_term_string}"},"query-input":{"@type":"PropertyValueSpecification","valueRequired":true,"valueName":"search_term_string"}}],"inLanguage":"pt-PT"}]}},"uagb_featured_image_src":{"full":false,"thumbnail":false,"medium":false,"medium_large":false,"large":false,"1536x1536":false,"2048x2048":false,"woocommerce_thumbnail":false,"woocommerce_single":false,"woocommerce_gallery_thumbnail":false},"uagb_author_info":{"display_name":"Andreas","author_link":"https:\/\/dodo-inflatables.com\/pt-pt\/author\/andreas\/"},"uagb_comment_info":0,"uagb_excerpt":"A tua empresa est\u00e1 a trabalhar em Portugal Tervetuloa Dodo-Inflatables.comiin &#8211; puhallettavien liukum\u00e4kien verkkokauppaan Euroopassa! Tutustu laajaan valikoimaamme laadukkaita puhallettavia laitteita, puhallettavia linnoja ja liukum\u00e4ki\u00e4, jotka tuovat pienen lis\u00e4n mihin tahansa tilaisuuteen. Etsitp\u00e4 sitten suurta puhallettavaa yritystapahtumaan, pient\u00e4 puhallettavaa linnaa lasten syntym\u00e4p\u00e4iv\u00e4juhliin tai pomppulinnaa liukum\u00e4ell\u00e4 kes\u00e4juhliin &#8211; l\u00f6yd\u00e4t t\u00e4\u00e4lt\u00e4 taatusti jotain sopivaa! Valikoimaamme kuuluu paitsi&hellip;","_links":{"self":[{"href":"https:\/\/dodo-inflatables.com\/pt-pt\/wp-json\/wp\/v2\/pages\/17421","targetHints":{"allow":["GET"]}}],"collection":[{"href":"https:\/\/dodo-inflatables.com\/pt-pt\/wp-json\/wp\/v2\/pages"}],"about":[{"href":"https:\/\/dodo-inflatables.com\/pt-pt\/wp-json\/wp\/v2\/types\/page"}],"author":[{"embeddable":true,"href":"https:\/\/dodo-inflatables.com\/pt-pt\/wp-json\/wp\/v2\/users\/1"}],"replies":[{"embeddable":true,"href":"https:\/\/dodo-inflatables.com\/pt-pt\/wp-json\/wp\/v2\/comments?post=17421"}],"version-history":[{"count":2,"href":"https:\/\/dodo-inflatables.com\/pt-pt\/wp-json\/wp\/v2\/pages\/17421\/revisions"}],"predecessor-version":[{"id":17425,"href":"https:\/\/dodo-inflatables.com\/pt-pt\/wp-json\/wp\/v2\/pages\/17421\/revisions\/17425"}],"wp:attachment":[{"href":"https:\/\/dodo-inflatables.com\/pt-pt\/wp-json\/wp\/v2\/media?parent=17421"}],"curies":[{"name":"wp","href":"https:\/\/api.w.org\/{rel}","templated":true}]}}