{"id":17442,"date":"2024-03-05T16:25:00","date_gmt":"2024-03-05T15:25:00","guid":{"rendered":"https:\/\/dodo-inflatables.com\/a-tua-opiniao-sobre-a-politica-de-saude-publica\/"},"modified":"2024-07-17T15:09:48","modified_gmt":"2024-07-17T13:09:48","slug":"a-tua-opiniao-sobre-a-politica-de-saude-publica","status":"publish","type":"page","link":"https:\/\/dodo-inflatables.com\/pt-pt\/a-tua-opiniao-sobre-a-politica-de-saude-publica\/","title":{"rendered":"A tua opini\u00e3o sobre a pol\u00edtica de sa\u00fade p\u00fablica"},"content":{"rendered":"\n<h2 class=\"wp-block-heading has-text-align-center\">A tua opini\u00e3o sobre a pol\u00edtica de sa\u00fade p\u00fablica<\/h2>\n\n<figure class=\"wp-block-image aligncenter size-large\"><a href=\"https:\/\/dodo-inflatables.com\/wp-content\/uploads\/2022\/01\/seperator-kleiner.png\"><img fetchpriority=\"high\" decoding=\"async\" width=\"1024\" height=\"102\" src=\"https:\/\/dodo-inflatables.com\/wp-content\/uploads\/2022\/01\/seperator-kleiner-1024x102.png\" alt=\"\" class=\"wp-image-4026\" srcset=\"https:\/\/dodo-inflatables.com\/wp-content\/uploads\/2022\/01\/seperator-kleiner-1024x102.png 1024w, https:\/\/dodo-inflatables.com\/wp-content\/uploads\/2022\/01\/seperator-kleiner-900x90.png 900w, https:\/\/dodo-inflatables.com\/wp-content\/uploads\/2022\/01\/seperator-kleiner-300x30.png 300w, https:\/\/dodo-inflatables.com\/wp-content\/uploads\/2022\/01\/seperator-kleiner-768x77.png 768w, https:\/\/dodo-inflatables.com\/wp-content\/uploads\/2022\/01\/seperator-kleiner-1536x154.png 1536w, https:\/\/dodo-inflatables.com\/wp-content\/uploads\/2022\/01\/seperator-kleiner-340x34.png 340w, https:\/\/dodo-inflatables.com\/wp-content\/uploads\/2022\/01\/seperator-kleiner.png 2000w\" sizes=\"(max-width: 1024px) 100vw, 1024px\" \/><\/a><\/figure>\n\n<h3 class=\"wp-block-heading has-text-align-center\">Descobre mais sobre o Dodo-Inflatables.com &#8211; o teu jogo de futebol online na Europa!<\/h3>\n\n<p style=\"font-size:17px\">Mer\u00fclj\u00f6n el kiv\u00e1l\u00f3 min\u0151s\u00e9g\u0171 felf\u00fajhat\u00f3 j\u00e1t\u00e9kok, felf\u00fajhat\u00f3 v\u00e1rak \u00e9s cs\u00faszd\u00e1k sz\u00e9les v\u00e1laszt\u00e9k\u00e1ban, amelyek minden alkalomhoz hozz\u00e1teszik azt a kis pluszt. Ak\u00e1r egy nagy felf\u00fajhat\u00f3 l\u00e9gv\u00e1rat keres egy c\u00e9ges rendezv\u00e9nyre, ak\u00e1r egy kis felf\u00fajhat\u00f3 v\u00e1rat egy gyermeksz\u00fclinapi partira, vagy egy ugr\u00e1l\u00f3v\u00e1rat cs\u00faszd\u00e1val egy ny\u00e1ri partira &#8211; itt garant\u00e1ltan tal\u00e1l valami megfelel\u0151t!<\/p>\n\n<p style=\"font-size:17px\">K\u00edn\u00e1latunkban nem csak k\u00fcl\u00f6nf\u00e9le ugr\u00e1l\u00f3v\u00e1rak, hanem kieg\u00e9sz\u00edt\u0151k sz\u00e9les v\u00e1laszt\u00e9ka is megtal\u00e1lhat\u00f3, bele\u00e9rtve a Gibbonokat \u00e9s a Huawei f\u00fav\u00f3k\u00e1kat az ugr\u00e1l\u00f3v\u00e1rakhoz.<\/p>\n\n<p style=\"font-size:17px\">O teu sal\u00e1rio \u00e9 <strong>de 234,00 euros<\/strong> por m\u00eas. O teu cart\u00e3o de cr\u00e9dito \u00e9 de 35,00 \u20ac por pessoa. Ha a felf\u00fajhat\u00f3 l\u00e9gv\u00e1r rakt\u00e1ron van, a fizet\u00e9s be\u00e9rkez\u00e9se ut\u00e1n azonnal elk\u00fcldj\u00fck \u00d6nnek. A sz\u00e1ll\u00edt\u00e1s Magyarorsz\u00e1gra kb. <strong>4-6 munkanapot<\/strong> vesz ig\u00e9nybe. Lehet\u0151s\u00e9g van arra, hogy az ugr\u00e1l\u00f3v\u00e1rat saj\u00e1t maga vegye \u00e1t m\u00fcncheni rakt\u00e1runkb\u00f3l.<\/p>\n\n<p style=\"font-size:17px\">Se a tua m\u00e1quina n\u00e3o estiver em condi\u00e7\u00f5es de ser utilizada, a norma <strong>DIN EN 14960<\/strong> pode ser utilizada para a prote\u00e7\u00e3o de metais. A kisz\u00e1ll\u00edt\u00e1s ut\u00e1n r\u00e9szletes \u00fatmutat\u00f3t \u00e9s a megfelel\u0151 tan\u00fas\u00edtv\u00e1nyt kap \u00faj felf\u00fajhat\u00f3 l\u00e9gv\u00e1r\u00e1hoz.<\/p>\n\n<p style=\"font-size:17px\">N\u00e3o te esque\u00e7as de que a tua m\u00e3e est\u00e1 a fazer uma pausa! Ha c\u00e9gk\u00e9nt v\u00e1s\u00e1rol, adja meg a p\u00e9nzt\u00e1rn\u00e1l az \u00e1fa-azonos\u00edt\u00f3sz\u00e1m\u00e1t, hogy ad\u00f3mentesen v\u00e1s\u00e1rolhasson.<\/p>\n\n<p style=\"font-size:17px\">Ak\u00e1r mag\u00e1nszem\u00e9ly, aki ugr\u00e1l\u00f3v\u00e1rat keres a k\u00f6vetkez\u0151 csal\u00e1di partij\u00e1ra, ak\u00e1r kereskedelmi b\u00e9rl\u0151 c\u00e9g, aki b\u0151v\u00edteni szeretn\u00e9 k\u00edn\u00e1lat\u00e1t, ugr\u00e1l\u00f3v\u00e1raink mindenki sz\u00e1m\u00e1ra alkalmasak. Val\u00f3j\u00e1ban a legt\u00f6bb \u00fcgyfel\u00fcnk Eur\u00f3pa-szerte olyan ugr\u00e1l\u00f3v\u00e1r-b\u00e9rl\u0151 c\u00e9gek, akik mindenf\u00e9le m\u00e9ret\u0171 rendezv\u00e9nyre \u00e9rt\u00e9kelik term\u00e9keinket.<\/p>\n\n<p style=\"font-size:17px\">Lembra-te de que o teu filho est\u00e1 online, e que os teus amigos est\u00e3o a trabalhar em <a href=\"mailto:contact@dodo-inflatables.com\">contact@dodo-inflatables.com<\/a>!<\/p>\n\n<div style=\"height:100px\" aria-hidden=\"true\" class=\"wp-block-spacer\"><\/div>\n","protected":false},"excerpt":{"rendered":"<p>A tua opini\u00e3o sobre a pol\u00edtica de sa\u00fade p\u00fablica Descobre mais sobre o Dodo-Inflatables.com &#8211; o teu jogo de futebol online na Europa! Mer\u00fclj\u00f6n el kiv\u00e1l\u00f3 min\u0151s\u00e9g\u0171 felf\u00fajhat\u00f3 j\u00e1t\u00e9kok, felf\u00fajhat\u00f3 v\u00e1rak \u00e9s cs\u00faszd\u00e1k sz\u00e9les v\u00e1laszt\u00e9k\u00e1ban, amelyek minden alkalomhoz hozz\u00e1teszik azt a kis pluszt. Ak\u00e1r egy nagy felf\u00fajhat\u00f3 l\u00e9gv\u00e1rat keres egy c\u00e9ges rendezv\u00e9nyre, ak\u00e1r egy kis [&hellip;]<\/p>\n","protected":false},"author":1,"featured_media":0,"parent":0,"menu_order":0,"comment_status":"closed","ping_status":"closed","template":"","meta":{"_acf_changed":false,"_uag_custom_page_level_css":"","site-sidebar-layout":"default","site-content-layout":"","ast-site-content-layout":"normal-width-container","site-content-style":"boxed","site-sidebar-style":"default","ast-global-header-display":"","ast-banner-title-visibility":"","ast-main-header-display":"","ast-hfb-above-header-display":"","ast-hfb-below-header-display":"","ast-hfb-mobile-header-display":"","site-post-title":"","ast-breadcrumbs-content":"","ast-featured-img":"","footer-sml-layout":"","ast-disable-related-posts":"","theme-transparent-header-meta":"","adv-header-id-meta":"4069","stick-header-meta":"","header-above-stick-meta":"","header-main-stick-meta":"","header-below-stick-meta":"","astra-migrate-meta-layouts":"default","ast-page-background-enabled":"default","ast-page-background-meta":{"desktop":{"background-color":"var(--ast-global-color-4)","background-image":"","background-repeat":"repeat","background-position":"center center","background-size":"auto","background-attachment":"scroll","background-type":"","background-media":"","overlay-type":"","overlay-color":"","overlay-opacity":"","overlay-gradient":""},"tablet":{"background-color":"","background-image":"","background-repeat":"repeat","background-position":"center center","background-size":"auto","background-attachment":"scroll","background-type":"","background-media":"","overlay-type":"","overlay-color":"","overlay-opacity":"","overlay-gradient":""},"mobile":{"background-color":"","background-image":"","background-repeat":"repeat","background-position":"center center","background-size":"auto","background-attachment":"scroll","background-type":"","background-media":"","overlay-type":"","overlay-color":"","overlay-opacity":"","overlay-gradient":""}},"ast-content-background-meta":{"desktop":{"background-color":"var(--ast-global-color-5)","background-image":"","background-repeat":"repeat","background-position":"center center","background-size":"auto","background-attachment":"scroll","background-type":"","background-media":"","overlay-type":"","overlay-color":"","overlay-opacity":"","overlay-gradient":""},"tablet":{"background-color":"var(--ast-global-color-5)","background-image":"","background-repeat":"repeat","background-position":"center center","background-size":"auto","background-attachment":"scroll","background-type":"","background-media":"","overlay-type":"","overlay-color":"","overlay-opacity":"","overlay-gradient":""},"mobile":{"background-color":"var(--ast-global-color-5)","background-image":"","background-repeat":"repeat","background-position":"center center","background-size":"auto","background-attachment":"scroll","background-type":"","background-media":"","overlay-type":"","overlay-color":"","overlay-opacity":"","overlay-gradient":""}},"footnotes":""},"class_list":["post-17442","page","type-page","status-publish","hentry"],"acf":[],"yoast_head":"<!-- This site is optimized with the Yoast SEO plugin v27.5 - https:\/\/yoast.com\/product\/yoast-seo-wordpress\/ -->\n<title>A tua opini\u00e3o sobre a pol\u00edtica de sa\u00fade p\u00fablica - dodo-inflatables.com<\/title>\n<meta name=\"robots\" content=\"index, follow, max-snippet:-1, max-image-preview:large, max-video-preview:-1\" \/>\n<link rel=\"canonical\" href=\"https:\/\/dodo-inflatables.com\/pt-pt\/a-tua-opiniao-sobre-a-politica-de-saude-publica\/\" \/>\n<meta name=\"twitter:label1\" content=\"Tempo estimado de leitura\" \/>\n\t<meta name=\"twitter:data1\" content=\"2 minutos\" \/>\n<script type=\"application\/ld+json\" class=\"yoast-schema-graph\">{\"@context\":\"https:\\\/\\\/schema.org\",\"@graph\":[{\"@type\":\"WebPage\",\"@id\":\"https:\\\/\\\/dodo-inflatables.com\\\/pt-pt\\\/a-tua-opiniao-sobre-a-politica-de-saude-publica\\\/\",\"url\":\"https:\\\/\\\/dodo-inflatables.com\\\/pt-pt\\\/a-tua-opiniao-sobre-a-politica-de-saude-publica\\\/\",\"name\":\"A tua opini\u00e3o sobre a pol\u00edtica de sa\u00fade p\u00fablica - dodo-inflatables.com\",\"isPartOf\":{\"@id\":\"https:\\\/\\\/dodo-inflatables.com\\\/pt-pt\\\/#website\"},\"primaryImageOfPage\":{\"@id\":\"https:\\\/\\\/dodo-inflatables.com\\\/pt-pt\\\/a-tua-opiniao-sobre-a-politica-de-saude-publica\\\/#primaryimage\"},\"image\":{\"@id\":\"https:\\\/\\\/dodo-inflatables.com\\\/pt-pt\\\/a-tua-opiniao-sobre-a-politica-de-saude-publica\\\/#primaryimage\"},\"thumbnailUrl\":\"https:\\\/\\\/dodo-inflatables.com\\\/wp-content\\\/uploads\\\/2022\\\/01\\\/seperator-kleiner-1024x102.png\",\"datePublished\":\"2024-03-05T15:25:00+00:00\",\"dateModified\":\"2024-07-17T13:09:48+00:00\",\"breadcrumb\":{\"@id\":\"https:\\\/\\\/dodo-inflatables.com\\\/pt-pt\\\/a-tua-opiniao-sobre-a-politica-de-saude-publica\\\/#breadcrumb\"},\"inLanguage\":\"pt-PT\",\"potentialAction\":[{\"@type\":\"ReadAction\",\"target\":[\"https:\\\/\\\/dodo-inflatables.com\\\/pt-pt\\\/a-tua-opiniao-sobre-a-politica-de-saude-publica\\\/\"]}]},{\"@type\":\"ImageObject\",\"inLanguage\":\"pt-PT\",\"@id\":\"https:\\\/\\\/dodo-inflatables.com\\\/pt-pt\\\/a-tua-opiniao-sobre-a-politica-de-saude-publica\\\/#primaryimage\",\"url\":\"https:\\\/\\\/dodo-inflatables.com\\\/wp-content\\\/uploads\\\/2022\\\/01\\\/seperator-kleiner-1024x102.png\",\"contentUrl\":\"https:\\\/\\\/dodo-inflatables.com\\\/wp-content\\\/uploads\\\/2022\\\/01\\\/seperator-kleiner-1024x102.png\"},{\"@type\":\"BreadcrumbList\",\"@id\":\"https:\\\/\\\/dodo-inflatables.com\\\/pt-pt\\\/a-tua-opiniao-sobre-a-politica-de-saude-publica\\\/#breadcrumb\",\"itemListElement\":[{\"@type\":\"ListItem\",\"position\":1,\"name\":\"In\u00edcio\",\"item\":\"https:\\\/\\\/dodo-inflatables.com\\\/pt-pt\\\/\"},{\"@type\":\"ListItem\",\"position\":2,\"name\":\"A tua opini\u00e3o sobre a pol\u00edtica de sa\u00fade p\u00fablica\"}]},{\"@type\":\"WebSite\",\"@id\":\"https:\\\/\\\/dodo-inflatables.com\\\/pt-pt\\\/#website\",\"url\":\"https:\\\/\\\/dodo-inflatables.com\\\/pt-pt\\\/\",\"name\":\"dodo-inflatables.com\",\"description\":\"Compre castelos insufl\u00e1veis \u200b\u200be atra\u00e7\u00f5es na nossa loja.\",\"potentialAction\":[{\"@type\":\"SearchAction\",\"target\":{\"@type\":\"EntryPoint\",\"urlTemplate\":\"https:\\\/\\\/dodo-inflatables.com\\\/pt-pt\\\/?s={search_term_string}\"},\"query-input\":{\"@type\":\"PropertyValueSpecification\",\"valueRequired\":true,\"valueName\":\"search_term_string\"}}],\"inLanguage\":\"pt-PT\"}]}<\/script>\n<!-- \/ Yoast SEO plugin. -->","yoast_head_json":{"title":"A tua opini\u00e3o sobre a pol\u00edtica de sa\u00fade p\u00fablica - dodo-inflatables.com","robots":{"index":"index","follow":"follow","max-snippet":"max-snippet:-1","max-image-preview":"max-image-preview:large","max-video-preview":"max-video-preview:-1"},"canonical":"https:\/\/dodo-inflatables.com\/pt-pt\/a-tua-opiniao-sobre-a-politica-de-saude-publica\/","twitter_misc":{"Tempo estimado de leitura":"2 minutos"},"schema":{"@context":"https:\/\/schema.org","@graph":[{"@type":"WebPage","@id":"https:\/\/dodo-inflatables.com\/pt-pt\/a-tua-opiniao-sobre-a-politica-de-saude-publica\/","url":"https:\/\/dodo-inflatables.com\/pt-pt\/a-tua-opiniao-sobre-a-politica-de-saude-publica\/","name":"A tua opini\u00e3o sobre a pol\u00edtica de sa\u00fade p\u00fablica - dodo-inflatables.com","isPartOf":{"@id":"https:\/\/dodo-inflatables.com\/pt-pt\/#website"},"primaryImageOfPage":{"@id":"https:\/\/dodo-inflatables.com\/pt-pt\/a-tua-opiniao-sobre-a-politica-de-saude-publica\/#primaryimage"},"image":{"@id":"https:\/\/dodo-inflatables.com\/pt-pt\/a-tua-opiniao-sobre-a-politica-de-saude-publica\/#primaryimage"},"thumbnailUrl":"https:\/\/dodo-inflatables.com\/wp-content\/uploads\/2022\/01\/seperator-kleiner-1024x102.png","datePublished":"2024-03-05T15:25:00+00:00","dateModified":"2024-07-17T13:09:48+00:00","breadcrumb":{"@id":"https:\/\/dodo-inflatables.com\/pt-pt\/a-tua-opiniao-sobre-a-politica-de-saude-publica\/#breadcrumb"},"inLanguage":"pt-PT","potentialAction":[{"@type":"ReadAction","target":["https:\/\/dodo-inflatables.com\/pt-pt\/a-tua-opiniao-sobre-a-politica-de-saude-publica\/"]}]},{"@type":"ImageObject","inLanguage":"pt-PT","@id":"https:\/\/dodo-inflatables.com\/pt-pt\/a-tua-opiniao-sobre-a-politica-de-saude-publica\/#primaryimage","url":"https:\/\/dodo-inflatables.com\/wp-content\/uploads\/2022\/01\/seperator-kleiner-1024x102.png","contentUrl":"https:\/\/dodo-inflatables.com\/wp-content\/uploads\/2022\/01\/seperator-kleiner-1024x102.png"},{"@type":"BreadcrumbList","@id":"https:\/\/dodo-inflatables.com\/pt-pt\/a-tua-opiniao-sobre-a-politica-de-saude-publica\/#breadcrumb","itemListElement":[{"@type":"ListItem","position":1,"name":"In\u00edcio","item":"https:\/\/dodo-inflatables.com\/pt-pt\/"},{"@type":"ListItem","position":2,"name":"A tua opini\u00e3o sobre a pol\u00edtica de sa\u00fade p\u00fablica"}]},{"@type":"WebSite","@id":"https:\/\/dodo-inflatables.com\/pt-pt\/#website","url":"https:\/\/dodo-inflatables.com\/pt-pt\/","name":"dodo-inflatables.com","description":"Compre castelos insufl\u00e1veis \u200b\u200be atra\u00e7\u00f5es na nossa loja.","potentialAction":[{"@type":"SearchAction","target":{"@type":"EntryPoint","urlTemplate":"https:\/\/dodo-inflatables.com\/pt-pt\/?s={search_term_string}"},"query-input":{"@type":"PropertyValueSpecification","valueRequired":true,"valueName":"search_term_string"}}],"inLanguage":"pt-PT"}]}},"uagb_featured_image_src":{"full":false,"thumbnail":false,"medium":false,"medium_large":false,"large":false,"1536x1536":false,"2048x2048":false,"woocommerce_thumbnail":false,"woocommerce_single":false,"woocommerce_gallery_thumbnail":false},"uagb_author_info":{"display_name":"Andreas","author_link":"https:\/\/dodo-inflatables.com\/pt-pt\/author\/andreas\/"},"uagb_comment_info":0,"uagb_excerpt":"A tua opini\u00e3o sobre a pol\u00edtica de sa\u00fade p\u00fablica Descobre mais sobre o Dodo-Inflatables.com &#8211; o teu jogo de futebol online na Europa! Mer\u00fclj\u00f6n el kiv\u00e1l\u00f3 min\u0151s\u00e9g\u0171 felf\u00fajhat\u00f3 j\u00e1t\u00e9kok, felf\u00fajhat\u00f3 v\u00e1rak \u00e9s cs\u00faszd\u00e1k sz\u00e9les v\u00e1laszt\u00e9k\u00e1ban, amelyek minden alkalomhoz hozz\u00e1teszik azt a kis pluszt. Ak\u00e1r egy nagy felf\u00fajhat\u00f3 l\u00e9gv\u00e1rat keres egy c\u00e9ges rendezv\u00e9nyre, ak\u00e1r egy kis&hellip;","_links":{"self":[{"href":"https:\/\/dodo-inflatables.com\/pt-pt\/wp-json\/wp\/v2\/pages\/17442","targetHints":{"allow":["GET"]}}],"collection":[{"href":"https:\/\/dodo-inflatables.com\/pt-pt\/wp-json\/wp\/v2\/pages"}],"about":[{"href":"https:\/\/dodo-inflatables.com\/pt-pt\/wp-json\/wp\/v2\/types\/page"}],"author":[{"embeddable":true,"href":"https:\/\/dodo-inflatables.com\/pt-pt\/wp-json\/wp\/v2\/users\/1"}],"replies":[{"embeddable":true,"href":"https:\/\/dodo-inflatables.com\/pt-pt\/wp-json\/wp\/v2\/comments?post=17442"}],"version-history":[{"count":2,"href":"https:\/\/dodo-inflatables.com\/pt-pt\/wp-json\/wp\/v2\/pages\/17442\/revisions"}],"predecessor-version":[{"id":17447,"href":"https:\/\/dodo-inflatables.com\/pt-pt\/wp-json\/wp\/v2\/pages\/17442\/revisions\/17447"}],"wp:attachment":[{"href":"https:\/\/dodo-inflatables.com\/pt-pt\/wp-json\/wp\/v2\/media?parent=17442"}],"curies":[{"name":"wp","href":"https:\/\/api.w.org\/{rel}","templated":true}]}}