{"id":17688,"date":"2017-01-06T19:43:59","date_gmt":"2017-01-06T18:43:59","guid":{"rendered":"https:\/\/dodo-inflatables.com\/opcoes-de-pagamento\/"},"modified":"2024-08-19T14:52:41","modified_gmt":"2024-08-19T12:52:41","slug":"opcoes-de-pagamento","status":"publish","type":"page","link":"https:\/\/dodo-inflatables.com\/pt-pt\/opcoes-de-pagamento\/","title":{"rendered":"Op\u00e7\u00f5es de pagamento"},"content":{"rendered":"\n<h2 class=\"wp-block-heading has-text-align-center\" style=\"font-size:31px\"><strong>Op\u00e7\u00f5es de pagamento<\/strong><\/h2>\n\n<p class=\"has-text-align-center\">Oferecemos v\u00e1rias op\u00e7\u00f5es de pagamento para que possas fazer uma compra tranquila e segura.<br\/>Se tiveres alguma d\u00favida sobre os nossos m\u00e9todos de pagamento, n\u00e3o hesites em contactar-nos.<\/p>\n\n<div style=\"height:55px\" aria-hidden=\"true\" class=\"wp-block-spacer\"><\/div>\n\n<div class=\"wp-block-columns is-layout-flex wp-container-core-columns-is-layout-e0e4babd wp-block-columns-is-layout-flex\" style=\"padding-right:0;padding-left:0\">\n<div class=\"wp-block-column is-vertically-aligned-center is-layout-flow wp-block-column-is-layout-flow\" style=\"flex-basis:15%\">\n<figure class=\"wp-block-image alignwide size-full\"><a href=\"https:\/\/dodo-inflatables.com\/wp-content\/uploads\/2024\/03\/2.png\"><img decoding=\"async\" src=\"https:\/\/dodo-inflatables.com\/wp-content\/uploads\/2024\/03\/2.png\" alt=\"\" class=\"wp-image-7141\"\/><\/a><\/figure>\n<\/div>\n\n\n\n<div class=\"wp-block-column is-layout-flow wp-block-column-is-layout-flow\" style=\"flex-basis:85%\">\n<p><strong>Transfer\u00eancia banc\u00e1ria<\/strong><br\/>Transfere diretamente para a nossa conta banc\u00e1ria. Utiliza o n\u00famero de encomenda como motivo de pagamento. A tua encomenda s\u00f3 ser\u00e1 enviada depois de termos recebido o dinheiro na nossa conta. Se precisares da tua encomenda rapidamente, basta enviares-nos o comprovativo de pagamento da tua transfer\u00eancia por e-mail, para podermos acelerar todo o processo.<\/p>\n<\/div>\n<\/div>\n\n<div style=\"height:40px\" aria-hidden=\"true\" class=\"wp-block-spacer\"><\/div>\n\n<div class=\"wp-block-columns is-layout-flex wp-container-core-columns-is-layout-28f84493 wp-block-columns-is-layout-flex\">\n<div class=\"wp-block-column is-vertically-aligned-center is-layout-flow wp-block-column-is-layout-flow\" style=\"flex-basis:15%\">\n<figure class=\"wp-block-image alignwide size-full\"><a href=\"https:\/\/dodo-inflatables.com\/wp-content\/uploads\/2024\/03\/7.png\"><img decoding=\"async\" src=\"https:\/\/dodo-inflatables.com\/wp-content\/uploads\/2024\/03\/7.png\" alt=\"\" class=\"wp-image-7142\"\/><\/a><\/figure>\n<\/div>\n\n\n\n<div class=\"wp-block-column is-layout-flow wp-block-column-is-layout-flow\" style=\"flex-basis:85%\">\n<p><strong>PayPal<\/strong><br\/>Paga as tuas compras de forma f\u00e1cil e segura com o PayPal. Basta associar o teu cart\u00e3o de cr\u00e9dito, conta banc\u00e1ria ou utilizar o teu saldo PayPal para processar os pagamentos. As tuas transac\u00e7\u00f5es est\u00e3o protegidas e os teus dados permanecem privados. Assim que o teu pagamento for confirmado, a tua encomenda ser\u00e1 processada e enviada imediatamente.<\/p>\n<\/div>\n<\/div>\n\n<div style=\"height:40px\" aria-hidden=\"true\" class=\"wp-block-spacer\"><\/div>\n\n<div class=\"wp-block-columns is-layout-flex wp-container-core-columns-is-layout-28f84493 wp-block-columns-is-layout-flex\">\n<div class=\"wp-block-column is-vertically-aligned-center is-layout-flow wp-block-column-is-layout-flow\" style=\"flex-basis:15%\">\n<figure class=\"wp-block-image alignwide size-full\"><a href=\"https:\/\/dodo-inflatables.com\/wp-content\/uploads\/2024\/03\/7.png\"><img decoding=\"async\" src=\"https:\/\/dodo-inflatables.com\/wp-content\/uploads\/2024\/03\/7.png\" alt=\"\" class=\"wp-image-7142\"\/><\/a><\/figure>\n<\/div>\n\n\n\n<div class=\"wp-block-column is-layout-flow wp-block-column-is-layout-flow\" style=\"flex-basis:85%\">\n<p><strong>Pagamento em presta\u00e7\u00f5es atrav\u00e9s de PayPal<\/strong><br\/>Paga facilmente o produto que desejas com 12 presta\u00e7\u00f5es mensais. Basta adicionares os artigos desejados ao teu cesto de compras e, em seguida, selecionar o m\u00e9todo de pagamento PayPal no checkout. No passo seguinte, ser\u00e1s encaminhado para o prestador de servi\u00e7os de pagamento PayPal. Aqui, clica no pagamento em presta\u00e7\u00f5es PayPal, que est\u00e1 dispon\u00edvel para ti, desde que tenhas uma boa classifica\u00e7\u00e3o de cr\u00e9dito. Aplica-se apenas a clientes particulares.<\/p>\n<\/div>\n<\/div>\n\n<div style=\"height:40px\" aria-hidden=\"true\" class=\"wp-block-spacer\"><\/div>\n\n<div class=\"wp-block-columns is-layout-flex wp-container-core-columns-is-layout-28f84493 wp-block-columns-is-layout-flex\">\n<div class=\"wp-block-column is-vertically-aligned-center is-layout-flow wp-block-column-is-layout-flow\" style=\"flex-basis:15%\">\n<figure class=\"wp-block-image alignwide size-full\"><a href=\"https:\/\/dodo-inflatables.com\/wp-content\/uploads\/2024\/03\/9.png\"><img decoding=\"async\" src=\"https:\/\/dodo-inflatables.com\/wp-content\/uploads\/2024\/03\/9.png\" alt=\"\" class=\"wp-image-7144\"\/><\/a><\/figure>\n<\/div>\n\n\n\n<div class=\"wp-block-column is-vertically-aligned-center is-layout-flow wp-block-column-is-layout-flow\" style=\"flex-basis:85%\">\n<p><strong>Cart\u00e3o de cr\u00e9dito<\/strong><br\/>Paga a tua encomenda de forma segura e c\u00f3moda com o teu cart\u00e3o de cr\u00e9dito. Aceitamos cart\u00f5es de cr\u00e9dito Visa, MasterCard e American Express. O teu pagamento \u00e9 efectuado de forma r\u00e1pida e simples durante o processo de encomenda. A tua encomenda ser\u00e1 enviada imediatamente ap\u00f3s uma autoriza\u00e7\u00e3o bem sucedida.<\/p>\n<\/div>\n<\/div>\n\n<div style=\"height:40px\" aria-hidden=\"true\" class=\"wp-block-spacer\"><\/div>\n\n<div class=\"wp-block-columns is-layout-flex wp-container-core-columns-is-layout-28f84493 wp-block-columns-is-layout-flex\">\n<div class=\"wp-block-column is-vertically-aligned-center is-layout-flow wp-block-column-is-layout-flow\" style=\"flex-basis:15%\">\n<figure class=\"wp-block-image alignwide size-full\"><a href=\"https:\/\/dodo-inflatables.com\/wp-content\/uploads\/2024\/03\/13.png\"><img decoding=\"async\" src=\"https:\/\/dodo-inflatables.com\/wp-content\/uploads\/2024\/03\/13.png\" alt=\"\" class=\"wp-image-7148\"\/><\/a><\/figure>\n<\/div>\n\n\n\n<div class=\"wp-block-column is-layout-flow wp-block-column-is-layout-flow\" style=\"flex-basis:85%\">\n<p><strong>Klarna<\/strong><br\/>Com Klarna, podes pagar as tuas compras em presta\u00e7\u00f5es, liquidar o montante da fatura mais tarde ou pagar imediatamente utilizando o teu m\u00e9todo de pagamento preferido. Escolhe Klarna durante o processo de checkout e desfruta de uma experi\u00eancia de pagamento simples e segura. A tua encomenda ser\u00e1 processada rapidamente e enviada para ti assim que o pagamento estiver conclu\u00eddo. Apenas dispon\u00edvel na B\u00e9lgica, Alemanha, Pa\u00edses Baixos, Su\u00ed\u00e7a, \u00c1ustria, Dinamarca, Finl\u00e2ndia, Noruega e Su\u00e9cia.<\/p>\n<\/div>\n<\/div>\n\n<div style=\"height:40px\" aria-hidden=\"true\" class=\"wp-block-spacer\"><\/div>\n\n<div class=\"wp-block-columns is-layout-flex wp-container-core-columns-is-layout-28f84493 wp-block-columns-is-layout-flex\">\n<div class=\"wp-block-column is-vertically-aligned-center is-layout-flow wp-block-column-is-layout-flow\" style=\"flex-basis:15%\">\n<figure class=\"wp-block-image alignwide size-full\"><a href=\"https:\/\/dodo-inflatables.com\/wp-content\/uploads\/2024\/03\/11.png\"><img decoding=\"async\" src=\"https:\/\/dodo-inflatables.com\/wp-content\/uploads\/2024\/03\/11.png\" alt=\"\" class=\"wp-image-7146\"\/><\/a><\/figure>\n<\/div>\n\n\n\n<div class=\"wp-block-column is-layout-flow wp-block-column-is-layout-flow\" style=\"flex-basis:85%\">\n<p><strong>Apple Pay<\/strong><br\/>Paga de forma simples e segura com o teu iPhone, iPad, Mac ou Apple Watch. Adiciona os teus cart\u00f5es de cr\u00e9dito ou d\u00e9bito ao Apple Pay e paga com apenas um toque ou um olhar. As tuas transac\u00e7\u00f5es s\u00e3o seguras e protegidas pelo Touch ID ou Face ID. Assim que o teu pagamento for autorizado, a tua encomenda ser\u00e1 processada e enviada imediatamente.<\/p>\n<\/div>\n<\/div>\n\n<div style=\"height:40px\" aria-hidden=\"true\" class=\"wp-block-spacer\"><\/div>\n\n<div class=\"wp-block-columns is-layout-flex wp-container-core-columns-is-layout-28f84493 wp-block-columns-is-layout-flex\">\n<div class=\"wp-block-column is-vertically-aligned-center is-layout-flow wp-block-column-is-layout-flow\" style=\"flex-basis:15%\">\n<figure class=\"wp-block-image alignwide size-full\"><a href=\"https:\/\/dodo-inflatables.com\/wp-content\/uploads\/2024\/03\/12.png\"><img decoding=\"async\" src=\"https:\/\/dodo-inflatables.com\/wp-content\/uploads\/2024\/03\/12.png\" alt=\"\" class=\"wp-image-7147\"\/><\/a><\/figure>\n<\/div>\n\n\n\n<div class=\"wp-block-column is-layout-flow wp-block-column-is-layout-flow\" style=\"flex-basis:85%\">\n<p><strong>Google Pay<\/strong><br\/>Adiciona os teus cart\u00f5es de cr\u00e9dito ou d\u00e9bito ao Google Pay e paga online com o teu dispositivo Android. Os dados do teu cart\u00e3o s\u00e3o encriptados e permanecem privados. Com apenas um clique ou um toque, o teu pagamento est\u00e1 conclu\u00eddo. Assim que a tua transa\u00e7\u00e3o for confirmada, a tua encomenda ser\u00e1 processada e enviada imediatamente.<\/p>\n<\/div>\n<\/div>\n\n<div style=\"height:40px\" aria-hidden=\"true\" class=\"wp-block-spacer\"><\/div>\n\n<div class=\"wp-block-columns is-layout-flex wp-container-core-columns-is-layout-28f84493 wp-block-columns-is-layout-flex\">\n<div class=\"wp-block-column is-vertically-aligned-center is-layout-flow wp-block-column-is-layout-flow\" style=\"flex-basis:15%\">\n<figure class=\"wp-block-image alignwide size-full\"><a href=\"https:\/\/dodo-inflatables.com\/wp-content\/uploads\/2024\/03\/18.png\"><img decoding=\"async\" src=\"https:\/\/dodo-inflatables.com\/wp-content\/uploads\/2024\/03\/18.png\" alt=\"\" class=\"wp-image-7153\"\/><\/a><\/figure>\n<\/div>\n\n\n\n<div class=\"wp-block-column is-layout-flow wp-block-column-is-layout-flow\" style=\"flex-basis:85%\">\n<p><strong>EPS<\/strong><br\/>Para os nossos clientes austr\u00edacos: A EPS permite-te pagar diretamente atrav\u00e9s da tua conta banc\u00e1ria online. Selecciona EPS durante o processo de pagamento, escolhe o teu banco e inicia sess\u00e3o no teu banco online para finalizar o pagamento. A tua encomenda ser\u00e1 processada e enviada imediatamente ap\u00f3s uma transa\u00e7\u00e3o bem sucedida.<\/p>\n<\/div>\n<\/div>\n\n<div style=\"height:40px\" aria-hidden=\"true\" class=\"wp-block-spacer\"><\/div>\n\n<div class=\"wp-block-columns is-layout-flex wp-container-core-columns-is-layout-28f84493 wp-block-columns-is-layout-flex\">\n<div class=\"wp-block-column is-vertically-aligned-center is-layout-flow wp-block-column-is-layout-flow\" style=\"flex-basis:15%\">\n<figure class=\"wp-block-image alignwide size-full\"><a href=\"https:\/\/dodo-inflatables.com\/wp-content\/uploads\/2024\/03\/14.png\"><img decoding=\"async\" src=\"https:\/\/dodo-inflatables.com\/wp-content\/uploads\/2024\/03\/14.png\" alt=\"\" class=\"wp-image-7149\"\/><\/a><\/figure>\n<\/div>\n\n\n\n<div class=\"wp-block-column is-layout-flow wp-block-column-is-layout-flow\" style=\"flex-basis:85%\">\n<p><strong>Contacto com o banco<\/strong><br\/>Para os nossos clientes belgas: O Bancontact permite-te pagar online de forma r\u00e1pida e c\u00f3moda. Selecciona Bancontact durante o processo de pagamento, introduz os teus dados banc\u00e1rios e confirma o pagamento com o teu c\u00f3digo de seguran\u00e7a ou smartphone. A tua encomenda ser\u00e1 imediatamente processada e enviada para ti assim que o pagamento for efectuado.<\/p>\n<\/div>\n<\/div>\n\n<div style=\"height:40px\" aria-hidden=\"true\" class=\"wp-block-spacer\"><\/div>\n\n<div class=\"wp-block-columns is-layout-flex wp-container-core-columns-is-layout-28f84493 wp-block-columns-is-layout-flex\">\n<div class=\"wp-block-column is-vertically-aligned-center is-layout-flow wp-block-column-is-layout-flow\" style=\"flex-basis:15%\">\n<figure class=\"wp-block-image alignwide size-full\"><a href=\"https:\/\/dodo-inflatables.com\/wp-content\/uploads\/2024\/03\/15.png\"><img decoding=\"async\" src=\"https:\/\/dodo-inflatables.com\/wp-content\/uploads\/2024\/03\/15.png\" alt=\"\" class=\"wp-image-7150\"\/><\/a><\/figure>\n<\/div>\n\n\n\n<div class=\"wp-block-column is-layout-flow wp-block-column-is-layout-flow\" style=\"flex-basis:85%\">\n<p><strong>iDEAL<\/strong><br\/>Para os nossos clientes holandeses: Selecciona iDEAL durante o processo de compra, escolhe o teu banco e inicia sess\u00e3o no teu banco online para finalizar o pagamento. A tua encomenda ser\u00e1 processada e enviada imediatamente ap\u00f3s uma transa\u00e7\u00e3o bem sucedida.<\/p>\n<\/div>\n<\/div>\n\n<div style=\"height:40px\" aria-hidden=\"true\" class=\"wp-block-spacer\"><\/div>\n\n<div class=\"wp-block-columns is-layout-flex wp-container-core-columns-is-layout-28f84493 wp-block-columns-is-layout-flex\">\n<div class=\"wp-block-column is-vertically-aligned-center is-layout-flow wp-block-column-is-layout-flow\" style=\"flex-basis:15%\">\n<figure class=\"wp-block-image alignwide size-full\"><a href=\"https:\/\/dodo-inflatables.com\/wp-content\/uploads\/2024\/03\/16.png\"><img decoding=\"async\" src=\"https:\/\/dodo-inflatables.com\/wp-content\/uploads\/2024\/03\/16.png\" alt=\"\" class=\"wp-image-7151\"\/><\/a><\/figure>\n<\/div>\n\n\n\n<div class=\"wp-block-column is-layout-flow wp-block-column-is-layout-flow\" style=\"flex-basis:85%\">\n<p><strong>Przelewy24<\/strong><br\/>Para os nossos clientes polacos: Selecciona Przelewy24 durante o processo de compra, escolhe o teu banco e inicia sess\u00e3o no teu banco online para finalizar o pagamento. A tua encomenda ser\u00e1 processada e enviada imediatamente ap\u00f3s uma transa\u00e7\u00e3o bem sucedida.<\/p>\n<\/div>\n<\/div>\n\n<p><\/p>\n","protected":false},"excerpt":{"rendered":"<p>Op\u00e7\u00f5es de pagamento Oferecemos v\u00e1rias op\u00e7\u00f5es de pagamento para que possas fazer uma compra tranquila e segura.Se tiveres alguma d\u00favida sobre os nossos m\u00e9todos de pagamento, n\u00e3o hesites em contactar-nos. Transfer\u00eancia banc\u00e1riaTransfere diretamente para a nossa conta banc\u00e1ria. Utiliza o n\u00famero de encomenda como motivo de pagamento. A tua encomenda s\u00f3 ser\u00e1 enviada depois de [&hellip;]<\/p>\n","protected":false},"author":1,"featured_media":0,"parent":0,"menu_order":0,"comment_status":"closed","ping_status":"closed","template":"","meta":{"_acf_changed":false,"_uag_custom_page_level_css":"","site-sidebar-layout":"default","site-content-layout":"boxed-container","ast-site-content-layout":"normal-width-container","site-content-style":"boxed","site-sidebar-style":"boxed","ast-global-header-display":"","ast-banner-title-visibility":"","ast-main-header-display":"","ast-hfb-above-header-display":"","ast-hfb-below-header-display":"","ast-hfb-mobile-header-display":"","site-post-title":"disabled","ast-breadcrumbs-content":"disabled","ast-featured-img":"disabled","footer-sml-layout":"","ast-disable-related-posts":"","theme-transparent-header-meta":"","adv-header-id-meta":"7189","stick-header-meta":"","header-above-stick-meta":"","header-main-stick-meta":"","header-below-stick-meta":"","astra-migrate-meta-layouts":"default","ast-page-background-enabled":"default","ast-page-background-meta":{"desktop":{"background-color":"var(--ast-global-color-4)","background-image":"","background-repeat":"repeat","background-position":"center center","background-size":"auto","background-attachment":"scroll","background-type":"","background-media":"","overlay-type":"","overlay-color":"","overlay-opacity":"","overlay-gradient":""},"tablet":{"background-color":"","background-image":"","background-repeat":"repeat","background-position":"center center","background-size":"auto","background-attachment":"scroll","background-type":"","background-media":"","overlay-type":"","overlay-color":"","overlay-opacity":"","overlay-gradient":""},"mobile":{"background-color":"","background-image":"","background-repeat":"repeat","background-position":"center center","background-size":"auto","background-attachment":"scroll","background-type":"","background-media":"","overlay-type":"","overlay-color":"","overlay-opacity":"","overlay-gradient":""}},"ast-content-background-meta":{"desktop":{"background-color":"var(--ast-global-color-5)","background-image":"","background-repeat":"repeat","background-position":"center center","background-size":"auto","background-attachment":"scroll","background-type":"","background-media":"","overlay-type":"","overlay-color":"","overlay-opacity":"","overlay-gradient":""},"tablet":{"background-color":"var(--ast-global-color-5)","background-image":"","background-repeat":"repeat","background-position":"center center","background-size":"auto","background-attachment":"scroll","background-type":"","background-media":"","overlay-type":"","overlay-color":"","overlay-opacity":"","overlay-gradient":""},"mobile":{"background-color":"var(--ast-global-color-5)","background-image":"","background-repeat":"repeat","background-position":"center center","background-size":"auto","background-attachment":"scroll","background-type":"","background-media":"","overlay-type":"","overlay-color":"","overlay-opacity":"","overlay-gradient":""}},"footnotes":""},"class_list":["post-17688","page","type-page","status-publish","hentry"],"acf":[],"yoast_head":"<!-- This site is optimized with the Yoast SEO plugin v27.3 - https:\/\/yoast.com\/product\/yoast-seo-wordpress\/ -->\n<title>Op\u00e7\u00f5es de pagamento seguras para o teu castelo insufl\u00e1vel Bliss - Dodo Inflatables<\/title>\n<meta name=\"description\" content=\"Escolhe a alegria em seguran\u00e7a com a Dodo Inflatables! Explora diversos m\u00e9todos de pagamento e leva para casa insufl\u00e1veis e castelos insufl\u00e1veis com certifica\u00e7\u00e3o DIN EN 14960.\" \/>\n<meta name=\"robots\" content=\"index, follow, max-snippet:-1, max-image-preview:large, max-video-preview:-1\" \/>\n<link rel=\"canonical\" href=\"https:\/\/dodo-inflatables.com\/pt-pt\/opcoes-de-pagamento\/\" \/>\n<meta name=\"twitter:label1\" content=\"Tempo estimado de leitura\" \/>\n\t<meta name=\"twitter:data1\" content=\"4 minutos\" \/>\n<script type=\"application\/ld+json\" class=\"yoast-schema-graph\">{\"@context\":\"https:\\\/\\\/schema.org\",\"@graph\":[{\"@type\":\"WebPage\",\"@id\":\"https:\\\/\\\/dodo-inflatables.com\\\/pt-pt\\\/opcoes-de-pagamento\\\/\",\"url\":\"https:\\\/\\\/dodo-inflatables.com\\\/pt-pt\\\/opcoes-de-pagamento\\\/\",\"name\":\"Op\u00e7\u00f5es de pagamento seguras para o teu castelo insufl\u00e1vel Bliss - Dodo Inflatables\",\"isPartOf\":{\"@id\":\"https:\\\/\\\/dodo-inflatables.com\\\/pt-pt\\\/#website\"},\"primaryImageOfPage\":{\"@id\":\"https:\\\/\\\/dodo-inflatables.com\\\/pt-pt\\\/opcoes-de-pagamento\\\/#primaryimage\"},\"image\":{\"@id\":\"https:\\\/\\\/dodo-inflatables.com\\\/pt-pt\\\/opcoes-de-pagamento\\\/#primaryimage\"},\"thumbnailUrl\":\"https:\\\/\\\/dodo-inflatables.com\\\/wp-content\\\/uploads\\\/2024\\\/03\\\/2.png\",\"datePublished\":\"2017-01-06T18:43:59+00:00\",\"dateModified\":\"2024-08-19T12:52:41+00:00\",\"description\":\"Escolhe a alegria em seguran\u00e7a com a Dodo Inflatables! Explora diversos m\u00e9todos de pagamento e leva para casa insufl\u00e1veis e castelos insufl\u00e1veis com certifica\u00e7\u00e3o DIN EN 14960.\",\"breadcrumb\":{\"@id\":\"https:\\\/\\\/dodo-inflatables.com\\\/pt-pt\\\/opcoes-de-pagamento\\\/#breadcrumb\"},\"inLanguage\":\"pt-PT\",\"potentialAction\":[{\"@type\":\"ReadAction\",\"target\":[\"https:\\\/\\\/dodo-inflatables.com\\\/pt-pt\\\/opcoes-de-pagamento\\\/\"]}]},{\"@type\":\"ImageObject\",\"inLanguage\":\"pt-PT\",\"@id\":\"https:\\\/\\\/dodo-inflatables.com\\\/pt-pt\\\/opcoes-de-pagamento\\\/#primaryimage\",\"url\":\"https:\\\/\\\/dodo-inflatables.com\\\/wp-content\\\/uploads\\\/2024\\\/03\\\/2.png\",\"contentUrl\":\"https:\\\/\\\/dodo-inflatables.com\\\/wp-content\\\/uploads\\\/2024\\\/03\\\/2.png\"},{\"@type\":\"BreadcrumbList\",\"@id\":\"https:\\\/\\\/dodo-inflatables.com\\\/pt-pt\\\/opcoes-de-pagamento\\\/#breadcrumb\",\"itemListElement\":[{\"@type\":\"ListItem\",\"position\":1,\"name\":\"In\u00edcio\",\"item\":\"https:\\\/\\\/dodo-inflatables.com\\\/pt-pt\\\/\"},{\"@type\":\"ListItem\",\"position\":2,\"name\":\"Op\u00e7\u00f5es de pagamento\"}]},{\"@type\":\"WebSite\",\"@id\":\"https:\\\/\\\/dodo-inflatables.com\\\/pt-pt\\\/#website\",\"url\":\"https:\\\/\\\/dodo-inflatables.com\\\/pt-pt\\\/\",\"name\":\"dodo-inflatables.com\",\"description\":\"Compre castelos insufl\u00e1veis \u200b\u200be atra\u00e7\u00f5es na nossa loja.\",\"publisher\":{\"@id\":\"https:\\\/\\\/dodo-inflatables.com\\\/pt-pt\\\/#organization\"},\"potentialAction\":[{\"@type\":\"SearchAction\",\"target\":{\"@type\":\"EntryPoint\",\"urlTemplate\":\"https:\\\/\\\/dodo-inflatables.com\\\/pt-pt\\\/?s={search_term_string}\"},\"query-input\":{\"@type\":\"PropertyValueSpecification\",\"valueRequired\":true,\"valueName\":\"search_term_string\"}}],\"inLanguage\":\"pt-PT\"},{\"@type\":\"Organization\",\"@id\":\"https:\\\/\\\/dodo-inflatables.com\\\/pt-pt\\\/#organization\",\"name\":\"dodo-inflatables.com\",\"url\":\"https:\\\/\\\/dodo-inflatables.com\\\/pt-pt\\\/\",\"logo\":{\"@type\":\"ImageObject\",\"inLanguage\":\"pt-PT\",\"@id\":\"https:\\\/\\\/dodo-inflatables.com\\\/pt-pt\\\/#\\\/schema\\\/logo\\\/image\\\/\",\"url\":\"https:\\\/\\\/dodo-inflatables.com\\\/wp-content\\\/uploads\\\/2023\\\/04\\\/cropped-cropped-cropped-Dodo-Logo.png\",\"contentUrl\":\"https:\\\/\\\/dodo-inflatables.com\\\/wp-content\\\/uploads\\\/2023\\\/04\\\/cropped-cropped-cropped-Dodo-Logo.png\",\"width\":2996,\"height\":1545,\"caption\":\"dodo-inflatables.com\"},\"image\":{\"@id\":\"https:\\\/\\\/dodo-inflatables.com\\\/pt-pt\\\/#\\\/schema\\\/logo\\\/image\\\/\"}}]}<\/script>\n<!-- \/ Yoast SEO plugin. -->","yoast_head_json":{"title":"Op\u00e7\u00f5es de pagamento seguras para o teu castelo insufl\u00e1vel Bliss - Dodo Inflatables","description":"Escolhe a alegria em seguran\u00e7a com a Dodo Inflatables! Explora diversos m\u00e9todos de pagamento e leva para casa insufl\u00e1veis e castelos insufl\u00e1veis com certifica\u00e7\u00e3o DIN EN 14960.","robots":{"index":"index","follow":"follow","max-snippet":"max-snippet:-1","max-image-preview":"max-image-preview:large","max-video-preview":"max-video-preview:-1"},"canonical":"https:\/\/dodo-inflatables.com\/pt-pt\/opcoes-de-pagamento\/","twitter_misc":{"Tempo estimado de leitura":"4 minutos"},"schema":{"@context":"https:\/\/schema.org","@graph":[{"@type":"WebPage","@id":"https:\/\/dodo-inflatables.com\/pt-pt\/opcoes-de-pagamento\/","url":"https:\/\/dodo-inflatables.com\/pt-pt\/opcoes-de-pagamento\/","name":"Op\u00e7\u00f5es de pagamento seguras para o teu castelo insufl\u00e1vel Bliss - Dodo Inflatables","isPartOf":{"@id":"https:\/\/dodo-inflatables.com\/pt-pt\/#website"},"primaryImageOfPage":{"@id":"https:\/\/dodo-inflatables.com\/pt-pt\/opcoes-de-pagamento\/#primaryimage"},"image":{"@id":"https:\/\/dodo-inflatables.com\/pt-pt\/opcoes-de-pagamento\/#primaryimage"},"thumbnailUrl":"https:\/\/dodo-inflatables.com\/wp-content\/uploads\/2024\/03\/2.png","datePublished":"2017-01-06T18:43:59+00:00","dateModified":"2024-08-19T12:52:41+00:00","description":"Escolhe a alegria em seguran\u00e7a com a Dodo Inflatables! Explora diversos m\u00e9todos de pagamento e leva para casa insufl\u00e1veis e castelos insufl\u00e1veis com certifica\u00e7\u00e3o DIN EN 14960.","breadcrumb":{"@id":"https:\/\/dodo-inflatables.com\/pt-pt\/opcoes-de-pagamento\/#breadcrumb"},"inLanguage":"pt-PT","potentialAction":[{"@type":"ReadAction","target":["https:\/\/dodo-inflatables.com\/pt-pt\/opcoes-de-pagamento\/"]}]},{"@type":"ImageObject","inLanguage":"pt-PT","@id":"https:\/\/dodo-inflatables.com\/pt-pt\/opcoes-de-pagamento\/#primaryimage","url":"https:\/\/dodo-inflatables.com\/wp-content\/uploads\/2024\/03\/2.png","contentUrl":"https:\/\/dodo-inflatables.com\/wp-content\/uploads\/2024\/03\/2.png"},{"@type":"BreadcrumbList","@id":"https:\/\/dodo-inflatables.com\/pt-pt\/opcoes-de-pagamento\/#breadcrumb","itemListElement":[{"@type":"ListItem","position":1,"name":"In\u00edcio","item":"https:\/\/dodo-inflatables.com\/pt-pt\/"},{"@type":"ListItem","position":2,"name":"Op\u00e7\u00f5es de pagamento"}]},{"@type":"WebSite","@id":"https:\/\/dodo-inflatables.com\/pt-pt\/#website","url":"https:\/\/dodo-inflatables.com\/pt-pt\/","name":"dodo-inflatables.com","description":"Compre castelos insufl\u00e1veis \u200b\u200be atra\u00e7\u00f5es na nossa loja.","publisher":{"@id":"https:\/\/dodo-inflatables.com\/pt-pt\/#organization"},"potentialAction":[{"@type":"SearchAction","target":{"@type":"EntryPoint","urlTemplate":"https:\/\/dodo-inflatables.com\/pt-pt\/?s={search_term_string}"},"query-input":{"@type":"PropertyValueSpecification","valueRequired":true,"valueName":"search_term_string"}}],"inLanguage":"pt-PT"},{"@type":"Organization","@id":"https:\/\/dodo-inflatables.com\/pt-pt\/#organization","name":"dodo-inflatables.com","url":"https:\/\/dodo-inflatables.com\/pt-pt\/","logo":{"@type":"ImageObject","inLanguage":"pt-PT","@id":"https:\/\/dodo-inflatables.com\/pt-pt\/#\/schema\/logo\/image\/","url":"https:\/\/dodo-inflatables.com\/wp-content\/uploads\/2023\/04\/cropped-cropped-cropped-Dodo-Logo.png","contentUrl":"https:\/\/dodo-inflatables.com\/wp-content\/uploads\/2023\/04\/cropped-cropped-cropped-Dodo-Logo.png","width":2996,"height":1545,"caption":"dodo-inflatables.com"},"image":{"@id":"https:\/\/dodo-inflatables.com\/pt-pt\/#\/schema\/logo\/image\/"}}]}},"uagb_featured_image_src":{"full":false,"thumbnail":false,"medium":false,"medium_large":false,"large":false,"1536x1536":false,"2048x2048":false,"woocommerce_thumbnail":false,"woocommerce_single":false,"woocommerce_gallery_thumbnail":false},"uagb_author_info":{"display_name":"Andreas","author_link":"https:\/\/dodo-inflatables.com\/pt-pt\/author\/andreas\/"},"uagb_comment_info":0,"uagb_excerpt":"Op\u00e7\u00f5es de pagamento Oferecemos v\u00e1rias op\u00e7\u00f5es de pagamento para que possas fazer uma compra tranquila e segura.Se tiveres alguma d\u00favida sobre os nossos m\u00e9todos de pagamento, n\u00e3o hesites em contactar-nos. Transfer\u00eancia banc\u00e1riaTransfere diretamente para a nossa conta banc\u00e1ria. Utiliza o n\u00famero de encomenda como motivo de pagamento. A tua encomenda s\u00f3 ser\u00e1 enviada depois de&hellip;","_links":{"self":[{"href":"https:\/\/dodo-inflatables.com\/pt-pt\/wp-json\/wp\/v2\/pages\/17688","targetHints":{"allow":["GET"]}}],"collection":[{"href":"https:\/\/dodo-inflatables.com\/pt-pt\/wp-json\/wp\/v2\/pages"}],"about":[{"href":"https:\/\/dodo-inflatables.com\/pt-pt\/wp-json\/wp\/v2\/types\/page"}],"author":[{"embeddable":true,"href":"https:\/\/dodo-inflatables.com\/pt-pt\/wp-json\/wp\/v2\/users\/1"}],"replies":[{"embeddable":true,"href":"https:\/\/dodo-inflatables.com\/pt-pt\/wp-json\/wp\/v2\/comments?post=17688"}],"version-history":[{"count":2,"href":"https:\/\/dodo-inflatables.com\/pt-pt\/wp-json\/wp\/v2\/pages\/17688\/revisions"}],"predecessor-version":[{"id":17691,"href":"https:\/\/dodo-inflatables.com\/pt-pt\/wp-json\/wp\/v2\/pages\/17688\/revisions\/17691"}],"wp:attachment":[{"href":"https:\/\/dodo-inflatables.com\/pt-pt\/wp-json\/wp\/v2\/media?parent=17688"}],"curies":[{"name":"wp","href":"https:\/\/api.w.org\/{rel}","templated":true}]}}