{"id":17796,"date":"2025-03-11T17:02:51","date_gmt":"2025-03-11T16:02:51","guid":{"rendered":"https:\/\/dodo-inflatables.com\/aviso-legal\/"},"modified":"2025-07-20T09:14:28","modified_gmt":"2025-07-20T07:14:28","slug":"aviso-legal","status":"publish","type":"page","link":"https:\/\/dodo-inflatables.com\/pt-pt\/aviso-legal\/","title":{"rendered":"Aviso legal"},"content":{"rendered":"\n<div class=\"wp-block-uagb-advanced-heading uagb-block-144f1230\"><h2 class=\"uagb-heading-text\">Aviso legal<\/h2><\/div>\n\n\n\n<div style=\"height:43px\" aria-hidden=\"true\" class=\"wp-block-spacer\"><\/div>\n\n\n<p>Miet Event Vertriebs GmbH<br \/>Ferdinand-Porsche-Stra\u00dfe 4<br \/>82205 Gilching<br \/>Alemanha<\/p>\n<p>Tel.: 089 12 50 18 700<br \/>E-Mail: contact@dodo-inflatables.com<\/p>\n<p>Tribunal de registo: Amtsgericht Munich<br \/>N\u00famero de registo: HRB 238608<\/p>\n<p>Diretor-geral: Andreas Fr\u00f6schl<\/p>\n<p>N\u00famero de IVA: DE31727461<\/p>\n<p>N.\u00ba do Regulamento REEEE DE 82972723<br \/>Obriga\u00e7\u00f5es de informa\u00e7\u00e3o de acordo com o \u00a718 para. 4 frase 3 ElektroG:<br \/><a href=\"https:\/\/www.bmuv.de\/themen\/wasser-ressourcen-abfall\/kreislaufwirtschaft\/statistiken\/elektro-und-elektronikaltgeraete\" target=\"_blank\" rel=\"noopener\">https:\/\/www.bmuv.de\/themen\/wasser-ressourcen-abfall\/kreislaufwirtschaft\/statistiken\/elektro-und-elektronikaltgeraete<\/a><\/p>\n<p>Parte respons\u00e1vel na ace\u00e7\u00e3o do \u00a7 18 para. 2 MStV:<br \/>Miet Event Vertriebs GmbH, Andreas Fr\u00f6schl, Ferdinand-Porsche-Stra\u00dfe 4, 82205 Gilching<\/p>\n<p>Autoridade de controlo competente para a presta\u00e7\u00e3o de servi\u00e7os de comunica\u00e7\u00e3o social audiovisual:<br \/>Bayerische Landeszentrale f\u00fcr neue Medien (BLM), Heinrich-L\u00fcbke-Str. 27, 81737 M\u00fcnchen<\/p>\n<p>N\u00e3o somos obrigados nem estamos dispostos a participar num processo de resolu\u00e7\u00e3o de lit\u00edgios perante uma comiss\u00e3o de arbitragem de consumidores.<\/p>\n<p><img decoding=\"async\" src=\"https:\/\/www.it-recht-kanzlei.de\/gfx\/Logos\/logo-fairness-160.png\" alt=\"\" \/>Membro da iniciativa &#8220;Fairness in Trade&#8221;.<br \/>Mais informa\u00e7\u00f5es: <a href=\"https:\/\/www.fairness-im-handel.de\/\" target=\"_blank\" rel=\"noopener\">https:\/\/www.fairness-im-handel.de<\/a><\/p>","protected":false},"excerpt":{"rendered":"<p>Aviso legal Miet Event Vertriebs GmbHFerdinand-Porsche-Stra\u00dfe 482205 GilchingAlemanha Tel.: 089 12 50 18 700E-Mail: contact@dodo-inflatables.com Tribunal de registo: Amtsgericht MunichN\u00famero de registo: HRB 238608 Diretor-geral: Andreas Fr\u00f6schl N\u00famero de IVA: DE31727461 N.\u00ba do Regulamento REEEE DE 82972723Obriga\u00e7\u00f5es de informa\u00e7\u00e3o de acordo com o \u00a718 para. 4 frase 3 ElektroG:https:\/\/www.bmuv.de\/themen\/wasser-ressourcen-abfall\/kreislaufwirtschaft\/statistiken\/elektro-und-elektronikaltgeraete Parte respons\u00e1vel na ace\u00e7\u00e3o do \u00a7 [&hellip;]<\/p>\n","protected":false},"author":1,"featured_media":0,"parent":0,"menu_order":0,"comment_status":"closed","ping_status":"closed","template":"","meta":{"_acf_changed":false,"_uag_custom_page_level_css":"","site-sidebar-layout":"default","site-content-layout":"content-boxed-container","ast-site-content-layout":"narrow-width-container","site-content-style":"boxed","site-sidebar-style":"unboxed","ast-global-header-display":"","ast-banner-title-visibility":"","ast-main-header-display":"","ast-hfb-above-header-display":"","ast-hfb-below-header-display":"","ast-hfb-mobile-header-display":"","site-post-title":"disabled","ast-breadcrumbs-content":"disabled","ast-featured-img":"disabled","footer-sml-layout":"","ast-disable-related-posts":"","theme-transparent-header-meta":"","adv-header-id-meta":"7189","stick-header-meta":"","header-above-stick-meta":"","header-main-stick-meta":"","header-below-stick-meta":"","astra-migrate-meta-layouts":"set","ast-page-background-enabled":"default","ast-page-background-meta":{"desktop":{"background-color":"var(--ast-global-color-4)","background-image":"","background-repeat":"repeat","background-position":"center center","background-size":"auto","background-attachment":"scroll","background-type":"","background-media":"","overlay-type":"","overlay-color":"","overlay-opacity":"","overlay-gradient":""},"tablet":{"background-color":"","background-image":"","background-repeat":"repeat","background-position":"center center","background-size":"auto","background-attachment":"scroll","background-type":"","background-media":"","overlay-type":"","overlay-color":"","overlay-opacity":"","overlay-gradient":""},"mobile":{"background-color":"","background-image":"","background-repeat":"repeat","background-position":"center center","background-size":"auto","background-attachment":"scroll","background-type":"","background-media":"","overlay-type":"","overlay-color":"","overlay-opacity":"","overlay-gradient":""}},"ast-content-background-meta":{"desktop":{"background-color":"var(--ast-global-color-5)","background-image":"","background-repeat":"repeat","background-position":"center center","background-size":"auto","background-attachment":"scroll","background-type":"","background-media":"","overlay-type":"","overlay-color":"","overlay-opacity":"","overlay-gradient":""},"tablet":{"background-color":"var(--ast-global-color-5)","background-image":"","background-repeat":"repeat","background-position":"center center","background-size":"auto","background-attachment":"scroll","background-type":"","background-media":"","overlay-type":"","overlay-color":"","overlay-opacity":"","overlay-gradient":""},"mobile":{"background-color":"var(--ast-global-color-5)","background-image":"","background-repeat":"repeat","background-position":"center center","background-size":"auto","background-attachment":"scroll","background-type":"","background-media":"","overlay-type":"","overlay-color":"","overlay-opacity":"","overlay-gradient":""}},"footnotes":""},"class_list":["post-17796","page","type-page","status-publish","hentry"],"acf":[],"yoast_head":"<!-- This site is optimized with the Yoast SEO plugin v27.3 - https:\/\/yoast.com\/product\/yoast-seo-wordpress\/ -->\n<title>Compra um insufl\u00e1vel | Imprint | Dodo-Inflatables.com<\/title>\n<meta name=\"description\" content=\"Experimenta a excel\u00eancia com a Dodo Inflatables! Os nossos castelos insufl\u00e1veis s\u00e3o certificados pela norma DIN EN 14960, garantindo os mais elevados padr\u00f5es de seguran\u00e7a para o teu prazer de saltar\" \/>\n<meta name=\"robots\" content=\"index, follow, max-snippet:-1, max-image-preview:large, max-video-preview:-1\" \/>\n<link rel=\"canonical\" href=\"https:\/\/dodo-inflatables.com\/pt-pt\/aviso-legal\/\" \/>\n<meta name=\"twitter:label1\" content=\"Tempo estimado de leitura\" \/>\n\t<meta name=\"twitter:data1\" content=\"1 minuto\" \/>\n<script type=\"application\/ld+json\" class=\"yoast-schema-graph\">{\"@context\":\"https:\\\/\\\/schema.org\",\"@graph\":[{\"@type\":\"WebPage\",\"@id\":\"https:\\\/\\\/dodo-inflatables.com\\\/pt-pt\\\/aviso-legal\\\/\",\"url\":\"https:\\\/\\\/dodo-inflatables.com\\\/pt-pt\\\/aviso-legal\\\/\",\"name\":\"Compra um insufl\u00e1vel | Imprint | Dodo-Inflatables.com\",\"isPartOf\":{\"@id\":\"https:\\\/\\\/dodo-inflatables.com\\\/pt-pt\\\/#website\"},\"primaryImageOfPage\":{\"@id\":\"https:\\\/\\\/dodo-inflatables.com\\\/pt-pt\\\/aviso-legal\\\/#primaryimage\"},\"image\":{\"@id\":\"https:\\\/\\\/dodo-inflatables.com\\\/pt-pt\\\/aviso-legal\\\/#primaryimage\"},\"thumbnailUrl\":\"https:\\\/\\\/www.it-recht-kanzlei.de\\\/gfx\\\/Logos\\\/logo-fairness-160.png\",\"datePublished\":\"2025-03-11T16:02:51+00:00\",\"dateModified\":\"2025-07-20T07:14:28+00:00\",\"description\":\"Experimenta a excel\u00eancia com a Dodo Inflatables! Os nossos castelos insufl\u00e1veis s\u00e3o certificados pela norma DIN EN 14960, garantindo os mais elevados padr\u00f5es de seguran\u00e7a para o teu prazer de saltar\",\"breadcrumb\":{\"@id\":\"https:\\\/\\\/dodo-inflatables.com\\\/pt-pt\\\/aviso-legal\\\/#breadcrumb\"},\"inLanguage\":\"pt-PT\",\"potentialAction\":[{\"@type\":\"ReadAction\",\"target\":[\"https:\\\/\\\/dodo-inflatables.com\\\/pt-pt\\\/aviso-legal\\\/\"]}]},{\"@type\":\"ImageObject\",\"inLanguage\":\"pt-PT\",\"@id\":\"https:\\\/\\\/dodo-inflatables.com\\\/pt-pt\\\/aviso-legal\\\/#primaryimage\",\"url\":\"https:\\\/\\\/www.it-recht-kanzlei.de\\\/gfx\\\/Logos\\\/logo-fairness-160.png\",\"contentUrl\":\"https:\\\/\\\/www.it-recht-kanzlei.de\\\/gfx\\\/Logos\\\/logo-fairness-160.png\"},{\"@type\":\"BreadcrumbList\",\"@id\":\"https:\\\/\\\/dodo-inflatables.com\\\/pt-pt\\\/aviso-legal\\\/#breadcrumb\",\"itemListElement\":[{\"@type\":\"ListItem\",\"position\":1,\"name\":\"In\u00edcio\",\"item\":\"https:\\\/\\\/dodo-inflatables.com\\\/pt-pt\\\/\"},{\"@type\":\"ListItem\",\"position\":2,\"name\":\"Aviso legal\"}]},{\"@type\":\"WebSite\",\"@id\":\"https:\\\/\\\/dodo-inflatables.com\\\/pt-pt\\\/#website\",\"url\":\"https:\\\/\\\/dodo-inflatables.com\\\/pt-pt\\\/\",\"name\":\"dodo-inflatables.com\",\"description\":\"Compre castelos insufl\u00e1veis \u200b\u200be atra\u00e7\u00f5es na nossa loja.\",\"publisher\":{\"@id\":\"https:\\\/\\\/dodo-inflatables.com\\\/pt-pt\\\/#organization\"},\"potentialAction\":[{\"@type\":\"SearchAction\",\"target\":{\"@type\":\"EntryPoint\",\"urlTemplate\":\"https:\\\/\\\/dodo-inflatables.com\\\/pt-pt\\\/?s={search_term_string}\"},\"query-input\":{\"@type\":\"PropertyValueSpecification\",\"valueRequired\":true,\"valueName\":\"search_term_string\"}}],\"inLanguage\":\"pt-PT\"},{\"@type\":\"Organization\",\"@id\":\"https:\\\/\\\/dodo-inflatables.com\\\/pt-pt\\\/#organization\",\"name\":\"dodo-inflatables.com\",\"url\":\"https:\\\/\\\/dodo-inflatables.com\\\/pt-pt\\\/\",\"logo\":{\"@type\":\"ImageObject\",\"inLanguage\":\"pt-PT\",\"@id\":\"https:\\\/\\\/dodo-inflatables.com\\\/pt-pt\\\/#\\\/schema\\\/logo\\\/image\\\/\",\"url\":\"https:\\\/\\\/dodo-inflatables.com\\\/wp-content\\\/uploads\\\/2023\\\/04\\\/cropped-cropped-cropped-Dodo-Logo.png\",\"contentUrl\":\"https:\\\/\\\/dodo-inflatables.com\\\/wp-content\\\/uploads\\\/2023\\\/04\\\/cropped-cropped-cropped-Dodo-Logo.png\",\"width\":2996,\"height\":1545,\"caption\":\"dodo-inflatables.com\"},\"image\":{\"@id\":\"https:\\\/\\\/dodo-inflatables.com\\\/pt-pt\\\/#\\\/schema\\\/logo\\\/image\\\/\"}}]}<\/script>\n<!-- \/ Yoast SEO plugin. -->","yoast_head_json":{"title":"Compra um insufl\u00e1vel | Imprint | Dodo-Inflatables.com","description":"Experimenta a excel\u00eancia com a Dodo Inflatables! Os nossos castelos insufl\u00e1veis s\u00e3o certificados pela norma DIN EN 14960, garantindo os mais elevados padr\u00f5es de seguran\u00e7a para o teu prazer de saltar","robots":{"index":"index","follow":"follow","max-snippet":"max-snippet:-1","max-image-preview":"max-image-preview:large","max-video-preview":"max-video-preview:-1"},"canonical":"https:\/\/dodo-inflatables.com\/pt-pt\/aviso-legal\/","twitter_misc":{"Tempo estimado de leitura":"1 minuto"},"schema":{"@context":"https:\/\/schema.org","@graph":[{"@type":"WebPage","@id":"https:\/\/dodo-inflatables.com\/pt-pt\/aviso-legal\/","url":"https:\/\/dodo-inflatables.com\/pt-pt\/aviso-legal\/","name":"Compra um insufl\u00e1vel | Imprint | Dodo-Inflatables.com","isPartOf":{"@id":"https:\/\/dodo-inflatables.com\/pt-pt\/#website"},"primaryImageOfPage":{"@id":"https:\/\/dodo-inflatables.com\/pt-pt\/aviso-legal\/#primaryimage"},"image":{"@id":"https:\/\/dodo-inflatables.com\/pt-pt\/aviso-legal\/#primaryimage"},"thumbnailUrl":"https:\/\/www.it-recht-kanzlei.de\/gfx\/Logos\/logo-fairness-160.png","datePublished":"2025-03-11T16:02:51+00:00","dateModified":"2025-07-20T07:14:28+00:00","description":"Experimenta a excel\u00eancia com a Dodo Inflatables! Os nossos castelos insufl\u00e1veis s\u00e3o certificados pela norma DIN EN 14960, garantindo os mais elevados padr\u00f5es de seguran\u00e7a para o teu prazer de saltar","breadcrumb":{"@id":"https:\/\/dodo-inflatables.com\/pt-pt\/aviso-legal\/#breadcrumb"},"inLanguage":"pt-PT","potentialAction":[{"@type":"ReadAction","target":["https:\/\/dodo-inflatables.com\/pt-pt\/aviso-legal\/"]}]},{"@type":"ImageObject","inLanguage":"pt-PT","@id":"https:\/\/dodo-inflatables.com\/pt-pt\/aviso-legal\/#primaryimage","url":"https:\/\/www.it-recht-kanzlei.de\/gfx\/Logos\/logo-fairness-160.png","contentUrl":"https:\/\/www.it-recht-kanzlei.de\/gfx\/Logos\/logo-fairness-160.png"},{"@type":"BreadcrumbList","@id":"https:\/\/dodo-inflatables.com\/pt-pt\/aviso-legal\/#breadcrumb","itemListElement":[{"@type":"ListItem","position":1,"name":"In\u00edcio","item":"https:\/\/dodo-inflatables.com\/pt-pt\/"},{"@type":"ListItem","position":2,"name":"Aviso legal"}]},{"@type":"WebSite","@id":"https:\/\/dodo-inflatables.com\/pt-pt\/#website","url":"https:\/\/dodo-inflatables.com\/pt-pt\/","name":"dodo-inflatables.com","description":"Compre castelos insufl\u00e1veis \u200b\u200be atra\u00e7\u00f5es na nossa loja.","publisher":{"@id":"https:\/\/dodo-inflatables.com\/pt-pt\/#organization"},"potentialAction":[{"@type":"SearchAction","target":{"@type":"EntryPoint","urlTemplate":"https:\/\/dodo-inflatables.com\/pt-pt\/?s={search_term_string}"},"query-input":{"@type":"PropertyValueSpecification","valueRequired":true,"valueName":"search_term_string"}}],"inLanguage":"pt-PT"},{"@type":"Organization","@id":"https:\/\/dodo-inflatables.com\/pt-pt\/#organization","name":"dodo-inflatables.com","url":"https:\/\/dodo-inflatables.com\/pt-pt\/","logo":{"@type":"ImageObject","inLanguage":"pt-PT","@id":"https:\/\/dodo-inflatables.com\/pt-pt\/#\/schema\/logo\/image\/","url":"https:\/\/dodo-inflatables.com\/wp-content\/uploads\/2023\/04\/cropped-cropped-cropped-Dodo-Logo.png","contentUrl":"https:\/\/dodo-inflatables.com\/wp-content\/uploads\/2023\/04\/cropped-cropped-cropped-Dodo-Logo.png","width":2996,"height":1545,"caption":"dodo-inflatables.com"},"image":{"@id":"https:\/\/dodo-inflatables.com\/pt-pt\/#\/schema\/logo\/image\/"}}]}},"uagb_featured_image_src":{"full":false,"thumbnail":false,"medium":false,"medium_large":false,"large":false,"1536x1536":false,"2048x2048":false,"woocommerce_thumbnail":false,"woocommerce_single":false,"woocommerce_gallery_thumbnail":false},"uagb_author_info":{"display_name":"Andreas","author_link":"https:\/\/dodo-inflatables.com\/pt-pt\/author\/andreas\/"},"uagb_comment_info":0,"uagb_excerpt":"Aviso legal Miet Event Vertriebs GmbHFerdinand-Porsche-Stra\u00dfe 482205 GilchingAlemanha Tel.: 089 12 50 18 700E-Mail: contact@dodo-inflatables.com Tribunal de registo: Amtsgericht MunichN\u00famero de registo: HRB 238608 Diretor-geral: Andreas Fr\u00f6schl N\u00famero de IVA: DE31727461 N.\u00ba do Regulamento REEEE DE 82972723Obriga\u00e7\u00f5es de informa\u00e7\u00e3o de acordo com o \u00a718 para. 4 frase 3 ElektroG:https:\/\/www.bmuv.de\/themen\/wasser-ressourcen-abfall\/kreislaufwirtschaft\/statistiken\/elektro-und-elektronikaltgeraete Parte respons\u00e1vel na ace\u00e7\u00e3o do \u00a7&hellip;","_links":{"self":[{"href":"https:\/\/dodo-inflatables.com\/pt-pt\/wp-json\/wp\/v2\/pages\/17796","targetHints":{"allow":["GET"]}}],"collection":[{"href":"https:\/\/dodo-inflatables.com\/pt-pt\/wp-json\/wp\/v2\/pages"}],"about":[{"href":"https:\/\/dodo-inflatables.com\/pt-pt\/wp-json\/wp\/v2\/types\/page"}],"author":[{"embeddable":true,"href":"https:\/\/dodo-inflatables.com\/pt-pt\/wp-json\/wp\/v2\/users\/1"}],"replies":[{"embeddable":true,"href":"https:\/\/dodo-inflatables.com\/pt-pt\/wp-json\/wp\/v2\/comments?post=17796"}],"version-history":[{"count":4,"href":"https:\/\/dodo-inflatables.com\/pt-pt\/wp-json\/wp\/v2\/pages\/17796\/revisions"}],"predecessor-version":[{"id":89820,"href":"https:\/\/dodo-inflatables.com\/pt-pt\/wp-json\/wp\/v2\/pages\/17796\/revisions\/89820"}],"wp:attachment":[{"href":"https:\/\/dodo-inflatables.com\/pt-pt\/wp-json\/wp\/v2\/media?parent=17796"}],"curies":[{"name":"wp","href":"https:\/\/api.w.org\/{rel}","templated":true}]}}