{"id":18517,"date":"2024-03-07T20:04:06","date_gmt":"2024-03-07T19:04:06","guid":{"rendered":"https:\/\/dodo-inflatables.com\/compra-de-produtos-de-limpeza-e-de-lupulo-na-dinamarca\/"},"modified":"2024-07-17T15:15:39","modified_gmt":"2024-07-17T13:15:39","slug":"compra-de-produtos-de-limpeza-e-de-lupulo-na-dinamarca","status":"publish","type":"page","link":"https:\/\/dodo-inflatables.com\/pt-pt\/compra-de-produtos-de-limpeza-e-de-lupulo-na-dinamarca\/","title":{"rendered":"Compra de produtos de limpeza e de l\u00fapulo na Dinamarca"},"content":{"rendered":"\n<h2 class=\"wp-block-heading has-text-align-center\"><strong>Compra de produtos de limpeza e de l\u00fapulo na Dinamarca<\/strong><\/h2>\n\n<figure class=\"wp-block-image aligncenter size-large\"><a href=\"https:\/\/dodo-inflatables.com\/wp-content\/uploads\/2022\/01\/seperator-kleiner.png\"><img fetchpriority=\"high\" decoding=\"async\" width=\"1024\" height=\"102\" src=\"https:\/\/dodo-inflatables.com\/wp-content\/uploads\/2022\/01\/seperator-kleiner-1024x102.png\" alt=\"\" class=\"wp-image-4026\" srcset=\"https:\/\/dodo-inflatables.com\/wp-content\/uploads\/2022\/01\/seperator-kleiner-1024x102.png 1024w, https:\/\/dodo-inflatables.com\/wp-content\/uploads\/2022\/01\/seperator-kleiner-900x90.png 900w, https:\/\/dodo-inflatables.com\/wp-content\/uploads\/2022\/01\/seperator-kleiner-300x30.png 300w, https:\/\/dodo-inflatables.com\/wp-content\/uploads\/2022\/01\/seperator-kleiner-768x77.png 768w, https:\/\/dodo-inflatables.com\/wp-content\/uploads\/2022\/01\/seperator-kleiner-1536x154.png 1536w, https:\/\/dodo-inflatables.com\/wp-content\/uploads\/2022\/01\/seperator-kleiner-340x34.png 340w, https:\/\/dodo-inflatables.com\/wp-content\/uploads\/2022\/01\/seperator-kleiner.png 2000w\" sizes=\"(max-width: 1024px) 100vw, 1024px\" \/><\/a><\/figure>\n\n<h3 class=\"wp-block-heading has-text-align-center\">Acede a Dodo-Inflatables.com &#8211; a tua loja online de produtos oppustelige na Europa!<\/h3>\n\n<p style=\"font-size:17px\">Fica \u00e0 vontade para visitar o nosso restaurante de luxo, com uma variedade de saltos e rutsjebaner de alta qualidade, que te ajudar\u00e3o a melhorar o teu alojamento. Se queres ir atr\u00e1s de um hotel de luxo para um arranjo de empresas, um hotel de luxo para um dia de festa ou um hotel com um jardim de inverno para um festival de ver\u00e3o &#8211; encontra-o com a garantia de que ele vai passar por aqui!<\/p>\n\n<p style=\"font-size:17px\">Vores sortiment omfatter ikke kun en r\u00e6kke hoppeborge, men ogs\u00e5 en bred vifte af tilbeh\u00f8r, herunder Gibbons og Huawei-bl\u00e6sere til hoppeborge.<\/p>\n\n<p style=\"font-size:17px\">Compra de um frasco de l\u00fapulo com tampa para a <strong>Dinamarca por 184,00 euros.<\/strong> Um pacote com um pre\u00e7o de compra de acordo com a sua prefer\u00eancia 25,00 \u20ac. Se o l\u00fapulo for colocado em uma cerveja, envia-o para a mesa ap\u00f3s o ajuste da aposta. A alavancagem at\u00e9 \u00e0 Dinamarca custa cerca de.  <strong>4 &#8211; 6 anos de idade.<\/strong>  Det er muligt selv at afhente hoppeborgen p\u00e5 vores lager i M\u00fcnchen, Tyskland.<\/p>\n\n<p style=\"font-size:17px\">Todos os nossos balc\u00f5es de trem de aterragem cumprem as rigorosas normas de seguran\u00e7a da norma <strong>DIN EN 14960<\/strong> e est\u00e3o protegidos contra a utiliza\u00e7\u00e3o privada e comercial. Podes modificar uma descri\u00e7\u00e3o detalhada e um certificado de aprova\u00e7\u00e3o para o teu novo hoppeborg, se este for aprovado.<\/p>\n\n<p style=\"font-size:17px\">Fazes um pedido \u00e0 tua m\u00e3e! Se o teu nome for virksomhed, podes introduzir o n\u00famero de registo da tua m\u00e3e no teu cart\u00e3o de cr\u00e9dito para que possas obter o teu cart\u00e3o de cr\u00e9dito.<\/p>\n\n<p style=\"font-size:17px\">Uanset om du er en privatperson, der leder efter en hoppeborg til din n\u00e6ste familiefest, eller du er et kommercielt udlejningsfirma, der \u00f8nsker at udvide dit sortiment, er vores hoppeborge velegnede til alle. Faktisk er de fleste af vores kunder i hele Europa udlejere af hoppeborge, som v\u00e6rds\u00e6tter vores produkter til arrangementer i alle st\u00f8rrelser.<\/p>\n\n<p style=\"font-size:17px\">Vi h\u00e5ber, du vil nyde at surfe rundt i vores onlinebutik, og vi vil med gl\u00e6de besvare eventuelle sp\u00f8rgsm\u00e5l, du m\u00e5tte have p\u00e5 <a href=\"mailto:contact@dodo-inflatables.com\">contact@dodo-inflatables.com!<\/a><\/p>\n\n<div style=\"height:100px\" aria-hidden=\"true\" class=\"wp-block-spacer\"><\/div>\n","protected":false},"excerpt":{"rendered":"<p>Compra de produtos de limpeza e de l\u00fapulo na Dinamarca Acede a Dodo-Inflatables.com &#8211; a tua loja online de produtos oppustelige na Europa! Fica \u00e0 vontade para visitar o nosso restaurante de luxo, com uma variedade de saltos e rutsjebaner de alta qualidade, que te ajudar\u00e3o a melhorar o teu alojamento. Se queres ir atr\u00e1s [&hellip;]<\/p>\n","protected":false},"author":1,"featured_media":0,"parent":0,"menu_order":0,"comment_status":"closed","ping_status":"closed","template":"","meta":{"_acf_changed":false,"_uag_custom_page_level_css":"","site-sidebar-layout":"default","site-content-layout":"","ast-site-content-layout":"normal-width-container","site-content-style":"boxed","site-sidebar-style":"default","ast-global-header-display":"","ast-banner-title-visibility":"","ast-main-header-display":"","ast-hfb-above-header-display":"","ast-hfb-below-header-display":"","ast-hfb-mobile-header-display":"","site-post-title":"","ast-breadcrumbs-content":"","ast-featured-img":"","footer-sml-layout":"","ast-disable-related-posts":"","theme-transparent-header-meta":"","adv-header-id-meta":"4069","stick-header-meta":"","header-above-stick-meta":"","header-main-stick-meta":"","header-below-stick-meta":"","astra-migrate-meta-layouts":"default","ast-page-background-enabled":"default","ast-page-background-meta":{"desktop":{"background-color":"var(--ast-global-color-4)","background-image":"","background-repeat":"repeat","background-position":"center center","background-size":"auto","background-attachment":"scroll","background-type":"","background-media":"","overlay-type":"","overlay-color":"","overlay-opacity":"","overlay-gradient":""},"tablet":{"background-color":"","background-image":"","background-repeat":"repeat","background-position":"center center","background-size":"auto","background-attachment":"scroll","background-type":"","background-media":"","overlay-type":"","overlay-color":"","overlay-opacity":"","overlay-gradient":""},"mobile":{"background-color":"","background-image":"","background-repeat":"repeat","background-position":"center center","background-size":"auto","background-attachment":"scroll","background-type":"","background-media":"","overlay-type":"","overlay-color":"","overlay-opacity":"","overlay-gradient":""}},"ast-content-background-meta":{"desktop":{"background-color":"var(--ast-global-color-5)","background-image":"","background-repeat":"repeat","background-position":"center center","background-size":"auto","background-attachment":"scroll","background-type":"","background-media":"","overlay-type":"","overlay-color":"","overlay-opacity":"","overlay-gradient":""},"tablet":{"background-color":"var(--ast-global-color-5)","background-image":"","background-repeat":"repeat","background-position":"center center","background-size":"auto","background-attachment":"scroll","background-type":"","background-media":"","overlay-type":"","overlay-color":"","overlay-opacity":"","overlay-gradient":""},"mobile":{"background-color":"var(--ast-global-color-5)","background-image":"","background-repeat":"repeat","background-position":"center center","background-size":"auto","background-attachment":"scroll","background-type":"","background-media":"","overlay-type":"","overlay-color":"","overlay-opacity":"","overlay-gradient":""}},"footnotes":""},"class_list":["post-18517","page","type-page","status-publish","hentry"],"acf":[],"yoast_head":"<!-- This site is optimized with the Yoast SEO plugin v27.5 - https:\/\/yoast.com\/product\/yoast-seo-wordpress\/ -->\n<title>Compra de produtos de limpeza e de l\u00fapulo na Dinamarca - dodo-inflatables.com<\/title>\n<meta name=\"robots\" content=\"index, follow, max-snippet:-1, max-image-preview:large, max-video-preview:-1\" \/>\n<link rel=\"canonical\" href=\"https:\/\/dodo-inflatables.com\/pt-pt\/compra-de-produtos-de-limpeza-e-de-lupulo-na-dinamarca\/\" \/>\n<meta name=\"twitter:label1\" content=\"Tempo estimado de leitura\" \/>\n\t<meta name=\"twitter:data1\" content=\"2 minutos\" \/>\n<script type=\"application\/ld+json\" class=\"yoast-schema-graph\">{\"@context\":\"https:\\\/\\\/schema.org\",\"@graph\":[{\"@type\":\"WebPage\",\"@id\":\"https:\\\/\\\/dodo-inflatables.com\\\/pt-pt\\\/compra-de-produtos-de-limpeza-e-de-lupulo-na-dinamarca\\\/\",\"url\":\"https:\\\/\\\/dodo-inflatables.com\\\/pt-pt\\\/compra-de-produtos-de-limpeza-e-de-lupulo-na-dinamarca\\\/\",\"name\":\"Compra de produtos de limpeza e de l\u00fapulo na Dinamarca - dodo-inflatables.com\",\"isPartOf\":{\"@id\":\"https:\\\/\\\/dodo-inflatables.com\\\/pt-pt\\\/#website\"},\"primaryImageOfPage\":{\"@id\":\"https:\\\/\\\/dodo-inflatables.com\\\/pt-pt\\\/compra-de-produtos-de-limpeza-e-de-lupulo-na-dinamarca\\\/#primaryimage\"},\"image\":{\"@id\":\"https:\\\/\\\/dodo-inflatables.com\\\/pt-pt\\\/compra-de-produtos-de-limpeza-e-de-lupulo-na-dinamarca\\\/#primaryimage\"},\"thumbnailUrl\":\"https:\\\/\\\/dodo-inflatables.com\\\/wp-content\\\/uploads\\\/2022\\\/01\\\/seperator-kleiner-1024x102.png\",\"datePublished\":\"2024-03-07T19:04:06+00:00\",\"dateModified\":\"2024-07-17T13:15:39+00:00\",\"breadcrumb\":{\"@id\":\"https:\\\/\\\/dodo-inflatables.com\\\/pt-pt\\\/compra-de-produtos-de-limpeza-e-de-lupulo-na-dinamarca\\\/#breadcrumb\"},\"inLanguage\":\"pt-PT\",\"potentialAction\":[{\"@type\":\"ReadAction\",\"target\":[\"https:\\\/\\\/dodo-inflatables.com\\\/pt-pt\\\/compra-de-produtos-de-limpeza-e-de-lupulo-na-dinamarca\\\/\"]}]},{\"@type\":\"ImageObject\",\"inLanguage\":\"pt-PT\",\"@id\":\"https:\\\/\\\/dodo-inflatables.com\\\/pt-pt\\\/compra-de-produtos-de-limpeza-e-de-lupulo-na-dinamarca\\\/#primaryimage\",\"url\":\"https:\\\/\\\/dodo-inflatables.com\\\/wp-content\\\/uploads\\\/2022\\\/01\\\/seperator-kleiner-1024x102.png\",\"contentUrl\":\"https:\\\/\\\/dodo-inflatables.com\\\/wp-content\\\/uploads\\\/2022\\\/01\\\/seperator-kleiner-1024x102.png\"},{\"@type\":\"BreadcrumbList\",\"@id\":\"https:\\\/\\\/dodo-inflatables.com\\\/pt-pt\\\/compra-de-produtos-de-limpeza-e-de-lupulo-na-dinamarca\\\/#breadcrumb\",\"itemListElement\":[{\"@type\":\"ListItem\",\"position\":1,\"name\":\"In\u00edcio\",\"item\":\"https:\\\/\\\/dodo-inflatables.com\\\/pt-pt\\\/\"},{\"@type\":\"ListItem\",\"position\":2,\"name\":\"Compra de produtos de limpeza e de l\u00fapulo na Dinamarca\"}]},{\"@type\":\"WebSite\",\"@id\":\"https:\\\/\\\/dodo-inflatables.com\\\/pt-pt\\\/#website\",\"url\":\"https:\\\/\\\/dodo-inflatables.com\\\/pt-pt\\\/\",\"name\":\"dodo-inflatables.com\",\"description\":\"Compre castelos insufl\u00e1veis \u200b\u200be atra\u00e7\u00f5es na nossa loja.\",\"potentialAction\":[{\"@type\":\"SearchAction\",\"target\":{\"@type\":\"EntryPoint\",\"urlTemplate\":\"https:\\\/\\\/dodo-inflatables.com\\\/pt-pt\\\/?s={search_term_string}\"},\"query-input\":{\"@type\":\"PropertyValueSpecification\",\"valueRequired\":true,\"valueName\":\"search_term_string\"}}],\"inLanguage\":\"pt-PT\"}]}<\/script>\n<!-- \/ Yoast SEO plugin. -->","yoast_head_json":{"title":"Compra de produtos de limpeza e de l\u00fapulo na Dinamarca - dodo-inflatables.com","robots":{"index":"index","follow":"follow","max-snippet":"max-snippet:-1","max-image-preview":"max-image-preview:large","max-video-preview":"max-video-preview:-1"},"canonical":"https:\/\/dodo-inflatables.com\/pt-pt\/compra-de-produtos-de-limpeza-e-de-lupulo-na-dinamarca\/","twitter_misc":{"Tempo estimado de leitura":"2 minutos"},"schema":{"@context":"https:\/\/schema.org","@graph":[{"@type":"WebPage","@id":"https:\/\/dodo-inflatables.com\/pt-pt\/compra-de-produtos-de-limpeza-e-de-lupulo-na-dinamarca\/","url":"https:\/\/dodo-inflatables.com\/pt-pt\/compra-de-produtos-de-limpeza-e-de-lupulo-na-dinamarca\/","name":"Compra de produtos de limpeza e de l\u00fapulo na Dinamarca - dodo-inflatables.com","isPartOf":{"@id":"https:\/\/dodo-inflatables.com\/pt-pt\/#website"},"primaryImageOfPage":{"@id":"https:\/\/dodo-inflatables.com\/pt-pt\/compra-de-produtos-de-limpeza-e-de-lupulo-na-dinamarca\/#primaryimage"},"image":{"@id":"https:\/\/dodo-inflatables.com\/pt-pt\/compra-de-produtos-de-limpeza-e-de-lupulo-na-dinamarca\/#primaryimage"},"thumbnailUrl":"https:\/\/dodo-inflatables.com\/wp-content\/uploads\/2022\/01\/seperator-kleiner-1024x102.png","datePublished":"2024-03-07T19:04:06+00:00","dateModified":"2024-07-17T13:15:39+00:00","breadcrumb":{"@id":"https:\/\/dodo-inflatables.com\/pt-pt\/compra-de-produtos-de-limpeza-e-de-lupulo-na-dinamarca\/#breadcrumb"},"inLanguage":"pt-PT","potentialAction":[{"@type":"ReadAction","target":["https:\/\/dodo-inflatables.com\/pt-pt\/compra-de-produtos-de-limpeza-e-de-lupulo-na-dinamarca\/"]}]},{"@type":"ImageObject","inLanguage":"pt-PT","@id":"https:\/\/dodo-inflatables.com\/pt-pt\/compra-de-produtos-de-limpeza-e-de-lupulo-na-dinamarca\/#primaryimage","url":"https:\/\/dodo-inflatables.com\/wp-content\/uploads\/2022\/01\/seperator-kleiner-1024x102.png","contentUrl":"https:\/\/dodo-inflatables.com\/wp-content\/uploads\/2022\/01\/seperator-kleiner-1024x102.png"},{"@type":"BreadcrumbList","@id":"https:\/\/dodo-inflatables.com\/pt-pt\/compra-de-produtos-de-limpeza-e-de-lupulo-na-dinamarca\/#breadcrumb","itemListElement":[{"@type":"ListItem","position":1,"name":"In\u00edcio","item":"https:\/\/dodo-inflatables.com\/pt-pt\/"},{"@type":"ListItem","position":2,"name":"Compra de produtos de limpeza e de l\u00fapulo na Dinamarca"}]},{"@type":"WebSite","@id":"https:\/\/dodo-inflatables.com\/pt-pt\/#website","url":"https:\/\/dodo-inflatables.com\/pt-pt\/","name":"dodo-inflatables.com","description":"Compre castelos insufl\u00e1veis \u200b\u200be atra\u00e7\u00f5es na nossa loja.","potentialAction":[{"@type":"SearchAction","target":{"@type":"EntryPoint","urlTemplate":"https:\/\/dodo-inflatables.com\/pt-pt\/?s={search_term_string}"},"query-input":{"@type":"PropertyValueSpecification","valueRequired":true,"valueName":"search_term_string"}}],"inLanguage":"pt-PT"}]}},"uagb_featured_image_src":{"full":false,"thumbnail":false,"medium":false,"medium_large":false,"large":false,"1536x1536":false,"2048x2048":false,"woocommerce_thumbnail":false,"woocommerce_single":false,"woocommerce_gallery_thumbnail":false},"uagb_author_info":{"display_name":"Andreas","author_link":"https:\/\/dodo-inflatables.com\/pt-pt\/author\/andreas\/"},"uagb_comment_info":0,"uagb_excerpt":"Compra de produtos de limpeza e de l\u00fapulo na Dinamarca Acede a Dodo-Inflatables.com &#8211; a tua loja online de produtos oppustelige na Europa! Fica \u00e0 vontade para visitar o nosso restaurante de luxo, com uma variedade de saltos e rutsjebaner de alta qualidade, que te ajudar\u00e3o a melhorar o teu alojamento. Se queres ir atr\u00e1s&hellip;","_links":{"self":[{"href":"https:\/\/dodo-inflatables.com\/pt-pt\/wp-json\/wp\/v2\/pages\/18517","targetHints":{"allow":["GET"]}}],"collection":[{"href":"https:\/\/dodo-inflatables.com\/pt-pt\/wp-json\/wp\/v2\/pages"}],"about":[{"href":"https:\/\/dodo-inflatables.com\/pt-pt\/wp-json\/wp\/v2\/types\/page"}],"author":[{"embeddable":true,"href":"https:\/\/dodo-inflatables.com\/pt-pt\/wp-json\/wp\/v2\/users\/1"}],"replies":[{"embeddable":true,"href":"https:\/\/dodo-inflatables.com\/pt-pt\/wp-json\/wp\/v2\/comments?post=18517"}],"version-history":[{"count":2,"href":"https:\/\/dodo-inflatables.com\/pt-pt\/wp-json\/wp\/v2\/pages\/18517\/revisions"}],"predecessor-version":[{"id":18521,"href":"https:\/\/dodo-inflatables.com\/pt-pt\/wp-json\/wp\/v2\/pages\/18517\/revisions\/18521"}],"wp:attachment":[{"href":"https:\/\/dodo-inflatables.com\/pt-pt\/wp-json\/wp\/v2\/media?parent=18517"}],"curies":[{"name":"wp","href":"https:\/\/api.w.org\/{rel}","templated":true}]}}