{"id":18638,"date":"2024-03-07T19:00:49","date_gmt":"2024-03-07T18:00:49","guid":{"rendered":"https:\/\/dodo-inflatables.com\/comprar-toboganes-hinchables-y-castillos-hinchables-a-espana\/"},"modified":"2024-07-17T15:16:10","modified_gmt":"2024-07-17T13:16:10","slug":"comprar-toboganes-hinchables-y-castillos-hinchables-a-espana","status":"publish","type":"page","link":"https:\/\/dodo-inflatables.com\/pt-pt\/comprar-toboganes-hinchables-y-castillos-hinchables-a-espana\/","title":{"rendered":"Comprar toboganes hinchables y castillos hinchables a Espa\u00f1a"},"content":{"rendered":"\n<h2 class=\"wp-block-heading has-text-align-center\"><strong>Comprar toboganes hinchables y castillos hinchables a Espa\u00f1a<\/strong><\/h2>\n\n<figure class=\"wp-block-image aligncenter size-large\"><a href=\"https:\/\/dodo-inflatables.com\/wp-content\/uploads\/2022\/01\/seperator-kleiner.png\"><img fetchpriority=\"high\" decoding=\"async\" width=\"1024\" height=\"102\" src=\"https:\/\/dodo-inflatables.com\/wp-content\/uploads\/2022\/01\/seperator-kleiner-1024x102.png\" alt=\"\" class=\"wp-image-4026\" srcset=\"https:\/\/dodo-inflatables.com\/wp-content\/uploads\/2022\/01\/seperator-kleiner-1024x102.png 1024w, https:\/\/dodo-inflatables.com\/wp-content\/uploads\/2022\/01\/seperator-kleiner-900x90.png 900w, https:\/\/dodo-inflatables.com\/wp-content\/uploads\/2022\/01\/seperator-kleiner-300x30.png 300w, https:\/\/dodo-inflatables.com\/wp-content\/uploads\/2022\/01\/seperator-kleiner-768x77.png 768w, https:\/\/dodo-inflatables.com\/wp-content\/uploads\/2022\/01\/seperator-kleiner-1536x154.png 1536w, https:\/\/dodo-inflatables.com\/wp-content\/uploads\/2022\/01\/seperator-kleiner-340x34.png 340w, https:\/\/dodo-inflatables.com\/wp-content\/uploads\/2022\/01\/seperator-kleiner.png 2000w\" sizes=\"(max-width: 1024px) 100vw, 1024px\" \/><\/a><\/figure>\n\n<h3 class=\"wp-block-heading has-text-align-center\">Bienvenido a Dodo-Inflatables.com &#8211; \u00a1nuestra tienda online de hinchables en Europa!<\/h3>\n\n<p style=\"font-size:17px\">Procura na nossa extensa sele\u00e7\u00e3o de hinchables, castillos hinchables e tobog\u00e3s de alta qualidade que adicionar\u00e3o este pequeno extra a qualquer ocasi\u00e3o. Tanto se procuras um grande hinchable para um evento corporativo, um pequeno castillo hinchable para uma festa de anivers\u00e1rio infantil ou um castillo hinchable com tobog\u00e3 para uma festa de ver\u00e3o, aqui encontras o que procuras.<\/p>\n\n<p style=\"font-size:17px\">A nossa gama n\u00e3o s\u00f3 inclui uma variedade de casti\u00e7ais de cabe\u00e7a dura, como tamb\u00e9m uma vasta gama de acess\u00f3rios, incluindo Gibbons e sopradores Huawei para casti\u00e7ais de cabe\u00e7a dura.<\/p>\n\n<p style=\"font-size:17px\">O envio de um castelo dobr\u00e1vel e seus acess\u00f3rios para <strong>Espanha custa 299,00 euros.<\/strong> Um pacote de acess\u00f3rios para casti\u00e7ais custa 28,00 euros. Se o hinchable estiver em stock, ser-lhe-\u00e1 enviado imediatamente ap\u00f3s a rece\u00e7\u00e3o do pagamento. O envio para Espanha demora cerca de <strong>4 a 6 dias \u00fateis<\/strong>. \u00c9 poss\u00edvel receberes o teu insufl\u00e1vel no nosso armaz\u00e9m de M\u00fanich, Alemanha.<\/p>\n\n<p style=\"font-size:17px\">Todos os nossos hinch\u00e1veis cumprem as rigorosas normas de seguran\u00e7a<strong> DIN EN 14960<\/strong> e s\u00e3o adequados para uso privado e comercial. Receber\u00e1 um guia detalhado e o certificado correspondente para o seu novo hinchable uma vez que tenha sido enviado.<\/p>\n\n<p style=\"font-size:17px\">Exenci\u00f3n del IVA para empresas Si compra como empresa, introduz su n\u00famero de identificaci\u00f3n fiscal en la caja para realizar compras libres de impuestos.<\/p>\n\n<p style=\"font-size:17px\">Tanto se \u00e9s um particular que procura um castelo dobr\u00e1vel para a sua pr\u00f3xima festa familiar, como se \u00e9s uma empresa de alquiler comercial que deseja ampliar a sua gama, os nossos castelos dobr\u00e1veis s\u00e3o adequados para todo o mundo. De facto, a maioria dos nossos clientes em toda a Europa s\u00e3o empresas de alquiler de castillos hinchables que valorizam os nossos produtos para eventos de todos os tamanhos.<\/p>\n\n<p style=\"font-size:17px\">Esperamos que gostes de navegar pela nossa loja online e estamos encantados por responder a qualquer pergunta que possas ter em <a href=\"mailto:contact@dodo-inflatables.com\">contact@dodo-inflatables.com!<\/a><\/p>\n\n<div style=\"height:100px\" aria-hidden=\"true\" class=\"wp-block-spacer\"><\/div>\n","protected":false},"excerpt":{"rendered":"<p>Comprar toboganes hinchables y castillos hinchables a Espa\u00f1a Bienvenido a Dodo-Inflatables.com &#8211; \u00a1nuestra tienda online de hinchables en Europa! Procura na nossa extensa sele\u00e7\u00e3o de hinchables, castillos hinchables e tobog\u00e3s de alta qualidade que adicionar\u00e3o este pequeno extra a qualquer ocasi\u00e3o. Tanto se procuras um grande hinchable para um evento corporativo, um pequeno castillo hinchable [&hellip;]<\/p>\n","protected":false},"author":1,"featured_media":0,"parent":0,"menu_order":0,"comment_status":"closed","ping_status":"closed","template":"","meta":{"_acf_changed":false,"_uag_custom_page_level_css":"","site-sidebar-layout":"default","site-content-layout":"","ast-site-content-layout":"normal-width-container","site-content-style":"boxed","site-sidebar-style":"default","ast-global-header-display":"","ast-banner-title-visibility":"","ast-main-header-display":"","ast-hfb-above-header-display":"","ast-hfb-below-header-display":"","ast-hfb-mobile-header-display":"","site-post-title":"","ast-breadcrumbs-content":"","ast-featured-img":"","footer-sml-layout":"","ast-disable-related-posts":"","theme-transparent-header-meta":"","adv-header-id-meta":"4069","stick-header-meta":"","header-above-stick-meta":"","header-main-stick-meta":"","header-below-stick-meta":"","astra-migrate-meta-layouts":"default","ast-page-background-enabled":"default","ast-page-background-meta":{"desktop":{"background-color":"var(--ast-global-color-4)","background-image":"","background-repeat":"repeat","background-position":"center center","background-size":"auto","background-attachment":"scroll","background-type":"","background-media":"","overlay-type":"","overlay-color":"","overlay-opacity":"","overlay-gradient":""},"tablet":{"background-color":"","background-image":"","background-repeat":"repeat","background-position":"center center","background-size":"auto","background-attachment":"scroll","background-type":"","background-media":"","overlay-type":"","overlay-color":"","overlay-opacity":"","overlay-gradient":""},"mobile":{"background-color":"","background-image":"","background-repeat":"repeat","background-position":"center center","background-size":"auto","background-attachment":"scroll","background-type":"","background-media":"","overlay-type":"","overlay-color":"","overlay-opacity":"","overlay-gradient":""}},"ast-content-background-meta":{"desktop":{"background-color":"var(--ast-global-color-5)","background-image":"","background-repeat":"repeat","background-position":"center center","background-size":"auto","background-attachment":"scroll","background-type":"","background-media":"","overlay-type":"","overlay-color":"","overlay-opacity":"","overlay-gradient":""},"tablet":{"background-color":"var(--ast-global-color-5)","background-image":"","background-repeat":"repeat","background-position":"center center","background-size":"auto","background-attachment":"scroll","background-type":"","background-media":"","overlay-type":"","overlay-color":"","overlay-opacity":"","overlay-gradient":""},"mobile":{"background-color":"var(--ast-global-color-5)","background-image":"","background-repeat":"repeat","background-position":"center center","background-size":"auto","background-attachment":"scroll","background-type":"","background-media":"","overlay-type":"","overlay-color":"","overlay-opacity":"","overlay-gradient":""}},"footnotes":""},"class_list":["post-18638","page","type-page","status-publish","hentry"],"acf":[],"yoast_head":"<!-- This site is optimized with the Yoast SEO plugin v27.6 - https:\/\/yoast.com\/product\/yoast-seo-wordpress\/ -->\n<title>Comprar toboganes hinchables y castillos hinchables a Espa\u00f1a - dodo-inflatables.com<\/title>\n<meta name=\"robots\" content=\"index, follow, max-snippet:-1, max-image-preview:large, max-video-preview:-1\" \/>\n<link rel=\"canonical\" href=\"https:\/\/dodo-inflatables.com\/pt-pt\/comprar-toboganes-hinchables-y-castillos-hinchables-a-espana\/\" \/>\n<meta name=\"twitter:label1\" content=\"Tempo estimado de leitura\" \/>\n\t<meta name=\"twitter:data1\" content=\"2 minutos\" \/>\n<script type=\"application\/ld+json\" class=\"yoast-schema-graph\">{\"@context\":\"https:\\\/\\\/schema.org\",\"@graph\":[{\"@type\":\"WebPage\",\"@id\":\"https:\\\/\\\/dodo-inflatables.com\\\/pt-pt\\\/comprar-toboganes-hinchables-y-castillos-hinchables-a-espana\\\/\",\"url\":\"https:\\\/\\\/dodo-inflatables.com\\\/pt-pt\\\/comprar-toboganes-hinchables-y-castillos-hinchables-a-espana\\\/\",\"name\":\"Comprar toboganes hinchables y castillos hinchables a Espa\u00f1a - dodo-inflatables.com\",\"isPartOf\":{\"@id\":\"https:\\\/\\\/dodo-inflatables.com\\\/pt-pt\\\/#website\"},\"primaryImageOfPage\":{\"@id\":\"https:\\\/\\\/dodo-inflatables.com\\\/pt-pt\\\/comprar-toboganes-hinchables-y-castillos-hinchables-a-espana\\\/#primaryimage\"},\"image\":{\"@id\":\"https:\\\/\\\/dodo-inflatables.com\\\/pt-pt\\\/comprar-toboganes-hinchables-y-castillos-hinchables-a-espana\\\/#primaryimage\"},\"thumbnailUrl\":\"https:\\\/\\\/dodo-inflatables.com\\\/wp-content\\\/uploads\\\/2022\\\/01\\\/seperator-kleiner-1024x102.png\",\"datePublished\":\"2024-03-07T18:00:49+00:00\",\"dateModified\":\"2024-07-17T13:16:10+00:00\",\"breadcrumb\":{\"@id\":\"https:\\\/\\\/dodo-inflatables.com\\\/pt-pt\\\/comprar-toboganes-hinchables-y-castillos-hinchables-a-espana\\\/#breadcrumb\"},\"inLanguage\":\"pt-PT\",\"potentialAction\":[{\"@type\":\"ReadAction\",\"target\":[\"https:\\\/\\\/dodo-inflatables.com\\\/pt-pt\\\/comprar-toboganes-hinchables-y-castillos-hinchables-a-espana\\\/\"]}]},{\"@type\":\"ImageObject\",\"inLanguage\":\"pt-PT\",\"@id\":\"https:\\\/\\\/dodo-inflatables.com\\\/pt-pt\\\/comprar-toboganes-hinchables-y-castillos-hinchables-a-espana\\\/#primaryimage\",\"url\":\"https:\\\/\\\/dodo-inflatables.com\\\/wp-content\\\/uploads\\\/2022\\\/01\\\/seperator-kleiner-1024x102.png\",\"contentUrl\":\"https:\\\/\\\/dodo-inflatables.com\\\/wp-content\\\/uploads\\\/2022\\\/01\\\/seperator-kleiner-1024x102.png\"},{\"@type\":\"BreadcrumbList\",\"@id\":\"https:\\\/\\\/dodo-inflatables.com\\\/pt-pt\\\/comprar-toboganes-hinchables-y-castillos-hinchables-a-espana\\\/#breadcrumb\",\"itemListElement\":[{\"@type\":\"ListItem\",\"position\":1,\"name\":\"In\u00edcio\",\"item\":\"https:\\\/\\\/dodo-inflatables.com\\\/pt-pt\\\/\"},{\"@type\":\"ListItem\",\"position\":2,\"name\":\"Comprar toboganes hinchables y castillos hinchables a Espa\u00f1a\"}]},{\"@type\":\"WebSite\",\"@id\":\"https:\\\/\\\/dodo-inflatables.com\\\/pt-pt\\\/#website\",\"url\":\"https:\\\/\\\/dodo-inflatables.com\\\/pt-pt\\\/\",\"name\":\"dodo-inflatables.com\",\"description\":\"Compre castelos insufl\u00e1veis \u200b\u200be atra\u00e7\u00f5es na nossa loja.\",\"potentialAction\":[{\"@type\":\"SearchAction\",\"target\":{\"@type\":\"EntryPoint\",\"urlTemplate\":\"https:\\\/\\\/dodo-inflatables.com\\\/pt-pt\\\/?s={search_term_string}\"},\"query-input\":{\"@type\":\"PropertyValueSpecification\",\"valueRequired\":true,\"valueName\":\"search_term_string\"}}],\"inLanguage\":\"pt-PT\"}]}<\/script>\n<!-- \/ Yoast SEO plugin. -->","yoast_head_json":{"title":"Comprar toboganes hinchables y castillos hinchables a Espa\u00f1a - dodo-inflatables.com","robots":{"index":"index","follow":"follow","max-snippet":"max-snippet:-1","max-image-preview":"max-image-preview:large","max-video-preview":"max-video-preview:-1"},"canonical":"https:\/\/dodo-inflatables.com\/pt-pt\/comprar-toboganes-hinchables-y-castillos-hinchables-a-espana\/","twitter_misc":{"Tempo estimado de leitura":"2 minutos"},"schema":{"@context":"https:\/\/schema.org","@graph":[{"@type":"WebPage","@id":"https:\/\/dodo-inflatables.com\/pt-pt\/comprar-toboganes-hinchables-y-castillos-hinchables-a-espana\/","url":"https:\/\/dodo-inflatables.com\/pt-pt\/comprar-toboganes-hinchables-y-castillos-hinchables-a-espana\/","name":"Comprar toboganes hinchables y castillos hinchables a Espa\u00f1a - dodo-inflatables.com","isPartOf":{"@id":"https:\/\/dodo-inflatables.com\/pt-pt\/#website"},"primaryImageOfPage":{"@id":"https:\/\/dodo-inflatables.com\/pt-pt\/comprar-toboganes-hinchables-y-castillos-hinchables-a-espana\/#primaryimage"},"image":{"@id":"https:\/\/dodo-inflatables.com\/pt-pt\/comprar-toboganes-hinchables-y-castillos-hinchables-a-espana\/#primaryimage"},"thumbnailUrl":"https:\/\/dodo-inflatables.com\/wp-content\/uploads\/2022\/01\/seperator-kleiner-1024x102.png","datePublished":"2024-03-07T18:00:49+00:00","dateModified":"2024-07-17T13:16:10+00:00","breadcrumb":{"@id":"https:\/\/dodo-inflatables.com\/pt-pt\/comprar-toboganes-hinchables-y-castillos-hinchables-a-espana\/#breadcrumb"},"inLanguage":"pt-PT","potentialAction":[{"@type":"ReadAction","target":["https:\/\/dodo-inflatables.com\/pt-pt\/comprar-toboganes-hinchables-y-castillos-hinchables-a-espana\/"]}]},{"@type":"ImageObject","inLanguage":"pt-PT","@id":"https:\/\/dodo-inflatables.com\/pt-pt\/comprar-toboganes-hinchables-y-castillos-hinchables-a-espana\/#primaryimage","url":"https:\/\/dodo-inflatables.com\/wp-content\/uploads\/2022\/01\/seperator-kleiner-1024x102.png","contentUrl":"https:\/\/dodo-inflatables.com\/wp-content\/uploads\/2022\/01\/seperator-kleiner-1024x102.png"},{"@type":"BreadcrumbList","@id":"https:\/\/dodo-inflatables.com\/pt-pt\/comprar-toboganes-hinchables-y-castillos-hinchables-a-espana\/#breadcrumb","itemListElement":[{"@type":"ListItem","position":1,"name":"In\u00edcio","item":"https:\/\/dodo-inflatables.com\/pt-pt\/"},{"@type":"ListItem","position":2,"name":"Comprar toboganes hinchables y castillos hinchables a Espa\u00f1a"}]},{"@type":"WebSite","@id":"https:\/\/dodo-inflatables.com\/pt-pt\/#website","url":"https:\/\/dodo-inflatables.com\/pt-pt\/","name":"dodo-inflatables.com","description":"Compre castelos insufl\u00e1veis \u200b\u200be atra\u00e7\u00f5es na nossa loja.","potentialAction":[{"@type":"SearchAction","target":{"@type":"EntryPoint","urlTemplate":"https:\/\/dodo-inflatables.com\/pt-pt\/?s={search_term_string}"},"query-input":{"@type":"PropertyValueSpecification","valueRequired":true,"valueName":"search_term_string"}}],"inLanguage":"pt-PT"}]}},"uagb_featured_image_src":{"full":false,"thumbnail":false,"medium":false,"medium_large":false,"large":false,"1536x1536":false,"2048x2048":false,"woocommerce_thumbnail":false,"woocommerce_single":false,"woocommerce_gallery_thumbnail":false},"uagb_author_info":{"display_name":"Andreas","author_link":"https:\/\/dodo-inflatables.com\/pt-pt\/author\/andreas\/"},"uagb_comment_info":0,"uagb_excerpt":"Comprar toboganes hinchables y castillos hinchables a Espa\u00f1a Bienvenido a Dodo-Inflatables.com &#8211; \u00a1nuestra tienda online de hinchables en Europa! Procura na nossa extensa sele\u00e7\u00e3o de hinchables, castillos hinchables e tobog\u00e3s de alta qualidade que adicionar\u00e3o este pequeno extra a qualquer ocasi\u00e3o. Tanto se procuras um grande hinchable para um evento corporativo, um pequeno castillo hinchable&hellip;","_links":{"self":[{"href":"https:\/\/dodo-inflatables.com\/pt-pt\/wp-json\/wp\/v2\/pages\/18638","targetHints":{"allow":["GET"]}}],"collection":[{"href":"https:\/\/dodo-inflatables.com\/pt-pt\/wp-json\/wp\/v2\/pages"}],"about":[{"href":"https:\/\/dodo-inflatables.com\/pt-pt\/wp-json\/wp\/v2\/types\/page"}],"author":[{"embeddable":true,"href":"https:\/\/dodo-inflatables.com\/pt-pt\/wp-json\/wp\/v2\/users\/1"}],"replies":[{"embeddable":true,"href":"https:\/\/dodo-inflatables.com\/pt-pt\/wp-json\/wp\/v2\/comments?post=18638"}],"version-history":[{"count":2,"href":"https:\/\/dodo-inflatables.com\/pt-pt\/wp-json\/wp\/v2\/pages\/18638\/revisions"}],"predecessor-version":[{"id":18641,"href":"https:\/\/dodo-inflatables.com\/pt-pt\/wp-json\/wp\/v2\/pages\/18638\/revisions\/18641"}],"wp:attachment":[{"href":"https:\/\/dodo-inflatables.com\/pt-pt\/wp-json\/wp\/v2\/media?parent=18638"}],"curies":[{"name":"wp","href":"https:\/\/api.w.org\/{rel}","templated":true}]}}