{"id":105586,"date":"2026-04-04T13:54:47","date_gmt":"2026-04-04T11:54:47","guid":{"rendered":"https:\/\/dodo-inflatables.com\/dodo-relaunch?product=pequenos-tapetes-de-seguranca-para-castelos-insuflaveis-120-x-120-x-5-cm"},"modified":"2026-04-04T13:54:47","modified_gmt":"2026-04-04T11:54:47","slug":"pequenos-tapetes-de-seguranca-para-castelos-insuflaveis-120-x-120-x-5-cm","status":"publish","type":"product","link":"https:\/\/dodo-inflatables.com\/pt-pt\/produto\/pequenos-tapetes-de-seguranca-para-castelos-insuflaveis-120-x-120-x-5-cm\/","title":{"rendered":"Pequenos tapetes de seguran\u00e7a para castelos insufl\u00e1veis 120 x 120 x 5 cm"},"content":{"rendered":"<h2>Comprar pequenos tapetes de seguran\u00e7a para castelos insufl\u00e1veis<\/h2>\n<p class=\"p1\">Os nossos tapetes de seguran\u00e7a s\u00e3o o complemento ideal para qualquer castelo insufl\u00e1vel e proporcionam m\u00e1xima seguran\u00e7a na zona de entrada e sa\u00edda. Especialmente para empresas de aluguer e operadores com elevados padr\u00f5es de seguran\u00e7a, estes pequenos tapetes s\u00e3o uma solu\u00e7\u00e3o fi\u00e1vel e dur\u00e1vel.<\/p>\n<p class=\"p1\"><span class=\"s1\"><b>Absor\u00e7\u00e3o de impacto ideal:<\/b><\/span> A espuma EPE leve de alta qualidade absorve os impactos de forma fi\u00e1vel e reduz significativamente o risco de les\u00f5es ao entrar e sair do castelo insufl\u00e1vel.<\/p>\n<p class=\"p1\"><span class=\"s1\"><b>Poupan\u00e7a de espa\u00e7o e flexibilidade:<\/b><\/span> O tapete de seguran\u00e7a dobr\u00e1vel pode ser dobrado em tr\u00eas sec\u00e7\u00f5es, tornando-o especialmente compacto para transporte e armazenamento \u2013 ideal para uso m\u00f3vel em opera\u00e7\u00f5es de aluguer.<\/p>\n<p class=\"p1\"><span class=\"s1\"><b>Acabamento melhorado:<\/b><\/span> As costuras est\u00e3o posicionadas no interior e j\u00e1 n\u00e3o ficam na superf\u00edcie exterior. Isto ajuda a evitar que rocem no ch\u00e3o e se desgastem prematuramente.<\/p>\n<p class=\"p1\"><span class=\"s1\"><b>M\u00e1xima seguran\u00e7a:<\/b><\/span> Deliberadamente fabricado sem pegas de transporte para evitar riscos de trope\u00e7ar e tornar a utiliza\u00e7\u00e3o na \u00e1rea imediata do castelo insufl\u00e1vel ainda mais segura.<\/p>\n<p class=\"p1\"><span class=\"s1\"><b>Revestimento dur\u00e1vel:<\/b><\/span> O resistente tecido de lona PU \u00e9 dur\u00e1vel, f\u00e1cil de manter e concebido para uso regular no setor de eventos e aluguer.<\/p>\n<p>&nbsp;<br \/>\n<strong>Detalhes sobre o pequeno tapete de seguran\u00e7a<\/strong><\/p>\n<ul>\n<li>Dimens\u00f5es abertas: 120 x 120 x 5 cm<\/li>\n<li>Dimens\u00f5es dobradas: 60 x 120 x 10 cm<\/li>\n<li>Material da espuma: EPE RG 18<\/li>\n<li>Material do revestimento: tecido de lona PU, espessura 0,6 mm<\/li>\n<li>Peso: 2,8 kg<\/li>\n<\/ul>\n","protected":false},"excerpt":{"rendered":"<ul>\n<li>Dimens\u00f5es abertas: 120 x 120 x 5 cm<\/li>\n<li>Dimens\u00f5es dobradas: 60 x 120 x 10 cm<\/li>\n<li>Material da espuma: EPE RG 18<\/li>\n<li>Material do revestimento: tecido de lona PU, espessura 0,6 mm<\/li>\n<li>Peso: 2,8 kg<\/li>\n<\/ul>\n","protected":false},"featured_media":105580,"comment_status":"open","ping_status":"closed","template":"","meta":{"_acf_changed":false,"_uag_custom_page_level_css":"","site-sidebar-layout":"default","site-content-layout":"boxed-container","ast-site-content-layout":"normal-width-container","site-content-style":"boxed","site-sidebar-style":"default","ast-global-header-display":"","ast-banner-title-visibility":"","ast-main-header-display":"","ast-hfb-above-header-display":"","ast-hfb-below-header-display":"","ast-hfb-mobile-header-display":"","site-post-title":"disabled","ast-breadcrumbs-content":"","ast-featured-img":"","footer-sml-layout":"","ast-disable-related-posts":"","theme-transparent-header-meta":"default","adv-header-id-meta":"","stick-header-meta":"default","header-above-stick-meta":"","header-main-stick-meta":"","header-below-stick-meta":"","astra-migrate-meta-layouts":"default","ast-page-background-enabled":"default","ast-page-background-meta":{"desktop":{"background-color":"var(--ast-global-color-4)","background-image":"","background-repeat":"repeat","background-position":"center center","background-size":"auto","background-attachment":"scroll","background-type":"","background-media":"","overlay-type":"","overlay-color":"","overlay-opacity":"","overlay-gradient":""},"tablet":{"background-color":"","background-image":"","background-repeat":"repeat","background-position":"center center","background-size":"auto","background-attachment":"scroll","background-type":"","background-media":"","overlay-type":"","overlay-color":"","overlay-opacity":"","overlay-gradient":""},"mobile":{"background-color":"","background-image":"","background-repeat":"repeat","background-position":"center center","background-size":"auto","background-attachment":"scroll","background-type":"","background-media":"","overlay-type":"","overlay-color":"","overlay-opacity":"","overlay-gradient":""}},"ast-content-background-meta":{"desktop":{"background-color":"var(--ast-global-color-5)","background-image":"","background-repeat":"repeat","background-position":"center center","background-size":"auto","background-attachment":"scroll","background-type":"","background-media":"","overlay-type":"","overlay-color":"","overlay-opacity":"","overlay-gradient":""},"tablet":{"background-color":"var(--ast-global-color-5)","background-image":"","background-repeat":"repeat","background-position":"center center","background-size":"auto","background-attachment":"scroll","background-type":"","background-media":"","overlay-type":"","overlay-color":"","overlay-opacity":"","overlay-gradient":""},"mobile":{"background-color":"var(--ast-global-color-5)","background-image":"","background-repeat":"repeat","background-position":"center center","background-size":"auto","background-attachment":"scroll","background-type":"","background-media":"","overlay-type":"","overlay-color":"","overlay-opacity":"","overlay-gradient":""}}},"product_brand":[],"product_cat":[2066],"product_tag":[],"class_list":{"0":"post-105586","1":"product","2":"type-product","3":"status-publish","4":"has-post-thumbnail","6":"product_cat-acessorios","7":"product_shipping_class-spedition-hupfburg-pt-pt","8":"desktop-align-center","9":"tablet-align-center","10":"mobile-align-center","11":"ast-product-gallery-layout-horizontal","12":"ast-product-tabs-layout-horizontal","14":"first","15":"instock","16":"taxable","17":"shipping-taxable","18":"purchasable","19":"product-type-simple"},"acf":[],"yoast_head":"<!-- This site is optimized with the Yoast SEO plugin v27.5 - https:\/\/yoast.com\/product\/yoast-seo-wordpress\/ -->\n<title>Pequenos tapetes de seguran\u00e7a para castelos insufl\u00e1veis 120 x 120 x 5 cm | Dodo Inflatables<\/title>\n<meta name=\"description\" content=\"Pequenos tapetes de seguran\u00e7a para castelos insufl\u00e1veis \u2013 espuma EPE, dobr\u00e1vel em tr\u00eas sec\u00e7\u00f5es, revestimento de lona PU. M\u00e1xima seguran\u00e7a na zona de entrada e sa\u00edda, ideal para empresas de aluguer.\" \/>\n<meta name=\"robots\" content=\"index, follow, max-snippet:-1, max-image-preview:large, max-video-preview:-1\" \/>\n<link rel=\"canonical\" href=\"https:\/\/dodo-inflatables.com\/pt-pt\/produto\/pequenos-tapetes-de-seguranca-para-castelos-insuflaveis-120-x-120-x-5-cm\/\" \/>\n<meta name=\"twitter:label1\" content=\"Tempo estimado de leitura\" \/>\n\t<meta name=\"twitter:data1\" content=\"1 minuto\" \/>\n<script type=\"application\/ld+json\" class=\"yoast-schema-graph\">{\"@context\":\"https:\\\/\\\/schema.org\",\"@graph\":[{\"@type\":\"WebPage\",\"@id\":\"https:\\\/\\\/dodo-inflatables.com\\\/pt-pt\\\/produto\\\/pequenos-tapetes-de-seguranca-para-castelos-insuflaveis-120-x-120-x-5-cm\\\/\",\"url\":\"https:\\\/\\\/dodo-inflatables.com\\\/pt-pt\\\/produto\\\/pequenos-tapetes-de-seguranca-para-castelos-insuflaveis-120-x-120-x-5-cm\\\/\",\"name\":\"Pequenos tapetes de seguran\u00e7a para castelos insufl\u00e1veis 120 x 120 x 5 cm | Dodo Inflatables\",\"isPartOf\":{\"@id\":\"https:\\\/\\\/dodo-inflatables.com\\\/pt-pt\\\/#website\"},\"primaryImageOfPage\":{\"@id\":\"https:\\\/\\\/dodo-inflatables.com\\\/pt-pt\\\/produto\\\/pequenos-tapetes-de-seguranca-para-castelos-insuflaveis-120-x-120-x-5-cm\\\/#primaryimage\"},\"image\":{\"@id\":\"https:\\\/\\\/dodo-inflatables.com\\\/pt-pt\\\/produto\\\/pequenos-tapetes-de-seguranca-para-castelos-insuflaveis-120-x-120-x-5-cm\\\/#primaryimage\"},\"thumbnailUrl\":\"https:\\\/\\\/dodo-inflatables.com\\\/wp-content\\\/uploads\\\/2026\\\/04\\\/Buy-small-fall-protection-mats-for-bouncy-castles-06.jpg\",\"datePublished\":\"2026-04-04T11:54:47+00:00\",\"description\":\"Pequenos tapetes de seguran\u00e7a para castelos insufl\u00e1veis \u2013 espuma EPE, dobr\u00e1vel em tr\u00eas sec\u00e7\u00f5es, revestimento de lona PU. M\u00e1xima seguran\u00e7a na zona de entrada e sa\u00edda, ideal para empresas de aluguer.\",\"breadcrumb\":{\"@id\":\"https:\\\/\\\/dodo-inflatables.com\\\/pt-pt\\\/produto\\\/pequenos-tapetes-de-seguranca-para-castelos-insuflaveis-120-x-120-x-5-cm\\\/#breadcrumb\"},\"inLanguage\":\"pt-PT\",\"potentialAction\":[{\"@type\":\"ReadAction\",\"target\":[\"https:\\\/\\\/dodo-inflatables.com\\\/pt-pt\\\/produto\\\/pequenos-tapetes-de-seguranca-para-castelos-insuflaveis-120-x-120-x-5-cm\\\/\"]}]},{\"@type\":\"ImageObject\",\"inLanguage\":\"pt-PT\",\"@id\":\"https:\\\/\\\/dodo-inflatables.com\\\/pt-pt\\\/produto\\\/pequenos-tapetes-de-seguranca-para-castelos-insuflaveis-120-x-120-x-5-cm\\\/#primaryimage\",\"url\":\"https:\\\/\\\/dodo-inflatables.com\\\/wp-content\\\/uploads\\\/2026\\\/04\\\/Buy-small-fall-protection-mats-for-bouncy-castles-06.jpg\",\"contentUrl\":\"https:\\\/\\\/dodo-inflatables.com\\\/wp-content\\\/uploads\\\/2026\\\/04\\\/Buy-small-fall-protection-mats-for-bouncy-castles-06.jpg\",\"width\":1000,\"height\":1000,\"caption\":\"Pequenos tapetes de seguran\u00e7a para castelos insufl\u00e1veis 120 x 120 x 5 cm | Dodo Inflatables\"},{\"@type\":\"BreadcrumbList\",\"@id\":\"https:\\\/\\\/dodo-inflatables.com\\\/pt-pt\\\/produto\\\/pequenos-tapetes-de-seguranca-para-castelos-insuflaveis-120-x-120-x-5-cm\\\/#breadcrumb\",\"itemListElement\":[{\"@type\":\"ListItem\",\"position\":1,\"name\":\"In\u00edcio\",\"item\":\"https:\\\/\\\/dodo-inflatables.com\\\/pt-pt\\\/\"},{\"@type\":\"ListItem\",\"position\":2,\"name\":\"Compra\",\"item\":\"https:\\\/\\\/dodo-inflatables.com\\\/pt-pt\\\/compra\\\/\"},{\"@type\":\"ListItem\",\"position\":3,\"name\":\"Pequenos tapetes de seguran\u00e7a para castelos insufl\u00e1veis 120 x 120 x 5 cm\"}]},{\"@type\":\"WebSite\",\"@id\":\"https:\\\/\\\/dodo-inflatables.com\\\/pt-pt\\\/#website\",\"url\":\"https:\\\/\\\/dodo-inflatables.com\\\/pt-pt\\\/\",\"name\":\"dodo-inflatables.com\",\"description\":\"Compre castelos insufl\u00e1veis \u200b\u200be atra\u00e7\u00f5es na nossa loja.\",\"potentialAction\":[{\"@type\":\"SearchAction\",\"target\":{\"@type\":\"EntryPoint\",\"urlTemplate\":\"https:\\\/\\\/dodo-inflatables.com\\\/pt-pt\\\/?s={search_term_string}\"},\"query-input\":{\"@type\":\"PropertyValueSpecification\",\"valueRequired\":true,\"valueName\":\"search_term_string\"}}],\"inLanguage\":\"pt-PT\"}]}<\/script>\n<!-- \/ Yoast SEO plugin. -->","yoast_head_json":{"title":"Pequenos tapetes de seguran\u00e7a para castelos insufl\u00e1veis 120 x 120 x 5 cm | Dodo Inflatables","description":"Pequenos tapetes de seguran\u00e7a para castelos insufl\u00e1veis \u2013 espuma EPE, dobr\u00e1vel em tr\u00eas sec\u00e7\u00f5es, revestimento de lona PU. M\u00e1xima seguran\u00e7a na zona de entrada e sa\u00edda, ideal para empresas de aluguer.","robots":{"index":"index","follow":"follow","max-snippet":"max-snippet:-1","max-image-preview":"max-image-preview:large","max-video-preview":"max-video-preview:-1"},"canonical":"https:\/\/dodo-inflatables.com\/pt-pt\/produto\/pequenos-tapetes-de-seguranca-para-castelos-insuflaveis-120-x-120-x-5-cm\/","twitter_misc":{"Tempo estimado de leitura":"1 minuto"},"schema":{"@context":"https:\/\/schema.org","@graph":[{"@type":"WebPage","@id":"https:\/\/dodo-inflatables.com\/pt-pt\/produto\/pequenos-tapetes-de-seguranca-para-castelos-insuflaveis-120-x-120-x-5-cm\/","url":"https:\/\/dodo-inflatables.com\/pt-pt\/produto\/pequenos-tapetes-de-seguranca-para-castelos-insuflaveis-120-x-120-x-5-cm\/","name":"Pequenos tapetes de seguran\u00e7a para castelos insufl\u00e1veis 120 x 120 x 5 cm | Dodo Inflatables","isPartOf":{"@id":"https:\/\/dodo-inflatables.com\/pt-pt\/#website"},"primaryImageOfPage":{"@id":"https:\/\/dodo-inflatables.com\/pt-pt\/produto\/pequenos-tapetes-de-seguranca-para-castelos-insuflaveis-120-x-120-x-5-cm\/#primaryimage"},"image":{"@id":"https:\/\/dodo-inflatables.com\/pt-pt\/produto\/pequenos-tapetes-de-seguranca-para-castelos-insuflaveis-120-x-120-x-5-cm\/#primaryimage"},"thumbnailUrl":"https:\/\/dodo-inflatables.com\/wp-content\/uploads\/2026\/04\/Buy-small-fall-protection-mats-for-bouncy-castles-06.jpg","datePublished":"2026-04-04T11:54:47+00:00","description":"Pequenos tapetes de seguran\u00e7a para castelos insufl\u00e1veis \u2013 espuma EPE, dobr\u00e1vel em tr\u00eas sec\u00e7\u00f5es, revestimento de lona PU. M\u00e1xima seguran\u00e7a na zona de entrada e sa\u00edda, ideal para empresas de aluguer.","breadcrumb":{"@id":"https:\/\/dodo-inflatables.com\/pt-pt\/produto\/pequenos-tapetes-de-seguranca-para-castelos-insuflaveis-120-x-120-x-5-cm\/#breadcrumb"},"inLanguage":"pt-PT","potentialAction":[{"@type":"ReadAction","target":["https:\/\/dodo-inflatables.com\/pt-pt\/produto\/pequenos-tapetes-de-seguranca-para-castelos-insuflaveis-120-x-120-x-5-cm\/"]}]},{"@type":"ImageObject","inLanguage":"pt-PT","@id":"https:\/\/dodo-inflatables.com\/pt-pt\/produto\/pequenos-tapetes-de-seguranca-para-castelos-insuflaveis-120-x-120-x-5-cm\/#primaryimage","url":"https:\/\/dodo-inflatables.com\/wp-content\/uploads\/2026\/04\/Buy-small-fall-protection-mats-for-bouncy-castles-06.jpg","contentUrl":"https:\/\/dodo-inflatables.com\/wp-content\/uploads\/2026\/04\/Buy-small-fall-protection-mats-for-bouncy-castles-06.jpg","width":1000,"height":1000,"caption":"Pequenos tapetes de seguran\u00e7a para castelos insufl\u00e1veis 120 x 120 x 5 cm | Dodo Inflatables"},{"@type":"BreadcrumbList","@id":"https:\/\/dodo-inflatables.com\/pt-pt\/produto\/pequenos-tapetes-de-seguranca-para-castelos-insuflaveis-120-x-120-x-5-cm\/#breadcrumb","itemListElement":[{"@type":"ListItem","position":1,"name":"In\u00edcio","item":"https:\/\/dodo-inflatables.com\/pt-pt\/"},{"@type":"ListItem","position":2,"name":"Compra","item":"https:\/\/dodo-inflatables.com\/pt-pt\/compra\/"},{"@type":"ListItem","position":3,"name":"Pequenos tapetes de seguran\u00e7a para castelos insufl\u00e1veis 120 x 120 x 5 cm"}]},{"@type":"WebSite","@id":"https:\/\/dodo-inflatables.com\/pt-pt\/#website","url":"https:\/\/dodo-inflatables.com\/pt-pt\/","name":"dodo-inflatables.com","description":"Compre castelos insufl\u00e1veis \u200b\u200be atra\u00e7\u00f5es na nossa loja.","potentialAction":[{"@type":"SearchAction","target":{"@type":"EntryPoint","urlTemplate":"https:\/\/dodo-inflatables.com\/pt-pt\/?s={search_term_string}"},"query-input":{"@type":"PropertyValueSpecification","valueRequired":true,"valueName":"search_term_string"}}],"inLanguage":"pt-PT"}]}},"uagb_featured_image_src":{"full":["https:\/\/dodo-inflatables.com\/wp-content\/uploads\/2026\/04\/Buy-small-fall-protection-mats-for-bouncy-castles-06.jpg",1000,1000,false],"thumbnail":["https:\/\/dodo-inflatables.com\/wp-content\/uploads\/2026\/04\/Buy-small-fall-protection-mats-for-bouncy-castles-06-150x150.jpg",150,150,true],"medium":["https:\/\/dodo-inflatables.com\/wp-content\/uploads\/2026\/04\/Buy-small-fall-protection-mats-for-bouncy-castles-06-300x300.jpg",300,300,true],"medium_large":["https:\/\/dodo-inflatables.com\/wp-content\/uploads\/2026\/04\/Buy-small-fall-protection-mats-for-bouncy-castles-06-768x768.jpg",768,768,true],"large":["https:\/\/dodo-inflatables.com\/wp-content\/uploads\/2026\/04\/Buy-small-fall-protection-mats-for-bouncy-castles-06.jpg",1000,1000,false],"1536x1536":["https:\/\/dodo-inflatables.com\/wp-content\/uploads\/2026\/04\/Buy-small-fall-protection-mats-for-bouncy-castles-06.jpg",1000,1000,false],"2048x2048":["https:\/\/dodo-inflatables.com\/wp-content\/uploads\/2026\/04\/Buy-small-fall-protection-mats-for-bouncy-castles-06.jpg",1000,1000,false],"woocommerce_thumbnail":["https:\/\/dodo-inflatables.com\/wp-content\/uploads\/2026\/04\/Buy-small-fall-protection-mats-for-bouncy-castles-06-900x900.jpg",900,900,true],"woocommerce_single":["https:\/\/dodo-inflatables.com\/wp-content\/uploads\/2026\/04\/Buy-small-fall-protection-mats-for-bouncy-castles-06-900x900.jpg",900,900,true],"woocommerce_gallery_thumbnail":["https:\/\/dodo-inflatables.com\/wp-content\/uploads\/2026\/04\/Buy-small-fall-protection-mats-for-bouncy-castles-06-100x100.jpg",100,100,true]},"uagb_author_info":{"display_name":"Andreas","author_link":"https:\/\/dodo-inflatables.com\/pt-pt\/author\/"},"uagb_comment_info":0,"uagb_excerpt":"Dimens\u00f5es abertas: 120 x 120 x 5 cm Dimens\u00f5es dobradas: 60 x 120 x 10 cm Material da espuma: EPE RG 18 Material do revestimento: tecido de lona PU, espessura 0,6 mm Peso: 2,8 kg","_links":{"self":[{"href":"https:\/\/dodo-inflatables.com\/pt-pt\/wp-json\/wp\/v2\/product\/105586","targetHints":{"allow":["GET"]}}],"collection":[{"href":"https:\/\/dodo-inflatables.com\/pt-pt\/wp-json\/wp\/v2\/product"}],"about":[{"href":"https:\/\/dodo-inflatables.com\/pt-pt\/wp-json\/wp\/v2\/types\/product"}],"replies":[{"embeddable":true,"href":"https:\/\/dodo-inflatables.com\/pt-pt\/wp-json\/wp\/v2\/comments?post=105586"}],"wp:featuredmedia":[{"embeddable":true,"href":"https:\/\/dodo-inflatables.com\/pt-pt\/wp-json\/wp\/v2\/media\/105580"}],"wp:attachment":[{"href":"https:\/\/dodo-inflatables.com\/pt-pt\/wp-json\/wp\/v2\/media?parent=105586"}],"wp:term":[{"taxonomy":"product_brand","embeddable":true,"href":"https:\/\/dodo-inflatables.com\/pt-pt\/wp-json\/wp\/v2\/product_brand?post=105586"},{"taxonomy":"product_cat","embeddable":true,"href":"https:\/\/dodo-inflatables.com\/pt-pt\/wp-json\/wp\/v2\/product_cat?post=105586"},{"taxonomy":"product_tag","embeddable":true,"href":"https:\/\/dodo-inflatables.com\/pt-pt\/wp-json\/wp\/v2\/product_tag?post=105586"}],"curies":[{"name":"wp","href":"https:\/\/api.w.org\/{rel}","templated":true}]}}