{"id":105730,"date":"2026-04-04T13:54:46","date_gmt":"2026-04-04T11:54:46","guid":{"rendered":"https:\/\/dodo-inflatables.com\/dodo-relaunch?product=conjunto-de-6-bolas-de-futebol-velcro-profissionais"},"modified":"2026-04-04T13:54:46","modified_gmt":"2026-04-04T11:54:46","slug":"conjunto-de-6-bolas-de-futebol-velcro-profissionais","status":"publish","type":"product","link":"https:\/\/dodo-inflatables.com\/pt-pt\/produto\/conjunto-de-6-bolas-de-futebol-velcro-profissionais\/","title":{"rendered":"Conjunto de 6 bolas de futebol velcro profissionais"},"content":{"rendered":"<h2><strong>Conjunto de 6 bolas de futebol velcro profissionais \u2013 Mais divers\u00e3o num conjunto pr\u00e1tico!<\/strong><\/h2>\n<p>Precisa de mais bolas para o seu jogo de dardos de futebol? Ent\u00e3o o nosso <strong>conjunto de 6 bolas de futebol velcro profissionais<\/strong> \u00e9 exatamente o que precisa! Estas bolas velcro de alta qualidade oferecem uma ader\u00eancia excelente e deixam menos fibras irritantes na superf\u00edcie velcro. Gra\u00e7as ao acabamento velcro otimizado, s\u00e3o dur\u00e1veis e garantem remates precisos.<br \/>\n<em>As suas vantagens:<\/em><br \/>\n\u2705 Qualidade premium \u2013 Menos fibras, ader\u00eancia excelente!<br \/>\n\u2705 Vantagem do conjunto pr\u00e1tico \u2013 Ideal se precisar de v\u00e1rias bolas para uso regular<br \/>\n<em>Detalhes do produto:<\/em><br \/>\n\u26bd Conjunto de 6 bolas de futebol velcro profissionais<br \/>\n\u26bd Di\u00e2metro: 21 cm<br \/>\n\u26bd Cores: vermelho, amarelo, preto (cores selecionadas aleatoriamente)<br \/>\nMais bolas \u2013 mais divers\u00e3o! Encomende j\u00e1 o seu conjunto de 6 bolas de futebol velcro profissionais!<\/p>\n","protected":false},"excerpt":{"rendered":"<p>\u26bd Conjunto de 6 bolas de futebol velcro profissionais<br \/>\n\u26bd Di\u00e2metro: 21 cm<br \/>\n\u26bd Cores: vermelho, amarelo, preto (cores selecionadas aleatoriamente)<\/p>\n","protected":false},"featured_media":105729,"comment_status":"open","ping_status":"closed","template":"","meta":{"_acf_changed":false,"_uag_custom_page_level_css":"","site-sidebar-layout":"default","site-content-layout":"boxed-container","ast-site-content-layout":"normal-width-container","site-content-style":"boxed","site-sidebar-style":"default","ast-global-header-display":"","ast-banner-title-visibility":"","ast-main-header-display":"","ast-hfb-above-header-display":"","ast-hfb-below-header-display":"","ast-hfb-mobile-header-display":"","site-post-title":"disabled","ast-breadcrumbs-content":"","ast-featured-img":"","footer-sml-layout":"","ast-disable-related-posts":"","theme-transparent-header-meta":"default","adv-header-id-meta":"","stick-header-meta":"default","header-above-stick-meta":"","header-main-stick-meta":"","header-below-stick-meta":"","astra-migrate-meta-layouts":"default","ast-page-background-enabled":"default","ast-page-background-meta":{"desktop":{"background-color":"var(--ast-global-color-4)","background-image":"","background-repeat":"repeat","background-position":"center center","background-size":"auto","background-attachment":"scroll","background-type":"","background-media":"","overlay-type":"","overlay-color":"","overlay-opacity":"","overlay-gradient":""},"tablet":{"background-color":"","background-image":"","background-repeat":"repeat","background-position":"center center","background-size":"auto","background-attachment":"scroll","background-type":"","background-media":"","overlay-type":"","overlay-color":"","overlay-opacity":"","overlay-gradient":""},"mobile":{"background-color":"","background-image":"","background-repeat":"repeat","background-position":"center center","background-size":"auto","background-attachment":"scroll","background-type":"","background-media":"","overlay-type":"","overlay-color":"","overlay-opacity":"","overlay-gradient":""}},"ast-content-background-meta":{"desktop":{"background-color":"var(--ast-global-color-5)","background-image":"","background-repeat":"repeat","background-position":"center center","background-size":"auto","background-attachment":"scroll","background-type":"","background-media":"","overlay-type":"","overlay-color":"","overlay-opacity":"","overlay-gradient":""},"tablet":{"background-color":"var(--ast-global-color-5)","background-image":"","background-repeat":"repeat","background-position":"center center","background-size":"auto","background-attachment":"scroll","background-type":"","background-media":"","overlay-type":"","overlay-color":"","overlay-opacity":"","overlay-gradient":""},"mobile":{"background-color":"var(--ast-global-color-5)","background-image":"","background-repeat":"repeat","background-position":"center center","background-size":"auto","background-attachment":"scroll","background-type":"","background-media":"","overlay-type":"","overlay-color":"","overlay-opacity":"","overlay-gradient":""}}},"product_brand":[],"product_cat":[2066],"product_tag":[],"class_list":{"0":"post-105730","1":"product","2":"type-product","3":"status-publish","4":"has-post-thumbnail","6":"product_cat-acessorios","7":"product_shipping_class-zubehor-pt-pt","8":"desktop-align-center","9":"tablet-align-center","10":"mobile-align-center","11":"ast-product-gallery-layout-horizontal","12":"ast-product-tabs-layout-horizontal","14":"first","15":"instock","16":"sale","17":"taxable","18":"shipping-taxable","19":"purchasable","20":"product-type-simple"},"acf":[],"yoast_head":"<!-- This site is optimized with the Yoast SEO plugin v27.5 - https:\/\/yoast.com\/product\/yoast-seo-wordpress\/ -->\n<title>Conjunto de 6 bolas de futebol velcro profissionais | Dodo Inflatables<\/title>\n<meta name=\"description\" content=\"Conjunto de 6 bolas de futebol velcro profissionais \u2013 di\u00e2metro 21 cm, ader\u00eancia excelente, menos fibras. Vermelho, amarelo, preto \u2013 ideal para jogos de dardos de futebol.\" \/>\n<meta name=\"robots\" content=\"index, follow, max-snippet:-1, max-image-preview:large, max-video-preview:-1\" \/>\n<link rel=\"canonical\" href=\"https:\/\/dodo-inflatables.com\/pt-pt\/produto\/conjunto-de-6-bolas-de-futebol-velcro-profissionais\/\" \/>\n<meta name=\"twitter:label1\" content=\"Tempo estimado de leitura\" \/>\n\t<meta name=\"twitter:data1\" content=\"1 minuto\" \/>\n<script type=\"application\/ld+json\" class=\"yoast-schema-graph\">{\"@context\":\"https:\\\/\\\/schema.org\",\"@graph\":[{\"@type\":\"WebPage\",\"@id\":\"https:\\\/\\\/dodo-inflatables.com\\\/pt-pt\\\/produto\\\/conjunto-de-6-bolas-de-futebol-velcro-profissionais\\\/\",\"url\":\"https:\\\/\\\/dodo-inflatables.com\\\/pt-pt\\\/produto\\\/conjunto-de-6-bolas-de-futebol-velcro-profissionais\\\/\",\"name\":\"Conjunto de 6 bolas de futebol velcro profissionais | Dodo Inflatables\",\"isPartOf\":{\"@id\":\"https:\\\/\\\/dodo-inflatables.com\\\/pt-pt\\\/#website\"},\"primaryImageOfPage\":{\"@id\":\"https:\\\/\\\/dodo-inflatables.com\\\/pt-pt\\\/produto\\\/conjunto-de-6-bolas-de-futebol-velcro-profissionais\\\/#primaryimage\"},\"image\":{\"@id\":\"https:\\\/\\\/dodo-inflatables.com\\\/pt-pt\\\/produto\\\/conjunto-de-6-bolas-de-futebol-velcro-profissionais\\\/#primaryimage\"},\"thumbnailUrl\":\"https:\\\/\\\/dodo-inflatables.com\\\/wp-content\\\/uploads\\\/2026\\\/04\\\/6er-set-klettbaelle-fussball-dart.jpg\",\"datePublished\":\"2026-04-04T11:54:46+00:00\",\"description\":\"Conjunto de 6 bolas de futebol velcro profissionais \u2013 di\u00e2metro 21 cm, ader\u00eancia excelente, menos fibras. Vermelho, amarelo, preto \u2013 ideal para jogos de dardos de futebol.\",\"breadcrumb\":{\"@id\":\"https:\\\/\\\/dodo-inflatables.com\\\/pt-pt\\\/produto\\\/conjunto-de-6-bolas-de-futebol-velcro-profissionais\\\/#breadcrumb\"},\"inLanguage\":\"pt-PT\",\"potentialAction\":[{\"@type\":\"ReadAction\",\"target\":[\"https:\\\/\\\/dodo-inflatables.com\\\/pt-pt\\\/produto\\\/conjunto-de-6-bolas-de-futebol-velcro-profissionais\\\/\"]}]},{\"@type\":\"ImageObject\",\"inLanguage\":\"pt-PT\",\"@id\":\"https:\\\/\\\/dodo-inflatables.com\\\/pt-pt\\\/produto\\\/conjunto-de-6-bolas-de-futebol-velcro-profissionais\\\/#primaryimage\",\"url\":\"https:\\\/\\\/dodo-inflatables.com\\\/wp-content\\\/uploads\\\/2026\\\/04\\\/6er-set-klettbaelle-fussball-dart.jpg\",\"contentUrl\":\"https:\\\/\\\/dodo-inflatables.com\\\/wp-content\\\/uploads\\\/2026\\\/04\\\/6er-set-klettbaelle-fussball-dart.jpg\",\"width\":1000,\"height\":1000,\"caption\":\"Conjunto de 6 bolas de futebol velcro profissionais | Dodo Inflatables\"},{\"@type\":\"BreadcrumbList\",\"@id\":\"https:\\\/\\\/dodo-inflatables.com\\\/pt-pt\\\/produto\\\/conjunto-de-6-bolas-de-futebol-velcro-profissionais\\\/#breadcrumb\",\"itemListElement\":[{\"@type\":\"ListItem\",\"position\":1,\"name\":\"In\u00edcio\",\"item\":\"https:\\\/\\\/dodo-inflatables.com\\\/pt-pt\\\/\"},{\"@type\":\"ListItem\",\"position\":2,\"name\":\"Compra\",\"item\":\"https:\\\/\\\/dodo-inflatables.com\\\/pt-pt\\\/compra\\\/\"},{\"@type\":\"ListItem\",\"position\":3,\"name\":\"Conjunto de 6 bolas de futebol velcro profissionais\"}]},{\"@type\":\"WebSite\",\"@id\":\"https:\\\/\\\/dodo-inflatables.com\\\/pt-pt\\\/#website\",\"url\":\"https:\\\/\\\/dodo-inflatables.com\\\/pt-pt\\\/\",\"name\":\"dodo-inflatables.com\",\"description\":\"Compre castelos insufl\u00e1veis \u200b\u200be atra\u00e7\u00f5es na nossa loja.\",\"potentialAction\":[{\"@type\":\"SearchAction\",\"target\":{\"@type\":\"EntryPoint\",\"urlTemplate\":\"https:\\\/\\\/dodo-inflatables.com\\\/pt-pt\\\/?s={search_term_string}\"},\"query-input\":{\"@type\":\"PropertyValueSpecification\",\"valueRequired\":true,\"valueName\":\"search_term_string\"}}],\"inLanguage\":\"pt-PT\"}]}<\/script>\n<!-- \/ Yoast SEO plugin. -->","yoast_head_json":{"title":"Conjunto de 6 bolas de futebol velcro profissionais | Dodo Inflatables","description":"Conjunto de 6 bolas de futebol velcro profissionais \u2013 di\u00e2metro 21 cm, ader\u00eancia excelente, menos fibras. Vermelho, amarelo, preto \u2013 ideal para jogos de dardos de futebol.","robots":{"index":"index","follow":"follow","max-snippet":"max-snippet:-1","max-image-preview":"max-image-preview:large","max-video-preview":"max-video-preview:-1"},"canonical":"https:\/\/dodo-inflatables.com\/pt-pt\/produto\/conjunto-de-6-bolas-de-futebol-velcro-profissionais\/","twitter_misc":{"Tempo estimado de leitura":"1 minuto"},"schema":{"@context":"https:\/\/schema.org","@graph":[{"@type":"WebPage","@id":"https:\/\/dodo-inflatables.com\/pt-pt\/produto\/conjunto-de-6-bolas-de-futebol-velcro-profissionais\/","url":"https:\/\/dodo-inflatables.com\/pt-pt\/produto\/conjunto-de-6-bolas-de-futebol-velcro-profissionais\/","name":"Conjunto de 6 bolas de futebol velcro profissionais | Dodo Inflatables","isPartOf":{"@id":"https:\/\/dodo-inflatables.com\/pt-pt\/#website"},"primaryImageOfPage":{"@id":"https:\/\/dodo-inflatables.com\/pt-pt\/produto\/conjunto-de-6-bolas-de-futebol-velcro-profissionais\/#primaryimage"},"image":{"@id":"https:\/\/dodo-inflatables.com\/pt-pt\/produto\/conjunto-de-6-bolas-de-futebol-velcro-profissionais\/#primaryimage"},"thumbnailUrl":"https:\/\/dodo-inflatables.com\/wp-content\/uploads\/2026\/04\/6er-set-klettbaelle-fussball-dart.jpg","datePublished":"2026-04-04T11:54:46+00:00","description":"Conjunto de 6 bolas de futebol velcro profissionais \u2013 di\u00e2metro 21 cm, ader\u00eancia excelente, menos fibras. Vermelho, amarelo, preto \u2013 ideal para jogos de dardos de futebol.","breadcrumb":{"@id":"https:\/\/dodo-inflatables.com\/pt-pt\/produto\/conjunto-de-6-bolas-de-futebol-velcro-profissionais\/#breadcrumb"},"inLanguage":"pt-PT","potentialAction":[{"@type":"ReadAction","target":["https:\/\/dodo-inflatables.com\/pt-pt\/produto\/conjunto-de-6-bolas-de-futebol-velcro-profissionais\/"]}]},{"@type":"ImageObject","inLanguage":"pt-PT","@id":"https:\/\/dodo-inflatables.com\/pt-pt\/produto\/conjunto-de-6-bolas-de-futebol-velcro-profissionais\/#primaryimage","url":"https:\/\/dodo-inflatables.com\/wp-content\/uploads\/2026\/04\/6er-set-klettbaelle-fussball-dart.jpg","contentUrl":"https:\/\/dodo-inflatables.com\/wp-content\/uploads\/2026\/04\/6er-set-klettbaelle-fussball-dart.jpg","width":1000,"height":1000,"caption":"Conjunto de 6 bolas de futebol velcro profissionais | Dodo Inflatables"},{"@type":"BreadcrumbList","@id":"https:\/\/dodo-inflatables.com\/pt-pt\/produto\/conjunto-de-6-bolas-de-futebol-velcro-profissionais\/#breadcrumb","itemListElement":[{"@type":"ListItem","position":1,"name":"In\u00edcio","item":"https:\/\/dodo-inflatables.com\/pt-pt\/"},{"@type":"ListItem","position":2,"name":"Compra","item":"https:\/\/dodo-inflatables.com\/pt-pt\/compra\/"},{"@type":"ListItem","position":3,"name":"Conjunto de 6 bolas de futebol velcro profissionais"}]},{"@type":"WebSite","@id":"https:\/\/dodo-inflatables.com\/pt-pt\/#website","url":"https:\/\/dodo-inflatables.com\/pt-pt\/","name":"dodo-inflatables.com","description":"Compre castelos insufl\u00e1veis \u200b\u200be atra\u00e7\u00f5es na nossa loja.","potentialAction":[{"@type":"SearchAction","target":{"@type":"EntryPoint","urlTemplate":"https:\/\/dodo-inflatables.com\/pt-pt\/?s={search_term_string}"},"query-input":{"@type":"PropertyValueSpecification","valueRequired":true,"valueName":"search_term_string"}}],"inLanguage":"pt-PT"}]}},"uagb_featured_image_src":{"full":["https:\/\/dodo-inflatables.com\/wp-content\/uploads\/2026\/04\/6er-set-klettbaelle-fussball-dart.jpg",1000,1000,false],"thumbnail":["https:\/\/dodo-inflatables.com\/wp-content\/uploads\/2026\/04\/6er-set-klettbaelle-fussball-dart-150x150.jpg",150,150,true],"medium":["https:\/\/dodo-inflatables.com\/wp-content\/uploads\/2026\/04\/6er-set-klettbaelle-fussball-dart-300x300.jpg",300,300,true],"medium_large":["https:\/\/dodo-inflatables.com\/wp-content\/uploads\/2026\/04\/6er-set-klettbaelle-fussball-dart-768x768.jpg",768,768,true],"large":["https:\/\/dodo-inflatables.com\/wp-content\/uploads\/2026\/04\/6er-set-klettbaelle-fussball-dart.jpg",1000,1000,false],"1536x1536":["https:\/\/dodo-inflatables.com\/wp-content\/uploads\/2026\/04\/6er-set-klettbaelle-fussball-dart.jpg",1000,1000,false],"2048x2048":["https:\/\/dodo-inflatables.com\/wp-content\/uploads\/2026\/04\/6er-set-klettbaelle-fussball-dart.jpg",1000,1000,false],"woocommerce_thumbnail":["https:\/\/dodo-inflatables.com\/wp-content\/uploads\/2026\/04\/6er-set-klettbaelle-fussball-dart-900x900.jpg",900,900,true],"woocommerce_single":["https:\/\/dodo-inflatables.com\/wp-content\/uploads\/2026\/04\/6er-set-klettbaelle-fussball-dart-900x900.jpg",900,900,true],"woocommerce_gallery_thumbnail":["https:\/\/dodo-inflatables.com\/wp-content\/uploads\/2026\/04\/6er-set-klettbaelle-fussball-dart-100x100.jpg",100,100,true]},"uagb_author_info":{"display_name":"Andreas","author_link":"https:\/\/dodo-inflatables.com\/pt-pt\/author\/"},"uagb_comment_info":0,"uagb_excerpt":"\u26bd Conjunto de 6 bolas de futebol velcro profissionais \u26bd Di\u00e2metro: 21 cm \u26bd Cores: vermelho, amarelo, preto (cores selecionadas aleatoriamente)","_links":{"self":[{"href":"https:\/\/dodo-inflatables.com\/pt-pt\/wp-json\/wp\/v2\/product\/105730","targetHints":{"allow":["GET"]}}],"collection":[{"href":"https:\/\/dodo-inflatables.com\/pt-pt\/wp-json\/wp\/v2\/product"}],"about":[{"href":"https:\/\/dodo-inflatables.com\/pt-pt\/wp-json\/wp\/v2\/types\/product"}],"replies":[{"embeddable":true,"href":"https:\/\/dodo-inflatables.com\/pt-pt\/wp-json\/wp\/v2\/comments?post=105730"}],"wp:featuredmedia":[{"embeddable":true,"href":"https:\/\/dodo-inflatables.com\/pt-pt\/wp-json\/wp\/v2\/media\/105729"}],"wp:attachment":[{"href":"https:\/\/dodo-inflatables.com\/pt-pt\/wp-json\/wp\/v2\/media?parent=105730"}],"wp:term":[{"taxonomy":"product_brand","embeddable":true,"href":"https:\/\/dodo-inflatables.com\/pt-pt\/wp-json\/wp\/v2\/product_brand?post=105730"},{"taxonomy":"product_cat","embeddable":true,"href":"https:\/\/dodo-inflatables.com\/pt-pt\/wp-json\/wp\/v2\/product_cat?post=105730"},{"taxonomy":"product_tag","embeddable":true,"href":"https:\/\/dodo-inflatables.com\/pt-pt\/wp-json\/wp\/v2\/product_tag?post=105730"}],"curies":[{"name":"wp","href":"https:\/\/api.w.org\/{rel}","templated":true}]}}