{"id":105764,"date":"2026-04-04T13:54:46","date_gmt":"2026-04-04T11:54:46","guid":{"rendered":"https:\/\/dodo-inflatables.com\/dodo-relaunch?product=16-pack-huawei-reh-1-5e-dmuchawy-do-dmuchanych-zamkow-15-hp-85-db-srednica-lejka-145-cm-idealny-pakiet-wartosciowy-dla-firm-wynajmujacych-z-wieksza-flota-dmuchanych-zamkow"},"modified":"2026-04-04T13:54:46","modified_gmt":"2026-04-04T11:54:46","slug":"16-pack-huawei-reh-1-5e-dmuchawy-do-dmuchanych-zamkow-15-hp-85-db-srednica-lejka-145-cm-idealny-pakiet-wartosciowy-dla-firm-wynajmujacych-z-wieksza-flota-dmuchanych-zamkow","status":"publish","type":"product","link":"https:\/\/dodo-inflatables.com\/pt-pt\/produto\/16-pack-huawei-reh-1-5e-dmuchawy-do-dmuchanych-zamkow-15-hp-85-db-srednica-lejka-145-cm-idealny-pakiet-wartosciowy-dla-firm-wynajmujacych-z-wieksza-flota-dmuchanych-zamkow\/","title":{"rendered":"16-Pack Huawei REH-1.5E dmuchawy do dmuchanych zamk\u00f3w \u2013 1,5 HP, 85 dB, \u015brednica lejka 14,5 cm. Idealny pakiet warto\u015bciowy dla firm wynajmuj\u0105cych z wi\u0119ksz\u0105 flot\u0105 dmuchanych zamk\u00f3w."},"content":{"rendered":"<h2>16-Pack Huawei REH-1.5E insufladores para castelos insufl\u00e1veis \u2013 Agora dispon\u00edvel como pacote de valor!<\/h2>\n<p>Para empresas de aluguer, organizadores de eventos ou clientes com uma frota maior de castelos insufl\u00e1veis, o nosso 16-Pack de insufladores Huawei REH-1.5E \u00e9 a escolha perfeita. Garanta uma palete completa com 16 insufladores e equipe o seu invent\u00e1rio de forma eficiente com este pacote pr\u00e1tico.<br \/>\n<strong>Porqu\u00ea escolher este set?<\/strong><br \/>\n\u2705 <em>Fluxo de ar potente<\/em> \u2013 Os insufladores Huawei de 1,5 HP garantem uma insuflagem r\u00e1pida e uma press\u00e3o de ar est\u00e1vel, para que os seus castelos insufl\u00e1veis estejam sempre prontos a usar.<br \/>\n\u2705 <em>Ideal para invent\u00e1rios maiores<\/em> \u2013 Uma solu\u00e7\u00e3o pr\u00e1tica para empresas e operadores que necessitam de v\u00e1rios insufladores para uso regular.<br \/>\n\u2705 <em>Expans\u00edvel para ainda maior efici\u00eancia<\/em> \u2013 Os insufladores s\u00e3o compat\u00edveis com:<br \/>\n&#8211; Acess\u00f3rios de deflator e deflator duplo para remo\u00e7\u00e3o de ar mais r\u00e1pida durante a arruma\u00e7\u00e3o.<br \/>\n&#8211; Acess\u00f3rios de aquecimento para secar castelos insufl\u00e1veis molhados com ar aquecido (ambos os acess\u00f3rios vendidos separadamente).<br \/>\n<strong>Detalhes do produto (por insuflador):<\/strong><br \/>\n&#8211; Material: carca\u00e7a em pl\u00e1stico de alta qualidade<br \/>\n&#8211; Pot\u00eancia: 1,35 kW (sa\u00edda), 1,8 kW (entrada), 1,5 HP<br \/>\n&#8211; Liga\u00e7\u00e3o: ficha Schuko<br \/>\n&#8211; Di\u00e2metro do funil: 14,5 cm<br \/>\n&#8211; Dimens\u00f5es: 49 x 38,5 x 49,5 cm<br \/>\n&#8211; Peso: 16,8 kg<br \/>\n&#8211; N\u00edvel de ru\u00eddo: 85 dB<br \/>\n&#8211; N.\u00ba de registo WEEE: DE 82972723<br \/>\nAproveite este pacote pr\u00e1tico para expandir o seu invent\u00e1rio de forma eficiente. Encomende j\u00e1 a sua palete com 16 insufladores Huawei!<\/p>\n","protected":false},"excerpt":{"rendered":"<p><strong>Detalhes do produto (por insuflador):<\/strong><br \/>\n&#8211; Material: carca\u00e7a em pl\u00e1stico de alta qualidade<br \/>\n&#8211; Pot\u00eancia: 1,35 kW (sa\u00edda), 1,8 kW (entrada), 1,5 HP<br \/>\n&#8211; Liga\u00e7\u00e3o: ficha Schuko<br \/>\n&#8211; Di\u00e2metro do funil: 14,5 cm<br \/>\n&#8211; Dimens\u00f5es: 49 x 38,5 x 49,5 cm<br \/>\n&#8211; Peso: 16,8 kg<br \/>\n&#8211; N\u00edvel de ru\u00eddo: 85 dB<br \/>\n&#8211; N.\u00ba de registo WEEE: DE 82972723<\/p>\n","protected":false},"featured_media":105763,"comment_status":"open","ping_status":"closed","template":"","meta":{"_acf_changed":false,"_uag_custom_page_level_css":"","site-sidebar-layout":"default","site-content-layout":"boxed-container","ast-site-content-layout":"normal-width-container","site-content-style":"boxed","site-sidebar-style":"default","ast-global-header-display":"","ast-banner-title-visibility":"","ast-main-header-display":"","ast-hfb-above-header-display":"","ast-hfb-below-header-display":"","ast-hfb-mobile-header-display":"","site-post-title":"disabled","ast-breadcrumbs-content":"","ast-featured-img":"","footer-sml-layout":"","ast-disable-related-posts":"","theme-transparent-header-meta":"default","adv-header-id-meta":"","stick-header-meta":"default","header-above-stick-meta":"","header-main-stick-meta":"","header-below-stick-meta":"","astra-migrate-meta-layouts":"default","ast-page-background-enabled":"default","ast-page-background-meta":{"desktop":{"background-color":"var(--ast-global-color-4)","background-image":"","background-repeat":"repeat","background-position":"center center","background-size":"auto","background-attachment":"scroll","background-type":"","background-media":"","overlay-type":"","overlay-color":"","overlay-opacity":"","overlay-gradient":""},"tablet":{"background-color":"","background-image":"","background-repeat":"repeat","background-position":"center center","background-size":"auto","background-attachment":"scroll","background-type":"","background-media":"","overlay-type":"","overlay-color":"","overlay-opacity":"","overlay-gradient":""},"mobile":{"background-color":"","background-image":"","background-repeat":"repeat","background-position":"center center","background-size":"auto","background-attachment":"scroll","background-type":"","background-media":"","overlay-type":"","overlay-color":"","overlay-opacity":"","overlay-gradient":""}},"ast-content-background-meta":{"desktop":{"background-color":"var(--ast-global-color-5)","background-image":"","background-repeat":"repeat","background-position":"center center","background-size":"auto","background-attachment":"scroll","background-type":"","background-media":"","overlay-type":"","overlay-color":"","overlay-opacity":"","overlay-gradient":""},"tablet":{"background-color":"var(--ast-global-color-5)","background-image":"","background-repeat":"repeat","background-position":"center center","background-size":"auto","background-attachment":"scroll","background-type":"","background-media":"","overlay-type":"","overlay-color":"","overlay-opacity":"","overlay-gradient":""},"mobile":{"background-color":"var(--ast-global-color-5)","background-image":"","background-repeat":"repeat","background-position":"center center","background-size":"auto","background-attachment":"scroll","background-type":"","background-media":"","overlay-type":"","overlay-color":"","overlay-opacity":"","overlay-gradient":""}}},"product_brand":[],"product_cat":[2066],"product_tag":[],"class_list":{"0":"post-105764","1":"product","2":"type-product","3":"status-publish","4":"has-post-thumbnail","6":"product_cat-acessorios","7":"product_shipping_class-spedition-hupfburg-pt-pt","8":"desktop-align-center","9":"tablet-align-center","10":"mobile-align-center","11":"ast-product-gallery-layout-horizontal","12":"ast-product-tabs-layout-horizontal","14":"first","15":"instock","16":"sale","17":"taxable","18":"shipping-taxable","19":"purchasable","20":"product-type-simple"},"acf":[],"yoast_head":"<!-- This site is optimized with the Yoast SEO plugin v27.5 - https:\/\/yoast.com\/product\/yoast-seo-wordpress\/ -->\n<title>16-Pack Huawei REH-1.5E insufladores para castelos insufl\u00e1veis | Dodo Inflatables<\/title>\n<meta name=\"description\" content=\"16-Pack Huawei REH-1.5E insufladores para castelos insufl\u00e1veis \u2013 1,5 HP, 85 dB, di\u00e2metro do funil 14,5 cm. Pacote de valor ideal para empresas de aluguer com frotas maiores de castelos insufl\u00e1veis.\" \/>\n<meta name=\"robots\" content=\"index, follow, max-snippet:-1, max-image-preview:large, max-video-preview:-1\" \/>\n<link rel=\"canonical\" href=\"https:\/\/dodo-inflatables.com\/pt-pt\/produto\/16-pack-huawei-reh-1-5e-dmuchawy-do-dmuchanych-zamkow-15-hp-85-db-srednica-lejka-145-cm-idealny-pakiet-wartosciowy-dla-firm-wynajmujacych-z-wieksza-flota-dmuchanych-zamkow\/\" \/>\n<meta name=\"twitter:label1\" content=\"Tempo estimado de leitura\" \/>\n\t<meta name=\"twitter:data1\" content=\"1 minuto\" \/>\n<script type=\"application\/ld+json\" class=\"yoast-schema-graph\">{\"@context\":\"https:\\\/\\\/schema.org\",\"@graph\":[{\"@type\":\"WebPage\",\"@id\":\"https:\\\/\\\/dodo-inflatables.com\\\/pt-pt\\\/produto\\\/16-pack-huawei-reh-1-5e-dmuchawy-do-dmuchanych-zamkow-15-hp-85-db-srednica-lejka-145-cm-idealny-pakiet-wartosciowy-dla-firm-wynajmujacych-z-wieksza-flota-dmuchanych-zamkow\\\/\",\"url\":\"https:\\\/\\\/dodo-inflatables.com\\\/pt-pt\\\/produto\\\/16-pack-huawei-reh-1-5e-dmuchawy-do-dmuchanych-zamkow-15-hp-85-db-srednica-lejka-145-cm-idealny-pakiet-wartosciowy-dla-firm-wynajmujacych-z-wieksza-flota-dmuchanych-zamkow\\\/\",\"name\":\"16-Pack Huawei REH-1.5E insufladores para castelos insufl\u00e1veis | Dodo Inflatables\",\"isPartOf\":{\"@id\":\"https:\\\/\\\/dodo-inflatables.com\\\/pt-pt\\\/#website\"},\"primaryImageOfPage\":{\"@id\":\"https:\\\/\\\/dodo-inflatables.com\\\/pt-pt\\\/produto\\\/16-pack-huawei-reh-1-5e-dmuchawy-do-dmuchanych-zamkow-15-hp-85-db-srednica-lejka-145-cm-idealny-pakiet-wartosciowy-dla-firm-wynajmujacych-z-wieksza-flota-dmuchanych-zamkow\\\/#primaryimage\"},\"image\":{\"@id\":\"https:\\\/\\\/dodo-inflatables.com\\\/pt-pt\\\/produto\\\/16-pack-huawei-reh-1-5e-dmuchawy-do-dmuchanych-zamkow-15-hp-85-db-srednica-lejka-145-cm-idealny-pakiet-wartosciowy-dla-firm-wynajmujacych-z-wieksza-flota-dmuchanych-zamkow\\\/#primaryimage\"},\"thumbnailUrl\":\"https:\\\/\\\/dodo-inflatables.com\\\/wp-content\\\/uploads\\\/2026\\\/04\\\/huawei-huepfburg-geblaese-kaufen.jpg\",\"datePublished\":\"2026-04-04T11:54:46+00:00\",\"description\":\"16-Pack Huawei REH-1.5E insufladores para castelos insufl\u00e1veis \u2013 1,5 HP, 85 dB, di\u00e2metro do funil 14,5 cm. Pacote de valor ideal para empresas de aluguer com frotas maiores de castelos insufl\u00e1veis.\",\"breadcrumb\":{\"@id\":\"https:\\\/\\\/dodo-inflatables.com\\\/pt-pt\\\/produto\\\/16-pack-huawei-reh-1-5e-dmuchawy-do-dmuchanych-zamkow-15-hp-85-db-srednica-lejka-145-cm-idealny-pakiet-wartosciowy-dla-firm-wynajmujacych-z-wieksza-flota-dmuchanych-zamkow\\\/#breadcrumb\"},\"inLanguage\":\"pt-PT\",\"potentialAction\":[{\"@type\":\"ReadAction\",\"target\":[\"https:\\\/\\\/dodo-inflatables.com\\\/pt-pt\\\/produto\\\/16-pack-huawei-reh-1-5e-dmuchawy-do-dmuchanych-zamkow-15-hp-85-db-srednica-lejka-145-cm-idealny-pakiet-wartosciowy-dla-firm-wynajmujacych-z-wieksza-flota-dmuchanych-zamkow\\\/\"]}]},{\"@type\":\"ImageObject\",\"inLanguage\":\"pt-PT\",\"@id\":\"https:\\\/\\\/dodo-inflatables.com\\\/pt-pt\\\/produto\\\/16-pack-huawei-reh-1-5e-dmuchawy-do-dmuchanych-zamkow-15-hp-85-db-srednica-lejka-145-cm-idealny-pakiet-wartosciowy-dla-firm-wynajmujacych-z-wieksza-flota-dmuchanych-zamkow\\\/#primaryimage\",\"url\":\"https:\\\/\\\/dodo-inflatables.com\\\/wp-content\\\/uploads\\\/2026\\\/04\\\/huawei-huepfburg-geblaese-kaufen.jpg\",\"contentUrl\":\"https:\\\/\\\/dodo-inflatables.com\\\/wp-content\\\/uploads\\\/2026\\\/04\\\/huawei-huepfburg-geblaese-kaufen.jpg\",\"width\":1000,\"height\":1000,\"caption\":\"16-Pack Huawei REH-1.5E insufladores para castelos insufl\u00e1veis | Dodo Inflatables\"},{\"@type\":\"BreadcrumbList\",\"@id\":\"https:\\\/\\\/dodo-inflatables.com\\\/pt-pt\\\/produto\\\/16-pack-huawei-reh-1-5e-dmuchawy-do-dmuchanych-zamkow-15-hp-85-db-srednica-lejka-145-cm-idealny-pakiet-wartosciowy-dla-firm-wynajmujacych-z-wieksza-flota-dmuchanych-zamkow\\\/#breadcrumb\",\"itemListElement\":[{\"@type\":\"ListItem\",\"position\":1,\"name\":\"In\u00edcio\",\"item\":\"https:\\\/\\\/dodo-inflatables.com\\\/pt-pt\\\/\"},{\"@type\":\"ListItem\",\"position\":2,\"name\":\"Compra\",\"item\":\"https:\\\/\\\/dodo-inflatables.com\\\/pt-pt\\\/compra\\\/\"},{\"@type\":\"ListItem\",\"position\":3,\"name\":\"16-Pack Huawei REH-1.5E dmuchawy do dmuchanych zamk\u00f3w \u2013 1,5 HP, 85 dB, \u015brednica lejka 14,5 cm. Idealny pakiet warto\u015bciowy dla firm wynajmuj\u0105cych z wi\u0119ksz\u0105 flot\u0105 dmuchanych zamk\u00f3w.\"}]},{\"@type\":\"WebSite\",\"@id\":\"https:\\\/\\\/dodo-inflatables.com\\\/pt-pt\\\/#website\",\"url\":\"https:\\\/\\\/dodo-inflatables.com\\\/pt-pt\\\/\",\"name\":\"dodo-inflatables.com\",\"description\":\"Compre castelos insufl\u00e1veis \u200b\u200be atra\u00e7\u00f5es na nossa loja.\",\"potentialAction\":[{\"@type\":\"SearchAction\",\"target\":{\"@type\":\"EntryPoint\",\"urlTemplate\":\"https:\\\/\\\/dodo-inflatables.com\\\/pt-pt\\\/?s={search_term_string}\"},\"query-input\":{\"@type\":\"PropertyValueSpecification\",\"valueRequired\":true,\"valueName\":\"search_term_string\"}}],\"inLanguage\":\"pt-PT\"}]}<\/script>\n<!-- \/ Yoast SEO plugin. -->","yoast_head_json":{"title":"16-Pack Huawei REH-1.5E insufladores para castelos insufl\u00e1veis | Dodo Inflatables","description":"16-Pack Huawei REH-1.5E insufladores para castelos insufl\u00e1veis \u2013 1,5 HP, 85 dB, di\u00e2metro do funil 14,5 cm. Pacote de valor ideal para empresas de aluguer com frotas maiores de castelos insufl\u00e1veis.","robots":{"index":"index","follow":"follow","max-snippet":"max-snippet:-1","max-image-preview":"max-image-preview:large","max-video-preview":"max-video-preview:-1"},"canonical":"https:\/\/dodo-inflatables.com\/pt-pt\/produto\/16-pack-huawei-reh-1-5e-dmuchawy-do-dmuchanych-zamkow-15-hp-85-db-srednica-lejka-145-cm-idealny-pakiet-wartosciowy-dla-firm-wynajmujacych-z-wieksza-flota-dmuchanych-zamkow\/","twitter_misc":{"Tempo estimado de leitura":"1 minuto"},"schema":{"@context":"https:\/\/schema.org","@graph":[{"@type":"WebPage","@id":"https:\/\/dodo-inflatables.com\/pt-pt\/produto\/16-pack-huawei-reh-1-5e-dmuchawy-do-dmuchanych-zamkow-15-hp-85-db-srednica-lejka-145-cm-idealny-pakiet-wartosciowy-dla-firm-wynajmujacych-z-wieksza-flota-dmuchanych-zamkow\/","url":"https:\/\/dodo-inflatables.com\/pt-pt\/produto\/16-pack-huawei-reh-1-5e-dmuchawy-do-dmuchanych-zamkow-15-hp-85-db-srednica-lejka-145-cm-idealny-pakiet-wartosciowy-dla-firm-wynajmujacych-z-wieksza-flota-dmuchanych-zamkow\/","name":"16-Pack Huawei REH-1.5E insufladores para castelos insufl\u00e1veis | Dodo Inflatables","isPartOf":{"@id":"https:\/\/dodo-inflatables.com\/pt-pt\/#website"},"primaryImageOfPage":{"@id":"https:\/\/dodo-inflatables.com\/pt-pt\/produto\/16-pack-huawei-reh-1-5e-dmuchawy-do-dmuchanych-zamkow-15-hp-85-db-srednica-lejka-145-cm-idealny-pakiet-wartosciowy-dla-firm-wynajmujacych-z-wieksza-flota-dmuchanych-zamkow\/#primaryimage"},"image":{"@id":"https:\/\/dodo-inflatables.com\/pt-pt\/produto\/16-pack-huawei-reh-1-5e-dmuchawy-do-dmuchanych-zamkow-15-hp-85-db-srednica-lejka-145-cm-idealny-pakiet-wartosciowy-dla-firm-wynajmujacych-z-wieksza-flota-dmuchanych-zamkow\/#primaryimage"},"thumbnailUrl":"https:\/\/dodo-inflatables.com\/wp-content\/uploads\/2026\/04\/huawei-huepfburg-geblaese-kaufen.jpg","datePublished":"2026-04-04T11:54:46+00:00","description":"16-Pack Huawei REH-1.5E insufladores para castelos insufl\u00e1veis \u2013 1,5 HP, 85 dB, di\u00e2metro do funil 14,5 cm. Pacote de valor ideal para empresas de aluguer com frotas maiores de castelos insufl\u00e1veis.","breadcrumb":{"@id":"https:\/\/dodo-inflatables.com\/pt-pt\/produto\/16-pack-huawei-reh-1-5e-dmuchawy-do-dmuchanych-zamkow-15-hp-85-db-srednica-lejka-145-cm-idealny-pakiet-wartosciowy-dla-firm-wynajmujacych-z-wieksza-flota-dmuchanych-zamkow\/#breadcrumb"},"inLanguage":"pt-PT","potentialAction":[{"@type":"ReadAction","target":["https:\/\/dodo-inflatables.com\/pt-pt\/produto\/16-pack-huawei-reh-1-5e-dmuchawy-do-dmuchanych-zamkow-15-hp-85-db-srednica-lejka-145-cm-idealny-pakiet-wartosciowy-dla-firm-wynajmujacych-z-wieksza-flota-dmuchanych-zamkow\/"]}]},{"@type":"ImageObject","inLanguage":"pt-PT","@id":"https:\/\/dodo-inflatables.com\/pt-pt\/produto\/16-pack-huawei-reh-1-5e-dmuchawy-do-dmuchanych-zamkow-15-hp-85-db-srednica-lejka-145-cm-idealny-pakiet-wartosciowy-dla-firm-wynajmujacych-z-wieksza-flota-dmuchanych-zamkow\/#primaryimage","url":"https:\/\/dodo-inflatables.com\/wp-content\/uploads\/2026\/04\/huawei-huepfburg-geblaese-kaufen.jpg","contentUrl":"https:\/\/dodo-inflatables.com\/wp-content\/uploads\/2026\/04\/huawei-huepfburg-geblaese-kaufen.jpg","width":1000,"height":1000,"caption":"16-Pack Huawei REH-1.5E insufladores para castelos insufl\u00e1veis | Dodo Inflatables"},{"@type":"BreadcrumbList","@id":"https:\/\/dodo-inflatables.com\/pt-pt\/produto\/16-pack-huawei-reh-1-5e-dmuchawy-do-dmuchanych-zamkow-15-hp-85-db-srednica-lejka-145-cm-idealny-pakiet-wartosciowy-dla-firm-wynajmujacych-z-wieksza-flota-dmuchanych-zamkow\/#breadcrumb","itemListElement":[{"@type":"ListItem","position":1,"name":"In\u00edcio","item":"https:\/\/dodo-inflatables.com\/pt-pt\/"},{"@type":"ListItem","position":2,"name":"Compra","item":"https:\/\/dodo-inflatables.com\/pt-pt\/compra\/"},{"@type":"ListItem","position":3,"name":"16-Pack Huawei REH-1.5E dmuchawy do dmuchanych zamk\u00f3w \u2013 1,5 HP, 85 dB, \u015brednica lejka 14,5 cm. Idealny pakiet warto\u015bciowy dla firm wynajmuj\u0105cych z wi\u0119ksz\u0105 flot\u0105 dmuchanych zamk\u00f3w."}]},{"@type":"WebSite","@id":"https:\/\/dodo-inflatables.com\/pt-pt\/#website","url":"https:\/\/dodo-inflatables.com\/pt-pt\/","name":"dodo-inflatables.com","description":"Compre castelos insufl\u00e1veis \u200b\u200be atra\u00e7\u00f5es na nossa loja.","potentialAction":[{"@type":"SearchAction","target":{"@type":"EntryPoint","urlTemplate":"https:\/\/dodo-inflatables.com\/pt-pt\/?s={search_term_string}"},"query-input":{"@type":"PropertyValueSpecification","valueRequired":true,"valueName":"search_term_string"}}],"inLanguage":"pt-PT"}]}},"uagb_featured_image_src":{"full":["https:\/\/dodo-inflatables.com\/wp-content\/uploads\/2026\/04\/huawei-huepfburg-geblaese-kaufen.jpg",1000,1000,false],"thumbnail":["https:\/\/dodo-inflatables.com\/wp-content\/uploads\/2026\/04\/huawei-huepfburg-geblaese-kaufen-150x150.jpg",150,150,true],"medium":["https:\/\/dodo-inflatables.com\/wp-content\/uploads\/2026\/04\/huawei-huepfburg-geblaese-kaufen-300x300.jpg",300,300,true],"medium_large":["https:\/\/dodo-inflatables.com\/wp-content\/uploads\/2026\/04\/huawei-huepfburg-geblaese-kaufen-768x768.jpg",768,768,true],"large":["https:\/\/dodo-inflatables.com\/wp-content\/uploads\/2026\/04\/huawei-huepfburg-geblaese-kaufen.jpg",1000,1000,false],"1536x1536":["https:\/\/dodo-inflatables.com\/wp-content\/uploads\/2026\/04\/huawei-huepfburg-geblaese-kaufen.jpg",1000,1000,false],"2048x2048":["https:\/\/dodo-inflatables.com\/wp-content\/uploads\/2026\/04\/huawei-huepfburg-geblaese-kaufen.jpg",1000,1000,false],"woocommerce_thumbnail":["https:\/\/dodo-inflatables.com\/wp-content\/uploads\/2026\/04\/huawei-huepfburg-geblaese-kaufen-900x900.jpg",900,900,true],"woocommerce_single":["https:\/\/dodo-inflatables.com\/wp-content\/uploads\/2026\/04\/huawei-huepfburg-geblaese-kaufen-900x900.jpg",900,900,true],"woocommerce_gallery_thumbnail":["https:\/\/dodo-inflatables.com\/wp-content\/uploads\/2026\/04\/huawei-huepfburg-geblaese-kaufen-100x100.jpg",100,100,true]},"uagb_author_info":{"display_name":"Andreas","author_link":"https:\/\/dodo-inflatables.com\/pt-pt\/author\/"},"uagb_comment_info":0,"uagb_excerpt":"Detalhes do produto (por insuflador): - Material: carca\u00e7a em pl\u00e1stico de alta qualidade - Pot\u00eancia: 1,35 kW (sa\u00edda), 1,8 kW (entrada), 1,5 HP - Liga\u00e7\u00e3o: ficha Schuko - Di\u00e2metro do funil: 14,5 cm - Dimens\u00f5es: 49 x 38,5 x 49,5 cm - Peso: 16,8 kg - N\u00edvel de ru\u00eddo: 85 dB - N.\u00ba de registo&hellip;","_links":{"self":[{"href":"https:\/\/dodo-inflatables.com\/pt-pt\/wp-json\/wp\/v2\/product\/105764","targetHints":{"allow":["GET"]}}],"collection":[{"href":"https:\/\/dodo-inflatables.com\/pt-pt\/wp-json\/wp\/v2\/product"}],"about":[{"href":"https:\/\/dodo-inflatables.com\/pt-pt\/wp-json\/wp\/v2\/types\/product"}],"replies":[{"embeddable":true,"href":"https:\/\/dodo-inflatables.com\/pt-pt\/wp-json\/wp\/v2\/comments?post=105764"}],"wp:featuredmedia":[{"embeddable":true,"href":"https:\/\/dodo-inflatables.com\/pt-pt\/wp-json\/wp\/v2\/media\/105763"}],"wp:attachment":[{"href":"https:\/\/dodo-inflatables.com\/pt-pt\/wp-json\/wp\/v2\/media?parent=105764"}],"wp:term":[{"taxonomy":"product_brand","embeddable":true,"href":"https:\/\/dodo-inflatables.com\/pt-pt\/wp-json\/wp\/v2\/product_brand?post=105764"},{"taxonomy":"product_cat","embeddable":true,"href":"https:\/\/dodo-inflatables.com\/pt-pt\/wp-json\/wp\/v2\/product_cat?post=105764"},{"taxonomy":"product_tag","embeddable":true,"href":"https:\/\/dodo-inflatables.com\/pt-pt\/wp-json\/wp\/v2\/product_tag?post=105764"}],"curies":[{"name":"wp","href":"https:\/\/api.w.org\/{rel}","templated":true}]}}