{"id":105807,"date":"2026-04-04T13:54:46","date_gmt":"2026-04-04T11:54:46","guid":{"rendered":"https:\/\/dodo-inflatables.com\/dodo-relaunch?product=worki-z-woda-do-balastowania-dmuchanych-zamkow"},"modified":"2026-04-24T20:13:54","modified_gmt":"2026-04-24T18:13:54","slug":"sacos-de-agua-para-lastrar-castelos-insuflaveis","status":"publish","type":"product","link":"https:\/\/dodo-inflatables.com\/pt-pt\/produto\/sacos-de-agua-para-lastrar-castelos-insuflaveis\/","title":{"rendered":"Sacos de \u00e1gua para lastrar castelos insufl\u00e1veis"},"content":{"rendered":"<h2 class=\"p1\"><b>Comprar sacos de \u00e1gua para lastrar castelos insufl\u00e1veis<\/b><\/h2>\n<p class=\"p1\">Os nossos sacos de \u00e1gua oferecem uma solu\u00e7\u00e3o pr\u00e1tica, m\u00f3vel e conforme as normas para fixar o seu castelo insufl\u00e1vel \u2013 especialmente ao instalar em asfalto, bet\u00e3o ou em espa\u00e7os interiores. S\u00e3o a forma ideal de lastrar castelos insufl\u00e1veis de forma segura e em conformidade com a norma relevante, sem necessidade de transportar pesos adicionais pesados.<\/p>\n<p><strong>F\u00e1cil manuseamento:<\/strong><br \/>\nOs sacos de lastro podem ser facilmente enchidos com at\u00e9 40 litros de \u00e1gua. Duas v\u00e1lvulas (uma no topo para enchimento e uma na base para esvaziamento) tornam-nos especialmente pr\u00e1ticos de usar e permitem drenar a \u00e1gua rapidamente ap\u00f3s a utiliza\u00e7\u00e3o.<br \/>\n<strong>Ancoragem conforme a norma DIN EN 14960:<\/strong><br \/>\nSe forem utilizados quatro sacos de \u00e1gua por ponto de ancoragem, isto proporciona um peso de lastro de 160 kg \u2013 exatamente a quantidade exigida pela norma DIN EN 14960. Isto torna-os ideais para instala\u00e7\u00f5es onde n\u00e3o \u00e9 poss\u00edvel usar estacas de fixa\u00e7\u00e3o.<br \/>\n<strong>Fixa\u00e7\u00e3o flex\u00edvel:<\/strong><br \/>\nGra\u00e7as a quatro ilh\u00f3s resistentes, os sacos podem ser facilmente fixados ao castelo insufl\u00e1vel com correias.<br \/>\n<strong>Transporte conveniente:<\/strong><br \/>\nDuas pegas laterais facilitam o transporte e o posicionamento dos sacos de \u00e1gua cheios. O dur\u00e1vel material PVC garante uma longa vida \u00fatil, mesmo com uso frequente.<br \/>\n&nbsp;<\/p>\n<h3><strong>Detalhes sobre os sacos de \u00e1gua<\/strong><\/h3>\n<ul>\n<li>Capacidade: 40 litros de \u00e1gua por saco<\/li>\n<li>Peso cheio: aprox. 40 kg<\/li>\n<li>Tamanho: aprox. 40 x 40 cm<\/li>\n<li>2 v\u00e1lvulas (topo e base)<\/li>\n<li>4 ilh\u00f3s para fixa\u00e7\u00e3o<\/li>\n<li>2 pegas de transporte<\/li>\n<li>Material: PVC dur\u00e1vel<\/li>\n<\/ul>\n<p>&nbsp;<\/p>\n","protected":false},"excerpt":{"rendered":"<ul>\n<li>Capacidade: 40 litros de \u00e1gua por saco<\/li>\n<li>Peso cheio: aprox. 40 kg<\/li>\n<li>Tamanho: aprox. 40 x 40 cm<\/li>\n<li>2 v\u00e1lvulas (topo e base)<\/li>\n<li>4 ilh\u00f3s para fixa\u00e7\u00e3o<\/li>\n<li>2 pegas de transporte<\/li>\n<li>Material: PVC dur\u00e1vel<\/li>\n<\/ul>\n","protected":false},"featured_media":105805,"comment_status":"open","ping_status":"closed","template":"","meta":{"_acf_changed":false,"_uag_custom_page_level_css":"","site-sidebar-layout":"default","site-content-layout":"boxed-container","ast-site-content-layout":"normal-width-container","site-content-style":"boxed","site-sidebar-style":"default","ast-global-header-display":"","ast-banner-title-visibility":"","ast-main-header-display":"","ast-hfb-above-header-display":"","ast-hfb-below-header-display":"","ast-hfb-mobile-header-display":"","site-post-title":"disabled","ast-breadcrumbs-content":"","ast-featured-img":"","footer-sml-layout":"","ast-disable-related-posts":"","theme-transparent-header-meta":"default","adv-header-id-meta":"","stick-header-meta":"default","header-above-stick-meta":"","header-main-stick-meta":"","header-below-stick-meta":"","astra-migrate-meta-layouts":"default","ast-page-background-enabled":"default","ast-page-background-meta":{"desktop":{"background-color":"var(--ast-global-color-4)","background-image":"","background-repeat":"repeat","background-position":"center center","background-size":"auto","background-attachment":"scroll","background-type":"","background-media":"","overlay-type":"","overlay-color":"","overlay-opacity":"","overlay-gradient":""},"tablet":{"background-color":"","background-image":"","background-repeat":"repeat","background-position":"center center","background-size":"auto","background-attachment":"scroll","background-type":"","background-media":"","overlay-type":"","overlay-color":"","overlay-opacity":"","overlay-gradient":""},"mobile":{"background-color":"","background-image":"","background-repeat":"repeat","background-position":"center center","background-size":"auto","background-attachment":"scroll","background-type":"","background-media":"","overlay-type":"","overlay-color":"","overlay-opacity":"","overlay-gradient":""}},"ast-content-background-meta":{"desktop":{"background-color":"var(--ast-global-color-5)","background-image":"","background-repeat":"repeat","background-position":"center center","background-size":"auto","background-attachment":"scroll","background-type":"","background-media":"","overlay-type":"","overlay-color":"","overlay-opacity":"","overlay-gradient":""},"tablet":{"background-color":"var(--ast-global-color-5)","background-image":"","background-repeat":"repeat","background-position":"center center","background-size":"auto","background-attachment":"scroll","background-type":"","background-media":"","overlay-type":"","overlay-color":"","overlay-opacity":"","overlay-gradient":""},"mobile":{"background-color":"var(--ast-global-color-5)","background-image":"","background-repeat":"repeat","background-position":"center center","background-size":"auto","background-attachment":"scroll","background-type":"","background-media":"","overlay-type":"","overlay-color":"","overlay-opacity":"","overlay-gradient":""}}},"product_brand":[],"product_cat":[2066],"product_tag":[],"class_list":{"0":"post-105807","1":"product","2":"type-product","3":"status-publish","4":"has-post-thumbnail","6":"product_cat-acessorios","7":"product_shipping_class-zubehor-pt-pt","8":"desktop-align-center","9":"tablet-align-center","10":"mobile-align-center","11":"ast-product-gallery-layout-horizontal","12":"ast-product-tabs-layout-horizontal","14":"first","15":"instock","16":"taxable","17":"shipping-taxable","18":"purchasable","19":"product-type-simple"},"acf":[],"yoast_head":"<!-- This site is optimized with the Yoast SEO plugin v27.5 - https:\/\/yoast.com\/product\/yoast-seo-wordpress\/ -->\n<title>Sacos de \u00e1gua para lastrar castelos insufl\u00e1veis | Dodo Inflatables<\/title>\n<meta name=\"description\" content=\"Sacos de \u00e1gua para lastrar castelos insufl\u00e1veis \u2013 capacidade 40 litros, aprox. 40 kg peso cheio, conformes com DIN EN 14960. Ideais para instala\u00e7\u00f5es em asfalto, bet\u00e3o ou espa\u00e7os interiores.\" \/>\n<meta name=\"robots\" content=\"index, follow, max-snippet:-1, max-image-preview:large, max-video-preview:-1\" \/>\n<link rel=\"canonical\" href=\"https:\/\/dodo-inflatables.com\/pt-pt\/produto\/sacos-de-agua-para-lastrar-castelos-insuflaveis\/\" \/>\n<meta name=\"twitter:label1\" content=\"Tempo estimado de leitura\" \/>\n\t<meta name=\"twitter:data1\" content=\"1 minuto\" \/>\n<script type=\"application\/ld+json\" class=\"yoast-schema-graph\">{\"@context\":\"https:\\\/\\\/schema.org\",\"@graph\":[{\"@type\":\"WebPage\",\"@id\":\"https:\\\/\\\/dodo-inflatables.com\\\/pt-pt\\\/produto\\\/sacos-de-agua-para-lastrar-castelos-insuflaveis\\\/\",\"url\":\"https:\\\/\\\/dodo-inflatables.com\\\/pt-pt\\\/produto\\\/sacos-de-agua-para-lastrar-castelos-insuflaveis\\\/\",\"name\":\"Sacos de \u00e1gua para lastrar castelos insufl\u00e1veis | Dodo Inflatables\",\"isPartOf\":{\"@id\":\"https:\\\/\\\/dodo-inflatables.com\\\/pt-pt\\\/#website\"},\"primaryImageOfPage\":{\"@id\":\"https:\\\/\\\/dodo-inflatables.com\\\/pt-pt\\\/produto\\\/sacos-de-agua-para-lastrar-castelos-insuflaveis\\\/#primaryimage\"},\"image\":{\"@id\":\"https:\\\/\\\/dodo-inflatables.com\\\/pt-pt\\\/produto\\\/sacos-de-agua-para-lastrar-castelos-insuflaveis\\\/#primaryimage\"},\"thumbnailUrl\":\"https:\\\/\\\/dodo-inflatables.com\\\/wp-content\\\/uploads\\\/2026\\\/04\\\/neu-179dodo.jpg\",\"datePublished\":\"2026-04-04T11:54:46+00:00\",\"dateModified\":\"2026-04-24T18:13:54+00:00\",\"description\":\"Sacos de \u00e1gua para lastrar castelos insufl\u00e1veis \u2013 capacidade 40 litros, aprox. 40 kg peso cheio, conformes com DIN EN 14960. Ideais para instala\u00e7\u00f5es em asfalto, bet\u00e3o ou espa\u00e7os interiores.\",\"breadcrumb\":{\"@id\":\"https:\\\/\\\/dodo-inflatables.com\\\/pt-pt\\\/produto\\\/sacos-de-agua-para-lastrar-castelos-insuflaveis\\\/#breadcrumb\"},\"inLanguage\":\"pt-PT\",\"potentialAction\":[{\"@type\":\"ReadAction\",\"target\":[\"https:\\\/\\\/dodo-inflatables.com\\\/pt-pt\\\/produto\\\/sacos-de-agua-para-lastrar-castelos-insuflaveis\\\/\"]}]},{\"@type\":\"ImageObject\",\"inLanguage\":\"pt-PT\",\"@id\":\"https:\\\/\\\/dodo-inflatables.com\\\/pt-pt\\\/produto\\\/sacos-de-agua-para-lastrar-castelos-insuflaveis\\\/#primaryimage\",\"url\":\"https:\\\/\\\/dodo-inflatables.com\\\/wp-content\\\/uploads\\\/2026\\\/04\\\/neu-179dodo.jpg\",\"contentUrl\":\"https:\\\/\\\/dodo-inflatables.com\\\/wp-content\\\/uploads\\\/2026\\\/04\\\/neu-179dodo.jpg\",\"width\":1000,\"height\":1000,\"caption\":\"Sacos de \u00e1gua para lastrar castelos insufl\u00e1veis | Dodo Inflatables\"},{\"@type\":\"BreadcrumbList\",\"@id\":\"https:\\\/\\\/dodo-inflatables.com\\\/pt-pt\\\/produto\\\/sacos-de-agua-para-lastrar-castelos-insuflaveis\\\/#breadcrumb\",\"itemListElement\":[{\"@type\":\"ListItem\",\"position\":1,\"name\":\"In\u00edcio\",\"item\":\"https:\\\/\\\/dodo-inflatables.com\\\/pt-pt\\\/\"},{\"@type\":\"ListItem\",\"position\":2,\"name\":\"Compra\",\"item\":\"https:\\\/\\\/dodo-inflatables.com\\\/pt-pt\\\/compra\\\/\"},{\"@type\":\"ListItem\",\"position\":3,\"name\":\"Sacos de \u00e1gua para lastrar castelos insufl\u00e1veis\"}]},{\"@type\":\"WebSite\",\"@id\":\"https:\\\/\\\/dodo-inflatables.com\\\/pt-pt\\\/#website\",\"url\":\"https:\\\/\\\/dodo-inflatables.com\\\/pt-pt\\\/\",\"name\":\"dodo-inflatables.com\",\"description\":\"Compre castelos insufl\u00e1veis \u200b\u200be atra\u00e7\u00f5es na nossa loja.\",\"potentialAction\":[{\"@type\":\"SearchAction\",\"target\":{\"@type\":\"EntryPoint\",\"urlTemplate\":\"https:\\\/\\\/dodo-inflatables.com\\\/pt-pt\\\/?s={search_term_string}\"},\"query-input\":{\"@type\":\"PropertyValueSpecification\",\"valueRequired\":true,\"valueName\":\"search_term_string\"}}],\"inLanguage\":\"pt-PT\"}]}<\/script>\n<!-- \/ Yoast SEO plugin. -->","yoast_head_json":{"title":"Sacos de \u00e1gua para lastrar castelos insufl\u00e1veis | Dodo Inflatables","description":"Sacos de \u00e1gua para lastrar castelos insufl\u00e1veis \u2013 capacidade 40 litros, aprox. 40 kg peso cheio, conformes com DIN EN 14960. Ideais para instala\u00e7\u00f5es em asfalto, bet\u00e3o ou espa\u00e7os interiores.","robots":{"index":"index","follow":"follow","max-snippet":"max-snippet:-1","max-image-preview":"max-image-preview:large","max-video-preview":"max-video-preview:-1"},"canonical":"https:\/\/dodo-inflatables.com\/pt-pt\/produto\/sacos-de-agua-para-lastrar-castelos-insuflaveis\/","twitter_misc":{"Tempo estimado de leitura":"1 minuto"},"schema":{"@context":"https:\/\/schema.org","@graph":[{"@type":"WebPage","@id":"https:\/\/dodo-inflatables.com\/pt-pt\/produto\/sacos-de-agua-para-lastrar-castelos-insuflaveis\/","url":"https:\/\/dodo-inflatables.com\/pt-pt\/produto\/sacos-de-agua-para-lastrar-castelos-insuflaveis\/","name":"Sacos de \u00e1gua para lastrar castelos insufl\u00e1veis | Dodo Inflatables","isPartOf":{"@id":"https:\/\/dodo-inflatables.com\/pt-pt\/#website"},"primaryImageOfPage":{"@id":"https:\/\/dodo-inflatables.com\/pt-pt\/produto\/sacos-de-agua-para-lastrar-castelos-insuflaveis\/#primaryimage"},"image":{"@id":"https:\/\/dodo-inflatables.com\/pt-pt\/produto\/sacos-de-agua-para-lastrar-castelos-insuflaveis\/#primaryimage"},"thumbnailUrl":"https:\/\/dodo-inflatables.com\/wp-content\/uploads\/2026\/04\/neu-179dodo.jpg","datePublished":"2026-04-04T11:54:46+00:00","dateModified":"2026-04-24T18:13:54+00:00","description":"Sacos de \u00e1gua para lastrar castelos insufl\u00e1veis \u2013 capacidade 40 litros, aprox. 40 kg peso cheio, conformes com DIN EN 14960. Ideais para instala\u00e7\u00f5es em asfalto, bet\u00e3o ou espa\u00e7os interiores.","breadcrumb":{"@id":"https:\/\/dodo-inflatables.com\/pt-pt\/produto\/sacos-de-agua-para-lastrar-castelos-insuflaveis\/#breadcrumb"},"inLanguage":"pt-PT","potentialAction":[{"@type":"ReadAction","target":["https:\/\/dodo-inflatables.com\/pt-pt\/produto\/sacos-de-agua-para-lastrar-castelos-insuflaveis\/"]}]},{"@type":"ImageObject","inLanguage":"pt-PT","@id":"https:\/\/dodo-inflatables.com\/pt-pt\/produto\/sacos-de-agua-para-lastrar-castelos-insuflaveis\/#primaryimage","url":"https:\/\/dodo-inflatables.com\/wp-content\/uploads\/2026\/04\/neu-179dodo.jpg","contentUrl":"https:\/\/dodo-inflatables.com\/wp-content\/uploads\/2026\/04\/neu-179dodo.jpg","width":1000,"height":1000,"caption":"Sacos de \u00e1gua para lastrar castelos insufl\u00e1veis | Dodo Inflatables"},{"@type":"BreadcrumbList","@id":"https:\/\/dodo-inflatables.com\/pt-pt\/produto\/sacos-de-agua-para-lastrar-castelos-insuflaveis\/#breadcrumb","itemListElement":[{"@type":"ListItem","position":1,"name":"In\u00edcio","item":"https:\/\/dodo-inflatables.com\/pt-pt\/"},{"@type":"ListItem","position":2,"name":"Compra","item":"https:\/\/dodo-inflatables.com\/pt-pt\/compra\/"},{"@type":"ListItem","position":3,"name":"Sacos de \u00e1gua para lastrar castelos insufl\u00e1veis"}]},{"@type":"WebSite","@id":"https:\/\/dodo-inflatables.com\/pt-pt\/#website","url":"https:\/\/dodo-inflatables.com\/pt-pt\/","name":"dodo-inflatables.com","description":"Compre castelos insufl\u00e1veis \u200b\u200be atra\u00e7\u00f5es na nossa loja.","potentialAction":[{"@type":"SearchAction","target":{"@type":"EntryPoint","urlTemplate":"https:\/\/dodo-inflatables.com\/pt-pt\/?s={search_term_string}"},"query-input":{"@type":"PropertyValueSpecification","valueRequired":true,"valueName":"search_term_string"}}],"inLanguage":"pt-PT"}]}},"uagb_featured_image_src":{"full":["https:\/\/dodo-inflatables.com\/wp-content\/uploads\/2026\/04\/neu-179dodo.jpg",1000,1000,false],"thumbnail":["https:\/\/dodo-inflatables.com\/wp-content\/uploads\/2026\/04\/neu-179dodo-150x150.jpg",150,150,true],"medium":["https:\/\/dodo-inflatables.com\/wp-content\/uploads\/2026\/04\/neu-179dodo-300x300.jpg",300,300,true],"medium_large":["https:\/\/dodo-inflatables.com\/wp-content\/uploads\/2026\/04\/neu-179dodo-768x768.jpg",768,768,true],"large":["https:\/\/dodo-inflatables.com\/wp-content\/uploads\/2026\/04\/neu-179dodo.jpg",1000,1000,false],"1536x1536":["https:\/\/dodo-inflatables.com\/wp-content\/uploads\/2026\/04\/neu-179dodo.jpg",1000,1000,false],"2048x2048":["https:\/\/dodo-inflatables.com\/wp-content\/uploads\/2026\/04\/neu-179dodo.jpg",1000,1000,false],"woocommerce_thumbnail":["https:\/\/dodo-inflatables.com\/wp-content\/uploads\/2026\/04\/neu-179dodo-900x900.jpg",900,900,true],"woocommerce_single":["https:\/\/dodo-inflatables.com\/wp-content\/uploads\/2026\/04\/neu-179dodo-900x900.jpg",900,900,true],"woocommerce_gallery_thumbnail":["https:\/\/dodo-inflatables.com\/wp-content\/uploads\/2026\/04\/neu-179dodo-100x100.jpg",100,100,true]},"uagb_author_info":{"display_name":"Andreas","author_link":"https:\/\/dodo-inflatables.com\/pt-pt\/author\/"},"uagb_comment_info":0,"uagb_excerpt":"Capacidade: 40 litros de \u00e1gua por saco Peso cheio: aprox. 40 kg Tamanho: aprox. 40 x 40 cm 2 v\u00e1lvulas (topo e base) 4 ilh\u00f3s para fixa\u00e7\u00e3o 2 pegas de transporte Material: PVC dur\u00e1vel","_links":{"self":[{"href":"https:\/\/dodo-inflatables.com\/pt-pt\/wp-json\/wp\/v2\/product\/105807","targetHints":{"allow":["GET"]}}],"collection":[{"href":"https:\/\/dodo-inflatables.com\/pt-pt\/wp-json\/wp\/v2\/product"}],"about":[{"href":"https:\/\/dodo-inflatables.com\/pt-pt\/wp-json\/wp\/v2\/types\/product"}],"replies":[{"embeddable":true,"href":"https:\/\/dodo-inflatables.com\/pt-pt\/wp-json\/wp\/v2\/comments?post=105807"}],"wp:featuredmedia":[{"embeddable":true,"href":"https:\/\/dodo-inflatables.com\/pt-pt\/wp-json\/wp\/v2\/media\/105805"}],"wp:attachment":[{"href":"https:\/\/dodo-inflatables.com\/pt-pt\/wp-json\/wp\/v2\/media?parent=105807"}],"wp:term":[{"taxonomy":"product_brand","embeddable":true,"href":"https:\/\/dodo-inflatables.com\/pt-pt\/wp-json\/wp\/v2\/product_brand?post=105807"},{"taxonomy":"product_cat","embeddable":true,"href":"https:\/\/dodo-inflatables.com\/pt-pt\/wp-json\/wp\/v2\/product_cat?post=105807"},{"taxonomy":"product_tag","embeddable":true,"href":"https:\/\/dodo-inflatables.com\/pt-pt\/wp-json\/wp\/v2\/product_tag?post=105807"}],"curies":[{"name":"wp","href":"https:\/\/api.w.org\/{rel}","templated":true}]}}