{"id":18088,"date":"2017-01-06T20:41:52","date_gmt":"2017-01-06T19:41:52","guid":{"rendered":"https:\/\/dodo-inflatables.com\/product\/soprador-gibbons-fp5005-15ps\/"},"modified":"2026-04-23T08:08:40","modified_gmt":"2026-04-23T06:08:40","slug":"soprador-gibbons-fp5005-15ps","status":"publish","type":"product","link":"https:\/\/dodo-inflatables.com\/pt-pt\/produto\/soprador-gibbons-fp5005-15ps\/","title":{"rendered":"Gibbons insuflador FP5005 &#8211; 1.5 HP"},"content":{"rendered":"<h2>Comprar insuflador Gibbons para castelos insufl\u00e1veis<\/h2>\n<p>O insuflador Gibbons para castelos insufl\u00e1veis \u00e9 um verdadeiro cl\u00e1ssico \u2013 robusto, fi\u00e1vel e constru\u00eddo para durar.<br \/>\n<strong>Carca\u00e7a met\u00e1lica dur\u00e1vel:<\/strong> O insuflador est\u00e1 alojado numa carca\u00e7a met\u00e1lica resistente que oferece durabilidade a longo prazo e prote\u00e7\u00e3o contra o desgaste.<br \/>\n<strong>Fluxo de ar potente:<\/strong> Concebido para um fluxo de ar otimizado, insufla o seu castelo insufl\u00e1vel de forma r\u00e1pida e eficiente, mantendo a press\u00e3o de ar adequada durante a utiliza\u00e7\u00e3o.<br \/>\n<strong>Compatibilidade vers\u00e1til:<\/strong> Adequado para uma grande variedade de insufl\u00e1veis, desde castelos insufl\u00e1veis a escorregas insufl\u00e1veis e muitos outros m\u00f3dulos para eventos.<\/p>\n<h3><strong>Detalhes do insuflador Gibbons<\/strong><\/h3>\n<ul>\n<li style=\"list-style-type: none;\">\n<ul>\n<li>Material: carca\u00e7a de a\u00e7o, funil em pl\u00e1stico r\u00edgido.<\/li>\n<li>Pot\u00eancia: 1,1 kW (sa\u00edda), 1,68 kW (entrada), 1,5 HP<\/li>\n<li>Liga\u00e7\u00e3o: ficha Schuko<\/li>\n<li>Di\u00e2metro do funil: 21,5 cm<\/li>\n<li>Dimens\u00f5es: 41 x 22 x 53 cm<\/li>\n<li>Peso: 16,6 kg<\/li>\n<li>N\u00edvel de ru\u00eddo: 83 dB<\/li>\n<li>N.\u00ba de registo WEEE: DE 82972723<\/li>\n<\/ul>\n<\/li>\n<\/ul>\n<p>Gra\u00e7as ao seu design compacto em forma de caixa, o insuflador pode ser empilhado e armazenado com muita facilidade. Com um di\u00e2metro de funil de 21,5 cm, o insuflador Gibbons \u00e9 adequado n\u00e3o s\u00f3 para castelos insufl\u00e1veis, mas tamb\u00e9m para m\u00f3dulos de eventos e outras atra\u00e7\u00f5es insufl\u00e1veis, como paredes alvo, escorregas gigantes e muito mais. Todos os produtos dispon\u00edveis na nossa loja s\u00e3o totalmente compat\u00edveis com este insuflador.<br \/>\n&nbsp;<\/p>\n","protected":false},"excerpt":{"rendered":"<ul>\n<li>Material: carca\u00e7a de a\u00e7o, funil em pl\u00e1stico r\u00edgido.<\/li>\n<li>Pot\u00eancia: 1,1 kW (sa\u00edda), 1,68 kW (entrada), 1,5 HP<\/li>\n<li>Liga\u00e7\u00e3o: ficha Schuko<\/li>\n<li>Di\u00e2metro do funil: 21,5 cm<\/li>\n<li>Dimens\u00f5es: 41 x 22 x 53 cm<\/li>\n<li>Peso: 16,6 kg<\/li>\n<li>N\u00edvel de ru\u00eddo: 83 dB<\/li>\n<li>N.\u00ba de registo WEEE: DE 82972723<\/li>\n<\/ul>\n","protected":false},"featured_media":18091,"comment_status":"open","ping_status":"closed","template":"","meta":{"_acf_changed":false,"_uag_custom_page_level_css":"","site-sidebar-layout":"default","site-content-layout":"boxed-container","ast-site-content-layout":"normal-width-container","site-content-style":"boxed","site-sidebar-style":"boxed","ast-global-header-display":"","ast-banner-title-visibility":"","ast-main-header-display":"","ast-hfb-above-header-display":"","ast-hfb-below-header-display":"","ast-hfb-mobile-header-display":"","site-post-title":"disabled","ast-breadcrumbs-content":"","ast-featured-img":"","footer-sml-layout":"","ast-disable-related-posts":"","theme-transparent-header-meta":"default","adv-header-id-meta":"","stick-header-meta":"default","header-above-stick-meta":"","header-main-stick-meta":"","header-below-stick-meta":"","astra-migrate-meta-layouts":"default","ast-page-background-enabled":"default","ast-page-background-meta":{"desktop":{"background-color":"var(--ast-global-color-4)","background-image":"","background-repeat":"repeat","background-position":"center center","background-size":"auto","background-attachment":"scroll","background-type":"","background-media":"","overlay-type":"","overlay-color":"","overlay-opacity":"","overlay-gradient":""},"tablet":{"background-color":"","background-image":"","background-repeat":"repeat","background-position":"center center","background-size":"auto","background-attachment":"scroll","background-type":"","background-media":"","overlay-type":"","overlay-color":"","overlay-opacity":"","overlay-gradient":""},"mobile":{"background-color":"","background-image":"","background-repeat":"repeat","background-position":"center center","background-size":"auto","background-attachment":"scroll","background-type":"","background-media":"","overlay-type":"","overlay-color":"","overlay-opacity":"","overlay-gradient":""}},"ast-content-background-meta":{"desktop":{"background-color":"var(--ast-global-color-5)","background-image":"","background-repeat":"repeat","background-position":"center center","background-size":"auto","background-attachment":"scroll","background-type":"","background-media":"","overlay-type":"","overlay-color":"","overlay-opacity":"","overlay-gradient":""},"tablet":{"background-color":"var(--ast-global-color-5)","background-image":"","background-repeat":"repeat","background-position":"center center","background-size":"auto","background-attachment":"scroll","background-type":"","background-media":"","overlay-type":"","overlay-color":"","overlay-opacity":"","overlay-gradient":""},"mobile":{"background-color":"var(--ast-global-color-5)","background-image":"","background-repeat":"repeat","background-position":"center center","background-size":"auto","background-attachment":"scroll","background-type":"","background-media":"","overlay-type":"","overlay-color":"","overlay-opacity":"","overlay-gradient":""}}},"product_brand":[],"product_cat":[2066],"product_tag":[],"class_list":{"0":"post-18088","1":"product","2":"type-product","3":"status-publish","4":"has-post-thumbnail","6":"product_cat-acessorios","7":"product_shipping_class-zubehor-pt-pt","8":"desktop-align-center","9":"tablet-align-center","10":"mobile-align-center","11":"ast-product-gallery-layout-horizontal","12":"ast-product-gallery-with-no-image","13":"ast-product-tabs-layout-horizontal","15":"first","16":"instock","17":"taxable","18":"shipping-taxable","19":"purchasable","20":"product-type-simple"},"acf":[],"yoast_head":"<!-- This site is optimized with the Yoast SEO plugin v27.5 - https:\/\/yoast.com\/product\/yoast-seo-wordpress\/ -->\n<title>Compra insufladores Gibbons para almofadas insufl\u00e1veis | Dodo-Inflatables.com<\/title>\n<meta name=\"description\" content=\"Compra insufladores Gibbons 1,1KW baratos para insufl\u00e1veis em Dodo-Inflatables.com! | Pre\u00e7os justos | Sempre em stock | Envio r\u00e1pido!\" \/>\n<meta name=\"robots\" content=\"index, follow, max-snippet:-1, max-image-preview:large, max-video-preview:-1\" \/>\n<link rel=\"canonical\" href=\"https:\/\/dodo-inflatables.com\/pt-pt\/produto\/soprador-gibbons-fp5005-15ps\/\" \/>\n<meta name=\"twitter:label1\" content=\"Tempo estimado de leitura\" \/>\n\t<meta name=\"twitter:data1\" content=\"1 minuto\" \/>\n<script type=\"application\/ld+json\" class=\"yoast-schema-graph\">{\"@context\":\"https:\\\/\\\/schema.org\",\"@graph\":[{\"@type\":\"WebPage\",\"@id\":\"https:\\\/\\\/dodo-inflatables.com\\\/pt-pt\\\/produto\\\/soprador-gibbons-fp5005-15ps\\\/\",\"url\":\"https:\\\/\\\/dodo-inflatables.com\\\/pt-pt\\\/produto\\\/soprador-gibbons-fp5005-15ps\\\/\",\"name\":\"Compra insufladores Gibbons para almofadas insufl\u00e1veis | Dodo-Inflatables.com\",\"isPartOf\":{\"@id\":\"https:\\\/\\\/dodo-inflatables.com\\\/pt-pt\\\/#website\"},\"primaryImageOfPage\":{\"@id\":\"https:\\\/\\\/dodo-inflatables.com\\\/pt-pt\\\/produto\\\/soprador-gibbons-fp5005-15ps\\\/#primaryimage\"},\"image\":{\"@id\":\"https:\\\/\\\/dodo-inflatables.com\\\/pt-pt\\\/produto\\\/soprador-gibbons-fp5005-15ps\\\/#primaryimage\"},\"thumbnailUrl\":\"https:\\\/\\\/dodo-inflatables.com\\\/wp-content\\\/uploads\\\/2017\\\/01\\\/gibbons-geblase-metallgehause-fur-hupfburg-kaufen-500.png\",\"datePublished\":\"2017-01-06T19:41:52+00:00\",\"dateModified\":\"2026-04-23T06:08:40+00:00\",\"description\":\"Compra insufladores Gibbons 1,1KW baratos para insufl\u00e1veis em Dodo-Inflatables.com! | Pre\u00e7os justos | Sempre em stock | Envio r\u00e1pido!\",\"breadcrumb\":{\"@id\":\"https:\\\/\\\/dodo-inflatables.com\\\/pt-pt\\\/produto\\\/soprador-gibbons-fp5005-15ps\\\/#breadcrumb\"},\"inLanguage\":\"pt-PT\",\"potentialAction\":[{\"@type\":\"ReadAction\",\"target\":[\"https:\\\/\\\/dodo-inflatables.com\\\/pt-pt\\\/produto\\\/soprador-gibbons-fp5005-15ps\\\/\"]}]},{\"@type\":\"ImageObject\",\"inLanguage\":\"pt-PT\",\"@id\":\"https:\\\/\\\/dodo-inflatables.com\\\/pt-pt\\\/produto\\\/soprador-gibbons-fp5005-15ps\\\/#primaryimage\",\"url\":\"https:\\\/\\\/dodo-inflatables.com\\\/wp-content\\\/uploads\\\/2017\\\/01\\\/gibbons-geblase-metallgehause-fur-hupfburg-kaufen-500.png\",\"contentUrl\":\"https:\\\/\\\/dodo-inflatables.com\\\/wp-content\\\/uploads\\\/2017\\\/01\\\/gibbons-geblase-metallgehause-fur-hupfburg-kaufen-500.png\",\"width\":500,\"height\":500},{\"@type\":\"BreadcrumbList\",\"@id\":\"https:\\\/\\\/dodo-inflatables.com\\\/pt-pt\\\/produto\\\/soprador-gibbons-fp5005-15ps\\\/#breadcrumb\",\"itemListElement\":[{\"@type\":\"ListItem\",\"position\":1,\"name\":\"In\u00edcio\",\"item\":\"https:\\\/\\\/dodo-inflatables.com\\\/pt-pt\\\/\"},{\"@type\":\"ListItem\",\"position\":2,\"name\":\"Compra\",\"item\":\"https:\\\/\\\/dodo-inflatables.com\\\/pt-pt\\\/compra\\\/\"},{\"@type\":\"ListItem\",\"position\":3,\"name\":\"Soprador Gibbons FP5005 &#8211; 1,5PS\"}]},{\"@type\":\"WebSite\",\"@id\":\"https:\\\/\\\/dodo-inflatables.com\\\/pt-pt\\\/#website\",\"url\":\"https:\\\/\\\/dodo-inflatables.com\\\/pt-pt\\\/\",\"name\":\"dodo-inflatables.com\",\"description\":\"Compre castelos insufl\u00e1veis \u200b\u200be atra\u00e7\u00f5es na nossa loja.\",\"potentialAction\":[{\"@type\":\"SearchAction\",\"target\":{\"@type\":\"EntryPoint\",\"urlTemplate\":\"https:\\\/\\\/dodo-inflatables.com\\\/pt-pt\\\/?s={search_term_string}\"},\"query-input\":{\"@type\":\"PropertyValueSpecification\",\"valueRequired\":true,\"valueName\":\"search_term_string\"}}],\"inLanguage\":\"pt-PT\"}]}<\/script>\n<!-- \/ Yoast SEO plugin. -->","yoast_head_json":{"title":"Compra insufladores Gibbons para almofadas insufl\u00e1veis | Dodo-Inflatables.com","description":"Compra insufladores Gibbons 1,1KW baratos para insufl\u00e1veis em Dodo-Inflatables.com! | Pre\u00e7os justos | Sempre em stock | Envio r\u00e1pido!","robots":{"index":"index","follow":"follow","max-snippet":"max-snippet:-1","max-image-preview":"max-image-preview:large","max-video-preview":"max-video-preview:-1"},"canonical":"https:\/\/dodo-inflatables.com\/pt-pt\/produto\/soprador-gibbons-fp5005-15ps\/","twitter_misc":{"Tempo estimado de leitura":"1 minuto"},"schema":{"@context":"https:\/\/schema.org","@graph":[{"@type":"WebPage","@id":"https:\/\/dodo-inflatables.com\/pt-pt\/produto\/soprador-gibbons-fp5005-15ps\/","url":"https:\/\/dodo-inflatables.com\/pt-pt\/produto\/soprador-gibbons-fp5005-15ps\/","name":"Compra insufladores Gibbons para almofadas insufl\u00e1veis | Dodo-Inflatables.com","isPartOf":{"@id":"https:\/\/dodo-inflatables.com\/pt-pt\/#website"},"primaryImageOfPage":{"@id":"https:\/\/dodo-inflatables.com\/pt-pt\/produto\/soprador-gibbons-fp5005-15ps\/#primaryimage"},"image":{"@id":"https:\/\/dodo-inflatables.com\/pt-pt\/produto\/soprador-gibbons-fp5005-15ps\/#primaryimage"},"thumbnailUrl":"https:\/\/dodo-inflatables.com\/wp-content\/uploads\/2017\/01\/gibbons-geblase-metallgehause-fur-hupfburg-kaufen-500.png","datePublished":"2017-01-06T19:41:52+00:00","dateModified":"2026-04-23T06:08:40+00:00","description":"Compra insufladores Gibbons 1,1KW baratos para insufl\u00e1veis em Dodo-Inflatables.com! | Pre\u00e7os justos | Sempre em stock | Envio r\u00e1pido!","breadcrumb":{"@id":"https:\/\/dodo-inflatables.com\/pt-pt\/produto\/soprador-gibbons-fp5005-15ps\/#breadcrumb"},"inLanguage":"pt-PT","potentialAction":[{"@type":"ReadAction","target":["https:\/\/dodo-inflatables.com\/pt-pt\/produto\/soprador-gibbons-fp5005-15ps\/"]}]},{"@type":"ImageObject","inLanguage":"pt-PT","@id":"https:\/\/dodo-inflatables.com\/pt-pt\/produto\/soprador-gibbons-fp5005-15ps\/#primaryimage","url":"https:\/\/dodo-inflatables.com\/wp-content\/uploads\/2017\/01\/gibbons-geblase-metallgehause-fur-hupfburg-kaufen-500.png","contentUrl":"https:\/\/dodo-inflatables.com\/wp-content\/uploads\/2017\/01\/gibbons-geblase-metallgehause-fur-hupfburg-kaufen-500.png","width":500,"height":500},{"@type":"BreadcrumbList","@id":"https:\/\/dodo-inflatables.com\/pt-pt\/produto\/soprador-gibbons-fp5005-15ps\/#breadcrumb","itemListElement":[{"@type":"ListItem","position":1,"name":"In\u00edcio","item":"https:\/\/dodo-inflatables.com\/pt-pt\/"},{"@type":"ListItem","position":2,"name":"Compra","item":"https:\/\/dodo-inflatables.com\/pt-pt\/compra\/"},{"@type":"ListItem","position":3,"name":"Soprador Gibbons FP5005 &#8211; 1,5PS"}]},{"@type":"WebSite","@id":"https:\/\/dodo-inflatables.com\/pt-pt\/#website","url":"https:\/\/dodo-inflatables.com\/pt-pt\/","name":"dodo-inflatables.com","description":"Compre castelos insufl\u00e1veis \u200b\u200be atra\u00e7\u00f5es na nossa loja.","potentialAction":[{"@type":"SearchAction","target":{"@type":"EntryPoint","urlTemplate":"https:\/\/dodo-inflatables.com\/pt-pt\/?s={search_term_string}"},"query-input":{"@type":"PropertyValueSpecification","valueRequired":true,"valueName":"search_term_string"}}],"inLanguage":"pt-PT"}]}},"uagb_featured_image_src":{"full":["https:\/\/dodo-inflatables.com\/wp-content\/uploads\/2017\/01\/gibbons-geblase-metallgehause-fur-hupfburg-kaufen-500.png",500,500,false],"thumbnail":["https:\/\/dodo-inflatables.com\/wp-content\/uploads\/2017\/01\/gibbons-geblase-metallgehause-fur-hupfburg-kaufen-500-150x150.png",150,150,true],"medium":["https:\/\/dodo-inflatables.com\/wp-content\/uploads\/2017\/01\/gibbons-geblase-metallgehause-fur-hupfburg-kaufen-500-300x300.png",300,300,true],"medium_large":["https:\/\/dodo-inflatables.com\/wp-content\/uploads\/2017\/01\/gibbons-geblase-metallgehause-fur-hupfburg-kaufen-500.png",500,500,false],"large":["https:\/\/dodo-inflatables.com\/wp-content\/uploads\/2017\/01\/gibbons-geblase-metallgehause-fur-hupfburg-kaufen-500.png",500,500,false],"1536x1536":["https:\/\/dodo-inflatables.com\/wp-content\/uploads\/2017\/01\/gibbons-geblase-metallgehause-fur-hupfburg-kaufen-500.png",500,500,false],"2048x2048":["https:\/\/dodo-inflatables.com\/wp-content\/uploads\/2017\/01\/gibbons-geblase-metallgehause-fur-hupfburg-kaufen-500.png",500,500,false],"woocommerce_thumbnail":["https:\/\/dodo-inflatables.com\/wp-content\/uploads\/2017\/01\/gibbons-geblase-metallgehause-fur-hupfburg-kaufen-500.png",500,500,false],"woocommerce_single":["https:\/\/dodo-inflatables.com\/wp-content\/uploads\/2017\/01\/gibbons-geblase-metallgehause-fur-hupfburg-kaufen-500.png",500,500,false],"woocommerce_gallery_thumbnail":["https:\/\/dodo-inflatables.com\/wp-content\/uploads\/2017\/01\/gibbons-geblase-metallgehause-fur-hupfburg-kaufen-500-100x100.png",100,100,true]},"uagb_author_info":{"display_name":"Andreas","author_link":"https:\/\/dodo-inflatables.com\/pt-pt\/author\/"},"uagb_comment_info":0,"uagb_excerpt":"Material: carca\u00e7a de a\u00e7o, funil em pl\u00e1stico r\u00edgido. Pot\u00eancia: 1,1 kW (sa\u00edda), 1,68 kW (entrada), 1,5 HP Liga\u00e7\u00e3o: ficha Schuko Di\u00e2metro do funil: 21,5 cm Dimens\u00f5es: 41 x 22 x 53 cm Peso: 16,6 kg N\u00edvel de ru\u00eddo: 83 dB N.\u00ba de registo WEEE: DE 82972723","_links":{"self":[{"href":"https:\/\/dodo-inflatables.com\/pt-pt\/wp-json\/wp\/v2\/product\/18088","targetHints":{"allow":["GET"]}}],"collection":[{"href":"https:\/\/dodo-inflatables.com\/pt-pt\/wp-json\/wp\/v2\/product"}],"about":[{"href":"https:\/\/dodo-inflatables.com\/pt-pt\/wp-json\/wp\/v2\/types\/product"}],"replies":[{"embeddable":true,"href":"https:\/\/dodo-inflatables.com\/pt-pt\/wp-json\/wp\/v2\/comments?post=18088"}],"wp:featuredmedia":[{"embeddable":true,"href":"https:\/\/dodo-inflatables.com\/pt-pt\/wp-json\/wp\/v2\/media\/18091"}],"wp:attachment":[{"href":"https:\/\/dodo-inflatables.com\/pt-pt\/wp-json\/wp\/v2\/media?parent=18088"}],"wp:term":[{"taxonomy":"product_brand","embeddable":true,"href":"https:\/\/dodo-inflatables.com\/pt-pt\/wp-json\/wp\/v2\/product_brand?post=18088"},{"taxonomy":"product_cat","embeddable":true,"href":"https:\/\/dodo-inflatables.com\/pt-pt\/wp-json\/wp\/v2\/product_cat?post=18088"},{"taxonomy":"product_tag","embeddable":true,"href":"https:\/\/dodo-inflatables.com\/pt-pt\/wp-json\/wp\/v2\/product_tag?post=18088"}],"curies":[{"name":"wp","href":"https:\/\/api.w.org\/{rel}","templated":true}]}}