{"id":19287,"date":"2018-01-19T15:47:49","date_gmt":"2018-01-19T14:47:49","guid":{"rendered":"https:\/\/dodo-inflatables.com\/product\/dardo-de-futebol\/"},"modified":"2026-04-17T16:26:44","modified_gmt":"2026-04-17T14:26:44","slug":"dardo-de-futebol","status":"publish","type":"product","link":"https:\/\/dodo-inflatables.com\/pt-pt\/produto\/dardo-de-futebol\/","title":{"rendered":"Dardo de futebol"},"content":{"rendered":"<h2>Compra um dardo de futebol insufl\u00e1vel<\/h2>\n<p>Os dardos de futebol s\u00e3o a \u00faltima tend\u00eancia nos eventos de Inglaterra. Os dardos de futebol, tamb\u00e9m conhecidos como dardos de futebol ou dardos de p\u00e9, combinam as habilidades habituais do futebol e dos dardos e envolvem atirar bolas de futebol de velcro contra um alvo de dardos insufl\u00e1vel gigante.<\/p>\n<p>O nosso jogo de dardos de futebol insufl\u00e1vel de grandes dimens\u00f5es tem 4,5 metros de altura, o que faz dele um grande chamariz em qualquer evento de futebol. Deixa os amigos, convidados, clientes, colegas ou a tua fam\u00edlia competirem entre si no Soccer Darts e descobre quem \u00e9 o melhor atirador entre voc\u00eas. Normalmente, os jogadores t\u00eam tr\u00eas tentativas para colocar a bola o mais pr\u00f3ximo poss\u00edvel do alvo ou &#8220;disparar&#8221; um determinado n\u00famero de pontos. N\u00e3o s\u00e3o s\u00f3 os teus colegas de equipa que te v\u00e3o aplaudir, os espectadores tamb\u00e9m v\u00e3o assistir com entusiasmo.<\/p>\n<p>Os dardos de futebol podem ser jogados em qualquer superf\u00edcie em que se jogue futebol. As bolas de futebol de velcro necess\u00e1rias s\u00e3o fornecidas a condizer. Estes s\u00e3o feitos de velcro especial, que adere particularmente bem ao velcro do alvo de dardos insufl\u00e1vel. Estas <a href=\"https:\/\/dodo-inflatables.com\/product\/velcro-football-for-football-darts\/\">bolas de futebol<\/a> especiais <a href=\"https:\/\/dodo-inflatables.com\/product\/velcro-football-for-football-darts\/\">com velcro<\/a> tamb\u00e9m est\u00e3o dispon\u00edveis individualmente na categoria de <a href=\"https:\/\/dodo-inflatables.com\/product-category\/accessories\/\">acess\u00f3rios<\/a>.<\/p>\n<p>&nbsp;<\/p>\n<h4>Detalhes do dardo de futebol insufl\u00e1vel<\/h4>\n<ul>\n<li>Dimens\u00f5es (C x L x A): 4,50 m x 6,20 m x 4,50 m *<\/li>\n<li>Peso: aprox. 95 kg *<\/li>\n<li>Tamanho da embalagem: 100 x 70 x 70 cm *<\/li>\n<li>Tempo de montagem: 10 minutos<\/li>\n<li>Material: PVC de 0,55 mm e velcro<\/li>\n<li>Dardo com velcro substitu\u00edvel<\/li>\n<li>Fecho de correr com cobertura de velcro, cantos refor\u00e7ados, velcro de alta qualidade<\/li>\n<li>Corda para retirar as bolas<\/li>\n<\/ul>\n<p>Inclu\u00eddo no volume de fornecimento: Dardo de futebol e tr\u00eas bolas de futebol com capa de velcro de alta qualidade<\/p>\n<p>O soprador e a folha de solo n\u00e3o est\u00e3o inclu\u00eddos. Encontra-os na categoria de acess\u00f3rios.<\/p>\n<p>Todos os nossos castelos insufl\u00e1veis e atrac\u00e7\u00f5es insufl\u00e1veis s\u00e3o m\u00f3dulos profissionais, adequados para empresas de aluguer profissional e para utiliza\u00e7\u00e3o em parques de lazer, parques infantis cobertos e similares.<\/p>\n<p><strong>Instru\u00e7\u00f5es de funcionamento importantes<\/strong><\/p>\n<p>O ventilador (n\u00e3o inclu\u00eddo) deve funcionar continuamente durante a utiliza\u00e7\u00e3o.<br \/>\n\u00c9 normal haver uma ligeira fuga de ar atrav\u00e9s dos orif\u00edcios das costuras.<\/p>\n<p>* O peso e as dimens\u00f5es s\u00e3o aproximados e podem variar ligeiramente<\/p>\n","protected":false},"excerpt":{"rendered":"<p><i class=\"fa fa-arrows-alt\"><\/i>  Dimens\u00f5es (C x L x A): 4,50 m x 6,20 m x 4,50 m *<br \/>\n<i class=\"fa fa-plus\"><\/i>  Inclui tr\u00eas bolas de futebol com cobertura de velcro, alvo de dardos de velcro substitu\u00edvel<i class=\"fa fa-check\"><\/i> M\u00f3dulo profissional &#8211; Adequado para uso comercial e privado<\/p>\n<p><i class=\"fa fa-square\"><\/i>  PVC (0,55 mm \/ 621,3 g\/m\u00b2) e velcro<br \/>\n<i class=\"fa fa-align-justify\"><\/i>  2 &#8211; 4 dobras cosidas (consoante a carga)<br \/>\n<i class=\"fa fa-fire\"><\/i>  Retardador de chama<br \/>\n<i class=\"fas fa-edit\"><\/i>  Inclui. n\u00famero de s\u00e9rie individual<\/p>\n","protected":false},"featured_media":19299,"comment_status":"open","ping_status":"closed","template":"","meta":{"_acf_changed":false,"_uag_custom_page_level_css":"","site-sidebar-layout":"default","site-content-layout":"boxed-container","ast-site-content-layout":"normal-width-container","site-content-style":"boxed","site-sidebar-style":"boxed","ast-global-header-display":"","ast-banner-title-visibility":"","ast-main-header-display":"","ast-hfb-above-header-display":"","ast-hfb-below-header-display":"","ast-hfb-mobile-header-display":"","site-post-title":"disabled","ast-breadcrumbs-content":"","ast-featured-img":"","footer-sml-layout":"","ast-disable-related-posts":"","theme-transparent-header-meta":"default","adv-header-id-meta":"","stick-header-meta":"default","header-above-stick-meta":"","header-main-stick-meta":"","header-below-stick-meta":"","astra-migrate-meta-layouts":"default","ast-page-background-enabled":"default","ast-page-background-meta":{"desktop":{"background-color":"var(--ast-global-color-4)","background-image":"","background-repeat":"repeat","background-position":"center center","background-size":"auto","background-attachment":"scroll","background-type":"","background-media":"","overlay-type":"","overlay-color":"","overlay-opacity":"","overlay-gradient":""},"tablet":{"background-color":"","background-image":"","background-repeat":"repeat","background-position":"center center","background-size":"auto","background-attachment":"scroll","background-type":"","background-media":"","overlay-type":"","overlay-color":"","overlay-opacity":"","overlay-gradient":""},"mobile":{"background-color":"","background-image":"","background-repeat":"repeat","background-position":"center center","background-size":"auto","background-attachment":"scroll","background-type":"","background-media":"","overlay-type":"","overlay-color":"","overlay-opacity":"","overlay-gradient":""}},"ast-content-background-meta":{"desktop":{"background-color":"var(--ast-global-color-5)","background-image":"","background-repeat":"repeat","background-position":"center center","background-size":"auto","background-attachment":"scroll","background-type":"","background-media":"","overlay-type":"","overlay-color":"","overlay-opacity":"","overlay-gradient":""},"tablet":{"background-color":"var(--ast-global-color-5)","background-image":"","background-repeat":"repeat","background-position":"center center","background-size":"auto","background-attachment":"scroll","background-type":"","background-media":"","overlay-type":"","overlay-color":"","overlay-opacity":"","overlay-gradient":""},"mobile":{"background-color":"var(--ast-global-color-5)","background-image":"","background-repeat":"repeat","background-position":"center center","background-size":"auto","background-attachment":"scroll","background-type":"","background-media":"","overlay-type":"","overlay-color":"","overlay-opacity":"","overlay-gradient":""}}},"product_brand":[],"product_cat":[2023],"product_tag":[7141],"class_list":{"0":"post-19287","1":"product","2":"type-product","3":"status-publish","4":"has-post-thumbnail","6":"product_cat-atracoes","7":"product_tag-geblase-1-5ps","8":"product_shipping_class-spedition-hupfburg-pt-pt","9":"pa_gtin-0669145336841-pt-pt","10":"desktop-align-center","11":"tablet-align-center","12":"mobile-align-center","13":"ast-product-gallery-layout-horizontal","14":"ast-product-tabs-layout-horizontal","16":"first","17":"instock","18":"taxable","19":"shipping-taxable","20":"purchasable","21":"product-type-simple"},"acf":[],"yoast_head":"<!-- This site is optimized with the Yoast SEO plugin v27.5 - https:\/\/yoast.com\/product\/yoast-seo-wordpress\/ -->\n<title>Compra um dardo de futebol insufl\u00e1vel | Dodo-Inflatables.com<\/title>\n<meta name=\"description\" content=\"Compra o Futebol insufl\u00e1vel Soccerdart em dodo-inflatables.com! | Pre\u00e7os justos | Sempre em stock | Envio r\u00e1pido!\" \/>\n<meta name=\"robots\" content=\"index, follow, max-snippet:-1, max-image-preview:large, max-video-preview:-1\" \/>\n<link rel=\"canonical\" href=\"https:\/\/dodo-inflatables.com\/pt-pt\/produto\/dardo-de-futebol\/\" \/>\n<meta name=\"twitter:label1\" content=\"Tempo estimado de leitura\" \/>\n\t<meta name=\"twitter:data1\" content=\"2 minutos\" \/>\n<script type=\"application\/ld+json\" class=\"yoast-schema-graph\">{\"@context\":\"https:\\\/\\\/schema.org\",\"@graph\":[{\"@type\":\"WebPage\",\"@id\":\"https:\\\/\\\/dodo-inflatables.com\\\/pt-pt\\\/produto\\\/dardo-de-futebol\\\/\",\"url\":\"https:\\\/\\\/dodo-inflatables.com\\\/pt-pt\\\/produto\\\/dardo-de-futebol\\\/\",\"name\":\"Compra um dardo de futebol insufl\u00e1vel | Dodo-Inflatables.com\",\"isPartOf\":{\"@id\":\"https:\\\/\\\/dodo-inflatables.com\\\/pt-pt\\\/#website\"},\"primaryImageOfPage\":{\"@id\":\"https:\\\/\\\/dodo-inflatables.com\\\/pt-pt\\\/produto\\\/dardo-de-futebol\\\/#primaryimage\"},\"image\":{\"@id\":\"https:\\\/\\\/dodo-inflatables.com\\\/pt-pt\\\/produto\\\/dardo-de-futebol\\\/#primaryimage\"},\"thumbnailUrl\":\"https:\\\/\\\/dodo-inflatables.com\\\/wp-content\\\/uploads\\\/2018\\\/01\\\/fussball-dart-neu-kaufen-1.png\",\"datePublished\":\"2018-01-19T14:47:49+00:00\",\"dateModified\":\"2026-04-17T14:26:44+00:00\",\"description\":\"Compra o Futebol insufl\u00e1vel Soccerdart em dodo-inflatables.com! | Pre\u00e7os justos | Sempre em stock | Envio r\u00e1pido!\",\"breadcrumb\":{\"@id\":\"https:\\\/\\\/dodo-inflatables.com\\\/pt-pt\\\/produto\\\/dardo-de-futebol\\\/#breadcrumb\"},\"inLanguage\":\"pt-PT\",\"potentialAction\":[{\"@type\":\"ReadAction\",\"target\":[\"https:\\\/\\\/dodo-inflatables.com\\\/pt-pt\\\/produto\\\/dardo-de-futebol\\\/\"]}]},{\"@type\":\"ImageObject\",\"inLanguage\":\"pt-PT\",\"@id\":\"https:\\\/\\\/dodo-inflatables.com\\\/pt-pt\\\/produto\\\/dardo-de-futebol\\\/#primaryimage\",\"url\":\"https:\\\/\\\/dodo-inflatables.com\\\/wp-content\\\/uploads\\\/2018\\\/01\\\/fussball-dart-neu-kaufen-1.png\",\"contentUrl\":\"https:\\\/\\\/dodo-inflatables.com\\\/wp-content\\\/uploads\\\/2018\\\/01\\\/fussball-dart-neu-kaufen-1.png\",\"width\":500,\"height\":500},{\"@type\":\"BreadcrumbList\",\"@id\":\"https:\\\/\\\/dodo-inflatables.com\\\/pt-pt\\\/produto\\\/dardo-de-futebol\\\/#breadcrumb\",\"itemListElement\":[{\"@type\":\"ListItem\",\"position\":1,\"name\":\"In\u00edcio\",\"item\":\"https:\\\/\\\/dodo-inflatables.com\\\/pt-pt\\\/\"},{\"@type\":\"ListItem\",\"position\":2,\"name\":\"Compra\",\"item\":\"https:\\\/\\\/dodo-inflatables.com\\\/pt-pt\\\/compra\\\/\"},{\"@type\":\"ListItem\",\"position\":3,\"name\":\"Dardo de futebol\"}]},{\"@type\":\"WebSite\",\"@id\":\"https:\\\/\\\/dodo-inflatables.com\\\/pt-pt\\\/#website\",\"url\":\"https:\\\/\\\/dodo-inflatables.com\\\/pt-pt\\\/\",\"name\":\"dodo-inflatables.com\",\"description\":\"Compre castelos insufl\u00e1veis \u200b\u200be atra\u00e7\u00f5es na nossa loja.\",\"potentialAction\":[{\"@type\":\"SearchAction\",\"target\":{\"@type\":\"EntryPoint\",\"urlTemplate\":\"https:\\\/\\\/dodo-inflatables.com\\\/pt-pt\\\/?s={search_term_string}\"},\"query-input\":{\"@type\":\"PropertyValueSpecification\",\"valueRequired\":true,\"valueName\":\"search_term_string\"}}],\"inLanguage\":\"pt-PT\"}]}<\/script>\n<!-- \/ Yoast SEO plugin. -->","yoast_head_json":{"title":"Compra um dardo de futebol insufl\u00e1vel | Dodo-Inflatables.com","description":"Compra o Futebol insufl\u00e1vel Soccerdart em dodo-inflatables.com! | Pre\u00e7os justos | Sempre em stock | Envio r\u00e1pido!","robots":{"index":"index","follow":"follow","max-snippet":"max-snippet:-1","max-image-preview":"max-image-preview:large","max-video-preview":"max-video-preview:-1"},"canonical":"https:\/\/dodo-inflatables.com\/pt-pt\/produto\/dardo-de-futebol\/","twitter_misc":{"Tempo estimado de leitura":"2 minutos"},"schema":{"@context":"https:\/\/schema.org","@graph":[{"@type":"WebPage","@id":"https:\/\/dodo-inflatables.com\/pt-pt\/produto\/dardo-de-futebol\/","url":"https:\/\/dodo-inflatables.com\/pt-pt\/produto\/dardo-de-futebol\/","name":"Compra um dardo de futebol insufl\u00e1vel | Dodo-Inflatables.com","isPartOf":{"@id":"https:\/\/dodo-inflatables.com\/pt-pt\/#website"},"primaryImageOfPage":{"@id":"https:\/\/dodo-inflatables.com\/pt-pt\/produto\/dardo-de-futebol\/#primaryimage"},"image":{"@id":"https:\/\/dodo-inflatables.com\/pt-pt\/produto\/dardo-de-futebol\/#primaryimage"},"thumbnailUrl":"https:\/\/dodo-inflatables.com\/wp-content\/uploads\/2018\/01\/fussball-dart-neu-kaufen-1.png","datePublished":"2018-01-19T14:47:49+00:00","dateModified":"2026-04-17T14:26:44+00:00","description":"Compra o Futebol insufl\u00e1vel Soccerdart em dodo-inflatables.com! | Pre\u00e7os justos | Sempre em stock | Envio r\u00e1pido!","breadcrumb":{"@id":"https:\/\/dodo-inflatables.com\/pt-pt\/produto\/dardo-de-futebol\/#breadcrumb"},"inLanguage":"pt-PT","potentialAction":[{"@type":"ReadAction","target":["https:\/\/dodo-inflatables.com\/pt-pt\/produto\/dardo-de-futebol\/"]}]},{"@type":"ImageObject","inLanguage":"pt-PT","@id":"https:\/\/dodo-inflatables.com\/pt-pt\/produto\/dardo-de-futebol\/#primaryimage","url":"https:\/\/dodo-inflatables.com\/wp-content\/uploads\/2018\/01\/fussball-dart-neu-kaufen-1.png","contentUrl":"https:\/\/dodo-inflatables.com\/wp-content\/uploads\/2018\/01\/fussball-dart-neu-kaufen-1.png","width":500,"height":500},{"@type":"BreadcrumbList","@id":"https:\/\/dodo-inflatables.com\/pt-pt\/produto\/dardo-de-futebol\/#breadcrumb","itemListElement":[{"@type":"ListItem","position":1,"name":"In\u00edcio","item":"https:\/\/dodo-inflatables.com\/pt-pt\/"},{"@type":"ListItem","position":2,"name":"Compra","item":"https:\/\/dodo-inflatables.com\/pt-pt\/compra\/"},{"@type":"ListItem","position":3,"name":"Dardo de futebol"}]},{"@type":"WebSite","@id":"https:\/\/dodo-inflatables.com\/pt-pt\/#website","url":"https:\/\/dodo-inflatables.com\/pt-pt\/","name":"dodo-inflatables.com","description":"Compre castelos insufl\u00e1veis \u200b\u200be atra\u00e7\u00f5es na nossa loja.","potentialAction":[{"@type":"SearchAction","target":{"@type":"EntryPoint","urlTemplate":"https:\/\/dodo-inflatables.com\/pt-pt\/?s={search_term_string}"},"query-input":{"@type":"PropertyValueSpecification","valueRequired":true,"valueName":"search_term_string"}}],"inLanguage":"pt-PT"}]}},"uagb_featured_image_src":{"full":["https:\/\/dodo-inflatables.com\/wp-content\/uploads\/2018\/01\/fussball-dart-neu-kaufen-1.png",500,500,false],"thumbnail":["https:\/\/dodo-inflatables.com\/wp-content\/uploads\/2018\/01\/fussball-dart-neu-kaufen-1-150x150.png",150,150,true],"medium":["https:\/\/dodo-inflatables.com\/wp-content\/uploads\/2018\/01\/fussball-dart-neu-kaufen-1-300x300.png",300,300,true],"medium_large":["https:\/\/dodo-inflatables.com\/wp-content\/uploads\/2018\/01\/fussball-dart-neu-kaufen-1.png",500,500,false],"large":["https:\/\/dodo-inflatables.com\/wp-content\/uploads\/2018\/01\/fussball-dart-neu-kaufen-1.png",500,500,false],"1536x1536":["https:\/\/dodo-inflatables.com\/wp-content\/uploads\/2018\/01\/fussball-dart-neu-kaufen-1.png",500,500,false],"2048x2048":["https:\/\/dodo-inflatables.com\/wp-content\/uploads\/2018\/01\/fussball-dart-neu-kaufen-1.png",500,500,false],"woocommerce_thumbnail":["https:\/\/dodo-inflatables.com\/wp-content\/uploads\/2018\/01\/fussball-dart-neu-kaufen-1.png",500,500,false],"woocommerce_single":["https:\/\/dodo-inflatables.com\/wp-content\/uploads\/2018\/01\/fussball-dart-neu-kaufen-1.png",500,500,false],"woocommerce_gallery_thumbnail":["https:\/\/dodo-inflatables.com\/wp-content\/uploads\/2018\/01\/fussball-dart-neu-kaufen-1-100x100.png",100,100,true]},"uagb_author_info":{"display_name":"Andreas","author_link":"https:\/\/dodo-inflatables.com\/pt-pt\/author\/"},"uagb_comment_info":0,"uagb_excerpt":"Dimens\u00f5es (C x L x A): 4,50 m x 6,20 m x 4,50 m * Inclui tr\u00eas bolas de futebol com cobertura de velcro, alvo de dardos de velcro substitu\u00edvel M\u00f3dulo profissional - Adequado para uso comercial e privado PVC (0,55 mm \/ 621,3 g\/m\u00b2) e velcro 2 - 4 dobras cosidas (consoante a carga)&hellip;","_links":{"self":[{"href":"https:\/\/dodo-inflatables.com\/pt-pt\/wp-json\/wp\/v2\/product\/19287","targetHints":{"allow":["GET"]}}],"collection":[{"href":"https:\/\/dodo-inflatables.com\/pt-pt\/wp-json\/wp\/v2\/product"}],"about":[{"href":"https:\/\/dodo-inflatables.com\/pt-pt\/wp-json\/wp\/v2\/types\/product"}],"replies":[{"embeddable":true,"href":"https:\/\/dodo-inflatables.com\/pt-pt\/wp-json\/wp\/v2\/comments?post=19287"}],"wp:featuredmedia":[{"embeddable":true,"href":"https:\/\/dodo-inflatables.com\/pt-pt\/wp-json\/wp\/v2\/media\/19299"}],"wp:attachment":[{"href":"https:\/\/dodo-inflatables.com\/pt-pt\/wp-json\/wp\/v2\/media?parent=19287"}],"wp:term":[{"taxonomy":"product_brand","embeddable":true,"href":"https:\/\/dodo-inflatables.com\/pt-pt\/wp-json\/wp\/v2\/product_brand?post=19287"},{"taxonomy":"product_cat","embeddable":true,"href":"https:\/\/dodo-inflatables.com\/pt-pt\/wp-json\/wp\/v2\/product_cat?post=19287"},{"taxonomy":"product_tag","embeddable":true,"href":"https:\/\/dodo-inflatables.com\/pt-pt\/wp-json\/wp\/v2\/product_tag?post=19287"}],"curies":[{"name":"wp","href":"https:\/\/api.w.org\/{rel}","templated":true}]}}