{"id":19552,"date":"2021-01-18T12:17:14","date_gmt":"2021-01-18T11:17:14","guid":{"rendered":"https:\/\/dodo-inflatables.com\/product\/cabana-alpina-insuflavel\/"},"modified":"2024-07-17T15:23:59","modified_gmt":"2024-07-17T13:23:59","slug":"cabana-alpina-insuflavel","status":"publish","type":"product","link":"https:\/\/dodo-inflatables.com\/pt-pt\/produto\/cabana-alpina-insuflavel\/","title":{"rendered":"Cabana Alpina Insufl\u00e1vel"},"content":{"rendered":"<h1>Compra uma tenda alpina insufl\u00e1vel &#8211; a tenda para ocasi\u00f5es especiais<\/h1>\n<p>Aqui temos uma tenda insufl\u00e1vel muito especial com o design de uma cabana de madeira para a montanha. Esta cabana de madeira insufl\u00e1vel \u00e9 perfeita para eventos e actividades promocionais. A tenda insufl\u00e1vel \u00e9 permanentemente alimentada com ar atrav\u00e9s de um soprador de insufl\u00e1veis e, por isso, \u00e9 muito est\u00e1vel. Naturalmente, a tenda insufl\u00e1vel tem v\u00e1rios ilh\u00f3s para a proteger da melhor forma poss\u00edvel contra o vento. Os pormenores da cabana alpina s\u00e3o muito bem pensados, por exemplo, a porta pode ser aberta e fechada com um fecho de correr. As telhas do telhado t\u00eam um aspeto fabulosamente real e as janelas t\u00eam redes mosquiteiras amov\u00edveis para passares noites relaxantes na cabana. A cabana tamb\u00e9m tem 2 ilh\u00f3s na zona superior da empena, perfeitos para prender uma faixa com a inscri\u00e7\u00e3o, o log\u00f3tipo ou o desenho desejado. Uma verdadeira cabana multifuncional com uma grande variedade de utiliza\u00e7\u00f5es! Quer se trate de uma tenda-bar, de um bar para eventos, de uma tenda promocional ou simplesmente de um atrativo, esta cabana de montanha insufl\u00e1vel vai certamente chamar a aten\u00e7\u00e3o.<\/p>\n<p>Gostarias de ter a cabana noutras dimens\u00f5es ou num design, por exemplo, como um pub irland\u00eas? N\u00e3o h\u00e1 problema, temos todo o gosto em oferecer-te todas as op\u00e7\u00f5es.<\/p>\n<p>S\u00f3 recomendamos a utiliza\u00e7\u00e3o da cabana insufl\u00e1vel sobre lonas de cobertura adequadas. Tamb\u00e9m os podes encontrar na nossa categoria de acess\u00f3rios. Em geral, recomendamos que instales a cabana de festa insufl\u00e1vel num relvado. As nossas cavilhas de ch\u00e3o tamb\u00e9m s\u00e3o perfeitas para as fixares.<\/p>\n<p>A cabana insufl\u00e1vel de madeira \u00e9 fornecida num saco de transporte adequado. Para proteger a cabana insufl\u00e1vel de influ\u00eancias externas e de danos de transporte, a cabana deve ser devidamente reembalada ap\u00f3s cada utiliza\u00e7\u00e3o. Como empresa de aluguer, deves tamb\u00e9m exigir ao cliente que reembale corretamente a cabana insufl\u00e1vel.<\/p>\n<h3>Detalhes da cabana alpina insufl\u00e1vel<\/h3>\n<ul>\n<li>Dimens\u00f5es (C x L x A): 6,00 m x 4,00 m x 6,20 m *<\/li>\n<li>Peso: aprox. 80 kg *<\/li>\n<li>Tamanho da embalagem: 80 x 80 x 110 cm *<\/li>\n<li>Tempo de montagem: 10 minutos<\/li>\n<li>Material: PVC (0,55 mm \/ 621,3 g\/m\u00b2)<\/li>\n<li>2 &#8211; 4 costuras (consoante a utiliza\u00e7\u00e3o)<\/li>\n<li>Retardador de chama<\/li>\n<li>Certificado de aprova\u00e7\u00e3o em conformidade com a norma EN 14960<\/li>\n<li>Fecho de correr com cobertura de velcro, cantos refor\u00e7ados<\/li>\n<\/ul>\n<p>O \u00e2mbito da entrega inclui: cabana alpina insufl\u00e1vel, saco de transporte e kit de repara\u00e7\u00e3o<\/p>\n<p>O soprador e o len\u00e7ol de ch\u00e3o n\u00e3o est\u00e3o inclu\u00eddos. Encontra-os na categoria de acess\u00f3rios.<\/p>\n<p>A cabana alpina insufl\u00e1vel \u00e9 um produto de qualidade, fabricado de acordo com directrizes rigorosas em conformidade com a norma EN 14960. Todos os nossos castelos insufl\u00e1veis e atrac\u00e7\u00f5es insufl\u00e1veis s\u00e3o m\u00f3dulos profissionais, adequados para aluguer profissional e utiliza\u00e7\u00e3o em parques de divers\u00f5es, parques infantis cobertos e similares.<\/p>\n<p>Instru\u00e7\u00f5es de funcionamento importantes<\/p>\n<p>O ventilador (n\u00e3o inclu\u00eddo) deve funcionar continuamente durante a utiliza\u00e7\u00e3o.<br \/>\n\u00c9 normal que haja uma ligeira fuga de ar atrav\u00e9s dos orif\u00edcios das costuras.<\/p>\n<p>* O peso e as dimens\u00f5es s\u00e3o aproximados e podem variar ligeiramente<\/p>\n","protected":false},"excerpt":{"rendered":"<p><i class=\"fa fa-arrows-alt\"><\/i>  Dimens\u00f5es (C x L x A): 6,00 m x 4,00 m x 6,20 m *<br \/>\n<i class=\"fa fa-check\"><\/i>  M\u00f3dulo profissional &#8211; Adequado para utiliza\u00e7\u00e3o comercial e privada<\/p>\n<p><i class=\"fa fa-square\"><\/i>  PVC (0,55 mm \/ 621,3 g\/m\u00b2)<br \/>\n<i class=\"fa fa-align-justify\"><\/i>  2 &#8211; 4 dobras cosidas (consoante a carga)<br \/>\n<i class=\"fa fa-fire\"><\/i>  Retardador de chama<\/p>\n","protected":false},"featured_media":19557,"comment_status":"open","ping_status":"closed","template":"","meta":{"_acf_changed":false,"_uag_custom_page_level_css":"","site-sidebar-layout":"default","site-content-layout":"boxed-container","ast-site-content-layout":"normal-width-container","site-content-style":"boxed","site-sidebar-style":"boxed","ast-global-header-display":"","ast-banner-title-visibility":"","ast-main-header-display":"","ast-hfb-above-header-display":"","ast-hfb-below-header-display":"","ast-hfb-mobile-header-display":"","site-post-title":"disabled","ast-breadcrumbs-content":"","ast-featured-img":"","footer-sml-layout":"","ast-disable-related-posts":"","theme-transparent-header-meta":"default","adv-header-id-meta":"","stick-header-meta":"default","header-above-stick-meta":"","header-main-stick-meta":"","header-below-stick-meta":"","astra-migrate-meta-layouts":"default","ast-page-background-enabled":"default","ast-page-background-meta":{"desktop":{"background-color":"var(--ast-global-color-4)","background-image":"","background-repeat":"repeat","background-position":"center center","background-size":"auto","background-attachment":"scroll","background-type":"","background-media":"","overlay-type":"","overlay-color":"","overlay-opacity":"","overlay-gradient":""},"tablet":{"background-color":"","background-image":"","background-repeat":"repeat","background-position":"center center","background-size":"auto","background-attachment":"scroll","background-type":"","background-media":"","overlay-type":"","overlay-color":"","overlay-opacity":"","overlay-gradient":""},"mobile":{"background-color":"","background-image":"","background-repeat":"repeat","background-position":"center center","background-size":"auto","background-attachment":"scroll","background-type":"","background-media":"","overlay-type":"","overlay-color":"","overlay-opacity":"","overlay-gradient":""}},"ast-content-background-meta":{"desktop":{"background-color":"var(--ast-global-color-5)","background-image":"","background-repeat":"repeat","background-position":"center center","background-size":"auto","background-attachment":"scroll","background-type":"","background-media":"","overlay-type":"","overlay-color":"","overlay-opacity":"","overlay-gradient":""},"tablet":{"background-color":"var(--ast-global-color-5)","background-image":"","background-repeat":"repeat","background-position":"center center","background-size":"auto","background-attachment":"scroll","background-type":"","background-media":"","overlay-type":"","overlay-color":"","overlay-opacity":"","overlay-gradient":""},"mobile":{"background-color":"var(--ast-global-color-5)","background-image":"","background-repeat":"repeat","background-position":"center center","background-size":"auto","background-attachment":"scroll","background-type":"","background-media":"","overlay-type":"","overlay-color":"","overlay-opacity":"","overlay-gradient":""}}},"product_brand":[],"product_cat":[2023],"product_tag":[],"class_list":{"0":"post-19552","1":"product","2":"type-product","3":"status-publish","4":"has-post-thumbnail","6":"product_cat-atracoes","7":"product_shipping_class-spedition-hupfburg-pt-pt","8":"pa_gtin-0669145336636-pt-pt","9":"desktop-align-center","10":"tablet-align-center","11":"mobile-align-center","12":"ast-product-gallery-layout-horizontal","13":"ast-product-tabs-layout-horizontal","15":"first","16":"onbackorder","17":"taxable","18":"shipping-taxable","19":"purchasable","20":"product-type-simple"},"acf":[],"yoast_head":"<!-- This site is optimized with the Yoast SEO plugin v27.3 - https:\/\/yoast.com\/product\/yoast-seo-wordpress\/ -->\n<title>Compra cabanas insufl\u00e1veis para alpinos e cabanas de madeira | Dodo-Inflatables.com<\/title>\n<meta name=\"description\" content=\"Compra a nossa cabana insufl\u00e1vel de madeira como tenda de festa diretamente online em Dodo-Inflatables.com | Muitos modelos em stock | Envio r\u00e1pido | Melhor qualidade\" \/>\n<meta name=\"robots\" content=\"index, follow, max-snippet:-1, max-image-preview:large, max-video-preview:-1\" \/>\n<link rel=\"canonical\" href=\"https:\/\/dodo-inflatables.com\/pt-pt\/produto\/cabana-alpina-insuflavel\/\" \/>\n<meta name=\"twitter:label1\" content=\"Tempo estimado de leitura\" \/>\n\t<meta name=\"twitter:data1\" content=\"3 minutos\" \/>\n<script type=\"application\/ld+json\" class=\"yoast-schema-graph\">{\"@context\":\"https:\\\/\\\/schema.org\",\"@graph\":[{\"@type\":\"WebPage\",\"@id\":\"https:\\\/\\\/dodo-inflatables.com\\\/pt-pt\\\/produto\\\/cabana-alpina-insuflavel\\\/\",\"url\":\"https:\\\/\\\/dodo-inflatables.com\\\/pt-pt\\\/produto\\\/cabana-alpina-insuflavel\\\/\",\"name\":\"Compra cabanas insufl\u00e1veis para alpinos e cabanas de madeira | Dodo-Inflatables.com\",\"isPartOf\":{\"@id\":\"https:\\\/\\\/dodo-inflatables.com\\\/pt-pt\\\/#website\"},\"primaryImageOfPage\":{\"@id\":\"https:\\\/\\\/dodo-inflatables.com\\\/pt-pt\\\/produto\\\/cabana-alpina-insuflavel\\\/#primaryimage\"},\"image\":{\"@id\":\"https:\\\/\\\/dodo-inflatables.com\\\/pt-pt\\\/produto\\\/cabana-alpina-insuflavel\\\/#primaryimage\"},\"thumbnailUrl\":\"https:\\\/\\\/dodo-inflatables.com\\\/wp-content\\\/uploads\\\/2021\\\/01\\\/Aufblasbare-Almhuette-Partyzelt-kaufen_0006_Ebene-3.jpg\",\"datePublished\":\"2021-01-18T11:17:14+00:00\",\"dateModified\":\"2024-07-17T13:23:59+00:00\",\"description\":\"Compra a nossa cabana insufl\u00e1vel de madeira como tenda de festa diretamente online em Dodo-Inflatables.com | Muitos modelos em stock | Envio r\u00e1pido | Melhor qualidade\",\"breadcrumb\":{\"@id\":\"https:\\\/\\\/dodo-inflatables.com\\\/pt-pt\\\/produto\\\/cabana-alpina-insuflavel\\\/#breadcrumb\"},\"inLanguage\":\"pt-PT\",\"potentialAction\":[{\"@type\":\"ReadAction\",\"target\":[\"https:\\\/\\\/dodo-inflatables.com\\\/pt-pt\\\/produto\\\/cabana-alpina-insuflavel\\\/\"]}]},{\"@type\":\"ImageObject\",\"inLanguage\":\"pt-PT\",\"@id\":\"https:\\\/\\\/dodo-inflatables.com\\\/pt-pt\\\/produto\\\/cabana-alpina-insuflavel\\\/#primaryimage\",\"url\":\"https:\\\/\\\/dodo-inflatables.com\\\/wp-content\\\/uploads\\\/2021\\\/01\\\/Aufblasbare-Almhuette-Partyzelt-kaufen_0006_Ebene-3.jpg\",\"contentUrl\":\"https:\\\/\\\/dodo-inflatables.com\\\/wp-content\\\/uploads\\\/2021\\\/01\\\/Aufblasbare-Almhuette-Partyzelt-kaufen_0006_Ebene-3.jpg\",\"width\":500,\"height\":500},{\"@type\":\"BreadcrumbList\",\"@id\":\"https:\\\/\\\/dodo-inflatables.com\\\/pt-pt\\\/produto\\\/cabana-alpina-insuflavel\\\/#breadcrumb\",\"itemListElement\":[{\"@type\":\"ListItem\",\"position\":1,\"name\":\"In\u00edcio\",\"item\":\"https:\\\/\\\/dodo-inflatables.com\\\/pt-pt\\\/\"},{\"@type\":\"ListItem\",\"position\":2,\"name\":\"Compra\",\"item\":\"https:\\\/\\\/dodo-inflatables.com\\\/pt-pt\\\/?page_id=16803\"},{\"@type\":\"ListItem\",\"position\":3,\"name\":\"Cabana Alpina Insufl\u00e1vel\"}]},{\"@type\":\"WebSite\",\"@id\":\"https:\\\/\\\/dodo-inflatables.com\\\/pt-pt\\\/#website\",\"url\":\"https:\\\/\\\/dodo-inflatables.com\\\/pt-pt\\\/\",\"name\":\"dodo-inflatables.com\",\"description\":\"Compre castelos insufl\u00e1veis \u200b\u200be atra\u00e7\u00f5es na nossa loja.\",\"publisher\":{\"@id\":\"https:\\\/\\\/dodo-inflatables.com\\\/pt-pt\\\/#organization\"},\"potentialAction\":[{\"@type\":\"SearchAction\",\"target\":{\"@type\":\"EntryPoint\",\"urlTemplate\":\"https:\\\/\\\/dodo-inflatables.com\\\/pt-pt\\\/?s={search_term_string}\"},\"query-input\":{\"@type\":\"PropertyValueSpecification\",\"valueRequired\":true,\"valueName\":\"search_term_string\"}}],\"inLanguage\":\"pt-PT\"},{\"@type\":\"Organization\",\"@id\":\"https:\\\/\\\/dodo-inflatables.com\\\/pt-pt\\\/#organization\",\"name\":\"dodo-inflatables.com\",\"url\":\"https:\\\/\\\/dodo-inflatables.com\\\/pt-pt\\\/\",\"logo\":{\"@type\":\"ImageObject\",\"inLanguage\":\"pt-PT\",\"@id\":\"https:\\\/\\\/dodo-inflatables.com\\\/pt-pt\\\/#\\\/schema\\\/logo\\\/image\\\/\",\"url\":\"https:\\\/\\\/dodo-inflatables.com\\\/wp-content\\\/uploads\\\/2023\\\/04\\\/cropped-cropped-cropped-Dodo-Logo.png\",\"contentUrl\":\"https:\\\/\\\/dodo-inflatables.com\\\/wp-content\\\/uploads\\\/2023\\\/04\\\/cropped-cropped-cropped-Dodo-Logo.png\",\"width\":2996,\"height\":1545,\"caption\":\"dodo-inflatables.com\"},\"image\":{\"@id\":\"https:\\\/\\\/dodo-inflatables.com\\\/pt-pt\\\/#\\\/schema\\\/logo\\\/image\\\/\"}}]}<\/script>\n<!-- \/ Yoast SEO plugin. -->","yoast_head_json":{"title":"Compra cabanas insufl\u00e1veis para alpinos e cabanas de madeira | Dodo-Inflatables.com","description":"Compra a nossa cabana insufl\u00e1vel de madeira como tenda de festa diretamente online em Dodo-Inflatables.com | Muitos modelos em stock | Envio r\u00e1pido | Melhor qualidade","robots":{"index":"index","follow":"follow","max-snippet":"max-snippet:-1","max-image-preview":"max-image-preview:large","max-video-preview":"max-video-preview:-1"},"canonical":"https:\/\/dodo-inflatables.com\/pt-pt\/produto\/cabana-alpina-insuflavel\/","twitter_misc":{"Tempo estimado de leitura":"3 minutos"},"schema":{"@context":"https:\/\/schema.org","@graph":[{"@type":"WebPage","@id":"https:\/\/dodo-inflatables.com\/pt-pt\/produto\/cabana-alpina-insuflavel\/","url":"https:\/\/dodo-inflatables.com\/pt-pt\/produto\/cabana-alpina-insuflavel\/","name":"Compra cabanas insufl\u00e1veis para alpinos e cabanas de madeira | Dodo-Inflatables.com","isPartOf":{"@id":"https:\/\/dodo-inflatables.com\/pt-pt\/#website"},"primaryImageOfPage":{"@id":"https:\/\/dodo-inflatables.com\/pt-pt\/produto\/cabana-alpina-insuflavel\/#primaryimage"},"image":{"@id":"https:\/\/dodo-inflatables.com\/pt-pt\/produto\/cabana-alpina-insuflavel\/#primaryimage"},"thumbnailUrl":"https:\/\/dodo-inflatables.com\/wp-content\/uploads\/2021\/01\/Aufblasbare-Almhuette-Partyzelt-kaufen_0006_Ebene-3.jpg","datePublished":"2021-01-18T11:17:14+00:00","dateModified":"2024-07-17T13:23:59+00:00","description":"Compra a nossa cabana insufl\u00e1vel de madeira como tenda de festa diretamente online em Dodo-Inflatables.com | Muitos modelos em stock | Envio r\u00e1pido | Melhor qualidade","breadcrumb":{"@id":"https:\/\/dodo-inflatables.com\/pt-pt\/produto\/cabana-alpina-insuflavel\/#breadcrumb"},"inLanguage":"pt-PT","potentialAction":[{"@type":"ReadAction","target":["https:\/\/dodo-inflatables.com\/pt-pt\/produto\/cabana-alpina-insuflavel\/"]}]},{"@type":"ImageObject","inLanguage":"pt-PT","@id":"https:\/\/dodo-inflatables.com\/pt-pt\/produto\/cabana-alpina-insuflavel\/#primaryimage","url":"https:\/\/dodo-inflatables.com\/wp-content\/uploads\/2021\/01\/Aufblasbare-Almhuette-Partyzelt-kaufen_0006_Ebene-3.jpg","contentUrl":"https:\/\/dodo-inflatables.com\/wp-content\/uploads\/2021\/01\/Aufblasbare-Almhuette-Partyzelt-kaufen_0006_Ebene-3.jpg","width":500,"height":500},{"@type":"BreadcrumbList","@id":"https:\/\/dodo-inflatables.com\/pt-pt\/produto\/cabana-alpina-insuflavel\/#breadcrumb","itemListElement":[{"@type":"ListItem","position":1,"name":"In\u00edcio","item":"https:\/\/dodo-inflatables.com\/pt-pt\/"},{"@type":"ListItem","position":2,"name":"Compra","item":"https:\/\/dodo-inflatables.com\/pt-pt\/?page_id=16803"},{"@type":"ListItem","position":3,"name":"Cabana Alpina Insufl\u00e1vel"}]},{"@type":"WebSite","@id":"https:\/\/dodo-inflatables.com\/pt-pt\/#website","url":"https:\/\/dodo-inflatables.com\/pt-pt\/","name":"dodo-inflatables.com","description":"Compre castelos insufl\u00e1veis \u200b\u200be atra\u00e7\u00f5es na nossa loja.","publisher":{"@id":"https:\/\/dodo-inflatables.com\/pt-pt\/#organization"},"potentialAction":[{"@type":"SearchAction","target":{"@type":"EntryPoint","urlTemplate":"https:\/\/dodo-inflatables.com\/pt-pt\/?s={search_term_string}"},"query-input":{"@type":"PropertyValueSpecification","valueRequired":true,"valueName":"search_term_string"}}],"inLanguage":"pt-PT"},{"@type":"Organization","@id":"https:\/\/dodo-inflatables.com\/pt-pt\/#organization","name":"dodo-inflatables.com","url":"https:\/\/dodo-inflatables.com\/pt-pt\/","logo":{"@type":"ImageObject","inLanguage":"pt-PT","@id":"https:\/\/dodo-inflatables.com\/pt-pt\/#\/schema\/logo\/image\/","url":"https:\/\/dodo-inflatables.com\/wp-content\/uploads\/2023\/04\/cropped-cropped-cropped-Dodo-Logo.png","contentUrl":"https:\/\/dodo-inflatables.com\/wp-content\/uploads\/2023\/04\/cropped-cropped-cropped-Dodo-Logo.png","width":2996,"height":1545,"caption":"dodo-inflatables.com"},"image":{"@id":"https:\/\/dodo-inflatables.com\/pt-pt\/#\/schema\/logo\/image\/"}}]}},"uagb_featured_image_src":{"full":["https:\/\/dodo-inflatables.com\/wp-content\/uploads\/2021\/01\/Aufblasbare-Almhuette-Partyzelt-kaufen_0006_Ebene-3.jpg",500,500,false],"thumbnail":["https:\/\/dodo-inflatables.com\/wp-content\/uploads\/2021\/01\/Aufblasbare-Almhuette-Partyzelt-kaufen_0006_Ebene-3-150x150.jpg",150,150,true],"medium":["https:\/\/dodo-inflatables.com\/wp-content\/uploads\/2021\/01\/Aufblasbare-Almhuette-Partyzelt-kaufen_0006_Ebene-3-300x300.jpg",300,300,true],"medium_large":["https:\/\/dodo-inflatables.com\/wp-content\/uploads\/2021\/01\/Aufblasbare-Almhuette-Partyzelt-kaufen_0006_Ebene-3.jpg",500,500,false],"large":["https:\/\/dodo-inflatables.com\/wp-content\/uploads\/2021\/01\/Aufblasbare-Almhuette-Partyzelt-kaufen_0006_Ebene-3.jpg",500,500,false],"1536x1536":["https:\/\/dodo-inflatables.com\/wp-content\/uploads\/2021\/01\/Aufblasbare-Almhuette-Partyzelt-kaufen_0006_Ebene-3.jpg",500,500,false],"2048x2048":["https:\/\/dodo-inflatables.com\/wp-content\/uploads\/2021\/01\/Aufblasbare-Almhuette-Partyzelt-kaufen_0006_Ebene-3.jpg",500,500,false],"woocommerce_thumbnail":["https:\/\/dodo-inflatables.com\/wp-content\/uploads\/2021\/01\/Aufblasbare-Almhuette-Partyzelt-kaufen_0006_Ebene-3.jpg",500,500,false],"woocommerce_single":["https:\/\/dodo-inflatables.com\/wp-content\/uploads\/2021\/01\/Aufblasbare-Almhuette-Partyzelt-kaufen_0006_Ebene-3.jpg",500,500,false],"woocommerce_gallery_thumbnail":["https:\/\/dodo-inflatables.com\/wp-content\/uploads\/2021\/01\/Aufblasbare-Almhuette-Partyzelt-kaufen_0006_Ebene-3-100x100.jpg",100,100,true]},"uagb_author_info":{"display_name":"Andreas","author_link":"https:\/\/dodo-inflatables.com\/pt-pt\/author\/"},"uagb_comment_info":0,"uagb_excerpt":"Dimens\u00f5es (C x L x A): 6,00 m x 4,00 m x 6,20 m * M\u00f3dulo profissional - Adequado para utiliza\u00e7\u00e3o comercial e privada PVC (0,55 mm \/ 621,3 g\/m\u00b2) 2 - 4 dobras cosidas (consoante a carga) Retardador de chama","_links":{"self":[{"href":"https:\/\/dodo-inflatables.com\/pt-pt\/wp-json\/wp\/v2\/product\/19552","targetHints":{"allow":["GET"]}}],"collection":[{"href":"https:\/\/dodo-inflatables.com\/pt-pt\/wp-json\/wp\/v2\/product"}],"about":[{"href":"https:\/\/dodo-inflatables.com\/pt-pt\/wp-json\/wp\/v2\/types\/product"}],"replies":[{"embeddable":true,"href":"https:\/\/dodo-inflatables.com\/pt-pt\/wp-json\/wp\/v2\/comments?post=19552"}],"wp:featuredmedia":[{"embeddable":true,"href":"https:\/\/dodo-inflatables.com\/pt-pt\/wp-json\/wp\/v2\/media\/19557"}],"wp:attachment":[{"href":"https:\/\/dodo-inflatables.com\/pt-pt\/wp-json\/wp\/v2\/media?parent=19552"}],"wp:term":[{"taxonomy":"product_brand","embeddable":true,"href":"https:\/\/dodo-inflatables.com\/pt-pt\/wp-json\/wp\/v2\/product_brand?post=19552"},{"taxonomy":"product_cat","embeddable":true,"href":"https:\/\/dodo-inflatables.com\/pt-pt\/wp-json\/wp\/v2\/product_cat?post=19552"},{"taxonomy":"product_tag","embeddable":true,"href":"https:\/\/dodo-inflatables.com\/pt-pt\/wp-json\/wp\/v2\/product_tag?post=19552"}],"curies":[{"name":"wp","href":"https:\/\/api.w.org\/{rel}","templated":true}]}}