{"id":19650,"date":"2020-12-29T14:47:59","date_gmt":"2020-12-29T13:47:59","guid":{"rendered":"https:\/\/dodo-inflatables.com\/product\/acessorio-do-deflator-huawei\/"},"modified":"2026-05-02T14:22:46","modified_gmt":"2026-05-02T12:22:46","slug":"acessorio-do-deflator-huawei","status":"publish","type":"product","link":"https:\/\/dodo-inflatables.com\/pt-pt\/produto\/acessorio-do-deflator-huawei\/","title":{"rendered":"Acess\u00f3rio deflator para insufladores Huawei"},"content":{"rendered":"<h2>Comprar acess\u00f3rio deflator para insufladores Huawei para castelos insufl\u00e1veis<\/h2>\n<p>O acess\u00f3rio deflator para insufladores Huawei para castelos insufl\u00e1veis \u00e9 o complemento ideal para empresas de aluguer e operadores com v\u00e1rios castelos insufl\u00e1veis no seu invent\u00e1rio. O deflator extrai ativamente o ar do castelo insufl\u00e1vel, tornando a arruma\u00e7\u00e3o muito mais f\u00e1cil e r\u00e1pida.<br \/>\n<strong>Arruma\u00e7\u00e3o mais r\u00e1pida:<\/strong><br \/>\nO deflator ajuda a remover o ar do castelo insufl\u00e1vel, deixando menos ar residual no interior. Isto facilita a dobragem do insufl\u00e1vel num tamanho mais compacto e a sua prepara\u00e7\u00e3o mais r\u00e1pida para transporte.<br \/>\n<strong>Suporte pr\u00e1tico para empresas de aluguer:<\/strong><br \/>\nMesmo utilizando o deflator, a arruma\u00e7\u00e3o n\u00e3o \u00e9 totalmente autom\u00e1tica e a dobragem do castelo insufl\u00e1vel ainda tem de ser feita manualmente. No entanto, especialmente ao manusear v\u00e1rios insufl\u00e1veis, o deflator poupa visivelmente tempo e esfor\u00e7o.<br \/>\n<strong>Duas vers\u00f5es dispon\u00edveis:<\/strong><br \/>\nO acess\u00f3rio deflator est\u00e1 dispon\u00edvel numa vers\u00e3o curta e numa vers\u00e3o longa. Qual a vers\u00e3o mais adequada depende das prefer\u00eancias pessoais e das necessidades de manuseamento do utilizador individual.<br \/>\n<strong>F\u00e1cil de usar:<\/strong><br \/>\nIdealmente, o deflator deve ser inserido na abertura lateral do castelo insufl\u00e1vel. Todas as outras sa\u00eddas de ar devem permanecer fechadas durante a utiliza\u00e7\u00e3o, de forma a minimizar a entrada de ar exterior e melhorar a efici\u00eancia.<\/p>\n","protected":false},"excerpt":{"rendered":"<ul>\n<li>Adequado para o insuflador Huawei REH-1.5E &#8211; 1.5 HP e o insuflador Huawei REH-2E &#8211; 2 HP<\/li>\n<li>Adequado para todos os castelos insufl\u00e1veis e m\u00f3dulos para eventos dispon\u00edveis<\/li>\n<li>F\u00e1cil de usar \u2013 ideal para extrair ar<\/li>\n<\/ul>\n","protected":false},"featured_media":19651,"comment_status":"open","ping_status":"closed","template":"","meta":{"_acf_changed":false,"_uag_custom_page_level_css":"","site-sidebar-layout":"default","site-content-layout":"boxed-container","ast-site-content-layout":"normal-width-container","site-content-style":"boxed","site-sidebar-style":"boxed","ast-global-header-display":"","ast-banner-title-visibility":"","ast-main-header-display":"","ast-hfb-above-header-display":"","ast-hfb-below-header-display":"","ast-hfb-mobile-header-display":"","site-post-title":"disabled","ast-breadcrumbs-content":"","ast-featured-img":"","footer-sml-layout":"","ast-disable-related-posts":"","theme-transparent-header-meta":"default","adv-header-id-meta":"","stick-header-meta":"default","header-above-stick-meta":"","header-main-stick-meta":"","header-below-stick-meta":"","astra-migrate-meta-layouts":"default","ast-page-background-enabled":"default","ast-page-background-meta":{"desktop":{"background-color":"var(--ast-global-color-4)","background-image":"","background-repeat":"repeat","background-position":"center center","background-size":"auto","background-attachment":"scroll","background-type":"","background-media":"","overlay-type":"","overlay-color":"","overlay-opacity":"","overlay-gradient":""},"tablet":{"background-color":"","background-image":"","background-repeat":"repeat","background-position":"center center","background-size":"auto","background-attachment":"scroll","background-type":"","background-media":"","overlay-type":"","overlay-color":"","overlay-opacity":"","overlay-gradient":""},"mobile":{"background-color":"","background-image":"","background-repeat":"repeat","background-position":"center center","background-size":"auto","background-attachment":"scroll","background-type":"","background-media":"","overlay-type":"","overlay-color":"","overlay-opacity":"","overlay-gradient":""}},"ast-content-background-meta":{"desktop":{"background-color":"var(--ast-global-color-5)","background-image":"","background-repeat":"repeat","background-position":"center center","background-size":"auto","background-attachment":"scroll","background-type":"","background-media":"","overlay-type":"","overlay-color":"","overlay-opacity":"","overlay-gradient":""},"tablet":{"background-color":"var(--ast-global-color-5)","background-image":"","background-repeat":"repeat","background-position":"center center","background-size":"auto","background-attachment":"scroll","background-type":"","background-media":"","overlay-type":"","overlay-color":"","overlay-opacity":"","overlay-gradient":""},"mobile":{"background-color":"var(--ast-global-color-5)","background-image":"","background-repeat":"repeat","background-position":"center center","background-size":"auto","background-attachment":"scroll","background-type":"","background-media":"","overlay-type":"","overlay-color":"","overlay-opacity":"","overlay-gradient":""}}},"product_brand":[],"product_cat":[2066],"product_tag":[],"class_list":{"0":"post-19650","1":"product","2":"type-product","3":"status-publish","4":"has-post-thumbnail","6":"product_cat-acessorios","7":"product_shipping_class-zubehor-pt-pt","8":"pa_gtin-0669145333994-pt-pt","9":"desktop-align-center","10":"tablet-align-center","11":"mobile-align-center","12":"ast-product-gallery-layout-horizontal","13":"ast-product-tabs-layout-horizontal","15":"first","16":"instock","17":"taxable","18":"shipping-taxable","19":"purchasable","20":"product-type-simple"},"acf":[],"yoast_head":"<!-- This site is optimized with the Yoast SEO plugin v27.5 - https:\/\/yoast.com\/product\/yoast-seo-wordpress\/ -->\n<title>Compra um deflator para sopradores Huawei | Dodo-Inflatables.com<\/title>\n<meta name=\"description\" content=\"Compra o deflator para sopradores insufl\u00e1veis Huawei REH-1.5E - 1.5HP em Dodo-Inflatables.com | Pre\u00e7os justos | Sempre em stock | Envio r\u00e1pido!\" \/>\n<meta name=\"robots\" content=\"index, follow, max-snippet:-1, max-image-preview:large, max-video-preview:-1\" \/>\n<link rel=\"canonical\" href=\"https:\/\/dodo-inflatables.com\/pt-pt\/produto\/acessorio-do-deflator-huawei\/\" \/>\n<meta name=\"twitter:label1\" content=\"Tempo estimado de leitura\" \/>\n\t<meta name=\"twitter:data1\" content=\"1 minuto\" \/>\n<script type=\"application\/ld+json\" class=\"yoast-schema-graph\">{\"@context\":\"https:\\\/\\\/schema.org\",\"@graph\":[{\"@type\":\"WebPage\",\"@id\":\"https:\\\/\\\/dodo-inflatables.com\\\/pt-pt\\\/produto\\\/acessorio-do-deflator-huawei\\\/\",\"url\":\"https:\\\/\\\/dodo-inflatables.com\\\/pt-pt\\\/produto\\\/acessorio-do-deflator-huawei\\\/\",\"name\":\"Compra um deflator para sopradores Huawei | Dodo-Inflatables.com\",\"isPartOf\":{\"@id\":\"https:\\\/\\\/dodo-inflatables.com\\\/pt-pt\\\/#website\"},\"primaryImageOfPage\":{\"@id\":\"https:\\\/\\\/dodo-inflatables.com\\\/pt-pt\\\/produto\\\/acessorio-do-deflator-huawei\\\/#primaryimage\"},\"image\":{\"@id\":\"https:\\\/\\\/dodo-inflatables.com\\\/pt-pt\\\/produto\\\/acessorio-do-deflator-huawei\\\/#primaryimage\"},\"thumbnailUrl\":\"https:\\\/\\\/dodo-inflatables.com\\\/wp-content\\\/uploads\\\/2020\\\/12\\\/Hupfburg-Geblase-Huawei-kaufen_0000_Short-Deflator-B.jpg\",\"datePublished\":\"2020-12-29T13:47:59+00:00\",\"dateModified\":\"2026-05-02T12:22:46+00:00\",\"description\":\"Compra o deflator para sopradores insufl\u00e1veis Huawei REH-1.5E - 1.5HP em Dodo-Inflatables.com | Pre\u00e7os justos | Sempre em stock | Envio r\u00e1pido!\",\"breadcrumb\":{\"@id\":\"https:\\\/\\\/dodo-inflatables.com\\\/pt-pt\\\/produto\\\/acessorio-do-deflator-huawei\\\/#breadcrumb\"},\"inLanguage\":\"pt-PT\",\"potentialAction\":[{\"@type\":\"ReadAction\",\"target\":[\"https:\\\/\\\/dodo-inflatables.com\\\/pt-pt\\\/produto\\\/acessorio-do-deflator-huawei\\\/\"]}]},{\"@type\":\"ImageObject\",\"inLanguage\":\"pt-PT\",\"@id\":\"https:\\\/\\\/dodo-inflatables.com\\\/pt-pt\\\/produto\\\/acessorio-do-deflator-huawei\\\/#primaryimage\",\"url\":\"https:\\\/\\\/dodo-inflatables.com\\\/wp-content\\\/uploads\\\/2020\\\/12\\\/Hupfburg-Geblase-Huawei-kaufen_0000_Short-Deflator-B.jpg\",\"contentUrl\":\"https:\\\/\\\/dodo-inflatables.com\\\/wp-content\\\/uploads\\\/2020\\\/12\\\/Hupfburg-Geblase-Huawei-kaufen_0000_Short-Deflator-B.jpg\",\"width\":500,\"height\":500,\"caption\":\"Acess\u00f3rio deflator para insufladores Huawei | Dodo Inflatables\"},{\"@type\":\"BreadcrumbList\",\"@id\":\"https:\\\/\\\/dodo-inflatables.com\\\/pt-pt\\\/produto\\\/acessorio-do-deflator-huawei\\\/#breadcrumb\",\"itemListElement\":[{\"@type\":\"ListItem\",\"position\":1,\"name\":\"In\u00edcio\",\"item\":\"https:\\\/\\\/dodo-inflatables.com\\\/pt-pt\\\/\"},{\"@type\":\"ListItem\",\"position\":2,\"name\":\"Compra\",\"item\":\"https:\\\/\\\/dodo-inflatables.com\\\/pt-pt\\\/compra\\\/\"},{\"@type\":\"ListItem\",\"position\":3,\"name\":\"Acess\u00f3rio do deflator Huawei\"}]},{\"@type\":\"WebSite\",\"@id\":\"https:\\\/\\\/dodo-inflatables.com\\\/pt-pt\\\/#website\",\"url\":\"https:\\\/\\\/dodo-inflatables.com\\\/pt-pt\\\/\",\"name\":\"dodo-inflatables.com\",\"description\":\"Compre castelos insufl\u00e1veis \u200b\u200be atra\u00e7\u00f5es na nossa loja.\",\"potentialAction\":[{\"@type\":\"SearchAction\",\"target\":{\"@type\":\"EntryPoint\",\"urlTemplate\":\"https:\\\/\\\/dodo-inflatables.com\\\/pt-pt\\\/?s={search_term_string}\"},\"query-input\":{\"@type\":\"PropertyValueSpecification\",\"valueRequired\":true,\"valueName\":\"search_term_string\"}}],\"inLanguage\":\"pt-PT\"}]}<\/script>\n<!-- \/ Yoast SEO plugin. -->","yoast_head_json":{"title":"Compra um deflator para sopradores Huawei | Dodo-Inflatables.com","description":"Compra o deflator para sopradores insufl\u00e1veis Huawei REH-1.5E - 1.5HP em Dodo-Inflatables.com | Pre\u00e7os justos | Sempre em stock | Envio r\u00e1pido!","robots":{"index":"index","follow":"follow","max-snippet":"max-snippet:-1","max-image-preview":"max-image-preview:large","max-video-preview":"max-video-preview:-1"},"canonical":"https:\/\/dodo-inflatables.com\/pt-pt\/produto\/acessorio-do-deflator-huawei\/","twitter_misc":{"Tempo estimado de leitura":"1 minuto"},"schema":{"@context":"https:\/\/schema.org","@graph":[{"@type":"WebPage","@id":"https:\/\/dodo-inflatables.com\/pt-pt\/produto\/acessorio-do-deflator-huawei\/","url":"https:\/\/dodo-inflatables.com\/pt-pt\/produto\/acessorio-do-deflator-huawei\/","name":"Compra um deflator para sopradores Huawei | Dodo-Inflatables.com","isPartOf":{"@id":"https:\/\/dodo-inflatables.com\/pt-pt\/#website"},"primaryImageOfPage":{"@id":"https:\/\/dodo-inflatables.com\/pt-pt\/produto\/acessorio-do-deflator-huawei\/#primaryimage"},"image":{"@id":"https:\/\/dodo-inflatables.com\/pt-pt\/produto\/acessorio-do-deflator-huawei\/#primaryimage"},"thumbnailUrl":"https:\/\/dodo-inflatables.com\/wp-content\/uploads\/2020\/12\/Hupfburg-Geblase-Huawei-kaufen_0000_Short-Deflator-B.jpg","datePublished":"2020-12-29T13:47:59+00:00","dateModified":"2026-05-02T12:22:46+00:00","description":"Compra o deflator para sopradores insufl\u00e1veis Huawei REH-1.5E - 1.5HP em Dodo-Inflatables.com | Pre\u00e7os justos | Sempre em stock | Envio r\u00e1pido!","breadcrumb":{"@id":"https:\/\/dodo-inflatables.com\/pt-pt\/produto\/acessorio-do-deflator-huawei\/#breadcrumb"},"inLanguage":"pt-PT","potentialAction":[{"@type":"ReadAction","target":["https:\/\/dodo-inflatables.com\/pt-pt\/produto\/acessorio-do-deflator-huawei\/"]}]},{"@type":"ImageObject","inLanguage":"pt-PT","@id":"https:\/\/dodo-inflatables.com\/pt-pt\/produto\/acessorio-do-deflator-huawei\/#primaryimage","url":"https:\/\/dodo-inflatables.com\/wp-content\/uploads\/2020\/12\/Hupfburg-Geblase-Huawei-kaufen_0000_Short-Deflator-B.jpg","contentUrl":"https:\/\/dodo-inflatables.com\/wp-content\/uploads\/2020\/12\/Hupfburg-Geblase-Huawei-kaufen_0000_Short-Deflator-B.jpg","width":500,"height":500,"caption":"Acess\u00f3rio deflator para insufladores Huawei | Dodo Inflatables"},{"@type":"BreadcrumbList","@id":"https:\/\/dodo-inflatables.com\/pt-pt\/produto\/acessorio-do-deflator-huawei\/#breadcrumb","itemListElement":[{"@type":"ListItem","position":1,"name":"In\u00edcio","item":"https:\/\/dodo-inflatables.com\/pt-pt\/"},{"@type":"ListItem","position":2,"name":"Compra","item":"https:\/\/dodo-inflatables.com\/pt-pt\/compra\/"},{"@type":"ListItem","position":3,"name":"Acess\u00f3rio do deflator Huawei"}]},{"@type":"WebSite","@id":"https:\/\/dodo-inflatables.com\/pt-pt\/#website","url":"https:\/\/dodo-inflatables.com\/pt-pt\/","name":"dodo-inflatables.com","description":"Compre castelos insufl\u00e1veis \u200b\u200be atra\u00e7\u00f5es na nossa loja.","potentialAction":[{"@type":"SearchAction","target":{"@type":"EntryPoint","urlTemplate":"https:\/\/dodo-inflatables.com\/pt-pt\/?s={search_term_string}"},"query-input":{"@type":"PropertyValueSpecification","valueRequired":true,"valueName":"search_term_string"}}],"inLanguage":"pt-PT"}]}},"uagb_featured_image_src":{"full":["https:\/\/dodo-inflatables.com\/wp-content\/uploads\/2020\/12\/Hupfburg-Geblase-Huawei-kaufen_0000_Short-Deflator-B.jpg",500,500,false],"thumbnail":["https:\/\/dodo-inflatables.com\/wp-content\/uploads\/2020\/12\/Hupfburg-Geblase-Huawei-kaufen_0000_Short-Deflator-B-150x150.jpg",150,150,true],"medium":["https:\/\/dodo-inflatables.com\/wp-content\/uploads\/2020\/12\/Hupfburg-Geblase-Huawei-kaufen_0000_Short-Deflator-B-300x300.jpg",300,300,true],"medium_large":["https:\/\/dodo-inflatables.com\/wp-content\/uploads\/2020\/12\/Hupfburg-Geblase-Huawei-kaufen_0000_Short-Deflator-B.jpg",500,500,false],"large":["https:\/\/dodo-inflatables.com\/wp-content\/uploads\/2020\/12\/Hupfburg-Geblase-Huawei-kaufen_0000_Short-Deflator-B.jpg",500,500,false],"1536x1536":["https:\/\/dodo-inflatables.com\/wp-content\/uploads\/2020\/12\/Hupfburg-Geblase-Huawei-kaufen_0000_Short-Deflator-B.jpg",500,500,false],"2048x2048":["https:\/\/dodo-inflatables.com\/wp-content\/uploads\/2020\/12\/Hupfburg-Geblase-Huawei-kaufen_0000_Short-Deflator-B.jpg",500,500,false],"woocommerce_thumbnail":["https:\/\/dodo-inflatables.com\/wp-content\/uploads\/2020\/12\/Hupfburg-Geblase-Huawei-kaufen_0000_Short-Deflator-B.jpg",500,500,false],"woocommerce_single":["https:\/\/dodo-inflatables.com\/wp-content\/uploads\/2020\/12\/Hupfburg-Geblase-Huawei-kaufen_0000_Short-Deflator-B.jpg",500,500,false],"woocommerce_gallery_thumbnail":["https:\/\/dodo-inflatables.com\/wp-content\/uploads\/2020\/12\/Hupfburg-Geblase-Huawei-kaufen_0000_Short-Deflator-B-100x100.jpg",100,100,true]},"uagb_author_info":{"display_name":"Andreas","author_link":"https:\/\/dodo-inflatables.com\/pt-pt\/author\/"},"uagb_comment_info":0,"uagb_excerpt":"Adequado para o insuflador Huawei REH-1.5E - 1.5 HP e o insuflador Huawei REH-2E - 2 HP Adequado para todos os castelos insufl\u00e1veis e m\u00f3dulos para eventos dispon\u00edveis F\u00e1cil de usar \u2013 ideal para extrair ar","_links":{"self":[{"href":"https:\/\/dodo-inflatables.com\/pt-pt\/wp-json\/wp\/v2\/product\/19650","targetHints":{"allow":["GET"]}}],"collection":[{"href":"https:\/\/dodo-inflatables.com\/pt-pt\/wp-json\/wp\/v2\/product"}],"about":[{"href":"https:\/\/dodo-inflatables.com\/pt-pt\/wp-json\/wp\/v2\/types\/product"}],"replies":[{"embeddable":true,"href":"https:\/\/dodo-inflatables.com\/pt-pt\/wp-json\/wp\/v2\/comments?post=19650"}],"wp:featuredmedia":[{"embeddable":true,"href":"https:\/\/dodo-inflatables.com\/pt-pt\/wp-json\/wp\/v2\/media\/19651"}],"wp:attachment":[{"href":"https:\/\/dodo-inflatables.com\/pt-pt\/wp-json\/wp\/v2\/media?parent=19650"}],"wp:term":[{"taxonomy":"product_brand","embeddable":true,"href":"https:\/\/dodo-inflatables.com\/pt-pt\/wp-json\/wp\/v2\/product_brand?post=19650"},{"taxonomy":"product_cat","embeddable":true,"href":"https:\/\/dodo-inflatables.com\/pt-pt\/wp-json\/wp\/v2\/product_cat?post=19650"},{"taxonomy":"product_tag","embeddable":true,"href":"https:\/\/dodo-inflatables.com\/pt-pt\/wp-json\/wp\/v2\/product_tag?post=19650"}],"curies":[{"name":"wp","href":"https:\/\/api.w.org\/{rel}","templated":true}]}}