{"id":20617,"date":"2022-03-01T11:02:01","date_gmt":"2022-03-01T10:02:01","guid":{"rendered":"https:\/\/dodo-inflatables.com\/product\/tapetes-de-protecao-contra-quedas-240-x-120-x-5-cm\/"},"modified":"2026-02-04T17:24:05","modified_gmt":"2026-02-04T16:24:05","slug":"tapetes-de-protecao-contra-quedas-240-x-120-x-5-cm","status":"publish","type":"product","link":"https:\/\/dodo-inflatables.com\/pt-pt\/produto\/tapetes-de-protecao-contra-quedas-240-x-120-x-5-cm\/","title":{"rendered":"Tapetes de prote\u00e7\u00e3o contra quedas 240 x 120 x 5 cm"},"content":{"rendered":"<h2>Tapetes de prote\u00e7\u00e3o contra as quedas para castelos insufl\u00e1veis<\/h2>\n<p>Os nossos tapetes de prote\u00e7\u00e3o contra as quedas s\u00e3o a melhor solu\u00e7\u00e3o para fixar perfeitamente os castelos insufl\u00e1veis. O tapete de prote\u00e7\u00e3o anti-queda dobr\u00e1vel em espuma leve EPE pode ser dobrado tr\u00eas vezes, o que o torna particularmente econ\u00f3mico em termos de espa\u00e7o para arruma\u00e7\u00e3o. Quando desdobrado, o tapete mede 240 x 120 x 5 cm e, quando dobrado, mede apenas 60 x 120 x 20 cm.<\/p>\n<p>Melhor\u00e1mos os tapetes em rela\u00e7\u00e3o ao modelo anterior. As costuras est\u00e3o agora viradas para dentro e j\u00e1 n\u00e3o assentam na superf\u00edcie do tapete. Assim, evita que as costuras rocem no ch\u00e3o. Para m\u00e1xima seguran\u00e7a, omitimos conscientemente os la\u00e7os para as m\u00e3os para minimizar o risco de trope\u00e7ar.<\/p>\n<p><strong>Detalhes do tapete de prote\u00e7\u00e3o contra quedas<\/strong><\/p>\n<ul>\n<li>Dimens\u00f5es abertas: 240 x 120 x 5 cm<\/li>\n<li>Dimens\u00f5es dobradas: 60 x 120 x 20 cm<\/li>\n<li>Material: Espuma EPE RG 18<\/li>\n<li>Material da cobertura: Lona revestida a PU, espessura 0,6 mm<\/li>\n<li>Peso: 5,4 kg<\/li>\n<\/ul>\n","protected":false},"excerpt":{"rendered":"<ul>\n<li>Tapete de prote\u00e7\u00e3o contra quedas do castelo insufl\u00e1vel<\/li>\n<li>Dimens\u00f5es abertas: 240 x 120 x 5 cm<\/li>\n<li>Dobr\u00e1vel tr\u00eas vezes<\/li>\n<li>Tiras de velcro nos quatro cantos<\/li>\n<\/ul>\n","protected":false},"featured_media":20619,"comment_status":"open","ping_status":"closed","template":"","meta":{"_acf_changed":false,"_uag_custom_page_level_css":"","site-sidebar-layout":"default","site-content-layout":"boxed-container","ast-site-content-layout":"normal-width-container","site-content-style":"boxed","site-sidebar-style":"boxed","ast-global-header-display":"","ast-banner-title-visibility":"","ast-main-header-display":"","ast-hfb-above-header-display":"","ast-hfb-below-header-display":"","ast-hfb-mobile-header-display":"","site-post-title":"disabled","ast-breadcrumbs-content":"","ast-featured-img":"","footer-sml-layout":"","ast-disable-related-posts":"","theme-transparent-header-meta":"default","adv-header-id-meta":"","stick-header-meta":"default","header-above-stick-meta":"","header-main-stick-meta":"","header-below-stick-meta":"","astra-migrate-meta-layouts":"default","ast-page-background-enabled":"default","ast-page-background-meta":{"desktop":{"background-color":"var(--ast-global-color-4)","background-image":"","background-repeat":"repeat","background-position":"center center","background-size":"auto","background-attachment":"scroll","background-type":"","background-media":"","overlay-type":"","overlay-color":"","overlay-opacity":"","overlay-gradient":""},"tablet":{"background-color":"","background-image":"","background-repeat":"repeat","background-position":"center center","background-size":"auto","background-attachment":"scroll","background-type":"","background-media":"","overlay-type":"","overlay-color":"","overlay-opacity":"","overlay-gradient":""},"mobile":{"background-color":"","background-image":"","background-repeat":"repeat","background-position":"center center","background-size":"auto","background-attachment":"scroll","background-type":"","background-media":"","overlay-type":"","overlay-color":"","overlay-opacity":"","overlay-gradient":""}},"ast-content-background-meta":{"desktop":{"background-color":"var(--ast-global-color-5)","background-image":"","background-repeat":"repeat","background-position":"center center","background-size":"auto","background-attachment":"scroll","background-type":"","background-media":"","overlay-type":"","overlay-color":"","overlay-opacity":"","overlay-gradient":""},"tablet":{"background-color":"var(--ast-global-color-5)","background-image":"","background-repeat":"repeat","background-position":"center center","background-size":"auto","background-attachment":"scroll","background-type":"","background-media":"","overlay-type":"","overlay-color":"","overlay-opacity":"","overlay-gradient":""},"mobile":{"background-color":"var(--ast-global-color-5)","background-image":"","background-repeat":"repeat","background-position":"center center","background-size":"auto","background-attachment":"scroll","background-type":"","background-media":"","overlay-type":"","overlay-color":"","overlay-opacity":"","overlay-gradient":""}}},"product_brand":[],"product_cat":[2066],"product_tag":[],"class_list":{"0":"post-20617","1":"product","2":"type-product","3":"status-publish","4":"has-post-thumbnail","6":"product_cat-acessorios","7":"product_shipping_class-zubehor-pt-pt","8":"desktop-align-center","9":"tablet-align-center","10":"mobile-align-center","11":"ast-product-gallery-layout-horizontal","12":"ast-product-gallery-with-no-image","13":"ast-product-tabs-layout-horizontal","15":"first","16":"instock","17":"taxable","18":"shipping-taxable","19":"purchasable","20":"product-type-simple"},"acf":[],"yoast_head":"<!-- This site is optimized with the Yoast SEO plugin v27.3 - https:\/\/yoast.com\/product\/yoast-seo-wordpress\/ -->\n<title>Tapetes de prote\u00e7\u00e3o contra quedas para castelos insufl\u00e1veis | Dodo-Inflatables.com<\/title>\n<meta name=\"description\" content=\"Compra tapetes dobr\u00e1veis de prote\u00e7\u00e3o contra quedas para insufl\u00e1veis em Dodo-Inflatables.com | Certificado de acordo com a norma EN14960 | Entrega r\u00e1pida!\" \/>\n<meta name=\"robots\" content=\"index, follow, max-snippet:-1, max-image-preview:large, max-video-preview:-1\" \/>\n<link rel=\"canonical\" href=\"https:\/\/dodo-inflatables.com\/pt-pt\/produto\/tapetes-de-protecao-contra-quedas-240-x-120-x-5-cm\/\" \/>\n<meta name=\"twitter:label1\" content=\"Tempo estimado de leitura\" \/>\n\t<meta name=\"twitter:data1\" content=\"1 minuto\" \/>\n<script type=\"application\/ld+json\" class=\"yoast-schema-graph\">{\"@context\":\"https:\\\/\\\/schema.org\",\"@graph\":[{\"@type\":\"WebPage\",\"@id\":\"https:\\\/\\\/dodo-inflatables.com\\\/pt-pt\\\/produto\\\/tapetes-de-protecao-contra-quedas-240-x-120-x-5-cm\\\/\",\"url\":\"https:\\\/\\\/dodo-inflatables.com\\\/pt-pt\\\/produto\\\/tapetes-de-protecao-contra-quedas-240-x-120-x-5-cm\\\/\",\"name\":\"Tapetes de prote\u00e7\u00e3o contra quedas para castelos insufl\u00e1veis | Dodo-Inflatables.com\",\"isPartOf\":{\"@id\":\"https:\\\/\\\/dodo-inflatables.com\\\/pt-pt\\\/#website\"},\"primaryImageOfPage\":{\"@id\":\"https:\\\/\\\/dodo-inflatables.com\\\/pt-pt\\\/produto\\\/tapetes-de-protecao-contra-quedas-240-x-120-x-5-cm\\\/#primaryimage\"},\"image\":{\"@id\":\"https:\\\/\\\/dodo-inflatables.com\\\/pt-pt\\\/produto\\\/tapetes-de-protecao-contra-quedas-240-x-120-x-5-cm\\\/#primaryimage\"},\"thumbnailUrl\":\"https:\\\/\\\/dodo-inflatables.com\\\/wp-content\\\/uploads\\\/2022\\\/03\\\/Fallschutzmatten-Huepfburg-kaufen-1.jpg\",\"datePublished\":\"2022-03-01T10:02:01+00:00\",\"dateModified\":\"2026-02-04T16:24:05+00:00\",\"description\":\"Compra tapetes dobr\u00e1veis de prote\u00e7\u00e3o contra quedas para insufl\u00e1veis em Dodo-Inflatables.com | Certificado de acordo com a norma EN14960 | Entrega r\u00e1pida!\",\"breadcrumb\":{\"@id\":\"https:\\\/\\\/dodo-inflatables.com\\\/pt-pt\\\/produto\\\/tapetes-de-protecao-contra-quedas-240-x-120-x-5-cm\\\/#breadcrumb\"},\"inLanguage\":\"pt-PT\",\"potentialAction\":[{\"@type\":\"ReadAction\",\"target\":[\"https:\\\/\\\/dodo-inflatables.com\\\/pt-pt\\\/produto\\\/tapetes-de-protecao-contra-quedas-240-x-120-x-5-cm\\\/\"]}]},{\"@type\":\"ImageObject\",\"inLanguage\":\"pt-PT\",\"@id\":\"https:\\\/\\\/dodo-inflatables.com\\\/pt-pt\\\/produto\\\/tapetes-de-protecao-contra-quedas-240-x-120-x-5-cm\\\/#primaryimage\",\"url\":\"https:\\\/\\\/dodo-inflatables.com\\\/wp-content\\\/uploads\\\/2022\\\/03\\\/Fallschutzmatten-Huepfburg-kaufen-1.jpg\",\"contentUrl\":\"https:\\\/\\\/dodo-inflatables.com\\\/wp-content\\\/uploads\\\/2022\\\/03\\\/Fallschutzmatten-Huepfburg-kaufen-1.jpg\",\"width\":1000,\"height\":1000},{\"@type\":\"BreadcrumbList\",\"@id\":\"https:\\\/\\\/dodo-inflatables.com\\\/pt-pt\\\/produto\\\/tapetes-de-protecao-contra-quedas-240-x-120-x-5-cm\\\/#breadcrumb\",\"itemListElement\":[{\"@type\":\"ListItem\",\"position\":1,\"name\":\"In\u00edcio\",\"item\":\"https:\\\/\\\/dodo-inflatables.com\\\/pt-pt\\\/\"},{\"@type\":\"ListItem\",\"position\":2,\"name\":\"Compra\",\"item\":\"https:\\\/\\\/dodo-inflatables.com\\\/pt-pt\\\/?page_id=16803\"},{\"@type\":\"ListItem\",\"position\":3,\"name\":\"Tapetes de prote\u00e7\u00e3o contra quedas 240 x 120 x 5 cm\"}]},{\"@type\":\"WebSite\",\"@id\":\"https:\\\/\\\/dodo-inflatables.com\\\/pt-pt\\\/#website\",\"url\":\"https:\\\/\\\/dodo-inflatables.com\\\/pt-pt\\\/\",\"name\":\"dodo-inflatables.com\",\"description\":\"Compre castelos insufl\u00e1veis \u200b\u200be atra\u00e7\u00f5es na nossa loja.\",\"publisher\":{\"@id\":\"https:\\\/\\\/dodo-inflatables.com\\\/pt-pt\\\/#organization\"},\"potentialAction\":[{\"@type\":\"SearchAction\",\"target\":{\"@type\":\"EntryPoint\",\"urlTemplate\":\"https:\\\/\\\/dodo-inflatables.com\\\/pt-pt\\\/?s={search_term_string}\"},\"query-input\":{\"@type\":\"PropertyValueSpecification\",\"valueRequired\":true,\"valueName\":\"search_term_string\"}}],\"inLanguage\":\"pt-PT\"},{\"@type\":\"Organization\",\"@id\":\"https:\\\/\\\/dodo-inflatables.com\\\/pt-pt\\\/#organization\",\"name\":\"dodo-inflatables.com\",\"url\":\"https:\\\/\\\/dodo-inflatables.com\\\/pt-pt\\\/\",\"logo\":{\"@type\":\"ImageObject\",\"inLanguage\":\"pt-PT\",\"@id\":\"https:\\\/\\\/dodo-inflatables.com\\\/pt-pt\\\/#\\\/schema\\\/logo\\\/image\\\/\",\"url\":\"https:\\\/\\\/dodo-inflatables.com\\\/wp-content\\\/uploads\\\/2023\\\/04\\\/cropped-cropped-cropped-Dodo-Logo.png\",\"contentUrl\":\"https:\\\/\\\/dodo-inflatables.com\\\/wp-content\\\/uploads\\\/2023\\\/04\\\/cropped-cropped-cropped-Dodo-Logo.png\",\"width\":2996,\"height\":1545,\"caption\":\"dodo-inflatables.com\"},\"image\":{\"@id\":\"https:\\\/\\\/dodo-inflatables.com\\\/pt-pt\\\/#\\\/schema\\\/logo\\\/image\\\/\"}}]}<\/script>\n<!-- \/ Yoast SEO plugin. -->","yoast_head_json":{"title":"Tapetes de prote\u00e7\u00e3o contra quedas para castelos insufl\u00e1veis | Dodo-Inflatables.com","description":"Compra tapetes dobr\u00e1veis de prote\u00e7\u00e3o contra quedas para insufl\u00e1veis em Dodo-Inflatables.com | Certificado de acordo com a norma EN14960 | Entrega r\u00e1pida!","robots":{"index":"index","follow":"follow","max-snippet":"max-snippet:-1","max-image-preview":"max-image-preview:large","max-video-preview":"max-video-preview:-1"},"canonical":"https:\/\/dodo-inflatables.com\/pt-pt\/produto\/tapetes-de-protecao-contra-quedas-240-x-120-x-5-cm\/","twitter_misc":{"Tempo estimado de leitura":"1 minuto"},"schema":{"@context":"https:\/\/schema.org","@graph":[{"@type":"WebPage","@id":"https:\/\/dodo-inflatables.com\/pt-pt\/produto\/tapetes-de-protecao-contra-quedas-240-x-120-x-5-cm\/","url":"https:\/\/dodo-inflatables.com\/pt-pt\/produto\/tapetes-de-protecao-contra-quedas-240-x-120-x-5-cm\/","name":"Tapetes de prote\u00e7\u00e3o contra quedas para castelos insufl\u00e1veis | Dodo-Inflatables.com","isPartOf":{"@id":"https:\/\/dodo-inflatables.com\/pt-pt\/#website"},"primaryImageOfPage":{"@id":"https:\/\/dodo-inflatables.com\/pt-pt\/produto\/tapetes-de-protecao-contra-quedas-240-x-120-x-5-cm\/#primaryimage"},"image":{"@id":"https:\/\/dodo-inflatables.com\/pt-pt\/produto\/tapetes-de-protecao-contra-quedas-240-x-120-x-5-cm\/#primaryimage"},"thumbnailUrl":"https:\/\/dodo-inflatables.com\/wp-content\/uploads\/2022\/03\/Fallschutzmatten-Huepfburg-kaufen-1.jpg","datePublished":"2022-03-01T10:02:01+00:00","dateModified":"2026-02-04T16:24:05+00:00","description":"Compra tapetes dobr\u00e1veis de prote\u00e7\u00e3o contra quedas para insufl\u00e1veis em Dodo-Inflatables.com | Certificado de acordo com a norma EN14960 | Entrega r\u00e1pida!","breadcrumb":{"@id":"https:\/\/dodo-inflatables.com\/pt-pt\/produto\/tapetes-de-protecao-contra-quedas-240-x-120-x-5-cm\/#breadcrumb"},"inLanguage":"pt-PT","potentialAction":[{"@type":"ReadAction","target":["https:\/\/dodo-inflatables.com\/pt-pt\/produto\/tapetes-de-protecao-contra-quedas-240-x-120-x-5-cm\/"]}]},{"@type":"ImageObject","inLanguage":"pt-PT","@id":"https:\/\/dodo-inflatables.com\/pt-pt\/produto\/tapetes-de-protecao-contra-quedas-240-x-120-x-5-cm\/#primaryimage","url":"https:\/\/dodo-inflatables.com\/wp-content\/uploads\/2022\/03\/Fallschutzmatten-Huepfburg-kaufen-1.jpg","contentUrl":"https:\/\/dodo-inflatables.com\/wp-content\/uploads\/2022\/03\/Fallschutzmatten-Huepfburg-kaufen-1.jpg","width":1000,"height":1000},{"@type":"BreadcrumbList","@id":"https:\/\/dodo-inflatables.com\/pt-pt\/produto\/tapetes-de-protecao-contra-quedas-240-x-120-x-5-cm\/#breadcrumb","itemListElement":[{"@type":"ListItem","position":1,"name":"In\u00edcio","item":"https:\/\/dodo-inflatables.com\/pt-pt\/"},{"@type":"ListItem","position":2,"name":"Compra","item":"https:\/\/dodo-inflatables.com\/pt-pt\/?page_id=16803"},{"@type":"ListItem","position":3,"name":"Tapetes de prote\u00e7\u00e3o contra quedas 240 x 120 x 5 cm"}]},{"@type":"WebSite","@id":"https:\/\/dodo-inflatables.com\/pt-pt\/#website","url":"https:\/\/dodo-inflatables.com\/pt-pt\/","name":"dodo-inflatables.com","description":"Compre castelos insufl\u00e1veis \u200b\u200be atra\u00e7\u00f5es na nossa loja.","publisher":{"@id":"https:\/\/dodo-inflatables.com\/pt-pt\/#organization"},"potentialAction":[{"@type":"SearchAction","target":{"@type":"EntryPoint","urlTemplate":"https:\/\/dodo-inflatables.com\/pt-pt\/?s={search_term_string}"},"query-input":{"@type":"PropertyValueSpecification","valueRequired":true,"valueName":"search_term_string"}}],"inLanguage":"pt-PT"},{"@type":"Organization","@id":"https:\/\/dodo-inflatables.com\/pt-pt\/#organization","name":"dodo-inflatables.com","url":"https:\/\/dodo-inflatables.com\/pt-pt\/","logo":{"@type":"ImageObject","inLanguage":"pt-PT","@id":"https:\/\/dodo-inflatables.com\/pt-pt\/#\/schema\/logo\/image\/","url":"https:\/\/dodo-inflatables.com\/wp-content\/uploads\/2023\/04\/cropped-cropped-cropped-Dodo-Logo.png","contentUrl":"https:\/\/dodo-inflatables.com\/wp-content\/uploads\/2023\/04\/cropped-cropped-cropped-Dodo-Logo.png","width":2996,"height":1545,"caption":"dodo-inflatables.com"},"image":{"@id":"https:\/\/dodo-inflatables.com\/pt-pt\/#\/schema\/logo\/image\/"}}]}},"uagb_featured_image_src":{"full":["https:\/\/dodo-inflatables.com\/wp-content\/uploads\/2022\/03\/Fallschutzmatten-Huepfburg-kaufen-1.jpg",1000,1000,false],"thumbnail":["https:\/\/dodo-inflatables.com\/wp-content\/uploads\/2022\/03\/Fallschutzmatten-Huepfburg-kaufen-1-150x150.jpg",150,150,true],"medium":["https:\/\/dodo-inflatables.com\/wp-content\/uploads\/2022\/03\/Fallschutzmatten-Huepfburg-kaufen-1-300x300.jpg",300,300,true],"medium_large":["https:\/\/dodo-inflatables.com\/wp-content\/uploads\/2022\/03\/Fallschutzmatten-Huepfburg-kaufen-1-768x768.jpg",768,768,true],"large":["https:\/\/dodo-inflatables.com\/wp-content\/uploads\/2022\/03\/Fallschutzmatten-Huepfburg-kaufen-1.jpg",1000,1000,false],"1536x1536":["https:\/\/dodo-inflatables.com\/wp-content\/uploads\/2022\/03\/Fallschutzmatten-Huepfburg-kaufen-1.jpg",1000,1000,false],"2048x2048":["https:\/\/dodo-inflatables.com\/wp-content\/uploads\/2022\/03\/Fallschutzmatten-Huepfburg-kaufen-1.jpg",1000,1000,false],"woocommerce_thumbnail":["https:\/\/dodo-inflatables.com\/wp-content\/uploads\/2022\/03\/Fallschutzmatten-Huepfburg-kaufen-1-900x900.jpg",900,900,true],"woocommerce_single":["https:\/\/dodo-inflatables.com\/wp-content\/uploads\/2022\/03\/Fallschutzmatten-Huepfburg-kaufen-1-900x900.jpg",900,900,true],"woocommerce_gallery_thumbnail":["https:\/\/dodo-inflatables.com\/wp-content\/uploads\/2022\/03\/Fallschutzmatten-Huepfburg-kaufen-1-100x100.jpg",100,100,true]},"uagb_author_info":{"display_name":"Andreas","author_link":"https:\/\/dodo-inflatables.com\/pt-pt\/author\/"},"uagb_comment_info":0,"uagb_excerpt":"Tapete de prote\u00e7\u00e3o contra quedas do castelo insufl\u00e1vel Dimens\u00f5es abertas: 240 x 120 x 5 cm Dobr\u00e1vel tr\u00eas vezes Tiras de velcro nos quatro cantos","_links":{"self":[{"href":"https:\/\/dodo-inflatables.com\/pt-pt\/wp-json\/wp\/v2\/product\/20617","targetHints":{"allow":["GET"]}}],"collection":[{"href":"https:\/\/dodo-inflatables.com\/pt-pt\/wp-json\/wp\/v2\/product"}],"about":[{"href":"https:\/\/dodo-inflatables.com\/pt-pt\/wp-json\/wp\/v2\/types\/product"}],"replies":[{"embeddable":true,"href":"https:\/\/dodo-inflatables.com\/pt-pt\/wp-json\/wp\/v2\/comments?post=20617"}],"wp:featuredmedia":[{"embeddable":true,"href":"https:\/\/dodo-inflatables.com\/pt-pt\/wp-json\/wp\/v2\/media\/20619"}],"wp:attachment":[{"href":"https:\/\/dodo-inflatables.com\/pt-pt\/wp-json\/wp\/v2\/media?parent=20617"}],"wp:term":[{"taxonomy":"product_brand","embeddable":true,"href":"https:\/\/dodo-inflatables.com\/pt-pt\/wp-json\/wp\/v2\/product_brand?post=20617"},{"taxonomy":"product_cat","embeddable":true,"href":"https:\/\/dodo-inflatables.com\/pt-pt\/wp-json\/wp\/v2\/product_cat?post=20617"},{"taxonomy":"product_tag","embeddable":true,"href":"https:\/\/dodo-inflatables.com\/pt-pt\/wp-json\/wp\/v2\/product_tag?post=20617"}],"curies":[{"name":"wp","href":"https:\/\/api.w.org\/{rel}","templated":true}]}}