{"id":78162,"date":"2025-07-03T16:23:57","date_gmt":"2025-07-03T14:23:57","guid":{"rendered":"https:\/\/dodo-inflatables.com\/?post_type=product&#038;p=78162"},"modified":"2026-02-04T17:23:13","modified_gmt":"2026-02-04T16:23:13","slug":"castelo-insuflavel-multiplay-parque-de-unicornios-com-escorrega","status":"publish","type":"product","link":"https:\/\/dodo-inflatables.com\/pt-pt\/produto\/castelo-insuflavel-multiplay-parque-de-unicornios-com-escorrega\/","title":{"rendered":"Castelo insufl\u00e1vel Multiplay Parque de Unic\u00f3rnios com escorrega"},"content":{"rendered":"<h2>Comprar o Castelo insufl\u00e1vel Multiplay Parque de Unic\u00f3rnios com escorrega<\/h2>\n<p>O \u201cMultiplay Parque do Unic\u00f3rnio\u201d transporta as crian\u00e7as para um mundo m\u00e1gico cheio de cores e arco-\u00edris. Com seus unic\u00f3rnios de asas brilhantes e caudas coloridas, esta estrutura oferece uma experi\u00eancia \u00fanica. Brinquedos integrados e uma parede de escalada proporcionam muito mais do que apenas saltar e escorregar. O teto sobre a escorrega e as redes de seguran\u00e7a tornam o parque um espa\u00e7o seguro para brincar e explorar.<\/p>\n<p>O Castelo insufl\u00e1vel Multiplay Parque de Unic\u00f3rnios com escorrega \u00e9 entregue em um saco de transporte adequado e pode ser montado facilmente em cerca de 10 minutos. O pacote inclui o castelo insufl\u00e1vel, um saco de transporte e um kit de reparo. Por favor, note que o <a href=\"https:\/\/dodo-inflatables.com\/pt-pt\/produto\/ventilador-huawei-reh-1-5e-1-5ps\/\">soprador<\/a> e a <a href=\"https:\/\/dodo-inflatables.com\/pt-pt\/produto\/folha-de-solo-5-x-6-metros\/\">lona de base<\/a> n\u00e3o est\u00e3o inclu\u00eddos; voc\u00ea pode encontr\u00e1-los em nossa categoria <a href=\"https:\/\/dodo-inflatables.com\/pt-pt\/categoria-produto\/acessorios\/\">Acess\u00f3rios<\/a>. Ambos os sopradores oferecidos (<a href=\"https:\/\/dodo-inflatables.com\/pt-pt\/produto\/ventilador-huawei-reh-1-5e-1-5ps\/\">Huawei<\/a> e <a href=\"https:\/\/dodo-inflatables.com\/pt-pt\/produto\/soprador-gibbons-fp5005-15ps\/\">Gibbons<\/a>) s\u00e3o adequados para o castelo insufl\u00e1vel.<\/p>\n<p>Fabricado com lona de PVC robusta (0,55 mm \/ 621,3 g\/m\u00b2) e certificado de acordo com a norma DIN EN 14960, o Castelo insufl\u00e1vel Multiplay Parque de Unic\u00f3rnios com escorrega \u00e9 um produto de qualidade que atende aos mais altos padr\u00f5es de seguran\u00e7a.<\/p>\n<p>Por favor, utilize o castelo insufl\u00e1vel apenas sobre lonas de base adequadas para proteg\u00ea-lo contra objetos pontiagudos no solo e contra desgaste. Recomendamos montar o castelo insufl\u00e1vel em uma \u00e1rea gramada e fix\u00e1-lo com nossos <a href=\"https:\/\/dodo-inflatables.com\/pt-pt\/produto\/cavilhas-de-terra-para-fixacao-de-insuflaveis\/\">pinos de ancoragem<\/a> para garantir m\u00e1xima seguran\u00e7a. Ap\u00f3s cada uso, o castelo insufl\u00e1vel deve ser seco e embalado corretamente para proteg\u00ea-lo contra influ\u00eancias externas e danos durante o transporte.<\/p>\n<p>\u26a0\ufe0f Para operar o castelo insufl\u00e1vel, \u00e9 necess\u00e1rio apenas <strong>um soprador<\/strong>. O segundo tubo de ar \u00e9 apenas uma alternativa \u2013 por exemplo, se houver problemas de espa\u00e7o no local e uma outra conex\u00e3o for mais conveniente \u2013 ou pode ser usado durante a desmontagem para liberar o ar mais rapidamente.<\/p>\n<div class=\"product-description\">\n<p><!-- Caixa de informa\u00e7\u00e3o amarela --><\/p>\n<div class=\"yellow-box\">\n<h2>Detalhes do Castelo insufl\u00e1vel Multiplay Parque de Unic\u00f3rnios com escorrega<\/h2>\n<div class=\"info-container\">\n<p><!-- Primeira linha --><\/p>\n<div class=\"info-group\">\n<div class=\"info-column\">\n<h3>Dimens\u00f5es &#038; Usu\u00e1rios<\/h3>\n<ul>\n<li><strong>Dimens\u00f5es<\/strong>: 7,60 m x 6,90 m x 5,50 m * (C x L x A)<\/li>\n<li><strong>\u00c1rea de salto<\/strong>: 4,20 x 6,00 m (C x L)<\/li>\n<li><strong>Altura do escorrega<\/strong>: 2,30 m + 50 cm altura ao solo *<\/li>\n<li>Apropriado para cerca de <strong>14 crian\u00e7as<\/strong> (dependendo da idade &#038; tamanho)<\/li>\n<li><strong>Altura m\u00e1xima<\/strong> dos usu\u00e1rios: 1,50 m<\/li>\n<\/ul>\n<\/div>\n<div class=\"info-column\">\n<h3>Montagem e Desmontagem<\/h3>\n<ul>\n<li><strong>Dimens\u00f5es da embalagem<\/strong>: Altura 130 cm, Di\u00e2metro 120 cm<\/li>\n<li><strong>Peso<\/strong>: aproximadamente 210 kg<\/li>\n<li><strong>Tempo de montagem<\/strong>: 10 \u2013 20 minutos<\/li>\n<li><strong>Soprador necess\u00e1rio<\/strong>: <span style=\"color: #ffffff\"><a style=\"color: #ffffff\" href=\"https:\/\/dodo-inflatables.com\/pt-pt\/produto\/soprador-huawei-reh-2e-2ps\/\">1 x Huawei REH-2E \u2013 2 PS<\/a><\/span><\/li>\n<li><strong>Espa\u00e7o necess\u00e1rio<\/strong>: 12,90 x 10,50 m (C x L) (de acordo com DIN EN14960) <span class=\"tooltip\"><em><span style=\"color: #ffffff\">O que isso significa?<\/span><\/em><span class=\"tooltiptext\"> De acordo com a norma DIN, deve haver 1,80 m de espa\u00e7o ao redor do castelo insufl\u00e1vel e 3,50 m na frente do lado aberto. Isso serve para seguran\u00e7a, a implementa\u00e7\u00e3o fica a crit\u00e9rio pr\u00f3prio.<\/span><\/span><\/li>\n<\/ul>\n<\/div>\n<div class=\"info-column\">\n<h3>Caracter\u00edsticas<\/h3>\n<ul>\n<li><strong>Certificado de aprova\u00e7\u00e3o<\/strong> conforme EN 14960<\/li>\n<li>Material: PVC (0,55 mm \/ 621,3 g\/m\u00b2)<\/li>\n<li>Costuras duplas a qu\u00e1druplas<\/li>\n<li>Retardante de chama<\/li>\n<li>\u00c1rea de salto com faixa de prote\u00e7\u00e3o, z\u00edper com cobertura de velcro, cantos refor\u00e7ados<\/li>\n<\/ul>\n<\/div>\n<\/div>\n<p><!-- Segunda linha --><\/p>\n<div class=\"info-group\">\n<div class=\"info-column\">\n<h3>Inclui<\/h3>\n<ul class=\"check-list\">\n<li>Guia abrangente com instru\u00e7\u00f5es de seguran\u00e7a, montagem e desmontagem, e orienta\u00e7\u00f5es para aluguel<\/li>\n<li>Saco de transporte adequado<\/li>\n<li>Kit de reparo<\/li>\n<\/ul>\n<\/div>\n<div class=\"info-column\">\n<h3>N\u00e3o inclui<\/h3>\n<ul class=\"cross-list\">\n<li><span style=\"color: #ffffff\"><a style=\"color: #ffffff\" href=\"https:\/\/dodo-inflatables.com\/pt-pt\/produto\/soprador-huawei-reh-2e-2ps\/\">Soprador<\/a><\/span><\/li>\n<li><span style=\"color: #ffffff\"><a style=\"color: #ffffff\" href=\"https:\/\/dodo-inflatables.com\/pt-pt\/produto\/folha-de-solo-5-x-6-metros\/\">Lona de base<\/a><\/span><\/li>\n<li><span style=\"color: #ffffff\"><a style=\"color: #ffffff\" href=\"https:\/\/dodo-inflatables.com\/pt-pt\/produto\/cavilhas-de-terra-para-fixacao-de-insuflaveis\/\">Pinos de ancoragem<\/a><\/span><\/li>\n<li><span style=\"color: #ffffff\"><a style=\"color: #ffffff\" href=\"https:\/\/dodo-inflatables.com\/pt-pt\/produto\/tapetes-de-protecao-contra-quedas-240-x-120-x-5-cm\/\">Tapetes de prote\u00e7\u00e3o contra quedas<\/a><\/span><\/li>\n<li>Outros acess\u00f3rios<\/li>\n<\/ul>\n<\/div>\n<div class=\"info-column\"><\/div>\n<\/div>\n<\/div>\n<\/div>\n<\/div>\n<h3>Informa\u00e7\u00f5es importantes sobre o uso<\/h3>\n<p>O Castelo insufl\u00e1vel Multiplay Parque de Unic\u00f3rnios com escorrega \u00e9 um m\u00f3dulo profissional, fabricado e testado de acordo com as rigorosas diretrizes da norma DIN EN 14960, o que significa que \u00e9 seguro e confi\u00e1vel. Isso torna o Castelo insufl\u00e1vel Multiplay Parque de Unic\u00f3rnios com escorrega perfeito para uso profissional em alugueres. Por favor, certifique-se de que apenas crian\u00e7as utilizem o castelo \u2013 adultos n\u00e3o s\u00e3o permitidos!<\/p>\n<p>Observe que o soprador (n\u00e3o inclu\u00eddo) deve funcionar continuamente durante o uso e uma pequena sa\u00edda de ar atrav\u00e9s dos furos \u00e9 necess\u00e1ria para evitar que o castelo insufl\u00e1vel rebente.<\/p>\n<p>Adquira agora o Castelo insufl\u00e1vel Multiplay Parque de Unic\u00f3rnios com escorrega e viva momentos inesquec\u00edveis cheios de divers\u00e3o e aventura!<\/p>\n<p><em>Este modelo est\u00e1 protegido por um design registado v\u00e1lido em toda a UE.<\/em><\/p>\n<div class=\"green-box\">\n<p><img decoding=\"async\" src=\"https:\/\/dodo-inflatables.com\/wp-content\/uploads\/2025\/04\/PO-1.png\" alt=\"Guia\" \/><\/p>\n<div class=\"text-container\">\n<h3>Ap\u00f3s a compra, voc\u00ea receber\u00e1 um guia de 23 p\u00e1ginas<br \/>\ncom os seguintes conte\u00fados:<\/h3>\n<ul>\n<li>Diretrizes de seguran\u00e7a para montagem, desmontagem e opera\u00e7\u00e3o do castelo insufl\u00e1vel<\/li>\n<li>Certificado DIN EN 14960 e n\u00famero de s\u00e9rie individual<\/li>\n<li>Instru\u00e7\u00f5es detalhadas para montagem e desmontagem<\/li>\n<li>Dicas para inspe\u00e7\u00e3o e manuten\u00e7\u00e3o<\/li>\n<li>Instru\u00e7\u00f5es recomendadas para aluguer<\/li>\n<\/ul>\n<\/div>\n<\/div>\n","protected":false},"excerpt":{"rendered":"<h4>[gzd_product_delivery_time]<\/h4>\n<div class=\"delivery-info\">\n<p>Para encomendas e pagamentos recebidos <b>at\u00e9 \u00e0s 11h<\/b>,<br \/>\no envio ser\u00e1 feito no mesmo dia!<\/p>\n<p><i class=\"fas fa-shipping-fast\"><\/i> &nbsp;&nbsp;Prazo de entrega: aprox. 4 &#8211; 12 dias \u00fateis (Envio da Alemanha)<br \/>\n<i class=\"fas fa-expand-arrows-alt\"><\/i> &nbsp;&nbsp;&nbsp;Dimens\u00f5es: 7,60 m x 6,90 m x 5,50 m * (C \u00d7 L \u00d7 A)<br \/>\n<i class=\"fas fa-users\"><\/i> &nbsp;&nbsp;Adequado para aprox. 14 crian\u00e7as (dependendo da idade e do tamanho)<br \/>\n<i class=\"fas fa-award\"><\/i> &nbsp;&nbsp;&nbsp;Certificado segundo a norma DIN EN 14960<br \/>\n<i class=\"fas fa-book\"><\/i> &nbsp;&nbsp;&nbsp;Manual com certificado e n\u00famero de s\u00e9rie<\/p>\n<\/div>\n","protected":false},"featured_media":87140,"comment_status":"open","ping_status":"closed","template":"","meta":{"_acf_changed":false,"_uag_custom_page_level_css":"","site-sidebar-layout":"default","site-content-layout":"boxed-container","ast-site-content-layout":"normal-width-container","site-content-style":"boxed","site-sidebar-style":"boxed","ast-global-header-display":"","ast-banner-title-visibility":"","ast-main-header-display":"","ast-hfb-above-header-display":"","ast-hfb-below-header-display":"","ast-hfb-mobile-header-display":"","site-post-title":"disabled","ast-breadcrumbs-content":"","ast-featured-img":"","footer-sml-layout":"","ast-disable-related-posts":"","theme-transparent-header-meta":"default","adv-header-id-meta":"","stick-header-meta":"default","header-above-stick-meta":"","header-main-stick-meta":"","header-below-stick-meta":"","astra-migrate-meta-layouts":"set","ast-page-background-enabled":"default","ast-page-background-meta":{"desktop":{"background-color":"var(--ast-global-color-4)","background-image":"","background-repeat":"repeat","background-position":"center center","background-size":"auto","background-attachment":"scroll","background-type":"","background-media":"","overlay-type":"","overlay-color":"","overlay-opacity":"","overlay-gradient":""},"tablet":{"background-color":"","background-image":"","background-repeat":"repeat","background-position":"center center","background-size":"auto","background-attachment":"scroll","background-type":"","background-media":"","overlay-type":"","overlay-color":"","overlay-opacity":"","overlay-gradient":""},"mobile":{"background-color":"","background-image":"","background-repeat":"repeat","background-position":"center center","background-size":"auto","background-attachment":"scroll","background-type":"","background-media":"","overlay-type":"","overlay-color":"","overlay-opacity":"","overlay-gradient":""}},"ast-content-background-meta":{"desktop":{"background-color":"var(--ast-global-color-5)","background-image":"","background-repeat":"repeat","background-position":"center center","background-size":"auto","background-attachment":"scroll","background-type":"","background-media":"","overlay-type":"","overlay-color":"","overlay-opacity":"","overlay-gradient":""},"tablet":{"background-color":"var(--ast-global-color-5)","background-image":"","background-repeat":"repeat","background-position":"center center","background-size":"auto","background-attachment":"scroll","background-type":"","background-media":"","overlay-type":"","overlay-color":"","overlay-opacity":"","overlay-gradient":""},"mobile":{"background-color":"var(--ast-global-color-5)","background-image":"","background-repeat":"repeat","background-position":"center center","background-size":"auto","background-attachment":"scroll","background-type":"","background-media":"","overlay-type":"","overlay-color":"","overlay-opacity":"","overlay-gradient":""}}},"product_brand":[],"product_cat":[1979,2007],"product_tag":[2010],"class_list":{"0":"post-78162","1":"product","2":"type-product","3":"status-publish","4":"has-post-thumbnail","6":"product_cat-castelas-de-bouncy","7":"product_cat-slides-pt-pt","8":"product_tag-com-escorrega","9":"product_shipping_class-spedition-hupfburg-pt-pt","10":"pa_gtin-5262","11":"pa_height-510-m-550-m-pt-pt","12":"pa_height-of-the-slide-210-m-250-m-pt-pt","13":"pa_type-of-bouncy-castle-multiplay-pt-pt","14":"pa_width-660-m-700-m-pt-pt","15":"desktop-align-center","16":"tablet-align-center","17":"mobile-align-center","18":"ast-product-gallery-layout-horizontal","19":"ast-product-tabs-layout-horizontal","21":"first","22":"instock","23":"taxable","24":"shipping-taxable","25":"purchasable","26":"product-type-simple"},"acf":[],"yoast_head":"<!-- This site is optimized with the Yoast SEO plugin v27.3 - https:\/\/yoast.com\/product\/yoast-seo-wordpress\/ -->\n<title>Castelo insufl\u00e1vel Multiplay Parque de Unic\u00f3rnios com escorrega<\/title>\n<meta name=\"description\" content=\"Compre o Castelo insufl\u00e1vel Multiplay Parque de Unic\u00f3rnios com escorrega para uso privado e comercial em Portugal. Certifica\u00e7\u00e3o DIN EN 14960 e com entrega r\u00e1pida.\" \/>\n<meta name=\"robots\" content=\"index, follow, max-snippet:-1, max-image-preview:large, max-video-preview:-1\" \/>\n<link rel=\"canonical\" href=\"https:\/\/dodo-inflatables.com\/pt-pt\/produto\/castelo-insuflavel-multiplay-parque-de-unicornios-com-escorrega\/\" \/>\n<meta name=\"twitter:label1\" content=\"Tempo estimado de leitura\" \/>\n\t<meta name=\"twitter:data1\" content=\"4 minutos\" \/>\n<script type=\"application\/ld+json\" class=\"yoast-schema-graph\">{\"@context\":\"https:\\\/\\\/schema.org\",\"@graph\":[{\"@type\":\"WebPage\",\"@id\":\"https:\\\/\\\/dodo-inflatables.com\\\/pt-pt\\\/produto\\\/castelo-insuflavel-multiplay-parque-de-unicornios-com-escorrega\\\/\",\"url\":\"https:\\\/\\\/dodo-inflatables.com\\\/pt-pt\\\/produto\\\/castelo-insuflavel-multiplay-parque-de-unicornios-com-escorrega\\\/\",\"name\":\"Castelo insufl\u00e1vel Multiplay Parque de Unic\u00f3rnios com escorrega\",\"isPartOf\":{\"@id\":\"https:\\\/\\\/dodo-inflatables.com\\\/pt-pt\\\/#website\"},\"primaryImageOfPage\":{\"@id\":\"https:\\\/\\\/dodo-inflatables.com\\\/pt-pt\\\/produto\\\/castelo-insuflavel-multiplay-parque-de-unicornios-com-escorrega\\\/#primaryimage\"},\"image\":{\"@id\":\"https:\\\/\\\/dodo-inflatables.com\\\/pt-pt\\\/produto\\\/castelo-insuflavel-multiplay-parque-de-unicornios-com-escorrega\\\/#primaryimage\"},\"thumbnailUrl\":\"https:\\\/\\\/dodo-inflatables.com\\\/wp-content\\\/uploads\\\/2025\\\/04\\\/13.png\",\"datePublished\":\"2025-07-03T14:23:57+00:00\",\"dateModified\":\"2026-02-04T16:23:13+00:00\",\"description\":\"Compre o Castelo insufl\u00e1vel Multiplay Parque de Unic\u00f3rnios com escorrega para uso privado e comercial em Portugal. Certifica\u00e7\u00e3o DIN EN 14960 e com entrega r\u00e1pida.\",\"breadcrumb\":{\"@id\":\"https:\\\/\\\/dodo-inflatables.com\\\/pt-pt\\\/produto\\\/castelo-insuflavel-multiplay-parque-de-unicornios-com-escorrega\\\/#breadcrumb\"},\"inLanguage\":\"pt-PT\",\"potentialAction\":[{\"@type\":\"ReadAction\",\"target\":[\"https:\\\/\\\/dodo-inflatables.com\\\/pt-pt\\\/produto\\\/castelo-insuflavel-multiplay-parque-de-unicornios-com-escorrega\\\/\"]}]},{\"@type\":\"ImageObject\",\"inLanguage\":\"pt-PT\",\"@id\":\"https:\\\/\\\/dodo-inflatables.com\\\/pt-pt\\\/produto\\\/castelo-insuflavel-multiplay-parque-de-unicornios-com-escorrega\\\/#primaryimage\",\"url\":\"https:\\\/\\\/dodo-inflatables.com\\\/wp-content\\\/uploads\\\/2025\\\/04\\\/13.png\",\"contentUrl\":\"https:\\\/\\\/dodo-inflatables.com\\\/wp-content\\\/uploads\\\/2025\\\/04\\\/13.png\",\"width\":1000,\"height\":1000},{\"@type\":\"BreadcrumbList\",\"@id\":\"https:\\\/\\\/dodo-inflatables.com\\\/pt-pt\\\/produto\\\/castelo-insuflavel-multiplay-parque-de-unicornios-com-escorrega\\\/#breadcrumb\",\"itemListElement\":[{\"@type\":\"ListItem\",\"position\":1,\"name\":\"In\u00edcio\",\"item\":\"https:\\\/\\\/dodo-inflatables.com\\\/pt-pt\\\/\"},{\"@type\":\"ListItem\",\"position\":2,\"name\":\"Compra\",\"item\":\"https:\\\/\\\/dodo-inflatables.com\\\/pt-pt\\\/?page_id=16803\"},{\"@type\":\"ListItem\",\"position\":3,\"name\":\"Castelo insufl\u00e1vel Multiplay Parque de Unic\u00f3rnios com escorrega\"}]},{\"@type\":\"WebSite\",\"@id\":\"https:\\\/\\\/dodo-inflatables.com\\\/pt-pt\\\/#website\",\"url\":\"https:\\\/\\\/dodo-inflatables.com\\\/pt-pt\\\/\",\"name\":\"dodo-inflatables.com\",\"description\":\"Compre castelos insufl\u00e1veis \u200b\u200be atra\u00e7\u00f5es na nossa loja.\",\"publisher\":{\"@id\":\"https:\\\/\\\/dodo-inflatables.com\\\/pt-pt\\\/#organization\"},\"potentialAction\":[{\"@type\":\"SearchAction\",\"target\":{\"@type\":\"EntryPoint\",\"urlTemplate\":\"https:\\\/\\\/dodo-inflatables.com\\\/pt-pt\\\/?s={search_term_string}\"},\"query-input\":{\"@type\":\"PropertyValueSpecification\",\"valueRequired\":true,\"valueName\":\"search_term_string\"}}],\"inLanguage\":\"pt-PT\"},{\"@type\":\"Organization\",\"@id\":\"https:\\\/\\\/dodo-inflatables.com\\\/pt-pt\\\/#organization\",\"name\":\"dodo-inflatables.com\",\"url\":\"https:\\\/\\\/dodo-inflatables.com\\\/pt-pt\\\/\",\"logo\":{\"@type\":\"ImageObject\",\"inLanguage\":\"pt-PT\",\"@id\":\"https:\\\/\\\/dodo-inflatables.com\\\/pt-pt\\\/#\\\/schema\\\/logo\\\/image\\\/\",\"url\":\"https:\\\/\\\/dodo-inflatables.com\\\/wp-content\\\/uploads\\\/2023\\\/04\\\/cropped-cropped-cropped-Dodo-Logo.png\",\"contentUrl\":\"https:\\\/\\\/dodo-inflatables.com\\\/wp-content\\\/uploads\\\/2023\\\/04\\\/cropped-cropped-cropped-Dodo-Logo.png\",\"width\":2996,\"height\":1545,\"caption\":\"dodo-inflatables.com\"},\"image\":{\"@id\":\"https:\\\/\\\/dodo-inflatables.com\\\/pt-pt\\\/#\\\/schema\\\/logo\\\/image\\\/\"}}]}<\/script>\n<!-- \/ Yoast SEO plugin. -->","yoast_head_json":{"title":"Castelo insufl\u00e1vel Multiplay Parque de Unic\u00f3rnios com escorrega","description":"Compre o Castelo insufl\u00e1vel Multiplay Parque de Unic\u00f3rnios com escorrega para uso privado e comercial em Portugal. Certifica\u00e7\u00e3o DIN EN 14960 e com entrega r\u00e1pida.","robots":{"index":"index","follow":"follow","max-snippet":"max-snippet:-1","max-image-preview":"max-image-preview:large","max-video-preview":"max-video-preview:-1"},"canonical":"https:\/\/dodo-inflatables.com\/pt-pt\/produto\/castelo-insuflavel-multiplay-parque-de-unicornios-com-escorrega\/","twitter_misc":{"Tempo estimado de leitura":"4 minutos"},"schema":{"@context":"https:\/\/schema.org","@graph":[{"@type":"WebPage","@id":"https:\/\/dodo-inflatables.com\/pt-pt\/produto\/castelo-insuflavel-multiplay-parque-de-unicornios-com-escorrega\/","url":"https:\/\/dodo-inflatables.com\/pt-pt\/produto\/castelo-insuflavel-multiplay-parque-de-unicornios-com-escorrega\/","name":"Castelo insufl\u00e1vel Multiplay Parque de Unic\u00f3rnios com escorrega","isPartOf":{"@id":"https:\/\/dodo-inflatables.com\/pt-pt\/#website"},"primaryImageOfPage":{"@id":"https:\/\/dodo-inflatables.com\/pt-pt\/produto\/castelo-insuflavel-multiplay-parque-de-unicornios-com-escorrega\/#primaryimage"},"image":{"@id":"https:\/\/dodo-inflatables.com\/pt-pt\/produto\/castelo-insuflavel-multiplay-parque-de-unicornios-com-escorrega\/#primaryimage"},"thumbnailUrl":"https:\/\/dodo-inflatables.com\/wp-content\/uploads\/2025\/04\/13.png","datePublished":"2025-07-03T14:23:57+00:00","dateModified":"2026-02-04T16:23:13+00:00","description":"Compre o Castelo insufl\u00e1vel Multiplay Parque de Unic\u00f3rnios com escorrega para uso privado e comercial em Portugal. Certifica\u00e7\u00e3o DIN EN 14960 e com entrega r\u00e1pida.","breadcrumb":{"@id":"https:\/\/dodo-inflatables.com\/pt-pt\/produto\/castelo-insuflavel-multiplay-parque-de-unicornios-com-escorrega\/#breadcrumb"},"inLanguage":"pt-PT","potentialAction":[{"@type":"ReadAction","target":["https:\/\/dodo-inflatables.com\/pt-pt\/produto\/castelo-insuflavel-multiplay-parque-de-unicornios-com-escorrega\/"]}]},{"@type":"ImageObject","inLanguage":"pt-PT","@id":"https:\/\/dodo-inflatables.com\/pt-pt\/produto\/castelo-insuflavel-multiplay-parque-de-unicornios-com-escorrega\/#primaryimage","url":"https:\/\/dodo-inflatables.com\/wp-content\/uploads\/2025\/04\/13.png","contentUrl":"https:\/\/dodo-inflatables.com\/wp-content\/uploads\/2025\/04\/13.png","width":1000,"height":1000},{"@type":"BreadcrumbList","@id":"https:\/\/dodo-inflatables.com\/pt-pt\/produto\/castelo-insuflavel-multiplay-parque-de-unicornios-com-escorrega\/#breadcrumb","itemListElement":[{"@type":"ListItem","position":1,"name":"In\u00edcio","item":"https:\/\/dodo-inflatables.com\/pt-pt\/"},{"@type":"ListItem","position":2,"name":"Compra","item":"https:\/\/dodo-inflatables.com\/pt-pt\/?page_id=16803"},{"@type":"ListItem","position":3,"name":"Castelo insufl\u00e1vel Multiplay Parque de Unic\u00f3rnios com escorrega"}]},{"@type":"WebSite","@id":"https:\/\/dodo-inflatables.com\/pt-pt\/#website","url":"https:\/\/dodo-inflatables.com\/pt-pt\/","name":"dodo-inflatables.com","description":"Compre castelos insufl\u00e1veis \u200b\u200be atra\u00e7\u00f5es na nossa loja.","publisher":{"@id":"https:\/\/dodo-inflatables.com\/pt-pt\/#organization"},"potentialAction":[{"@type":"SearchAction","target":{"@type":"EntryPoint","urlTemplate":"https:\/\/dodo-inflatables.com\/pt-pt\/?s={search_term_string}"},"query-input":{"@type":"PropertyValueSpecification","valueRequired":true,"valueName":"search_term_string"}}],"inLanguage":"pt-PT"},{"@type":"Organization","@id":"https:\/\/dodo-inflatables.com\/pt-pt\/#organization","name":"dodo-inflatables.com","url":"https:\/\/dodo-inflatables.com\/pt-pt\/","logo":{"@type":"ImageObject","inLanguage":"pt-PT","@id":"https:\/\/dodo-inflatables.com\/pt-pt\/#\/schema\/logo\/image\/","url":"https:\/\/dodo-inflatables.com\/wp-content\/uploads\/2023\/04\/cropped-cropped-cropped-Dodo-Logo.png","contentUrl":"https:\/\/dodo-inflatables.com\/wp-content\/uploads\/2023\/04\/cropped-cropped-cropped-Dodo-Logo.png","width":2996,"height":1545,"caption":"dodo-inflatables.com"},"image":{"@id":"https:\/\/dodo-inflatables.com\/pt-pt\/#\/schema\/logo\/image\/"}}]}},"uagb_featured_image_src":{"full":["https:\/\/dodo-inflatables.com\/wp-content\/uploads\/2025\/04\/13.png",1000,1000,false],"thumbnail":["https:\/\/dodo-inflatables.com\/wp-content\/uploads\/2025\/04\/13-150x150.png",150,150,true],"medium":["https:\/\/dodo-inflatables.com\/wp-content\/uploads\/2025\/04\/13-300x300.png",300,300,true],"medium_large":["https:\/\/dodo-inflatables.com\/wp-content\/uploads\/2025\/04\/13-768x768.png",768,768,true],"large":["https:\/\/dodo-inflatables.com\/wp-content\/uploads\/2025\/04\/13.png",1000,1000,false],"1536x1536":["https:\/\/dodo-inflatables.com\/wp-content\/uploads\/2025\/04\/13.png",1000,1000,false],"2048x2048":["https:\/\/dodo-inflatables.com\/wp-content\/uploads\/2025\/04\/13.png",1000,1000,false],"woocommerce_thumbnail":["https:\/\/dodo-inflatables.com\/wp-content\/uploads\/2025\/04\/13-900x900.png",900,900,true],"woocommerce_single":["https:\/\/dodo-inflatables.com\/wp-content\/uploads\/2025\/04\/13-900x900.png",900,900,true],"woocommerce_gallery_thumbnail":["https:\/\/dodo-inflatables.com\/wp-content\/uploads\/2025\/04\/13-100x100.png",100,100,true]},"uagb_author_info":{"display_name":"Andreas","author_link":"https:\/\/dodo-inflatables.com\/pt-pt\/author\/"},"uagb_comment_info":0,"uagb_excerpt":"[gzd_product_delivery_time] Para encomendas e pagamentos recebidos at\u00e9 \u00e0s 11h, o envio ser\u00e1 feito no mesmo dia! &nbsp;&nbsp;Prazo de entrega: aprox. 4 - 12 dias \u00fateis (Envio da Alemanha) &nbsp;&nbsp;&nbsp;Dimens\u00f5es: 7,60 m x 6,90 m x 5,50 m * (C \u00d7 L \u00d7 A) &nbsp;&nbsp;Adequado para aprox. 14 crian\u00e7as (dependendo da idade e do tamanho) &nbsp;&nbsp;&nbsp;Certificado&hellip;","_links":{"self":[{"href":"https:\/\/dodo-inflatables.com\/pt-pt\/wp-json\/wp\/v2\/product\/78162","targetHints":{"allow":["GET"]}}],"collection":[{"href":"https:\/\/dodo-inflatables.com\/pt-pt\/wp-json\/wp\/v2\/product"}],"about":[{"href":"https:\/\/dodo-inflatables.com\/pt-pt\/wp-json\/wp\/v2\/types\/product"}],"replies":[{"embeddable":true,"href":"https:\/\/dodo-inflatables.com\/pt-pt\/wp-json\/wp\/v2\/comments?post=78162"}],"wp:featuredmedia":[{"embeddable":true,"href":"https:\/\/dodo-inflatables.com\/pt-pt\/wp-json\/wp\/v2\/media\/87140"}],"wp:attachment":[{"href":"https:\/\/dodo-inflatables.com\/pt-pt\/wp-json\/wp\/v2\/media?parent=78162"}],"wp:term":[{"taxonomy":"product_brand","embeddable":true,"href":"https:\/\/dodo-inflatables.com\/pt-pt\/wp-json\/wp\/v2\/product_brand?post=78162"},{"taxonomy":"product_cat","embeddable":true,"href":"https:\/\/dodo-inflatables.com\/pt-pt\/wp-json\/wp\/v2\/product_cat?post=78162"},{"taxonomy":"product_tag","embeddable":true,"href":"https:\/\/dodo-inflatables.com\/pt-pt\/wp-json\/wp\/v2\/product_tag?post=78162"}],"curies":[{"name":"wp","href":"https:\/\/api.w.org\/{rel}","templated":true}]}}