{"id":11976,"date":"2024-03-05T16:58:32","date_gmt":"2024-03-05T15:58:32","guid":{"rendered":"https:\/\/dodo-inflatables.com\/cumparati-tobogane-gonflabile-si-structuri-gonflabile-in-franta\/"},"modified":"2024-07-10T13:54:34","modified_gmt":"2024-07-10T11:54:34","slug":"cumparati-tobogane-gonflabile-si-structuri-gonflabile-in-franta","status":"publish","type":"page","link":"https:\/\/dodo-inflatables.com\/ro\/cumparati-tobogane-gonflabile-si-structuri-gonflabile-in-franta\/","title":{"rendered":"Cump\u0103ra\u021bi tobogane gonflabile \u0219i structuri gonflabile \u00een Fran\u021ba"},"content":{"rendered":"\n<h2 class=\"wp-block-heading has-text-align-center\">Cump\u0103ra\u021bi tobogane gonflabile \u0219i structuri gonflabile \u00een Fran\u021ba<\/h2>\n\n<figure class=\"wp-block-image aligncenter size-large\"><a href=\"https:\/\/dodo-inflatables.com\/wp-content\/uploads\/2022\/01\/seperator-kleiner.png\"><img fetchpriority=\"high\" decoding=\"async\" width=\"1024\" height=\"102\" src=\"https:\/\/dodo-inflatables.com\/wp-content\/uploads\/2022\/01\/seperator-kleiner-1024x102.png\" alt=\"\" class=\"wp-image-4026\" srcset=\"https:\/\/dodo-inflatables.com\/wp-content\/uploads\/2022\/01\/seperator-kleiner-1024x102.png 1024w, https:\/\/dodo-inflatables.com\/wp-content\/uploads\/2022\/01\/seperator-kleiner-900x90.png 900w, https:\/\/dodo-inflatables.com\/wp-content\/uploads\/2022\/01\/seperator-kleiner-300x30.png 300w, https:\/\/dodo-inflatables.com\/wp-content\/uploads\/2022\/01\/seperator-kleiner-768x77.png 768w, https:\/\/dodo-inflatables.com\/wp-content\/uploads\/2022\/01\/seperator-kleiner-1536x154.png 1536w, https:\/\/dodo-inflatables.com\/wp-content\/uploads\/2022\/01\/seperator-kleiner-340x34.png 340w, https:\/\/dodo-inflatables.com\/wp-content\/uploads\/2022\/01\/seperator-kleiner.png 2000w\" sizes=\"(max-width: 1024px) 100vw, 1024px\" \/><\/a><\/figure>\n\n<h3 class=\"wp-block-heading has-text-align-center\">Bine a\u021bi venit pe Dodo-Inflatables.com &#8211; boutique en ligne de structuri gonflabile \u00een Europa!<\/h3>\n\n<p style=\"font-size:17px\">Plonge\u021bi \u00een vasta noastr\u0103 selec\u021bie de structuri <a href=\"https:\/\/dodo-inflatables.com\/ro\/categorie-produs\/castele-bouncy\/\">gonflabile, castele gonflabile<\/a> \u0219i <a href=\"https:\/\/dodo-inflatables.com\/ro\/categorie-produs\/schimbare\/\">tobogane<\/a> de \u00eenalt\u0103 calitate care aduc un mic plus la fiecare eveniment. Que vous cherchiez une grande structure gonflable pour un \u00e9v\u00e9nement d&#8217;entreprise, un petit ch\u00e2teau gonflable pour un anniversaire d&#8217;enfant ou une structure gonflable avec toboggan pour une f\u00eate d&#8217;\u00e9t\u00e9, vous trouverez forc\u00e9ment ce qu&#8217;il vous faut chez nous !<\/p>\n\n<p style=\"font-size:17px\">Sortimentul nostru cuprinde nu numai o mare varietate de structuri gonflabile, ci \u0219i un mare num\u0103r de <a href=\"https:\/\/dodo-inflatables.com\/ro\/categorie-produs\/accesorii\/\">accesorii<\/a>, printre care suflantele <a href=\"https:\/\/dodo-inflatables.com\/ro\/produs\/gibbons-blower-fp5005-1-5ps\/\" data-type=\"product\" data-id=\"81\">Gibbons<\/a> \u0219i <a href=\"https:\/\/dodo-inflatables.com\/ro\/produs\/suflanta-huawei-reh-1-5e-1-5ps\/\" data-type=\"product\" data-id=\"2724\">Huawei<\/a> pentru structuri gonflabile.<\/p>\n\n<p style=\"font-size:17px\">Trimiterea unei structuri gonflabile \u0219i a accesoriilor sale \u00een <strong>Fran\u021ba cost\u0103 167,99 EUR<\/strong>. Un pachet de accesorii pentru structuri gonflabile cost\u0103 18,99\u20ac. \u00cen cazul \u00een care structura gonflabil\u0103 este \u00een stoc, ea va fi trimis\u0103 imediat dup\u0103 primirea pl\u0103\u021bii tale. La livraison en France dure environ <strong>4 \u00e0 6 jours ouvrables<\/strong>. O preluare a asisten\u021bei medicale este posibil\u0103 \u00een depozitul nostru din M\u00fcnchen, Germania.<\/p>\n\n<p style=\"font-size:17px\">Toate structurile noastre gonflabile r\u0103spund la normele de securitate stricte ale standardului <strong>DIN EN 14960<\/strong> \u0219i sunt adaptate pentru o utilizare privat\u0103 \u0219i profesional\u0103. Dup\u0103 trimiterea structurii gonflabile, ve\u021bi primi un ghid detaliat, precum \u0219i certificatul corespunz\u0103tor pentru noua dumneavoastr\u0103 structur\u0103 gonflabil\u0103.<\/p>\n\n<p style=\"font-size:17px\">Exonerarea TVA pentru \u00eentreprinderi! Dac\u0103 achizi\u021biona\u021bi ca \u00eentreprindere, indica\u021bi la casierie num\u0103rul dvs. de TVA intracomunitar pentru a putea cump\u0103ra f\u0103r\u0103 taxe.<\/p>\n\n<p style=\"font-size:17px\">Fie c\u0103 sunte\u021bi un particular care caut\u0103 o structur\u0103 gonflabil\u0103 pentru urm\u0103toarea dvs. s\u0103rb\u0103toare a familiei, fie c\u0103 sunte\u021bi un proprietar profesionist care dore\u0219te s\u0103-\u0219i extind\u0103 oferta, structurile noastre gonflabile sunt potrivite pentru toat\u0103 lumea. De fapt, majoritatea clien\u021bilor no\u0219tri din \u00eentreaga Europ\u0103 sunt proprietari de structuri gonflabile care apreciaz\u0103 produsele noastre pentru evenimente de toate tipurile.<\/p>\n\n<p style=\"font-size:17px\">V\u0103 dorim mult\u0103 pl\u0103cere s\u0103 parcurge\u021bi magazinul nostru online \u0219i v\u0103 st\u0103m la dispozi\u021bie pentru orice \u00eentrebare la adresa <a href=\"mailto:contact@dodo-inflatables.com\">contact@dodo-inflatables.com<\/a> sau vizita\u021bi direct magazinul nostru online francez: <a href=\"https:\/\/acheter-chateau-gonflable.fr\/\">acheter-chateau-gonflable.fr<\/a>!<\/p>\n\n<div style=\"height:100px\" aria-hidden=\"true\" class=\"wp-block-spacer\"><\/div>\n","protected":false},"excerpt":{"rendered":"<p>Cump\u0103ra\u021bi tobogane gonflabile \u0219i structuri gonflabile \u00een Fran\u021ba Bine a\u021bi venit pe Dodo-Inflatables.com &#8211; boutique en ligne de structuri gonflabile \u00een Europa! Plonge\u021bi \u00een vasta noastr\u0103 selec\u021bie de structuri gonflabile, castele gonflabile \u0219i tobogane de \u00eenalt\u0103 calitate care aduc un mic plus la fiecare eveniment. Que vous cherchiez une grande structure gonflable pour un \u00e9v\u00e9nement [&hellip;]<\/p>\n","protected":false},"author":1,"featured_media":0,"parent":0,"menu_order":0,"comment_status":"closed","ping_status":"closed","template":"","meta":{"_acf_changed":false,"_uag_custom_page_level_css":"","site-sidebar-layout":"default","site-content-layout":"","ast-site-content-layout":"normal-width-container","site-content-style":"boxed","site-sidebar-style":"default","ast-global-header-display":"","ast-banner-title-visibility":"","ast-main-header-display":"","ast-hfb-above-header-display":"","ast-hfb-below-header-display":"","ast-hfb-mobile-header-display":"","site-post-title":"","ast-breadcrumbs-content":"","ast-featured-img":"","footer-sml-layout":"","ast-disable-related-posts":"","theme-transparent-header-meta":"","adv-header-id-meta":"4069","stick-header-meta":"","header-above-stick-meta":"","header-main-stick-meta":"","header-below-stick-meta":"","astra-migrate-meta-layouts":"default","ast-page-background-enabled":"default","ast-page-background-meta":{"desktop":{"background-color":"var(--ast-global-color-4)","background-image":"","background-repeat":"repeat","background-position":"center center","background-size":"auto","background-attachment":"scroll","background-type":"","background-media":"","overlay-type":"","overlay-color":"","overlay-opacity":"","overlay-gradient":""},"tablet":{"background-color":"","background-image":"","background-repeat":"repeat","background-position":"center center","background-size":"auto","background-attachment":"scroll","background-type":"","background-media":"","overlay-type":"","overlay-color":"","overlay-opacity":"","overlay-gradient":""},"mobile":{"background-color":"","background-image":"","background-repeat":"repeat","background-position":"center center","background-size":"auto","background-attachment":"scroll","background-type":"","background-media":"","overlay-type":"","overlay-color":"","overlay-opacity":"","overlay-gradient":""}},"ast-content-background-meta":{"desktop":{"background-color":"var(--ast-global-color-5)","background-image":"","background-repeat":"repeat","background-position":"center center","background-size":"auto","background-attachment":"scroll","background-type":"","background-media":"","overlay-type":"","overlay-color":"","overlay-opacity":"","overlay-gradient":""},"tablet":{"background-color":"var(--ast-global-color-5)","background-image":"","background-repeat":"repeat","background-position":"center center","background-size":"auto","background-attachment":"scroll","background-type":"","background-media":"","overlay-type":"","overlay-color":"","overlay-opacity":"","overlay-gradient":""},"mobile":{"background-color":"var(--ast-global-color-5)","background-image":"","background-repeat":"repeat","background-position":"center center","background-size":"auto","background-attachment":"scroll","background-type":"","background-media":"","overlay-type":"","overlay-color":"","overlay-opacity":"","overlay-gradient":""}},"footnotes":""},"class_list":["post-11976","page","type-page","status-publish","hentry"],"acf":[],"yoast_head":"<!-- This site is optimized with the Yoast SEO plugin v27.5 - https:\/\/yoast.com\/product\/yoast-seo-wordpress\/ -->\n<title>Cump\u0103ra\u021bi tobogane gonflabile \u0219i structuri gonflabile \u00een Fran\u021ba - dodo-inflatables.com<\/title>\n<meta name=\"robots\" content=\"index, follow, max-snippet:-1, max-image-preview:large, max-video-preview:-1\" \/>\n<link rel=\"canonical\" href=\"https:\/\/dodo-inflatables.com\/ro\/cumparati-tobogane-gonflabile-si-structuri-gonflabile-in-franta\/\" \/>\n<meta name=\"twitter:label1\" content=\"Timp estimat pentru citire\" \/>\n\t<meta name=\"twitter:data1\" content=\"2 minute\" \/>\n<script type=\"application\/ld+json\" class=\"yoast-schema-graph\">{\"@context\":\"https:\\\/\\\/schema.org\",\"@graph\":[{\"@type\":\"WebPage\",\"@id\":\"https:\\\/\\\/dodo-inflatables.com\\\/ro\\\/cumparati-tobogane-gonflabile-si-structuri-gonflabile-in-franta\\\/\",\"url\":\"https:\\\/\\\/dodo-inflatables.com\\\/ro\\\/cumparati-tobogane-gonflabile-si-structuri-gonflabile-in-franta\\\/\",\"name\":\"Cump\u0103ra\u021bi tobogane gonflabile \u0219i structuri gonflabile \u00een Fran\u021ba - dodo-inflatables.com\",\"isPartOf\":{\"@id\":\"https:\\\/\\\/dodo-inflatables.com\\\/ro\\\/#website\"},\"primaryImageOfPage\":{\"@id\":\"https:\\\/\\\/dodo-inflatables.com\\\/ro\\\/cumparati-tobogane-gonflabile-si-structuri-gonflabile-in-franta\\\/#primaryimage\"},\"image\":{\"@id\":\"https:\\\/\\\/dodo-inflatables.com\\\/ro\\\/cumparati-tobogane-gonflabile-si-structuri-gonflabile-in-franta\\\/#primaryimage\"},\"thumbnailUrl\":\"https:\\\/\\\/dodo-inflatables.com\\\/wp-content\\\/uploads\\\/2022\\\/01\\\/seperator-kleiner-1024x102.png\",\"datePublished\":\"2024-03-05T15:58:32+00:00\",\"dateModified\":\"2024-07-10T11:54:34+00:00\",\"breadcrumb\":{\"@id\":\"https:\\\/\\\/dodo-inflatables.com\\\/ro\\\/cumparati-tobogane-gonflabile-si-structuri-gonflabile-in-franta\\\/#breadcrumb\"},\"inLanguage\":\"ro-RO\",\"potentialAction\":[{\"@type\":\"ReadAction\",\"target\":[\"https:\\\/\\\/dodo-inflatables.com\\\/ro\\\/cumparati-tobogane-gonflabile-si-structuri-gonflabile-in-franta\\\/\"]}]},{\"@type\":\"ImageObject\",\"inLanguage\":\"ro-RO\",\"@id\":\"https:\\\/\\\/dodo-inflatables.com\\\/ro\\\/cumparati-tobogane-gonflabile-si-structuri-gonflabile-in-franta\\\/#primaryimage\",\"url\":\"https:\\\/\\\/dodo-inflatables.com\\\/wp-content\\\/uploads\\\/2022\\\/01\\\/seperator-kleiner-1024x102.png\",\"contentUrl\":\"https:\\\/\\\/dodo-inflatables.com\\\/wp-content\\\/uploads\\\/2022\\\/01\\\/seperator-kleiner-1024x102.png\"},{\"@type\":\"BreadcrumbList\",\"@id\":\"https:\\\/\\\/dodo-inflatables.com\\\/ro\\\/cumparati-tobogane-gonflabile-si-structuri-gonflabile-in-franta\\\/#breadcrumb\",\"itemListElement\":[{\"@type\":\"ListItem\",\"position\":1,\"name\":\"Prima pagin\u0103\",\"item\":\"https:\\\/\\\/dodo-inflatables.com\\\/ro\\\/\"},{\"@type\":\"ListItem\",\"position\":2,\"name\":\"Cump\u0103ra\u021bi tobogane gonflabile \u0219i structuri gonflabile \u00een Fran\u021ba\"}]},{\"@type\":\"WebSite\",\"@id\":\"https:\\\/\\\/dodo-inflatables.com\\\/ro\\\/#website\",\"url\":\"https:\\\/\\\/dodo-inflatables.com\\\/ro\\\/\",\"name\":\"dodo-inflatables.com\",\"description\":\"Cump\u0103ra\u021bi castele gonflabile \u0219i atrac\u021bii din magazinul nostru.\",\"potentialAction\":[{\"@type\":\"SearchAction\",\"target\":{\"@type\":\"EntryPoint\",\"urlTemplate\":\"https:\\\/\\\/dodo-inflatables.com\\\/ro\\\/?s={search_term_string}\"},\"query-input\":{\"@type\":\"PropertyValueSpecification\",\"valueRequired\":true,\"valueName\":\"search_term_string\"}}],\"inLanguage\":\"ro-RO\"}]}<\/script>\n<!-- \/ Yoast SEO plugin. -->","yoast_head_json":{"title":"Cump\u0103ra\u021bi tobogane gonflabile \u0219i structuri gonflabile \u00een Fran\u021ba - dodo-inflatables.com","robots":{"index":"index","follow":"follow","max-snippet":"max-snippet:-1","max-image-preview":"max-image-preview:large","max-video-preview":"max-video-preview:-1"},"canonical":"https:\/\/dodo-inflatables.com\/ro\/cumparati-tobogane-gonflabile-si-structuri-gonflabile-in-franta\/","twitter_misc":{"Timp estimat pentru citire":"2 minute"},"schema":{"@context":"https:\/\/schema.org","@graph":[{"@type":"WebPage","@id":"https:\/\/dodo-inflatables.com\/ro\/cumparati-tobogane-gonflabile-si-structuri-gonflabile-in-franta\/","url":"https:\/\/dodo-inflatables.com\/ro\/cumparati-tobogane-gonflabile-si-structuri-gonflabile-in-franta\/","name":"Cump\u0103ra\u021bi tobogane gonflabile \u0219i structuri gonflabile \u00een Fran\u021ba - dodo-inflatables.com","isPartOf":{"@id":"https:\/\/dodo-inflatables.com\/ro\/#website"},"primaryImageOfPage":{"@id":"https:\/\/dodo-inflatables.com\/ro\/cumparati-tobogane-gonflabile-si-structuri-gonflabile-in-franta\/#primaryimage"},"image":{"@id":"https:\/\/dodo-inflatables.com\/ro\/cumparati-tobogane-gonflabile-si-structuri-gonflabile-in-franta\/#primaryimage"},"thumbnailUrl":"https:\/\/dodo-inflatables.com\/wp-content\/uploads\/2022\/01\/seperator-kleiner-1024x102.png","datePublished":"2024-03-05T15:58:32+00:00","dateModified":"2024-07-10T11:54:34+00:00","breadcrumb":{"@id":"https:\/\/dodo-inflatables.com\/ro\/cumparati-tobogane-gonflabile-si-structuri-gonflabile-in-franta\/#breadcrumb"},"inLanguage":"ro-RO","potentialAction":[{"@type":"ReadAction","target":["https:\/\/dodo-inflatables.com\/ro\/cumparati-tobogane-gonflabile-si-structuri-gonflabile-in-franta\/"]}]},{"@type":"ImageObject","inLanguage":"ro-RO","@id":"https:\/\/dodo-inflatables.com\/ro\/cumparati-tobogane-gonflabile-si-structuri-gonflabile-in-franta\/#primaryimage","url":"https:\/\/dodo-inflatables.com\/wp-content\/uploads\/2022\/01\/seperator-kleiner-1024x102.png","contentUrl":"https:\/\/dodo-inflatables.com\/wp-content\/uploads\/2022\/01\/seperator-kleiner-1024x102.png"},{"@type":"BreadcrumbList","@id":"https:\/\/dodo-inflatables.com\/ro\/cumparati-tobogane-gonflabile-si-structuri-gonflabile-in-franta\/#breadcrumb","itemListElement":[{"@type":"ListItem","position":1,"name":"Prima pagin\u0103","item":"https:\/\/dodo-inflatables.com\/ro\/"},{"@type":"ListItem","position":2,"name":"Cump\u0103ra\u021bi tobogane gonflabile \u0219i structuri gonflabile \u00een Fran\u021ba"}]},{"@type":"WebSite","@id":"https:\/\/dodo-inflatables.com\/ro\/#website","url":"https:\/\/dodo-inflatables.com\/ro\/","name":"dodo-inflatables.com","description":"Cump\u0103ra\u021bi castele gonflabile \u0219i atrac\u021bii din magazinul nostru.","potentialAction":[{"@type":"SearchAction","target":{"@type":"EntryPoint","urlTemplate":"https:\/\/dodo-inflatables.com\/ro\/?s={search_term_string}"},"query-input":{"@type":"PropertyValueSpecification","valueRequired":true,"valueName":"search_term_string"}}],"inLanguage":"ro-RO"}]}},"uagb_featured_image_src":{"full":false,"thumbnail":false,"medium":false,"medium_large":false,"large":false,"1536x1536":false,"2048x2048":false,"woocommerce_thumbnail":false,"woocommerce_single":false,"woocommerce_gallery_thumbnail":false},"uagb_author_info":{"display_name":"Andreas","author_link":"https:\/\/dodo-inflatables.com\/ro\/author\/andreas\/"},"uagb_comment_info":0,"uagb_excerpt":"Cump\u0103ra\u021bi tobogane gonflabile \u0219i structuri gonflabile \u00een Fran\u021ba Bine a\u021bi venit pe Dodo-Inflatables.com &#8211; boutique en ligne de structuri gonflabile \u00een Europa! Plonge\u021bi \u00een vasta noastr\u0103 selec\u021bie de structuri gonflabile, castele gonflabile \u0219i tobogane de \u00eenalt\u0103 calitate care aduc un mic plus la fiecare eveniment. Que vous cherchiez une grande structure gonflable pour un \u00e9v\u00e9nement&hellip;","_links":{"self":[{"href":"https:\/\/dodo-inflatables.com\/ro\/wp-json\/wp\/v2\/pages\/11976","targetHints":{"allow":["GET"]}}],"collection":[{"href":"https:\/\/dodo-inflatables.com\/ro\/wp-json\/wp\/v2\/pages"}],"about":[{"href":"https:\/\/dodo-inflatables.com\/ro\/wp-json\/wp\/v2\/types\/page"}],"author":[{"embeddable":true,"href":"https:\/\/dodo-inflatables.com\/ro\/wp-json\/wp\/v2\/users\/1"}],"replies":[{"embeddable":true,"href":"https:\/\/dodo-inflatables.com\/ro\/wp-json\/wp\/v2\/comments?post=11976"}],"version-history":[{"count":4,"href":"https:\/\/dodo-inflatables.com\/ro\/wp-json\/wp\/v2\/pages\/11976\/revisions"}],"predecessor-version":[{"id":16451,"href":"https:\/\/dodo-inflatables.com\/ro\/wp-json\/wp\/v2\/pages\/11976\/revisions\/16451"}],"wp:attachment":[{"href":"https:\/\/dodo-inflatables.com\/ro\/wp-json\/wp\/v2\/media?parent=11976"}],"curies":[{"name":"wp","href":"https:\/\/api.w.org\/{rel}","templated":true}]}}