{"id":11982,"date":"2024-03-05T16:49:21","date_gmt":"2024-03-05T15:49:21","guid":{"rendered":"https:\/\/dodo-inflatables.com\/o-lista-completa-de-produse-si-servicii-pentru-eestist\/"},"modified":"2024-07-10T13:54:40","modified_gmt":"2024-07-10T11:54:40","slug":"o-lista-completa-de-produse-si-servicii-pentru-eestist","status":"publish","type":"page","link":"https:\/\/dodo-inflatables.com\/ro\/o-lista-completa-de-produse-si-servicii-pentru-eestist\/","title":{"rendered":"O list\u0103 complet\u0103 de produse \u0219i servicii pentru Eestist"},"content":{"rendered":"\n<h2 class=\"wp-block-heading has-text-align-center\">O list\u0103 complet\u0103 de produse \u0219i servicii pentru Eestist<\/h2>\n\n<figure class=\"wp-block-image aligncenter size-large\"><a href=\"https:\/\/dodo-inflatables.com\/wp-content\/uploads\/2022\/01\/seperator-kleiner.png\"><img fetchpriority=\"high\" decoding=\"async\" width=\"1024\" height=\"102\" src=\"https:\/\/dodo-inflatables.com\/wp-content\/uploads\/2022\/01\/seperator-kleiner-1024x102.png\" alt=\"\" class=\"wp-image-4026\" srcset=\"https:\/\/dodo-inflatables.com\/wp-content\/uploads\/2022\/01\/seperator-kleiner-1024x102.png 1024w, https:\/\/dodo-inflatables.com\/wp-content\/uploads\/2022\/01\/seperator-kleiner-900x90.png 900w, https:\/\/dodo-inflatables.com\/wp-content\/uploads\/2022\/01\/seperator-kleiner-300x30.png 300w, https:\/\/dodo-inflatables.com\/wp-content\/uploads\/2022\/01\/seperator-kleiner-768x77.png 768w, https:\/\/dodo-inflatables.com\/wp-content\/uploads\/2022\/01\/seperator-kleiner-1536x154.png 1536w, https:\/\/dodo-inflatables.com\/wp-content\/uploads\/2022\/01\/seperator-kleiner-340x34.png 340w, https:\/\/dodo-inflatables.com\/wp-content\/uploads\/2022\/01\/seperator-kleiner.png 2000w\" sizes=\"(max-width: 1024px) 100vw, 1024px\" \/><\/a><\/figure>\n\n<h3 class=\"wp-block-heading has-text-align-center\">Tere tulemast Dodo-Inflatables.com &#8211; meie t\u00e4ispuhutavate atraktsioonide veebipoodi Euroopas!<\/h3>\n\n<p style=\"font-size:17px\">Sukeldu meie laiaulatuslikku kvaliteetsete t\u00e4ispuhutavate atraktsioonide, t\u00e4ispuhutavate losside ja lium\u00e4e valikusse, mis lisab igale s\u00fcndmusele selle v\u00e4ikese lisav\u00e4\u00e4rtuse. Kas otsite suurt t\u00e4ispuhutavat atraktsiooni firma\u00fcritusele, v\u00e4ikest t\u00e4ispuhutavat lossi laste s\u00fcnnip\u00e4evapeole v\u00f5i h\u00fcppelinnakut koos lium\u00e4ega suvep\u00e4evale &#8211; siit leiate garanteeritult midagi sobivat!<\/p>\n\n<p style=\"font-size:17px\">Meie valik ei sisalda mitte ainult erinevaid h\u00fcppelinnu, vaid ka laia valikut lisaseadmeid, sealhulgas Gibbonid ja Huawei puhurid h\u00fcppelinnadele.<\/p>\n\n<p style=\"font-size:17px\">H\u00fcppelinnuse ja tarvikute saatmine Eestisse maksab 349,00 eurot. T\u00e4ispuhutavate tarvikute pakett maksab 49,00 eurot. Kui t\u00e4ispuhutav atraktsioon on laos, saadetakse see teile kohe p\u00e4rast makse laekumist. Tarne Eestisse kestab umbes 4-6 t\u00f6\u00f6p\u00e4eva. H\u00fcppelaud on v\u00f5imalik ise k\u00e4tte saada meie laost M\u00fcnchenis, Saksamaal.<\/p>\n\n<p style=\"font-size:17px\">K\u00f5ik meie t\u00e4ispuhutavad atraktsioonid vastavad rangetele ohutusstandarditele DIN EN 14960 ja sobivad nii era- kui ka \u00e4rikasutuseks. Kui teie uus t\u00e4ispuhutav atraktsioon on v\u00e4lja saadetud, saate \u00fcksikasjaliku juhendi ja vastava sertifikaadi.<\/p>\n\n<p style=\"font-size:17px\">K\u00e4ibemaksuvabastus ettev\u00f5tetele! Kui ostate ettev\u00f5ttena, sisestage maksuvabade ostude tegemiseks kassas oma k\u00e4ibemaksukohustuslasena registreerimise number.<\/p>\n\n<p style=\"font-size:17px\">Olenemata sellest, kas olete eraisik, kes otsib h\u00fcppelinnakut oma j\u00e4rgmisele perepeole, v\u00f5i olete kommertsiaalne rendifirma, kes soovib oma valikut laiendada, meie h\u00fcppelinnakud sobivad k\u00f5igile. Tegelikult on enamik meie klientidest \u00fcle Euroopa h\u00fcppelinnade rendiettev\u00f5tjad, kes hindavad meie tooteid igas suuruses \u00fcrituste jaoks.<\/p>\n\n<p style=\"font-size:17px\">Loodame, et naudite meie veebipoe sirvimist ja vastame meeleldi k\u00f5ikidele k\u00fcsimustele aadressil <a href=\"mailto:contact@dodo-inflatables.com\">contact@dodo-inflatables.com!<\/a><\/p>\n\n<div style=\"height:100px\" aria-hidden=\"true\" class=\"wp-block-spacer\"><\/div>\n","protected":false},"excerpt":{"rendered":"<p>O list\u0103 complet\u0103 de produse \u0219i servicii pentru Eestist Tere tulemast Dodo-Inflatables.com &#8211; meie t\u00e4ispuhutavate atraktsioonide veebipoodi Euroopas! Sukeldu meie laiaulatuslikku kvaliteetsete t\u00e4ispuhutavate atraktsioonide, t\u00e4ispuhutavate losside ja lium\u00e4e valikusse, mis lisab igale s\u00fcndmusele selle v\u00e4ikese lisav\u00e4\u00e4rtuse. Kas otsite suurt t\u00e4ispuhutavat atraktsiooni firma\u00fcritusele, v\u00e4ikest t\u00e4ispuhutavat lossi laste s\u00fcnnip\u00e4evapeole v\u00f5i h\u00fcppelinnakut koos lium\u00e4ega suvep\u00e4evale &#8211; siit leiate [&hellip;]<\/p>\n","protected":false},"author":1,"featured_media":0,"parent":0,"menu_order":0,"comment_status":"closed","ping_status":"closed","template":"","meta":{"_acf_changed":false,"_uag_custom_page_level_css":"","site-sidebar-layout":"default","site-content-layout":"","ast-site-content-layout":"normal-width-container","site-content-style":"boxed","site-sidebar-style":"default","ast-global-header-display":"","ast-banner-title-visibility":"","ast-main-header-display":"","ast-hfb-above-header-display":"","ast-hfb-below-header-display":"","ast-hfb-mobile-header-display":"","site-post-title":"","ast-breadcrumbs-content":"","ast-featured-img":"","footer-sml-layout":"","ast-disable-related-posts":"","theme-transparent-header-meta":"","adv-header-id-meta":"4069","stick-header-meta":"","header-above-stick-meta":"","header-main-stick-meta":"","header-below-stick-meta":"","astra-migrate-meta-layouts":"default","ast-page-background-enabled":"default","ast-page-background-meta":{"desktop":{"background-color":"var(--ast-global-color-4)","background-image":"","background-repeat":"repeat","background-position":"center center","background-size":"auto","background-attachment":"scroll","background-type":"","background-media":"","overlay-type":"","overlay-color":"","overlay-opacity":"","overlay-gradient":""},"tablet":{"background-color":"","background-image":"","background-repeat":"repeat","background-position":"center center","background-size":"auto","background-attachment":"scroll","background-type":"","background-media":"","overlay-type":"","overlay-color":"","overlay-opacity":"","overlay-gradient":""},"mobile":{"background-color":"","background-image":"","background-repeat":"repeat","background-position":"center center","background-size":"auto","background-attachment":"scroll","background-type":"","background-media":"","overlay-type":"","overlay-color":"","overlay-opacity":"","overlay-gradient":""}},"ast-content-background-meta":{"desktop":{"background-color":"var(--ast-global-color-5)","background-image":"","background-repeat":"repeat","background-position":"center center","background-size":"auto","background-attachment":"scroll","background-type":"","background-media":"","overlay-type":"","overlay-color":"","overlay-opacity":"","overlay-gradient":""},"tablet":{"background-color":"var(--ast-global-color-5)","background-image":"","background-repeat":"repeat","background-position":"center center","background-size":"auto","background-attachment":"scroll","background-type":"","background-media":"","overlay-type":"","overlay-color":"","overlay-opacity":"","overlay-gradient":""},"mobile":{"background-color":"var(--ast-global-color-5)","background-image":"","background-repeat":"repeat","background-position":"center center","background-size":"auto","background-attachment":"scroll","background-type":"","background-media":"","overlay-type":"","overlay-color":"","overlay-opacity":"","overlay-gradient":""}},"footnotes":""},"class_list":["post-11982","page","type-page","status-publish","hentry"],"acf":[],"yoast_head":"<!-- This site is optimized with the Yoast SEO plugin v27.5 - https:\/\/yoast.com\/product\/yoast-seo-wordpress\/ -->\n<title>O list\u0103 complet\u0103 de produse \u0219i servicii pentru Eestist - dodo-inflatables.com<\/title>\n<meta name=\"robots\" content=\"index, follow, max-snippet:-1, max-image-preview:large, max-video-preview:-1\" \/>\n<link rel=\"canonical\" href=\"https:\/\/dodo-inflatables.com\/ro\/o-lista-completa-de-produse-si-servicii-pentru-eestist\/\" \/>\n<meta name=\"twitter:label1\" content=\"Timp estimat pentru citire\" \/>\n\t<meta name=\"twitter:data1\" content=\"1 minut\" \/>\n<script type=\"application\/ld+json\" class=\"yoast-schema-graph\">{\"@context\":\"https:\\\/\\\/schema.org\",\"@graph\":[{\"@type\":\"WebPage\",\"@id\":\"https:\\\/\\\/dodo-inflatables.com\\\/ro\\\/o-lista-completa-de-produse-si-servicii-pentru-eestist\\\/\",\"url\":\"https:\\\/\\\/dodo-inflatables.com\\\/ro\\\/o-lista-completa-de-produse-si-servicii-pentru-eestist\\\/\",\"name\":\"O list\u0103 complet\u0103 de produse \u0219i servicii pentru Eestist - dodo-inflatables.com\",\"isPartOf\":{\"@id\":\"https:\\\/\\\/dodo-inflatables.com\\\/ro\\\/#website\"},\"primaryImageOfPage\":{\"@id\":\"https:\\\/\\\/dodo-inflatables.com\\\/ro\\\/o-lista-completa-de-produse-si-servicii-pentru-eestist\\\/#primaryimage\"},\"image\":{\"@id\":\"https:\\\/\\\/dodo-inflatables.com\\\/ro\\\/o-lista-completa-de-produse-si-servicii-pentru-eestist\\\/#primaryimage\"},\"thumbnailUrl\":\"https:\\\/\\\/dodo-inflatables.com\\\/wp-content\\\/uploads\\\/2022\\\/01\\\/seperator-kleiner-1024x102.png\",\"datePublished\":\"2024-03-05T15:49:21+00:00\",\"dateModified\":\"2024-07-10T11:54:40+00:00\",\"breadcrumb\":{\"@id\":\"https:\\\/\\\/dodo-inflatables.com\\\/ro\\\/o-lista-completa-de-produse-si-servicii-pentru-eestist\\\/#breadcrumb\"},\"inLanguage\":\"ro-RO\",\"potentialAction\":[{\"@type\":\"ReadAction\",\"target\":[\"https:\\\/\\\/dodo-inflatables.com\\\/ro\\\/o-lista-completa-de-produse-si-servicii-pentru-eestist\\\/\"]}]},{\"@type\":\"ImageObject\",\"inLanguage\":\"ro-RO\",\"@id\":\"https:\\\/\\\/dodo-inflatables.com\\\/ro\\\/o-lista-completa-de-produse-si-servicii-pentru-eestist\\\/#primaryimage\",\"url\":\"https:\\\/\\\/dodo-inflatables.com\\\/wp-content\\\/uploads\\\/2022\\\/01\\\/seperator-kleiner-1024x102.png\",\"contentUrl\":\"https:\\\/\\\/dodo-inflatables.com\\\/wp-content\\\/uploads\\\/2022\\\/01\\\/seperator-kleiner-1024x102.png\"},{\"@type\":\"BreadcrumbList\",\"@id\":\"https:\\\/\\\/dodo-inflatables.com\\\/ro\\\/o-lista-completa-de-produse-si-servicii-pentru-eestist\\\/#breadcrumb\",\"itemListElement\":[{\"@type\":\"ListItem\",\"position\":1,\"name\":\"Prima pagin\u0103\",\"item\":\"https:\\\/\\\/dodo-inflatables.com\\\/ro\\\/\"},{\"@type\":\"ListItem\",\"position\":2,\"name\":\"O list\u0103 complet\u0103 de produse \u0219i servicii pentru Eestist\"}]},{\"@type\":\"WebSite\",\"@id\":\"https:\\\/\\\/dodo-inflatables.com\\\/ro\\\/#website\",\"url\":\"https:\\\/\\\/dodo-inflatables.com\\\/ro\\\/\",\"name\":\"dodo-inflatables.com\",\"description\":\"Cump\u0103ra\u021bi castele gonflabile \u0219i atrac\u021bii din magazinul nostru.\",\"potentialAction\":[{\"@type\":\"SearchAction\",\"target\":{\"@type\":\"EntryPoint\",\"urlTemplate\":\"https:\\\/\\\/dodo-inflatables.com\\\/ro\\\/?s={search_term_string}\"},\"query-input\":{\"@type\":\"PropertyValueSpecification\",\"valueRequired\":true,\"valueName\":\"search_term_string\"}}],\"inLanguage\":\"ro-RO\"}]}<\/script>\n<!-- \/ Yoast SEO plugin. -->","yoast_head_json":{"title":"O list\u0103 complet\u0103 de produse \u0219i servicii pentru Eestist - dodo-inflatables.com","robots":{"index":"index","follow":"follow","max-snippet":"max-snippet:-1","max-image-preview":"max-image-preview:large","max-video-preview":"max-video-preview:-1"},"canonical":"https:\/\/dodo-inflatables.com\/ro\/o-lista-completa-de-produse-si-servicii-pentru-eestist\/","twitter_misc":{"Timp estimat pentru citire":"1 minut"},"schema":{"@context":"https:\/\/schema.org","@graph":[{"@type":"WebPage","@id":"https:\/\/dodo-inflatables.com\/ro\/o-lista-completa-de-produse-si-servicii-pentru-eestist\/","url":"https:\/\/dodo-inflatables.com\/ro\/o-lista-completa-de-produse-si-servicii-pentru-eestist\/","name":"O list\u0103 complet\u0103 de produse \u0219i servicii pentru Eestist - dodo-inflatables.com","isPartOf":{"@id":"https:\/\/dodo-inflatables.com\/ro\/#website"},"primaryImageOfPage":{"@id":"https:\/\/dodo-inflatables.com\/ro\/o-lista-completa-de-produse-si-servicii-pentru-eestist\/#primaryimage"},"image":{"@id":"https:\/\/dodo-inflatables.com\/ro\/o-lista-completa-de-produse-si-servicii-pentru-eestist\/#primaryimage"},"thumbnailUrl":"https:\/\/dodo-inflatables.com\/wp-content\/uploads\/2022\/01\/seperator-kleiner-1024x102.png","datePublished":"2024-03-05T15:49:21+00:00","dateModified":"2024-07-10T11:54:40+00:00","breadcrumb":{"@id":"https:\/\/dodo-inflatables.com\/ro\/o-lista-completa-de-produse-si-servicii-pentru-eestist\/#breadcrumb"},"inLanguage":"ro-RO","potentialAction":[{"@type":"ReadAction","target":["https:\/\/dodo-inflatables.com\/ro\/o-lista-completa-de-produse-si-servicii-pentru-eestist\/"]}]},{"@type":"ImageObject","inLanguage":"ro-RO","@id":"https:\/\/dodo-inflatables.com\/ro\/o-lista-completa-de-produse-si-servicii-pentru-eestist\/#primaryimage","url":"https:\/\/dodo-inflatables.com\/wp-content\/uploads\/2022\/01\/seperator-kleiner-1024x102.png","contentUrl":"https:\/\/dodo-inflatables.com\/wp-content\/uploads\/2022\/01\/seperator-kleiner-1024x102.png"},{"@type":"BreadcrumbList","@id":"https:\/\/dodo-inflatables.com\/ro\/o-lista-completa-de-produse-si-servicii-pentru-eestist\/#breadcrumb","itemListElement":[{"@type":"ListItem","position":1,"name":"Prima pagin\u0103","item":"https:\/\/dodo-inflatables.com\/ro\/"},{"@type":"ListItem","position":2,"name":"O list\u0103 complet\u0103 de produse \u0219i servicii pentru Eestist"}]},{"@type":"WebSite","@id":"https:\/\/dodo-inflatables.com\/ro\/#website","url":"https:\/\/dodo-inflatables.com\/ro\/","name":"dodo-inflatables.com","description":"Cump\u0103ra\u021bi castele gonflabile \u0219i atrac\u021bii din magazinul nostru.","potentialAction":[{"@type":"SearchAction","target":{"@type":"EntryPoint","urlTemplate":"https:\/\/dodo-inflatables.com\/ro\/?s={search_term_string}"},"query-input":{"@type":"PropertyValueSpecification","valueRequired":true,"valueName":"search_term_string"}}],"inLanguage":"ro-RO"}]}},"uagb_featured_image_src":{"full":false,"thumbnail":false,"medium":false,"medium_large":false,"large":false,"1536x1536":false,"2048x2048":false,"woocommerce_thumbnail":false,"woocommerce_single":false,"woocommerce_gallery_thumbnail":false},"uagb_author_info":{"display_name":"Andreas","author_link":"https:\/\/dodo-inflatables.com\/ro\/author\/andreas\/"},"uagb_comment_info":0,"uagb_excerpt":"O list\u0103 complet\u0103 de produse \u0219i servicii pentru Eestist Tere tulemast Dodo-Inflatables.com &#8211; meie t\u00e4ispuhutavate atraktsioonide veebipoodi Euroopas! Sukeldu meie laiaulatuslikku kvaliteetsete t\u00e4ispuhutavate atraktsioonide, t\u00e4ispuhutavate losside ja lium\u00e4e valikusse, mis lisab igale s\u00fcndmusele selle v\u00e4ikese lisav\u00e4\u00e4rtuse. Kas otsite suurt t\u00e4ispuhutavat atraktsiooni firma\u00fcritusele, v\u00e4ikest t\u00e4ispuhutavat lossi laste s\u00fcnnip\u00e4evapeole v\u00f5i h\u00fcppelinnakut koos lium\u00e4ega suvep\u00e4evale &#8211; siit leiate&hellip;","_links":{"self":[{"href":"https:\/\/dodo-inflatables.com\/ro\/wp-json\/wp\/v2\/pages\/11982","targetHints":{"allow":["GET"]}}],"collection":[{"href":"https:\/\/dodo-inflatables.com\/ro\/wp-json\/wp\/v2\/pages"}],"about":[{"href":"https:\/\/dodo-inflatables.com\/ro\/wp-json\/wp\/v2\/types\/page"}],"author":[{"embeddable":true,"href":"https:\/\/dodo-inflatables.com\/ro\/wp-json\/wp\/v2\/users\/1"}],"replies":[{"embeddable":true,"href":"https:\/\/dodo-inflatables.com\/ro\/wp-json\/wp\/v2\/comments?post=11982"}],"version-history":[{"count":2,"href":"https:\/\/dodo-inflatables.com\/ro\/wp-json\/wp\/v2\/pages\/11982\/revisions"}],"predecessor-version":[{"id":11986,"href":"https:\/\/dodo-inflatables.com\/ro\/wp-json\/wp\/v2\/pages\/11982\/revisions\/11986"}],"wp:attachment":[{"href":"https:\/\/dodo-inflatables.com\/ro\/wp-json\/wp\/v2\/media?parent=11982"}],"curies":[{"name":"wp","href":"https:\/\/api.w.org\/{rel}","templated":true}]}}