{"id":12066,"date":"2024-03-05T15:56:42","date_gmt":"2024-03-05T14:56:42","guid":{"rendered":"https:\/\/dodo-inflatables.com\/opblaasbare-glijbanen-en-springkastelen-kopen-in-nederland\/"},"modified":"2024-07-10T13:53:58","modified_gmt":"2024-07-10T11:53:58","slug":"opblaasbare-glijbanen-en-springkastelen-kopen-in-nederland","status":"publish","type":"page","link":"https:\/\/dodo-inflatables.com\/ro\/opblaasbare-glijbanen-en-springkastelen-kopen-in-nederland\/","title":{"rendered":"Opblaasbare glijbanen en springkastelen kopen in Nederland"},"content":{"rendered":"\n<h2 class=\"wp-block-heading has-text-align-center\">Opblaasbare glijbanen en springkastelen kopen in Nederland<\/h2>\n\n<figure class=\"wp-block-image aligncenter size-large\"><a href=\"https:\/\/dodo-inflatables.com\/wp-content\/uploads\/2022\/01\/seperator-kleiner.png\"><img loading=\"lazy\" decoding=\"async\" width=\"1024\" height=\"102\" src=\"https:\/\/dodo-inflatables.com\/wp-content\/uploads\/2022\/01\/seperator-kleiner-1024x102.png\" alt=\"\" class=\"wp-image-4026\" srcset=\"https:\/\/dodo-inflatables.com\/wp-content\/uploads\/2022\/01\/seperator-kleiner-1024x102.png 1024w, https:\/\/dodo-inflatables.com\/wp-content\/uploads\/2022\/01\/seperator-kleiner-900x90.png 900w, https:\/\/dodo-inflatables.com\/wp-content\/uploads\/2022\/01\/seperator-kleiner-300x30.png 300w, https:\/\/dodo-inflatables.com\/wp-content\/uploads\/2022\/01\/seperator-kleiner-768x77.png 768w, https:\/\/dodo-inflatables.com\/wp-content\/uploads\/2022\/01\/seperator-kleiner-1536x154.png 1536w, https:\/\/dodo-inflatables.com\/wp-content\/uploads\/2022\/01\/seperator-kleiner-340x34.png 340w, https:\/\/dodo-inflatables.com\/wp-content\/uploads\/2022\/01\/seperator-kleiner.png 2000w\" sizes=\"auto, (max-width: 1024px) 100vw, 1024px\" \/><\/a><\/figure>\n\n<h3 class=\"wp-block-heading has-text-align-center\">Welkom bij Dodo-Inflatables.com &#8211; onze online winkel voor opblaasbare glijbanen in Europa!<\/h3>\n\n<p style=\"font-size:17px\">Dompel jezelf onder in onze uitgebreide selectie van hoge kwaliteit gonflabile, <a href=\"https:\/\/dodo-inflatables.com\/ro\/categorie-produs\/castele-bouncy\/\">opblaasbare kastelen<\/a> and <a href=\"https:\/\/dodo-inflatables.com\/ro\/categorie-produs\/schimbare\/\">glijbanen<\/a> die net dat beetje extra toevoegen aan elke gelegenheid. Dac\u0103 sunte\u021bi \u00een c\u0103utare de o saltea gonflabil\u0103 grozav\u0103 pentru o petrecere de copii, un mic castel de prim\u0103var\u0103 pentru o petrecere de copii sau un castel de prim\u0103var\u0103 cu ghea\u021b\u0103 pentru o petrecere de zombi &#8211; aici g\u0103si\u021bi garantat tot ce este necesar!<\/p>\n\n<p style=\"font-size:17px\">Sortimentul nostru nu include doar o gam\u0103 larg\u0103 de produse pentru arcuri, ci \u0219i o gam\u0103 larg\u0103 de <a href=\"https:\/\/dodo-inflatables.com\/ro\/categorie-produs\/accesorii\/\">accesorii<\/a>, printre care <a href=\"https:\/\/dodo-inflatables.com\/ro\/produs\/gibbons-blower-fp5005-1-5ps\/\" data-type=\"product\" data-id=\"81\">Gibbons<\/a> \u0219i suflante <a href=\"https:\/\/dodo-inflatables.com\/ro\/produs\/suflanta-huawei-reh-1-5e-1-5ps\/\" data-type=\"product\" data-id=\"2724\">Huawei<\/a> pentru arcuri.<\/p>\n\n<p style=\"font-size:17px\">Achizi\u021bionarea unui costum de prim\u0103var\u0103 \u0219i a accesoriilor \u00een <strong>Olanda cost\u0103 148,00 EUR<\/strong>. Un pachet de accesorii opblaasbare cost\u0103 19,00 \u20ac. \u00cen cazul \u00een care Springkussen este \u00een curs de desf\u0103\u0219urare, v\u0103 pute\u021bi bucura direct de o livrare de pariuri. Levering in Nederland duurt ongeveer <strong>4 &#8211; 6 werkdagen<\/strong>. Het is mogelijk om het springkussen zelf af te halen bij ons magazijn in M\u00fcnchen, Duitsland.<\/p>\n\n<p style=\"font-size:17px\">Toate arcurile noastre sunt conforme cu normele de siguran\u021b\u0103 stricte din <strong>DIN EN 14960<\/strong> \u0219i sunt destinate utiliz\u0103rii particulare \u0219i comerciale. Ave\u021bi la dispozi\u021bie un ghidaj detaliat \u0219i un certificat de calitate pentru noul dumneavoastr\u0103 arc de prim\u0103var\u0103, dac\u0103 acesta este eliberat.<\/p>\n\n<p style=\"font-size:17px\">BTW-vrijstelling voor bedrijven! Als je als bedrijf koopt, voer dan je btw-identificatienummer in bij de kassa om belastingvrij te kopen.<\/p>\n\n<p style=\"font-size:17px\">Dac\u0103, \u00een calitate de particular, c\u0103uta\u021bi un castel de prim\u0103var\u0103 pentru a v\u0103 bucura de o nou\u0103 s\u0103rb\u0103toare familial\u0103, sau dac\u0103, \u00een calitate de comerciant, dori\u021bi s\u0103 v\u0103 lua\u021bi un sortiment de produse, aceste case de prim\u0103var\u0103 sunt destinate tuturor. \u00cen prezent, cele mai multe dintre companiile noastre din \u00eentreaga Europ\u0103 au fost \u00eenfiin\u021bate \u00een urma unor evenimente de prim\u0103var\u0103, \u00een care produsele noastre sunt oferite pentru evenimente din toate \u021b\u0103rile.<\/p>\n\n<p style=\"font-size:17px\">We wensen u veel plezier bij het bekijken van onze online winkel en beantwoorden graag al uw vragen op contact@dodo-inflatables.com!<\/p>\n\n<div style=\"height:100px\" aria-hidden=\"true\" class=\"wp-block-spacer\"><\/div>\n","protected":false},"excerpt":{"rendered":"<p>Opblaasbare glijbanen en springkastelen kopen in Nederland Welkom bij Dodo-Inflatables.com &#8211; onze online winkel voor opblaasbare glijbanen in Europa! Dompel jezelf onder in onze uitgebreide selectie van hoge kwaliteit gonflabile, opblaasbare kastelen and glijbanen die net dat beetje extra toevoegen aan elke gelegenheid. Dac\u0103 sunte\u021bi \u00een c\u0103utare de o saltea gonflabil\u0103 grozav\u0103 pentru o petrecere [&hellip;]<\/p>\n","protected":false},"author":1,"featured_media":0,"parent":0,"menu_order":0,"comment_status":"closed","ping_status":"closed","template":"","meta":{"_acf_changed":false,"_uag_custom_page_level_css":"","site-sidebar-layout":"default","site-content-layout":"","ast-site-content-layout":"normal-width-container","site-content-style":"boxed","site-sidebar-style":"default","ast-global-header-display":"","ast-banner-title-visibility":"","ast-main-header-display":"","ast-hfb-above-header-display":"","ast-hfb-below-header-display":"","ast-hfb-mobile-header-display":"","site-post-title":"","ast-breadcrumbs-content":"","ast-featured-img":"","footer-sml-layout":"","ast-disable-related-posts":"","theme-transparent-header-meta":"","adv-header-id-meta":"4069","stick-header-meta":"","header-above-stick-meta":"","header-main-stick-meta":"","header-below-stick-meta":"","astra-migrate-meta-layouts":"default","ast-page-background-enabled":"default","ast-page-background-meta":{"desktop":{"background-color":"var(--ast-global-color-4)","background-image":"","background-repeat":"repeat","background-position":"center center","background-size":"auto","background-attachment":"scroll","background-type":"","background-media":"","overlay-type":"","overlay-color":"","overlay-opacity":"","overlay-gradient":""},"tablet":{"background-color":"","background-image":"","background-repeat":"repeat","background-position":"center center","background-size":"auto","background-attachment":"scroll","background-type":"","background-media":"","overlay-type":"","overlay-color":"","overlay-opacity":"","overlay-gradient":""},"mobile":{"background-color":"","background-image":"","background-repeat":"repeat","background-position":"center center","background-size":"auto","background-attachment":"scroll","background-type":"","background-media":"","overlay-type":"","overlay-color":"","overlay-opacity":"","overlay-gradient":""}},"ast-content-background-meta":{"desktop":{"background-color":"var(--ast-global-color-5)","background-image":"","background-repeat":"repeat","background-position":"center center","background-size":"auto","background-attachment":"scroll","background-type":"","background-media":"","overlay-type":"","overlay-color":"","overlay-opacity":"","overlay-gradient":""},"tablet":{"background-color":"var(--ast-global-color-5)","background-image":"","background-repeat":"repeat","background-position":"center center","background-size":"auto","background-attachment":"scroll","background-type":"","background-media":"","overlay-type":"","overlay-color":"","overlay-opacity":"","overlay-gradient":""},"mobile":{"background-color":"var(--ast-global-color-5)","background-image":"","background-repeat":"repeat","background-position":"center center","background-size":"auto","background-attachment":"scroll","background-type":"","background-media":"","overlay-type":"","overlay-color":"","overlay-opacity":"","overlay-gradient":""}},"footnotes":""},"class_list":["post-12066","page","type-page","status-publish","hentry"],"acf":[],"yoast_head":"<!-- This site is optimized with the Yoast SEO plugin v27.4 - https:\/\/yoast.com\/product\/yoast-seo-wordpress\/ -->\n<title>Opblaasbare glijbanen en springkastelen kopen in Nederland - dodo-inflatables.com<\/title>\n<meta name=\"robots\" content=\"index, follow, max-snippet:-1, max-image-preview:large, max-video-preview:-1\" \/>\n<link rel=\"canonical\" href=\"https:\/\/dodo-inflatables.com\/ro\/opblaasbare-glijbanen-en-springkastelen-kopen-in-nederland\/\" \/>\n<meta name=\"twitter:label1\" content=\"Timp estimat pentru citire\" \/>\n\t<meta name=\"twitter:data1\" content=\"2 minute\" \/>\n<script type=\"application\/ld+json\" class=\"yoast-schema-graph\">{\"@context\":\"https:\\\/\\\/schema.org\",\"@graph\":[{\"@type\":\"WebPage\",\"@id\":\"https:\\\/\\\/dodo-inflatables.com\\\/ro\\\/opblaasbare-glijbanen-en-springkastelen-kopen-in-nederland\\\/\",\"url\":\"https:\\\/\\\/dodo-inflatables.com\\\/ro\\\/opblaasbare-glijbanen-en-springkastelen-kopen-in-nederland\\\/\",\"name\":\"Opblaasbare glijbanen en springkastelen kopen in Nederland - dodo-inflatables.com\",\"isPartOf\":{\"@id\":\"https:\\\/\\\/dodo-inflatables.com\\\/ro\\\/#website\"},\"primaryImageOfPage\":{\"@id\":\"https:\\\/\\\/dodo-inflatables.com\\\/ro\\\/opblaasbare-glijbanen-en-springkastelen-kopen-in-nederland\\\/#primaryimage\"},\"image\":{\"@id\":\"https:\\\/\\\/dodo-inflatables.com\\\/ro\\\/opblaasbare-glijbanen-en-springkastelen-kopen-in-nederland\\\/#primaryimage\"},\"thumbnailUrl\":\"https:\\\/\\\/dodo-inflatables.com\\\/wp-content\\\/uploads\\\/2022\\\/01\\\/seperator-kleiner-1024x102.png\",\"datePublished\":\"2024-03-05T14:56:42+00:00\",\"dateModified\":\"2024-07-10T11:53:58+00:00\",\"breadcrumb\":{\"@id\":\"https:\\\/\\\/dodo-inflatables.com\\\/ro\\\/opblaasbare-glijbanen-en-springkastelen-kopen-in-nederland\\\/#breadcrumb\"},\"inLanguage\":\"ro-RO\",\"potentialAction\":[{\"@type\":\"ReadAction\",\"target\":[\"https:\\\/\\\/dodo-inflatables.com\\\/ro\\\/opblaasbare-glijbanen-en-springkastelen-kopen-in-nederland\\\/\"]}]},{\"@type\":\"ImageObject\",\"inLanguage\":\"ro-RO\",\"@id\":\"https:\\\/\\\/dodo-inflatables.com\\\/ro\\\/opblaasbare-glijbanen-en-springkastelen-kopen-in-nederland\\\/#primaryimage\",\"url\":\"https:\\\/\\\/dodo-inflatables.com\\\/wp-content\\\/uploads\\\/2022\\\/01\\\/seperator-kleiner-1024x102.png\",\"contentUrl\":\"https:\\\/\\\/dodo-inflatables.com\\\/wp-content\\\/uploads\\\/2022\\\/01\\\/seperator-kleiner-1024x102.png\"},{\"@type\":\"BreadcrumbList\",\"@id\":\"https:\\\/\\\/dodo-inflatables.com\\\/ro\\\/opblaasbare-glijbanen-en-springkastelen-kopen-in-nederland\\\/#breadcrumb\",\"itemListElement\":[{\"@type\":\"ListItem\",\"position\":1,\"name\":\"Prima pagin\u0103\",\"item\":\"https:\\\/\\\/dodo-inflatables.com\\\/ro\\\/\"},{\"@type\":\"ListItem\",\"position\":2,\"name\":\"Opblaasbare glijbanen en springkastelen kopen in Nederland\"}]},{\"@type\":\"WebSite\",\"@id\":\"https:\\\/\\\/dodo-inflatables.com\\\/ro\\\/#website\",\"url\":\"https:\\\/\\\/dodo-inflatables.com\\\/ro\\\/\",\"name\":\"dodo-inflatables.com\",\"description\":\"Cump\u0103ra\u021bi castele gonflabile \u0219i atrac\u021bii din magazinul nostru.\",\"publisher\":{\"@id\":\"https:\\\/\\\/dodo-inflatables.com\\\/ro\\\/#organization\"},\"potentialAction\":[{\"@type\":\"SearchAction\",\"target\":{\"@type\":\"EntryPoint\",\"urlTemplate\":\"https:\\\/\\\/dodo-inflatables.com\\\/ro\\\/?s={search_term_string}\"},\"query-input\":{\"@type\":\"PropertyValueSpecification\",\"valueRequired\":true,\"valueName\":\"search_term_string\"}}],\"inLanguage\":\"ro-RO\"},{\"@type\":\"Organization\",\"@id\":\"https:\\\/\\\/dodo-inflatables.com\\\/ro\\\/#organization\",\"name\":\"dodo-inflatables.com\",\"url\":\"https:\\\/\\\/dodo-inflatables.com\\\/ro\\\/\",\"logo\":{\"@type\":\"ImageObject\",\"inLanguage\":\"ro-RO\",\"@id\":\"https:\\\/\\\/dodo-inflatables.com\\\/ro\\\/#\\\/schema\\\/logo\\\/image\\\/\",\"url\":\"https:\\\/\\\/dodo-inflatables.com\\\/wp-content\\\/uploads\\\/2023\\\/04\\\/cropped-cropped-cropped-Dodo-Logo.png\",\"contentUrl\":\"https:\\\/\\\/dodo-inflatables.com\\\/wp-content\\\/uploads\\\/2023\\\/04\\\/cropped-cropped-cropped-Dodo-Logo.png\",\"width\":2996,\"height\":1545,\"caption\":\"dodo-inflatables.com\"},\"image\":{\"@id\":\"https:\\\/\\\/dodo-inflatables.com\\\/ro\\\/#\\\/schema\\\/logo\\\/image\\\/\"}}]}<\/script>\n<!-- \/ Yoast SEO plugin. -->","yoast_head_json":{"title":"Opblaasbare glijbanen en springkastelen kopen in Nederland - dodo-inflatables.com","robots":{"index":"index","follow":"follow","max-snippet":"max-snippet:-1","max-image-preview":"max-image-preview:large","max-video-preview":"max-video-preview:-1"},"canonical":"https:\/\/dodo-inflatables.com\/ro\/opblaasbare-glijbanen-en-springkastelen-kopen-in-nederland\/","twitter_misc":{"Timp estimat pentru citire":"2 minute"},"schema":{"@context":"https:\/\/schema.org","@graph":[{"@type":"WebPage","@id":"https:\/\/dodo-inflatables.com\/ro\/opblaasbare-glijbanen-en-springkastelen-kopen-in-nederland\/","url":"https:\/\/dodo-inflatables.com\/ro\/opblaasbare-glijbanen-en-springkastelen-kopen-in-nederland\/","name":"Opblaasbare glijbanen en springkastelen kopen in Nederland - dodo-inflatables.com","isPartOf":{"@id":"https:\/\/dodo-inflatables.com\/ro\/#website"},"primaryImageOfPage":{"@id":"https:\/\/dodo-inflatables.com\/ro\/opblaasbare-glijbanen-en-springkastelen-kopen-in-nederland\/#primaryimage"},"image":{"@id":"https:\/\/dodo-inflatables.com\/ro\/opblaasbare-glijbanen-en-springkastelen-kopen-in-nederland\/#primaryimage"},"thumbnailUrl":"https:\/\/dodo-inflatables.com\/wp-content\/uploads\/2022\/01\/seperator-kleiner-1024x102.png","datePublished":"2024-03-05T14:56:42+00:00","dateModified":"2024-07-10T11:53:58+00:00","breadcrumb":{"@id":"https:\/\/dodo-inflatables.com\/ro\/opblaasbare-glijbanen-en-springkastelen-kopen-in-nederland\/#breadcrumb"},"inLanguage":"ro-RO","potentialAction":[{"@type":"ReadAction","target":["https:\/\/dodo-inflatables.com\/ro\/opblaasbare-glijbanen-en-springkastelen-kopen-in-nederland\/"]}]},{"@type":"ImageObject","inLanguage":"ro-RO","@id":"https:\/\/dodo-inflatables.com\/ro\/opblaasbare-glijbanen-en-springkastelen-kopen-in-nederland\/#primaryimage","url":"https:\/\/dodo-inflatables.com\/wp-content\/uploads\/2022\/01\/seperator-kleiner-1024x102.png","contentUrl":"https:\/\/dodo-inflatables.com\/wp-content\/uploads\/2022\/01\/seperator-kleiner-1024x102.png"},{"@type":"BreadcrumbList","@id":"https:\/\/dodo-inflatables.com\/ro\/opblaasbare-glijbanen-en-springkastelen-kopen-in-nederland\/#breadcrumb","itemListElement":[{"@type":"ListItem","position":1,"name":"Prima pagin\u0103","item":"https:\/\/dodo-inflatables.com\/ro\/"},{"@type":"ListItem","position":2,"name":"Opblaasbare glijbanen en springkastelen kopen in Nederland"}]},{"@type":"WebSite","@id":"https:\/\/dodo-inflatables.com\/ro\/#website","url":"https:\/\/dodo-inflatables.com\/ro\/","name":"dodo-inflatables.com","description":"Cump\u0103ra\u021bi castele gonflabile \u0219i atrac\u021bii din magazinul nostru.","publisher":{"@id":"https:\/\/dodo-inflatables.com\/ro\/#organization"},"potentialAction":[{"@type":"SearchAction","target":{"@type":"EntryPoint","urlTemplate":"https:\/\/dodo-inflatables.com\/ro\/?s={search_term_string}"},"query-input":{"@type":"PropertyValueSpecification","valueRequired":true,"valueName":"search_term_string"}}],"inLanguage":"ro-RO"},{"@type":"Organization","@id":"https:\/\/dodo-inflatables.com\/ro\/#organization","name":"dodo-inflatables.com","url":"https:\/\/dodo-inflatables.com\/ro\/","logo":{"@type":"ImageObject","inLanguage":"ro-RO","@id":"https:\/\/dodo-inflatables.com\/ro\/#\/schema\/logo\/image\/","url":"https:\/\/dodo-inflatables.com\/wp-content\/uploads\/2023\/04\/cropped-cropped-cropped-Dodo-Logo.png","contentUrl":"https:\/\/dodo-inflatables.com\/wp-content\/uploads\/2023\/04\/cropped-cropped-cropped-Dodo-Logo.png","width":2996,"height":1545,"caption":"dodo-inflatables.com"},"image":{"@id":"https:\/\/dodo-inflatables.com\/ro\/#\/schema\/logo\/image\/"}}]}},"uagb_featured_image_src":{"full":false,"thumbnail":false,"medium":false,"medium_large":false,"large":false,"1536x1536":false,"2048x2048":false,"woocommerce_thumbnail":false,"woocommerce_single":false,"woocommerce_gallery_thumbnail":false},"uagb_author_info":{"display_name":"Andreas","author_link":"https:\/\/dodo-inflatables.com\/ro\/author\/andreas\/"},"uagb_comment_info":0,"uagb_excerpt":"Opblaasbare glijbanen en springkastelen kopen in Nederland Welkom bij Dodo-Inflatables.com &#8211; onze online winkel voor opblaasbare glijbanen in Europa! Dompel jezelf onder in onze uitgebreide selectie van hoge kwaliteit gonflabile, opblaasbare kastelen and glijbanen die net dat beetje extra toevoegen aan elke gelegenheid. Dac\u0103 sunte\u021bi \u00een c\u0103utare de o saltea gonflabil\u0103 grozav\u0103 pentru o petrecere&hellip;","_links":{"self":[{"href":"https:\/\/dodo-inflatables.com\/ro\/wp-json\/wp\/v2\/pages\/12066","targetHints":{"allow":["GET"]}}],"collection":[{"href":"https:\/\/dodo-inflatables.com\/ro\/wp-json\/wp\/v2\/pages"}],"about":[{"href":"https:\/\/dodo-inflatables.com\/ro\/wp-json\/wp\/v2\/types\/page"}],"author":[{"embeddable":true,"href":"https:\/\/dodo-inflatables.com\/ro\/wp-json\/wp\/v2\/users\/1"}],"replies":[{"embeddable":true,"href":"https:\/\/dodo-inflatables.com\/ro\/wp-json\/wp\/v2\/comments?post=12066"}],"version-history":[{"count":4,"href":"https:\/\/dodo-inflatables.com\/ro\/wp-json\/wp\/v2\/pages\/12066\/revisions"}],"predecessor-version":[{"id":16410,"href":"https:\/\/dodo-inflatables.com\/ro\/wp-json\/wp\/v2\/pages\/12066\/revisions\/16410"}],"wp:attachment":[{"href":"https:\/\/dodo-inflatables.com\/ro\/wp-json\/wp\/v2\/media?parent=12066"}],"curies":[{"name":"wp","href":"https:\/\/api.w.org\/{rel}","templated":true}]}}