{"id":12168,"date":"2024-03-04T17:43:45","date_gmt":"2024-03-04T16:43:45","guid":{"rendered":"https:\/\/dodo-inflatables.com\/achizitionati-scivoli-gonflabili-si-castele-gonflabile-in-elvetia\/"},"modified":"2024-07-10T13:53:25","modified_gmt":"2024-07-10T11:53:25","slug":"achizitionati-scivoli-gonflabili-si-castele-gonflabile-in-elvetia","status":"publish","type":"page","link":"https:\/\/dodo-inflatables.com\/ro\/achizitionati-scivoli-gonflabili-si-castele-gonflabile-in-elvetia\/","title":{"rendered":"Achizi\u021biona\u021bi scivoli gonflabili \u0219i castele gonflabile \u00een Elve\u021bia"},"content":{"rendered":"\n<h2 class=\"wp-block-heading has-text-align-center\"><strong>Achizi\u021biona\u021bi scivoli gonflabili \u0219i castele gonflabile \u00een Elve\u021bia<\/strong><\/h2>\n\n<figure class=\"wp-block-image aligncenter size-large\"><a href=\"https:\/\/dodo-inflatables.com\/wp-content\/uploads\/2022\/01\/seperator-kleiner.png\"><img fetchpriority=\"high\" decoding=\"async\" width=\"1024\" height=\"102\" src=\"https:\/\/dodo-inflatables.com\/wp-content\/uploads\/2022\/01\/seperator-kleiner-1024x102.png\" alt=\"\" class=\"wp-image-4026\" srcset=\"https:\/\/dodo-inflatables.com\/wp-content\/uploads\/2022\/01\/seperator-kleiner-1024x102.png 1024w, https:\/\/dodo-inflatables.com\/wp-content\/uploads\/2022\/01\/seperator-kleiner-900x90.png 900w, https:\/\/dodo-inflatables.com\/wp-content\/uploads\/2022\/01\/seperator-kleiner-300x30.png 300w, https:\/\/dodo-inflatables.com\/wp-content\/uploads\/2022\/01\/seperator-kleiner-768x77.png 768w, https:\/\/dodo-inflatables.com\/wp-content\/uploads\/2022\/01\/seperator-kleiner-1536x154.png 1536w, https:\/\/dodo-inflatables.com\/wp-content\/uploads\/2022\/01\/seperator-kleiner-340x34.png 340w, https:\/\/dodo-inflatables.com\/wp-content\/uploads\/2022\/01\/seperator-kleiner.png 2000w\" sizes=\"(max-width: 1024px) 100vw, 1024px\" \/><\/a><\/figure>\n\n<h3 class=\"wp-block-heading has-text-align-center\">Benvenuti su Dodo-Inflatables.com, magazinul nostru online de gonflabili din Europa!<\/h3>\n\n<p style=\"font-size:17px\">Immergetevi nella nostra vasta selezione di gonfiabili di alta qualit\u00e0, <a href=\"https:\/\/dodo-inflatables.com\/ro\/categorie-produs\/castele-bouncy\/\">castelli gonfiabili<\/a> e <a href=\"https:\/\/dodo-inflatables.com\/ro\/categorie-produs\/schimbare\/\">scivoli<\/a> che aggiungono quel qualcosa in pi\u00f9 a qualsiasi occasione. Che si tratti di un grande castello gonfiabile per un evento aziendale, di un piccolo castello gonfiabile per una festa di compleanno per bambini o di un castello gonfiabile con scivolo per una festa estiva, qui troverete sicuramente qualcosa di adatto!<\/p>\n\n<p style=\"font-size:17px\">Sortimentul nostru nu include doar o varietate de castele gonflabile, ci \u0219i o gam\u0103 larg\u0103 de <a href=\"https:\/\/dodo-inflatables.com\/ro\/categorie-produs\/accesorii\/\">accesorii<\/a>, printre care <a href=\"https:\/\/dodo-inflatables.com\/ro\/produs\/gibbons-blower-fp5005-1-5ps\/\" data-type=\"product\" data-id=\"81\">Gibbons<\/a> \u0219i soffiatori <a href=\"https:\/\/dodo-inflatables.com\/ro\/produs\/suflanta-huawei-reh-1-5e-1-5ps\/\" data-type=\"product\" data-id=\"2724\">Huawei<\/a> pentru castele gonflabile.<\/p>\n\n<p style=\"font-size:17px\">Expedi\u021bia unui castel gonflabil \u0219i a accesoriilor aferente \u00een <strong>Elve\u021bia cost\u0103 464,00 euro<\/strong>. \u00cen cazul \u00een care gonflabilul este disponibil \u00een depozit, acesta va fi trimis imediat dup\u0103 primirea pl\u0103\u021bii. La consegna in Svizzera richiede circa <strong>4-6 zile de lucru<\/strong>. Este posibil s\u0103 \u00eel retrage\u021bi personal la depozitul nostru din Monaco, \u00een Germania.<\/p>\n\n<p style=\"font-size:17px\">Toate gonflabilele noastre sunt conforme cu normele severe de securitate ale <strong>DIN EN 14960<\/strong> \u0219i sunt potrivite pentru utilizarea \u00een mediul privat \u0219i comercial. O dat\u0103 ce a fost expediat, primi\u021bi un ghid detaliat \u0219i certificatul aferent pentru noul dumneavoastr\u0103 gonflabil.<\/p>\n\n<p style=\"font-size:17px\">\u00cen calitate de clien\u021bi din \u021b\u0103ri care nu fac parte din Uniunea European\u0103, pute\u021bi cump\u0103ra de la noi f\u0103r\u0103 TVA. Pre\u021burile indicate \u00een magazinul online includ ini\u021bial TVA-ul german (19%), care va fi apoi sc\u0103zut. Quando spedite in Svizzera, siete considerati &#8222;importatori&#8221;. Prin urmare, vi verranno addebitati l&#8217;imposta sulle vendite e il dazio all&#8217;importazione svizzeri. Costurile noastre de expediere pentru Elve\u021bia includ pre\u021bul transportului, al transportului \u0219i al preg\u0103tirii ABD.<\/p>\n\n<p style=\"font-size:17px\">Fie c\u0103 sunte\u021bi un privat \u00een c\u0103utarea unui castel gonflabil pentru urm\u0103toarea dvs. petrecere \u00een familie sau o societate de \u00eenchiriere comercial\u0103 care dore\u0219te s\u0103 \u00ee\u0219i extind\u0103 propria gam\u0103, castelele noastre gonflabile sunt potrivite pentru to\u021bi. \u00centr-adev\u0103r, cea mai mare parte a clien\u021bilor no\u0219tri din \u00eentreaga Europ\u0103 sunt societ\u0103\u021bi de \u00eenchiriere de castele gonflabile care apreciaz\u0103 produsele noastre pentru evenimente de toate dimensiunile.<\/p>\n\n<p style=\"font-size:17px\">V\u0103 dorim o navigare pl\u0103cut\u0103 \u00een magazinul nostru online \u0219i v\u0103 rug\u0103m s\u0103 r\u0103spunde\u021bi la toate \u00eentreb\u0103rile dumneavoastr\u0103 pe contact@dodo-inflatables.com!<\/p>\n\n<div style=\"height:100px\" aria-hidden=\"true\" class=\"wp-block-spacer\"><\/div>\n","protected":false},"excerpt":{"rendered":"<p>Achizi\u021biona\u021bi scivoli gonflabili \u0219i castele gonflabile \u00een Elve\u021bia Benvenuti su Dodo-Inflatables.com, magazinul nostru online de gonflabili din Europa! Immergetevi nella nostra vasta selezione di gonfiabili di alta qualit\u00e0, castelli gonfiabili e scivoli che aggiungono quel qualcosa in pi\u00f9 a qualsiasi occasione. Che si tratti di un grande castello gonfiabile per un evento aziendale, di un [&hellip;]<\/p>\n","protected":false},"author":1,"featured_media":0,"parent":0,"menu_order":0,"comment_status":"closed","ping_status":"closed","template":"","meta":{"_acf_changed":false,"_uag_custom_page_level_css":"","site-sidebar-layout":"default","site-content-layout":"","ast-site-content-layout":"normal-width-container","site-content-style":"boxed","site-sidebar-style":"default","ast-global-header-display":"","ast-banner-title-visibility":"","ast-main-header-display":"","ast-hfb-above-header-display":"","ast-hfb-below-header-display":"","ast-hfb-mobile-header-display":"","site-post-title":"","ast-breadcrumbs-content":"","ast-featured-img":"","footer-sml-layout":"","ast-disable-related-posts":"","theme-transparent-header-meta":"","adv-header-id-meta":"4069","stick-header-meta":"","header-above-stick-meta":"","header-main-stick-meta":"","header-below-stick-meta":"","astra-migrate-meta-layouts":"default","ast-page-background-enabled":"default","ast-page-background-meta":{"desktop":{"background-color":"var(--ast-global-color-4)","background-image":"","background-repeat":"repeat","background-position":"center center","background-size":"auto","background-attachment":"scroll","background-type":"","background-media":"","overlay-type":"","overlay-color":"","overlay-opacity":"","overlay-gradient":""},"tablet":{"background-color":"","background-image":"","background-repeat":"repeat","background-position":"center center","background-size":"auto","background-attachment":"scroll","background-type":"","background-media":"","overlay-type":"","overlay-color":"","overlay-opacity":"","overlay-gradient":""},"mobile":{"background-color":"","background-image":"","background-repeat":"repeat","background-position":"center center","background-size":"auto","background-attachment":"scroll","background-type":"","background-media":"","overlay-type":"","overlay-color":"","overlay-opacity":"","overlay-gradient":""}},"ast-content-background-meta":{"desktop":{"background-color":"var(--ast-global-color-5)","background-image":"","background-repeat":"repeat","background-position":"center center","background-size":"auto","background-attachment":"scroll","background-type":"","background-media":"","overlay-type":"","overlay-color":"","overlay-opacity":"","overlay-gradient":""},"tablet":{"background-color":"var(--ast-global-color-5)","background-image":"","background-repeat":"repeat","background-position":"center center","background-size":"auto","background-attachment":"scroll","background-type":"","background-media":"","overlay-type":"","overlay-color":"","overlay-opacity":"","overlay-gradient":""},"mobile":{"background-color":"var(--ast-global-color-5)","background-image":"","background-repeat":"repeat","background-position":"center center","background-size":"auto","background-attachment":"scroll","background-type":"","background-media":"","overlay-type":"","overlay-color":"","overlay-opacity":"","overlay-gradient":""}},"footnotes":""},"class_list":["post-12168","page","type-page","status-publish","hentry"],"acf":[],"yoast_head":"<!-- This site is optimized with the Yoast SEO plugin v27.5 - https:\/\/yoast.com\/product\/yoast-seo-wordpress\/ -->\n<title>Achizi\u021biona\u021bi scivoli gonflabili \u0219i castele gonflabile \u00een Elve\u021bia - dodo-inflatables.com<\/title>\n<meta name=\"robots\" content=\"index, follow, max-snippet:-1, max-image-preview:large, max-video-preview:-1\" \/>\n<link rel=\"canonical\" href=\"https:\/\/dodo-inflatables.com\/ro\/achizitionati-scivoli-gonflabili-si-castele-gonflabile-in-elvetia\/\" \/>\n<meta name=\"twitter:label1\" content=\"Timp estimat pentru citire\" \/>\n\t<meta name=\"twitter:data1\" content=\"2 minute\" \/>\n<script type=\"application\/ld+json\" class=\"yoast-schema-graph\">{\"@context\":\"https:\\\/\\\/schema.org\",\"@graph\":[{\"@type\":\"WebPage\",\"@id\":\"https:\\\/\\\/dodo-inflatables.com\\\/ro\\\/achizitionati-scivoli-gonflabili-si-castele-gonflabile-in-elvetia\\\/\",\"url\":\"https:\\\/\\\/dodo-inflatables.com\\\/ro\\\/achizitionati-scivoli-gonflabili-si-castele-gonflabile-in-elvetia\\\/\",\"name\":\"Achizi\u021biona\u021bi scivoli gonflabili \u0219i castele gonflabile \u00een Elve\u021bia - dodo-inflatables.com\",\"isPartOf\":{\"@id\":\"https:\\\/\\\/dodo-inflatables.com\\\/ro\\\/#website\"},\"primaryImageOfPage\":{\"@id\":\"https:\\\/\\\/dodo-inflatables.com\\\/ro\\\/achizitionati-scivoli-gonflabili-si-castele-gonflabile-in-elvetia\\\/#primaryimage\"},\"image\":{\"@id\":\"https:\\\/\\\/dodo-inflatables.com\\\/ro\\\/achizitionati-scivoli-gonflabili-si-castele-gonflabile-in-elvetia\\\/#primaryimage\"},\"thumbnailUrl\":\"https:\\\/\\\/dodo-inflatables.com\\\/wp-content\\\/uploads\\\/2022\\\/01\\\/seperator-kleiner-1024x102.png\",\"datePublished\":\"2024-03-04T16:43:45+00:00\",\"dateModified\":\"2024-07-10T11:53:25+00:00\",\"breadcrumb\":{\"@id\":\"https:\\\/\\\/dodo-inflatables.com\\\/ro\\\/achizitionati-scivoli-gonflabili-si-castele-gonflabile-in-elvetia\\\/#breadcrumb\"},\"inLanguage\":\"ro-RO\",\"potentialAction\":[{\"@type\":\"ReadAction\",\"target\":[\"https:\\\/\\\/dodo-inflatables.com\\\/ro\\\/achizitionati-scivoli-gonflabili-si-castele-gonflabile-in-elvetia\\\/\"]}]},{\"@type\":\"ImageObject\",\"inLanguage\":\"ro-RO\",\"@id\":\"https:\\\/\\\/dodo-inflatables.com\\\/ro\\\/achizitionati-scivoli-gonflabili-si-castele-gonflabile-in-elvetia\\\/#primaryimage\",\"url\":\"https:\\\/\\\/dodo-inflatables.com\\\/wp-content\\\/uploads\\\/2022\\\/01\\\/seperator-kleiner-1024x102.png\",\"contentUrl\":\"https:\\\/\\\/dodo-inflatables.com\\\/wp-content\\\/uploads\\\/2022\\\/01\\\/seperator-kleiner-1024x102.png\"},{\"@type\":\"BreadcrumbList\",\"@id\":\"https:\\\/\\\/dodo-inflatables.com\\\/ro\\\/achizitionati-scivoli-gonflabili-si-castele-gonflabile-in-elvetia\\\/#breadcrumb\",\"itemListElement\":[{\"@type\":\"ListItem\",\"position\":1,\"name\":\"Prima pagin\u0103\",\"item\":\"https:\\\/\\\/dodo-inflatables.com\\\/ro\\\/\"},{\"@type\":\"ListItem\",\"position\":2,\"name\":\"Achizi\u021biona\u021bi scivoli gonflabili \u0219i castele gonflabile \u00een Elve\u021bia\"}]},{\"@type\":\"WebSite\",\"@id\":\"https:\\\/\\\/dodo-inflatables.com\\\/ro\\\/#website\",\"url\":\"https:\\\/\\\/dodo-inflatables.com\\\/ro\\\/\",\"name\":\"dodo-inflatables.com\",\"description\":\"Cump\u0103ra\u021bi castele gonflabile \u0219i atrac\u021bii din magazinul nostru.\",\"potentialAction\":[{\"@type\":\"SearchAction\",\"target\":{\"@type\":\"EntryPoint\",\"urlTemplate\":\"https:\\\/\\\/dodo-inflatables.com\\\/ro\\\/?s={search_term_string}\"},\"query-input\":{\"@type\":\"PropertyValueSpecification\",\"valueRequired\":true,\"valueName\":\"search_term_string\"}}],\"inLanguage\":\"ro-RO\"}]}<\/script>\n<!-- \/ Yoast SEO plugin. -->","yoast_head_json":{"title":"Achizi\u021biona\u021bi scivoli gonflabili \u0219i castele gonflabile \u00een Elve\u021bia - dodo-inflatables.com","robots":{"index":"index","follow":"follow","max-snippet":"max-snippet:-1","max-image-preview":"max-image-preview:large","max-video-preview":"max-video-preview:-1"},"canonical":"https:\/\/dodo-inflatables.com\/ro\/achizitionati-scivoli-gonflabili-si-castele-gonflabile-in-elvetia\/","twitter_misc":{"Timp estimat pentru citire":"2 minute"},"schema":{"@context":"https:\/\/schema.org","@graph":[{"@type":"WebPage","@id":"https:\/\/dodo-inflatables.com\/ro\/achizitionati-scivoli-gonflabili-si-castele-gonflabile-in-elvetia\/","url":"https:\/\/dodo-inflatables.com\/ro\/achizitionati-scivoli-gonflabili-si-castele-gonflabile-in-elvetia\/","name":"Achizi\u021biona\u021bi scivoli gonflabili \u0219i castele gonflabile \u00een Elve\u021bia - dodo-inflatables.com","isPartOf":{"@id":"https:\/\/dodo-inflatables.com\/ro\/#website"},"primaryImageOfPage":{"@id":"https:\/\/dodo-inflatables.com\/ro\/achizitionati-scivoli-gonflabili-si-castele-gonflabile-in-elvetia\/#primaryimage"},"image":{"@id":"https:\/\/dodo-inflatables.com\/ro\/achizitionati-scivoli-gonflabili-si-castele-gonflabile-in-elvetia\/#primaryimage"},"thumbnailUrl":"https:\/\/dodo-inflatables.com\/wp-content\/uploads\/2022\/01\/seperator-kleiner-1024x102.png","datePublished":"2024-03-04T16:43:45+00:00","dateModified":"2024-07-10T11:53:25+00:00","breadcrumb":{"@id":"https:\/\/dodo-inflatables.com\/ro\/achizitionati-scivoli-gonflabili-si-castele-gonflabile-in-elvetia\/#breadcrumb"},"inLanguage":"ro-RO","potentialAction":[{"@type":"ReadAction","target":["https:\/\/dodo-inflatables.com\/ro\/achizitionati-scivoli-gonflabili-si-castele-gonflabile-in-elvetia\/"]}]},{"@type":"ImageObject","inLanguage":"ro-RO","@id":"https:\/\/dodo-inflatables.com\/ro\/achizitionati-scivoli-gonflabili-si-castele-gonflabile-in-elvetia\/#primaryimage","url":"https:\/\/dodo-inflatables.com\/wp-content\/uploads\/2022\/01\/seperator-kleiner-1024x102.png","contentUrl":"https:\/\/dodo-inflatables.com\/wp-content\/uploads\/2022\/01\/seperator-kleiner-1024x102.png"},{"@type":"BreadcrumbList","@id":"https:\/\/dodo-inflatables.com\/ro\/achizitionati-scivoli-gonflabili-si-castele-gonflabile-in-elvetia\/#breadcrumb","itemListElement":[{"@type":"ListItem","position":1,"name":"Prima pagin\u0103","item":"https:\/\/dodo-inflatables.com\/ro\/"},{"@type":"ListItem","position":2,"name":"Achizi\u021biona\u021bi scivoli gonflabili \u0219i castele gonflabile \u00een Elve\u021bia"}]},{"@type":"WebSite","@id":"https:\/\/dodo-inflatables.com\/ro\/#website","url":"https:\/\/dodo-inflatables.com\/ro\/","name":"dodo-inflatables.com","description":"Cump\u0103ra\u021bi castele gonflabile \u0219i atrac\u021bii din magazinul nostru.","potentialAction":[{"@type":"SearchAction","target":{"@type":"EntryPoint","urlTemplate":"https:\/\/dodo-inflatables.com\/ro\/?s={search_term_string}"},"query-input":{"@type":"PropertyValueSpecification","valueRequired":true,"valueName":"search_term_string"}}],"inLanguage":"ro-RO"}]}},"uagb_featured_image_src":{"full":false,"thumbnail":false,"medium":false,"medium_large":false,"large":false,"1536x1536":false,"2048x2048":false,"woocommerce_thumbnail":false,"woocommerce_single":false,"woocommerce_gallery_thumbnail":false},"uagb_author_info":{"display_name":"Andreas","author_link":"https:\/\/dodo-inflatables.com\/ro\/author\/andreas\/"},"uagb_comment_info":0,"uagb_excerpt":"Achizi\u021biona\u021bi scivoli gonflabili \u0219i castele gonflabile \u00een Elve\u021bia Benvenuti su Dodo-Inflatables.com, magazinul nostru online de gonflabili din Europa! Immergetevi nella nostra vasta selezione di gonfiabili di alta qualit\u00e0, castelli gonfiabili e scivoli che aggiungono quel qualcosa in pi\u00f9 a qualsiasi occasione. Che si tratti di un grande castello gonfiabile per un evento aziendale, di un&hellip;","_links":{"self":[{"href":"https:\/\/dodo-inflatables.com\/ro\/wp-json\/wp\/v2\/pages\/12168","targetHints":{"allow":["GET"]}}],"collection":[{"href":"https:\/\/dodo-inflatables.com\/ro\/wp-json\/wp\/v2\/pages"}],"about":[{"href":"https:\/\/dodo-inflatables.com\/ro\/wp-json\/wp\/v2\/types\/page"}],"author":[{"embeddable":true,"href":"https:\/\/dodo-inflatables.com\/ro\/wp-json\/wp\/v2\/users\/1"}],"replies":[{"embeddable":true,"href":"https:\/\/dodo-inflatables.com\/ro\/wp-json\/wp\/v2\/comments?post=12168"}],"version-history":[{"count":4,"href":"https:\/\/dodo-inflatables.com\/ro\/wp-json\/wp\/v2\/pages\/12168\/revisions"}],"predecessor-version":[{"id":16379,"href":"https:\/\/dodo-inflatables.com\/ro\/wp-json\/wp\/v2\/pages\/12168\/revisions\/16379"}],"wp:attachment":[{"href":"https:\/\/dodo-inflatables.com\/ro\/wp-json\/wp\/v2\/media?parent=12168"}],"curies":[{"name":"wp","href":"https:\/\/api.w.org\/{rel}","templated":true}]}}