{"id":12207,"date":"2024-03-04T17:37:09","date_gmt":"2024-03-04T16:37:09","guid":{"rendered":"https:\/\/dodo-inflatables.com\/cumparati-tobogane-gonflabile-si-castele-gonflabile-in-elvetia\/"},"modified":"2024-07-10T13:53:33","modified_gmt":"2024-07-10T11:53:33","slug":"cumparati-tobogane-gonflabile-si-castele-gonflabile-in-elvetia","status":"publish","type":"page","link":"https:\/\/dodo-inflatables.com\/ro\/cumparati-tobogane-gonflabile-si-castele-gonflabile-in-elvetia\/","title":{"rendered":"Cump\u0103ra\u021bi tobogane gonflabile \u0219i castele gonflabile \u00een Elve\u021bia"},"content":{"rendered":"\n<h2 class=\"wp-block-heading has-text-align-center\"><strong>Cump\u0103ra\u021bi tobogane gonflabile \u0219i castele gonflabile \u00een Elve\u021bia<\/strong><\/h2>\n\n<figure class=\"wp-block-image aligncenter size-large\"><a href=\"https:\/\/dodo-inflatables.com\/wp-content\/uploads\/2022\/01\/seperator-kleiner.png\"><img loading=\"lazy\" decoding=\"async\" width=\"1024\" height=\"102\" src=\"https:\/\/dodo-inflatables.com\/wp-content\/uploads\/2022\/01\/seperator-kleiner-1024x102.png\" alt=\"\" class=\"wp-image-4026\" srcset=\"https:\/\/dodo-inflatables.com\/wp-content\/uploads\/2022\/01\/seperator-kleiner-1024x102.png 1024w, https:\/\/dodo-inflatables.com\/wp-content\/uploads\/2022\/01\/seperator-kleiner-900x90.png 900w, https:\/\/dodo-inflatables.com\/wp-content\/uploads\/2022\/01\/seperator-kleiner-300x30.png 300w, https:\/\/dodo-inflatables.com\/wp-content\/uploads\/2022\/01\/seperator-kleiner-768x77.png 768w, https:\/\/dodo-inflatables.com\/wp-content\/uploads\/2022\/01\/seperator-kleiner-1536x154.png 1536w, https:\/\/dodo-inflatables.com\/wp-content\/uploads\/2022\/01\/seperator-kleiner-340x34.png 340w, https:\/\/dodo-inflatables.com\/wp-content\/uploads\/2022\/01\/seperator-kleiner.png 2000w\" sizes=\"auto, (max-width: 1024px) 100vw, 1024px\" \/><\/a><\/figure>\n\n<h3 class=\"wp-block-heading has-text-align-center\">Bine a\u021bi venit la Dodo-Inflatables.com &#8211; boutique en ligne de structuri gonflabile \u00een Europa!<\/h3>\n\n<p style=\"font-size:17px\">Plonge\u021bi \u00een vasta noastr\u0103 selec\u021bie de structuri <a href=\"https:\/\/dodo-inflatables.com\/ro\/categorie-produs\/castele-bouncy\/\">gonflabile, castele gonflabile<\/a> \u0219i <a href=\"https:\/\/dodo-inflatables.com\/ro\/categorie-produs\/schimbare\/\">tobogane<\/a> de \u00eenalt\u0103 calitate care vor aduce un mic plus la fiecare eveniment. Que vous cherchiez une grande structure gonflable pour un \u00e9v\u00e9nement d&#8217;entreprise, une petite structure gonflable pour un anniversaire d&#8217;enfant ou une structure gonflable avec toboggan pour une f\u00eate d&#8217;\u00e9t\u00e9, vous trouverez forc\u00e9ment ce qu&#8217;il vous faut chez nous !<\/p>\n\n<p style=\"font-size:17px\">Sortimentul nostru cuprinde nu numai o mare varietate de structuri gonflabile, ci \u0219i un mare num\u0103r de<a href=\"https:\/\/dodo-inflatables.com\/ro\/categorie-produs\/accesorii\/\">accesorii<\/a>, printre care suflantele <a href=\"https:\/\/dodo-inflatables.com\/ro\/produs\/gibbons-blower-fp5005-1-5ps\/\" data-type=\"product\" data-id=\"81\">Gibbons<\/a> \u0219i <a href=\"https:\/\/dodo-inflatables.com\/ro\/produs\/suflanta-huawei-reh-1-5e-1-5ps\/\" data-type=\"product\" data-id=\"2724\">Huawei<\/a> pentru structuri gonflabile.<\/p>\n\n<p style=\"font-size:17px\">Trimiterea unei structuri gonflabile \u0219i a accesoriilor sale \u00een <strong>Elve\u021bia cost\u0103 464,00 EUR<\/strong>. \u00cen cazul \u00een care structura gonflabil\u0103 este \u00een stoc, ea va fi trimis\u0103 imediat dup\u0103 primirea pl\u0103\u021bii tale. La livraison en Suisse dure environ <strong>4 \u00e0 6 jours <\/strong>ouvrables. O preluare a asisten\u021bei medicale este posibil\u0103 \u00een depozitul nostru din M\u00fcnchen, Germania.<\/p>\n\n<p style=\"font-size:17px\">Toate structurile noastre gonflabile r\u0103spund la normele de securitate stricte ale standardului <strong>DIN EN 14960<\/strong> \u0219i sunt adaptate pentru o utilizare privat\u0103 \u0219i profesional\u0103. Dup\u0103 trimiterea structurii gonflabile, ve\u021bi primi un ghid detaliat, precum \u0219i certificatul corespunz\u0103tor noii structuri gonflabile.<\/p>\n\n<p style=\"font-size:17px\">\u00cen calitate de client al unei \u021b\u0103ri care nu este membr\u0103 a UE, pute\u021bi cump\u0103ra la noi f\u0103r\u0103 a pl\u0103ti TVA. Pre\u021burile indicate \u00een magazinul online includ \u00een primul r\u00e2nd TVA-ul german (19%), care va fi apoi redus. Lors de l&#8217;envoi en Suisse, you es consid\u00e9r\u00e9 comme un &#8222;importateur&#8221;. TVA-ul elve\u021bian la import \u0219i taxele de vam\u0103 vor fi, prin urmare, luate \u00een considerare. Costurile noastre de expediere pentru Elve\u021bia includ pre\u021bul transportului, taxa de deducerea \u0219i de stabilire a DAA.<\/p>\n\n<p style=\"font-size:17px\">Fie c\u0103 sunte\u021bi un particular care caut\u0103 o structur\u0103 gonflabil\u0103 pentru urm\u0103toarea voastr\u0103 s\u0103rb\u0103toare a familiei sau c\u0103 sunte\u021bi un proprietar profesionist care dore\u0219te s\u0103-\u0219i extind\u0103 oferta, structurile noastre gonflabile sunt adaptate pentru to\u021bi. De fapt, majoritatea clien\u021bilor no\u0219tri din \u00eentreaga Europ\u0103 sunt proprietari de structuri gonflabile care apreciaz\u0103 produsele noastre pentru evenimente de toate tipurile.<\/p>\n\n<p style=\"font-size:17px\">V\u0103 dorim mult\u0103 pl\u0103cere s\u0103 parcurge\u021bi magazinul nostru online \u0219i v\u0103 st\u0103m la dispozi\u021bie pentru orice \u00eentrebare la adresa <a href=\"mailto:contact@dodo-inflatables.com\">contact@dodo-inflatables.com<\/a>!<\/p>\n\n<div style=\"height:100px\" aria-hidden=\"true\" class=\"wp-block-spacer\"><\/div>\n","protected":false},"excerpt":{"rendered":"<p>Cump\u0103ra\u021bi tobogane gonflabile \u0219i castele gonflabile \u00een Elve\u021bia Bine a\u021bi venit la Dodo-Inflatables.com &#8211; boutique en ligne de structuri gonflabile \u00een Europa! Plonge\u021bi \u00een vasta noastr\u0103 selec\u021bie de structuri gonflabile, castele gonflabile \u0219i tobogane de \u00eenalt\u0103 calitate care vor aduce un mic plus la fiecare eveniment. Que vous cherchiez une grande structure gonflable pour un [&hellip;]<\/p>\n","protected":false},"author":1,"featured_media":0,"parent":0,"menu_order":0,"comment_status":"closed","ping_status":"closed","template":"","meta":{"_acf_changed":false,"_uag_custom_page_level_css":"","site-sidebar-layout":"default","site-content-layout":"","ast-site-content-layout":"normal-width-container","site-content-style":"boxed","site-sidebar-style":"default","ast-global-header-display":"","ast-banner-title-visibility":"","ast-main-header-display":"","ast-hfb-above-header-display":"","ast-hfb-below-header-display":"","ast-hfb-mobile-header-display":"","site-post-title":"","ast-breadcrumbs-content":"","ast-featured-img":"","footer-sml-layout":"","ast-disable-related-posts":"","theme-transparent-header-meta":"","adv-header-id-meta":"4069","stick-header-meta":"","header-above-stick-meta":"","header-main-stick-meta":"","header-below-stick-meta":"","astra-migrate-meta-layouts":"default","ast-page-background-enabled":"default","ast-page-background-meta":{"desktop":{"background-color":"var(--ast-global-color-4)","background-image":"","background-repeat":"repeat","background-position":"center center","background-size":"auto","background-attachment":"scroll","background-type":"","background-media":"","overlay-type":"","overlay-color":"","overlay-opacity":"","overlay-gradient":""},"tablet":{"background-color":"","background-image":"","background-repeat":"repeat","background-position":"center center","background-size":"auto","background-attachment":"scroll","background-type":"","background-media":"","overlay-type":"","overlay-color":"","overlay-opacity":"","overlay-gradient":""},"mobile":{"background-color":"","background-image":"","background-repeat":"repeat","background-position":"center center","background-size":"auto","background-attachment":"scroll","background-type":"","background-media":"","overlay-type":"","overlay-color":"","overlay-opacity":"","overlay-gradient":""}},"ast-content-background-meta":{"desktop":{"background-color":"var(--ast-global-color-5)","background-image":"","background-repeat":"repeat","background-position":"center center","background-size":"auto","background-attachment":"scroll","background-type":"","background-media":"","overlay-type":"","overlay-color":"","overlay-opacity":"","overlay-gradient":""},"tablet":{"background-color":"var(--ast-global-color-5)","background-image":"","background-repeat":"repeat","background-position":"center center","background-size":"auto","background-attachment":"scroll","background-type":"","background-media":"","overlay-type":"","overlay-color":"","overlay-opacity":"","overlay-gradient":""},"mobile":{"background-color":"var(--ast-global-color-5)","background-image":"","background-repeat":"repeat","background-position":"center center","background-size":"auto","background-attachment":"scroll","background-type":"","background-media":"","overlay-type":"","overlay-color":"","overlay-opacity":"","overlay-gradient":""}},"footnotes":""},"class_list":["post-12207","page","type-page","status-publish","hentry"],"acf":[],"yoast_head":"<!-- This site is optimized with the Yoast SEO plugin v27.3 - https:\/\/yoast.com\/product\/yoast-seo-wordpress\/ -->\n<title>Cump\u0103ra\u021bi tobogane gonflabile \u0219i castele gonflabile \u00een Elve\u021bia - dodo-inflatables.com<\/title>\n<meta name=\"robots\" content=\"index, follow, max-snippet:-1, max-image-preview:large, max-video-preview:-1\" \/>\n<link rel=\"canonical\" href=\"https:\/\/dodo-inflatables.com\/ro\/cumparati-tobogane-gonflabile-si-castele-gonflabile-in-elvetia\/\" \/>\n<meta name=\"twitter:label1\" content=\"Timp estimat pentru citire\" \/>\n\t<meta name=\"twitter:data1\" content=\"2 minute\" \/>\n<script type=\"application\/ld+json\" class=\"yoast-schema-graph\">{\"@context\":\"https:\\\/\\\/schema.org\",\"@graph\":[{\"@type\":\"WebPage\",\"@id\":\"https:\\\/\\\/dodo-inflatables.com\\\/ro\\\/cumparati-tobogane-gonflabile-si-castele-gonflabile-in-elvetia\\\/\",\"url\":\"https:\\\/\\\/dodo-inflatables.com\\\/ro\\\/cumparati-tobogane-gonflabile-si-castele-gonflabile-in-elvetia\\\/\",\"name\":\"Cump\u0103ra\u021bi tobogane gonflabile \u0219i castele gonflabile \u00een Elve\u021bia - dodo-inflatables.com\",\"isPartOf\":{\"@id\":\"https:\\\/\\\/dodo-inflatables.com\\\/ro\\\/#website\"},\"primaryImageOfPage\":{\"@id\":\"https:\\\/\\\/dodo-inflatables.com\\\/ro\\\/cumparati-tobogane-gonflabile-si-castele-gonflabile-in-elvetia\\\/#primaryimage\"},\"image\":{\"@id\":\"https:\\\/\\\/dodo-inflatables.com\\\/ro\\\/cumparati-tobogane-gonflabile-si-castele-gonflabile-in-elvetia\\\/#primaryimage\"},\"thumbnailUrl\":\"https:\\\/\\\/dodo-inflatables.com\\\/wp-content\\\/uploads\\\/2022\\\/01\\\/seperator-kleiner-1024x102.png\",\"datePublished\":\"2024-03-04T16:37:09+00:00\",\"dateModified\":\"2024-07-10T11:53:33+00:00\",\"breadcrumb\":{\"@id\":\"https:\\\/\\\/dodo-inflatables.com\\\/ro\\\/cumparati-tobogane-gonflabile-si-castele-gonflabile-in-elvetia\\\/#breadcrumb\"},\"inLanguage\":\"ro-RO\",\"potentialAction\":[{\"@type\":\"ReadAction\",\"target\":[\"https:\\\/\\\/dodo-inflatables.com\\\/ro\\\/cumparati-tobogane-gonflabile-si-castele-gonflabile-in-elvetia\\\/\"]}]},{\"@type\":\"ImageObject\",\"inLanguage\":\"ro-RO\",\"@id\":\"https:\\\/\\\/dodo-inflatables.com\\\/ro\\\/cumparati-tobogane-gonflabile-si-castele-gonflabile-in-elvetia\\\/#primaryimage\",\"url\":\"https:\\\/\\\/dodo-inflatables.com\\\/wp-content\\\/uploads\\\/2022\\\/01\\\/seperator-kleiner-1024x102.png\",\"contentUrl\":\"https:\\\/\\\/dodo-inflatables.com\\\/wp-content\\\/uploads\\\/2022\\\/01\\\/seperator-kleiner-1024x102.png\"},{\"@type\":\"BreadcrumbList\",\"@id\":\"https:\\\/\\\/dodo-inflatables.com\\\/ro\\\/cumparati-tobogane-gonflabile-si-castele-gonflabile-in-elvetia\\\/#breadcrumb\",\"itemListElement\":[{\"@type\":\"ListItem\",\"position\":1,\"name\":\"Prima pagin\u0103\",\"item\":\"https:\\\/\\\/dodo-inflatables.com\\\/ro\\\/\"},{\"@type\":\"ListItem\",\"position\":2,\"name\":\"Cump\u0103ra\u021bi tobogane gonflabile \u0219i castele gonflabile \u00een Elve\u021bia\"}]},{\"@type\":\"WebSite\",\"@id\":\"https:\\\/\\\/dodo-inflatables.com\\\/ro\\\/#website\",\"url\":\"https:\\\/\\\/dodo-inflatables.com\\\/ro\\\/\",\"name\":\"dodo-inflatables.com\",\"description\":\"Cump\u0103ra\u021bi castele gonflabile \u0219i atrac\u021bii din magazinul nostru.\",\"publisher\":{\"@id\":\"https:\\\/\\\/dodo-inflatables.com\\\/ro\\\/#organization\"},\"potentialAction\":[{\"@type\":\"SearchAction\",\"target\":{\"@type\":\"EntryPoint\",\"urlTemplate\":\"https:\\\/\\\/dodo-inflatables.com\\\/ro\\\/?s={search_term_string}\"},\"query-input\":{\"@type\":\"PropertyValueSpecification\",\"valueRequired\":true,\"valueName\":\"search_term_string\"}}],\"inLanguage\":\"ro-RO\"},{\"@type\":\"Organization\",\"@id\":\"https:\\\/\\\/dodo-inflatables.com\\\/ro\\\/#organization\",\"name\":\"dodo-inflatables.com\",\"url\":\"https:\\\/\\\/dodo-inflatables.com\\\/ro\\\/\",\"logo\":{\"@type\":\"ImageObject\",\"inLanguage\":\"ro-RO\",\"@id\":\"https:\\\/\\\/dodo-inflatables.com\\\/ro\\\/#\\\/schema\\\/logo\\\/image\\\/\",\"url\":\"https:\\\/\\\/dodo-inflatables.com\\\/wp-content\\\/uploads\\\/2023\\\/04\\\/cropped-cropped-cropped-Dodo-Logo.png\",\"contentUrl\":\"https:\\\/\\\/dodo-inflatables.com\\\/wp-content\\\/uploads\\\/2023\\\/04\\\/cropped-cropped-cropped-Dodo-Logo.png\",\"width\":2996,\"height\":1545,\"caption\":\"dodo-inflatables.com\"},\"image\":{\"@id\":\"https:\\\/\\\/dodo-inflatables.com\\\/ro\\\/#\\\/schema\\\/logo\\\/image\\\/\"}}]}<\/script>\n<!-- \/ Yoast SEO plugin. -->","yoast_head_json":{"title":"Cump\u0103ra\u021bi tobogane gonflabile \u0219i castele gonflabile \u00een Elve\u021bia - dodo-inflatables.com","robots":{"index":"index","follow":"follow","max-snippet":"max-snippet:-1","max-image-preview":"max-image-preview:large","max-video-preview":"max-video-preview:-1"},"canonical":"https:\/\/dodo-inflatables.com\/ro\/cumparati-tobogane-gonflabile-si-castele-gonflabile-in-elvetia\/","twitter_misc":{"Timp estimat pentru citire":"2 minute"},"schema":{"@context":"https:\/\/schema.org","@graph":[{"@type":"WebPage","@id":"https:\/\/dodo-inflatables.com\/ro\/cumparati-tobogane-gonflabile-si-castele-gonflabile-in-elvetia\/","url":"https:\/\/dodo-inflatables.com\/ro\/cumparati-tobogane-gonflabile-si-castele-gonflabile-in-elvetia\/","name":"Cump\u0103ra\u021bi tobogane gonflabile \u0219i castele gonflabile \u00een Elve\u021bia - dodo-inflatables.com","isPartOf":{"@id":"https:\/\/dodo-inflatables.com\/ro\/#website"},"primaryImageOfPage":{"@id":"https:\/\/dodo-inflatables.com\/ro\/cumparati-tobogane-gonflabile-si-castele-gonflabile-in-elvetia\/#primaryimage"},"image":{"@id":"https:\/\/dodo-inflatables.com\/ro\/cumparati-tobogane-gonflabile-si-castele-gonflabile-in-elvetia\/#primaryimage"},"thumbnailUrl":"https:\/\/dodo-inflatables.com\/wp-content\/uploads\/2022\/01\/seperator-kleiner-1024x102.png","datePublished":"2024-03-04T16:37:09+00:00","dateModified":"2024-07-10T11:53:33+00:00","breadcrumb":{"@id":"https:\/\/dodo-inflatables.com\/ro\/cumparati-tobogane-gonflabile-si-castele-gonflabile-in-elvetia\/#breadcrumb"},"inLanguage":"ro-RO","potentialAction":[{"@type":"ReadAction","target":["https:\/\/dodo-inflatables.com\/ro\/cumparati-tobogane-gonflabile-si-castele-gonflabile-in-elvetia\/"]}]},{"@type":"ImageObject","inLanguage":"ro-RO","@id":"https:\/\/dodo-inflatables.com\/ro\/cumparati-tobogane-gonflabile-si-castele-gonflabile-in-elvetia\/#primaryimage","url":"https:\/\/dodo-inflatables.com\/wp-content\/uploads\/2022\/01\/seperator-kleiner-1024x102.png","contentUrl":"https:\/\/dodo-inflatables.com\/wp-content\/uploads\/2022\/01\/seperator-kleiner-1024x102.png"},{"@type":"BreadcrumbList","@id":"https:\/\/dodo-inflatables.com\/ro\/cumparati-tobogane-gonflabile-si-castele-gonflabile-in-elvetia\/#breadcrumb","itemListElement":[{"@type":"ListItem","position":1,"name":"Prima pagin\u0103","item":"https:\/\/dodo-inflatables.com\/ro\/"},{"@type":"ListItem","position":2,"name":"Cump\u0103ra\u021bi tobogane gonflabile \u0219i castele gonflabile \u00een Elve\u021bia"}]},{"@type":"WebSite","@id":"https:\/\/dodo-inflatables.com\/ro\/#website","url":"https:\/\/dodo-inflatables.com\/ro\/","name":"dodo-inflatables.com","description":"Cump\u0103ra\u021bi castele gonflabile \u0219i atrac\u021bii din magazinul nostru.","publisher":{"@id":"https:\/\/dodo-inflatables.com\/ro\/#organization"},"potentialAction":[{"@type":"SearchAction","target":{"@type":"EntryPoint","urlTemplate":"https:\/\/dodo-inflatables.com\/ro\/?s={search_term_string}"},"query-input":{"@type":"PropertyValueSpecification","valueRequired":true,"valueName":"search_term_string"}}],"inLanguage":"ro-RO"},{"@type":"Organization","@id":"https:\/\/dodo-inflatables.com\/ro\/#organization","name":"dodo-inflatables.com","url":"https:\/\/dodo-inflatables.com\/ro\/","logo":{"@type":"ImageObject","inLanguage":"ro-RO","@id":"https:\/\/dodo-inflatables.com\/ro\/#\/schema\/logo\/image\/","url":"https:\/\/dodo-inflatables.com\/wp-content\/uploads\/2023\/04\/cropped-cropped-cropped-Dodo-Logo.png","contentUrl":"https:\/\/dodo-inflatables.com\/wp-content\/uploads\/2023\/04\/cropped-cropped-cropped-Dodo-Logo.png","width":2996,"height":1545,"caption":"dodo-inflatables.com"},"image":{"@id":"https:\/\/dodo-inflatables.com\/ro\/#\/schema\/logo\/image\/"}}]}},"uagb_featured_image_src":{"full":false,"thumbnail":false,"medium":false,"medium_large":false,"large":false,"1536x1536":false,"2048x2048":false,"woocommerce_thumbnail":false,"woocommerce_single":false,"woocommerce_gallery_thumbnail":false},"uagb_author_info":{"display_name":"Andreas","author_link":"https:\/\/dodo-inflatables.com\/ro\/author\/andreas\/"},"uagb_comment_info":0,"uagb_excerpt":"Cump\u0103ra\u021bi tobogane gonflabile \u0219i castele gonflabile \u00een Elve\u021bia Bine a\u021bi venit la Dodo-Inflatables.com &#8211; boutique en ligne de structuri gonflabile \u00een Europa! Plonge\u021bi \u00een vasta noastr\u0103 selec\u021bie de structuri gonflabile, castele gonflabile \u0219i tobogane de \u00eenalt\u0103 calitate care vor aduce un mic plus la fiecare eveniment. Que vous cherchiez une grande structure gonflable pour un&hellip;","_links":{"self":[{"href":"https:\/\/dodo-inflatables.com\/ro\/wp-json\/wp\/v2\/pages\/12207","targetHints":{"allow":["GET"]}}],"collection":[{"href":"https:\/\/dodo-inflatables.com\/ro\/wp-json\/wp\/v2\/pages"}],"about":[{"href":"https:\/\/dodo-inflatables.com\/ro\/wp-json\/wp\/v2\/types\/page"}],"author":[{"embeddable":true,"href":"https:\/\/dodo-inflatables.com\/ro\/wp-json\/wp\/v2\/users\/1"}],"replies":[{"embeddable":true,"href":"https:\/\/dodo-inflatables.com\/ro\/wp-json\/wp\/v2\/comments?post=12207"}],"version-history":[{"count":4,"href":"https:\/\/dodo-inflatables.com\/ro\/wp-json\/wp\/v2\/pages\/12207\/revisions"}],"predecessor-version":[{"id":16395,"href":"https:\/\/dodo-inflatables.com\/ro\/wp-json\/wp\/v2\/pages\/12207\/revisions\/16395"}],"wp:attachment":[{"href":"https:\/\/dodo-inflatables.com\/ro\/wp-json\/wp\/v2\/media?parent=12207"}],"curies":[{"name":"wp","href":"https:\/\/api.w.org\/{rel}","templated":true}]}}