{"id":12212,"date":"2024-03-01T20:28:39","date_gmt":"2024-03-01T19:28:39","guid":{"rendered":"https:\/\/dodo-inflatables.com\/aufblasbare-rutschen-und-hupfburgen-kaufen-in-der-schweiz\/"},"modified":"2024-07-10T13:51:57","modified_gmt":"2024-07-10T11:51:57","slug":"aufblasbare-rutschen-und-hupfburgen-kaufen-in-der-schweiz","status":"publish","type":"page","link":"https:\/\/dodo-inflatables.com\/ro\/aufblasbare-rutschen-und-hupfburgen-kaufen-in-der-schweiz\/","title":{"rendered":"Aufblasbare Rutschen und H\u00fcpfburgen kaufen in der Schweiz"},"content":{"rendered":"\n<h2 class=\"wp-block-heading has-text-align-center\"><strong>Aufblasbare Rutschen und H\u00fcpfburgen kaufen in der Schweiz<\/strong><\/h2>\n\n<figure class=\"wp-block-image aligncenter size-large\"><a href=\"https:\/\/dodo-inflatables.com\/wp-content\/uploads\/2022\/01\/seperator-kleiner.png\"><img fetchpriority=\"high\" decoding=\"async\" width=\"1024\" height=\"102\" src=\"https:\/\/dodo-inflatables.com\/wp-content\/uploads\/2022\/01\/seperator-kleiner-1024x102.png\" alt=\"\" class=\"wp-image-4026\" srcset=\"https:\/\/dodo-inflatables.com\/wp-content\/uploads\/2022\/01\/seperator-kleiner-1024x102.png 1024w, https:\/\/dodo-inflatables.com\/wp-content\/uploads\/2022\/01\/seperator-kleiner-900x90.png 900w, https:\/\/dodo-inflatables.com\/wp-content\/uploads\/2022\/01\/seperator-kleiner-300x30.png 300w, https:\/\/dodo-inflatables.com\/wp-content\/uploads\/2022\/01\/seperator-kleiner-768x77.png 768w, https:\/\/dodo-inflatables.com\/wp-content\/uploads\/2022\/01\/seperator-kleiner-1536x154.png 1536w, https:\/\/dodo-inflatables.com\/wp-content\/uploads\/2022\/01\/seperator-kleiner-340x34.png 340w, https:\/\/dodo-inflatables.com\/wp-content\/uploads\/2022\/01\/seperator-kleiner.png 2000w\" sizes=\"(max-width: 1024px) 100vw, 1024px\" \/><\/a><\/figure>\n\n<h3 class=\"wp-block-heading has-text-align-center\">Willkommen bei Dodo-Inflatables.com &#8211; unserem Online-Shop f\u00fcr H\u00fcpfburgen in Europa!<\/h3>\n\n<div style=\"height:45px\" aria-hidden=\"true\" class=\"wp-block-spacer\"><\/div>\n\n<p style=\"font-size:17px\">Tauche ein in unsere umfangreiche Auswahl an hochwertigen H\u00fcpfburgen, <a href=\"https:\/\/dodo-inflatables.com\/ro\/categorie-produs\/castele-bouncy\/\">aufblasbaren Schl\u00f6ssern<\/a> und <a href=\"https:\/\/dodo-inflatables.com\/ro\/categorie-produs\/schimbare\/\">Rutschen<\/a>, die jedem Anlass das gewisse Extra verleihen. Fie c\u0103 dori\u021bi un H\u00fcpfschloss mare pentru un eveniment de firm\u0103, un H\u00fcpfburg mic pentru o s\u0103rb\u0103toare a copiilor sau un H\u00fcpfburg cu rufe pentru o petrecere de var\u0103 &#8211; la noi g\u0103si\u021bi garantat succesul!<\/p>\n\n<p style=\"font-size:17px\">Sortimentul nostru nu cuprinde doar o gam\u0103 variat\u0103 de obiecte, ci \u0219i o palet\u0103 scurt\u0103 de <a href=\"https:\/\/dodo-inflatables.com\/ro\/categorie-produs\/accesorii\/\">accesorii<\/a>, printre care <a href=\"https:\/\/dodo-inflatables.com\/ro\/produs\/gibbons-blower-fp5005-1-5ps\/\">Gibbons<\/a> \u0219i <a href=\"https:\/\/dodo-inflatables.com\/ro\/produs\/suflanta-huawei-reh-1-5e-1-5ps\/\">Huawei<\/a> Gebl\u00e4se f\u00fcr H\u00fcpfburgen.<\/p>\n\n<p style=\"font-size:17px\">Versand einer H\u00fcpfburg und des entsprechenden Zubeh\u00f6rs in die <strong>Schweiz kostet 464,00\u20ac<\/strong>. \u00cen cazul \u00een care H\u00fcpfschloss se afl\u0103 pe un vagon, va fi returnat imediat dup\u0103 plata taxei de v\u00e2nzare. Die Lieferung in die Schweiz dauert ca. <strong>4 &#8211; 6 Werktage<\/strong>. Eine Selbstabholung ist in unserem Lager in M\u00fcnchen, Deutschland m\u00f6glich.<\/p>\n\n<p style=\"font-size:17px\">Alle unsere H\u00fcpfburgen entsprechen den strengen Sicherheitsstandards der <strong>DIN EN 14960<\/strong> und sind f\u00fcr den privaten und gewerblichen Gebrauch geeignet. Du erh\u00e4ltstst nach dem Versand der H\u00fcpfburg einen <strong>detaillierten Leitfaden<\/strong> sowie das entsprechende <strong>Zertifikat<\/strong> f\u00fcr deine neue H\u00fcpfburg.<\/p>\n\n<p style=\"font-size:17px\">Als Kunde aus einem Nicht-EU-Land kannst du bei uns <strong>mehrwertsteuerfrei<\/strong> einkaufen. Die im Online-Shop genannten Preise beinhalten zun\u00e4chst die deutsche Mehrwertsteuer (19%), diese werden dir dann abgezogen. Beim Versand in die Schweiz giltst du als &#8222;Importeur&#8221;. Dir wird also die Schweizer Einfuhrumsatzsteuer sowie die Einfuhrzollkosten in Rechnung gestellt. \u00cen ofertele noastre de livrare pentru Elve\u021bia sunt incluse frachtpreisul, taxa de livrare, precum \u0219i taxa ABD.<\/p>\n\n<p style=\"font-size:17px\">Fie c\u0103 sunte\u021bi o persoan\u0103 particular\u0103 \u0219i dori\u021bi un castel pentru a v\u0103 bucura de o nou\u0103 s\u0103rb\u0103toare a familiei, fie c\u0103 sunte\u021bi un manager de afaceri, care dore\u0219te s\u0103 \u00ee\u0219i \u00eembun\u0103t\u0103\u021beasc\u0103 oferta &#8211; casele noastre sunt potrivite pentru oricine. Tats\u00e4chlich sind die meisten unserer Kunden in ganz Europa H\u00fcpfburgenvermieter, die unsere Produkte f\u00fcr Veranstaltungen jeder Gr\u00f6\u00dfe sch\u00e4tzen.<\/p>\n\n<p style=\"font-size:17px\">V\u0103 dorim mult succes la cump\u0103r\u0103turi \u00een magazinul nostru online \u0219i v\u0103 rug\u0103m s\u0103 ne contacta\u021bi pentru \u00eentreb\u0103ri \u0219i r\u0103spunsuri la <a href=\"mailto:contact@dodo-inflatables.com\">contact@dodo-inflatables.com<\/a>!<\/p>\n\n<div style=\"height:45px\" aria-hidden=\"true\" class=\"wp-block-spacer\"><\/div>\n","protected":false},"excerpt":{"rendered":"<p>Aufblasbare Rutschen und H\u00fcpfburgen kaufen in der Schweiz Willkommen bei Dodo-Inflatables.com &#8211; unserem Online-Shop f\u00fcr H\u00fcpfburgen in Europa! Tauche ein in unsere umfangreiche Auswahl an hochwertigen H\u00fcpfburgen, aufblasbaren Schl\u00f6ssern und Rutschen, die jedem Anlass das gewisse Extra verleihen. Fie c\u0103 dori\u021bi un H\u00fcpfschloss mare pentru un eveniment de firm\u0103, un H\u00fcpfburg mic pentru o s\u0103rb\u0103toare [&hellip;]<\/p>\n","protected":false},"author":1,"featured_media":0,"parent":0,"menu_order":0,"comment_status":"closed","ping_status":"closed","template":"","meta":{"_acf_changed":false,"_uag_custom_page_level_css":"","site-sidebar-layout":"default","site-content-layout":"","ast-site-content-layout":"normal-width-container","site-content-style":"boxed","site-sidebar-style":"default","ast-global-header-display":"","ast-banner-title-visibility":"","ast-main-header-display":"","ast-hfb-above-header-display":"","ast-hfb-below-header-display":"","ast-hfb-mobile-header-display":"","site-post-title":"","ast-breadcrumbs-content":"","ast-featured-img":"","footer-sml-layout":"","ast-disable-related-posts":"","theme-transparent-header-meta":"","adv-header-id-meta":"4069","stick-header-meta":"","header-above-stick-meta":"","header-main-stick-meta":"","header-below-stick-meta":"","astra-migrate-meta-layouts":"default","ast-page-background-enabled":"default","ast-page-background-meta":{"desktop":{"background-color":"var(--ast-global-color-4)","background-image":"","background-repeat":"repeat","background-position":"center center","background-size":"auto","background-attachment":"scroll","background-type":"","background-media":"","overlay-type":"","overlay-color":"","overlay-opacity":"","overlay-gradient":""},"tablet":{"background-color":"","background-image":"","background-repeat":"repeat","background-position":"center center","background-size":"auto","background-attachment":"scroll","background-type":"","background-media":"","overlay-type":"","overlay-color":"","overlay-opacity":"","overlay-gradient":""},"mobile":{"background-color":"","background-image":"","background-repeat":"repeat","background-position":"center center","background-size":"auto","background-attachment":"scroll","background-type":"","background-media":"","overlay-type":"","overlay-color":"","overlay-opacity":"","overlay-gradient":""}},"ast-content-background-meta":{"desktop":{"background-color":"var(--ast-global-color-5)","background-image":"","background-repeat":"repeat","background-position":"center center","background-size":"auto","background-attachment":"scroll","background-type":"","background-media":"","overlay-type":"","overlay-color":"","overlay-opacity":"","overlay-gradient":""},"tablet":{"background-color":"var(--ast-global-color-5)","background-image":"","background-repeat":"repeat","background-position":"center center","background-size":"auto","background-attachment":"scroll","background-type":"","background-media":"","overlay-type":"","overlay-color":"","overlay-opacity":"","overlay-gradient":""},"mobile":{"background-color":"var(--ast-global-color-5)","background-image":"","background-repeat":"repeat","background-position":"center center","background-size":"auto","background-attachment":"scroll","background-type":"","background-media":"","overlay-type":"","overlay-color":"","overlay-opacity":"","overlay-gradient":""}},"footnotes":""},"class_list":["post-12212","page","type-page","status-publish","hentry"],"acf":[],"yoast_head":"<!-- This site is optimized with the Yoast SEO plugin v27.5 - https:\/\/yoast.com\/product\/yoast-seo-wordpress\/ -->\n<title>Aufblasbare Rutschen und H\u00fcpfburgen kaufen in der Schweiz - dodo-inflatables.com<\/title>\n<meta name=\"robots\" content=\"index, follow, max-snippet:-1, max-image-preview:large, max-video-preview:-1\" \/>\n<link rel=\"canonical\" href=\"https:\/\/dodo-inflatables.com\/ro\/aufblasbare-rutschen-und-hupfburgen-kaufen-in-der-schweiz\/\" \/>\n<meta name=\"twitter:label1\" content=\"Timp estimat pentru citire\" \/>\n\t<meta name=\"twitter:data1\" content=\"2 minute\" \/>\n<script type=\"application\/ld+json\" class=\"yoast-schema-graph\">{\"@context\":\"https:\\\/\\\/schema.org\",\"@graph\":[{\"@type\":\"WebPage\",\"@id\":\"https:\\\/\\\/dodo-inflatables.com\\\/ro\\\/aufblasbare-rutschen-und-hupfburgen-kaufen-in-der-schweiz\\\/\",\"url\":\"https:\\\/\\\/dodo-inflatables.com\\\/ro\\\/aufblasbare-rutschen-und-hupfburgen-kaufen-in-der-schweiz\\\/\",\"name\":\"Aufblasbare Rutschen und H\u00fcpfburgen kaufen in der Schweiz - dodo-inflatables.com\",\"isPartOf\":{\"@id\":\"https:\\\/\\\/dodo-inflatables.com\\\/ro\\\/#website\"},\"primaryImageOfPage\":{\"@id\":\"https:\\\/\\\/dodo-inflatables.com\\\/ro\\\/aufblasbare-rutschen-und-hupfburgen-kaufen-in-der-schweiz\\\/#primaryimage\"},\"image\":{\"@id\":\"https:\\\/\\\/dodo-inflatables.com\\\/ro\\\/aufblasbare-rutschen-und-hupfburgen-kaufen-in-der-schweiz\\\/#primaryimage\"},\"thumbnailUrl\":\"https:\\\/\\\/dodo-inflatables.com\\\/wp-content\\\/uploads\\\/2022\\\/01\\\/seperator-kleiner-1024x102.png\",\"datePublished\":\"2024-03-01T19:28:39+00:00\",\"dateModified\":\"2024-07-10T11:51:57+00:00\",\"breadcrumb\":{\"@id\":\"https:\\\/\\\/dodo-inflatables.com\\\/ro\\\/aufblasbare-rutschen-und-hupfburgen-kaufen-in-der-schweiz\\\/#breadcrumb\"},\"inLanguage\":\"ro-RO\",\"potentialAction\":[{\"@type\":\"ReadAction\",\"target\":[\"https:\\\/\\\/dodo-inflatables.com\\\/ro\\\/aufblasbare-rutschen-und-hupfburgen-kaufen-in-der-schweiz\\\/\"]}]},{\"@type\":\"ImageObject\",\"inLanguage\":\"ro-RO\",\"@id\":\"https:\\\/\\\/dodo-inflatables.com\\\/ro\\\/aufblasbare-rutschen-und-hupfburgen-kaufen-in-der-schweiz\\\/#primaryimage\",\"url\":\"https:\\\/\\\/dodo-inflatables.com\\\/wp-content\\\/uploads\\\/2022\\\/01\\\/seperator-kleiner-1024x102.png\",\"contentUrl\":\"https:\\\/\\\/dodo-inflatables.com\\\/wp-content\\\/uploads\\\/2022\\\/01\\\/seperator-kleiner-1024x102.png\"},{\"@type\":\"BreadcrumbList\",\"@id\":\"https:\\\/\\\/dodo-inflatables.com\\\/ro\\\/aufblasbare-rutschen-und-hupfburgen-kaufen-in-der-schweiz\\\/#breadcrumb\",\"itemListElement\":[{\"@type\":\"ListItem\",\"position\":1,\"name\":\"Prima pagin\u0103\",\"item\":\"https:\\\/\\\/dodo-inflatables.com\\\/ro\\\/\"},{\"@type\":\"ListItem\",\"position\":2,\"name\":\"Aufblasbare Rutschen und H\u00fcpfburgen kaufen in der Schweiz\"}]},{\"@type\":\"WebSite\",\"@id\":\"https:\\\/\\\/dodo-inflatables.com\\\/ro\\\/#website\",\"url\":\"https:\\\/\\\/dodo-inflatables.com\\\/ro\\\/\",\"name\":\"dodo-inflatables.com\",\"description\":\"Cump\u0103ra\u021bi castele gonflabile \u0219i atrac\u021bii din magazinul nostru.\",\"potentialAction\":[{\"@type\":\"SearchAction\",\"target\":{\"@type\":\"EntryPoint\",\"urlTemplate\":\"https:\\\/\\\/dodo-inflatables.com\\\/ro\\\/?s={search_term_string}\"},\"query-input\":{\"@type\":\"PropertyValueSpecification\",\"valueRequired\":true,\"valueName\":\"search_term_string\"}}],\"inLanguage\":\"ro-RO\"}]}<\/script>\n<!-- \/ Yoast SEO plugin. -->","yoast_head_json":{"title":"Aufblasbare Rutschen und H\u00fcpfburgen kaufen in der Schweiz - dodo-inflatables.com","robots":{"index":"index","follow":"follow","max-snippet":"max-snippet:-1","max-image-preview":"max-image-preview:large","max-video-preview":"max-video-preview:-1"},"canonical":"https:\/\/dodo-inflatables.com\/ro\/aufblasbare-rutschen-und-hupfburgen-kaufen-in-der-schweiz\/","twitter_misc":{"Timp estimat pentru citire":"2 minute"},"schema":{"@context":"https:\/\/schema.org","@graph":[{"@type":"WebPage","@id":"https:\/\/dodo-inflatables.com\/ro\/aufblasbare-rutschen-und-hupfburgen-kaufen-in-der-schweiz\/","url":"https:\/\/dodo-inflatables.com\/ro\/aufblasbare-rutschen-und-hupfburgen-kaufen-in-der-schweiz\/","name":"Aufblasbare Rutschen und H\u00fcpfburgen kaufen in der Schweiz - dodo-inflatables.com","isPartOf":{"@id":"https:\/\/dodo-inflatables.com\/ro\/#website"},"primaryImageOfPage":{"@id":"https:\/\/dodo-inflatables.com\/ro\/aufblasbare-rutschen-und-hupfburgen-kaufen-in-der-schweiz\/#primaryimage"},"image":{"@id":"https:\/\/dodo-inflatables.com\/ro\/aufblasbare-rutschen-und-hupfburgen-kaufen-in-der-schweiz\/#primaryimage"},"thumbnailUrl":"https:\/\/dodo-inflatables.com\/wp-content\/uploads\/2022\/01\/seperator-kleiner-1024x102.png","datePublished":"2024-03-01T19:28:39+00:00","dateModified":"2024-07-10T11:51:57+00:00","breadcrumb":{"@id":"https:\/\/dodo-inflatables.com\/ro\/aufblasbare-rutschen-und-hupfburgen-kaufen-in-der-schweiz\/#breadcrumb"},"inLanguage":"ro-RO","potentialAction":[{"@type":"ReadAction","target":["https:\/\/dodo-inflatables.com\/ro\/aufblasbare-rutschen-und-hupfburgen-kaufen-in-der-schweiz\/"]}]},{"@type":"ImageObject","inLanguage":"ro-RO","@id":"https:\/\/dodo-inflatables.com\/ro\/aufblasbare-rutschen-und-hupfburgen-kaufen-in-der-schweiz\/#primaryimage","url":"https:\/\/dodo-inflatables.com\/wp-content\/uploads\/2022\/01\/seperator-kleiner-1024x102.png","contentUrl":"https:\/\/dodo-inflatables.com\/wp-content\/uploads\/2022\/01\/seperator-kleiner-1024x102.png"},{"@type":"BreadcrumbList","@id":"https:\/\/dodo-inflatables.com\/ro\/aufblasbare-rutschen-und-hupfburgen-kaufen-in-der-schweiz\/#breadcrumb","itemListElement":[{"@type":"ListItem","position":1,"name":"Prima pagin\u0103","item":"https:\/\/dodo-inflatables.com\/ro\/"},{"@type":"ListItem","position":2,"name":"Aufblasbare Rutschen und H\u00fcpfburgen kaufen in der Schweiz"}]},{"@type":"WebSite","@id":"https:\/\/dodo-inflatables.com\/ro\/#website","url":"https:\/\/dodo-inflatables.com\/ro\/","name":"dodo-inflatables.com","description":"Cump\u0103ra\u021bi castele gonflabile \u0219i atrac\u021bii din magazinul nostru.","potentialAction":[{"@type":"SearchAction","target":{"@type":"EntryPoint","urlTemplate":"https:\/\/dodo-inflatables.com\/ro\/?s={search_term_string}"},"query-input":{"@type":"PropertyValueSpecification","valueRequired":true,"valueName":"search_term_string"}}],"inLanguage":"ro-RO"}]}},"uagb_featured_image_src":{"full":false,"thumbnail":false,"medium":false,"medium_large":false,"large":false,"1536x1536":false,"2048x2048":false,"woocommerce_thumbnail":false,"woocommerce_single":false,"woocommerce_gallery_thumbnail":false},"uagb_author_info":{"display_name":"Andreas","author_link":"https:\/\/dodo-inflatables.com\/ro\/author\/andreas\/"},"uagb_comment_info":0,"uagb_excerpt":"Aufblasbare Rutschen und H\u00fcpfburgen kaufen in der Schweiz Willkommen bei Dodo-Inflatables.com &#8211; unserem Online-Shop f\u00fcr H\u00fcpfburgen in Europa! Tauche ein in unsere umfangreiche Auswahl an hochwertigen H\u00fcpfburgen, aufblasbaren Schl\u00f6ssern und Rutschen, die jedem Anlass das gewisse Extra verleihen. Fie c\u0103 dori\u021bi un H\u00fcpfschloss mare pentru un eveniment de firm\u0103, un H\u00fcpfburg mic pentru o s\u0103rb\u0103toare&hellip;","_links":{"self":[{"href":"https:\/\/dodo-inflatables.com\/ro\/wp-json\/wp\/v2\/pages\/12212","targetHints":{"allow":["GET"]}}],"collection":[{"href":"https:\/\/dodo-inflatables.com\/ro\/wp-json\/wp\/v2\/pages"}],"about":[{"href":"https:\/\/dodo-inflatables.com\/ro\/wp-json\/wp\/v2\/types\/page"}],"author":[{"embeddable":true,"href":"https:\/\/dodo-inflatables.com\/ro\/wp-json\/wp\/v2\/users\/1"}],"replies":[{"embeddable":true,"href":"https:\/\/dodo-inflatables.com\/ro\/wp-json\/wp\/v2\/comments?post=12212"}],"version-history":[{"count":4,"href":"https:\/\/dodo-inflatables.com\/ro\/wp-json\/wp\/v2\/pages\/12212\/revisions"}],"predecessor-version":[{"id":16259,"href":"https:\/\/dodo-inflatables.com\/ro\/wp-json\/wp\/v2\/pages\/12212\/revisions\/16259"}],"wp:attachment":[{"href":"https:\/\/dodo-inflatables.com\/ro\/wp-json\/wp\/v2\/media?parent=12212"}],"curies":[{"name":"wp","href":"https:\/\/api.w.org\/{rel}","templated":true}]}}