{"id":12246,"date":"2024-03-01T20:02:30","date_gmt":"2024-03-01T19:02:30","guid":{"rendered":"https:\/\/dodo-inflatables.com\/cumparati-tobogane-gonflabile-si-castele-gonflabile-in-marea-britanie\/"},"modified":"2026-04-29T15:14:54","modified_gmt":"2026-04-29T13:14:54","slug":"cumparati-castele-gonflabile-si-tobogane-gonflabile-in-romania","status":"publish","type":"page","link":"https:\/\/dodo-inflatables.com\/ro\/cumparati-castele-gonflabile-si-tobogane-gonflabile-in-romania\/","title":{"rendered":"Cump\u0103ra\u021bi castele gonflabile \u0219i tobogane gonflabile \u00een Rom\u00e2nia"},"content":{"rendered":"\n<h2 class=\"wp-block-heading has-text-align-center\">Cump\u0103ra\u021bi castele gonflabile \u0219i tobogane gonflabile \u00een Rom\u00e2nia<\/h2>\n\n<figure class=\"wp-block-image aligncenter size-large\"><a href=\"https:\/\/dodo-inflatables.com\/wp-content\/uploads\/2022\/01\/seperator-kleiner.png\"><img fetchpriority=\"high\" decoding=\"async\" width=\"1024\" height=\"102\" src=\"https:\/\/dodo-inflatables.com\/wp-content\/uploads\/2022\/01\/seperator-kleiner-1024x102.png\" alt=\"\" class=\"wp-image-4026\" srcset=\"https:\/\/dodo-inflatables.com\/wp-content\/uploads\/2022\/01\/seperator-kleiner-1024x102.png 1024w, https:\/\/dodo-inflatables.com\/wp-content\/uploads\/2022\/01\/seperator-kleiner-900x90.png 900w, https:\/\/dodo-inflatables.com\/wp-content\/uploads\/2022\/01\/seperator-kleiner-300x30.png 300w, https:\/\/dodo-inflatables.com\/wp-content\/uploads\/2022\/01\/seperator-kleiner-768x77.png 768w, https:\/\/dodo-inflatables.com\/wp-content\/uploads\/2022\/01\/seperator-kleiner-1536x154.png 1536w, https:\/\/dodo-inflatables.com\/wp-content\/uploads\/2022\/01\/seperator-kleiner-340x34.png 340w, https:\/\/dodo-inflatables.com\/wp-content\/uploads\/2022\/01\/seperator-kleiner.png 2000w\" sizes=\"(max-width: 1024px) 100vw, 1024px\" \/><\/a><\/figure>\n\n<h3 class=\"wp-block-heading has-text-align-center\">Bine a\u021bi venit la Dodo-Inflatables.com &#8211; magazinul nostru online pentru gonflabile \u00een Europa!<\/h3>\n\n<div style=\"height:45px\" aria-hidden=\"true\" class=\"wp-block-spacer\"><\/div>\n\n<p style=\"font-size:17px\">Cufunda\u021bi-v\u0103 \u00een selec\u021bia noastr\u0103 extins\u0103 de gonflabile, <a href=\"https:\/\/dodo-inflatables.com\/product-category\/bouncy-castles\/\" data-type=\"link\" data-id=\"https:\/\/dodo-inflatables.com\/product-category\/bouncy-castles\/\">castele gonflabile<\/a> \u0219i <a href=\"https:\/\/dodo-inflatables.com\/product-category\/slides\/\" data-type=\"link\" data-id=\"https:\/\/dodo-inflatables.com\/product-category\/slides\/\">tobogane<\/a> de \u00eenalt\u0103 calitate, care vor ad\u0103uga un plus la orice ocazie. Fie c\u0103 sunte\u021bi \u00een c\u0103utarea unui castel gonflabil mare pentru un eveniment corporativ, o cas\u0103 mic\u0103 pentru o petrecere de aniversare a copiilor sau un castel de s\u0103rituri cu tobogan pentru o petrecere de var\u0103, ve\u021bi g\u0103si cu siguran\u021b\u0103 ceva potrivit aici!<\/p>\n\n<p style=\"font-size:17px\">Gama noastr\u0103 nu include doar o varietate de castele gonflabile, ci \u0219i o gam\u0103 larg\u0103 de <a href=\"https:\/\/dodo-inflatables.com\/product-category\/accessories\/\" data-type=\"link\" data-id=\"https:\/\/dodo-inflatables.com\/product-category\/accessories\/\">accesorii<\/a>, inclusiv <a href=\"https:\/\/dodo-inflatables.com\/ro\/produs\/gibbons-blower-fp5005-1-5ps\/\" data-type=\"product\" data-id=\"81\">Gibbons<\/a> \u0219i suflante <a href=\"https:\/\/dodo-inflatables.com\/ro\/produs\/suflanta-huawei-reh-1-5e-1-5ps\/\" data-type=\"product\" data-id=\"2724\">Huawei<\/a> pentru castelele gonflabile.<\/p>\n\n<p style=\"font-size:17px\">Expedierea unui castel gonflabil \u0219i a accesoriilor <strong>\u00een Anglia cost\u0103 339,00 EUR<\/strong>. Dac\u0103 ave\u021bi nevoie doar de accesorii, expedierea unui colet cost\u0103 29,00 EUR.<\/p>\n\n<p style=\"font-size:17px\">\u00cen cazul \u00een care gonflabilul este \u00een stoc, acesta va fi expediat imediat dup\u0103 primirea pl\u0103\u021bii. Livrarea \u00een Regatul Unit dureaz\u0103 aproximativ <strong>4 &#8211; 6 zile lucr\u0103toare<\/strong>. Este posibil\u0103 autocolectarea de la depozitul nostru din <strong>M\u00fcnchen, Germania<\/strong>.<\/p>\n\n<p style=\"font-size:17px\">Toate gonflabilele noastre respect\u0103 standardele stricte de siguran\u021b\u0103 <strong>DIN EN 14960 <\/strong>\u0219i sunt potrivite pentru uz privat \u0219i comercial. Ve\u021bi primi un <strong>ghid detaliat <\/strong>\u0219i<strong> certificatul corespunz\u0103tor <\/strong>pentru noua dvs. gonflabil\u0103 dup\u0103 ce aceasta a fost expediat\u0103.<\/p>\n\n<p style=\"font-size:17px\">\u00cen calitate de client dintr-o \u021bar\u0103 din afara UE, pute\u021bi cump\u0103ra de la noi <strong>f\u0103r\u0103 TVA<\/strong>. Pre\u021burile indicate \u00een magazinul online includ ini\u021bial TVA-ul german (19%), care va fi apoi dedus. Atunci c\u00e2nd livra\u021bi \u00een Regatul Unit, sunte\u021bi considerat &#8222;importator&#8221;. Prin urmare, vi se vor percepe taxele de v\u00e2nzare \u0219i taxele de import. Costurile noastre de expediere c\u0103tre Regatul Unit includ pre\u021bul transportului, v\u0103muirea \u0219i preg\u0103tirea documentului de validare a comenzii.<\/p>\n\n<p style=\"font-size:17px\">Fie c\u0103 sunte\u021bi un utilizator privat care caut\u0103 un castel gonflabil pentru urm\u0103toarea petrecere de familie sau o companie de \u00eenchiriere comercial\u0103 care dore\u0219te s\u0103 \u00ee\u0219i extind\u0103 gama, castelele noastre gonflabile sunt potrivite pentru toat\u0103 lumea. De fapt, cei mai mul\u021bi dintre clien\u021bii no\u0219tri din Europa sunt companii de \u00eenchiriere de castele gonflabile care apreciaz\u0103 produsele noastre pentru evenimente de toate dimensiunile.<\/p>\n\n<p style=\"font-size:17px\">Sper\u0103m s\u0103 v\u0103 bucura\u021bi de navigarea prin magazinul nostru online \u0219i v\u0103 vom r\u0103spunde cu pl\u0103cere la orice \u00eentrebare pe care o ave\u021bi la <a href=\"mailto:contact@dodo-inflatables.com\">contact@dodo-inflatables.com!<\/a><\/p>\n\n<div style=\"height:45px\" aria-hidden=\"true\" class=\"wp-block-spacer\"><\/div>\n","protected":false},"excerpt":{"rendered":"<p>Cump\u0103ra\u021bi castele gonflabile \u0219i tobogane gonflabile \u00een Rom\u00e2nia Bine a\u021bi venit la Dodo-Inflatables.com &#8211; magazinul nostru online pentru gonflabile \u00een Europa! Cufunda\u021bi-v\u0103 \u00een selec\u021bia noastr\u0103 extins\u0103 de gonflabile, castele gonflabile \u0219i tobogane de \u00eenalt\u0103 calitate, care vor ad\u0103uga un plus la orice ocazie. Fie c\u0103 sunte\u021bi \u00een c\u0103utarea unui castel gonflabil mare pentru un eveniment [&hellip;]<\/p>\n","protected":false},"author":1,"featured_media":0,"parent":0,"menu_order":0,"comment_status":"closed","ping_status":"closed","template":"","meta":{"_acf_changed":false,"_uag_custom_page_level_css":"","site-sidebar-layout":"default","site-content-layout":"","ast-site-content-layout":"default","site-content-style":"boxed","site-sidebar-style":"default","ast-global-header-display":"","ast-banner-title-visibility":"","ast-main-header-display":"","ast-hfb-above-header-display":"","ast-hfb-below-header-display":"","ast-hfb-mobile-header-display":"","site-post-title":"","ast-breadcrumbs-content":"","ast-featured-img":"","footer-sml-layout":"","ast-disable-related-posts":"","theme-transparent-header-meta":"","adv-header-id-meta":"4069","stick-header-meta":"","header-above-stick-meta":"","header-main-stick-meta":"","header-below-stick-meta":"","astra-migrate-meta-layouts":"default","ast-page-background-enabled":"default","ast-page-background-meta":{"desktop":{"background-color":"var(--ast-global-color-4)","background-image":"","background-repeat":"repeat","background-position":"center center","background-size":"auto","background-attachment":"scroll","background-type":"","background-media":"","overlay-type":"","overlay-color":"","overlay-opacity":"","overlay-gradient":""},"tablet":{"background-color":"","background-image":"","background-repeat":"repeat","background-position":"center center","background-size":"auto","background-attachment":"scroll","background-type":"","background-media":"","overlay-type":"","overlay-color":"","overlay-opacity":"","overlay-gradient":""},"mobile":{"background-color":"","background-image":"","background-repeat":"repeat","background-position":"center center","background-size":"auto","background-attachment":"scroll","background-type":"","background-media":"","overlay-type":"","overlay-color":"","overlay-opacity":"","overlay-gradient":""}},"ast-content-background-meta":{"desktop":{"background-color":"var(--ast-global-color-5)","background-image":"","background-repeat":"repeat","background-position":"center center","background-size":"auto","background-attachment":"scroll","background-type":"","background-media":"","overlay-type":"","overlay-color":"","overlay-opacity":"","overlay-gradient":""},"tablet":{"background-color":"var(--ast-global-color-5)","background-image":"","background-repeat":"repeat","background-position":"center center","background-size":"auto","background-attachment":"scroll","background-type":"","background-media":"","overlay-type":"","overlay-color":"","overlay-opacity":"","overlay-gradient":""},"mobile":{"background-color":"var(--ast-global-color-5)","background-image":"","background-repeat":"repeat","background-position":"center center","background-size":"auto","background-attachment":"scroll","background-type":"","background-media":"","overlay-type":"","overlay-color":"","overlay-opacity":"","overlay-gradient":""}},"footnotes":""},"class_list":["post-12246","page","type-page","status-publish","hentry"],"acf":[],"yoast_head":"<!-- This site is optimized with the Yoast SEO plugin v27.5 - https:\/\/yoast.com\/product\/yoast-seo-wordpress\/ -->\n<title>Cump\u0103ra\u021bi castele gonflabile \u0219i tobogane gonflabile \u00een Rom\u00e2nia - dodo-inflatables.com<\/title>\n<meta name=\"robots\" content=\"index, follow, max-snippet:-1, max-image-preview:large, max-video-preview:-1\" \/>\n<link rel=\"canonical\" href=\"https:\/\/dodo-inflatables.com\/ro\/cumparati-castele-gonflabile-si-tobogane-gonflabile-in-romania\/\" \/>\n<meta name=\"twitter:label1\" content=\"Timp estimat pentru citire\" \/>\n\t<meta name=\"twitter:data1\" content=\"2 minute\" \/>\n<script type=\"application\/ld+json\" class=\"yoast-schema-graph\">{\"@context\":\"https:\\\/\\\/schema.org\",\"@graph\":[{\"@type\":\"WebPage\",\"@id\":\"https:\\\/\\\/dodo-inflatables.com\\\/ro\\\/cumparati-castele-gonflabile-si-tobogane-gonflabile-in-romania\\\/\",\"url\":\"https:\\\/\\\/dodo-inflatables.com\\\/ro\\\/cumparati-castele-gonflabile-si-tobogane-gonflabile-in-romania\\\/\",\"name\":\"Cump\u0103ra\u021bi castele gonflabile \u0219i tobogane gonflabile \u00een Rom\u00e2nia - dodo-inflatables.com\",\"isPartOf\":{\"@id\":\"https:\\\/\\\/dodo-inflatables.com\\\/ro\\\/#website\"},\"primaryImageOfPage\":{\"@id\":\"https:\\\/\\\/dodo-inflatables.com\\\/ro\\\/cumparati-castele-gonflabile-si-tobogane-gonflabile-in-romania\\\/#primaryimage\"},\"image\":{\"@id\":\"https:\\\/\\\/dodo-inflatables.com\\\/ro\\\/cumparati-castele-gonflabile-si-tobogane-gonflabile-in-romania\\\/#primaryimage\"},\"thumbnailUrl\":\"https:\\\/\\\/dodo-inflatables.com\\\/wp-content\\\/uploads\\\/2022\\\/01\\\/seperator-kleiner-1024x102.png\",\"datePublished\":\"2024-03-01T19:02:30+00:00\",\"dateModified\":\"2026-04-29T13:14:54+00:00\",\"breadcrumb\":{\"@id\":\"https:\\\/\\\/dodo-inflatables.com\\\/ro\\\/cumparati-castele-gonflabile-si-tobogane-gonflabile-in-romania\\\/#breadcrumb\"},\"inLanguage\":\"ro-RO\",\"potentialAction\":[{\"@type\":\"ReadAction\",\"target\":[\"https:\\\/\\\/dodo-inflatables.com\\\/ro\\\/cumparati-castele-gonflabile-si-tobogane-gonflabile-in-romania\\\/\"]}]},{\"@type\":\"ImageObject\",\"inLanguage\":\"ro-RO\",\"@id\":\"https:\\\/\\\/dodo-inflatables.com\\\/ro\\\/cumparati-castele-gonflabile-si-tobogane-gonflabile-in-romania\\\/#primaryimage\",\"url\":\"https:\\\/\\\/dodo-inflatables.com\\\/wp-content\\\/uploads\\\/2022\\\/01\\\/seperator-kleiner-1024x102.png\",\"contentUrl\":\"https:\\\/\\\/dodo-inflatables.com\\\/wp-content\\\/uploads\\\/2022\\\/01\\\/seperator-kleiner-1024x102.png\"},{\"@type\":\"BreadcrumbList\",\"@id\":\"https:\\\/\\\/dodo-inflatables.com\\\/ro\\\/cumparati-castele-gonflabile-si-tobogane-gonflabile-in-romania\\\/#breadcrumb\",\"itemListElement\":[{\"@type\":\"ListItem\",\"position\":1,\"name\":\"Prima pagin\u0103\",\"item\":\"https:\\\/\\\/dodo-inflatables.com\\\/ro\\\/\"},{\"@type\":\"ListItem\",\"position\":2,\"name\":\"Cump\u0103ra\u021bi castele gonflabile \u0219i tobogane gonflabile \u00een Rom\u00e2nia\"}]},{\"@type\":\"WebSite\",\"@id\":\"https:\\\/\\\/dodo-inflatables.com\\\/ro\\\/#website\",\"url\":\"https:\\\/\\\/dodo-inflatables.com\\\/ro\\\/\",\"name\":\"dodo-inflatables.com\",\"description\":\"Cump\u0103ra\u021bi castele gonflabile \u0219i atrac\u021bii din magazinul nostru.\",\"potentialAction\":[{\"@type\":\"SearchAction\",\"target\":{\"@type\":\"EntryPoint\",\"urlTemplate\":\"https:\\\/\\\/dodo-inflatables.com\\\/ro\\\/?s={search_term_string}\"},\"query-input\":{\"@type\":\"PropertyValueSpecification\",\"valueRequired\":true,\"valueName\":\"search_term_string\"}}],\"inLanguage\":\"ro-RO\"}]}<\/script>\n<!-- \/ Yoast SEO plugin. -->","yoast_head_json":{"title":"Cump\u0103ra\u021bi castele gonflabile \u0219i tobogane gonflabile \u00een Rom\u00e2nia - dodo-inflatables.com","robots":{"index":"index","follow":"follow","max-snippet":"max-snippet:-1","max-image-preview":"max-image-preview:large","max-video-preview":"max-video-preview:-1"},"canonical":"https:\/\/dodo-inflatables.com\/ro\/cumparati-castele-gonflabile-si-tobogane-gonflabile-in-romania\/","twitter_misc":{"Timp estimat pentru citire":"2 minute"},"schema":{"@context":"https:\/\/schema.org","@graph":[{"@type":"WebPage","@id":"https:\/\/dodo-inflatables.com\/ro\/cumparati-castele-gonflabile-si-tobogane-gonflabile-in-romania\/","url":"https:\/\/dodo-inflatables.com\/ro\/cumparati-castele-gonflabile-si-tobogane-gonflabile-in-romania\/","name":"Cump\u0103ra\u021bi castele gonflabile \u0219i tobogane gonflabile \u00een Rom\u00e2nia - dodo-inflatables.com","isPartOf":{"@id":"https:\/\/dodo-inflatables.com\/ro\/#website"},"primaryImageOfPage":{"@id":"https:\/\/dodo-inflatables.com\/ro\/cumparati-castele-gonflabile-si-tobogane-gonflabile-in-romania\/#primaryimage"},"image":{"@id":"https:\/\/dodo-inflatables.com\/ro\/cumparati-castele-gonflabile-si-tobogane-gonflabile-in-romania\/#primaryimage"},"thumbnailUrl":"https:\/\/dodo-inflatables.com\/wp-content\/uploads\/2022\/01\/seperator-kleiner-1024x102.png","datePublished":"2024-03-01T19:02:30+00:00","dateModified":"2026-04-29T13:14:54+00:00","breadcrumb":{"@id":"https:\/\/dodo-inflatables.com\/ro\/cumparati-castele-gonflabile-si-tobogane-gonflabile-in-romania\/#breadcrumb"},"inLanguage":"ro-RO","potentialAction":[{"@type":"ReadAction","target":["https:\/\/dodo-inflatables.com\/ro\/cumparati-castele-gonflabile-si-tobogane-gonflabile-in-romania\/"]}]},{"@type":"ImageObject","inLanguage":"ro-RO","@id":"https:\/\/dodo-inflatables.com\/ro\/cumparati-castele-gonflabile-si-tobogane-gonflabile-in-romania\/#primaryimage","url":"https:\/\/dodo-inflatables.com\/wp-content\/uploads\/2022\/01\/seperator-kleiner-1024x102.png","contentUrl":"https:\/\/dodo-inflatables.com\/wp-content\/uploads\/2022\/01\/seperator-kleiner-1024x102.png"},{"@type":"BreadcrumbList","@id":"https:\/\/dodo-inflatables.com\/ro\/cumparati-castele-gonflabile-si-tobogane-gonflabile-in-romania\/#breadcrumb","itemListElement":[{"@type":"ListItem","position":1,"name":"Prima pagin\u0103","item":"https:\/\/dodo-inflatables.com\/ro\/"},{"@type":"ListItem","position":2,"name":"Cump\u0103ra\u021bi castele gonflabile \u0219i tobogane gonflabile \u00een Rom\u00e2nia"}]},{"@type":"WebSite","@id":"https:\/\/dodo-inflatables.com\/ro\/#website","url":"https:\/\/dodo-inflatables.com\/ro\/","name":"dodo-inflatables.com","description":"Cump\u0103ra\u021bi castele gonflabile \u0219i atrac\u021bii din magazinul nostru.","potentialAction":[{"@type":"SearchAction","target":{"@type":"EntryPoint","urlTemplate":"https:\/\/dodo-inflatables.com\/ro\/?s={search_term_string}"},"query-input":{"@type":"PropertyValueSpecification","valueRequired":true,"valueName":"search_term_string"}}],"inLanguage":"ro-RO"}]}},"uagb_featured_image_src":{"full":false,"thumbnail":false,"medium":false,"medium_large":false,"large":false,"1536x1536":false,"2048x2048":false,"woocommerce_thumbnail":false,"woocommerce_single":false,"woocommerce_gallery_thumbnail":false},"uagb_author_info":{"display_name":"Andreas","author_link":"https:\/\/dodo-inflatables.com\/ro\/author\/andreas\/"},"uagb_comment_info":0,"uagb_excerpt":"Cump\u0103ra\u021bi castele gonflabile \u0219i tobogane gonflabile \u00een Rom\u00e2nia Bine a\u021bi venit la Dodo-Inflatables.com &#8211; magazinul nostru online pentru gonflabile \u00een Europa! Cufunda\u021bi-v\u0103 \u00een selec\u021bia noastr\u0103 extins\u0103 de gonflabile, castele gonflabile \u0219i tobogane de \u00eenalt\u0103 calitate, care vor ad\u0103uga un plus la orice ocazie. Fie c\u0103 sunte\u021bi \u00een c\u0103utarea unui castel gonflabil mare pentru un eveniment&hellip;","_links":{"self":[{"href":"https:\/\/dodo-inflatables.com\/ro\/wp-json\/wp\/v2\/pages\/12246","targetHints":{"allow":["GET"]}}],"collection":[{"href":"https:\/\/dodo-inflatables.com\/ro\/wp-json\/wp\/v2\/pages"}],"about":[{"href":"https:\/\/dodo-inflatables.com\/ro\/wp-json\/wp\/v2\/types\/page"}],"author":[{"embeddable":true,"href":"https:\/\/dodo-inflatables.com\/ro\/wp-json\/wp\/v2\/users\/1"}],"replies":[{"embeddable":true,"href":"https:\/\/dodo-inflatables.com\/ro\/wp-json\/wp\/v2\/comments?post=12246"}],"version-history":[{"count":6,"href":"https:\/\/dodo-inflatables.com\/ro\/wp-json\/wp\/v2\/pages\/12246\/revisions"}],"predecessor-version":[{"id":107640,"href":"https:\/\/dodo-inflatables.com\/ro\/wp-json\/wp\/v2\/pages\/12246\/revisions\/107640"}],"wp:attachment":[{"href":"https:\/\/dodo-inflatables.com\/ro\/wp-json\/wp\/v2\/media?parent=12246"}],"curies":[{"name":"wp","href":"https:\/\/api.w.org\/{rel}","templated":true}]}}