{"id":13309,"date":"2024-03-07T20:04:06","date_gmt":"2024-03-07T19:04:06","guid":{"rendered":"https:\/\/dodo-inflatables.com\/kob-oppustelige-rutsjebaner-og-hoppeborge-til-danmark\/"},"modified":"2024-07-10T13:57:31","modified_gmt":"2024-07-10T11:57:31","slug":"kob-oppustelige-rutsjebaner-og-hoppeborge-til-danmark","status":"publish","type":"page","link":"https:\/\/dodo-inflatables.com\/ro\/kob-oppustelige-rutsjebaner-og-hoppeborge-til-danmark\/","title":{"rendered":"K\u00f8b oppustelige rutsjebaner og hoppeborge til Danmark"},"content":{"rendered":"\n<h2 class=\"wp-block-heading has-text-align-center\"><strong>K\u00f8b oppustelige rutsjebaner og hoppeborge til Danmark<\/strong><\/h2>\n\n<figure class=\"wp-block-image aligncenter size-large\"><a href=\"https:\/\/dodo-inflatables.com\/wp-content\/uploads\/2022\/01\/seperator-kleiner.png\"><img fetchpriority=\"high\" decoding=\"async\" width=\"1024\" height=\"102\" src=\"https:\/\/dodo-inflatables.com\/wp-content\/uploads\/2022\/01\/seperator-kleiner-1024x102.png\" alt=\"\" class=\"wp-image-4026\" srcset=\"https:\/\/dodo-inflatables.com\/wp-content\/uploads\/2022\/01\/seperator-kleiner-1024x102.png 1024w, https:\/\/dodo-inflatables.com\/wp-content\/uploads\/2022\/01\/seperator-kleiner-900x90.png 900w, https:\/\/dodo-inflatables.com\/wp-content\/uploads\/2022\/01\/seperator-kleiner-300x30.png 300w, https:\/\/dodo-inflatables.com\/wp-content\/uploads\/2022\/01\/seperator-kleiner-768x77.png 768w, https:\/\/dodo-inflatables.com\/wp-content\/uploads\/2022\/01\/seperator-kleiner-1536x154.png 1536w, https:\/\/dodo-inflatables.com\/wp-content\/uploads\/2022\/01\/seperator-kleiner-340x34.png 340w, https:\/\/dodo-inflatables.com\/wp-content\/uploads\/2022\/01\/seperator-kleiner.png 2000w\" sizes=\"(max-width: 1024px) 100vw, 1024px\" \/><\/a><\/figure>\n\n<h3 class=\"wp-block-heading has-text-align-center\">Bine a\u021bi venit la Dodo-Inflatables.com &#8211; magazinul nostru online pentru produse optime \u00een Europa!<\/h3>\n\n<p style=\"font-size:17px\">D\u0103ruie\u0219te-\u021bi un du\u0219 bun \u0219i o saltea \u0219i o saltea de lux, care te va ajuta s\u0103 ajungi la o plimbare mai u\u0219oar\u0103 p\u00e2n\u0103 la o camer\u0103 de hotel. Uanset om du leder efter en stor hoppeborg til et firmaarrangement, en lille hoppeborg til en b\u00f8rnef\u00f8dselsdag eller en hoppeborg med rutsjebane til en sommerfest &#8211; s\u00e5 finder du med garantat noget, der passer til dig her!<\/p>\n\n<p style=\"font-size:17px\">Sortimentul dumneavoastr\u0103 nu poate fi un bun prizonier de hamei, dar poate fi \u0219i un bun prizonier de drumuri, cu ajutorul lui Gibbons \u0219i al lui Huawei-bl\u00e6sere.<\/p>\n\n<p style=\"font-size:17px\">Forsendelse af en hoppeborg med tilbeh\u00f8r til <strong>Danmark koster \u20ac184,00.<\/strong> En pakke med oppusteligt tilbeh\u00f8r koster 25,00 \u20ac. Hvis hoppeborgen er p\u00e5 lager, bliver den sendt til dig umiddelbart efter modtagelse af betaling. Levering til Danmark tager ca.  <strong>4 &#8211; 6 arbejdsdage.<\/strong>  Det er muligt selv at afhente hoppeborgen p\u00e5 vores lager i M\u00fcnchen, Tyskland.<\/p>\n\n<p style=\"font-size:17px\">Toate hameiurile din dotare respect\u0103 standardele stricte de siguran\u021b\u0103 <strong>din DIN EN 14960<\/strong> \u0219i sunt disponibile pentru transportul privat \u0219i comercial. Du vil modtage en detaljeret vejledning og det tilh\u00f8rende certifikat til din nye hoppeborg, n\u00e5r den er blevet afsendt.<\/p>\n\n<p style=\"font-size:17px\">Momsfritagelse for virksomheder! \u00cen cazul \u00een care dori\u021bi s\u0103 v\u0103 \u00eentoarce\u021bi, v\u0103 rug\u0103m s\u0103 indica\u021bi num\u0103rul de \u00eenregistrare al mamei \u00een fa\u021ba casei, pentru a v\u0103 asigura c\u0103 nu mai ave\u021bi nevoie de un copil.<\/p>\n\n<p style=\"font-size:17px\">Dac\u0103 sunte\u021bi o persoan\u0103 privat\u0103, care a condus o excursie la petrecerea familiei dumneavoastr\u0103, sau dac\u0103 sunte\u021bi o firm\u0103 de construc\u021bii colective, care se ocup\u0103 de acest sortiment, atunci aceast\u0103 excursie este pentru to\u021bi. Faktisk er de fleste af vores kunder i hele Europa udlejere af hoppeborge, som v\u00e6rds\u00e6tter vores produkter til arrangementer i alle st\u00f8rrelser.<\/p>\n\n<p style=\"font-size:17px\">Vi h\u00e5ber, du vil nyde at surfe rundt i vores onlinebutik, og vi vil med gl\u00e6de besvare eventuelle sp\u00f8rgsm\u00e5l, du m\u00e5tte have p\u00e5 <a href=\"mailto:contact@dodo-inflatables.com\">contact@dodo-inflatables.com!<\/a><\/p>\n\n<div style=\"height:100px\" aria-hidden=\"true\" class=\"wp-block-spacer\"><\/div>\n","protected":false},"excerpt":{"rendered":"<p>K\u00f8b oppustelige rutsjebaner og hoppeborge til Danmark Bine a\u021bi venit la Dodo-Inflatables.com &#8211; magazinul nostru online pentru produse optime \u00een Europa! D\u0103ruie\u0219te-\u021bi un du\u0219 bun \u0219i o saltea \u0219i o saltea de lux, care te va ajuta s\u0103 ajungi la o plimbare mai u\u0219oar\u0103 p\u00e2n\u0103 la o camer\u0103 de hotel. Uanset om du leder efter [&hellip;]<\/p>\n","protected":false},"author":1,"featured_media":0,"parent":0,"menu_order":0,"comment_status":"closed","ping_status":"closed","template":"","meta":{"_acf_changed":false,"_uag_custom_page_level_css":"","site-sidebar-layout":"default","site-content-layout":"","ast-site-content-layout":"normal-width-container","site-content-style":"boxed","site-sidebar-style":"default","ast-global-header-display":"","ast-banner-title-visibility":"","ast-main-header-display":"","ast-hfb-above-header-display":"","ast-hfb-below-header-display":"","ast-hfb-mobile-header-display":"","site-post-title":"","ast-breadcrumbs-content":"","ast-featured-img":"","footer-sml-layout":"","ast-disable-related-posts":"","theme-transparent-header-meta":"","adv-header-id-meta":"4069","stick-header-meta":"","header-above-stick-meta":"","header-main-stick-meta":"","header-below-stick-meta":"","astra-migrate-meta-layouts":"default","ast-page-background-enabled":"default","ast-page-background-meta":{"desktop":{"background-color":"var(--ast-global-color-4)","background-image":"","background-repeat":"repeat","background-position":"center center","background-size":"auto","background-attachment":"scroll","background-type":"","background-media":"","overlay-type":"","overlay-color":"","overlay-opacity":"","overlay-gradient":""},"tablet":{"background-color":"","background-image":"","background-repeat":"repeat","background-position":"center center","background-size":"auto","background-attachment":"scroll","background-type":"","background-media":"","overlay-type":"","overlay-color":"","overlay-opacity":"","overlay-gradient":""},"mobile":{"background-color":"","background-image":"","background-repeat":"repeat","background-position":"center center","background-size":"auto","background-attachment":"scroll","background-type":"","background-media":"","overlay-type":"","overlay-color":"","overlay-opacity":"","overlay-gradient":""}},"ast-content-background-meta":{"desktop":{"background-color":"var(--ast-global-color-5)","background-image":"","background-repeat":"repeat","background-position":"center center","background-size":"auto","background-attachment":"scroll","background-type":"","background-media":"","overlay-type":"","overlay-color":"","overlay-opacity":"","overlay-gradient":""},"tablet":{"background-color":"var(--ast-global-color-5)","background-image":"","background-repeat":"repeat","background-position":"center center","background-size":"auto","background-attachment":"scroll","background-type":"","background-media":"","overlay-type":"","overlay-color":"","overlay-opacity":"","overlay-gradient":""},"mobile":{"background-color":"var(--ast-global-color-5)","background-image":"","background-repeat":"repeat","background-position":"center center","background-size":"auto","background-attachment":"scroll","background-type":"","background-media":"","overlay-type":"","overlay-color":"","overlay-opacity":"","overlay-gradient":""}},"footnotes":""},"class_list":["post-13309","page","type-page","status-publish","hentry"],"acf":[],"yoast_head":"<!-- This site is optimized with the Yoast SEO plugin v27.5 - https:\/\/yoast.com\/product\/yoast-seo-wordpress\/ -->\n<title>K\u00f8b oppustelige rutsjebaner og hoppeborge til Danmark - dodo-inflatables.com<\/title>\n<meta name=\"robots\" content=\"index, follow, max-snippet:-1, max-image-preview:large, max-video-preview:-1\" \/>\n<link rel=\"canonical\" href=\"https:\/\/dodo-inflatables.com\/ro\/kob-oppustelige-rutsjebaner-og-hoppeborge-til-danmark\/\" \/>\n<meta name=\"twitter:label1\" content=\"Timp estimat pentru citire\" \/>\n\t<meta name=\"twitter:data1\" content=\"2 minute\" \/>\n<script type=\"application\/ld+json\" class=\"yoast-schema-graph\">{\"@context\":\"https:\\\/\\\/schema.org\",\"@graph\":[{\"@type\":\"WebPage\",\"@id\":\"https:\\\/\\\/dodo-inflatables.com\\\/ro\\\/kob-oppustelige-rutsjebaner-og-hoppeborge-til-danmark\\\/\",\"url\":\"https:\\\/\\\/dodo-inflatables.com\\\/ro\\\/kob-oppustelige-rutsjebaner-og-hoppeborge-til-danmark\\\/\",\"name\":\"K\u00f8b oppustelige rutsjebaner og hoppeborge til Danmark - dodo-inflatables.com\",\"isPartOf\":{\"@id\":\"https:\\\/\\\/dodo-inflatables.com\\\/ro\\\/#website\"},\"primaryImageOfPage\":{\"@id\":\"https:\\\/\\\/dodo-inflatables.com\\\/ro\\\/kob-oppustelige-rutsjebaner-og-hoppeborge-til-danmark\\\/#primaryimage\"},\"image\":{\"@id\":\"https:\\\/\\\/dodo-inflatables.com\\\/ro\\\/kob-oppustelige-rutsjebaner-og-hoppeborge-til-danmark\\\/#primaryimage\"},\"thumbnailUrl\":\"https:\\\/\\\/dodo-inflatables.com\\\/wp-content\\\/uploads\\\/2022\\\/01\\\/seperator-kleiner-1024x102.png\",\"datePublished\":\"2024-03-07T19:04:06+00:00\",\"dateModified\":\"2024-07-10T11:57:31+00:00\",\"breadcrumb\":{\"@id\":\"https:\\\/\\\/dodo-inflatables.com\\\/ro\\\/kob-oppustelige-rutsjebaner-og-hoppeborge-til-danmark\\\/#breadcrumb\"},\"inLanguage\":\"ro-RO\",\"potentialAction\":[{\"@type\":\"ReadAction\",\"target\":[\"https:\\\/\\\/dodo-inflatables.com\\\/ro\\\/kob-oppustelige-rutsjebaner-og-hoppeborge-til-danmark\\\/\"]}]},{\"@type\":\"ImageObject\",\"inLanguage\":\"ro-RO\",\"@id\":\"https:\\\/\\\/dodo-inflatables.com\\\/ro\\\/kob-oppustelige-rutsjebaner-og-hoppeborge-til-danmark\\\/#primaryimage\",\"url\":\"https:\\\/\\\/dodo-inflatables.com\\\/wp-content\\\/uploads\\\/2022\\\/01\\\/seperator-kleiner-1024x102.png\",\"contentUrl\":\"https:\\\/\\\/dodo-inflatables.com\\\/wp-content\\\/uploads\\\/2022\\\/01\\\/seperator-kleiner-1024x102.png\"},{\"@type\":\"BreadcrumbList\",\"@id\":\"https:\\\/\\\/dodo-inflatables.com\\\/ro\\\/kob-oppustelige-rutsjebaner-og-hoppeborge-til-danmark\\\/#breadcrumb\",\"itemListElement\":[{\"@type\":\"ListItem\",\"position\":1,\"name\":\"Prima pagin\u0103\",\"item\":\"https:\\\/\\\/dodo-inflatables.com\\\/ro\\\/\"},{\"@type\":\"ListItem\",\"position\":2,\"name\":\"K\u00f8b oppustelige rutsjebaner og hoppeborge til Danmark\"}]},{\"@type\":\"WebSite\",\"@id\":\"https:\\\/\\\/dodo-inflatables.com\\\/ro\\\/#website\",\"url\":\"https:\\\/\\\/dodo-inflatables.com\\\/ro\\\/\",\"name\":\"dodo-inflatables.com\",\"description\":\"Cump\u0103ra\u021bi castele gonflabile \u0219i atrac\u021bii din magazinul nostru.\",\"potentialAction\":[{\"@type\":\"SearchAction\",\"target\":{\"@type\":\"EntryPoint\",\"urlTemplate\":\"https:\\\/\\\/dodo-inflatables.com\\\/ro\\\/?s={search_term_string}\"},\"query-input\":{\"@type\":\"PropertyValueSpecification\",\"valueRequired\":true,\"valueName\":\"search_term_string\"}}],\"inLanguage\":\"ro-RO\"}]}<\/script>\n<!-- \/ Yoast SEO plugin. -->","yoast_head_json":{"title":"K\u00f8b oppustelige rutsjebaner og hoppeborge til Danmark - dodo-inflatables.com","robots":{"index":"index","follow":"follow","max-snippet":"max-snippet:-1","max-image-preview":"max-image-preview:large","max-video-preview":"max-video-preview:-1"},"canonical":"https:\/\/dodo-inflatables.com\/ro\/kob-oppustelige-rutsjebaner-og-hoppeborge-til-danmark\/","twitter_misc":{"Timp estimat pentru citire":"2 minute"},"schema":{"@context":"https:\/\/schema.org","@graph":[{"@type":"WebPage","@id":"https:\/\/dodo-inflatables.com\/ro\/kob-oppustelige-rutsjebaner-og-hoppeborge-til-danmark\/","url":"https:\/\/dodo-inflatables.com\/ro\/kob-oppustelige-rutsjebaner-og-hoppeborge-til-danmark\/","name":"K\u00f8b oppustelige rutsjebaner og hoppeborge til Danmark - dodo-inflatables.com","isPartOf":{"@id":"https:\/\/dodo-inflatables.com\/ro\/#website"},"primaryImageOfPage":{"@id":"https:\/\/dodo-inflatables.com\/ro\/kob-oppustelige-rutsjebaner-og-hoppeborge-til-danmark\/#primaryimage"},"image":{"@id":"https:\/\/dodo-inflatables.com\/ro\/kob-oppustelige-rutsjebaner-og-hoppeborge-til-danmark\/#primaryimage"},"thumbnailUrl":"https:\/\/dodo-inflatables.com\/wp-content\/uploads\/2022\/01\/seperator-kleiner-1024x102.png","datePublished":"2024-03-07T19:04:06+00:00","dateModified":"2024-07-10T11:57:31+00:00","breadcrumb":{"@id":"https:\/\/dodo-inflatables.com\/ro\/kob-oppustelige-rutsjebaner-og-hoppeborge-til-danmark\/#breadcrumb"},"inLanguage":"ro-RO","potentialAction":[{"@type":"ReadAction","target":["https:\/\/dodo-inflatables.com\/ro\/kob-oppustelige-rutsjebaner-og-hoppeborge-til-danmark\/"]}]},{"@type":"ImageObject","inLanguage":"ro-RO","@id":"https:\/\/dodo-inflatables.com\/ro\/kob-oppustelige-rutsjebaner-og-hoppeborge-til-danmark\/#primaryimage","url":"https:\/\/dodo-inflatables.com\/wp-content\/uploads\/2022\/01\/seperator-kleiner-1024x102.png","contentUrl":"https:\/\/dodo-inflatables.com\/wp-content\/uploads\/2022\/01\/seperator-kleiner-1024x102.png"},{"@type":"BreadcrumbList","@id":"https:\/\/dodo-inflatables.com\/ro\/kob-oppustelige-rutsjebaner-og-hoppeborge-til-danmark\/#breadcrumb","itemListElement":[{"@type":"ListItem","position":1,"name":"Prima pagin\u0103","item":"https:\/\/dodo-inflatables.com\/ro\/"},{"@type":"ListItem","position":2,"name":"K\u00f8b oppustelige rutsjebaner og hoppeborge til Danmark"}]},{"@type":"WebSite","@id":"https:\/\/dodo-inflatables.com\/ro\/#website","url":"https:\/\/dodo-inflatables.com\/ro\/","name":"dodo-inflatables.com","description":"Cump\u0103ra\u021bi castele gonflabile \u0219i atrac\u021bii din magazinul nostru.","potentialAction":[{"@type":"SearchAction","target":{"@type":"EntryPoint","urlTemplate":"https:\/\/dodo-inflatables.com\/ro\/?s={search_term_string}"},"query-input":{"@type":"PropertyValueSpecification","valueRequired":true,"valueName":"search_term_string"}}],"inLanguage":"ro-RO"}]}},"uagb_featured_image_src":{"full":false,"thumbnail":false,"medium":false,"medium_large":false,"large":false,"1536x1536":false,"2048x2048":false,"woocommerce_thumbnail":false,"woocommerce_single":false,"woocommerce_gallery_thumbnail":false},"uagb_author_info":{"display_name":"Andreas","author_link":"https:\/\/dodo-inflatables.com\/ro\/author\/andreas\/"},"uagb_comment_info":0,"uagb_excerpt":"K\u00f8b oppustelige rutsjebaner og hoppeborge til Danmark Bine a\u021bi venit la Dodo-Inflatables.com &#8211; magazinul nostru online pentru produse optime \u00een Europa! D\u0103ruie\u0219te-\u021bi un du\u0219 bun \u0219i o saltea \u0219i o saltea de lux, care te va ajuta s\u0103 ajungi la o plimbare mai u\u0219oar\u0103 p\u00e2n\u0103 la o camer\u0103 de hotel. Uanset om du leder efter&hellip;","_links":{"self":[{"href":"https:\/\/dodo-inflatables.com\/ro\/wp-json\/wp\/v2\/pages\/13309","targetHints":{"allow":["GET"]}}],"collection":[{"href":"https:\/\/dodo-inflatables.com\/ro\/wp-json\/wp\/v2\/pages"}],"about":[{"href":"https:\/\/dodo-inflatables.com\/ro\/wp-json\/wp\/v2\/types\/page"}],"author":[{"embeddable":true,"href":"https:\/\/dodo-inflatables.com\/ro\/wp-json\/wp\/v2\/users\/1"}],"replies":[{"embeddable":true,"href":"https:\/\/dodo-inflatables.com\/ro\/wp-json\/wp\/v2\/comments?post=13309"}],"version-history":[{"count":2,"href":"https:\/\/dodo-inflatables.com\/ro\/wp-json\/wp\/v2\/pages\/13309\/revisions"}],"predecessor-version":[{"id":13313,"href":"https:\/\/dodo-inflatables.com\/ro\/wp-json\/wp\/v2\/pages\/13309\/revisions\/13313"}],"wp:attachment":[{"href":"https:\/\/dodo-inflatables.com\/ro\/wp-json\/wp\/v2\/media?parent=13309"}],"curies":[{"name":"wp","href":"https:\/\/api.w.org\/{rel}","templated":true}]}}