{"id":13356,"date":"2024-03-07T19:08:01","date_gmt":"2024-03-07T18:08:01","guid":{"rendered":"https:\/\/dodo-inflatables.com\/kjop-oppblasbare-sklier-og-hoppeslott-til-norge\/"},"modified":"2024-07-10T13:57:17","modified_gmt":"2024-07-10T11:57:17","slug":"kjop-oppblasbare-sklier-og-hoppeslott-til-norge","status":"publish","type":"page","link":"https:\/\/dodo-inflatables.com\/ro\/kjop-oppblasbare-sklier-og-hoppeslott-til-norge\/","title":{"rendered":"Kj\u00f8p oppbl\u00e5sbare sklier og hoppeslott til Norge"},"content":{"rendered":"\n<h2 class=\"wp-block-heading has-text-align-center\"><strong>Kj\u00f8p oppbl\u00e5sbare sklier og hoppeslott til Norge<\/strong><\/h2>\n\n<figure class=\"wp-block-image aligncenter size-large\"><a href=\"https:\/\/dodo-inflatables.com\/wp-content\/uploads\/2022\/01\/seperator-kleiner.png\"><img loading=\"lazy\" decoding=\"async\" width=\"1024\" height=\"102\" src=\"https:\/\/dodo-inflatables.com\/wp-content\/uploads\/2022\/01\/seperator-kleiner-1024x102.png\" alt=\"\" class=\"wp-image-4026\" srcset=\"https:\/\/dodo-inflatables.com\/wp-content\/uploads\/2022\/01\/seperator-kleiner-1024x102.png 1024w, https:\/\/dodo-inflatables.com\/wp-content\/uploads\/2022\/01\/seperator-kleiner-900x90.png 900w, https:\/\/dodo-inflatables.com\/wp-content\/uploads\/2022\/01\/seperator-kleiner-300x30.png 300w, https:\/\/dodo-inflatables.com\/wp-content\/uploads\/2022\/01\/seperator-kleiner-768x77.png 768w, https:\/\/dodo-inflatables.com\/wp-content\/uploads\/2022\/01\/seperator-kleiner-1536x154.png 1536w, https:\/\/dodo-inflatables.com\/wp-content\/uploads\/2022\/01\/seperator-kleiner-340x34.png 340w, https:\/\/dodo-inflatables.com\/wp-content\/uploads\/2022\/01\/seperator-kleiner.png 2000w\" sizes=\"auto, (max-width: 1024px) 100vw, 1024px\" \/><\/a><\/figure>\n\n<h3 class=\"wp-block-heading has-text-align-center\">Bine a\u021bi venit la Dodo-Inflatables.com &#8211; site-ul nostru pentru hoppeslott oppbl\u00e5sbare \u00een Europa!<\/h3>\n\n<p style=\"font-size:17px\">V\u0103 rug\u0103m s\u0103 lua\u021bi \u00een considerare \u0219i s\u0103 v\u0103 asigura\u021bi c\u0103 nu este nevoie de o evaluare complet\u0103 a op\u021biunilor \u0219i c\u0103 nu exist\u0103 o valoare superioar\u0103 care s\u0103 poat\u0103 fi folosit\u0103 pentru a \u00eembun\u0103t\u0103\u021bi calitatea. Dac\u0103 ave\u021bi nevoie de un hoppeslott stor p\u00e2n\u0103 la un aranjament de pat, de un hoppeslott u\u0219or \u0219i u\u0219or pentru o zi de s\u0103rb\u0103toare sau de un hoppeslott cu schi\u021be p\u00e2n\u0103 la s\u0103rb\u0103toarea de var\u0103, atunci nu ve\u021bi avea garan\u021bia c\u0103 ve\u021bi trece!<\/p>\n\n<p style=\"font-size:17px\">I v\u00e5rt sortiment finner du ikke bare en rekke hoppeslott, men ogs\u00e5 et bredt utvalg av tilbeh\u00f8r, blant annet Gibbons og Huawei-bl\u00e5sere til hoppeslott.<\/p>\n\n<p style=\"font-size:17px\">Frakt av hoppeslott og tilbeh\u00f8r til <strong>Norge koster \u20ac359,00<\/strong>. Un pachet cu un pre\u021b de 59,00 \u20ac. Hvis hoppeslottet er p\u00e5 lager, sendes det til deg umiddelbart etter at betalingen er mottatt. Levering til Norge tar ca. <strong>4-6 ani<\/strong>. Este o mul\u021bime de b\u0103uturi cu hamei, chiar de la propriul magazin din M\u00fcnchen, Tyskland.<\/p>\n\n<p style=\"font-size:17px\">Toate aceste hoppeslote respect\u0103 standardele stricte de siguran\u021b\u0103 <strong>din DIN EN 14960<\/strong> \u0219i sunt disponibile pentru o utilizare privat\u0103 \u0219i \u00een comun. Du vil motta en detaljert veiledning og et sertifikat for din nye oppbl\u00e5sbare n\u00e5r den er sendt.<\/p>\n\n<p style=\"font-size:17px\">Momsfritak pentru bedrifter! \u00cen cazul \u00een care ave\u021bi nevoie de un pat, pute\u021bi s\u0103 oppgi MVA-nummeret ditt i kassen for \u00e5 kj\u00f8pe momsfritt.<\/p>\n\n<p style=\"font-size:17px\">Fie c\u0103 sunte\u021bi o persoan\u0103 privat\u0103 \u00een timpul unei petreceri de familie, fie c\u0103 sunte\u021bi o persoan\u0103 cu o familie care dore\u0219te s\u0103 participe la o petrecere de familie, fie c\u0103 sunte\u021bi o persoan\u0103 cu o familie care dore\u0219te s\u0103 participe la o petrecere de familie, pute\u021bi petrece o petrecere de familie pentru to\u021bi. Cele mai importante companii din Europa sunt cele mai bune firme de produc\u021bie care au fost \u00eenfiin\u021bate pentru a oferi o gam\u0103 larg\u0103 de produse \u0219i pentru a le aranja \u00een toate domeniile.<\/p>\n\n<p style=\"font-size:17px\">Vi se pare c\u0103 v\u0103 place s\u0103 v\u0103 bucura\u021bi de o via\u021b\u0103 \u00een re\u021bea, \u0219i v\u0103 rug\u0103m s\u0103 v\u0103 bucura\u021bi de o vacan\u021b\u0103 pe <a href=\"mailto:contact@dodo-inflatables.com\">contact@dodo-inflatables.com!<\/a><\/p>\n\n<div style=\"height:100px\" aria-hidden=\"true\" class=\"wp-block-spacer\"><\/div>\n","protected":false},"excerpt":{"rendered":"<p>Kj\u00f8p oppbl\u00e5sbare sklier og hoppeslott til Norge Bine a\u021bi venit la Dodo-Inflatables.com &#8211; site-ul nostru pentru hoppeslott oppbl\u00e5sbare \u00een Europa! V\u0103 rug\u0103m s\u0103 lua\u021bi \u00een considerare \u0219i s\u0103 v\u0103 asigura\u021bi c\u0103 nu este nevoie de o evaluare complet\u0103 a op\u021biunilor \u0219i c\u0103 nu exist\u0103 o valoare superioar\u0103 care s\u0103 poat\u0103 fi folosit\u0103 pentru a \u00eembun\u0103t\u0103\u021bi [&hellip;]<\/p>\n","protected":false},"author":1,"featured_media":0,"parent":0,"menu_order":0,"comment_status":"closed","ping_status":"closed","template":"","meta":{"_acf_changed":false,"_uag_custom_page_level_css":"","site-sidebar-layout":"default","site-content-layout":"","ast-site-content-layout":"normal-width-container","site-content-style":"boxed","site-sidebar-style":"default","ast-global-header-display":"","ast-banner-title-visibility":"","ast-main-header-display":"","ast-hfb-above-header-display":"","ast-hfb-below-header-display":"","ast-hfb-mobile-header-display":"","site-post-title":"","ast-breadcrumbs-content":"","ast-featured-img":"","footer-sml-layout":"","ast-disable-related-posts":"","theme-transparent-header-meta":"","adv-header-id-meta":"4069","stick-header-meta":"","header-above-stick-meta":"","header-main-stick-meta":"","header-below-stick-meta":"","astra-migrate-meta-layouts":"default","ast-page-background-enabled":"default","ast-page-background-meta":{"desktop":{"background-color":"var(--ast-global-color-4)","background-image":"","background-repeat":"repeat","background-position":"center center","background-size":"auto","background-attachment":"scroll","background-type":"","background-media":"","overlay-type":"","overlay-color":"","overlay-opacity":"","overlay-gradient":""},"tablet":{"background-color":"","background-image":"","background-repeat":"repeat","background-position":"center center","background-size":"auto","background-attachment":"scroll","background-type":"","background-media":"","overlay-type":"","overlay-color":"","overlay-opacity":"","overlay-gradient":""},"mobile":{"background-color":"","background-image":"","background-repeat":"repeat","background-position":"center center","background-size":"auto","background-attachment":"scroll","background-type":"","background-media":"","overlay-type":"","overlay-color":"","overlay-opacity":"","overlay-gradient":""}},"ast-content-background-meta":{"desktop":{"background-color":"var(--ast-global-color-5)","background-image":"","background-repeat":"repeat","background-position":"center center","background-size":"auto","background-attachment":"scroll","background-type":"","background-media":"","overlay-type":"","overlay-color":"","overlay-opacity":"","overlay-gradient":""},"tablet":{"background-color":"var(--ast-global-color-5)","background-image":"","background-repeat":"repeat","background-position":"center center","background-size":"auto","background-attachment":"scroll","background-type":"","background-media":"","overlay-type":"","overlay-color":"","overlay-opacity":"","overlay-gradient":""},"mobile":{"background-color":"var(--ast-global-color-5)","background-image":"","background-repeat":"repeat","background-position":"center center","background-size":"auto","background-attachment":"scroll","background-type":"","background-media":"","overlay-type":"","overlay-color":"","overlay-opacity":"","overlay-gradient":""}},"footnotes":""},"class_list":["post-13356","page","type-page","status-publish","hentry"],"acf":[],"yoast_head":"<!-- This site is optimized with the Yoast SEO plugin v27.4 - https:\/\/yoast.com\/product\/yoast-seo-wordpress\/ -->\n<title>Kj\u00f8p oppbl\u00e5sbare sklier og hoppeslott til Norge - dodo-inflatables.com<\/title>\n<meta name=\"robots\" content=\"index, follow, max-snippet:-1, max-image-preview:large, max-video-preview:-1\" \/>\n<link rel=\"canonical\" href=\"https:\/\/dodo-inflatables.com\/ro\/kjop-oppblasbare-sklier-og-hoppeslott-til-norge\/\" \/>\n<meta name=\"twitter:label1\" content=\"Timp estimat pentru citire\" \/>\n\t<meta name=\"twitter:data1\" content=\"2 minute\" \/>\n<script type=\"application\/ld+json\" class=\"yoast-schema-graph\">{\"@context\":\"https:\\\/\\\/schema.org\",\"@graph\":[{\"@type\":\"WebPage\",\"@id\":\"https:\\\/\\\/dodo-inflatables.com\\\/ro\\\/kjop-oppblasbare-sklier-og-hoppeslott-til-norge\\\/\",\"url\":\"https:\\\/\\\/dodo-inflatables.com\\\/ro\\\/kjop-oppblasbare-sklier-og-hoppeslott-til-norge\\\/\",\"name\":\"Kj\u00f8p oppbl\u00e5sbare sklier og hoppeslott til Norge - dodo-inflatables.com\",\"isPartOf\":{\"@id\":\"https:\\\/\\\/dodo-inflatables.com\\\/ro\\\/#website\"},\"primaryImageOfPage\":{\"@id\":\"https:\\\/\\\/dodo-inflatables.com\\\/ro\\\/kjop-oppblasbare-sklier-og-hoppeslott-til-norge\\\/#primaryimage\"},\"image\":{\"@id\":\"https:\\\/\\\/dodo-inflatables.com\\\/ro\\\/kjop-oppblasbare-sklier-og-hoppeslott-til-norge\\\/#primaryimage\"},\"thumbnailUrl\":\"https:\\\/\\\/dodo-inflatables.com\\\/wp-content\\\/uploads\\\/2022\\\/01\\\/seperator-kleiner-1024x102.png\",\"datePublished\":\"2024-03-07T18:08:01+00:00\",\"dateModified\":\"2024-07-10T11:57:17+00:00\",\"breadcrumb\":{\"@id\":\"https:\\\/\\\/dodo-inflatables.com\\\/ro\\\/kjop-oppblasbare-sklier-og-hoppeslott-til-norge\\\/#breadcrumb\"},\"inLanguage\":\"ro-RO\",\"potentialAction\":[{\"@type\":\"ReadAction\",\"target\":[\"https:\\\/\\\/dodo-inflatables.com\\\/ro\\\/kjop-oppblasbare-sklier-og-hoppeslott-til-norge\\\/\"]}]},{\"@type\":\"ImageObject\",\"inLanguage\":\"ro-RO\",\"@id\":\"https:\\\/\\\/dodo-inflatables.com\\\/ro\\\/kjop-oppblasbare-sklier-og-hoppeslott-til-norge\\\/#primaryimage\",\"url\":\"https:\\\/\\\/dodo-inflatables.com\\\/wp-content\\\/uploads\\\/2022\\\/01\\\/seperator-kleiner-1024x102.png\",\"contentUrl\":\"https:\\\/\\\/dodo-inflatables.com\\\/wp-content\\\/uploads\\\/2022\\\/01\\\/seperator-kleiner-1024x102.png\"},{\"@type\":\"BreadcrumbList\",\"@id\":\"https:\\\/\\\/dodo-inflatables.com\\\/ro\\\/kjop-oppblasbare-sklier-og-hoppeslott-til-norge\\\/#breadcrumb\",\"itemListElement\":[{\"@type\":\"ListItem\",\"position\":1,\"name\":\"Prima pagin\u0103\",\"item\":\"https:\\\/\\\/dodo-inflatables.com\\\/ro\\\/\"},{\"@type\":\"ListItem\",\"position\":2,\"name\":\"Kj\u00f8p oppbl\u00e5sbare sklier og hoppeslott til Norge\"}]},{\"@type\":\"WebSite\",\"@id\":\"https:\\\/\\\/dodo-inflatables.com\\\/ro\\\/#website\",\"url\":\"https:\\\/\\\/dodo-inflatables.com\\\/ro\\\/\",\"name\":\"dodo-inflatables.com\",\"description\":\"Cump\u0103ra\u021bi castele gonflabile \u0219i atrac\u021bii din magazinul nostru.\",\"publisher\":{\"@id\":\"https:\\\/\\\/dodo-inflatables.com\\\/ro\\\/#organization\"},\"potentialAction\":[{\"@type\":\"SearchAction\",\"target\":{\"@type\":\"EntryPoint\",\"urlTemplate\":\"https:\\\/\\\/dodo-inflatables.com\\\/ro\\\/?s={search_term_string}\"},\"query-input\":{\"@type\":\"PropertyValueSpecification\",\"valueRequired\":true,\"valueName\":\"search_term_string\"}}],\"inLanguage\":\"ro-RO\"},{\"@type\":\"Organization\",\"@id\":\"https:\\\/\\\/dodo-inflatables.com\\\/ro\\\/#organization\",\"name\":\"dodo-inflatables.com\",\"url\":\"https:\\\/\\\/dodo-inflatables.com\\\/ro\\\/\",\"logo\":{\"@type\":\"ImageObject\",\"inLanguage\":\"ro-RO\",\"@id\":\"https:\\\/\\\/dodo-inflatables.com\\\/ro\\\/#\\\/schema\\\/logo\\\/image\\\/\",\"url\":\"https:\\\/\\\/dodo-inflatables.com\\\/wp-content\\\/uploads\\\/2023\\\/04\\\/cropped-cropped-cropped-Dodo-Logo.png\",\"contentUrl\":\"https:\\\/\\\/dodo-inflatables.com\\\/wp-content\\\/uploads\\\/2023\\\/04\\\/cropped-cropped-cropped-Dodo-Logo.png\",\"width\":2996,\"height\":1545,\"caption\":\"dodo-inflatables.com\"},\"image\":{\"@id\":\"https:\\\/\\\/dodo-inflatables.com\\\/ro\\\/#\\\/schema\\\/logo\\\/image\\\/\"}}]}<\/script>\n<!-- \/ Yoast SEO plugin. -->","yoast_head_json":{"title":"Kj\u00f8p oppbl\u00e5sbare sklier og hoppeslott til Norge - dodo-inflatables.com","robots":{"index":"index","follow":"follow","max-snippet":"max-snippet:-1","max-image-preview":"max-image-preview:large","max-video-preview":"max-video-preview:-1"},"canonical":"https:\/\/dodo-inflatables.com\/ro\/kjop-oppblasbare-sklier-og-hoppeslott-til-norge\/","twitter_misc":{"Timp estimat pentru citire":"2 minute"},"schema":{"@context":"https:\/\/schema.org","@graph":[{"@type":"WebPage","@id":"https:\/\/dodo-inflatables.com\/ro\/kjop-oppblasbare-sklier-og-hoppeslott-til-norge\/","url":"https:\/\/dodo-inflatables.com\/ro\/kjop-oppblasbare-sklier-og-hoppeslott-til-norge\/","name":"Kj\u00f8p oppbl\u00e5sbare sklier og hoppeslott til Norge - dodo-inflatables.com","isPartOf":{"@id":"https:\/\/dodo-inflatables.com\/ro\/#website"},"primaryImageOfPage":{"@id":"https:\/\/dodo-inflatables.com\/ro\/kjop-oppblasbare-sklier-og-hoppeslott-til-norge\/#primaryimage"},"image":{"@id":"https:\/\/dodo-inflatables.com\/ro\/kjop-oppblasbare-sklier-og-hoppeslott-til-norge\/#primaryimage"},"thumbnailUrl":"https:\/\/dodo-inflatables.com\/wp-content\/uploads\/2022\/01\/seperator-kleiner-1024x102.png","datePublished":"2024-03-07T18:08:01+00:00","dateModified":"2024-07-10T11:57:17+00:00","breadcrumb":{"@id":"https:\/\/dodo-inflatables.com\/ro\/kjop-oppblasbare-sklier-og-hoppeslott-til-norge\/#breadcrumb"},"inLanguage":"ro-RO","potentialAction":[{"@type":"ReadAction","target":["https:\/\/dodo-inflatables.com\/ro\/kjop-oppblasbare-sklier-og-hoppeslott-til-norge\/"]}]},{"@type":"ImageObject","inLanguage":"ro-RO","@id":"https:\/\/dodo-inflatables.com\/ro\/kjop-oppblasbare-sklier-og-hoppeslott-til-norge\/#primaryimage","url":"https:\/\/dodo-inflatables.com\/wp-content\/uploads\/2022\/01\/seperator-kleiner-1024x102.png","contentUrl":"https:\/\/dodo-inflatables.com\/wp-content\/uploads\/2022\/01\/seperator-kleiner-1024x102.png"},{"@type":"BreadcrumbList","@id":"https:\/\/dodo-inflatables.com\/ro\/kjop-oppblasbare-sklier-og-hoppeslott-til-norge\/#breadcrumb","itemListElement":[{"@type":"ListItem","position":1,"name":"Prima pagin\u0103","item":"https:\/\/dodo-inflatables.com\/ro\/"},{"@type":"ListItem","position":2,"name":"Kj\u00f8p oppbl\u00e5sbare sklier og hoppeslott til Norge"}]},{"@type":"WebSite","@id":"https:\/\/dodo-inflatables.com\/ro\/#website","url":"https:\/\/dodo-inflatables.com\/ro\/","name":"dodo-inflatables.com","description":"Cump\u0103ra\u021bi castele gonflabile \u0219i atrac\u021bii din magazinul nostru.","publisher":{"@id":"https:\/\/dodo-inflatables.com\/ro\/#organization"},"potentialAction":[{"@type":"SearchAction","target":{"@type":"EntryPoint","urlTemplate":"https:\/\/dodo-inflatables.com\/ro\/?s={search_term_string}"},"query-input":{"@type":"PropertyValueSpecification","valueRequired":true,"valueName":"search_term_string"}}],"inLanguage":"ro-RO"},{"@type":"Organization","@id":"https:\/\/dodo-inflatables.com\/ro\/#organization","name":"dodo-inflatables.com","url":"https:\/\/dodo-inflatables.com\/ro\/","logo":{"@type":"ImageObject","inLanguage":"ro-RO","@id":"https:\/\/dodo-inflatables.com\/ro\/#\/schema\/logo\/image\/","url":"https:\/\/dodo-inflatables.com\/wp-content\/uploads\/2023\/04\/cropped-cropped-cropped-Dodo-Logo.png","contentUrl":"https:\/\/dodo-inflatables.com\/wp-content\/uploads\/2023\/04\/cropped-cropped-cropped-Dodo-Logo.png","width":2996,"height":1545,"caption":"dodo-inflatables.com"},"image":{"@id":"https:\/\/dodo-inflatables.com\/ro\/#\/schema\/logo\/image\/"}}]}},"uagb_featured_image_src":{"full":false,"thumbnail":false,"medium":false,"medium_large":false,"large":false,"1536x1536":false,"2048x2048":false,"woocommerce_thumbnail":false,"woocommerce_single":false,"woocommerce_gallery_thumbnail":false},"uagb_author_info":{"display_name":"Andreas","author_link":"https:\/\/dodo-inflatables.com\/ro\/author\/andreas\/"},"uagb_comment_info":0,"uagb_excerpt":"Kj\u00f8p oppbl\u00e5sbare sklier og hoppeslott til Norge Bine a\u021bi venit la Dodo-Inflatables.com &#8211; site-ul nostru pentru hoppeslott oppbl\u00e5sbare \u00een Europa! V\u0103 rug\u0103m s\u0103 lua\u021bi \u00een considerare \u0219i s\u0103 v\u0103 asigura\u021bi c\u0103 nu este nevoie de o evaluare complet\u0103 a op\u021biunilor \u0219i c\u0103 nu exist\u0103 o valoare superioar\u0103 care s\u0103 poat\u0103 fi folosit\u0103 pentru a \u00eembun\u0103t\u0103\u021bi&hellip;","_links":{"self":[{"href":"https:\/\/dodo-inflatables.com\/ro\/wp-json\/wp\/v2\/pages\/13356","targetHints":{"allow":["GET"]}}],"collection":[{"href":"https:\/\/dodo-inflatables.com\/ro\/wp-json\/wp\/v2\/pages"}],"about":[{"href":"https:\/\/dodo-inflatables.com\/ro\/wp-json\/wp\/v2\/types\/page"}],"author":[{"embeddable":true,"href":"https:\/\/dodo-inflatables.com\/ro\/wp-json\/wp\/v2\/users\/1"}],"replies":[{"embeddable":true,"href":"https:\/\/dodo-inflatables.com\/ro\/wp-json\/wp\/v2\/comments?post=13356"}],"version-history":[{"count":2,"href":"https:\/\/dodo-inflatables.com\/ro\/wp-json\/wp\/v2\/pages\/13356\/revisions"}],"predecessor-version":[{"id":13360,"href":"https:\/\/dodo-inflatables.com\/ro\/wp-json\/wp\/v2\/pages\/13356\/revisions\/13360"}],"wp:attachment":[{"href":"https:\/\/dodo-inflatables.com\/ro\/wp-json\/wp\/v2\/media?parent=13356"}],"curies":[{"name":"wp","href":"https:\/\/api.w.org\/{rel}","templated":true}]}}