{"id":13393,"date":"2024-03-07T19:04:26","date_gmt":"2024-03-07T18:04:26","guid":{"rendered":"https:\/\/dodo-inflatables.com\/cumpara-escorregas-insuflaveis-e-castelos-insuflaveis-para-portugal\/"},"modified":"2024-07-10T13:56:53","modified_gmt":"2024-07-10T11:56:53","slug":"cumpara-escorregas-insuflaveis-e-castelos-insuflaveis-para-portugal","status":"publish","type":"page","link":"https:\/\/dodo-inflatables.com\/ro\/cumpara-escorregas-insuflaveis-e-castelos-insuflaveis-para-portugal\/","title":{"rendered":"Cumpara escorregas insufl\u00e1veis e castelos insufl\u00e1veis para Portugal"},"content":{"rendered":"\n<h2 class=\"wp-block-heading has-text-align-center\"><strong>Cumpara escorregas insufl\u00e1veis e castelos insufl\u00e1veis para Portugal<\/strong><\/h2>\n\n<figure class=\"wp-block-image aligncenter size-large\"><a href=\"https:\/\/dodo-inflatables.com\/wp-content\/uploads\/2022\/01\/seperator-kleiner.png\"><img loading=\"lazy\" decoding=\"async\" width=\"1024\" height=\"102\" src=\"https:\/\/dodo-inflatables.com\/wp-content\/uploads\/2022\/01\/seperator-kleiner-1024x102.png\" alt=\"\" class=\"wp-image-4026\" srcset=\"https:\/\/dodo-inflatables.com\/wp-content\/uploads\/2022\/01\/seperator-kleiner-1024x102.png 1024w, https:\/\/dodo-inflatables.com\/wp-content\/uploads\/2022\/01\/seperator-kleiner-900x90.png 900w, https:\/\/dodo-inflatables.com\/wp-content\/uploads\/2022\/01\/seperator-kleiner-300x30.png 300w, https:\/\/dodo-inflatables.com\/wp-content\/uploads\/2022\/01\/seperator-kleiner-768x77.png 768w, https:\/\/dodo-inflatables.com\/wp-content\/uploads\/2022\/01\/seperator-kleiner-1536x154.png 1536w, https:\/\/dodo-inflatables.com\/wp-content\/uploads\/2022\/01\/seperator-kleiner-340x34.png 340w, https:\/\/dodo-inflatables.com\/wp-content\/uploads\/2022\/01\/seperator-kleiner.png 2000w\" sizes=\"auto, (max-width: 1024px) 100vw, 1024px\" \/><\/a><\/figure>\n\n<h3 class=\"wp-block-heading has-text-align-center\">Bem-vindo a Dodo-Inflatables.com &#8211; a noastr\u0103 magazin online de insuflabile \u00een Europa!<\/h3>\n\n<p style=\"font-size:17px\">Merge\u021bi la vasta noastr\u0103 selec\u021bie de almofade insuflate de \u00eenalt\u0103 calitate, castele insuflate \u0219i escortele care vor da un aer special \u00een orice ocazie. Dac\u0103 dori\u021bi s\u0103 c\u0103uta\u021bi o almofad\u0103 insuficient\u0103 mare pentru un eveniment antreprenorial, un mic castel insuficient pentru o petrecere de aniversare infantil\u0103 sau un castel insuficient cu escort\u0103 pentru o petrecere de var\u0103 &#8211; aici ve\u021bi g\u0103si cu siguran\u021b\u0103 ceva adecvat!<\/p>\n\n<p style=\"font-size:17px\">Gama noastr\u0103 include nu numai o gam\u0103 larg\u0103 de castele insuflabile, ci \u0219i o gam\u0103 larg\u0103 de accesorii, inclusiv Gibbons \u0219i insuflatoare Huawei pentru castele insuflabile.<\/p>\n\n<p style=\"font-size:17px\">O trimitere de un insuflabil \u0219i accesorii pentru <strong>Portugalia cost\u0103 219,00 EUR<\/strong>. O ambalare de accesorii pentru insuficien\u021bi cost\u0103 29,00 euro. \u00cen cazul \u00een care un produs insuficient se afl\u0103 \u00een stoc, va fi trimis imediat dup\u0103 primirea pl\u0103\u021bii. A entrega em Portugal demora circa <strong>4 a 6 dias \u00fateis<\/strong>. Este posibil s\u0103 recuper\u0103m o almofad\u0103 insuficient\u0103 \u00een depozitul nostru din Munique, Germania.<\/p>\n\n<p style=\"font-size:17px\">Toate pl\u0103cile noastre de aluminiu insuflabile respect\u0103 normele de securitate riguroase de la <strong>DIN EN 14960<\/strong> \u0219i sunt adecvate pentru uz privat \u0219i comercial. Dup\u0103 expediere, ve\u021bi primi un manual detaliat \u0219i certificatul de respectare a noii dvs. almofade insuflabile.<\/p>\n\n<p style=\"font-size:17px\">Isen\u00e7\u00e3o de IVA pentru \u00eentreprinderi! Dac\u0103 cump\u0103ra\u021bi ca o \u00eentreprindere, introduce\u021bi num\u0103rul dvs. de identificare de TVA la casa de marcat pentru a efectua cump\u0103r\u0103turi f\u0103r\u0103 taxe.<\/p>\n\n<p style=\"font-size:17px\">Fie c\u0103 este vorba de un particular care caut\u0103 un insuflabil pentru viitoarea sa petrecere familial\u0103 sau de o \u00eentreprindere de \u00eenchiriere comercial\u0103 care inten\u021bioneaz\u0103 s\u0103 \u00ee\u0219i extind\u0103 gama, insuflabilele noastre sunt potrivite pentru to\u021bi. De fapt, majoritatea clien\u021bilor no\u0219tri din \u00eentreaga Europ\u0103 sunt \u00eentreprinderi de \u00eenchiriere de instala\u021bii de insuflare care valorific\u0103 produsele noastre pentru evenimente de toate dimensiunile.<\/p>\n\n<p style=\"font-size:17px\">Sper\u0103m c\u0103 v\u0103 bucura\u021bi s\u0103 naviga\u021bi \u00een magazinul nostru online \u0219i vom avea tot interesul s\u0103 r\u0103spundem la orice \u00eentrebare pe care o pute\u021bi avea pe <a href=\"mailto:contact@dodo-inflatables.com\">contact@dodo-inflatables.com!<\/a><\/p>\n\n<div style=\"height:100px\" aria-hidden=\"true\" class=\"wp-block-spacer\"><\/div>\n","protected":false},"excerpt":{"rendered":"<p>Cumpara escorregas insufl\u00e1veis e castelos insufl\u00e1veis para Portugal Bem-vindo a Dodo-Inflatables.com &#8211; a noastr\u0103 magazin online de insuflabile \u00een Europa! Merge\u021bi la vasta noastr\u0103 selec\u021bie de almofade insuflate de \u00eenalt\u0103 calitate, castele insuflate \u0219i escortele care vor da un aer special \u00een orice ocazie. Dac\u0103 dori\u021bi s\u0103 c\u0103uta\u021bi o almofad\u0103 insuficient\u0103 mare pentru un eveniment [&hellip;]<\/p>\n","protected":false},"author":1,"featured_media":0,"parent":0,"menu_order":0,"comment_status":"closed","ping_status":"closed","template":"","meta":{"_acf_changed":false,"_uag_custom_page_level_css":"","site-sidebar-layout":"default","site-content-layout":"","ast-site-content-layout":"normal-width-container","site-content-style":"boxed","site-sidebar-style":"default","ast-global-header-display":"","ast-banner-title-visibility":"","ast-main-header-display":"","ast-hfb-above-header-display":"","ast-hfb-below-header-display":"","ast-hfb-mobile-header-display":"","site-post-title":"","ast-breadcrumbs-content":"","ast-featured-img":"","footer-sml-layout":"","ast-disable-related-posts":"","theme-transparent-header-meta":"","adv-header-id-meta":"4069","stick-header-meta":"","header-above-stick-meta":"","header-main-stick-meta":"","header-below-stick-meta":"","astra-migrate-meta-layouts":"default","ast-page-background-enabled":"default","ast-page-background-meta":{"desktop":{"background-color":"var(--ast-global-color-4)","background-image":"","background-repeat":"repeat","background-position":"center center","background-size":"auto","background-attachment":"scroll","background-type":"","background-media":"","overlay-type":"","overlay-color":"","overlay-opacity":"","overlay-gradient":""},"tablet":{"background-color":"","background-image":"","background-repeat":"repeat","background-position":"center center","background-size":"auto","background-attachment":"scroll","background-type":"","background-media":"","overlay-type":"","overlay-color":"","overlay-opacity":"","overlay-gradient":""},"mobile":{"background-color":"","background-image":"","background-repeat":"repeat","background-position":"center center","background-size":"auto","background-attachment":"scroll","background-type":"","background-media":"","overlay-type":"","overlay-color":"","overlay-opacity":"","overlay-gradient":""}},"ast-content-background-meta":{"desktop":{"background-color":"var(--ast-global-color-5)","background-image":"","background-repeat":"repeat","background-position":"center center","background-size":"auto","background-attachment":"scroll","background-type":"","background-media":"","overlay-type":"","overlay-color":"","overlay-opacity":"","overlay-gradient":""},"tablet":{"background-color":"var(--ast-global-color-5)","background-image":"","background-repeat":"repeat","background-position":"center center","background-size":"auto","background-attachment":"scroll","background-type":"","background-media":"","overlay-type":"","overlay-color":"","overlay-opacity":"","overlay-gradient":""},"mobile":{"background-color":"var(--ast-global-color-5)","background-image":"","background-repeat":"repeat","background-position":"center center","background-size":"auto","background-attachment":"scroll","background-type":"","background-media":"","overlay-type":"","overlay-color":"","overlay-opacity":"","overlay-gradient":""}},"footnotes":""},"class_list":["post-13393","page","type-page","status-publish","hentry"],"acf":[],"yoast_head":"<!-- This site is optimized with the Yoast SEO plugin v27.3 - https:\/\/yoast.com\/product\/yoast-seo-wordpress\/ -->\n<title>Cumpara escorregas insufl\u00e1veis e castelos insufl\u00e1veis para Portugal - dodo-inflatables.com<\/title>\n<meta name=\"robots\" content=\"index, follow, max-snippet:-1, max-image-preview:large, max-video-preview:-1\" \/>\n<link rel=\"canonical\" href=\"https:\/\/dodo-inflatables.com\/ro\/cumpara-escorregas-insuflaveis-e-castelos-insuflaveis-para-portugal\/\" \/>\n<meta name=\"twitter:label1\" content=\"Timp estimat pentru citire\" \/>\n\t<meta name=\"twitter:data1\" content=\"2 minute\" \/>\n<script type=\"application\/ld+json\" class=\"yoast-schema-graph\">{\"@context\":\"https:\\\/\\\/schema.org\",\"@graph\":[{\"@type\":\"WebPage\",\"@id\":\"https:\\\/\\\/dodo-inflatables.com\\\/ro\\\/cumpara-escorregas-insuflaveis-e-castelos-insuflaveis-para-portugal\\\/\",\"url\":\"https:\\\/\\\/dodo-inflatables.com\\\/ro\\\/cumpara-escorregas-insuflaveis-e-castelos-insuflaveis-para-portugal\\\/\",\"name\":\"Cumpara escorregas insufl\u00e1veis e castelos insufl\u00e1veis para Portugal - dodo-inflatables.com\",\"isPartOf\":{\"@id\":\"https:\\\/\\\/dodo-inflatables.com\\\/ro\\\/#website\"},\"primaryImageOfPage\":{\"@id\":\"https:\\\/\\\/dodo-inflatables.com\\\/ro\\\/cumpara-escorregas-insuflaveis-e-castelos-insuflaveis-para-portugal\\\/#primaryimage\"},\"image\":{\"@id\":\"https:\\\/\\\/dodo-inflatables.com\\\/ro\\\/cumpara-escorregas-insuflaveis-e-castelos-insuflaveis-para-portugal\\\/#primaryimage\"},\"thumbnailUrl\":\"https:\\\/\\\/dodo-inflatables.com\\\/wp-content\\\/uploads\\\/2022\\\/01\\\/seperator-kleiner-1024x102.png\",\"datePublished\":\"2024-03-07T18:04:26+00:00\",\"dateModified\":\"2024-07-10T11:56:53+00:00\",\"breadcrumb\":{\"@id\":\"https:\\\/\\\/dodo-inflatables.com\\\/ro\\\/cumpara-escorregas-insuflaveis-e-castelos-insuflaveis-para-portugal\\\/#breadcrumb\"},\"inLanguage\":\"ro-RO\",\"potentialAction\":[{\"@type\":\"ReadAction\",\"target\":[\"https:\\\/\\\/dodo-inflatables.com\\\/ro\\\/cumpara-escorregas-insuflaveis-e-castelos-insuflaveis-para-portugal\\\/\"]}]},{\"@type\":\"ImageObject\",\"inLanguage\":\"ro-RO\",\"@id\":\"https:\\\/\\\/dodo-inflatables.com\\\/ro\\\/cumpara-escorregas-insuflaveis-e-castelos-insuflaveis-para-portugal\\\/#primaryimage\",\"url\":\"https:\\\/\\\/dodo-inflatables.com\\\/wp-content\\\/uploads\\\/2022\\\/01\\\/seperator-kleiner-1024x102.png\",\"contentUrl\":\"https:\\\/\\\/dodo-inflatables.com\\\/wp-content\\\/uploads\\\/2022\\\/01\\\/seperator-kleiner-1024x102.png\"},{\"@type\":\"BreadcrumbList\",\"@id\":\"https:\\\/\\\/dodo-inflatables.com\\\/ro\\\/cumpara-escorregas-insuflaveis-e-castelos-insuflaveis-para-portugal\\\/#breadcrumb\",\"itemListElement\":[{\"@type\":\"ListItem\",\"position\":1,\"name\":\"Prima pagin\u0103\",\"item\":\"https:\\\/\\\/dodo-inflatables.com\\\/ro\\\/\"},{\"@type\":\"ListItem\",\"position\":2,\"name\":\"Cumpara escorregas insufl\u00e1veis e castelos insufl\u00e1veis para Portugal\"}]},{\"@type\":\"WebSite\",\"@id\":\"https:\\\/\\\/dodo-inflatables.com\\\/ro\\\/#website\",\"url\":\"https:\\\/\\\/dodo-inflatables.com\\\/ro\\\/\",\"name\":\"dodo-inflatables.com\",\"description\":\"Cump\u0103ra\u021bi castele gonflabile \u0219i atrac\u021bii din magazinul nostru.\",\"publisher\":{\"@id\":\"https:\\\/\\\/dodo-inflatables.com\\\/ro\\\/#organization\"},\"potentialAction\":[{\"@type\":\"SearchAction\",\"target\":{\"@type\":\"EntryPoint\",\"urlTemplate\":\"https:\\\/\\\/dodo-inflatables.com\\\/ro\\\/?s={search_term_string}\"},\"query-input\":{\"@type\":\"PropertyValueSpecification\",\"valueRequired\":true,\"valueName\":\"search_term_string\"}}],\"inLanguage\":\"ro-RO\"},{\"@type\":\"Organization\",\"@id\":\"https:\\\/\\\/dodo-inflatables.com\\\/ro\\\/#organization\",\"name\":\"dodo-inflatables.com\",\"url\":\"https:\\\/\\\/dodo-inflatables.com\\\/ro\\\/\",\"logo\":{\"@type\":\"ImageObject\",\"inLanguage\":\"ro-RO\",\"@id\":\"https:\\\/\\\/dodo-inflatables.com\\\/ro\\\/#\\\/schema\\\/logo\\\/image\\\/\",\"url\":\"https:\\\/\\\/dodo-inflatables.com\\\/wp-content\\\/uploads\\\/2023\\\/04\\\/cropped-cropped-cropped-Dodo-Logo.png\",\"contentUrl\":\"https:\\\/\\\/dodo-inflatables.com\\\/wp-content\\\/uploads\\\/2023\\\/04\\\/cropped-cropped-cropped-Dodo-Logo.png\",\"width\":2996,\"height\":1545,\"caption\":\"dodo-inflatables.com\"},\"image\":{\"@id\":\"https:\\\/\\\/dodo-inflatables.com\\\/ro\\\/#\\\/schema\\\/logo\\\/image\\\/\"}}]}<\/script>\n<!-- \/ Yoast SEO plugin. -->","yoast_head_json":{"title":"Cumpara escorregas insufl\u00e1veis e castelos insufl\u00e1veis para Portugal - dodo-inflatables.com","robots":{"index":"index","follow":"follow","max-snippet":"max-snippet:-1","max-image-preview":"max-image-preview:large","max-video-preview":"max-video-preview:-1"},"canonical":"https:\/\/dodo-inflatables.com\/ro\/cumpara-escorregas-insuflaveis-e-castelos-insuflaveis-para-portugal\/","twitter_misc":{"Timp estimat pentru citire":"2 minute"},"schema":{"@context":"https:\/\/schema.org","@graph":[{"@type":"WebPage","@id":"https:\/\/dodo-inflatables.com\/ro\/cumpara-escorregas-insuflaveis-e-castelos-insuflaveis-para-portugal\/","url":"https:\/\/dodo-inflatables.com\/ro\/cumpara-escorregas-insuflaveis-e-castelos-insuflaveis-para-portugal\/","name":"Cumpara escorregas insufl\u00e1veis e castelos insufl\u00e1veis para Portugal - dodo-inflatables.com","isPartOf":{"@id":"https:\/\/dodo-inflatables.com\/ro\/#website"},"primaryImageOfPage":{"@id":"https:\/\/dodo-inflatables.com\/ro\/cumpara-escorregas-insuflaveis-e-castelos-insuflaveis-para-portugal\/#primaryimage"},"image":{"@id":"https:\/\/dodo-inflatables.com\/ro\/cumpara-escorregas-insuflaveis-e-castelos-insuflaveis-para-portugal\/#primaryimage"},"thumbnailUrl":"https:\/\/dodo-inflatables.com\/wp-content\/uploads\/2022\/01\/seperator-kleiner-1024x102.png","datePublished":"2024-03-07T18:04:26+00:00","dateModified":"2024-07-10T11:56:53+00:00","breadcrumb":{"@id":"https:\/\/dodo-inflatables.com\/ro\/cumpara-escorregas-insuflaveis-e-castelos-insuflaveis-para-portugal\/#breadcrumb"},"inLanguage":"ro-RO","potentialAction":[{"@type":"ReadAction","target":["https:\/\/dodo-inflatables.com\/ro\/cumpara-escorregas-insuflaveis-e-castelos-insuflaveis-para-portugal\/"]}]},{"@type":"ImageObject","inLanguage":"ro-RO","@id":"https:\/\/dodo-inflatables.com\/ro\/cumpara-escorregas-insuflaveis-e-castelos-insuflaveis-para-portugal\/#primaryimage","url":"https:\/\/dodo-inflatables.com\/wp-content\/uploads\/2022\/01\/seperator-kleiner-1024x102.png","contentUrl":"https:\/\/dodo-inflatables.com\/wp-content\/uploads\/2022\/01\/seperator-kleiner-1024x102.png"},{"@type":"BreadcrumbList","@id":"https:\/\/dodo-inflatables.com\/ro\/cumpara-escorregas-insuflaveis-e-castelos-insuflaveis-para-portugal\/#breadcrumb","itemListElement":[{"@type":"ListItem","position":1,"name":"Prima pagin\u0103","item":"https:\/\/dodo-inflatables.com\/ro\/"},{"@type":"ListItem","position":2,"name":"Cumpara escorregas insufl\u00e1veis e castelos insufl\u00e1veis para Portugal"}]},{"@type":"WebSite","@id":"https:\/\/dodo-inflatables.com\/ro\/#website","url":"https:\/\/dodo-inflatables.com\/ro\/","name":"dodo-inflatables.com","description":"Cump\u0103ra\u021bi castele gonflabile \u0219i atrac\u021bii din magazinul nostru.","publisher":{"@id":"https:\/\/dodo-inflatables.com\/ro\/#organization"},"potentialAction":[{"@type":"SearchAction","target":{"@type":"EntryPoint","urlTemplate":"https:\/\/dodo-inflatables.com\/ro\/?s={search_term_string}"},"query-input":{"@type":"PropertyValueSpecification","valueRequired":true,"valueName":"search_term_string"}}],"inLanguage":"ro-RO"},{"@type":"Organization","@id":"https:\/\/dodo-inflatables.com\/ro\/#organization","name":"dodo-inflatables.com","url":"https:\/\/dodo-inflatables.com\/ro\/","logo":{"@type":"ImageObject","inLanguage":"ro-RO","@id":"https:\/\/dodo-inflatables.com\/ro\/#\/schema\/logo\/image\/","url":"https:\/\/dodo-inflatables.com\/wp-content\/uploads\/2023\/04\/cropped-cropped-cropped-Dodo-Logo.png","contentUrl":"https:\/\/dodo-inflatables.com\/wp-content\/uploads\/2023\/04\/cropped-cropped-cropped-Dodo-Logo.png","width":2996,"height":1545,"caption":"dodo-inflatables.com"},"image":{"@id":"https:\/\/dodo-inflatables.com\/ro\/#\/schema\/logo\/image\/"}}]}},"uagb_featured_image_src":{"full":false,"thumbnail":false,"medium":false,"medium_large":false,"large":false,"1536x1536":false,"2048x2048":false,"woocommerce_thumbnail":false,"woocommerce_single":false,"woocommerce_gallery_thumbnail":false},"uagb_author_info":{"display_name":"Andreas","author_link":"https:\/\/dodo-inflatables.com\/ro\/author\/andreas\/"},"uagb_comment_info":0,"uagb_excerpt":"Cumpara escorregas insufl\u00e1veis e castelos insufl\u00e1veis para Portugal Bem-vindo a Dodo-Inflatables.com &#8211; a noastr\u0103 magazin online de insuflabile \u00een Europa! Merge\u021bi la vasta noastr\u0103 selec\u021bie de almofade insuflate de \u00eenalt\u0103 calitate, castele insuflate \u0219i escortele care vor da un aer special \u00een orice ocazie. Dac\u0103 dori\u021bi s\u0103 c\u0103uta\u021bi o almofad\u0103 insuficient\u0103 mare pentru un eveniment&hellip;","_links":{"self":[{"href":"https:\/\/dodo-inflatables.com\/ro\/wp-json\/wp\/v2\/pages\/13393","targetHints":{"allow":["GET"]}}],"collection":[{"href":"https:\/\/dodo-inflatables.com\/ro\/wp-json\/wp\/v2\/pages"}],"about":[{"href":"https:\/\/dodo-inflatables.com\/ro\/wp-json\/wp\/v2\/types\/page"}],"author":[{"embeddable":true,"href":"https:\/\/dodo-inflatables.com\/ro\/wp-json\/wp\/v2\/users\/1"}],"replies":[{"embeddable":true,"href":"https:\/\/dodo-inflatables.com\/ro\/wp-json\/wp\/v2\/comments?post=13393"}],"version-history":[{"count":2,"href":"https:\/\/dodo-inflatables.com\/ro\/wp-json\/wp\/v2\/pages\/13393\/revisions"}],"predecessor-version":[{"id":13396,"href":"https:\/\/dodo-inflatables.com\/ro\/wp-json\/wp\/v2\/pages\/13393\/revisions\/13396"}],"wp:attachment":[{"href":"https:\/\/dodo-inflatables.com\/ro\/wp-json\/wp\/v2\/media?parent=13393"}],"curies":[{"name":"wp","href":"https:\/\/api.w.org\/{rel}","templated":true}]}}