{"id":105458,"date":"2026-04-04T13:54:47","date_gmt":"2026-04-04T11:54:47","guid":{"rendered":"https:\/\/dodo-inflatables.com\/dodo-relaunch?product=tear-aid-kit-de-reparatii-pentru-castele-gonflabile"},"modified":"2026-04-04T13:54:47","modified_gmt":"2026-04-04T11:54:47","slug":"tear-aid-kit-de-reparatii-pentru-castele-gonflabile","status":"publish","type":"product","link":"https:\/\/dodo-inflatables.com\/ro\/produs\/tear-aid-kit-de-reparatii-pentru-castele-gonflabile\/","title":{"rendered":"Tear-Aid kit de repara\u021bii pentru castele gonflabile"},"content":{"rendered":"<h2>Tear-Aid kit de repara\u021bii pentru castele gonflabile<\/h2>\n<h5>Tear-Aid: Solu\u021bia fiabil\u0103 pentru repararea castelului dvs. gonflabil<\/h5>\n<p>Prelungi\u021bi durata de via\u021b\u0103 a castelului dvs. gonflabil cu kitul de repara\u021bii Tear-Aid \u2013 solu\u021bia ideal\u0103 pentru repara\u021bii rapide, u\u0219oare \u0219i de lung\u0103 durat\u0103.<br \/>\nIndiferent dac\u0103 este vorba de rupturi mici sau g\u0103uri mai mari, Tear-Aid ofer\u0103 solu\u021bia perfect\u0103 pentru a readuce castelul dvs. gonflabil \u00een condi\u021bii optime.<br \/>\n<strong>Puternic \u0219i durabil:<\/strong><br \/>\nPlasturele elastic de \u00eenalt\u0103 calitate se adapteaz\u0103 la mi\u0219carea castelului gonflabil \u0219i ofer\u0103 o repara\u021bie de lung\u0103 durat\u0103 care rezist\u0103 la utilizare intensiv\u0103.<br \/>\n<strong>U\u0219or de utilizat:<\/strong><br \/>\nDatorit\u0103 spatelui autoadeziv \u0219i instruc\u021biunilor clare, pute\u021bi repara rupturi \u0219i g\u0103uri \u00een doar c\u00e2teva minute.<br \/>\n<strong>Impermeabil \u0219i etan\u0219:<\/strong><br \/>\nTear-Aid func\u021bioneaz\u0103 fiabil \u0219i \u00een condi\u021bii umede \u0219i ajut\u0103 la prevenirea scurgerii aerului, astfel \u00eenc\u00e2t castelul dvs. gonflabil r\u0103m\u00e2ne sigur \u0219i complet func\u021bional.<br \/>\n<strong>Design transparent:<\/strong><br \/>\nMaterialul discret \u0219i transparent se integreaz\u0103 perfect cu orice culoare \u0219i design f\u0103r\u0103 a afecta aspectul castelului dvs. gonflabil.<br \/>\n&nbsp;<br \/>\n<strong>Con\u021binutul kitului:<\/strong><\/p>\n<ul>\n<li>1 plasture Tear-Aid (30 x 8 cm)<\/li>\n<li>1 filament de armare pentru repara\u021bii de margini<\/li>\n<li>\u0218erve\u021bele de cur\u0103\u021bare cu alcool<\/li>\n<li>Instruc\u021biuni de utilizare<\/li>\n<\/ul>\n<p>&nbsp;<\/p>\n","protected":false},"excerpt":{"rendered":"<ul>\n<li>1 plasture Tear-Aid (30 x 8 cm)<\/li>\n<li>1 filament de armare pentru repara\u021bii de margini<\/li>\n<li>\u0218erve\u021bele de cur\u0103\u021bare cu alcool<\/li>\n<li>Instruc\u021biuni de utilizare<\/li>\n<\/ul>\n","protected":false},"featured_media":105448,"comment_status":"open","ping_status":"closed","template":"","meta":{"_acf_changed":false,"_uag_custom_page_level_css":"","site-sidebar-layout":"default","site-content-layout":"boxed-container","ast-site-content-layout":"normal-width-container","site-content-style":"boxed","site-sidebar-style":"default","ast-global-header-display":"","ast-banner-title-visibility":"","ast-main-header-display":"","ast-hfb-above-header-display":"","ast-hfb-below-header-display":"","ast-hfb-mobile-header-display":"","site-post-title":"disabled","ast-breadcrumbs-content":"","ast-featured-img":"","footer-sml-layout":"","ast-disable-related-posts":"","theme-transparent-header-meta":"default","adv-header-id-meta":"","stick-header-meta":"default","header-above-stick-meta":"","header-main-stick-meta":"","header-below-stick-meta":"","astra-migrate-meta-layouts":"default","ast-page-background-enabled":"default","ast-page-background-meta":{"desktop":{"background-color":"var(--ast-global-color-4)","background-image":"","background-repeat":"repeat","background-position":"center center","background-size":"auto","background-attachment":"scroll","background-type":"","background-media":"","overlay-type":"","overlay-color":"","overlay-opacity":"","overlay-gradient":""},"tablet":{"background-color":"","background-image":"","background-repeat":"repeat","background-position":"center center","background-size":"auto","background-attachment":"scroll","background-type":"","background-media":"","overlay-type":"","overlay-color":"","overlay-opacity":"","overlay-gradient":""},"mobile":{"background-color":"","background-image":"","background-repeat":"repeat","background-position":"center center","background-size":"auto","background-attachment":"scroll","background-type":"","background-media":"","overlay-type":"","overlay-color":"","overlay-opacity":"","overlay-gradient":""}},"ast-content-background-meta":{"desktop":{"background-color":"var(--ast-global-color-5)","background-image":"","background-repeat":"repeat","background-position":"center center","background-size":"auto","background-attachment":"scroll","background-type":"","background-media":"","overlay-type":"","overlay-color":"","overlay-opacity":"","overlay-gradient":""},"tablet":{"background-color":"var(--ast-global-color-5)","background-image":"","background-repeat":"repeat","background-position":"center center","background-size":"auto","background-attachment":"scroll","background-type":"","background-media":"","overlay-type":"","overlay-color":"","overlay-opacity":"","overlay-gradient":""},"mobile":{"background-color":"var(--ast-global-color-5)","background-image":"","background-repeat":"repeat","background-position":"center center","background-size":"auto","background-attachment":"scroll","background-type":"","background-media":"","overlay-type":"","overlay-color":"","overlay-opacity":"","overlay-gradient":""}}},"product_brand":[],"product_cat":[1146],"product_tag":[],"class_list":{"0":"post-105458","1":"product","2":"type-product","3":"status-publish","4":"has-post-thumbnail","6":"product_cat-accesorii","7":"product_shipping_class-zubehor-ro","8":"desktop-align-center","9":"tablet-align-center","10":"mobile-align-center","11":"ast-product-gallery-layout-horizontal","12":"ast-product-tabs-layout-horizontal","14":"first","15":"instock","16":"taxable","17":"shipping-taxable","18":"purchasable","19":"product-type-simple"},"acf":[],"yoast_head":"<!-- This site is optimized with the Yoast SEO plugin v27.5 - https:\/\/yoast.com\/product\/yoast-seo-wordpress\/ -->\n<title>Tear-Aid kit de repara\u021bii pentru castele gonflabile | Dodo Inflatables<\/title>\n<meta name=\"description\" content=\"Tear-Aid kit de repara\u021bii pentru castele gonflabile \u2013 plasture elastic 30 x 8 cm, impermeabil, transparent. Repara\u021bie rapid\u0103 \u0219i de lung\u0103 durat\u0103 a rupturilor \u0219i g\u0103urilor.\" \/>\n<meta name=\"robots\" content=\"index, follow, max-snippet:-1, max-image-preview:large, max-video-preview:-1\" \/>\n<link rel=\"canonical\" href=\"https:\/\/dodo-inflatables.com\/ro\/produs\/tear-aid-kit-de-reparatii-pentru-castele-gonflabile\/\" \/>\n<meta name=\"twitter:label1\" content=\"Timp estimat pentru citire\" \/>\n\t<meta name=\"twitter:data1\" content=\"1 minut\" \/>\n<script type=\"application\/ld+json\" class=\"yoast-schema-graph\">{\"@context\":\"https:\\\/\\\/schema.org\",\"@graph\":[{\"@type\":\"WebPage\",\"@id\":\"https:\\\/\\\/dodo-inflatables.com\\\/ro\\\/produs\\\/tear-aid-kit-de-reparatii-pentru-castele-gonflabile\\\/\",\"url\":\"https:\\\/\\\/dodo-inflatables.com\\\/ro\\\/produs\\\/tear-aid-kit-de-reparatii-pentru-castele-gonflabile\\\/\",\"name\":\"Tear-Aid kit de repara\u021bii pentru castele gonflabile | Dodo Inflatables\",\"isPartOf\":{\"@id\":\"https:\\\/\\\/dodo-inflatables.com\\\/ro\\\/#website\"},\"primaryImageOfPage\":{\"@id\":\"https:\\\/\\\/dodo-inflatables.com\\\/ro\\\/produs\\\/tear-aid-kit-de-reparatii-pentru-castele-gonflabile\\\/#primaryimage\"},\"image\":{\"@id\":\"https:\\\/\\\/dodo-inflatables.com\\\/ro\\\/produs\\\/tear-aid-kit-de-reparatii-pentru-castele-gonflabile\\\/#primaryimage\"},\"thumbnailUrl\":\"https:\\\/\\\/dodo-inflatables.com\\\/wp-content\\\/uploads\\\/2026\\\/04\\\/Tear-Aid-Reparatur-fur-Hupfburgen-_0004_TA-ZAK-TB-2.jpg\",\"datePublished\":\"2026-04-04T11:54:47+00:00\",\"description\":\"Tear-Aid kit de repara\u021bii pentru castele gonflabile \u2013 plasture elastic 30 x 8 cm, impermeabil, transparent. Repara\u021bie rapid\u0103 \u0219i de lung\u0103 durat\u0103 a rupturilor \u0219i g\u0103urilor.\",\"breadcrumb\":{\"@id\":\"https:\\\/\\\/dodo-inflatables.com\\\/ro\\\/produs\\\/tear-aid-kit-de-reparatii-pentru-castele-gonflabile\\\/#breadcrumb\"},\"inLanguage\":\"ro-RO\",\"potentialAction\":[{\"@type\":\"ReadAction\",\"target\":[\"https:\\\/\\\/dodo-inflatables.com\\\/ro\\\/produs\\\/tear-aid-kit-de-reparatii-pentru-castele-gonflabile\\\/\"]}]},{\"@type\":\"ImageObject\",\"inLanguage\":\"ro-RO\",\"@id\":\"https:\\\/\\\/dodo-inflatables.com\\\/ro\\\/produs\\\/tear-aid-kit-de-reparatii-pentru-castele-gonflabile\\\/#primaryimage\",\"url\":\"https:\\\/\\\/dodo-inflatables.com\\\/wp-content\\\/uploads\\\/2026\\\/04\\\/Tear-Aid-Reparatur-fur-Hupfburgen-_0004_TA-ZAK-TB-2.jpg\",\"contentUrl\":\"https:\\\/\\\/dodo-inflatables.com\\\/wp-content\\\/uploads\\\/2026\\\/04\\\/Tear-Aid-Reparatur-fur-Hupfburgen-_0004_TA-ZAK-TB-2.jpg\",\"width\":1000,\"height\":1000,\"caption\":\"Tear-Aid kit de repara\u021bii pentru castele gonflabile | Dodo Inflatables\"},{\"@type\":\"BreadcrumbList\",\"@id\":\"https:\\\/\\\/dodo-inflatables.com\\\/ro\\\/produs\\\/tear-aid-kit-de-reparatii-pentru-castele-gonflabile\\\/#breadcrumb\",\"itemListElement\":[{\"@type\":\"ListItem\",\"position\":1,\"name\":\"Prima pagin\u0103\",\"item\":\"https:\\\/\\\/dodo-inflatables.com\\\/ro\\\/\"},{\"@type\":\"ListItem\",\"position\":2,\"name\":\"Magazin\",\"item\":\"https:\\\/\\\/dodo-inflatables.com\\\/ro\\\/magazin\\\/\"},{\"@type\":\"ListItem\",\"position\":3,\"name\":\"Tear-Aid kit de repara\u021bii pentru castele gonflabile\"}]},{\"@type\":\"WebSite\",\"@id\":\"https:\\\/\\\/dodo-inflatables.com\\\/ro\\\/#website\",\"url\":\"https:\\\/\\\/dodo-inflatables.com\\\/ro\\\/\",\"name\":\"dodo-inflatables.com\",\"description\":\"Cump\u0103ra\u021bi castele gonflabile \u0219i atrac\u021bii din magazinul nostru.\",\"potentialAction\":[{\"@type\":\"SearchAction\",\"target\":{\"@type\":\"EntryPoint\",\"urlTemplate\":\"https:\\\/\\\/dodo-inflatables.com\\\/ro\\\/?s={search_term_string}\"},\"query-input\":{\"@type\":\"PropertyValueSpecification\",\"valueRequired\":true,\"valueName\":\"search_term_string\"}}],\"inLanguage\":\"ro-RO\"}]}<\/script>\n<!-- \/ Yoast SEO plugin. -->","yoast_head_json":{"title":"Tear-Aid kit de repara\u021bii pentru castele gonflabile | Dodo Inflatables","description":"Tear-Aid kit de repara\u021bii pentru castele gonflabile \u2013 plasture elastic 30 x 8 cm, impermeabil, transparent. Repara\u021bie rapid\u0103 \u0219i de lung\u0103 durat\u0103 a rupturilor \u0219i g\u0103urilor.","robots":{"index":"index","follow":"follow","max-snippet":"max-snippet:-1","max-image-preview":"max-image-preview:large","max-video-preview":"max-video-preview:-1"},"canonical":"https:\/\/dodo-inflatables.com\/ro\/produs\/tear-aid-kit-de-reparatii-pentru-castele-gonflabile\/","twitter_misc":{"Timp estimat pentru citire":"1 minut"},"schema":{"@context":"https:\/\/schema.org","@graph":[{"@type":"WebPage","@id":"https:\/\/dodo-inflatables.com\/ro\/produs\/tear-aid-kit-de-reparatii-pentru-castele-gonflabile\/","url":"https:\/\/dodo-inflatables.com\/ro\/produs\/tear-aid-kit-de-reparatii-pentru-castele-gonflabile\/","name":"Tear-Aid kit de repara\u021bii pentru castele gonflabile | Dodo Inflatables","isPartOf":{"@id":"https:\/\/dodo-inflatables.com\/ro\/#website"},"primaryImageOfPage":{"@id":"https:\/\/dodo-inflatables.com\/ro\/produs\/tear-aid-kit-de-reparatii-pentru-castele-gonflabile\/#primaryimage"},"image":{"@id":"https:\/\/dodo-inflatables.com\/ro\/produs\/tear-aid-kit-de-reparatii-pentru-castele-gonflabile\/#primaryimage"},"thumbnailUrl":"https:\/\/dodo-inflatables.com\/wp-content\/uploads\/2026\/04\/Tear-Aid-Reparatur-fur-Hupfburgen-_0004_TA-ZAK-TB-2.jpg","datePublished":"2026-04-04T11:54:47+00:00","description":"Tear-Aid kit de repara\u021bii pentru castele gonflabile \u2013 plasture elastic 30 x 8 cm, impermeabil, transparent. Repara\u021bie rapid\u0103 \u0219i de lung\u0103 durat\u0103 a rupturilor \u0219i g\u0103urilor.","breadcrumb":{"@id":"https:\/\/dodo-inflatables.com\/ro\/produs\/tear-aid-kit-de-reparatii-pentru-castele-gonflabile\/#breadcrumb"},"inLanguage":"ro-RO","potentialAction":[{"@type":"ReadAction","target":["https:\/\/dodo-inflatables.com\/ro\/produs\/tear-aid-kit-de-reparatii-pentru-castele-gonflabile\/"]}]},{"@type":"ImageObject","inLanguage":"ro-RO","@id":"https:\/\/dodo-inflatables.com\/ro\/produs\/tear-aid-kit-de-reparatii-pentru-castele-gonflabile\/#primaryimage","url":"https:\/\/dodo-inflatables.com\/wp-content\/uploads\/2026\/04\/Tear-Aid-Reparatur-fur-Hupfburgen-_0004_TA-ZAK-TB-2.jpg","contentUrl":"https:\/\/dodo-inflatables.com\/wp-content\/uploads\/2026\/04\/Tear-Aid-Reparatur-fur-Hupfburgen-_0004_TA-ZAK-TB-2.jpg","width":1000,"height":1000,"caption":"Tear-Aid kit de repara\u021bii pentru castele gonflabile | Dodo Inflatables"},{"@type":"BreadcrumbList","@id":"https:\/\/dodo-inflatables.com\/ro\/produs\/tear-aid-kit-de-reparatii-pentru-castele-gonflabile\/#breadcrumb","itemListElement":[{"@type":"ListItem","position":1,"name":"Prima pagin\u0103","item":"https:\/\/dodo-inflatables.com\/ro\/"},{"@type":"ListItem","position":2,"name":"Magazin","item":"https:\/\/dodo-inflatables.com\/ro\/magazin\/"},{"@type":"ListItem","position":3,"name":"Tear-Aid kit de repara\u021bii pentru castele gonflabile"}]},{"@type":"WebSite","@id":"https:\/\/dodo-inflatables.com\/ro\/#website","url":"https:\/\/dodo-inflatables.com\/ro\/","name":"dodo-inflatables.com","description":"Cump\u0103ra\u021bi castele gonflabile \u0219i atrac\u021bii din magazinul nostru.","potentialAction":[{"@type":"SearchAction","target":{"@type":"EntryPoint","urlTemplate":"https:\/\/dodo-inflatables.com\/ro\/?s={search_term_string}"},"query-input":{"@type":"PropertyValueSpecification","valueRequired":true,"valueName":"search_term_string"}}],"inLanguage":"ro-RO"}]}},"uagb_featured_image_src":{"full":["https:\/\/dodo-inflatables.com\/wp-content\/uploads\/2026\/04\/Tear-Aid-Reparatur-fur-Hupfburgen-_0004_TA-ZAK-TB-2.jpg",1000,1000,false],"thumbnail":["https:\/\/dodo-inflatables.com\/wp-content\/uploads\/2026\/04\/Tear-Aid-Reparatur-fur-Hupfburgen-_0004_TA-ZAK-TB-2-150x150.jpg",150,150,true],"medium":["https:\/\/dodo-inflatables.com\/wp-content\/uploads\/2026\/04\/Tear-Aid-Reparatur-fur-Hupfburgen-_0004_TA-ZAK-TB-2-300x300.jpg",300,300,true],"medium_large":["https:\/\/dodo-inflatables.com\/wp-content\/uploads\/2026\/04\/Tear-Aid-Reparatur-fur-Hupfburgen-_0004_TA-ZAK-TB-2-768x768.jpg",768,768,true],"large":["https:\/\/dodo-inflatables.com\/wp-content\/uploads\/2026\/04\/Tear-Aid-Reparatur-fur-Hupfburgen-_0004_TA-ZAK-TB-2.jpg",1000,1000,false],"1536x1536":["https:\/\/dodo-inflatables.com\/wp-content\/uploads\/2026\/04\/Tear-Aid-Reparatur-fur-Hupfburgen-_0004_TA-ZAK-TB-2.jpg",1000,1000,false],"2048x2048":["https:\/\/dodo-inflatables.com\/wp-content\/uploads\/2026\/04\/Tear-Aid-Reparatur-fur-Hupfburgen-_0004_TA-ZAK-TB-2.jpg",1000,1000,false],"woocommerce_thumbnail":["https:\/\/dodo-inflatables.com\/wp-content\/uploads\/2026\/04\/Tear-Aid-Reparatur-fur-Hupfburgen-_0004_TA-ZAK-TB-2-900x900.jpg",900,900,true],"woocommerce_single":["https:\/\/dodo-inflatables.com\/wp-content\/uploads\/2026\/04\/Tear-Aid-Reparatur-fur-Hupfburgen-_0004_TA-ZAK-TB-2-900x900.jpg",900,900,true],"woocommerce_gallery_thumbnail":["https:\/\/dodo-inflatables.com\/wp-content\/uploads\/2026\/04\/Tear-Aid-Reparatur-fur-Hupfburgen-_0004_TA-ZAK-TB-2-100x100.jpg",100,100,true]},"uagb_author_info":{"display_name":"Andreas","author_link":"https:\/\/dodo-inflatables.com\/ro\/author\/"},"uagb_comment_info":0,"uagb_excerpt":"1 plasture Tear-Aid (30 x 8 cm) 1 filament de armare pentru repara\u021bii de margini \u0218erve\u021bele de cur\u0103\u021bare cu alcool Instruc\u021biuni de utilizare","_links":{"self":[{"href":"https:\/\/dodo-inflatables.com\/ro\/wp-json\/wp\/v2\/product\/105458","targetHints":{"allow":["GET"]}}],"collection":[{"href":"https:\/\/dodo-inflatables.com\/ro\/wp-json\/wp\/v2\/product"}],"about":[{"href":"https:\/\/dodo-inflatables.com\/ro\/wp-json\/wp\/v2\/types\/product"}],"replies":[{"embeddable":true,"href":"https:\/\/dodo-inflatables.com\/ro\/wp-json\/wp\/v2\/comments?post=105458"}],"wp:featuredmedia":[{"embeddable":true,"href":"https:\/\/dodo-inflatables.com\/ro\/wp-json\/wp\/v2\/media\/105448"}],"wp:attachment":[{"href":"https:\/\/dodo-inflatables.com\/ro\/wp-json\/wp\/v2\/media?parent=105458"}],"wp:term":[{"taxonomy":"product_brand","embeddable":true,"href":"https:\/\/dodo-inflatables.com\/ro\/wp-json\/wp\/v2\/product_brand?post=105458"},{"taxonomy":"product_cat","embeddable":true,"href":"https:\/\/dodo-inflatables.com\/ro\/wp-json\/wp\/v2\/product_cat?post=105458"},{"taxonomy":"product_tag","embeddable":true,"href":"https:\/\/dodo-inflatables.com\/ro\/wp-json\/wp\/v2\/product_tag?post=105458"}],"curies":[{"name":"wp","href":"https:\/\/api.w.org\/{rel}","templated":true}]}}