{"id":105593,"date":"2026-04-04T13:54:47","date_gmt":"2026-04-04T11:54:47","guid":{"rendered":"https:\/\/dodo-inflatables.com\/dodo-relaunch?product=covoare-mici-de-siguranta-pentru-castele-gonflabile-120-x-120-x-5-cm"},"modified":"2026-04-04T13:54:47","modified_gmt":"2026-04-04T11:54:47","slug":"covoare-mici-de-siguranta-pentru-castele-gonflabile-120-x-120-x-5-cm","status":"publish","type":"product","link":"https:\/\/dodo-inflatables.com\/ro\/produs\/covoare-mici-de-siguranta-pentru-castele-gonflabile-120-x-120-x-5-cm\/","title":{"rendered":"Covoare mici de siguran\u021b\u0103 pentru castele gonflabile 120 x 120 x 5 cm"},"content":{"rendered":"<h2>Cump\u0103ra\u021bi covoare mici de siguran\u021b\u0103 pentru castele gonflabile<\/h2>\n<p class=\"p1\">Covoarelor noastre de siguran\u021b\u0103 sunt completarea ideal\u0103 pentru orice castel gonflabil \u0219i ofer\u0103 siguran\u021b\u0103 maxim\u0103 \u00een zona de intrare \u0219i ie\u0219ire. Mai ales pentru firmele de \u00eenchiriere \u0219i operatorii cu standarde ridicate de siguran\u021b\u0103, aceste covoare mici sunt o solu\u021bie fiabil\u0103 \u0219i durabil\u0103.<\/p>\n<p class=\"p1\"><span class=\"s1\"><b>Absorb\u021bie optim\u0103 a impactului:<\/b><\/span> Spuma EPE u\u0219oar\u0103 de \u00eenalt\u0103 calitate absoarbe impacturile \u00een mod fiabil \u0219i reduce semnificativ riscul de v\u0103t\u0103mare la intrarea \u0219i ie\u0219irea din castelul gonflabil.<\/p>\n<p class=\"p1\"><span class=\"s1\"><b>Economisire de spa\u021biu \u0219i flexibilitate:<\/b><\/span> Covorul de siguran\u021b\u0103 pliabil poate fi pliat \u00een trei sec\u021biuni, f\u0103c\u00e2ndu-l deosebit de compact pentru transport \u0219i depozitare \u2013 ideal pentru utilizare mobil\u0103 \u00een opera\u021biunile de \u00eenchiriere.<\/p>\n<p class=\"p1\"><span class=\"s1\"><b>Execu\u021bie \u00eembun\u0103t\u0103\u021bit\u0103:<\/b><\/span> Cus\u0103turile sunt pozi\u021bionate pe interior \u0219i nu mai se afl\u0103 pe suprafa\u021ba exterioar\u0103. Acest lucru ajut\u0103 la prevenirea frec\u0103rii lor de sol \u0219i uzurii premature.<\/p>\n<p class=\"p1\"><span class=\"s1\"><b>Siguran\u021b\u0103 maxim\u0103:<\/b><\/span> Fabricat deliberat f\u0103r\u0103 m\u00e2nere de transport pentru a evita riscurile de \u00eempiedicare \u0219i a face utilizarea \u00een zona imediat\u0103 a castelului gonflabil \u0219i mai sigur\u0103.<\/p>\n<p class=\"p1\"><span class=\"s1\"><b>\u00cenveli\u0219 durabil:<\/b><\/span> \u021aes\u0103tura rezistent\u0103 din prelat\u0103 PU este durabil\u0103, u\u0219or de \u00eentre\u021binut \u0219i conceput\u0103 pentru utilizare regulat\u0103 \u00een sectorul de evenimente \u0219i \u00eenchirieri.<\/p>\n<p>&nbsp;<br \/>\n<strong>Detalii despre micul covor de siguran\u021b\u0103<\/strong><\/p>\n<ul>\n<li>Dimensiuni deschise: 120 x 120 x 5 cm<\/li>\n<li>Dimensiuni pliate: 60 x 120 x 10 cm<\/li>\n<li>Material spum\u0103: EPE RG 18<\/li>\n<li>Material \u00eenveli\u0219: \u021bes\u0103tur\u0103 din prelat\u0103 PU, grosime 0,6 mm<\/li>\n<li>Greutate: 2,8 kg<\/li>\n<\/ul>\n","protected":false},"excerpt":{"rendered":"<ul>\n<li>Dimensiuni deschise: 120 x 120 x 5 cm<\/li>\n<li>Dimensiuni pliate: 60 x 120 x 10 cm<\/li>\n<li>Material spum\u0103: EPE RG 18<\/li>\n<li>Material \u00eenveli\u0219: \u021bes\u0103tur\u0103 din prelat\u0103 PU, grosime 0,6 mm<\/li>\n<li>Greutate: 2,8 kg<\/li>\n<\/ul>\n","protected":false},"featured_media":105587,"comment_status":"open","ping_status":"closed","template":"","meta":{"_acf_changed":false,"_uag_custom_page_level_css":"","site-sidebar-layout":"default","site-content-layout":"boxed-container","ast-site-content-layout":"normal-width-container","site-content-style":"boxed","site-sidebar-style":"default","ast-global-header-display":"","ast-banner-title-visibility":"","ast-main-header-display":"","ast-hfb-above-header-display":"","ast-hfb-below-header-display":"","ast-hfb-mobile-header-display":"","site-post-title":"disabled","ast-breadcrumbs-content":"","ast-featured-img":"","footer-sml-layout":"","ast-disable-related-posts":"","theme-transparent-header-meta":"default","adv-header-id-meta":"","stick-header-meta":"default","header-above-stick-meta":"","header-main-stick-meta":"","header-below-stick-meta":"","astra-migrate-meta-layouts":"default","ast-page-background-enabled":"default","ast-page-background-meta":{"desktop":{"background-color":"var(--ast-global-color-4)","background-image":"","background-repeat":"repeat","background-position":"center center","background-size":"auto","background-attachment":"scroll","background-type":"","background-media":"","overlay-type":"","overlay-color":"","overlay-opacity":"","overlay-gradient":""},"tablet":{"background-color":"","background-image":"","background-repeat":"repeat","background-position":"center center","background-size":"auto","background-attachment":"scroll","background-type":"","background-media":"","overlay-type":"","overlay-color":"","overlay-opacity":"","overlay-gradient":""},"mobile":{"background-color":"","background-image":"","background-repeat":"repeat","background-position":"center center","background-size":"auto","background-attachment":"scroll","background-type":"","background-media":"","overlay-type":"","overlay-color":"","overlay-opacity":"","overlay-gradient":""}},"ast-content-background-meta":{"desktop":{"background-color":"var(--ast-global-color-5)","background-image":"","background-repeat":"repeat","background-position":"center center","background-size":"auto","background-attachment":"scroll","background-type":"","background-media":"","overlay-type":"","overlay-color":"","overlay-opacity":"","overlay-gradient":""},"tablet":{"background-color":"var(--ast-global-color-5)","background-image":"","background-repeat":"repeat","background-position":"center center","background-size":"auto","background-attachment":"scroll","background-type":"","background-media":"","overlay-type":"","overlay-color":"","overlay-opacity":"","overlay-gradient":""},"mobile":{"background-color":"var(--ast-global-color-5)","background-image":"","background-repeat":"repeat","background-position":"center center","background-size":"auto","background-attachment":"scroll","background-type":"","background-media":"","overlay-type":"","overlay-color":"","overlay-opacity":"","overlay-gradient":""}}},"product_brand":[],"product_cat":[1146],"product_tag":[],"class_list":{"0":"post-105593","1":"product","2":"type-product","3":"status-publish","4":"has-post-thumbnail","6":"product_cat-accesorii","7":"product_shipping_class-spedition-hupfburg-ro","8":"desktop-align-center","9":"tablet-align-center","10":"mobile-align-center","11":"ast-product-gallery-layout-horizontal","12":"ast-product-tabs-layout-horizontal","14":"first","15":"instock","16":"taxable","17":"shipping-taxable","18":"purchasable","19":"product-type-simple"},"acf":[],"yoast_head":"<!-- This site is optimized with the Yoast SEO plugin v27.5 - https:\/\/yoast.com\/product\/yoast-seo-wordpress\/ -->\n<title>Covoare mici de siguran\u021b\u0103 pentru castele gonflabile 120 x 120 x 5 cm | Dodo Inflatables<\/title>\n<meta name=\"description\" content=\"Covoare mici de siguran\u021b\u0103 pentru castele gonflabile \u2013 spum\u0103 EPE, pliabil \u00een trei sec\u021biuni, \u00eenveli\u0219 din prelat\u0103 PU. Siguran\u021b\u0103 maxim\u0103 \u00een zona de intrare \u0219i ie\u0219ire, ideal pentru firme de \u00eenchiriere.\" \/>\n<meta name=\"robots\" content=\"index, follow, max-snippet:-1, max-image-preview:large, max-video-preview:-1\" \/>\n<link rel=\"canonical\" href=\"https:\/\/dodo-inflatables.com\/ro\/produs\/covoare-mici-de-siguranta-pentru-castele-gonflabile-120-x-120-x-5-cm\/\" \/>\n<meta name=\"twitter:label1\" content=\"Timp estimat pentru citire\" \/>\n\t<meta name=\"twitter:data1\" content=\"1 minut\" \/>\n<script type=\"application\/ld+json\" class=\"yoast-schema-graph\">{\"@context\":\"https:\\\/\\\/schema.org\",\"@graph\":[{\"@type\":\"WebPage\",\"@id\":\"https:\\\/\\\/dodo-inflatables.com\\\/ro\\\/produs\\\/covoare-mici-de-siguranta-pentru-castele-gonflabile-120-x-120-x-5-cm\\\/\",\"url\":\"https:\\\/\\\/dodo-inflatables.com\\\/ro\\\/produs\\\/covoare-mici-de-siguranta-pentru-castele-gonflabile-120-x-120-x-5-cm\\\/\",\"name\":\"Covoare mici de siguran\u021b\u0103 pentru castele gonflabile 120 x 120 x 5 cm | Dodo Inflatables\",\"isPartOf\":{\"@id\":\"https:\\\/\\\/dodo-inflatables.com\\\/ro\\\/#website\"},\"primaryImageOfPage\":{\"@id\":\"https:\\\/\\\/dodo-inflatables.com\\\/ro\\\/produs\\\/covoare-mici-de-siguranta-pentru-castele-gonflabile-120-x-120-x-5-cm\\\/#primaryimage\"},\"image\":{\"@id\":\"https:\\\/\\\/dodo-inflatables.com\\\/ro\\\/produs\\\/covoare-mici-de-siguranta-pentru-castele-gonflabile-120-x-120-x-5-cm\\\/#primaryimage\"},\"thumbnailUrl\":\"https:\\\/\\\/dodo-inflatables.com\\\/wp-content\\\/uploads\\\/2026\\\/04\\\/Buy-small-fall-protection-mats-for-bouncy-castles-06.jpg\",\"datePublished\":\"2026-04-04T11:54:47+00:00\",\"description\":\"Covoare mici de siguran\u021b\u0103 pentru castele gonflabile \u2013 spum\u0103 EPE, pliabil \u00een trei sec\u021biuni, \u00eenveli\u0219 din prelat\u0103 PU. Siguran\u021b\u0103 maxim\u0103 \u00een zona de intrare \u0219i ie\u0219ire, ideal pentru firme de \u00eenchiriere.\",\"breadcrumb\":{\"@id\":\"https:\\\/\\\/dodo-inflatables.com\\\/ro\\\/produs\\\/covoare-mici-de-siguranta-pentru-castele-gonflabile-120-x-120-x-5-cm\\\/#breadcrumb\"},\"inLanguage\":\"ro-RO\",\"potentialAction\":[{\"@type\":\"ReadAction\",\"target\":[\"https:\\\/\\\/dodo-inflatables.com\\\/ro\\\/produs\\\/covoare-mici-de-siguranta-pentru-castele-gonflabile-120-x-120-x-5-cm\\\/\"]}]},{\"@type\":\"ImageObject\",\"inLanguage\":\"ro-RO\",\"@id\":\"https:\\\/\\\/dodo-inflatables.com\\\/ro\\\/produs\\\/covoare-mici-de-siguranta-pentru-castele-gonflabile-120-x-120-x-5-cm\\\/#primaryimage\",\"url\":\"https:\\\/\\\/dodo-inflatables.com\\\/wp-content\\\/uploads\\\/2026\\\/04\\\/Buy-small-fall-protection-mats-for-bouncy-castles-06.jpg\",\"contentUrl\":\"https:\\\/\\\/dodo-inflatables.com\\\/wp-content\\\/uploads\\\/2026\\\/04\\\/Buy-small-fall-protection-mats-for-bouncy-castles-06.jpg\",\"width\":1000,\"height\":1000,\"caption\":\"Covoare mici de siguran\u021b\u0103 pentru castele gonflabile 120 x 120 x 5 cm | Dodo Inflatables\"},{\"@type\":\"BreadcrumbList\",\"@id\":\"https:\\\/\\\/dodo-inflatables.com\\\/ro\\\/produs\\\/covoare-mici-de-siguranta-pentru-castele-gonflabile-120-x-120-x-5-cm\\\/#breadcrumb\",\"itemListElement\":[{\"@type\":\"ListItem\",\"position\":1,\"name\":\"Prima pagin\u0103\",\"item\":\"https:\\\/\\\/dodo-inflatables.com\\\/ro\\\/\"},{\"@type\":\"ListItem\",\"position\":2,\"name\":\"Magazin\",\"item\":\"https:\\\/\\\/dodo-inflatables.com\\\/ro\\\/magazin\\\/\"},{\"@type\":\"ListItem\",\"position\":3,\"name\":\"Covoare mici de siguran\u021b\u0103 pentru castele gonflabile 120 x 120 x 5 cm\"}]},{\"@type\":\"WebSite\",\"@id\":\"https:\\\/\\\/dodo-inflatables.com\\\/ro\\\/#website\",\"url\":\"https:\\\/\\\/dodo-inflatables.com\\\/ro\\\/\",\"name\":\"dodo-inflatables.com\",\"description\":\"Cump\u0103ra\u021bi castele gonflabile \u0219i atrac\u021bii din magazinul nostru.\",\"potentialAction\":[{\"@type\":\"SearchAction\",\"target\":{\"@type\":\"EntryPoint\",\"urlTemplate\":\"https:\\\/\\\/dodo-inflatables.com\\\/ro\\\/?s={search_term_string}\"},\"query-input\":{\"@type\":\"PropertyValueSpecification\",\"valueRequired\":true,\"valueName\":\"search_term_string\"}}],\"inLanguage\":\"ro-RO\"}]}<\/script>\n<!-- \/ Yoast SEO plugin. -->","yoast_head_json":{"title":"Covoare mici de siguran\u021b\u0103 pentru castele gonflabile 120 x 120 x 5 cm | Dodo Inflatables","description":"Covoare mici de siguran\u021b\u0103 pentru castele gonflabile \u2013 spum\u0103 EPE, pliabil \u00een trei sec\u021biuni, \u00eenveli\u0219 din prelat\u0103 PU. Siguran\u021b\u0103 maxim\u0103 \u00een zona de intrare \u0219i ie\u0219ire, ideal pentru firme de \u00eenchiriere.","robots":{"index":"index","follow":"follow","max-snippet":"max-snippet:-1","max-image-preview":"max-image-preview:large","max-video-preview":"max-video-preview:-1"},"canonical":"https:\/\/dodo-inflatables.com\/ro\/produs\/covoare-mici-de-siguranta-pentru-castele-gonflabile-120-x-120-x-5-cm\/","twitter_misc":{"Timp estimat pentru citire":"1 minut"},"schema":{"@context":"https:\/\/schema.org","@graph":[{"@type":"WebPage","@id":"https:\/\/dodo-inflatables.com\/ro\/produs\/covoare-mici-de-siguranta-pentru-castele-gonflabile-120-x-120-x-5-cm\/","url":"https:\/\/dodo-inflatables.com\/ro\/produs\/covoare-mici-de-siguranta-pentru-castele-gonflabile-120-x-120-x-5-cm\/","name":"Covoare mici de siguran\u021b\u0103 pentru castele gonflabile 120 x 120 x 5 cm | Dodo Inflatables","isPartOf":{"@id":"https:\/\/dodo-inflatables.com\/ro\/#website"},"primaryImageOfPage":{"@id":"https:\/\/dodo-inflatables.com\/ro\/produs\/covoare-mici-de-siguranta-pentru-castele-gonflabile-120-x-120-x-5-cm\/#primaryimage"},"image":{"@id":"https:\/\/dodo-inflatables.com\/ro\/produs\/covoare-mici-de-siguranta-pentru-castele-gonflabile-120-x-120-x-5-cm\/#primaryimage"},"thumbnailUrl":"https:\/\/dodo-inflatables.com\/wp-content\/uploads\/2026\/04\/Buy-small-fall-protection-mats-for-bouncy-castles-06.jpg","datePublished":"2026-04-04T11:54:47+00:00","description":"Covoare mici de siguran\u021b\u0103 pentru castele gonflabile \u2013 spum\u0103 EPE, pliabil \u00een trei sec\u021biuni, \u00eenveli\u0219 din prelat\u0103 PU. Siguran\u021b\u0103 maxim\u0103 \u00een zona de intrare \u0219i ie\u0219ire, ideal pentru firme de \u00eenchiriere.","breadcrumb":{"@id":"https:\/\/dodo-inflatables.com\/ro\/produs\/covoare-mici-de-siguranta-pentru-castele-gonflabile-120-x-120-x-5-cm\/#breadcrumb"},"inLanguage":"ro-RO","potentialAction":[{"@type":"ReadAction","target":["https:\/\/dodo-inflatables.com\/ro\/produs\/covoare-mici-de-siguranta-pentru-castele-gonflabile-120-x-120-x-5-cm\/"]}]},{"@type":"ImageObject","inLanguage":"ro-RO","@id":"https:\/\/dodo-inflatables.com\/ro\/produs\/covoare-mici-de-siguranta-pentru-castele-gonflabile-120-x-120-x-5-cm\/#primaryimage","url":"https:\/\/dodo-inflatables.com\/wp-content\/uploads\/2026\/04\/Buy-small-fall-protection-mats-for-bouncy-castles-06.jpg","contentUrl":"https:\/\/dodo-inflatables.com\/wp-content\/uploads\/2026\/04\/Buy-small-fall-protection-mats-for-bouncy-castles-06.jpg","width":1000,"height":1000,"caption":"Covoare mici de siguran\u021b\u0103 pentru castele gonflabile 120 x 120 x 5 cm | Dodo Inflatables"},{"@type":"BreadcrumbList","@id":"https:\/\/dodo-inflatables.com\/ro\/produs\/covoare-mici-de-siguranta-pentru-castele-gonflabile-120-x-120-x-5-cm\/#breadcrumb","itemListElement":[{"@type":"ListItem","position":1,"name":"Prima pagin\u0103","item":"https:\/\/dodo-inflatables.com\/ro\/"},{"@type":"ListItem","position":2,"name":"Magazin","item":"https:\/\/dodo-inflatables.com\/ro\/magazin\/"},{"@type":"ListItem","position":3,"name":"Covoare mici de siguran\u021b\u0103 pentru castele gonflabile 120 x 120 x 5 cm"}]},{"@type":"WebSite","@id":"https:\/\/dodo-inflatables.com\/ro\/#website","url":"https:\/\/dodo-inflatables.com\/ro\/","name":"dodo-inflatables.com","description":"Cump\u0103ra\u021bi castele gonflabile \u0219i atrac\u021bii din magazinul nostru.","potentialAction":[{"@type":"SearchAction","target":{"@type":"EntryPoint","urlTemplate":"https:\/\/dodo-inflatables.com\/ro\/?s={search_term_string}"},"query-input":{"@type":"PropertyValueSpecification","valueRequired":true,"valueName":"search_term_string"}}],"inLanguage":"ro-RO"}]}},"uagb_featured_image_src":{"full":["https:\/\/dodo-inflatables.com\/wp-content\/uploads\/2026\/04\/Buy-small-fall-protection-mats-for-bouncy-castles-06.jpg",1000,1000,false],"thumbnail":["https:\/\/dodo-inflatables.com\/wp-content\/uploads\/2026\/04\/Buy-small-fall-protection-mats-for-bouncy-castles-06-150x150.jpg",150,150,true],"medium":["https:\/\/dodo-inflatables.com\/wp-content\/uploads\/2026\/04\/Buy-small-fall-protection-mats-for-bouncy-castles-06-300x300.jpg",300,300,true],"medium_large":["https:\/\/dodo-inflatables.com\/wp-content\/uploads\/2026\/04\/Buy-small-fall-protection-mats-for-bouncy-castles-06-768x768.jpg",768,768,true],"large":["https:\/\/dodo-inflatables.com\/wp-content\/uploads\/2026\/04\/Buy-small-fall-protection-mats-for-bouncy-castles-06.jpg",1000,1000,false],"1536x1536":["https:\/\/dodo-inflatables.com\/wp-content\/uploads\/2026\/04\/Buy-small-fall-protection-mats-for-bouncy-castles-06.jpg",1000,1000,false],"2048x2048":["https:\/\/dodo-inflatables.com\/wp-content\/uploads\/2026\/04\/Buy-small-fall-protection-mats-for-bouncy-castles-06.jpg",1000,1000,false],"woocommerce_thumbnail":["https:\/\/dodo-inflatables.com\/wp-content\/uploads\/2026\/04\/Buy-small-fall-protection-mats-for-bouncy-castles-06-900x900.jpg",900,900,true],"woocommerce_single":["https:\/\/dodo-inflatables.com\/wp-content\/uploads\/2026\/04\/Buy-small-fall-protection-mats-for-bouncy-castles-06-900x900.jpg",900,900,true],"woocommerce_gallery_thumbnail":["https:\/\/dodo-inflatables.com\/wp-content\/uploads\/2026\/04\/Buy-small-fall-protection-mats-for-bouncy-castles-06-100x100.jpg",100,100,true]},"uagb_author_info":{"display_name":"Andreas","author_link":"https:\/\/dodo-inflatables.com\/ro\/author\/"},"uagb_comment_info":0,"uagb_excerpt":"Dimensiuni deschise: 120 x 120 x 5 cm Dimensiuni pliate: 60 x 120 x 10 cm Material spum\u0103: EPE RG 18 Material \u00eenveli\u0219: \u021bes\u0103tur\u0103 din prelat\u0103 PU, grosime 0,6 mm Greutate: 2,8 kg","_links":{"self":[{"href":"https:\/\/dodo-inflatables.com\/ro\/wp-json\/wp\/v2\/product\/105593","targetHints":{"allow":["GET"]}}],"collection":[{"href":"https:\/\/dodo-inflatables.com\/ro\/wp-json\/wp\/v2\/product"}],"about":[{"href":"https:\/\/dodo-inflatables.com\/ro\/wp-json\/wp\/v2\/types\/product"}],"replies":[{"embeddable":true,"href":"https:\/\/dodo-inflatables.com\/ro\/wp-json\/wp\/v2\/comments?post=105593"}],"wp:featuredmedia":[{"embeddable":true,"href":"https:\/\/dodo-inflatables.com\/ro\/wp-json\/wp\/v2\/media\/105587"}],"wp:attachment":[{"href":"https:\/\/dodo-inflatables.com\/ro\/wp-json\/wp\/v2\/media?parent=105593"}],"wp:term":[{"taxonomy":"product_brand","embeddable":true,"href":"https:\/\/dodo-inflatables.com\/ro\/wp-json\/wp\/v2\/product_brand?post=105593"},{"taxonomy":"product_cat","embeddable":true,"href":"https:\/\/dodo-inflatables.com\/ro\/wp-json\/wp\/v2\/product_cat?post=105593"},{"taxonomy":"product_tag","embeddable":true,"href":"https:\/\/dodo-inflatables.com\/ro\/wp-json\/wp\/v2\/product_tag?post=105593"}],"curies":[{"name":"wp","href":"https:\/\/api.w.org\/{rel}","templated":true}]}}