{"id":105732,"date":"2026-04-04T13:54:46","date_gmt":"2026-04-04T11:54:46","guid":{"rendered":"https:\/\/dodo-inflatables.com\/dodo-relaunch?product=set-de-6-mingi-de-fotbal-velcro-profesionale"},"modified":"2026-04-04T13:54:46","modified_gmt":"2026-04-04T11:54:46","slug":"set-de-6-mingi-de-fotbal-velcro-profesionale","status":"publish","type":"product","link":"https:\/\/dodo-inflatables.com\/ro\/produs\/set-de-6-mingi-de-fotbal-velcro-profesionale\/","title":{"rendered":"Set de 6 mingi de fotbal velcro profesionale"},"content":{"rendered":"<h2><strong>Set de 6 mingi de fotbal velcro profesionale \u2013 Mai mult\u0103 distrac\u021bie \u00eentr-un set practic!<\/strong><\/h2>\n<p>Ave\u021bi nevoie de mai multe mingi pentru jocul dvs. de fotbal cu darts? Atunci <strong>setul nostru de 6 mingi de fotbal velcro profesionale<\/strong> este exact ceea ce ave\u021bi nevoie! Aceste mingi velcro de \u00eenalt\u0103 calitate ofer\u0103 o aderen\u021b\u0103 excelent\u0103 \u0219i las\u0103 mai pu\u021bine fibre enervante pe suprafa\u021ba velcro. Datorit\u0103 finisajului velcro optimizat, sunt durabile \u0219i asigur\u0103 lovituri precise.<br \/>\n<em>Avantajele dvs.:<\/em><br \/>\n\u2705 Calitate premium \u2013 Mai pu\u021bine fibre, aderen\u021b\u0103 excelent\u0103!<br \/>\n\u2705 Avantajul setului practic \u2013 Ideal dac\u0103 ave\u021bi nevoie de mai multe mingi pentru utilizare regulat\u0103<br \/>\n<em>Detalii produs:<\/em><br \/>\n\u26bd Set de 6 mingi de fotbal velcro profesionale<br \/>\n\u26bd Diametru: 21 cm<br \/>\n\u26bd Culori: ro\u0219u, galben, negru (culorile sunt selectate aleatoriu)<br \/>\nMai multe mingi \u2013 mai mult\u0103 distrac\u021bie! Comanda\u021bi acum setul dvs. de 6 mingi de fotbal velcro profesionale!<\/p>\n","protected":false},"excerpt":{"rendered":"<p>\u26bd Set de 6 mingi de fotbal velcro profesionale<br \/>\n\u26bd Diametru: 21 cm<br \/>\n\u26bd Culori: ro\u0219u, galben, negru (culorile sunt selectate aleatoriu)<\/p>\n","protected":false},"featured_media":105731,"comment_status":"open","ping_status":"closed","template":"","meta":{"_acf_changed":false,"_uag_custom_page_level_css":"","site-sidebar-layout":"default","site-content-layout":"boxed-container","ast-site-content-layout":"normal-width-container","site-content-style":"boxed","site-sidebar-style":"default","ast-global-header-display":"","ast-banner-title-visibility":"","ast-main-header-display":"","ast-hfb-above-header-display":"","ast-hfb-below-header-display":"","ast-hfb-mobile-header-display":"","site-post-title":"disabled","ast-breadcrumbs-content":"","ast-featured-img":"","footer-sml-layout":"","ast-disable-related-posts":"","theme-transparent-header-meta":"default","adv-header-id-meta":"","stick-header-meta":"default","header-above-stick-meta":"","header-main-stick-meta":"","header-below-stick-meta":"","astra-migrate-meta-layouts":"default","ast-page-background-enabled":"default","ast-page-background-meta":{"desktop":{"background-color":"var(--ast-global-color-4)","background-image":"","background-repeat":"repeat","background-position":"center center","background-size":"auto","background-attachment":"scroll","background-type":"","background-media":"","overlay-type":"","overlay-color":"","overlay-opacity":"","overlay-gradient":""},"tablet":{"background-color":"","background-image":"","background-repeat":"repeat","background-position":"center center","background-size":"auto","background-attachment":"scroll","background-type":"","background-media":"","overlay-type":"","overlay-color":"","overlay-opacity":"","overlay-gradient":""},"mobile":{"background-color":"","background-image":"","background-repeat":"repeat","background-position":"center center","background-size":"auto","background-attachment":"scroll","background-type":"","background-media":"","overlay-type":"","overlay-color":"","overlay-opacity":"","overlay-gradient":""}},"ast-content-background-meta":{"desktop":{"background-color":"var(--ast-global-color-5)","background-image":"","background-repeat":"repeat","background-position":"center center","background-size":"auto","background-attachment":"scroll","background-type":"","background-media":"","overlay-type":"","overlay-color":"","overlay-opacity":"","overlay-gradient":""},"tablet":{"background-color":"var(--ast-global-color-5)","background-image":"","background-repeat":"repeat","background-position":"center center","background-size":"auto","background-attachment":"scroll","background-type":"","background-media":"","overlay-type":"","overlay-color":"","overlay-opacity":"","overlay-gradient":""},"mobile":{"background-color":"var(--ast-global-color-5)","background-image":"","background-repeat":"repeat","background-position":"center center","background-size":"auto","background-attachment":"scroll","background-type":"","background-media":"","overlay-type":"","overlay-color":"","overlay-opacity":"","overlay-gradient":""}}},"product_brand":[],"product_cat":[1146],"product_tag":[],"class_list":{"0":"post-105732","1":"product","2":"type-product","3":"status-publish","4":"has-post-thumbnail","6":"product_cat-accesorii","7":"product_shipping_class-zubehor-ro","8":"desktop-align-center","9":"tablet-align-center","10":"mobile-align-center","11":"ast-product-gallery-layout-horizontal","12":"ast-product-tabs-layout-horizontal","14":"first","15":"instock","16":"sale","17":"taxable","18":"shipping-taxable","19":"purchasable","20":"product-type-simple"},"acf":[],"yoast_head":"<!-- This site is optimized with the Yoast SEO plugin v27.5 - https:\/\/yoast.com\/product\/yoast-seo-wordpress\/ -->\n<title>Set de 6 mingi de fotbal velcro profesionale | Dodo Inflatables<\/title>\n<meta name=\"description\" content=\"Set de 6 mingi de fotbal velcro profesionale \u2013 diametru 21 cm, aderen\u021b\u0103 excelent\u0103, mai pu\u021bine fibre. Ro\u0219u, galben, negru \u2013 ideal pentru jocul de fotbal cu darts.\" \/>\n<meta name=\"robots\" content=\"index, follow, max-snippet:-1, max-image-preview:large, max-video-preview:-1\" \/>\n<link rel=\"canonical\" href=\"https:\/\/dodo-inflatables.com\/ro\/produs\/set-de-6-mingi-de-fotbal-velcro-profesionale\/\" \/>\n<meta name=\"twitter:label1\" content=\"Timp estimat pentru citire\" \/>\n\t<meta name=\"twitter:data1\" content=\"1 minut\" \/>\n<script type=\"application\/ld+json\" class=\"yoast-schema-graph\">{\"@context\":\"https:\\\/\\\/schema.org\",\"@graph\":[{\"@type\":\"WebPage\",\"@id\":\"https:\\\/\\\/dodo-inflatables.com\\\/ro\\\/produs\\\/set-de-6-mingi-de-fotbal-velcro-profesionale\\\/\",\"url\":\"https:\\\/\\\/dodo-inflatables.com\\\/ro\\\/produs\\\/set-de-6-mingi-de-fotbal-velcro-profesionale\\\/\",\"name\":\"Set de 6 mingi de fotbal velcro profesionale | Dodo Inflatables\",\"isPartOf\":{\"@id\":\"https:\\\/\\\/dodo-inflatables.com\\\/ro\\\/#website\"},\"primaryImageOfPage\":{\"@id\":\"https:\\\/\\\/dodo-inflatables.com\\\/ro\\\/produs\\\/set-de-6-mingi-de-fotbal-velcro-profesionale\\\/#primaryimage\"},\"image\":{\"@id\":\"https:\\\/\\\/dodo-inflatables.com\\\/ro\\\/produs\\\/set-de-6-mingi-de-fotbal-velcro-profesionale\\\/#primaryimage\"},\"thumbnailUrl\":\"https:\\\/\\\/dodo-inflatables.com\\\/wp-content\\\/uploads\\\/2026\\\/04\\\/6er-set-klettbaelle-fussball-dart.jpg\",\"datePublished\":\"2026-04-04T11:54:46+00:00\",\"description\":\"Set de 6 mingi de fotbal velcro profesionale \u2013 diametru 21 cm, aderen\u021b\u0103 excelent\u0103, mai pu\u021bine fibre. Ro\u0219u, galben, negru \u2013 ideal pentru jocul de fotbal cu darts.\",\"breadcrumb\":{\"@id\":\"https:\\\/\\\/dodo-inflatables.com\\\/ro\\\/produs\\\/set-de-6-mingi-de-fotbal-velcro-profesionale\\\/#breadcrumb\"},\"inLanguage\":\"ro-RO\",\"potentialAction\":[{\"@type\":\"ReadAction\",\"target\":[\"https:\\\/\\\/dodo-inflatables.com\\\/ro\\\/produs\\\/set-de-6-mingi-de-fotbal-velcro-profesionale\\\/\"]}]},{\"@type\":\"ImageObject\",\"inLanguage\":\"ro-RO\",\"@id\":\"https:\\\/\\\/dodo-inflatables.com\\\/ro\\\/produs\\\/set-de-6-mingi-de-fotbal-velcro-profesionale\\\/#primaryimage\",\"url\":\"https:\\\/\\\/dodo-inflatables.com\\\/wp-content\\\/uploads\\\/2026\\\/04\\\/6er-set-klettbaelle-fussball-dart.jpg\",\"contentUrl\":\"https:\\\/\\\/dodo-inflatables.com\\\/wp-content\\\/uploads\\\/2026\\\/04\\\/6er-set-klettbaelle-fussball-dart.jpg\",\"width\":1000,\"height\":1000,\"caption\":\"Set de 6 mingi de fotbal velcro profesionale | Dodo Inflatables\"},{\"@type\":\"BreadcrumbList\",\"@id\":\"https:\\\/\\\/dodo-inflatables.com\\\/ro\\\/produs\\\/set-de-6-mingi-de-fotbal-velcro-profesionale\\\/#breadcrumb\",\"itemListElement\":[{\"@type\":\"ListItem\",\"position\":1,\"name\":\"Prima pagin\u0103\",\"item\":\"https:\\\/\\\/dodo-inflatables.com\\\/ro\\\/\"},{\"@type\":\"ListItem\",\"position\":2,\"name\":\"Magazin\",\"item\":\"https:\\\/\\\/dodo-inflatables.com\\\/ro\\\/magazin\\\/\"},{\"@type\":\"ListItem\",\"position\":3,\"name\":\"Set de 6 mingi de fotbal velcro profesionale\"}]},{\"@type\":\"WebSite\",\"@id\":\"https:\\\/\\\/dodo-inflatables.com\\\/ro\\\/#website\",\"url\":\"https:\\\/\\\/dodo-inflatables.com\\\/ro\\\/\",\"name\":\"dodo-inflatables.com\",\"description\":\"Cump\u0103ra\u021bi castele gonflabile \u0219i atrac\u021bii din magazinul nostru.\",\"potentialAction\":[{\"@type\":\"SearchAction\",\"target\":{\"@type\":\"EntryPoint\",\"urlTemplate\":\"https:\\\/\\\/dodo-inflatables.com\\\/ro\\\/?s={search_term_string}\"},\"query-input\":{\"@type\":\"PropertyValueSpecification\",\"valueRequired\":true,\"valueName\":\"search_term_string\"}}],\"inLanguage\":\"ro-RO\"}]}<\/script>\n<!-- \/ Yoast SEO plugin. -->","yoast_head_json":{"title":"Set de 6 mingi de fotbal velcro profesionale | Dodo Inflatables","description":"Set de 6 mingi de fotbal velcro profesionale \u2013 diametru 21 cm, aderen\u021b\u0103 excelent\u0103, mai pu\u021bine fibre. Ro\u0219u, galben, negru \u2013 ideal pentru jocul de fotbal cu darts.","robots":{"index":"index","follow":"follow","max-snippet":"max-snippet:-1","max-image-preview":"max-image-preview:large","max-video-preview":"max-video-preview:-1"},"canonical":"https:\/\/dodo-inflatables.com\/ro\/produs\/set-de-6-mingi-de-fotbal-velcro-profesionale\/","twitter_misc":{"Timp estimat pentru citire":"1 minut"},"schema":{"@context":"https:\/\/schema.org","@graph":[{"@type":"WebPage","@id":"https:\/\/dodo-inflatables.com\/ro\/produs\/set-de-6-mingi-de-fotbal-velcro-profesionale\/","url":"https:\/\/dodo-inflatables.com\/ro\/produs\/set-de-6-mingi-de-fotbal-velcro-profesionale\/","name":"Set de 6 mingi de fotbal velcro profesionale | Dodo Inflatables","isPartOf":{"@id":"https:\/\/dodo-inflatables.com\/ro\/#website"},"primaryImageOfPage":{"@id":"https:\/\/dodo-inflatables.com\/ro\/produs\/set-de-6-mingi-de-fotbal-velcro-profesionale\/#primaryimage"},"image":{"@id":"https:\/\/dodo-inflatables.com\/ro\/produs\/set-de-6-mingi-de-fotbal-velcro-profesionale\/#primaryimage"},"thumbnailUrl":"https:\/\/dodo-inflatables.com\/wp-content\/uploads\/2026\/04\/6er-set-klettbaelle-fussball-dart.jpg","datePublished":"2026-04-04T11:54:46+00:00","description":"Set de 6 mingi de fotbal velcro profesionale \u2013 diametru 21 cm, aderen\u021b\u0103 excelent\u0103, mai pu\u021bine fibre. Ro\u0219u, galben, negru \u2013 ideal pentru jocul de fotbal cu darts.","breadcrumb":{"@id":"https:\/\/dodo-inflatables.com\/ro\/produs\/set-de-6-mingi-de-fotbal-velcro-profesionale\/#breadcrumb"},"inLanguage":"ro-RO","potentialAction":[{"@type":"ReadAction","target":["https:\/\/dodo-inflatables.com\/ro\/produs\/set-de-6-mingi-de-fotbal-velcro-profesionale\/"]}]},{"@type":"ImageObject","inLanguage":"ro-RO","@id":"https:\/\/dodo-inflatables.com\/ro\/produs\/set-de-6-mingi-de-fotbal-velcro-profesionale\/#primaryimage","url":"https:\/\/dodo-inflatables.com\/wp-content\/uploads\/2026\/04\/6er-set-klettbaelle-fussball-dart.jpg","contentUrl":"https:\/\/dodo-inflatables.com\/wp-content\/uploads\/2026\/04\/6er-set-klettbaelle-fussball-dart.jpg","width":1000,"height":1000,"caption":"Set de 6 mingi de fotbal velcro profesionale | Dodo Inflatables"},{"@type":"BreadcrumbList","@id":"https:\/\/dodo-inflatables.com\/ro\/produs\/set-de-6-mingi-de-fotbal-velcro-profesionale\/#breadcrumb","itemListElement":[{"@type":"ListItem","position":1,"name":"Prima pagin\u0103","item":"https:\/\/dodo-inflatables.com\/ro\/"},{"@type":"ListItem","position":2,"name":"Magazin","item":"https:\/\/dodo-inflatables.com\/ro\/magazin\/"},{"@type":"ListItem","position":3,"name":"Set de 6 mingi de fotbal velcro profesionale"}]},{"@type":"WebSite","@id":"https:\/\/dodo-inflatables.com\/ro\/#website","url":"https:\/\/dodo-inflatables.com\/ro\/","name":"dodo-inflatables.com","description":"Cump\u0103ra\u021bi castele gonflabile \u0219i atrac\u021bii din magazinul nostru.","potentialAction":[{"@type":"SearchAction","target":{"@type":"EntryPoint","urlTemplate":"https:\/\/dodo-inflatables.com\/ro\/?s={search_term_string}"},"query-input":{"@type":"PropertyValueSpecification","valueRequired":true,"valueName":"search_term_string"}}],"inLanguage":"ro-RO"}]}},"uagb_featured_image_src":{"full":["https:\/\/dodo-inflatables.com\/wp-content\/uploads\/2026\/04\/6er-set-klettbaelle-fussball-dart.jpg",1000,1000,false],"thumbnail":["https:\/\/dodo-inflatables.com\/wp-content\/uploads\/2026\/04\/6er-set-klettbaelle-fussball-dart-150x150.jpg",150,150,true],"medium":["https:\/\/dodo-inflatables.com\/wp-content\/uploads\/2026\/04\/6er-set-klettbaelle-fussball-dart-300x300.jpg",300,300,true],"medium_large":["https:\/\/dodo-inflatables.com\/wp-content\/uploads\/2026\/04\/6er-set-klettbaelle-fussball-dart-768x768.jpg",768,768,true],"large":["https:\/\/dodo-inflatables.com\/wp-content\/uploads\/2026\/04\/6er-set-klettbaelle-fussball-dart.jpg",1000,1000,false],"1536x1536":["https:\/\/dodo-inflatables.com\/wp-content\/uploads\/2026\/04\/6er-set-klettbaelle-fussball-dart.jpg",1000,1000,false],"2048x2048":["https:\/\/dodo-inflatables.com\/wp-content\/uploads\/2026\/04\/6er-set-klettbaelle-fussball-dart.jpg",1000,1000,false],"woocommerce_thumbnail":["https:\/\/dodo-inflatables.com\/wp-content\/uploads\/2026\/04\/6er-set-klettbaelle-fussball-dart-900x900.jpg",900,900,true],"woocommerce_single":["https:\/\/dodo-inflatables.com\/wp-content\/uploads\/2026\/04\/6er-set-klettbaelle-fussball-dart-900x900.jpg",900,900,true],"woocommerce_gallery_thumbnail":["https:\/\/dodo-inflatables.com\/wp-content\/uploads\/2026\/04\/6er-set-klettbaelle-fussball-dart-100x100.jpg",100,100,true]},"uagb_author_info":{"display_name":"Andreas","author_link":"https:\/\/dodo-inflatables.com\/ro\/author\/"},"uagb_comment_info":0,"uagb_excerpt":"\u26bd Set de 6 mingi de fotbal velcro profesionale \u26bd Diametru: 21 cm \u26bd Culori: ro\u0219u, galben, negru (culorile sunt selectate aleatoriu)","_links":{"self":[{"href":"https:\/\/dodo-inflatables.com\/ro\/wp-json\/wp\/v2\/product\/105732","targetHints":{"allow":["GET"]}}],"collection":[{"href":"https:\/\/dodo-inflatables.com\/ro\/wp-json\/wp\/v2\/product"}],"about":[{"href":"https:\/\/dodo-inflatables.com\/ro\/wp-json\/wp\/v2\/types\/product"}],"replies":[{"embeddable":true,"href":"https:\/\/dodo-inflatables.com\/ro\/wp-json\/wp\/v2\/comments?post=105732"}],"wp:featuredmedia":[{"embeddable":true,"href":"https:\/\/dodo-inflatables.com\/ro\/wp-json\/wp\/v2\/media\/105731"}],"wp:attachment":[{"href":"https:\/\/dodo-inflatables.com\/ro\/wp-json\/wp\/v2\/media?parent=105732"}],"wp:term":[{"taxonomy":"product_brand","embeddable":true,"href":"https:\/\/dodo-inflatables.com\/ro\/wp-json\/wp\/v2\/product_brand?post=105732"},{"taxonomy":"product_cat","embeddable":true,"href":"https:\/\/dodo-inflatables.com\/ro\/wp-json\/wp\/v2\/product_cat?post=105732"},{"taxonomy":"product_tag","embeddable":true,"href":"https:\/\/dodo-inflatables.com\/ro\/wp-json\/wp\/v2\/product_tag?post=105732"}],"curies":[{"name":"wp","href":"https:\/\/api.w.org\/{rel}","templated":true}]}}