{"id":105766,"date":"2026-04-04T13:54:46","date_gmt":"2026-04-04T11:54:46","guid":{"rendered":"https:\/\/dodo-inflatables.com\/dodo-relaunch?product=16-pack-huawei-reh-1-5e-suflante-pentru-castele-gonflabile"},"modified":"2026-04-04T13:54:46","modified_gmt":"2026-04-04T11:54:46","slug":"16-pack-huawei-reh-1-5e-suflante-pentru-castele-gonflabile","status":"publish","type":"product","link":"https:\/\/dodo-inflatables.com\/ro\/produs\/16-pack-huawei-reh-1-5e-suflante-pentru-castele-gonflabile\/","title":{"rendered":"16-Pack Huawei REH-1.5E suflante pentru castele gonflabile"},"content":{"rendered":"<h2>16-Pack Huawei REH-1.5E suflante pentru castele gonflabile \u2013 Acum disponibil ca pachet de valoare!<\/h2>\n<p>Pentru firmele de \u00eenchiriere, organizatorii de evenimente sau clien\u021bii cu o flot\u0103 mai mare de castele gonflabile, pachetul nostru de 16 suflante Huawei REH-1.5E este alegerea perfect\u0103. Asigura\u021bi-v\u0103 o palet\u0103 complet\u0103 cu 16 suflante \u0219i echipa\u021bi-v\u0103 inventarul eficient cu acest pachet practic.<br \/>\n<strong>De ce s\u0103 alege\u021bi acest set?<\/strong><br \/>\n\u2705 <em>Flux de aer puternic<\/em> \u2013 Suflantele Huawei de 1,5 HP asigur\u0103 umflarea rapid\u0103 \u0219i presiunea stabil\u0103 a aerului, astfel \u00eenc\u00e2t castelele dvs. gonflabile sunt \u00eentotdeauna gata de utilizare.<br \/>\n\u2705 <em>Ideal pentru inventare mai mari<\/em> \u2013 O solu\u021bie practic\u0103 pentru companii \u0219i operatori care au nevoie de mai multe suflante pentru utilizare regulat\u0103.<br \/>\n\u2705 <em>Extensibil pentru \u0219i mai mare eficien\u021b\u0103<\/em> \u2013 Suflantele sunt compatibile cu:<br \/>\n&#8211; Accesorii deflator \u0219i deflator dublu pentru eliminarea mai rapid\u0103 a aerului \u00een timpul \u00eempachet\u0103rii.<br \/>\n&#8211; Accesorii de \u00eenc\u0103lzire pentru uscarea castelelor gonflabile umede cu aer \u00eenc\u0103lzit (ambele accesorii v\u00e2ndute separat).<br \/>\n<strong>Detalii produs (per suflant\u0103):<\/strong><br \/>\n&#8211; Material: carcas\u0103 din plastic de \u00eenalt\u0103 calitate<br \/>\n&#8211; Putere: 1,35 kW (ie\u0219ire), 1,8 kW (intrare), 1,5 HP<br \/>\n&#8211; Conexiune: \u0219techer Schuko<br \/>\n&#8211; Diametrul p\u00e2lniei: 14,5 cm<br \/>\n&#8211; Dimensiuni: 49 x 38,5 x 49,5 cm<br \/>\n&#8211; Greutate: 16,8 kg<br \/>\n&#8211; Nivel de zgomot: 85 dB<br \/>\n&#8211; Nr. de \u00eenregistrare WEEE: DE 82972723<br \/>\nProfita\u021bi de acest pachet practic pentru a v\u0103 extinde inventarul eficient. Comanda\u021bi acum paleta dvs. cu 16 suflante Huawei!<\/p>\n","protected":false},"excerpt":{"rendered":"<p><strong>Detalii produs (per suflant\u0103):<\/strong><br \/>\n&#8211; Material: carcas\u0103 din plastic de \u00eenalt\u0103 calitate<br \/>\n&#8211; Putere: 1,35 kW (ie\u0219ire), 1,8 kW (intrare), 1,5 HP<br \/>\n&#8211; Conexiune: \u0219techer Schuko<br \/>\n&#8211; Diametrul p\u00e2lniei: 14,5 cm<br \/>\n&#8211; Dimensiuni: 49 x 38,5 x 49,5 cm<br \/>\n&#8211; Greutate: 16,8 kg<br \/>\n&#8211; Nivel de zgomot: 85 dB<br \/>\n&#8211; Nr. de \u00eenregistrare WEEE: DE 82972723<\/p>\n","protected":false},"featured_media":105765,"comment_status":"open","ping_status":"closed","template":"","meta":{"_acf_changed":false,"_uag_custom_page_level_css":"","site-sidebar-layout":"default","site-content-layout":"boxed-container","ast-site-content-layout":"normal-width-container","site-content-style":"boxed","site-sidebar-style":"default","ast-global-header-display":"","ast-banner-title-visibility":"","ast-main-header-display":"","ast-hfb-above-header-display":"","ast-hfb-below-header-display":"","ast-hfb-mobile-header-display":"","site-post-title":"disabled","ast-breadcrumbs-content":"","ast-featured-img":"","footer-sml-layout":"","ast-disable-related-posts":"","theme-transparent-header-meta":"default","adv-header-id-meta":"","stick-header-meta":"default","header-above-stick-meta":"","header-main-stick-meta":"","header-below-stick-meta":"","astra-migrate-meta-layouts":"default","ast-page-background-enabled":"default","ast-page-background-meta":{"desktop":{"background-color":"var(--ast-global-color-4)","background-image":"","background-repeat":"repeat","background-position":"center center","background-size":"auto","background-attachment":"scroll","background-type":"","background-media":"","overlay-type":"","overlay-color":"","overlay-opacity":"","overlay-gradient":""},"tablet":{"background-color":"","background-image":"","background-repeat":"repeat","background-position":"center center","background-size":"auto","background-attachment":"scroll","background-type":"","background-media":"","overlay-type":"","overlay-color":"","overlay-opacity":"","overlay-gradient":""},"mobile":{"background-color":"","background-image":"","background-repeat":"repeat","background-position":"center center","background-size":"auto","background-attachment":"scroll","background-type":"","background-media":"","overlay-type":"","overlay-color":"","overlay-opacity":"","overlay-gradient":""}},"ast-content-background-meta":{"desktop":{"background-color":"var(--ast-global-color-5)","background-image":"","background-repeat":"repeat","background-position":"center center","background-size":"auto","background-attachment":"scroll","background-type":"","background-media":"","overlay-type":"","overlay-color":"","overlay-opacity":"","overlay-gradient":""},"tablet":{"background-color":"var(--ast-global-color-5)","background-image":"","background-repeat":"repeat","background-position":"center center","background-size":"auto","background-attachment":"scroll","background-type":"","background-media":"","overlay-type":"","overlay-color":"","overlay-opacity":"","overlay-gradient":""},"mobile":{"background-color":"var(--ast-global-color-5)","background-image":"","background-repeat":"repeat","background-position":"center center","background-size":"auto","background-attachment":"scroll","background-type":"","background-media":"","overlay-type":"","overlay-color":"","overlay-opacity":"","overlay-gradient":""}}},"product_brand":[],"product_cat":[1146],"product_tag":[],"class_list":{"0":"post-105766","1":"product","2":"type-product","3":"status-publish","4":"has-post-thumbnail","6":"product_cat-accesorii","7":"product_shipping_class-spedition-hupfburg-ro","8":"desktop-align-center","9":"tablet-align-center","10":"mobile-align-center","11":"ast-product-gallery-layout-horizontal","12":"ast-product-tabs-layout-horizontal","14":"first","15":"instock","16":"sale","17":"taxable","18":"shipping-taxable","19":"purchasable","20":"product-type-simple"},"acf":[],"yoast_head":"<!-- This site is optimized with the Yoast SEO plugin v27.5 - https:\/\/yoast.com\/product\/yoast-seo-wordpress\/ -->\n<title>16-Pack Huawei REH-1.5E suflante pentru castele gonflabile | Dodo Inflatables<\/title>\n<meta name=\"description\" content=\"16-Pack Huawei REH-1.5E suflante pentru castele gonflabile \u2013 1,5 HP, 85 dB, diametrul p\u00e2lniei 14,5 cm. Pachet de valoare ideal pentru firmele de \u00eenchiriere cu flote mai mari de castele gonflabile.\" \/>\n<meta name=\"robots\" content=\"index, follow, max-snippet:-1, max-image-preview:large, max-video-preview:-1\" \/>\n<link rel=\"canonical\" href=\"https:\/\/dodo-inflatables.com\/ro\/produs\/16-pack-huawei-reh-1-5e-suflante-pentru-castele-gonflabile\/\" \/>\n<meta name=\"twitter:label1\" content=\"Timp estimat pentru citire\" \/>\n\t<meta name=\"twitter:data1\" content=\"1 minut\" \/>\n<script type=\"application\/ld+json\" class=\"yoast-schema-graph\">{\"@context\":\"https:\\\/\\\/schema.org\",\"@graph\":[{\"@type\":\"WebPage\",\"@id\":\"https:\\\/\\\/dodo-inflatables.com\\\/ro\\\/produs\\\/16-pack-huawei-reh-1-5e-suflante-pentru-castele-gonflabile\\\/\",\"url\":\"https:\\\/\\\/dodo-inflatables.com\\\/ro\\\/produs\\\/16-pack-huawei-reh-1-5e-suflante-pentru-castele-gonflabile\\\/\",\"name\":\"16-Pack Huawei REH-1.5E suflante pentru castele gonflabile | Dodo Inflatables\",\"isPartOf\":{\"@id\":\"https:\\\/\\\/dodo-inflatables.com\\\/ro\\\/#website\"},\"primaryImageOfPage\":{\"@id\":\"https:\\\/\\\/dodo-inflatables.com\\\/ro\\\/produs\\\/16-pack-huawei-reh-1-5e-suflante-pentru-castele-gonflabile\\\/#primaryimage\"},\"image\":{\"@id\":\"https:\\\/\\\/dodo-inflatables.com\\\/ro\\\/produs\\\/16-pack-huawei-reh-1-5e-suflante-pentru-castele-gonflabile\\\/#primaryimage\"},\"thumbnailUrl\":\"https:\\\/\\\/dodo-inflatables.com\\\/wp-content\\\/uploads\\\/2026\\\/04\\\/huawei-huepfburg-geblaese-kaufen.jpg\",\"datePublished\":\"2026-04-04T11:54:46+00:00\",\"description\":\"16-Pack Huawei REH-1.5E suflante pentru castele gonflabile \u2013 1,5 HP, 85 dB, diametrul p\u00e2lniei 14,5 cm. Pachet de valoare ideal pentru firmele de \u00eenchiriere cu flote mai mari de castele gonflabile.\",\"breadcrumb\":{\"@id\":\"https:\\\/\\\/dodo-inflatables.com\\\/ro\\\/produs\\\/16-pack-huawei-reh-1-5e-suflante-pentru-castele-gonflabile\\\/#breadcrumb\"},\"inLanguage\":\"ro-RO\",\"potentialAction\":[{\"@type\":\"ReadAction\",\"target\":[\"https:\\\/\\\/dodo-inflatables.com\\\/ro\\\/produs\\\/16-pack-huawei-reh-1-5e-suflante-pentru-castele-gonflabile\\\/\"]}]},{\"@type\":\"ImageObject\",\"inLanguage\":\"ro-RO\",\"@id\":\"https:\\\/\\\/dodo-inflatables.com\\\/ro\\\/produs\\\/16-pack-huawei-reh-1-5e-suflante-pentru-castele-gonflabile\\\/#primaryimage\",\"url\":\"https:\\\/\\\/dodo-inflatables.com\\\/wp-content\\\/uploads\\\/2026\\\/04\\\/huawei-huepfburg-geblaese-kaufen.jpg\",\"contentUrl\":\"https:\\\/\\\/dodo-inflatables.com\\\/wp-content\\\/uploads\\\/2026\\\/04\\\/huawei-huepfburg-geblaese-kaufen.jpg\",\"width\":1000,\"height\":1000,\"caption\":\"16-Pack Huawei REH-1.5E suflante pentru castele gonflabile | Dodo Inflatables\"},{\"@type\":\"BreadcrumbList\",\"@id\":\"https:\\\/\\\/dodo-inflatables.com\\\/ro\\\/produs\\\/16-pack-huawei-reh-1-5e-suflante-pentru-castele-gonflabile\\\/#breadcrumb\",\"itemListElement\":[{\"@type\":\"ListItem\",\"position\":1,\"name\":\"Prima pagin\u0103\",\"item\":\"https:\\\/\\\/dodo-inflatables.com\\\/ro\\\/\"},{\"@type\":\"ListItem\",\"position\":2,\"name\":\"Magazin\",\"item\":\"https:\\\/\\\/dodo-inflatables.com\\\/ro\\\/magazin\\\/\"},{\"@type\":\"ListItem\",\"position\":3,\"name\":\"16-Pack Huawei REH-1.5E suflante pentru castele gonflabile\"}]},{\"@type\":\"WebSite\",\"@id\":\"https:\\\/\\\/dodo-inflatables.com\\\/ro\\\/#website\",\"url\":\"https:\\\/\\\/dodo-inflatables.com\\\/ro\\\/\",\"name\":\"dodo-inflatables.com\",\"description\":\"Cump\u0103ra\u021bi castele gonflabile \u0219i atrac\u021bii din magazinul nostru.\",\"potentialAction\":[{\"@type\":\"SearchAction\",\"target\":{\"@type\":\"EntryPoint\",\"urlTemplate\":\"https:\\\/\\\/dodo-inflatables.com\\\/ro\\\/?s={search_term_string}\"},\"query-input\":{\"@type\":\"PropertyValueSpecification\",\"valueRequired\":true,\"valueName\":\"search_term_string\"}}],\"inLanguage\":\"ro-RO\"}]}<\/script>\n<!-- \/ Yoast SEO plugin. -->","yoast_head_json":{"title":"16-Pack Huawei REH-1.5E suflante pentru castele gonflabile | Dodo Inflatables","description":"16-Pack Huawei REH-1.5E suflante pentru castele gonflabile \u2013 1,5 HP, 85 dB, diametrul p\u00e2lniei 14,5 cm. Pachet de valoare ideal pentru firmele de \u00eenchiriere cu flote mai mari de castele gonflabile.","robots":{"index":"index","follow":"follow","max-snippet":"max-snippet:-1","max-image-preview":"max-image-preview:large","max-video-preview":"max-video-preview:-1"},"canonical":"https:\/\/dodo-inflatables.com\/ro\/produs\/16-pack-huawei-reh-1-5e-suflante-pentru-castele-gonflabile\/","twitter_misc":{"Timp estimat pentru citire":"1 minut"},"schema":{"@context":"https:\/\/schema.org","@graph":[{"@type":"WebPage","@id":"https:\/\/dodo-inflatables.com\/ro\/produs\/16-pack-huawei-reh-1-5e-suflante-pentru-castele-gonflabile\/","url":"https:\/\/dodo-inflatables.com\/ro\/produs\/16-pack-huawei-reh-1-5e-suflante-pentru-castele-gonflabile\/","name":"16-Pack Huawei REH-1.5E suflante pentru castele gonflabile | Dodo Inflatables","isPartOf":{"@id":"https:\/\/dodo-inflatables.com\/ro\/#website"},"primaryImageOfPage":{"@id":"https:\/\/dodo-inflatables.com\/ro\/produs\/16-pack-huawei-reh-1-5e-suflante-pentru-castele-gonflabile\/#primaryimage"},"image":{"@id":"https:\/\/dodo-inflatables.com\/ro\/produs\/16-pack-huawei-reh-1-5e-suflante-pentru-castele-gonflabile\/#primaryimage"},"thumbnailUrl":"https:\/\/dodo-inflatables.com\/wp-content\/uploads\/2026\/04\/huawei-huepfburg-geblaese-kaufen.jpg","datePublished":"2026-04-04T11:54:46+00:00","description":"16-Pack Huawei REH-1.5E suflante pentru castele gonflabile \u2013 1,5 HP, 85 dB, diametrul p\u00e2lniei 14,5 cm. Pachet de valoare ideal pentru firmele de \u00eenchiriere cu flote mai mari de castele gonflabile.","breadcrumb":{"@id":"https:\/\/dodo-inflatables.com\/ro\/produs\/16-pack-huawei-reh-1-5e-suflante-pentru-castele-gonflabile\/#breadcrumb"},"inLanguage":"ro-RO","potentialAction":[{"@type":"ReadAction","target":["https:\/\/dodo-inflatables.com\/ro\/produs\/16-pack-huawei-reh-1-5e-suflante-pentru-castele-gonflabile\/"]}]},{"@type":"ImageObject","inLanguage":"ro-RO","@id":"https:\/\/dodo-inflatables.com\/ro\/produs\/16-pack-huawei-reh-1-5e-suflante-pentru-castele-gonflabile\/#primaryimage","url":"https:\/\/dodo-inflatables.com\/wp-content\/uploads\/2026\/04\/huawei-huepfburg-geblaese-kaufen.jpg","contentUrl":"https:\/\/dodo-inflatables.com\/wp-content\/uploads\/2026\/04\/huawei-huepfburg-geblaese-kaufen.jpg","width":1000,"height":1000,"caption":"16-Pack Huawei REH-1.5E suflante pentru castele gonflabile | Dodo Inflatables"},{"@type":"BreadcrumbList","@id":"https:\/\/dodo-inflatables.com\/ro\/produs\/16-pack-huawei-reh-1-5e-suflante-pentru-castele-gonflabile\/#breadcrumb","itemListElement":[{"@type":"ListItem","position":1,"name":"Prima pagin\u0103","item":"https:\/\/dodo-inflatables.com\/ro\/"},{"@type":"ListItem","position":2,"name":"Magazin","item":"https:\/\/dodo-inflatables.com\/ro\/magazin\/"},{"@type":"ListItem","position":3,"name":"16-Pack Huawei REH-1.5E suflante pentru castele gonflabile"}]},{"@type":"WebSite","@id":"https:\/\/dodo-inflatables.com\/ro\/#website","url":"https:\/\/dodo-inflatables.com\/ro\/","name":"dodo-inflatables.com","description":"Cump\u0103ra\u021bi castele gonflabile \u0219i atrac\u021bii din magazinul nostru.","potentialAction":[{"@type":"SearchAction","target":{"@type":"EntryPoint","urlTemplate":"https:\/\/dodo-inflatables.com\/ro\/?s={search_term_string}"},"query-input":{"@type":"PropertyValueSpecification","valueRequired":true,"valueName":"search_term_string"}}],"inLanguage":"ro-RO"}]}},"uagb_featured_image_src":{"full":["https:\/\/dodo-inflatables.com\/wp-content\/uploads\/2026\/04\/huawei-huepfburg-geblaese-kaufen.jpg",1000,1000,false],"thumbnail":["https:\/\/dodo-inflatables.com\/wp-content\/uploads\/2026\/04\/huawei-huepfburg-geblaese-kaufen-150x150.jpg",150,150,true],"medium":["https:\/\/dodo-inflatables.com\/wp-content\/uploads\/2026\/04\/huawei-huepfburg-geblaese-kaufen-300x300.jpg",300,300,true],"medium_large":["https:\/\/dodo-inflatables.com\/wp-content\/uploads\/2026\/04\/huawei-huepfburg-geblaese-kaufen-768x768.jpg",768,768,true],"large":["https:\/\/dodo-inflatables.com\/wp-content\/uploads\/2026\/04\/huawei-huepfburg-geblaese-kaufen.jpg",1000,1000,false],"1536x1536":["https:\/\/dodo-inflatables.com\/wp-content\/uploads\/2026\/04\/huawei-huepfburg-geblaese-kaufen.jpg",1000,1000,false],"2048x2048":["https:\/\/dodo-inflatables.com\/wp-content\/uploads\/2026\/04\/huawei-huepfburg-geblaese-kaufen.jpg",1000,1000,false],"woocommerce_thumbnail":["https:\/\/dodo-inflatables.com\/wp-content\/uploads\/2026\/04\/huawei-huepfburg-geblaese-kaufen-900x900.jpg",900,900,true],"woocommerce_single":["https:\/\/dodo-inflatables.com\/wp-content\/uploads\/2026\/04\/huawei-huepfburg-geblaese-kaufen-900x900.jpg",900,900,true],"woocommerce_gallery_thumbnail":["https:\/\/dodo-inflatables.com\/wp-content\/uploads\/2026\/04\/huawei-huepfburg-geblaese-kaufen-100x100.jpg",100,100,true]},"uagb_author_info":{"display_name":"Andreas","author_link":"https:\/\/dodo-inflatables.com\/ro\/author\/"},"uagb_comment_info":0,"uagb_excerpt":"Detalii produs (per suflant\u0103): - Material: carcas\u0103 din plastic de \u00eenalt\u0103 calitate - Putere: 1,35 kW (ie\u0219ire), 1,8 kW (intrare), 1,5 HP - Conexiune: \u0219techer Schuko - Diametrul p\u00e2lniei: 14,5 cm - Dimensiuni: 49 x 38,5 x 49,5 cm - Greutate: 16,8 kg - Nivel de zgomot: 85 dB - Nr. de \u00eenregistrare WEEE: DE&hellip;","_links":{"self":[{"href":"https:\/\/dodo-inflatables.com\/ro\/wp-json\/wp\/v2\/product\/105766","targetHints":{"allow":["GET"]}}],"collection":[{"href":"https:\/\/dodo-inflatables.com\/ro\/wp-json\/wp\/v2\/product"}],"about":[{"href":"https:\/\/dodo-inflatables.com\/ro\/wp-json\/wp\/v2\/types\/product"}],"replies":[{"embeddable":true,"href":"https:\/\/dodo-inflatables.com\/ro\/wp-json\/wp\/v2\/comments?post=105766"}],"wp:featuredmedia":[{"embeddable":true,"href":"https:\/\/dodo-inflatables.com\/ro\/wp-json\/wp\/v2\/media\/105765"}],"wp:attachment":[{"href":"https:\/\/dodo-inflatables.com\/ro\/wp-json\/wp\/v2\/media?parent=105766"}],"wp:term":[{"taxonomy":"product_brand","embeddable":true,"href":"https:\/\/dodo-inflatables.com\/ro\/wp-json\/wp\/v2\/product_brand?post=105766"},{"taxonomy":"product_cat","embeddable":true,"href":"https:\/\/dodo-inflatables.com\/ro\/wp-json\/wp\/v2\/product_cat?post=105766"},{"taxonomy":"product_tag","embeddable":true,"href":"https:\/\/dodo-inflatables.com\/ro\/wp-json\/wp\/v2\/product_tag?post=105766"}],"curies":[{"name":"wp","href":"https:\/\/api.w.org\/{rel}","templated":true}]}}